{"id":685,"date":"2024-01-23T22:09:12","date_gmt":"2024-01-23T22:09:12","guid":{"rendered":"https:\/\/livegood.network\/shop\/?post_type=product&#038;p=685"},"modified":"2024-01-23T22:09:14","modified_gmt":"2024-01-23T22:09:14","slug":"livegood-polos-vi","status":"publish","type":"product","link":"https:\/\/livegood.network\/shop\/vi\/product\/livegood-polos-vi\/","title":{"rendered":"LiveGood Polos"},"content":{"rendered":"<p><strong><span>B\u00e0i thuy\u1ebft tr\u00ecnh \u0111\u1ed9c quy\u1ec1n: \u00c1o s\u01a1 mi Polo th\u1ec3 ch\u1ebf LiveGood \u2013 H\u00e3y c\u1ed1ng hi\u1ebfn h\u1ebft m\u00ecnh!<\/span><\/strong><\/p>\n<p><span>Xin ch\u00e0o kh\u00e1ch h\u00e0ng,<\/span><\/p>\n<p><span>B\u01b0\u1edbc v\u00e0o v\u01b0\u01a1ng qu\u1ed1c c\u1ee7a s\u1ef1 tinh t\u1ebf v\u00e0 kh\u1ecfe m\u1ea1nh v\u1edbi \u00c1o s\u01a1 mi Polo th\u1ec3 ch\u1ebf c\u1ee7a LiveGood &#8211; n\u01a1i phong c\u00e1ch \u0111\u00e1p \u1ee9ng s\u1ef1 t\u1eadn t\u00e2m.\u00a0\u00c1o s\u01a1 mi Polo c\u1ee7a ch\u00fang t\u00f4i kh\u00f4ng ch\u1ec9 l\u00e0 h\u00e0ng may m\u1eb7c;\u00a0ch\u00fang l\u00e0 s\u1ef1 th\u1ec3 hi\u1ec7n m\u1ea1nh m\u1ebd s\u1ef1 ng\u01b0\u1ee1ng m\u1ed9 v\u00e0 cam k\u1ebft c\u1ee7a b\u1ea1n \u0111\u1ed1i v\u1edbi l\u1ed1i s\u1ed1ng LiveGood.<\/span><\/p>\n<p><strong><span>T\u1ea1i sao n\u00ean ch\u1ecdn \u00e1o s\u01a1 mi Polo t\u1ed5 ch\u1ee9c LiveGood?<\/span><\/strong><\/p>\n<ol>\n<li><strong><span>Phong c\u00e1ch n\u00e2ng cao:<\/span><\/strong><span>\u00a0\u0110\u01b0\u1ee3c thi\u1ebft k\u1ebf v\u1edbi n\u00e9t sang tr\u1ecdng, \u00c1o s\u01a1 mi Polo c\u1ee7a ch\u00fang t\u00f4i k\u1ebft h\u1ee3p ho\u00e0n h\u1ea3o gi\u1eefa th\u1eddi trang v\u1edbi \u0111\u1eb7c t\u00ednh c\u1ee7a LiveGood.\u00a0N\u00f3 kh\u00f4ng ch\u1ec9 l\u00e0 m\u1ed9t chi\u1ebfc \u00e1o s\u01a1 mi;\u00a0\u0111\u00f3 l\u00e0 m\u1ed9t ph\u1ea7n tuy\u00ean b\u1ed1.<\/span><\/li>\n<li><strong><span>Ch\u1ea5t l\u01b0\u1ee3ng cao c\u1ea5p:<\/span><\/strong><span>\u00a0\u0110\u01b0\u1ee3c ch\u1ebf t\u1ea1o t\u1eeb nh\u1eefng ch\u1ea5t li\u1ec7u t\u1ed1t nh\u1ea5t, \u00c1o s\u01a1 mi Polo c\u1ee7a ch\u00fang t\u00f4i \u0111\u1ea3m b\u1ea3o mang l\u1ea1i c\u1ea3m gi\u00e1c tho\u1ea3i m\u00e1i v\u00e0 sang tr\u1ecdng.\u00a0Ch\u1ea5t l\u01b0\u1ee3ng kh\u00f4ng ph\u1ea3i l\u00e0 m\u1ed9t l\u1ef1a ch\u1ecdn;\u00a0\u0110\u00f3 l\u00e0 m\u1ed9t l\u1eddi h\u1ee9a.<\/span><\/li>\n<li><strong><span>Th\u01b0\u01a1ng hi\u1ec7u \u0111\u1eb7c tr\u01b0ng:<\/span><\/strong><span>\u00a0\u0110\u01b0\u1ee3c trang tr\u00ed b\u1eb1ng logo LiveGood mang t\u00ednh bi\u1ec3u t\u01b0\u1ee3ng, m\u1ed7i chi\u1ebfc \u00e1o Polo l\u00e0 bi\u1ec3u t\u01b0\u1ee3ng cho l\u00f2ng trung th\u00e0nh c\u1ee7a b\u1ea1n v\u1edbi m\u1ed9t cu\u1ed9c s\u1ed1ng t\u1ed1t \u0111\u1eb9p v\u00e0 \u0111\u01b0\u1ee3c t\u00f4n vinh.<\/span><\/li>\n<\/ol>\n<p><strong><span>\u00c1o polo c\u1ee7a b\u1ea1n t\u01b0\u1ee3ng tr\u01b0ng cho \u0111i\u1ec1u g\u00ec?<\/span><\/strong><\/p>\n<p><span>L\u1ef1a ch\u1ecdn \u00c1o Polo LiveGood Institutional kh\u00f4ng ch\u1ec9 \u0111\u01a1n thu\u1ea7n l\u00e0 s\u1ef1 l\u1ef1a ch\u1ecdn th\u1eddi trang;\u00a0\u0111\u00f3 l\u00e0 minh ch\u1ee9ng cho cam k\u1ebft c\u1ee7a b\u1ea1n \u0111\u1ed1i v\u1edbi m\u1ed9t l\u1ed1i s\u1ed1ng \u01b0u ti\u00ean h\u1ea1nh ph\u00fac, s\u1ef1 t\u00edch c\u1ef1c v\u00e0 s\u1ee9c s\u1ed1ng.<\/span><\/p>\n<blockquote>\n<h5><span>\u00c1o s\u01a1 mi Polo th\u1ec3 ch\u1ebf LiveGood kh\u00f4ng ch\u1ec9 l\u00e0 trang ph\u1ee5c;\u00a0\u0111\u00f3 l\u00e0 bi\u1ec3u t\u01b0\u1ee3ng cho s\u1ef1 li\u00ean k\u1ebft c\u1ee7a b\u1ea1n v\u1edbi m\u1ed9t c\u1ed9ng \u0111\u1ed3ng t\u1eadn t\u00e2m theo \u0111u\u1ed5i l\u1ed1i s\u1ed1ng to\u00e0n di\u1ec7n v\u00e0 th\u1ecbnh v\u01b0\u1ee3ng.<\/span><\/h5>\n<\/blockquote>\n<p><em><strong><span>H\u00e3y c\u00f9ng ch\u00fang t\u00f4i s\u1ed1ng t\u1ed1t, s\u1ed1ng LiveGood!<\/span><\/strong><\/em><\/p>\n<p><span>Tr\u00e2n tr\u1ecdng,<\/span><\/p>\n","protected":false},"excerpt":{"rendered":"<p><img decoding=\"async\" class=\"emoji\" role=\"img\" draggable=\"false\" src=\"https:\/\/s.w.org\/images\/core\/emoji\/14.0.0\/svg\/1f49a.svg\" alt=\"????\" \/><span>Nhi\u1ec1u m\u1eabu m\u00e3 kh\u00e1c nhau<\/span><br \/>\n<img decoding=\"async\" class=\"emoji\" role=\"img\" draggable=\"false\" src=\"https:\/\/s.w.org\/images\/core\/emoji\/14.0.0\/svg\/1f49a.svg\" alt=\"????\" \/><span>Th\u1ec3 hi\u1ec7n t\u00ecnh y\u00eau v\u1edbi LiveGooD!<\/span><\/p>\n<h6><span>K\u00edch th\u01b0\u1edbc c\u00f3 s\u1eb5n:<\/span><\/h6>\n<ul>\n<li><label for=\"54\">S<\/label><\/li>\n<li><label for=\"55\">M<\/label><\/li>\n<li><label for=\"56\">L<\/label><\/li>\n<li><label for=\"57\">XL<\/label><\/li>\n<li><label for=\"58\">XXL<\/label><\/li>\n<\/ul>\n","protected":false},"featured_media":312,"comment_status":"open","ping_status":"closed","template":"","meta":[],"product_brand":[],"product_cat":[186,142],"product_tag":[],"class_list":{"0":"post-685","1":"product","2":"type-product","3":"status-publish","4":"has-post-thumbnail","6":"product_cat-men-vi","7":"product_cat-accessories-vi","9":"first","10":"instock","11":"shipping-taxable","12":"product-type-external"},"yoast_head":"<!-- This site is optimized with the Yoast SEO Premium plugin v20.6 (Yoast SEO v21.8.1) - https:\/\/yoast.com\/wordpress\/plugins\/seo\/ -->\n<title>LiveGood Polos - LiveGooD Shop<\/title>\n<meta name=\"robots\" content=\"index, follow, max-snippet:-1, max-image-preview:large, max-video-preview:-1\" \/>\n<link rel=\"canonical\" href=\"https:\/\/livegood.network\/shop\/vi\/product\/livegood-polos-vi\/\" \/>\n<meta property=\"og:locale\" content=\"en_US\" \/>\n<meta property=\"og:type\" content=\"article\" \/>\n<meta property=\"og:title\" content=\"LiveGood Polos\" \/>\n<meta property=\"og:description\" content=\"Nhi\u1ec1u m\u1eabu m\u00e3 kh\u00e1c nhau Th\u1ec3 hi\u1ec7n t\u00ecnh y\u00eau v\u1edbi LiveGooD! K\u00edch th\u01b0\u1edbc c\u00f3 s\u1eb5n:   S  M  L  XL  XXL\" \/>\n<meta property=\"og:url\" content=\"https:\/\/livegood.network\/shop\/vi\/product\/livegood-polos-vi\/\" \/>\n<meta property=\"article:publisher\" content=\"https:\/\/www.facebook.com\/livegoodhello\" \/>\n<meta property=\"article:modified_time\" content=\"2024-01-23T22:09:14+00:00\" \/>\n<meta property=\"og:image\" content=\"https:\/\/livegood.network\/shop\/wp-content\/uploads\/2024\/01\/polo-shirts-livegood.png\" \/>\n\t<meta property=\"og:image:width\" content=\"1000\" \/>\n\t<meta property=\"og:image:height\" content=\"1000\" \/>\n\t<meta property=\"og:image:type\" content=\"image\/png\" \/>\n<meta name=\"twitter:card\" content=\"summary_large_image\" \/>\n<meta name=\"twitter:label1\" content=\"Est. reading time\" \/>\n\t<meta name=\"twitter:data1\" content=\"2 minutes\" \/>\n<script type=\"application\/ld+json\" class=\"yoast-schema-graph\">{\"@context\":\"https:\/\/schema.org\",\"@graph\":[{\"@type\":\"WebPage\",\"@id\":\"https:\/\/livegood.network\/shop\/vi\/product\/livegood-polos-vi\/\",\"url\":\"https:\/\/livegood.network\/shop\/vi\/product\/livegood-polos-vi\/\",\"name\":\"LiveGood Polos - LiveGooD Shop\",\"isPartOf\":{\"@id\":\"https:\/\/livegood.network\/shop\/#website\"},\"datePublished\":\"2024-01-23T22:09:12+00:00\",\"dateModified\":\"2024-01-23T22:09:14+00:00\",\"breadcrumb\":{\"@id\":\"https:\/\/livegood.network\/shop\/vi\/product\/livegood-polos-vi\/#breadcrumb\"},\"inLanguage\":\"en-US\",\"potentialAction\":[{\"@type\":\"ReadAction\",\"target\":[\"https:\/\/livegood.network\/shop\/vi\/product\/livegood-polos-vi\/\"]}]},{\"@type\":\"BreadcrumbList\",\"@id\":\"https:\/\/livegood.network\/shop\/vi\/product\/livegood-polos-vi\/#breadcrumb\",\"itemListElement\":[{\"@type\":\"ListItem\",\"position\":1,\"name\":\"Home\",\"item\":\"https:\/\/livegood.network\/shop\/pt-br\/\"},{\"@type\":\"ListItem\",\"position\":2,\"name\":\"Shop\",\"item\":\"https:\/\/livegood.network\/shop\/shop\/\"},{\"@type\":\"ListItem\",\"position\":3,\"name\":\"LiveGood Polos\"}]},{\"@type\":\"WebSite\",\"@id\":\"https:\/\/livegood.network\/shop\/#website\",\"url\":\"https:\/\/livegood.network\/shop\/\",\"name\":\"LiveGooD Shop\",\"description\":\"\",\"publisher\":{\"@id\":\"https:\/\/livegood.network\/shop\/#organization\"},\"potentialAction\":[{\"@type\":\"SearchAction\",\"target\":{\"@type\":\"EntryPoint\",\"urlTemplate\":\"https:\/\/livegood.network\/shop\/?s={search_term_string}\"},\"query-input\":\"required name=search_term_string\"}],\"inLanguage\":\"en-US\"},{\"@type\":\"Organization\",\"@id\":\"https:\/\/livegood.network\/shop\/#organization\",\"name\":\"LiveGooD\",\"url\":\"https:\/\/livegood.network\/shop\/\",\"logo\":{\"@type\":\"ImageObject\",\"inLanguage\":\"en-US\",\"@id\":\"https:\/\/livegood.network\/shop\/#\/schema\/logo\/image\/\",\"url\":\"https:\/\/livegood.network\/shop\/wp-content\/uploads\/2024\/01\/logo-livegood-shop-main.png\",\"contentUrl\":\"https:\/\/livegood.network\/shop\/wp-content\/uploads\/2024\/01\/logo-livegood-shop-main.png\",\"width\":373,\"height\":115,\"caption\":\"LiveGooD\"},\"image\":{\"@id\":\"https:\/\/livegood.network\/shop\/#\/schema\/logo\/image\/\"},\"sameAs\":[\"https:\/\/www.facebook.com\/livegoodhello\"]}]}<\/script>\n<!-- \/ Yoast SEO Premium plugin. -->","yoast_head_json":{"title":"LiveGood Polos - LiveGooD Shop","robots":{"index":"index","follow":"follow","max-snippet":"max-snippet:-1","max-image-preview":"max-image-preview:large","max-video-preview":"max-video-preview:-1"},"canonical":"https:\/\/livegood.network\/shop\/vi\/product\/livegood-polos-vi\/","og_locale":"en_US","og_type":"article","og_title":"LiveGood Polos","og_description":"Nhi\u1ec1u m\u1eabu m\u00e3 kh\u00e1c nhau Th\u1ec3 hi\u1ec7n t\u00ecnh y\u00eau v\u1edbi LiveGooD! K\u00edch th\u01b0\u1edbc c\u00f3 s\u1eb5n:   S  M  L  XL  XXL","og_url":"https:\/\/livegood.network\/shop\/vi\/product\/livegood-polos-vi\/","article_publisher":"https:\/\/www.facebook.com\/livegoodhello","article_modified_time":"2024-01-23T22:09:14+00:00","og_image":[{"width":1000,"height":1000,"url":"https:\/\/livegood.network\/shop\/wp-content\/uploads\/2024\/01\/polo-shirts-livegood.png","type":"image\/png"}],"twitter_card":"summary_large_image","twitter_misc":{"Est. reading time":"2 minutes"},"schema":{"@context":"https:\/\/schema.org","@graph":[{"@type":"WebPage","@id":"https:\/\/livegood.network\/shop\/vi\/product\/livegood-polos-vi\/","url":"https:\/\/livegood.network\/shop\/vi\/product\/livegood-polos-vi\/","name":"LiveGood Polos - LiveGooD Shop","isPartOf":{"@id":"https:\/\/livegood.network\/shop\/#website"},"datePublished":"2024-01-23T22:09:12+00:00","dateModified":"2024-01-23T22:09:14+00:00","breadcrumb":{"@id":"https:\/\/livegood.network\/shop\/vi\/product\/livegood-polos-vi\/#breadcrumb"},"inLanguage":"en-US","potentialAction":[{"@type":"ReadAction","target":["https:\/\/livegood.network\/shop\/vi\/product\/livegood-polos-vi\/"]}]},{"@type":"BreadcrumbList","@id":"https:\/\/livegood.network\/shop\/vi\/product\/livegood-polos-vi\/#breadcrumb","itemListElement":[{"@type":"ListItem","position":1,"name":"Home","item":"https:\/\/livegood.network\/shop\/pt-br\/"},{"@type":"ListItem","position":2,"name":"Shop","item":"https:\/\/livegood.network\/shop\/shop\/"},{"@type":"ListItem","position":3,"name":"LiveGood Polos"}]},{"@type":"WebSite","@id":"https:\/\/livegood.network\/shop\/#website","url":"https:\/\/livegood.network\/shop\/","name":"LiveGooD Shop","description":"","publisher":{"@id":"https:\/\/livegood.network\/shop\/#organization"},"potentialAction":[{"@type":"SearchAction","target":{"@type":"EntryPoint","urlTemplate":"https:\/\/livegood.network\/shop\/?s={search_term_string}"},"query-input":"required name=search_term_string"}],"inLanguage":"en-US"},{"@type":"Organization","@id":"https:\/\/livegood.network\/shop\/#organization","name":"LiveGooD","url":"https:\/\/livegood.network\/shop\/","logo":{"@type":"ImageObject","inLanguage":"en-US","@id":"https:\/\/livegood.network\/shop\/#\/schema\/logo\/image\/","url":"https:\/\/livegood.network\/shop\/wp-content\/uploads\/2024\/01\/logo-livegood-shop-main.png","contentUrl":"https:\/\/livegood.network\/shop\/wp-content\/uploads\/2024\/01\/logo-livegood-shop-main.png","width":373,"height":115,"caption":"LiveGooD"},"image":{"@id":"https:\/\/livegood.network\/shop\/#\/schema\/logo\/image\/"},"sameAs":["https:\/\/www.facebook.com\/livegoodhello"]}]}},"lang":"vi","translations":{"vi":685,"en-us":311,"fr-fr":682,"es-es":684,"pt-pt":681,"ru-ru":686,"pt-br":680,"ko":687},"pll_sync_post":[],"_links":{"self":[{"href":"https:\/\/livegood.network\/shop\/wp-json\/wp\/v2\/product\/685","targetHints":{"allow":["GET"]}}],"collection":[{"href":"https:\/\/livegood.network\/shop\/wp-json\/wp\/v2\/product"}],"about":[{"href":"https:\/\/livegood.network\/shop\/wp-json\/wp\/v2\/types\/product"}],"replies":[{"embeddable":true,"href":"https:\/\/livegood.network\/shop\/wp-json\/wp\/v2\/comments?post=685"}],"version-history":[{"count":0,"href":"https:\/\/livegood.network\/shop\/wp-json\/wp\/v2\/product\/685\/revisions"}],"wp:featuredmedia":[{"embeddable":true,"href":"https:\/\/livegood.network\/shop\/wp-json\/wp\/v2\/media\/312"}],"wp:attachment":[{"href":"https:\/\/livegood.network\/shop\/wp-json\/wp\/v2\/media?parent=685"}],"wp:term":[{"taxonomy":"product_brand","embeddable":true,"href":"https:\/\/livegood.network\/shop\/wp-json\/wp\/v2\/product_brand?post=685"},{"taxonomy":"product_cat","embeddable":true,"href":"https:\/\/livegood.network\/shop\/wp-json\/wp\/v2\/product_cat?post=685"},{"taxonomy":"product_tag","embeddable":true,"href":"https:\/\/livegood.network\/shop\/wp-json\/wp\/v2\/product_tag?post=685"}],"curies":[{"name":"wp","href":"https:\/\/api.w.org\/{rel}","templated":true}]}}