{"id":697,"date":"2024-01-23T22:31:43","date_gmt":"2024-01-23T22:31:43","guid":{"rendered":"https:\/\/livegood.network\/shop\/?post_type=product&#038;p=697"},"modified":"2024-01-23T22:31:44","modified_gmt":"2024-01-23T22:31:44","slug":"shaker-bottle-fr-fr","status":"publish","type":"product","link":"https:\/\/livegood.network\/shop\/fr-fr\/product\/shaker-bottle-fr-fr\/","title":{"rendered":"Shaker Bouteille"},"content":{"rendered":"<p><strong><span>Pr\u00e9sentation exclusive : Bouteille shaker institutionnelle LiveGood \u2013 \u00c9levez votre d\u00e9votion !<\/span><\/strong><\/p>\n<p><em><span>Bonjour client,<\/span><\/em><\/p>\n<p><em><span>Nous sommes ravis de d\u00e9voiler un nouvel ajout \u00e0 la famille LiveGood : notre bouteille shaker institutionnelle\u00a0!\u00a0Con\u00e7ue pour nos passionn\u00e9s d\u00e9vou\u00e9s, cette bouteille shaker est plus qu\u2019un simple article utilitaire\u00a0;\u00a0c&#8217;est un symbole de votre d\u00e9vouement et de votre admiration pour la marque LiveGood.<\/span><\/em><\/p>\n<p><strong><span>Pourquoi adopter la bouteille shaker institutionnelle LiveGood\u00a0?<\/span><\/strong><\/p>\n<ol>\n<li><strong><span>Con\u00e7u pour les passionn\u00e9s :<\/span><\/strong><span>\u00a0chaque aspect de notre bouteille shaker est m\u00e9ticuleusement con\u00e7u pour incarner l&#8217;esprit de LiveGood, refl\u00e9tant votre engagement envers un mode de vie sain et sain.<\/span><\/li>\n<li><strong><span>Fonctionnalit\u00e9 \u00e9l\u00e9gante :<\/span><\/strong><span>\u00a0avec un design \u00e9l\u00e9gant et le logo embl\u00e9matique LiveGood, notre bouteille Shaker allie harmonieusement style et fonctionnalit\u00e9, ce qui en fait un accessoire essentiel pour votre routine de remise en forme.<\/span><\/li>\n<li><strong><span>Artisanat de qualit\u00e9 :<\/span><\/strong><span>\u00a0construite avec des mat\u00e9riaux durables de qualit\u00e9 sup\u00e9rieure, notre bouteille shaker t\u00e9moigne de l&#8217;engagement de LiveGood envers la qualit\u00e9.\u00a0Ce n&#8217;est pas seulement une bouteille ;\u00a0c&#8217;est un compagnon durable dans votre voyage vers le bien-\u00eatre.<\/span><\/li>\n<\/ol>\n<p><strong><span>Que repr\u00e9sente votre bouteille shaker ?<\/span><\/strong><\/p>\n<p><span>Choisir la bouteille shaker institutionnelle LiveGood est une d\u00e9claration \u2013 une d\u00e9claration selon laquelle votre d\u00e9vouement \u00e0 une vie dynamique et saine est in\u00e9branlable.<\/span><\/p>\n<blockquote>\n<h5><span>La bouteille shaker institutionnelle LiveGood n\u2019est pas seulement un accessoire ;\u00a0c&#8217;est un symbole de votre appartenance \u00e0 une communaut\u00e9 d\u00e9di\u00e9e \u00e0 la recherche incessante du bien-\u00eatre.\u00a0Venez nous rejoindre dans ce voyage !<\/span><\/h5>\n<\/blockquote>\n<p><em><strong><span>Rejoignez-nous, vivez bien, vivez LiveGood\u00a0!<\/span><\/strong><\/em><\/p>\n<p><span>Cordialement,<\/span><\/p>\n","protected":false},"excerpt":{"rendered":"<p><img decoding=\"async\" class=\"emoji\" role=\"img\" draggable=\"false\" src=\"https:\/\/s.w.org\/images\/core\/emoji\/14.0.0\/svg\/1f49a.svg\" alt=\"????\" \/><span>Diff\u00e9rents mod\u00e8les<\/span><br \/>\n<img decoding=\"async\" class=\"emoji\" role=\"img\" draggable=\"false\" src=\"https:\/\/s.w.org\/images\/core\/emoji\/14.0.0\/svg\/1f49a.svg\" alt=\"????\" \/><span>Montrez votre amour \u00e0 LiveGooD\u00a0!<\/span><\/p>\n<p><span>Bouteille shaker 5 pi\u00e8ces<\/span><\/p>\n","protected":false},"featured_media":310,"comment_status":"open","ping_status":"closed","template":"","meta":[],"product_brand":[],"product_cat":[144],"product_tag":[3871],"class_list":{"0":"post-697","1":"product","2":"type-product","3":"status-publish","4":"has-post-thumbnail","6":"product_cat-accessories-fr-fr","7":"product_tag-for-everyone-fr-fr","9":"first","10":"instock","11":"shipping-taxable","12":"product-type-external"},"yoast_head":"<!-- This site is optimized with the Yoast SEO Premium plugin v20.6 (Yoast SEO v21.8.1) - https:\/\/yoast.com\/wordpress\/plugins\/seo\/ -->\n<title>Shaker Bouteille - LiveGooD Shop<\/title>\n<meta name=\"robots\" content=\"index, follow, max-snippet:-1, max-image-preview:large, max-video-preview:-1\" \/>\n<link rel=\"canonical\" href=\"https:\/\/livegood.network\/shop\/fr-fr\/product\/shaker-bottle-fr-fr\/\" \/>\n<meta property=\"og:locale\" content=\"en_US\" \/>\n<meta property=\"og:type\" content=\"article\" \/>\n<meta property=\"og:title\" content=\"Shaker Bouteille\" \/>\n<meta property=\"og:description\" content=\"Diff\u00e9rents mod\u00e8les Montrez votre amour \u00e0 LiveGooD\u00a0!  Bouteille shaker 5 pi\u00e8ces\" \/>\n<meta property=\"og:url\" content=\"https:\/\/livegood.network\/shop\/fr-fr\/product\/shaker-bottle-fr-fr\/\" \/>\n<meta property=\"article:publisher\" content=\"https:\/\/www.facebook.com\/livegoodhello\" \/>\n<meta property=\"article:modified_time\" content=\"2024-01-23T22:31:44+00:00\" \/>\n<meta property=\"og:image\" content=\"https:\/\/livegood.network\/shop\/wp-content\/uploads\/2024\/01\/shaker-bottle-black-livegood.png\" \/>\n\t<meta property=\"og:image:width\" content=\"1000\" \/>\n\t<meta property=\"og:image:height\" content=\"1000\" \/>\n\t<meta property=\"og:image:type\" content=\"image\/png\" \/>\n<meta name=\"twitter:card\" content=\"summary_large_image\" \/>\n<meta name=\"twitter:label1\" content=\"Est. reading time\" \/>\n\t<meta name=\"twitter:data1\" content=\"2 minutes\" \/>\n<script type=\"application\/ld+json\" class=\"yoast-schema-graph\">{\"@context\":\"https:\/\/schema.org\",\"@graph\":[{\"@type\":\"WebPage\",\"@id\":\"https:\/\/livegood.network\/shop\/fr-fr\/product\/shaker-bottle-fr-fr\/\",\"url\":\"https:\/\/livegood.network\/shop\/fr-fr\/product\/shaker-bottle-fr-fr\/\",\"name\":\"Shaker Bouteille - LiveGooD Shop\",\"isPartOf\":{\"@id\":\"https:\/\/livegood.network\/shop\/#website\"},\"datePublished\":\"2024-01-23T22:31:43+00:00\",\"dateModified\":\"2024-01-23T22:31:44+00:00\",\"breadcrumb\":{\"@id\":\"https:\/\/livegood.network\/shop\/fr-fr\/product\/shaker-bottle-fr-fr\/#breadcrumb\"},\"inLanguage\":\"en-US\",\"potentialAction\":[{\"@type\":\"ReadAction\",\"target\":[\"https:\/\/livegood.network\/shop\/fr-fr\/product\/shaker-bottle-fr-fr\/\"]}]},{\"@type\":\"BreadcrumbList\",\"@id\":\"https:\/\/livegood.network\/shop\/fr-fr\/product\/shaker-bottle-fr-fr\/#breadcrumb\",\"itemListElement\":[{\"@type\":\"ListItem\",\"position\":1,\"name\":\"Home\",\"item\":\"https:\/\/livegood.network\/shop\/pt-br\/\"},{\"@type\":\"ListItem\",\"position\":2,\"name\":\"Shop\",\"item\":\"https:\/\/livegood.network\/shop\/shop\/\"},{\"@type\":\"ListItem\",\"position\":3,\"name\":\"Shaker Bouteille\"}]},{\"@type\":\"WebSite\",\"@id\":\"https:\/\/livegood.network\/shop\/#website\",\"url\":\"https:\/\/livegood.network\/shop\/\",\"name\":\"LiveGooD Shop\",\"description\":\"\",\"publisher\":{\"@id\":\"https:\/\/livegood.network\/shop\/#organization\"},\"potentialAction\":[{\"@type\":\"SearchAction\",\"target\":{\"@type\":\"EntryPoint\",\"urlTemplate\":\"https:\/\/livegood.network\/shop\/?s={search_term_string}\"},\"query-input\":\"required name=search_term_string\"}],\"inLanguage\":\"en-US\"},{\"@type\":\"Organization\",\"@id\":\"https:\/\/livegood.network\/shop\/#organization\",\"name\":\"LiveGooD\",\"url\":\"https:\/\/livegood.network\/shop\/\",\"logo\":{\"@type\":\"ImageObject\",\"inLanguage\":\"en-US\",\"@id\":\"https:\/\/livegood.network\/shop\/#\/schema\/logo\/image\/\",\"url\":\"https:\/\/livegood.network\/shop\/wp-content\/uploads\/2024\/01\/logo-livegood-shop-main.png\",\"contentUrl\":\"https:\/\/livegood.network\/shop\/wp-content\/uploads\/2024\/01\/logo-livegood-shop-main.png\",\"width\":373,\"height\":115,\"caption\":\"LiveGooD\"},\"image\":{\"@id\":\"https:\/\/livegood.network\/shop\/#\/schema\/logo\/image\/\"},\"sameAs\":[\"https:\/\/www.facebook.com\/livegoodhello\"]}]}<\/script>\n<!-- \/ Yoast SEO Premium plugin. -->","yoast_head_json":{"title":"Shaker Bouteille - LiveGooD Shop","robots":{"index":"index","follow":"follow","max-snippet":"max-snippet:-1","max-image-preview":"max-image-preview:large","max-video-preview":"max-video-preview:-1"},"canonical":"https:\/\/livegood.network\/shop\/fr-fr\/product\/shaker-bottle-fr-fr\/","og_locale":"en_US","og_type":"article","og_title":"Shaker Bouteille","og_description":"Diff\u00e9rents mod\u00e8les Montrez votre amour \u00e0 LiveGooD\u00a0!  Bouteille shaker 5 pi\u00e8ces","og_url":"https:\/\/livegood.network\/shop\/fr-fr\/product\/shaker-bottle-fr-fr\/","article_publisher":"https:\/\/www.facebook.com\/livegoodhello","article_modified_time":"2024-01-23T22:31:44+00:00","og_image":[{"width":1000,"height":1000,"url":"https:\/\/livegood.network\/shop\/wp-content\/uploads\/2024\/01\/shaker-bottle-black-livegood.png","type":"image\/png"}],"twitter_card":"summary_large_image","twitter_misc":{"Est. reading time":"2 minutes"},"schema":{"@context":"https:\/\/schema.org","@graph":[{"@type":"WebPage","@id":"https:\/\/livegood.network\/shop\/fr-fr\/product\/shaker-bottle-fr-fr\/","url":"https:\/\/livegood.network\/shop\/fr-fr\/product\/shaker-bottle-fr-fr\/","name":"Shaker Bouteille - LiveGooD Shop","isPartOf":{"@id":"https:\/\/livegood.network\/shop\/#website"},"datePublished":"2024-01-23T22:31:43+00:00","dateModified":"2024-01-23T22:31:44+00:00","breadcrumb":{"@id":"https:\/\/livegood.network\/shop\/fr-fr\/product\/shaker-bottle-fr-fr\/#breadcrumb"},"inLanguage":"en-US","potentialAction":[{"@type":"ReadAction","target":["https:\/\/livegood.network\/shop\/fr-fr\/product\/shaker-bottle-fr-fr\/"]}]},{"@type":"BreadcrumbList","@id":"https:\/\/livegood.network\/shop\/fr-fr\/product\/shaker-bottle-fr-fr\/#breadcrumb","itemListElement":[{"@type":"ListItem","position":1,"name":"Home","item":"https:\/\/livegood.network\/shop\/pt-br\/"},{"@type":"ListItem","position":2,"name":"Shop","item":"https:\/\/livegood.network\/shop\/shop\/"},{"@type":"ListItem","position":3,"name":"Shaker Bouteille"}]},{"@type":"WebSite","@id":"https:\/\/livegood.network\/shop\/#website","url":"https:\/\/livegood.network\/shop\/","name":"LiveGooD Shop","description":"","publisher":{"@id":"https:\/\/livegood.network\/shop\/#organization"},"potentialAction":[{"@type":"SearchAction","target":{"@type":"EntryPoint","urlTemplate":"https:\/\/livegood.network\/shop\/?s={search_term_string}"},"query-input":"required name=search_term_string"}],"inLanguage":"en-US"},{"@type":"Organization","@id":"https:\/\/livegood.network\/shop\/#organization","name":"LiveGooD","url":"https:\/\/livegood.network\/shop\/","logo":{"@type":"ImageObject","inLanguage":"en-US","@id":"https:\/\/livegood.network\/shop\/#\/schema\/logo\/image\/","url":"https:\/\/livegood.network\/shop\/wp-content\/uploads\/2024\/01\/logo-livegood-shop-main.png","contentUrl":"https:\/\/livegood.network\/shop\/wp-content\/uploads\/2024\/01\/logo-livegood-shop-main.png","width":373,"height":115,"caption":"LiveGooD"},"image":{"@id":"https:\/\/livegood.network\/shop\/#\/schema\/logo\/image\/"},"sameAs":["https:\/\/www.facebook.com\/livegoodhello"]}]}},"lang":"fr-fr","translations":{"fr-fr":697,"ko":702,"vi":699,"ru-ru":700,"en-us":309,"es-es":698,"pt-pt":696,"pt-br":695},"pll_sync_post":[],"_links":{"self":[{"href":"https:\/\/livegood.network\/shop\/wp-json\/wp\/v2\/product\/697","targetHints":{"allow":["GET"]}}],"collection":[{"href":"https:\/\/livegood.network\/shop\/wp-json\/wp\/v2\/product"}],"about":[{"href":"https:\/\/livegood.network\/shop\/wp-json\/wp\/v2\/types\/product"}],"replies":[{"embeddable":true,"href":"https:\/\/livegood.network\/shop\/wp-json\/wp\/v2\/comments?post=697"}],"version-history":[{"count":0,"href":"https:\/\/livegood.network\/shop\/wp-json\/wp\/v2\/product\/697\/revisions"}],"wp:featuredmedia":[{"embeddable":true,"href":"https:\/\/livegood.network\/shop\/wp-json\/wp\/v2\/media\/310"}],"wp:attachment":[{"href":"https:\/\/livegood.network\/shop\/wp-json\/wp\/v2\/media?parent=697"}],"wp:term":[{"taxonomy":"product_brand","embeddable":true,"href":"https:\/\/livegood.network\/shop\/wp-json\/wp\/v2\/product_brand?post=697"},{"taxonomy":"product_cat","embeddable":true,"href":"https:\/\/livegood.network\/shop\/wp-json\/wp\/v2\/product_cat?post=697"},{"taxonomy":"product_tag","embeddable":true,"href":"https:\/\/livegood.network\/shop\/wp-json\/wp\/v2\/product_tag?post=697"}],"curies":[{"name":"wp","href":"https:\/\/api.w.org\/{rel}","templated":true}]}}