{"id":699,"date":"2024-01-23T22:36:51","date_gmt":"2024-01-23T22:36:51","guid":{"rendered":"https:\/\/livegood.network\/shop\/?post_type=product&#038;p=699"},"modified":"2024-01-23T22:36:52","modified_gmt":"2024-01-23T22:36:52","slug":"shaker-bottle-vi","status":"publish","type":"product","link":"https:\/\/livegood.network\/shop\/vi\/product\/shaker-bottle-vi\/","title":{"rendered":"Shaker Chai"},"content":{"rendered":"<p><strong><span>B\u00e0i thuy\u1ebft tr\u00ecnh \u0111\u1ed9c quy\u1ec1n: B\u00ecnh l\u1eafc th\u1ec3 ch\u1ebf LiveGood \u2013 N\u00e2ng cao s\u1ef1 c\u1ed1ng hi\u1ebfn c\u1ee7a b\u1ea1n!<\/span><\/strong><\/p>\n<p><em><span>Xin ch\u00e0o kh\u00e1ch h\u00e0ng,<\/span><\/em><\/p>\n<p><em><span>Ch\u00fang t\u00f4i r\u1ea5t vui m\u1eebng \u0111\u01b0\u1ee3c gi\u1edbi thi\u1ec7u m\u1ed9t s\u1ea3n ph\u1ea9m b\u1ed5 sung m\u1edbi cho gia \u0111\u00ecnh LiveGood \u2013 B\u00ecnh l\u1eafc th\u1ec3 ch\u1ebf c\u1ee7a ch\u00fang t\u00f4i!\u00a0\u0110\u01b0\u1ee3c ch\u1ebf t\u1ea1o d\u00e0nh cho nh\u1eefng ng\u01b0\u1eddi \u0111am m\u00ea t\u1eadn t\u00e2m c\u1ee7a ch\u00fang t\u00f4i, B\u00ecnh l\u1eafc n\u00e0y kh\u00f4ng ch\u1ec9 l\u00e0 m\u1ed9t v\u1eadt d\u1ee5ng ti\u1ec7n \u00edch \u0111\u01a1n thu\u1ea7n;\u00a0\u0111\u00f3 l\u00e0 bi\u1ec3u t\u01b0\u1ee3ng cho s\u1ef1 t\u1eadn t\u00e2m v\u00e0 ng\u01b0\u1ee1ng m\u1ed9 c\u1ee7a b\u1ea1n \u0111\u1ed1i v\u1edbi th\u01b0\u01a1ng hi\u1ec7u LiveGood.<\/span><\/em><\/p>\n<p><strong><span>T\u1ea1i sao n\u00ean s\u1eed d\u1ee5ng B\u00ecnh l\u1eafc th\u1ec3 ch\u1ebf LiveGood?<\/span><\/strong><\/p>\n<ol>\n<li><strong><span>\u0110\u01b0\u1ee3c thi\u1ebft k\u1ebf d\u00e0nh cho nh\u1eefng ng\u01b0\u1eddi s\u00f9ng \u0111\u1ea1o:<\/span><\/strong><span>\u00a0M\u1ecdi kh\u00eda c\u1ea1nh c\u1ee7a B\u00ecnh l\u1eafc c\u1ee7a ch\u00fang t\u00f4i \u0111\u1ec1u \u0111\u01b0\u1ee3c ch\u1ebf t\u1ea1o t\u1ec9 m\u1ec9 \u0111\u1ec3 th\u1ec3 hi\u1ec7n tinh th\u1ea7n c\u1ee7a LiveGood, ph\u1ea3n \u00e1nh cam k\u1ebft c\u1ee7a b\u1ea1n \u0111\u1ed1i v\u1edbi m\u1ed9t l\u1ed1i s\u1ed1ng l\u00e0nh m\u1ea1nh v\u00e0 l\u00e0nh m\u1ea1nh.<\/span><\/li>\n<li><strong><span>Ch\u1ee9c n\u0103ng th\u1eddi trang:<\/span><\/strong><span>\u00a0V\u1edbi thi\u1ebft k\u1ebf \u0111\u1eb9p m\u1eaft v\u00e0 logo LiveGood mang t\u00ednh bi\u1ec3u t\u01b0\u1ee3ng, B\u00ecnh l\u1eafc c\u1ee7a ch\u00fang t\u00f4i k\u1ebft h\u1ee3p ho\u00e0n h\u1ea3o gi\u1eefa phong c\u00e1ch v\u1edbi ch\u1ee9c n\u0103ng, khi\u1ebfn n\u00f3 tr\u1edf th\u00e0nh ph\u1ee5 ki\u1ec7n thi\u1ebft y\u1ebfu cho th\u00f3i quen t\u1eadp th\u1ec3 d\u1ee5c c\u1ee7a b\u1ea1n.<\/span><\/li>\n<li><strong><span>Tay ngh\u1ec1 th\u1ee7 c\u00f4ng ch\u1ea5t l\u01b0\u1ee3ng:<\/span><\/strong><span>\u00a0\u0110\u01b0\u1ee3c ch\u1ebf t\u1ea1o b\u1eb1ng v\u1eadt li\u1ec7u cao c\u1ea5p, b\u1ec1n b\u1ec9, B\u00ecnh l\u1eafc c\u1ee7a ch\u00fang t\u00f4i l\u00e0 minh ch\u1ee9ng cho cam k\u1ebft c\u1ee7a LiveGood v\u1ec1 ch\u1ea5t l\u01b0\u1ee3ng.\u00a0N\u00f3 kh\u00f4ng ch\u1ec9 l\u00e0 m\u1ed9t c\u00e1i chai;\u00a0\u0111\u00f3 l\u00e0 ng\u01b0\u1eddi b\u1ea1n \u0111\u1ed3ng h\u00e0nh l\u00e2u d\u00e0i tr\u00ean h\u00e0nh tr\u00ecnh h\u01b0\u1edbng t\u1edbi h\u1ea1nh ph\u00fac c\u1ee7a b\u1ea1n.<\/span><\/li>\n<\/ol>\n<p><strong><span>Chai Shaker c\u1ee7a b\u1ea1n \u0111\u1ea1i di\u1ec7n cho \u0111i\u1ec1u g\u00ec?<\/span><\/strong><\/p>\n<p><span>Vi\u1ec7c l\u1ef1a ch\u1ecdn B\u00ecnh l\u1eafc th\u1ec3 ch\u1ebf LiveGood l\u00e0 m\u1ed9t l\u1eddi tuy\u00ean b\u1ed1 \u2013 l\u1eddi tuy\u00ean b\u1ed1 r\u1eb1ng s\u1ef1 c\u1ed1ng hi\u1ebfn c\u1ee7a b\u1ea1n cho m\u1ed9t cu\u1ed9c s\u1ed1ng s\u00f4i \u0111\u1ed9ng v\u00e0 kh\u1ecfe m\u1ea1nh l\u00e0 kh\u00f4ng ng\u1eebng ngh\u1ec9.<\/span><\/p>\n<blockquote>\n<h5><span>B\u00ecnh l\u1eafc th\u1ec3 ch\u1ebf LiveGood kh\u00f4ng ch\u1ec9 l\u00e0 m\u1ed9t ph\u1ee5 ki\u1ec7n;\u00a0\u0111\u00f3 l\u00e0 bi\u1ec3u t\u01b0\u1ee3ng cho th\u1ea5y b\u1ea1n thu\u1ed9c v\u1ec1 m\u1ed9t c\u1ed9ng \u0111\u1ed3ng kh\u00f4ng ng\u1eebng theo \u0111u\u1ed5i h\u1ea1nh ph\u00fac.\u00a0H\u00e3y \u0111\u1ebfn, tham gia c\u00f9ng ch\u00fang t\u00f4i tr\u00ean cu\u1ed9c h\u00e0nh tr\u00ecnh n\u00e0y!<\/span><\/h5>\n<\/blockquote>\n<p><em><strong><span>H\u00e3y tham gia c\u00f9ng ch\u00fang t\u00f4i, s\u1ed1ng t\u1ed1t, s\u1ed1ng LiveGood!<\/span><\/strong><\/em><\/p>\n<p><span>Tr\u00e2n tr\u1ecdng,<\/span><\/p>\n","protected":false},"excerpt":{"rendered":"<p><img decoding=\"async\" class=\"emoji\" role=\"img\" draggable=\"false\" src=\"https:\/\/s.w.org\/images\/core\/emoji\/14.0.0\/svg\/1f49a.svg\" alt=\"????\" \/><span>Nhi\u1ec1u m\u1eabu m\u00e3 kh\u00e1c nhau<\/span><br \/>\n<img decoding=\"async\" class=\"emoji\" role=\"img\" draggable=\"false\" src=\"https:\/\/s.w.org\/images\/core\/emoji\/14.0.0\/svg\/1f49a.svg\" alt=\"????\" \/><span>Th\u1ec3 hi\u1ec7n t\u00ecnh y\u00eau v\u1edbi LiveGooD!<\/span><\/p>\n<p><span>b\u00ecnh l\u1eafc 5 chi\u1ebfc<\/span><\/p>\n","protected":false},"featured_media":310,"comment_status":"open","ping_status":"closed","template":"","meta":[],"product_brand":[],"product_cat":[142],"product_tag":[3880],"class_list":{"0":"post-699","1":"product","2":"type-product","3":"status-publish","4":"has-post-thumbnail","6":"product_cat-accessories-vi","7":"product_tag-for-everyone-vi","9":"first","10":"instock","11":"shipping-taxable","12":"product-type-external"},"yoast_head":"<!-- This site is optimized with the Yoast SEO Premium plugin v20.6 (Yoast SEO v21.8.1) - https:\/\/yoast.com\/wordpress\/plugins\/seo\/ -->\n<title>Shaker Chai - LiveGooD Shop<\/title>\n<meta name=\"robots\" content=\"index, follow, max-snippet:-1, max-image-preview:large, max-video-preview:-1\" \/>\n<link rel=\"canonical\" href=\"https:\/\/livegood.network\/shop\/vi\/product\/shaker-bottle-vi\/\" \/>\n<meta property=\"og:locale\" content=\"en_US\" \/>\n<meta property=\"og:type\" content=\"article\" \/>\n<meta property=\"og:title\" content=\"Shaker Chai\" \/>\n<meta property=\"og:description\" content=\"Nhi\u1ec1u m\u1eabu m\u00e3 kh\u00e1c nhau Th\u1ec3 hi\u1ec7n t\u00ecnh y\u00eau v\u1edbi LiveGooD!  b\u00ecnh l\u1eafc 5 chi\u1ebfc\" \/>\n<meta property=\"og:url\" content=\"https:\/\/livegood.network\/shop\/vi\/product\/shaker-bottle-vi\/\" \/>\n<meta property=\"article:publisher\" content=\"https:\/\/www.facebook.com\/livegoodhello\" \/>\n<meta property=\"article:modified_time\" content=\"2024-01-23T22:36:52+00:00\" \/>\n<meta property=\"og:image\" content=\"https:\/\/livegood.network\/shop\/wp-content\/uploads\/2024\/01\/shaker-bottle-black-livegood.png\" \/>\n\t<meta property=\"og:image:width\" content=\"1000\" \/>\n\t<meta property=\"og:image:height\" content=\"1000\" \/>\n\t<meta property=\"og:image:type\" content=\"image\/png\" \/>\n<meta name=\"twitter:card\" content=\"summary_large_image\" \/>\n<meta name=\"twitter:label1\" content=\"Est. reading time\" \/>\n\t<meta name=\"twitter:data1\" content=\"2 minutes\" \/>\n<script type=\"application\/ld+json\" class=\"yoast-schema-graph\">{\"@context\":\"https:\/\/schema.org\",\"@graph\":[{\"@type\":\"WebPage\",\"@id\":\"https:\/\/livegood.network\/shop\/vi\/product\/shaker-bottle-vi\/\",\"url\":\"https:\/\/livegood.network\/shop\/vi\/product\/shaker-bottle-vi\/\",\"name\":\"Shaker Chai - LiveGooD Shop\",\"isPartOf\":{\"@id\":\"https:\/\/livegood.network\/shop\/#website\"},\"datePublished\":\"2024-01-23T22:36:51+00:00\",\"dateModified\":\"2024-01-23T22:36:52+00:00\",\"breadcrumb\":{\"@id\":\"https:\/\/livegood.network\/shop\/vi\/product\/shaker-bottle-vi\/#breadcrumb\"},\"inLanguage\":\"en-US\",\"potentialAction\":[{\"@type\":\"ReadAction\",\"target\":[\"https:\/\/livegood.network\/shop\/vi\/product\/shaker-bottle-vi\/\"]}]},{\"@type\":\"BreadcrumbList\",\"@id\":\"https:\/\/livegood.network\/shop\/vi\/product\/shaker-bottle-vi\/#breadcrumb\",\"itemListElement\":[{\"@type\":\"ListItem\",\"position\":1,\"name\":\"Home\",\"item\":\"https:\/\/livegood.network\/shop\/pt-br\/\"},{\"@type\":\"ListItem\",\"position\":2,\"name\":\"Shop\",\"item\":\"https:\/\/livegood.network\/shop\/shop\/\"},{\"@type\":\"ListItem\",\"position\":3,\"name\":\"Shaker Chai\"}]},{\"@type\":\"WebSite\",\"@id\":\"https:\/\/livegood.network\/shop\/#website\",\"url\":\"https:\/\/livegood.network\/shop\/\",\"name\":\"LiveGooD Shop\",\"description\":\"\",\"publisher\":{\"@id\":\"https:\/\/livegood.network\/shop\/#organization\"},\"potentialAction\":[{\"@type\":\"SearchAction\",\"target\":{\"@type\":\"EntryPoint\",\"urlTemplate\":\"https:\/\/livegood.network\/shop\/?s={search_term_string}\"},\"query-input\":\"required name=search_term_string\"}],\"inLanguage\":\"en-US\"},{\"@type\":\"Organization\",\"@id\":\"https:\/\/livegood.network\/shop\/#organization\",\"name\":\"LiveGooD\",\"url\":\"https:\/\/livegood.network\/shop\/\",\"logo\":{\"@type\":\"ImageObject\",\"inLanguage\":\"en-US\",\"@id\":\"https:\/\/livegood.network\/shop\/#\/schema\/logo\/image\/\",\"url\":\"https:\/\/livegood.network\/shop\/wp-content\/uploads\/2024\/01\/logo-livegood-shop-main.png\",\"contentUrl\":\"https:\/\/livegood.network\/shop\/wp-content\/uploads\/2024\/01\/logo-livegood-shop-main.png\",\"width\":373,\"height\":115,\"caption\":\"LiveGooD\"},\"image\":{\"@id\":\"https:\/\/livegood.network\/shop\/#\/schema\/logo\/image\/\"},\"sameAs\":[\"https:\/\/www.facebook.com\/livegoodhello\"]}]}<\/script>\n<!-- \/ Yoast SEO Premium plugin. -->","yoast_head_json":{"title":"Shaker Chai - LiveGooD Shop","robots":{"index":"index","follow":"follow","max-snippet":"max-snippet:-1","max-image-preview":"max-image-preview:large","max-video-preview":"max-video-preview:-1"},"canonical":"https:\/\/livegood.network\/shop\/vi\/product\/shaker-bottle-vi\/","og_locale":"en_US","og_type":"article","og_title":"Shaker Chai","og_description":"Nhi\u1ec1u m\u1eabu m\u00e3 kh\u00e1c nhau Th\u1ec3 hi\u1ec7n t\u00ecnh y\u00eau v\u1edbi LiveGooD!  b\u00ecnh l\u1eafc 5 chi\u1ebfc","og_url":"https:\/\/livegood.network\/shop\/vi\/product\/shaker-bottle-vi\/","article_publisher":"https:\/\/www.facebook.com\/livegoodhello","article_modified_time":"2024-01-23T22:36:52+00:00","og_image":[{"width":1000,"height":1000,"url":"https:\/\/livegood.network\/shop\/wp-content\/uploads\/2024\/01\/shaker-bottle-black-livegood.png","type":"image\/png"}],"twitter_card":"summary_large_image","twitter_misc":{"Est. reading time":"2 minutes"},"schema":{"@context":"https:\/\/schema.org","@graph":[{"@type":"WebPage","@id":"https:\/\/livegood.network\/shop\/vi\/product\/shaker-bottle-vi\/","url":"https:\/\/livegood.network\/shop\/vi\/product\/shaker-bottle-vi\/","name":"Shaker Chai - LiveGooD Shop","isPartOf":{"@id":"https:\/\/livegood.network\/shop\/#website"},"datePublished":"2024-01-23T22:36:51+00:00","dateModified":"2024-01-23T22:36:52+00:00","breadcrumb":{"@id":"https:\/\/livegood.network\/shop\/vi\/product\/shaker-bottle-vi\/#breadcrumb"},"inLanguage":"en-US","potentialAction":[{"@type":"ReadAction","target":["https:\/\/livegood.network\/shop\/vi\/product\/shaker-bottle-vi\/"]}]},{"@type":"BreadcrumbList","@id":"https:\/\/livegood.network\/shop\/vi\/product\/shaker-bottle-vi\/#breadcrumb","itemListElement":[{"@type":"ListItem","position":1,"name":"Home","item":"https:\/\/livegood.network\/shop\/pt-br\/"},{"@type":"ListItem","position":2,"name":"Shop","item":"https:\/\/livegood.network\/shop\/shop\/"},{"@type":"ListItem","position":3,"name":"Shaker Chai"}]},{"@type":"WebSite","@id":"https:\/\/livegood.network\/shop\/#website","url":"https:\/\/livegood.network\/shop\/","name":"LiveGooD Shop","description":"","publisher":{"@id":"https:\/\/livegood.network\/shop\/#organization"},"potentialAction":[{"@type":"SearchAction","target":{"@type":"EntryPoint","urlTemplate":"https:\/\/livegood.network\/shop\/?s={search_term_string}"},"query-input":"required name=search_term_string"}],"inLanguage":"en-US"},{"@type":"Organization","@id":"https:\/\/livegood.network\/shop\/#organization","name":"LiveGooD","url":"https:\/\/livegood.network\/shop\/","logo":{"@type":"ImageObject","inLanguage":"en-US","@id":"https:\/\/livegood.network\/shop\/#\/schema\/logo\/image\/","url":"https:\/\/livegood.network\/shop\/wp-content\/uploads\/2024\/01\/logo-livegood-shop-main.png","contentUrl":"https:\/\/livegood.network\/shop\/wp-content\/uploads\/2024\/01\/logo-livegood-shop-main.png","width":373,"height":115,"caption":"LiveGooD"},"image":{"@id":"https:\/\/livegood.network\/shop\/#\/schema\/logo\/image\/"},"sameAs":["https:\/\/www.facebook.com\/livegoodhello"]}]}},"lang":"vi","translations":{"vi":699,"ko":702,"ru-ru":700,"en-us":309,"fr-fr":697,"es-es":698,"pt-pt":696,"pt-br":695},"pll_sync_post":[],"_links":{"self":[{"href":"https:\/\/livegood.network\/shop\/wp-json\/wp\/v2\/product\/699","targetHints":{"allow":["GET"]}}],"collection":[{"href":"https:\/\/livegood.network\/shop\/wp-json\/wp\/v2\/product"}],"about":[{"href":"https:\/\/livegood.network\/shop\/wp-json\/wp\/v2\/types\/product"}],"replies":[{"embeddable":true,"href":"https:\/\/livegood.network\/shop\/wp-json\/wp\/v2\/comments?post=699"}],"version-history":[{"count":0,"href":"https:\/\/livegood.network\/shop\/wp-json\/wp\/v2\/product\/699\/revisions"}],"wp:featuredmedia":[{"embeddable":true,"href":"https:\/\/livegood.network\/shop\/wp-json\/wp\/v2\/media\/310"}],"wp:attachment":[{"href":"https:\/\/livegood.network\/shop\/wp-json\/wp\/v2\/media?parent=699"}],"wp:term":[{"taxonomy":"product_brand","embeddable":true,"href":"https:\/\/livegood.network\/shop\/wp-json\/wp\/v2\/product_brand?post=699"},{"taxonomy":"product_cat","embeddable":true,"href":"https:\/\/livegood.network\/shop\/wp-json\/wp\/v2\/product_cat?post=699"},{"taxonomy":"product_tag","embeddable":true,"href":"https:\/\/livegood.network\/shop\/wp-json\/wp\/v2\/product_tag?post=699"}],"curies":[{"name":"wp","href":"https:\/\/api.w.org\/{rel}","templated":true}]}}