{"id":732,"date":"2024-01-24T13:21:21","date_gmt":"2024-01-24T13:21:21","guid":{"rendered":"https:\/\/livegood.network\/shop\/?post_type=product&#038;p=732"},"modified":"2024-01-24T13:21:23","modified_gmt":"2024-01-24T13:21:23","slug":"livegood-t-shirts-fr-fr","status":"publish","type":"product","link":"https:\/\/livegood.network\/shop\/fr-fr\/product\/livegood-t-shirts-fr-fr\/","title":{"rendered":"LiveGood T-Shirts"},"content":{"rendered":"<p><strong><span>T-shirts institutionnels exclusifs LiveGood \u2013 Portez votre d\u00e9votion avec fiert\u00e9\u00a0!<\/span><\/strong><\/p>\n<p><em><span>Bonjour client,<\/span><\/em><\/p>\n<p><em><span>Nous sommes ravis de vous pr\u00e9senter le dernier ajout \u00e0 la gamme de produits LiveGood : nos T-shirts institutionnels\u00a0!\u00a0Con\u00e7ues pour les vrais passionn\u00e9s de la marque, ces chemises sont plus que de simples v\u00eatements.\u00a0Ils t\u00e9moignent de votre d\u00e9vouement et de votre admiration pour la philosophie LiveGood.<\/span><\/em><\/p>\n<p><strong><span>Pourquoi choisir le T-Shirt Institutionnel LiveGood ?<\/span><\/strong><\/p>\n<ol>\n<li><strong><span>D\u00e9votion incarn\u00e9e :<\/span><\/strong><span>\u00a0Chaque point, chaque d\u00e9tail de notre chemise est cr\u00e9\u00e9 pour refl\u00e9ter un engagement envers la qualit\u00e9 de vie et le bien-\u00eatre, piliers essentiels de notre marque.<\/span><\/li>\n<li><strong><span>Style in\u00e9gal\u00e9 :<\/span><\/strong><span>\u00a0avec un design moderne et le logo LiveGood brod\u00e9 avec go\u00fbt, notre t-shirt est une expression \u00e9l\u00e9gante de votre d\u00e9vouement \u00e0 un mode de vie sain.<\/span><\/li>\n<li><strong><span>Confort in\u00e9gal\u00e9 :<\/span><\/strong><span>\u00a0fabriqu\u00e9e avec des mat\u00e9riaux de qualit\u00e9 sup\u00e9rieure, notre chemise offre une coupe confortable et respirante, parfaite pour vos moments de loisirs, vos activit\u00e9s sportives ou m\u00eame pendant votre routine quotidienne.<\/span><\/li>\n<\/ol>\n<p><strong><span>Que dit votre t-shirt sur vous ?<\/span><\/strong><\/p>\n<p><span>En choisissant le t-shirt LiveGood Institutional, vous n&#8217;obtenez pas seulement un v\u00eatement.\u00a0Vous faites une d\u00e9claration audacieuse \u2013 une d\u00e9claration selon laquelle votre qu\u00eate d\u2019une vie pleine et saine est quelque chose que vous appr\u00e9ciez profond\u00e9ment.<\/span><\/p>\n<blockquote><p><em><span>Porter le t-shirt institutionnel LiveGood ne consiste pas seulement \u00e0 enfiler des v\u00eatements ;\u00a0il s&#8217;agit de faire partie d&#8217;une communaut\u00e9 d\u00e9di\u00e9e \u00e0 la recherche constante du bien-\u00eatre.\u00a0Rejoignez-nous dans ce voyage\u00a0!<\/span><\/em><\/p><\/blockquote>\n<p><em><strong><span>Rejoignez-nous, vivez bien, vivez LiveGood\u00a0!<\/span><\/strong><\/em><\/p>\n<p><span>Cordialement,<\/span><\/p>\n","protected":false},"excerpt":{"rendered":"<p><img decoding=\"async\" class=\"emoji\" role=\"img\" draggable=\"false\" src=\"https:\/\/s.w.org\/images\/core\/emoji\/14.0.0\/svg\/1f49a.svg\" alt=\"????\" \/> <span>Diff\u00e9rents mod\u00e8les<\/span><br \/>\n<img decoding=\"async\" class=\"emoji\" role=\"img\" draggable=\"false\" src=\"https:\/\/s.w.org\/images\/core\/emoji\/14.0.0\/svg\/1f49a.svg\" alt=\"????\" \/> <span>Montrez votre amour \u00e0 LiveGooD\u00a0!<\/span><\/p>\n","protected":false},"featured_media":307,"comment_status":"open","ping_status":"closed","template":"","meta":[],"product_brand":[],"product_cat":[144,180],"product_tag":[],"class_list":{"0":"post-732","1":"product","2":"type-product","3":"status-publish","4":"has-post-thumbnail","6":"product_cat-accessories-fr-fr","7":"product_cat-men-fr-fr","9":"first","10":"instock","11":"shipping-taxable","12":"product-type-external"},"yoast_head":"<!-- This site is optimized with the Yoast SEO Premium plugin v20.6 (Yoast SEO v21.8.1) - https:\/\/yoast.com\/wordpress\/plugins\/seo\/ -->\n<title>LiveGood T-Shirts - LiveGooD Shop<\/title>\n<meta name=\"robots\" content=\"index, follow, max-snippet:-1, max-image-preview:large, max-video-preview:-1\" \/>\n<link rel=\"canonical\" href=\"https:\/\/livegood.network\/shop\/fr-fr\/product\/livegood-t-shirts-fr-fr\/\" \/>\n<meta property=\"og:locale\" content=\"en_US\" \/>\n<meta property=\"og:type\" content=\"article\" \/>\n<meta property=\"og:title\" content=\"LiveGood T-Shirts\" \/>\n<meta property=\"og:description\" content=\"Diff\u00e9rents mod\u00e8les  Montrez votre amour \u00e0 LiveGooD\u00a0!\" \/>\n<meta property=\"og:url\" content=\"https:\/\/livegood.network\/shop\/fr-fr\/product\/livegood-t-shirts-fr-fr\/\" \/>\n<meta property=\"article:publisher\" content=\"https:\/\/www.facebook.com\/livegoodhello\" \/>\n<meta property=\"article:modified_time\" content=\"2024-01-24T13:21:23+00:00\" \/>\n<meta property=\"og:image\" content=\"https:\/\/livegood.network\/shop\/wp-content\/uploads\/2024\/01\/t-shirts-livegood.png\" \/>\n\t<meta property=\"og:image:width\" content=\"1000\" \/>\n\t<meta property=\"og:image:height\" content=\"1000\" \/>\n\t<meta property=\"og:image:type\" content=\"image\/png\" \/>\n<meta name=\"twitter:card\" content=\"summary_large_image\" \/>\n<meta name=\"twitter:label1\" content=\"Est. reading time\" \/>\n\t<meta name=\"twitter:data1\" content=\"2 minutes\" \/>\n<script type=\"application\/ld+json\" class=\"yoast-schema-graph\">{\"@context\":\"https:\/\/schema.org\",\"@graph\":[{\"@type\":\"WebPage\",\"@id\":\"https:\/\/livegood.network\/shop\/fr-fr\/product\/livegood-t-shirts-fr-fr\/\",\"url\":\"https:\/\/livegood.network\/shop\/fr-fr\/product\/livegood-t-shirts-fr-fr\/\",\"name\":\"LiveGood T-Shirts - LiveGooD Shop\",\"isPartOf\":{\"@id\":\"https:\/\/livegood.network\/shop\/#website\"},\"datePublished\":\"2024-01-24T13:21:21+00:00\",\"dateModified\":\"2024-01-24T13:21:23+00:00\",\"breadcrumb\":{\"@id\":\"https:\/\/livegood.network\/shop\/fr-fr\/product\/livegood-t-shirts-fr-fr\/#breadcrumb\"},\"inLanguage\":\"en-US\",\"potentialAction\":[{\"@type\":\"ReadAction\",\"target\":[\"https:\/\/livegood.network\/shop\/fr-fr\/product\/livegood-t-shirts-fr-fr\/\"]}]},{\"@type\":\"BreadcrumbList\",\"@id\":\"https:\/\/livegood.network\/shop\/fr-fr\/product\/livegood-t-shirts-fr-fr\/#breadcrumb\",\"itemListElement\":[{\"@type\":\"ListItem\",\"position\":1,\"name\":\"Home\",\"item\":\"https:\/\/livegood.network\/shop\/pt-br\/\"},{\"@type\":\"ListItem\",\"position\":2,\"name\":\"Shop\",\"item\":\"https:\/\/livegood.network\/shop\/shop\/\"},{\"@type\":\"ListItem\",\"position\":3,\"name\":\"LiveGood T-Shirts\"}]},{\"@type\":\"WebSite\",\"@id\":\"https:\/\/livegood.network\/shop\/#website\",\"url\":\"https:\/\/livegood.network\/shop\/\",\"name\":\"LiveGooD Shop\",\"description\":\"\",\"publisher\":{\"@id\":\"https:\/\/livegood.network\/shop\/#organization\"},\"potentialAction\":[{\"@type\":\"SearchAction\",\"target\":{\"@type\":\"EntryPoint\",\"urlTemplate\":\"https:\/\/livegood.network\/shop\/?s={search_term_string}\"},\"query-input\":\"required name=search_term_string\"}],\"inLanguage\":\"en-US\"},{\"@type\":\"Organization\",\"@id\":\"https:\/\/livegood.network\/shop\/#organization\",\"name\":\"LiveGooD\",\"url\":\"https:\/\/livegood.network\/shop\/\",\"logo\":{\"@type\":\"ImageObject\",\"inLanguage\":\"en-US\",\"@id\":\"https:\/\/livegood.network\/shop\/#\/schema\/logo\/image\/\",\"url\":\"https:\/\/livegood.network\/shop\/wp-content\/uploads\/2024\/01\/logo-livegood-shop-main.png\",\"contentUrl\":\"https:\/\/livegood.network\/shop\/wp-content\/uploads\/2024\/01\/logo-livegood-shop-main.png\",\"width\":373,\"height\":115,\"caption\":\"LiveGooD\"},\"image\":{\"@id\":\"https:\/\/livegood.network\/shop\/#\/schema\/logo\/image\/\"},\"sameAs\":[\"https:\/\/www.facebook.com\/livegoodhello\"]}]}<\/script>\n<!-- \/ Yoast SEO Premium plugin. -->","yoast_head_json":{"title":"LiveGood T-Shirts - LiveGooD Shop","robots":{"index":"index","follow":"follow","max-snippet":"max-snippet:-1","max-image-preview":"max-image-preview:large","max-video-preview":"max-video-preview:-1"},"canonical":"https:\/\/livegood.network\/shop\/fr-fr\/product\/livegood-t-shirts-fr-fr\/","og_locale":"en_US","og_type":"article","og_title":"LiveGood T-Shirts","og_description":"Diff\u00e9rents mod\u00e8les  Montrez votre amour \u00e0 LiveGooD\u00a0!","og_url":"https:\/\/livegood.network\/shop\/fr-fr\/product\/livegood-t-shirts-fr-fr\/","article_publisher":"https:\/\/www.facebook.com\/livegoodhello","article_modified_time":"2024-01-24T13:21:23+00:00","og_image":[{"width":1000,"height":1000,"url":"https:\/\/livegood.network\/shop\/wp-content\/uploads\/2024\/01\/t-shirts-livegood.png","type":"image\/png"}],"twitter_card":"summary_large_image","twitter_misc":{"Est. reading time":"2 minutes"},"schema":{"@context":"https:\/\/schema.org","@graph":[{"@type":"WebPage","@id":"https:\/\/livegood.network\/shop\/fr-fr\/product\/livegood-t-shirts-fr-fr\/","url":"https:\/\/livegood.network\/shop\/fr-fr\/product\/livegood-t-shirts-fr-fr\/","name":"LiveGood T-Shirts - LiveGooD Shop","isPartOf":{"@id":"https:\/\/livegood.network\/shop\/#website"},"datePublished":"2024-01-24T13:21:21+00:00","dateModified":"2024-01-24T13:21:23+00:00","breadcrumb":{"@id":"https:\/\/livegood.network\/shop\/fr-fr\/product\/livegood-t-shirts-fr-fr\/#breadcrumb"},"inLanguage":"en-US","potentialAction":[{"@type":"ReadAction","target":["https:\/\/livegood.network\/shop\/fr-fr\/product\/livegood-t-shirts-fr-fr\/"]}]},{"@type":"BreadcrumbList","@id":"https:\/\/livegood.network\/shop\/fr-fr\/product\/livegood-t-shirts-fr-fr\/#breadcrumb","itemListElement":[{"@type":"ListItem","position":1,"name":"Home","item":"https:\/\/livegood.network\/shop\/pt-br\/"},{"@type":"ListItem","position":2,"name":"Shop","item":"https:\/\/livegood.network\/shop\/shop\/"},{"@type":"ListItem","position":3,"name":"LiveGood T-Shirts"}]},{"@type":"WebSite","@id":"https:\/\/livegood.network\/shop\/#website","url":"https:\/\/livegood.network\/shop\/","name":"LiveGooD Shop","description":"","publisher":{"@id":"https:\/\/livegood.network\/shop\/#organization"},"potentialAction":[{"@type":"SearchAction","target":{"@type":"EntryPoint","urlTemplate":"https:\/\/livegood.network\/shop\/?s={search_term_string}"},"query-input":"required name=search_term_string"}],"inLanguage":"en-US"},{"@type":"Organization","@id":"https:\/\/livegood.network\/shop\/#organization","name":"LiveGooD","url":"https:\/\/livegood.network\/shop\/","logo":{"@type":"ImageObject","inLanguage":"en-US","@id":"https:\/\/livegood.network\/shop\/#\/schema\/logo\/image\/","url":"https:\/\/livegood.network\/shop\/wp-content\/uploads\/2024\/01\/logo-livegood-shop-main.png","contentUrl":"https:\/\/livegood.network\/shop\/wp-content\/uploads\/2024\/01\/logo-livegood-shop-main.png","width":373,"height":115,"caption":"LiveGooD"},"image":{"@id":"https:\/\/livegood.network\/shop\/#\/schema\/logo\/image\/"},"sameAs":["https:\/\/www.facebook.com\/livegoodhello"]}]}},"lang":"fr-fr","translations":{"fr-fr":732,"vi":733,"en-us":305,"es-es":734,"pt-pt":730,"ru-ru":735,"pt-br":715,"ko":736},"pll_sync_post":[],"_links":{"self":[{"href":"https:\/\/livegood.network\/shop\/wp-json\/wp\/v2\/product\/732","targetHints":{"allow":["GET"]}}],"collection":[{"href":"https:\/\/livegood.network\/shop\/wp-json\/wp\/v2\/product"}],"about":[{"href":"https:\/\/livegood.network\/shop\/wp-json\/wp\/v2\/types\/product"}],"replies":[{"embeddable":true,"href":"https:\/\/livegood.network\/shop\/wp-json\/wp\/v2\/comments?post=732"}],"version-history":[{"count":0,"href":"https:\/\/livegood.network\/shop\/wp-json\/wp\/v2\/product\/732\/revisions"}],"wp:featuredmedia":[{"embeddable":true,"href":"https:\/\/livegood.network\/shop\/wp-json\/wp\/v2\/media\/307"}],"wp:attachment":[{"href":"https:\/\/livegood.network\/shop\/wp-json\/wp\/v2\/media?parent=732"}],"wp:term":[{"taxonomy":"product_brand","embeddable":true,"href":"https:\/\/livegood.network\/shop\/wp-json\/wp\/v2\/product_brand?post=732"},{"taxonomy":"product_cat","embeddable":true,"href":"https:\/\/livegood.network\/shop\/wp-json\/wp\/v2\/product_cat?post=732"},{"taxonomy":"product_tag","embeddable":true,"href":"https:\/\/livegood.network\/shop\/wp-json\/wp\/v2\/product_tag?post=732"}],"curies":[{"name":"wp","href":"https:\/\/api.w.org\/{rel}","templated":true}]}}