{"id":733,"date":"2024-01-24T13:17:29","date_gmt":"2024-01-24T13:17:29","guid":{"rendered":"https:\/\/livegood.network\/shop\/?post_type=product&#038;p=733"},"modified":"2024-01-24T13:17:31","modified_gmt":"2024-01-24T13:17:31","slug":"livegood-t-shirts-vi","status":"publish","type":"product","link":"https:\/\/livegood.network\/shop\/vi\/product\/livegood-t-shirts-vi\/","title":{"rendered":"LiveGood \u00c1o thun"},"content":{"rendered":"<p><strong><span>\u00c1o ph\u00f4ng \u0111\u1ed9c quy\u1ec1n c\u1ee7a t\u1ed5 ch\u1ee9c LiveGood \u2013 H\u00e3y th\u1ec3 hi\u1ec7n s\u1ef1 c\u1ed1ng hi\u1ebfn c\u1ee7a b\u1ea1n v\u1edbi ni\u1ec1m t\u1ef1 h\u00e0o!<\/span><\/strong><\/p>\n<p><em><span>Xin ch\u00e0o kh\u00e1ch h\u00e0ng,<\/span><\/em><\/p>\n<p><em><span>Ch\u00fang t\u00f4i r\u1ea5t vui m\u1eebng \u0111\u01b0\u1ee3c gi\u1edbi thi\u1ec7u s\u1ea3n ph\u1ea9m b\u1ed5 sung m\u1edbi nh\u1ea5t cho d\u00f2ng s\u1ea3n ph\u1ea9m LiveGood \u2013 \u00c1o ph\u00f4ng d\u00e0nh cho t\u1ed5 ch\u1ee9c c\u1ee7a ch\u00fang t\u00f4i!\u00a0\u0110\u01b0\u1ee3c thi\u1ebft k\u1ebf d\u00e0nh cho nh\u1eefng t\u00edn \u0111\u1ed3 th\u1ef1c s\u1ef1 c\u1ee7a th\u01b0\u01a1ng hi\u1ec7u, nh\u1eefng chi\u1ebfc \u00e1o s\u01a1 mi n\u00e0y kh\u00f4ng ch\u1ec9 \u0111\u01a1n thu\u1ea7n l\u00e0 qu\u1ea7n \u00e1o.\u00a0Ch\u00fang l\u00e0 minh ch\u1ee9ng cho s\u1ef1 t\u1eadn t\u00e2m v\u00e0 ng\u01b0\u1ee1ng m\u1ed9 c\u1ee7a b\u1ea1n \u0111\u1ed1i v\u1edbi tri\u1ebft l\u00fd LiveGood.<\/span><\/em><\/p>\n<p><strong><span>T\u1ea1i sao n\u00ean ch\u1ecdn \u00e1o ph\u00f4ng t\u1ed5 ch\u1ee9c LiveGood?<\/span><\/strong><\/p>\n<ol>\n<li><strong><span>S\u1ef1 c\u1ed1ng hi\u1ebfn th\u1ec3 hi\u1ec7n:<\/span><\/strong><span>\u00a0M\u1ed7i \u0111\u01b0\u1eddng kh\u00e2u, t\u1eebng chi ti\u1ebft tr\u00ean chi\u1ebfc \u00e1o s\u01a1 mi c\u1ee7a ch\u00fang t\u00f4i \u0111\u1ec1u \u0111\u01b0\u1ee3c t\u1ea1o ra \u0111\u1ec3 ph\u1ea3n \u00e1nh cam k\u1ebft v\u1ec1 ch\u1ea5t l\u01b0\u1ee3ng cu\u1ed9c s\u1ed1ng v\u00e0 s\u1ef1 th\u1ecbnh v\u01b0\u1ee3ng, nh\u1eefng tr\u1ee5 c\u1ed9t thi\u1ebft y\u1ebfu c\u1ee7a th\u01b0\u01a1ng hi\u1ec7u ch\u00fang t\u00f4i.<\/span><\/li>\n<li><strong><span>Phong c\u00e1ch ch\u01b0a t\u1eebng c\u00f3:<\/span><\/strong><span>\u00a0V\u1edbi thi\u1ebft k\u1ebf hi\u1ec7n \u0111\u1ea1i v\u00e0 logo LiveGood \u0111\u01b0\u1ee3c th\u00eau trang nh\u00e3, \u00e1o ph\u00f4ng c\u1ee7a ch\u00fang t\u00f4i l\u00e0 s\u1ef1 th\u1ec3 hi\u1ec7n \u0111\u1ea7y phong c\u00e1ch v\u1ec1 s\u1ef1 c\u1ed1ng hi\u1ebfn c\u1ee7a b\u1ea1n cho l\u1ed1i s\u1ed1ng l\u00e0nh m\u1ea1nh.<\/span><\/li>\n<li><strong><span>S\u1ef1 tho\u1ea3i m\u00e1i v\u00f4 song:<\/span><\/strong><span>\u00a0\u0110\u01b0\u1ee3c l\u00e0m b\u1eb1ng ch\u1ea5t li\u1ec7u cao c\u1ea5p, \u00e1o s\u01a1 mi c\u1ee7a ch\u00fang t\u00f4i mang l\u1ea1i c\u1ea3m gi\u00e1c tho\u1ea3i m\u00e1i v\u00e0 tho\u00e1ng kh\u00ed, ho\u00e0n h\u1ea3o cho nh\u1eefng gi\u00e2y ph\u00fat gi\u1ea3i tr\u00ed, ho\u1ea1t \u0111\u1ed9ng th\u1ec3 thao ho\u1eb7c th\u1eadm ch\u00ed trong th\u00f3i quen h\u00e0ng ng\u00e0y c\u1ee7a b\u1ea1n.<\/span><\/li>\n<\/ol>\n<p><strong><span>Chi\u1ebfc \u00e1o ph\u00f4ng c\u1ee7a b\u1ea1n n\u00f3i g\u00ec v\u1ec1 b\u1ea1n?<\/span><\/strong><\/p>\n<p><span>B\u1eb1ng c\u00e1ch ch\u1ecdn \u00c1o thun th\u1ec3 ch\u1ebf LiveGood, b\u1ea1n kh\u00f4ng ch\u1ec9 nh\u1eadn \u0111\u01b0\u1ee3c m\u1ed9t m\u00f3n \u0111\u1ed3 may m\u1eb7c.\u00a0B\u1ea1n \u0111ang \u0111\u01b0a ra m\u1ed9t tuy\u00ean b\u1ed1 t\u00e1o b\u1ea1o &#8211; m\u1ed9t tuy\u00ean b\u1ed1 r\u1eb1ng vi\u1ec7c b\u1ea1n theo \u0111u\u1ed5i m\u1ed9t cu\u1ed9c s\u1ed1ng tr\u1ecdn v\u1eb9n v\u00e0 kh\u1ecfe m\u1ea1nh l\u00e0 \u0111i\u1ec1u m\u00e0 b\u1ea1n v\u00f4 c\u00f9ng coi tr\u1ecdng.<\/span><\/p>\n<blockquote><p><em><span>M\u1eb7c \u00e1o ph\u00f4ng c\u1ee7a t\u1ed5 ch\u1ee9c LiveGood kh\u00f4ng ch\u1ec9 l\u00e0 m\u1eb7c qu\u1ea7n \u00e1o;\u00a0\u0111\u00f3 l\u00e0 vi\u1ec7c tr\u1edf th\u00e0nh m\u1ed9t ph\u1ea7n c\u1ee7a m\u1ed9t c\u1ed9ng \u0111\u1ed3ng lu\u00f4n n\u1ed7 l\u1ef1c kh\u00f4ng ng\u1eebng theo \u0111u\u1ed5i h\u1ea1nh ph\u00fac.\u00a0H\u00e3y tham gia c\u00f9ng ch\u00fang t\u00f4i trong cu\u1ed9c h\u00e0nh tr\u00ecnh n\u00e0y!<\/span><\/em><\/p><\/blockquote>\n<p><em><strong><span>H\u00e3y tham gia c\u00f9ng ch\u00fang t\u00f4i, s\u1ed1ng t\u1ed1t, s\u1ed1ng LiveGood!<\/span><\/strong><\/em><\/p>\n<p><span>Tr\u00e2n tr\u1ecdng,<\/span><\/p>\n","protected":false},"excerpt":{"rendered":"<p><img decoding=\"async\" class=\"emoji\" role=\"img\" draggable=\"false\" src=\"https:\/\/s.w.org\/images\/core\/emoji\/14.0.0\/svg\/1f49a.svg\" alt=\"????\" \/> <span>Nhi\u1ec1u m\u1eabu m\u00e3 kh\u00e1c nhau<\/span><br \/>\n<img decoding=\"async\" class=\"emoji\" role=\"img\" draggable=\"false\" src=\"https:\/\/s.w.org\/images\/core\/emoji\/14.0.0\/svg\/1f49a.svg\" alt=\"????\" \/> <span>Th\u1ec3 hi\u1ec7n t\u00ecnh y\u00eau v\u1edbi LiveGooD!<\/span><\/p>\n","protected":false},"featured_media":307,"comment_status":"open","ping_status":"closed","template":"","meta":[],"product_brand":[],"product_cat":[186,142],"product_tag":[],"class_list":{"0":"post-733","1":"product","2":"type-product","3":"status-publish","4":"has-post-thumbnail","6":"product_cat-men-vi","7":"product_cat-accessories-vi","9":"first","10":"instock","11":"shipping-taxable","12":"product-type-external"},"yoast_head":"<!-- This site is optimized with the Yoast SEO Premium plugin v20.6 (Yoast SEO v21.8.1) - https:\/\/yoast.com\/wordpress\/plugins\/seo\/ -->\n<title>LiveGood \u00c1o thun - LiveGooD Shop<\/title>\n<meta name=\"robots\" content=\"index, follow, max-snippet:-1, max-image-preview:large, max-video-preview:-1\" \/>\n<link rel=\"canonical\" href=\"https:\/\/livegood.network\/shop\/vi\/product\/livegood-t-shirts-vi\/\" \/>\n<meta property=\"og:locale\" content=\"en_US\" \/>\n<meta property=\"og:type\" content=\"article\" \/>\n<meta property=\"og:title\" content=\"LiveGood \u00c1o thun\" \/>\n<meta property=\"og:description\" content=\"Nhi\u1ec1u m\u1eabu m\u00e3 kh\u00e1c nhau  Th\u1ec3 hi\u1ec7n t\u00ecnh y\u00eau v\u1edbi LiveGooD!\" \/>\n<meta property=\"og:url\" content=\"https:\/\/livegood.network\/shop\/vi\/product\/livegood-t-shirts-vi\/\" \/>\n<meta property=\"article:publisher\" content=\"https:\/\/www.facebook.com\/livegoodhello\" \/>\n<meta property=\"article:modified_time\" content=\"2024-01-24T13:17:31+00:00\" \/>\n<meta property=\"og:image\" content=\"https:\/\/livegood.network\/shop\/wp-content\/uploads\/2024\/01\/t-shirts-livegood.png\" \/>\n\t<meta property=\"og:image:width\" content=\"1000\" \/>\n\t<meta property=\"og:image:height\" content=\"1000\" \/>\n\t<meta property=\"og:image:type\" content=\"image\/png\" \/>\n<meta name=\"twitter:card\" content=\"summary_large_image\" \/>\n<meta name=\"twitter:label1\" content=\"Est. reading time\" \/>\n\t<meta name=\"twitter:data1\" content=\"2 minutes\" \/>\n<script type=\"application\/ld+json\" class=\"yoast-schema-graph\">{\"@context\":\"https:\/\/schema.org\",\"@graph\":[{\"@type\":\"WebPage\",\"@id\":\"https:\/\/livegood.network\/shop\/vi\/product\/livegood-t-shirts-vi\/\",\"url\":\"https:\/\/livegood.network\/shop\/vi\/product\/livegood-t-shirts-vi\/\",\"name\":\"LiveGood \u00c1o thun - LiveGooD Shop\",\"isPartOf\":{\"@id\":\"https:\/\/livegood.network\/shop\/#website\"},\"datePublished\":\"2024-01-24T13:17:29+00:00\",\"dateModified\":\"2024-01-24T13:17:31+00:00\",\"breadcrumb\":{\"@id\":\"https:\/\/livegood.network\/shop\/vi\/product\/livegood-t-shirts-vi\/#breadcrumb\"},\"inLanguage\":\"en-US\",\"potentialAction\":[{\"@type\":\"ReadAction\",\"target\":[\"https:\/\/livegood.network\/shop\/vi\/product\/livegood-t-shirts-vi\/\"]}]},{\"@type\":\"BreadcrumbList\",\"@id\":\"https:\/\/livegood.network\/shop\/vi\/product\/livegood-t-shirts-vi\/#breadcrumb\",\"itemListElement\":[{\"@type\":\"ListItem\",\"position\":1,\"name\":\"Home\",\"item\":\"https:\/\/livegood.network\/shop\/pt-br\/\"},{\"@type\":\"ListItem\",\"position\":2,\"name\":\"Shop\",\"item\":\"https:\/\/livegood.network\/shop\/shop\/\"},{\"@type\":\"ListItem\",\"position\":3,\"name\":\"LiveGood \u00c1o thun\"}]},{\"@type\":\"WebSite\",\"@id\":\"https:\/\/livegood.network\/shop\/#website\",\"url\":\"https:\/\/livegood.network\/shop\/\",\"name\":\"LiveGooD Shop\",\"description\":\"\",\"publisher\":{\"@id\":\"https:\/\/livegood.network\/shop\/#organization\"},\"potentialAction\":[{\"@type\":\"SearchAction\",\"target\":{\"@type\":\"EntryPoint\",\"urlTemplate\":\"https:\/\/livegood.network\/shop\/?s={search_term_string}\"},\"query-input\":\"required name=search_term_string\"}],\"inLanguage\":\"en-US\"},{\"@type\":\"Organization\",\"@id\":\"https:\/\/livegood.network\/shop\/#organization\",\"name\":\"LiveGooD\",\"url\":\"https:\/\/livegood.network\/shop\/\",\"logo\":{\"@type\":\"ImageObject\",\"inLanguage\":\"en-US\",\"@id\":\"https:\/\/livegood.network\/shop\/#\/schema\/logo\/image\/\",\"url\":\"https:\/\/livegood.network\/shop\/wp-content\/uploads\/2024\/01\/logo-livegood-shop-main.png\",\"contentUrl\":\"https:\/\/livegood.network\/shop\/wp-content\/uploads\/2024\/01\/logo-livegood-shop-main.png\",\"width\":373,\"height\":115,\"caption\":\"LiveGooD\"},\"image\":{\"@id\":\"https:\/\/livegood.network\/shop\/#\/schema\/logo\/image\/\"},\"sameAs\":[\"https:\/\/www.facebook.com\/livegoodhello\"]}]}<\/script>\n<!-- \/ Yoast SEO Premium plugin. -->","yoast_head_json":{"title":"LiveGood \u00c1o thun - LiveGooD Shop","robots":{"index":"index","follow":"follow","max-snippet":"max-snippet:-1","max-image-preview":"max-image-preview:large","max-video-preview":"max-video-preview:-1"},"canonical":"https:\/\/livegood.network\/shop\/vi\/product\/livegood-t-shirts-vi\/","og_locale":"en_US","og_type":"article","og_title":"LiveGood \u00c1o thun","og_description":"Nhi\u1ec1u m\u1eabu m\u00e3 kh\u00e1c nhau  Th\u1ec3 hi\u1ec7n t\u00ecnh y\u00eau v\u1edbi LiveGooD!","og_url":"https:\/\/livegood.network\/shop\/vi\/product\/livegood-t-shirts-vi\/","article_publisher":"https:\/\/www.facebook.com\/livegoodhello","article_modified_time":"2024-01-24T13:17:31+00:00","og_image":[{"width":1000,"height":1000,"url":"https:\/\/livegood.network\/shop\/wp-content\/uploads\/2024\/01\/t-shirts-livegood.png","type":"image\/png"}],"twitter_card":"summary_large_image","twitter_misc":{"Est. reading time":"2 minutes"},"schema":{"@context":"https:\/\/schema.org","@graph":[{"@type":"WebPage","@id":"https:\/\/livegood.network\/shop\/vi\/product\/livegood-t-shirts-vi\/","url":"https:\/\/livegood.network\/shop\/vi\/product\/livegood-t-shirts-vi\/","name":"LiveGood \u00c1o thun - LiveGooD Shop","isPartOf":{"@id":"https:\/\/livegood.network\/shop\/#website"},"datePublished":"2024-01-24T13:17:29+00:00","dateModified":"2024-01-24T13:17:31+00:00","breadcrumb":{"@id":"https:\/\/livegood.network\/shop\/vi\/product\/livegood-t-shirts-vi\/#breadcrumb"},"inLanguage":"en-US","potentialAction":[{"@type":"ReadAction","target":["https:\/\/livegood.network\/shop\/vi\/product\/livegood-t-shirts-vi\/"]}]},{"@type":"BreadcrumbList","@id":"https:\/\/livegood.network\/shop\/vi\/product\/livegood-t-shirts-vi\/#breadcrumb","itemListElement":[{"@type":"ListItem","position":1,"name":"Home","item":"https:\/\/livegood.network\/shop\/pt-br\/"},{"@type":"ListItem","position":2,"name":"Shop","item":"https:\/\/livegood.network\/shop\/shop\/"},{"@type":"ListItem","position":3,"name":"LiveGood \u00c1o thun"}]},{"@type":"WebSite","@id":"https:\/\/livegood.network\/shop\/#website","url":"https:\/\/livegood.network\/shop\/","name":"LiveGooD Shop","description":"","publisher":{"@id":"https:\/\/livegood.network\/shop\/#organization"},"potentialAction":[{"@type":"SearchAction","target":{"@type":"EntryPoint","urlTemplate":"https:\/\/livegood.network\/shop\/?s={search_term_string}"},"query-input":"required name=search_term_string"}],"inLanguage":"en-US"},{"@type":"Organization","@id":"https:\/\/livegood.network\/shop\/#organization","name":"LiveGooD","url":"https:\/\/livegood.network\/shop\/","logo":{"@type":"ImageObject","inLanguage":"en-US","@id":"https:\/\/livegood.network\/shop\/#\/schema\/logo\/image\/","url":"https:\/\/livegood.network\/shop\/wp-content\/uploads\/2024\/01\/logo-livegood-shop-main.png","contentUrl":"https:\/\/livegood.network\/shop\/wp-content\/uploads\/2024\/01\/logo-livegood-shop-main.png","width":373,"height":115,"caption":"LiveGooD"},"image":{"@id":"https:\/\/livegood.network\/shop\/#\/schema\/logo\/image\/"},"sameAs":["https:\/\/www.facebook.com\/livegoodhello"]}]}},"lang":"vi","translations":{"vi":733,"en-us":305,"fr-fr":732,"es-es":734,"pt-pt":730,"ru-ru":735,"pt-br":715,"ko":736},"pll_sync_post":[],"_links":{"self":[{"href":"https:\/\/livegood.network\/shop\/wp-json\/wp\/v2\/product\/733","targetHints":{"allow":["GET"]}}],"collection":[{"href":"https:\/\/livegood.network\/shop\/wp-json\/wp\/v2\/product"}],"about":[{"href":"https:\/\/livegood.network\/shop\/wp-json\/wp\/v2\/types\/product"}],"replies":[{"embeddable":true,"href":"https:\/\/livegood.network\/shop\/wp-json\/wp\/v2\/comments?post=733"}],"version-history":[{"count":0,"href":"https:\/\/livegood.network\/shop\/wp-json\/wp\/v2\/product\/733\/revisions"}],"wp:featuredmedia":[{"embeddable":true,"href":"https:\/\/livegood.network\/shop\/wp-json\/wp\/v2\/media\/307"}],"wp:attachment":[{"href":"https:\/\/livegood.network\/shop\/wp-json\/wp\/v2\/media?parent=733"}],"wp:term":[{"taxonomy":"product_brand","embeddable":true,"href":"https:\/\/livegood.network\/shop\/wp-json\/wp\/v2\/product_brand?post=733"},{"taxonomy":"product_cat","embeddable":true,"href":"https:\/\/livegood.network\/shop\/wp-json\/wp\/v2\/product_cat?post=733"},{"taxonomy":"product_tag","embeddable":true,"href":"https:\/\/livegood.network\/shop\/wp-json\/wp\/v2\/product_tag?post=733"}],"curies":[{"name":"wp","href":"https:\/\/api.w.org\/{rel}","templated":true}]}}