{"id":734,"date":"2024-01-24T13:19:29","date_gmt":"2024-01-24T13:19:29","guid":{"rendered":"https:\/\/livegood.network\/shop\/?post_type=product&#038;p=734"},"modified":"2024-01-24T13:19:31","modified_gmt":"2024-01-24T13:19:31","slug":"livegood-t-shirts-es-es","status":"publish","type":"product","link":"https:\/\/livegood.network\/shop\/es-es\/product\/livegood-t-shirts-es-es\/","title":{"rendered":"LiveGood Camisetas"},"content":{"rendered":"<p><strong><span>Camisetas institucionales exclusivas de LiveGood: \u00a1lleva tu devoci\u00f3n con orgullo!<\/span><\/strong><\/p>\n<p><em><span>Hola cliente,<\/span><\/em><\/p>\n<p><em><span>Estamos encantados de presentar la \u00faltima incorporaci\u00f3n a la l\u00ednea de productos LiveGood: \u00a1nuestras camisetas institucionales!\u00a0Dise\u00f1adas para los verdaderos devotos de la marca, estas camisas son m\u00e1s que solo ropa.\u00a0Son un testimonio de su devoci\u00f3n y admiraci\u00f3n por la filosof\u00eda LiveGood.<\/span><\/em><\/p>\n<p><strong><span>\u00bfPor qu\u00e9 elegir la camiseta institucional LiveGood?<\/span><\/strong><\/p>\n<ol>\n<li><strong><span>Devoci\u00f3n encarnada:<\/span><\/strong><span>\u00a0Cada puntada, cada detalle de nuestra camisa est\u00e1 creado para reflejar un compromiso con la calidad de vida y el bienestar, pilares esenciales de nuestra marca.<\/span><\/li>\n<li><strong><span>Estilo inigualable:<\/span><\/strong><span>\u00a0con un dise\u00f1o moderno y el logotipo de LiveGood bordado con buen gusto, nuestra camiseta es una expresi\u00f3n elegante de su dedicaci\u00f3n a un estilo de vida saludable.<\/span><\/li>\n<li><strong><span>Comodidad incomparable:<\/span><\/strong><span>\u00a0Confeccionada con materiales de primera calidad, nuestra camiseta proporciona un ajuste c\u00f3modo y transpirable, perfecto para tus momentos de ocio, actividades deportivas o incluso durante tu rutina diaria.<\/span><\/li>\n<\/ol>\n<p><strong><span>\u00bfQu\u00e9 dice tu camiseta sobre ti?<\/span><\/strong><\/p>\n<p><span>Al elegir la camiseta institucional LiveGood, no solo obtienes una prenda de vestir.\u00a0Est\u00e1 haciendo una declaraci\u00f3n audaz: una declaraci\u00f3n de que su b\u00fasqueda de una vida plena y saludable es algo que valora profundamente.<\/span><\/p>\n<blockquote><p><em><span>Usar la camiseta institucional LiveGood no se trata s\u00f3lo de ponerse ropa;\u00a0se trata de ser parte de una comunidad dedicada a la b\u00fasqueda constante del bienestar.\u00a0\u00a1\u00danase a nosotros en este viaje!<\/span><\/em><\/p><\/blockquote>\n<p><em><strong><span>\u00a1\u00danase a nosotros, viva bien, viva LiveGood!<\/span><\/strong><\/em><\/p>\n<p><span>Atentamente,<\/span><\/p>\n","protected":false},"excerpt":{"rendered":"<p><img decoding=\"async\" class=\"emoji\" role=\"img\" draggable=\"false\" src=\"https:\/\/s.w.org\/images\/core\/emoji\/14.0.0\/svg\/1f49a.svg\" alt=\"????\" \/> <span>Varios modelos<\/span><br \/>\n<img decoding=\"async\" class=\"emoji\" role=\"img\" draggable=\"false\" src=\"https:\/\/s.w.org\/images\/core\/emoji\/14.0.0\/svg\/1f49a.svg\" alt=\"????\" \/> <span>\u00a1Muestre amor por LiveGooD!<\/span><\/p>\n","protected":false},"featured_media":307,"comment_status":"open","ping_status":"closed","template":"","meta":[],"product_brand":[],"product_cat":[146,178],"product_tag":[],"class_list":{"0":"post-734","1":"product","2":"type-product","3":"status-publish","4":"has-post-thumbnail","6":"product_cat-accessories-es-es","7":"product_cat-men-es-es","9":"first","10":"instock","11":"shipping-taxable","12":"product-type-external"},"yoast_head":"<!-- This site is optimized with the Yoast SEO Premium plugin v20.6 (Yoast SEO v21.8.1) - https:\/\/yoast.com\/wordpress\/plugins\/seo\/ -->\n<title>LiveGood Camisetas - LiveGooD Shop<\/title>\n<meta name=\"robots\" content=\"index, follow, max-snippet:-1, max-image-preview:large, max-video-preview:-1\" \/>\n<link rel=\"canonical\" href=\"https:\/\/livegood.network\/shop\/es-es\/product\/livegood-t-shirts-es-es\/\" \/>\n<meta property=\"og:locale\" content=\"en_US\" \/>\n<meta property=\"og:type\" content=\"article\" \/>\n<meta property=\"og:title\" content=\"LiveGood Camisetas\" \/>\n<meta property=\"og:description\" content=\"Varios modelos  \u00a1Muestre amor por LiveGooD!\" \/>\n<meta property=\"og:url\" content=\"https:\/\/livegood.network\/shop\/es-es\/product\/livegood-t-shirts-es-es\/\" \/>\n<meta property=\"article:publisher\" content=\"https:\/\/www.facebook.com\/livegoodhello\" \/>\n<meta property=\"article:modified_time\" content=\"2024-01-24T13:19:31+00:00\" \/>\n<meta property=\"og:image\" content=\"https:\/\/livegood.network\/shop\/wp-content\/uploads\/2024\/01\/t-shirts-livegood.png\" \/>\n\t<meta property=\"og:image:width\" content=\"1000\" \/>\n\t<meta property=\"og:image:height\" content=\"1000\" \/>\n\t<meta property=\"og:image:type\" content=\"image\/png\" \/>\n<meta name=\"twitter:card\" content=\"summary_large_image\" \/>\n<meta name=\"twitter:label1\" content=\"Est. reading time\" \/>\n\t<meta name=\"twitter:data1\" content=\"2 minutes\" \/>\n<script type=\"application\/ld+json\" class=\"yoast-schema-graph\">{\"@context\":\"https:\/\/schema.org\",\"@graph\":[{\"@type\":\"WebPage\",\"@id\":\"https:\/\/livegood.network\/shop\/es-es\/product\/livegood-t-shirts-es-es\/\",\"url\":\"https:\/\/livegood.network\/shop\/es-es\/product\/livegood-t-shirts-es-es\/\",\"name\":\"LiveGood Camisetas - LiveGooD Shop\",\"isPartOf\":{\"@id\":\"https:\/\/livegood.network\/shop\/#website\"},\"datePublished\":\"2024-01-24T13:19:29+00:00\",\"dateModified\":\"2024-01-24T13:19:31+00:00\",\"breadcrumb\":{\"@id\":\"https:\/\/livegood.network\/shop\/es-es\/product\/livegood-t-shirts-es-es\/#breadcrumb\"},\"inLanguage\":\"en-US\",\"potentialAction\":[{\"@type\":\"ReadAction\",\"target\":[\"https:\/\/livegood.network\/shop\/es-es\/product\/livegood-t-shirts-es-es\/\"]}]},{\"@type\":\"BreadcrumbList\",\"@id\":\"https:\/\/livegood.network\/shop\/es-es\/product\/livegood-t-shirts-es-es\/#breadcrumb\",\"itemListElement\":[{\"@type\":\"ListItem\",\"position\":1,\"name\":\"Home\",\"item\":\"https:\/\/livegood.network\/shop\/pt-br\/\"},{\"@type\":\"ListItem\",\"position\":2,\"name\":\"Shop\",\"item\":\"https:\/\/livegood.network\/shop\/shop\/\"},{\"@type\":\"ListItem\",\"position\":3,\"name\":\"LiveGood Camisetas\"}]},{\"@type\":\"WebSite\",\"@id\":\"https:\/\/livegood.network\/shop\/#website\",\"url\":\"https:\/\/livegood.network\/shop\/\",\"name\":\"LiveGooD Shop\",\"description\":\"\",\"publisher\":{\"@id\":\"https:\/\/livegood.network\/shop\/#organization\"},\"potentialAction\":[{\"@type\":\"SearchAction\",\"target\":{\"@type\":\"EntryPoint\",\"urlTemplate\":\"https:\/\/livegood.network\/shop\/?s={search_term_string}\"},\"query-input\":\"required name=search_term_string\"}],\"inLanguage\":\"en-US\"},{\"@type\":\"Organization\",\"@id\":\"https:\/\/livegood.network\/shop\/#organization\",\"name\":\"LiveGooD\",\"url\":\"https:\/\/livegood.network\/shop\/\",\"logo\":{\"@type\":\"ImageObject\",\"inLanguage\":\"en-US\",\"@id\":\"https:\/\/livegood.network\/shop\/#\/schema\/logo\/image\/\",\"url\":\"https:\/\/livegood.network\/shop\/wp-content\/uploads\/2024\/01\/logo-livegood-shop-main.png\",\"contentUrl\":\"https:\/\/livegood.network\/shop\/wp-content\/uploads\/2024\/01\/logo-livegood-shop-main.png\",\"width\":373,\"height\":115,\"caption\":\"LiveGooD\"},\"image\":{\"@id\":\"https:\/\/livegood.network\/shop\/#\/schema\/logo\/image\/\"},\"sameAs\":[\"https:\/\/www.facebook.com\/livegoodhello\"]}]}<\/script>\n<!-- \/ Yoast SEO Premium plugin. -->","yoast_head_json":{"title":"LiveGood Camisetas - LiveGooD Shop","robots":{"index":"index","follow":"follow","max-snippet":"max-snippet:-1","max-image-preview":"max-image-preview:large","max-video-preview":"max-video-preview:-1"},"canonical":"https:\/\/livegood.network\/shop\/es-es\/product\/livegood-t-shirts-es-es\/","og_locale":"en_US","og_type":"article","og_title":"LiveGood Camisetas","og_description":"Varios modelos  \u00a1Muestre amor por LiveGooD!","og_url":"https:\/\/livegood.network\/shop\/es-es\/product\/livegood-t-shirts-es-es\/","article_publisher":"https:\/\/www.facebook.com\/livegoodhello","article_modified_time":"2024-01-24T13:19:31+00:00","og_image":[{"width":1000,"height":1000,"url":"https:\/\/livegood.network\/shop\/wp-content\/uploads\/2024\/01\/t-shirts-livegood.png","type":"image\/png"}],"twitter_card":"summary_large_image","twitter_misc":{"Est. reading time":"2 minutes"},"schema":{"@context":"https:\/\/schema.org","@graph":[{"@type":"WebPage","@id":"https:\/\/livegood.network\/shop\/es-es\/product\/livegood-t-shirts-es-es\/","url":"https:\/\/livegood.network\/shop\/es-es\/product\/livegood-t-shirts-es-es\/","name":"LiveGood Camisetas - LiveGooD Shop","isPartOf":{"@id":"https:\/\/livegood.network\/shop\/#website"},"datePublished":"2024-01-24T13:19:29+00:00","dateModified":"2024-01-24T13:19:31+00:00","breadcrumb":{"@id":"https:\/\/livegood.network\/shop\/es-es\/product\/livegood-t-shirts-es-es\/#breadcrumb"},"inLanguage":"en-US","potentialAction":[{"@type":"ReadAction","target":["https:\/\/livegood.network\/shop\/es-es\/product\/livegood-t-shirts-es-es\/"]}]},{"@type":"BreadcrumbList","@id":"https:\/\/livegood.network\/shop\/es-es\/product\/livegood-t-shirts-es-es\/#breadcrumb","itemListElement":[{"@type":"ListItem","position":1,"name":"Home","item":"https:\/\/livegood.network\/shop\/pt-br\/"},{"@type":"ListItem","position":2,"name":"Shop","item":"https:\/\/livegood.network\/shop\/shop\/"},{"@type":"ListItem","position":3,"name":"LiveGood Camisetas"}]},{"@type":"WebSite","@id":"https:\/\/livegood.network\/shop\/#website","url":"https:\/\/livegood.network\/shop\/","name":"LiveGooD Shop","description":"","publisher":{"@id":"https:\/\/livegood.network\/shop\/#organization"},"potentialAction":[{"@type":"SearchAction","target":{"@type":"EntryPoint","urlTemplate":"https:\/\/livegood.network\/shop\/?s={search_term_string}"},"query-input":"required name=search_term_string"}],"inLanguage":"en-US"},{"@type":"Organization","@id":"https:\/\/livegood.network\/shop\/#organization","name":"LiveGooD","url":"https:\/\/livegood.network\/shop\/","logo":{"@type":"ImageObject","inLanguage":"en-US","@id":"https:\/\/livegood.network\/shop\/#\/schema\/logo\/image\/","url":"https:\/\/livegood.network\/shop\/wp-content\/uploads\/2024\/01\/logo-livegood-shop-main.png","contentUrl":"https:\/\/livegood.network\/shop\/wp-content\/uploads\/2024\/01\/logo-livegood-shop-main.png","width":373,"height":115,"caption":"LiveGooD"},"image":{"@id":"https:\/\/livegood.network\/shop\/#\/schema\/logo\/image\/"},"sameAs":["https:\/\/www.facebook.com\/livegoodhello"]}]}},"lang":"es-es","translations":{"es-es":734,"vi":733,"en-us":305,"fr-fr":732,"pt-pt":730,"ru-ru":735,"pt-br":715,"ko":736},"pll_sync_post":[],"_links":{"self":[{"href":"https:\/\/livegood.network\/shop\/wp-json\/wp\/v2\/product\/734","targetHints":{"allow":["GET"]}}],"collection":[{"href":"https:\/\/livegood.network\/shop\/wp-json\/wp\/v2\/product"}],"about":[{"href":"https:\/\/livegood.network\/shop\/wp-json\/wp\/v2\/types\/product"}],"replies":[{"embeddable":true,"href":"https:\/\/livegood.network\/shop\/wp-json\/wp\/v2\/comments?post=734"}],"version-history":[{"count":0,"href":"https:\/\/livegood.network\/shop\/wp-json\/wp\/v2\/product\/734\/revisions"}],"wp:featuredmedia":[{"embeddable":true,"href":"https:\/\/livegood.network\/shop\/wp-json\/wp\/v2\/media\/307"}],"wp:attachment":[{"href":"https:\/\/livegood.network\/shop\/wp-json\/wp\/v2\/media?parent=734"}],"wp:term":[{"taxonomy":"product_brand","embeddable":true,"href":"https:\/\/livegood.network\/shop\/wp-json\/wp\/v2\/product_brand?post=734"},{"taxonomy":"product_cat","embeddable":true,"href":"https:\/\/livegood.network\/shop\/wp-json\/wp\/v2\/product_cat?post=734"},{"taxonomy":"product_tag","embeddable":true,"href":"https:\/\/livegood.network\/shop\/wp-json\/wp\/v2\/product_tag?post=734"}],"curies":[{"name":"wp","href":"https:\/\/api.w.org\/{rel}","templated":true}]}}