{"id":748,"date":"2024-01-24T13:33:53","date_gmt":"2024-01-24T13:33:53","guid":{"rendered":"https:\/\/livegood.network\/shop\/?post_type=product&#038;p=748"},"modified":"2024-05-05T01:21:15","modified_gmt":"2024-05-05T01:21:15","slug":"bio-active-complete-multi-vitamin-for-men-es-es","status":"publish","type":"product","link":"https:\/\/livegood.network\/shop\/es-es\/product\/bio-active-complete-multi-vitamin-for-men-es-es\/","title":{"rendered":"Bio-Active Multivitam\u00ednico completo para hombres"},"content":{"rendered":"<p><strong>Multivitamina bioactiva completa para hombres<\/strong><\/p>\n<p>La mayor\u00eda de los hombres no obtienen las vitaminas y minerales adecuados a trav\u00e9s de su dieta diaria.\u00a0Estas deficiencias de vitaminas pueden provocar diversos problemas de salud, como un sistema inmunol\u00f3gico comprometido, ca\u00edda del cabello, problemas de la piel, disminuci\u00f3n de la visi\u00f3n, disminuci\u00f3n de la densidad \u00f3sea e incluso aumento de peso, junto con afecciones de salud m\u00e1s graves.<\/p>\n<p>Por eso es fundamental que todo el mundo incorpore un multivitam\u00ednico de alta calidad a su rutina diaria.\u00a0Un multivitam\u00ednico confiable puede cerrar las brechas nutricionales, ayudando as\u00ed a prevenir una variedad de posibles problemas de salud.<\/p>\n<p>Nuestro multivitam\u00ednico completo LiveGood BioActive est\u00e1 meticulosamente formulado con ingredientes de primera calidad en dosis \u00f3ptimas.\u00a0Proporciona al cuerpo 24 vitaminas y minerales diferentes, abordando las deficiencias nutricionales que se encuentran com\u00fanmente en la dieta de las personas.\u00a0Todo esto a un precio asequible y accesible para todos.<\/p>\n<p>Al tomar nuestro multivitam\u00ednico, puede estimular su sistema inmunol\u00f3gico, apoyar la salud cardiovascular, aliviar el estr\u00e9s y la ansiedad, preservar la vista y la densidad \u00f3sea saludables, fomentar el envejecimiento saludable y disfrutar de muchos otros beneficios para la salud.<\/p>\n<p>LiveGood BioActive Complete Multivitamin est\u00e1 dise\u00f1ado para promover el bienestar general al garantizar que su cuerpo reciba los nutrientes esenciales que pueden faltar en sus comidas habituales.<\/p>\n<p><strong>C\u00d3MO UTILIZAR:<\/strong><br \/>\nConsuma 2 c\u00e1psulas por v\u00eda oral una vez al d\u00eda con una comida.<\/p>\n<p>CONSUMO \u00d3PTIMO CON ALIMENTOS POR LAS SIGUIENTES RAZONES:<\/p>\n<ul>\n<li>Incluye vitaminas A, E, licopeno y zeaxantina, que son vitaminas liposolubles.\u00a0La presencia de grasas en la dieta ayuda a mejorar su absorci\u00f3n.\u00a0\u00a1Tenga la seguridad de que las vitaminas liposolubles esenciales adicionales, D y K, est\u00e1n contenidas en nuestro LiveGood D3\/K2!<\/li>\n<\/ul>\n<p>PREFERIBLEMENTE TOMADO POR LA MA\u00d1ANA, dada la inclusi\u00f3n de metilcobalamina (forma activa de B-12), que puede contribuir a un aumento de energ\u00eda.\u00a0\u00a1Nuestro objetivo es evitar cualquier impacto adverso en su sue\u00f1o!<\/p>\n<p>RECOMENDADO PARA USO DIARIO, ya que varias vitaminas y minerales cruciales requieren alcanzar una concentraci\u00f3n constante en el cuerpo.\u00a0Establecer este equilibrio lleva tiempo, lo que hace que la ingesta diaria sea \u00f3ptima.<\/p>\n","protected":false},"excerpt":{"rendered":"<p><img decoding=\"async\" class=\"emoji\" role=\"img\" draggable=\"false\" src=\"https:\/\/s.w.org\/images\/core\/emoji\/14.0.0\/svg\/1f49a.svg\" alt=\"LiveGooD Love\" \/> 24 Vitaminas y Minerales<br \/>\n<img decoding=\"async\" class=\"emoji\" role=\"img\" draggable=\"false\" src=\"https:\/\/s.w.org\/images\/core\/emoji\/14.0.0\/svg\/1f49a.svg\" alt=\"LiveGooD Love\" \/>\u00a0Apoyo inmunol\u00f3gico y cardiovascular<br \/>\n<img decoding=\"async\" class=\"emoji\" role=\"img\" draggable=\"false\" src=\"https:\/\/s.w.org\/images\/core\/emoji\/14.0.0\/svg\/1f49a.svg\" alt=\"LiveGooD Love\" \/>\u00a0Promueve el envejecimiento saludable<\/p>\n<p>Obtener vitaminas y minerales adecuados a trav\u00e9s de su dieta diaria.<\/p>\n","protected":false},"featured_media":185,"comment_status":"open","ping_status":"closed","template":"","meta":[],"product_brand":[],"product_cat":[178,240],"product_tag":[],"class_list":{"0":"post-748","1":"product","2":"type-product","3":"status-publish","4":"has-post-thumbnail","6":"product_cat-men-es-es","7":"product_cat-vitamin-es-es","9":"first","10":"instock","11":"sale","12":"shipping-taxable","13":"product-type-external"},"yoast_head":"<!-- This site is optimized with the Yoast SEO Premium plugin v20.6 (Yoast SEO v21.8.1) - https:\/\/yoast.com\/wordpress\/plugins\/seo\/ -->\n<title>Bio-Active Multivitam\u00ednico completo para hombres - LiveGooD Shop<\/title>\n<meta name=\"robots\" content=\"index, follow, max-snippet:-1, max-image-preview:large, max-video-preview:-1\" \/>\n<link rel=\"canonical\" href=\"https:\/\/livegood.network\/shop\/es-es\/product\/bio-active-complete-multi-vitamin-for-men-es-es\/\" \/>\n<meta property=\"og:locale\" content=\"en_US\" \/>\n<meta property=\"og:type\" content=\"article\" \/>\n<meta property=\"og:title\" content=\"Bio-Active Multivitam\u00ednico completo para hombres\" \/>\n<meta property=\"og:description\" content=\"24 Vitaminas y Minerales \u00a0Apoyo inmunol\u00f3gico y cardiovascular \u00a0Promueve el envejecimiento saludable  Obtener vitaminas y minerales adecuados a trav\u00e9s de su dieta diaria.\" \/>\n<meta property=\"og:url\" content=\"https:\/\/livegood.network\/shop\/es-es\/product\/bio-active-complete-multi-vitamin-for-men-es-es\/\" \/>\n<meta property=\"article:publisher\" content=\"https:\/\/www.facebook.com\/livegoodhello\" \/>\n<meta property=\"article:modified_time\" content=\"2024-05-05T01:21:15+00:00\" \/>\n<meta property=\"og:image\" content=\"https:\/\/livegood.network\/shop\/wp-content\/uploads\/2024\/01\/multi-vitamin-men-shop-livegood.png\" \/>\n\t<meta property=\"og:image:width\" content=\"720\" \/>\n\t<meta property=\"og:image:height\" content=\"720\" \/>\n\t<meta property=\"og:image:type\" content=\"image\/png\" \/>\n<meta name=\"twitter:card\" content=\"summary_large_image\" \/>\n<meta name=\"twitter:label1\" content=\"Est. reading time\" \/>\n\t<meta name=\"twitter:data1\" content=\"2 minutes\" \/>\n<script type=\"application\/ld+json\" class=\"yoast-schema-graph\">{\"@context\":\"https:\/\/schema.org\",\"@graph\":[{\"@type\":\"WebPage\",\"@id\":\"https:\/\/livegood.network\/shop\/es-es\/product\/bio-active-complete-multi-vitamin-for-men-es-es\/\",\"url\":\"https:\/\/livegood.network\/shop\/es-es\/product\/bio-active-complete-multi-vitamin-for-men-es-es\/\",\"name\":\"Bio-Active Multivitam\u00ednico completo para hombres - LiveGooD Shop\",\"isPartOf\":{\"@id\":\"https:\/\/livegood.network\/shop\/#website\"},\"datePublished\":\"2024-01-24T13:33:53+00:00\",\"dateModified\":\"2024-05-05T01:21:15+00:00\",\"breadcrumb\":{\"@id\":\"https:\/\/livegood.network\/shop\/es-es\/product\/bio-active-complete-multi-vitamin-for-men-es-es\/#breadcrumb\"},\"inLanguage\":\"en-US\",\"potentialAction\":[{\"@type\":\"ReadAction\",\"target\":[\"https:\/\/livegood.network\/shop\/es-es\/product\/bio-active-complete-multi-vitamin-for-men-es-es\/\"]}]},{\"@type\":\"BreadcrumbList\",\"@id\":\"https:\/\/livegood.network\/shop\/es-es\/product\/bio-active-complete-multi-vitamin-for-men-es-es\/#breadcrumb\",\"itemListElement\":[{\"@type\":\"ListItem\",\"position\":1,\"name\":\"Home\",\"item\":\"https:\/\/livegood.network\/shop\/pt-br\/\"},{\"@type\":\"ListItem\",\"position\":2,\"name\":\"Shop\",\"item\":\"https:\/\/livegood.network\/shop\/shop\/\"},{\"@type\":\"ListItem\",\"position\":3,\"name\":\"Bio-Active Multivitam\u00ednico completo para hombres\"}]},{\"@type\":\"WebSite\",\"@id\":\"https:\/\/livegood.network\/shop\/#website\",\"url\":\"https:\/\/livegood.network\/shop\/\",\"name\":\"LiveGooD Shop\",\"description\":\"\",\"publisher\":{\"@id\":\"https:\/\/livegood.network\/shop\/#organization\"},\"potentialAction\":[{\"@type\":\"SearchAction\",\"target\":{\"@type\":\"EntryPoint\",\"urlTemplate\":\"https:\/\/livegood.network\/shop\/?s={search_term_string}\"},\"query-input\":\"required name=search_term_string\"}],\"inLanguage\":\"en-US\"},{\"@type\":\"Organization\",\"@id\":\"https:\/\/livegood.network\/shop\/#organization\",\"name\":\"LiveGooD\",\"url\":\"https:\/\/livegood.network\/shop\/\",\"logo\":{\"@type\":\"ImageObject\",\"inLanguage\":\"en-US\",\"@id\":\"https:\/\/livegood.network\/shop\/#\/schema\/logo\/image\/\",\"url\":\"https:\/\/livegood.network\/shop\/wp-content\/uploads\/2024\/01\/logo-livegood-shop-main.png\",\"contentUrl\":\"https:\/\/livegood.network\/shop\/wp-content\/uploads\/2024\/01\/logo-livegood-shop-main.png\",\"width\":373,\"height\":115,\"caption\":\"LiveGooD\"},\"image\":{\"@id\":\"https:\/\/livegood.network\/shop\/#\/schema\/logo\/image\/\"},\"sameAs\":[\"https:\/\/www.facebook.com\/livegoodhello\"]}]}<\/script>\n<!-- \/ Yoast SEO Premium plugin. -->","yoast_head_json":{"title":"Bio-Active Multivitam\u00ednico completo para hombres - LiveGooD Shop","robots":{"index":"index","follow":"follow","max-snippet":"max-snippet:-1","max-image-preview":"max-image-preview:large","max-video-preview":"max-video-preview:-1"},"canonical":"https:\/\/livegood.network\/shop\/es-es\/product\/bio-active-complete-multi-vitamin-for-men-es-es\/","og_locale":"en_US","og_type":"article","og_title":"Bio-Active Multivitam\u00ednico completo para hombres","og_description":"24 Vitaminas y Minerales \u00a0Apoyo inmunol\u00f3gico y cardiovascular \u00a0Promueve el envejecimiento saludable  Obtener vitaminas y minerales adecuados a trav\u00e9s de su dieta diaria.","og_url":"https:\/\/livegood.network\/shop\/es-es\/product\/bio-active-complete-multi-vitamin-for-men-es-es\/","article_publisher":"https:\/\/www.facebook.com\/livegoodhello","article_modified_time":"2024-05-05T01:21:15+00:00","og_image":[{"width":720,"height":720,"url":"https:\/\/livegood.network\/shop\/wp-content\/uploads\/2024\/01\/multi-vitamin-men-shop-livegood.png","type":"image\/png"}],"twitter_card":"summary_large_image","twitter_misc":{"Est. reading time":"2 minutes"},"schema":{"@context":"https:\/\/schema.org","@graph":[{"@type":"WebPage","@id":"https:\/\/livegood.network\/shop\/es-es\/product\/bio-active-complete-multi-vitamin-for-men-es-es\/","url":"https:\/\/livegood.network\/shop\/es-es\/product\/bio-active-complete-multi-vitamin-for-men-es-es\/","name":"Bio-Active Multivitam\u00ednico completo para hombres - LiveGooD Shop","isPartOf":{"@id":"https:\/\/livegood.network\/shop\/#website"},"datePublished":"2024-01-24T13:33:53+00:00","dateModified":"2024-05-05T01:21:15+00:00","breadcrumb":{"@id":"https:\/\/livegood.network\/shop\/es-es\/product\/bio-active-complete-multi-vitamin-for-men-es-es\/#breadcrumb"},"inLanguage":"en-US","potentialAction":[{"@type":"ReadAction","target":["https:\/\/livegood.network\/shop\/es-es\/product\/bio-active-complete-multi-vitamin-for-men-es-es\/"]}]},{"@type":"BreadcrumbList","@id":"https:\/\/livegood.network\/shop\/es-es\/product\/bio-active-complete-multi-vitamin-for-men-es-es\/#breadcrumb","itemListElement":[{"@type":"ListItem","position":1,"name":"Home","item":"https:\/\/livegood.network\/shop\/pt-br\/"},{"@type":"ListItem","position":2,"name":"Shop","item":"https:\/\/livegood.network\/shop\/shop\/"},{"@type":"ListItem","position":3,"name":"Bio-Active Multivitam\u00ednico completo para hombres"}]},{"@type":"WebSite","@id":"https:\/\/livegood.network\/shop\/#website","url":"https:\/\/livegood.network\/shop\/","name":"LiveGooD Shop","description":"","publisher":{"@id":"https:\/\/livegood.network\/shop\/#organization"},"potentialAction":[{"@type":"SearchAction","target":{"@type":"EntryPoint","urlTemplate":"https:\/\/livegood.network\/shop\/?s={search_term_string}"},"query-input":"required name=search_term_string"}],"inLanguage":"en-US"},{"@type":"Organization","@id":"https:\/\/livegood.network\/shop\/#organization","name":"LiveGooD","url":"https:\/\/livegood.network\/shop\/","logo":{"@type":"ImageObject","inLanguage":"en-US","@id":"https:\/\/livegood.network\/shop\/#\/schema\/logo\/image\/","url":"https:\/\/livegood.network\/shop\/wp-content\/uploads\/2024\/01\/logo-livegood-shop-main.png","contentUrl":"https:\/\/livegood.network\/shop\/wp-content\/uploads\/2024\/01\/logo-livegood-shop-main.png","width":373,"height":115,"caption":"LiveGooD"},"image":{"@id":"https:\/\/livegood.network\/shop\/#\/schema\/logo\/image\/"},"sameAs":["https:\/\/www.facebook.com\/livegoodhello"]}]}},"lang":"es-es","translations":{"es-es":748,"en-us":181,"fr-fr":747,"pt-pt":744,"vi":749,"ru-ru":750,"pt-br":743,"ko":755},"pll_sync_post":[],"_links":{"self":[{"href":"https:\/\/livegood.network\/shop\/wp-json\/wp\/v2\/product\/748","targetHints":{"allow":["GET"]}}],"collection":[{"href":"https:\/\/livegood.network\/shop\/wp-json\/wp\/v2\/product"}],"about":[{"href":"https:\/\/livegood.network\/shop\/wp-json\/wp\/v2\/types\/product"}],"replies":[{"embeddable":true,"href":"https:\/\/livegood.network\/shop\/wp-json\/wp\/v2\/comments?post=748"}],"version-history":[{"count":1,"href":"https:\/\/livegood.network\/shop\/wp-json\/wp\/v2\/product\/748\/revisions"}],"predecessor-version":[{"id":1621,"href":"https:\/\/livegood.network\/shop\/wp-json\/wp\/v2\/product\/748\/revisions\/1621"}],"wp:featuredmedia":[{"embeddable":true,"href":"https:\/\/livegood.network\/shop\/wp-json\/wp\/v2\/media\/185"}],"wp:attachment":[{"href":"https:\/\/livegood.network\/shop\/wp-json\/wp\/v2\/media?parent=748"}],"wp:term":[{"taxonomy":"product_brand","embeddable":true,"href":"https:\/\/livegood.network\/shop\/wp-json\/wp\/v2\/product_brand?post=748"},{"taxonomy":"product_cat","embeddable":true,"href":"https:\/\/livegood.network\/shop\/wp-json\/wp\/v2\/product_cat?post=748"},{"taxonomy":"product_tag","embeddable":true,"href":"https:\/\/livegood.network\/shop\/wp-json\/wp\/v2\/product_tag?post=748"}],"curies":[{"name":"wp","href":"https:\/\/api.w.org\/{rel}","templated":true}]}}