{"id":762,"date":"2024-01-24T14:27:00","date_gmt":"2024-01-24T14:27:00","guid":{"rendered":"https:\/\/livegood.network\/shop\/?post_type=product&#038;p=762"},"modified":"2024-01-24T14:27:02","modified_gmt":"2024-01-24T14:27:02","slug":"bio-active-women-fr-fr","status":"publish","type":"product","link":"https:\/\/livegood.network\/shop\/fr-fr\/product\/bio-active-women-fr-fr\/","title":{"rendered":"Bio-Active Multivitamines compl\u00e8tes pour femmes avec du fer"},"content":{"rendered":"<p><strong><span>Multivitamine bio-active compl\u00e8te pour femmes avec du fer<\/span><\/strong><\/p>\n<p><span>La majorit\u00e9 des femmes n\u2019obtiennent pas suffisamment de vitamines et de min\u00e9raux dans leur alimentation quotidienne.\u00a0De telles carences peuvent entra\u00eener divers probl\u00e8mes de sant\u00e9, notamment un syst\u00e8me immunitaire affaibli, une perte de cheveux, des probl\u00e8mes de peau, une vision diminu\u00e9e, une densit\u00e9 osseuse r\u00e9duite et m\u00eame une prise de poids, ainsi que des probl\u00e8mes de sant\u00e9 plus graves.<\/span><\/p>\n<p><span>C\u2019est pourquoi il est crucial que TOUT LE MONDE int\u00e8gre une multivitamine de haute qualit\u00e9 dans sa routine quotidienne.\u00a0Une multivitamine fiable peut combler les carences nutritionnelles, contribuant ainsi \u00e0 pr\u00e9venir toute une s\u00e9rie de probl\u00e8mes de sant\u00e9 potentiels.<\/span><\/p>\n<p><span>Notre multivitamine compl\u00e8te bio-active LiveGood pour femmes est m\u00e9ticuleusement formul\u00e9e avec des ingr\u00e9dients de premi\u00e8re qualit\u00e9 \u00e0 des dosages optimaux.\u00a0Il fournit au corps 24 vitamines et min\u00e9raux diff\u00e9rents, r\u00e9pondant aux carences nutritionnelles couramment rencontr\u00e9es dans l&#8217;alimentation humaine, le tout \u00e0 un prix abordable et accessible \u00e0 tous.<\/span><\/p>\n<p><span>De plus, reconnaissant que les femmes ont besoin de plus de fer pour compenser la quantit\u00e9 perdue au cours de leur cycle menstruel, notre multivitamine pour femmes comprend du fer de la plus haute qualit\u00e9 pour votre corps.<\/span><\/p>\n<p><span>En prenant notre multivitamine, vous pouvez renforcer votre syst\u00e8me immunitaire, soutenir votre sant\u00e9 cardiovasculaire, soulager le stress et l&#8217;anxi\u00e9t\u00e9, pr\u00e9server une vue et une densit\u00e9 osseuse saines, favoriser un vieillissement en bonne sant\u00e9 et profiter de nombreux autres bienfaits pour la sant\u00e9.<\/span><\/p>\n<p><span>LiveGood BioActive Complete Multivitamin est con\u00e7u pour favoriser le bien-\u00eatre g\u00e9n\u00e9ral en garantissant que votre corps re\u00e7oive les nutriments essentiels qui pourraient manquer dans vos repas habituels.<\/span><\/p>\n<p><strong><span>Comment utiliser :<\/span><\/strong><br \/>\n<span>Consommer 2 g\u00e9lules par voie orale une fois par jour avec un repas.<\/span><\/p>\n<p><span>CONSOMMATION OPTIMALE AVEC LA NOURRITURE POUR LES RAISONS SUIVANTES\u00a0:<\/span><\/p>\n<ul>\n<li><span>Comprend les vitamines A, E, le lycop\u00e8ne et la z\u00e9axanthine, qui sont des vitamines liposolubles.\u00a0La pr\u00e9sence de graisses alimentaires contribue \u00e0 leur meilleure absorption.\u00a0Rassurez-vous, les vitamines liposolubles essentielles suppl\u00e9mentaires, D et K, sont contenues dans notre LiveGood D3\/K2 !<\/span><\/li>\n<\/ul>\n<p><span>\u00c0 PRENDRE DE PR\u00c9F\u00c9RENCE LE MATIN, compte tenu de l&#8217;inclusion de m\u00e9thylcobalamine (forme active du B-12), qui peut contribuer \u00e0 un regain d&#8217;\u00e9nergie.\u00a0Notre objectif est d\u2019\u00e9viter tout impact n\u00e9gatif sur votre sommeil\u00a0!<\/span><\/p>\n<p><span>RECOMMAND\u00c9 POUR UNE UTILISATION QUOTIDIENNE, car plusieurs vitamines et min\u00e9raux essentiels n\u00e9cessitent d&#8217;atteindre une concentration constante dans le corps.\u00a0\u00c9tablir cet \u00e9quilibre prend du temps, ce qui rend l&#8217;apport quotidien optimal.<\/span><\/p>\n","protected":false},"excerpt":{"rendered":"<p><img decoding=\"async\" class=\"emoji\" role=\"img\" draggable=\"false\" src=\"https:\/\/s.w.org\/images\/core\/emoji\/14.0.0\/svg\/1f49a.svg\" alt=\"????\" \/> <span>24 vitamines et min\u00e9raux<\/span><br \/>\n<img decoding=\"async\" class=\"emoji\" role=\"img\" draggable=\"false\" src=\"https:\/\/s.w.org\/images\/core\/emoji\/14.0.0\/svg\/1f49a.svg\" alt=\"????\" \/> <span>Le soutien immunitaire et cardiovasculaire<\/span><br \/>\n<img decoding=\"async\" class=\"emoji\" role=\"img\" draggable=\"false\" src=\"https:\/\/s.w.org\/images\/core\/emoji\/14.0.0\/svg\/1f49a.svg\" alt=\"????\" \/> F<span>avorise un vieillissement en bonne sant\u00e9<\/span><\/p>\n<p><span>Une multivitamine fiable peut combler les carences nutritionnelles, contribuant ainsi \u00e0 pr\u00e9venir toute une s\u00e9rie de probl\u00e8mes de sant\u00e9 potentiels.<\/span><\/p>\n","protected":false},"featured_media":187,"comment_status":"open","ping_status":"closed","template":"","meta":[],"product_brand":[],"product_cat":[125,238],"product_tag":[],"class_list":{"0":"post-762","1":"product","2":"type-product","3":"status-publish","4":"has-post-thumbnail","6":"product_cat-women-fr-fr","7":"product_cat-vitamin-fr-fr","9":"first","10":"instock","11":"sale","12":"shipping-taxable","13":"product-type-external"},"yoast_head":"<!-- This site is optimized with the Yoast SEO Premium plugin v20.6 (Yoast SEO v21.8.1) - https:\/\/yoast.com\/wordpress\/plugins\/seo\/ -->\n<title>Bio-Active Multivitamines compl\u00e8tes pour femmes avec du fer - LiveGooD Shop<\/title>\n<meta name=\"robots\" content=\"index, follow, max-snippet:-1, max-image-preview:large, max-video-preview:-1\" \/>\n<link rel=\"canonical\" href=\"https:\/\/livegood.network\/shop\/fr-fr\/product\/bio-active-women-fr-fr\/\" \/>\n<meta property=\"og:locale\" content=\"en_US\" \/>\n<meta property=\"og:type\" content=\"article\" \/>\n<meta property=\"og:title\" content=\"Bio-Active Multivitamines compl\u00e8tes pour femmes avec du fer\" \/>\n<meta property=\"og:description\" content=\"24 vitamines et min\u00e9raux  Le soutien immunitaire et cardiovasculaire  Favorise un vieillissement en bonne sant\u00e9  Une multivitamine fiable peut combler les carences nutritionnelles, contribuant ainsi \u00e0 pr\u00e9venir toute une s\u00e9rie de probl\u00e8mes de sant\u00e9 potentiels.\" \/>\n<meta property=\"og:url\" content=\"https:\/\/livegood.network\/shop\/fr-fr\/product\/bio-active-women-fr-fr\/\" \/>\n<meta property=\"article:publisher\" content=\"https:\/\/www.facebook.com\/livegoodhello\" \/>\n<meta property=\"article:modified_time\" content=\"2024-01-24T14:27:02+00:00\" \/>\n<meta property=\"og:image\" content=\"https:\/\/livegood.network\/shop\/wp-content\/uploads\/2024\/01\/multi-vitamin-women-livegood.png\" \/>\n\t<meta property=\"og:image:width\" content=\"720\" \/>\n\t<meta property=\"og:image:height\" content=\"720\" \/>\n\t<meta property=\"og:image:type\" content=\"image\/png\" \/>\n<meta name=\"twitter:card\" content=\"summary_large_image\" \/>\n<meta name=\"twitter:label1\" content=\"Est. reading time\" \/>\n\t<meta name=\"twitter:data1\" content=\"2 minutes\" \/>\n<script type=\"application\/ld+json\" class=\"yoast-schema-graph\">{\"@context\":\"https:\/\/schema.org\",\"@graph\":[{\"@type\":\"WebPage\",\"@id\":\"https:\/\/livegood.network\/shop\/fr-fr\/product\/bio-active-women-fr-fr\/\",\"url\":\"https:\/\/livegood.network\/shop\/fr-fr\/product\/bio-active-women-fr-fr\/\",\"name\":\"Bio-Active Multivitamines compl\u00e8tes pour femmes avec du fer - LiveGooD Shop\",\"isPartOf\":{\"@id\":\"https:\/\/livegood.network\/shop\/#website\"},\"datePublished\":\"2024-01-24T14:27:00+00:00\",\"dateModified\":\"2024-01-24T14:27:02+00:00\",\"breadcrumb\":{\"@id\":\"https:\/\/livegood.network\/shop\/fr-fr\/product\/bio-active-women-fr-fr\/#breadcrumb\"},\"inLanguage\":\"en-US\",\"potentialAction\":[{\"@type\":\"ReadAction\",\"target\":[\"https:\/\/livegood.network\/shop\/fr-fr\/product\/bio-active-women-fr-fr\/\"]}]},{\"@type\":\"BreadcrumbList\",\"@id\":\"https:\/\/livegood.network\/shop\/fr-fr\/product\/bio-active-women-fr-fr\/#breadcrumb\",\"itemListElement\":[{\"@type\":\"ListItem\",\"position\":1,\"name\":\"Home\",\"item\":\"https:\/\/livegood.network\/shop\/pt-br\/\"},{\"@type\":\"ListItem\",\"position\":2,\"name\":\"Shop\",\"item\":\"https:\/\/livegood.network\/shop\/shop\/\"},{\"@type\":\"ListItem\",\"position\":3,\"name\":\"Bio-Active Multivitamines compl\u00e8tes pour femmes avec du fer\"}]},{\"@type\":\"WebSite\",\"@id\":\"https:\/\/livegood.network\/shop\/#website\",\"url\":\"https:\/\/livegood.network\/shop\/\",\"name\":\"LiveGooD Shop\",\"description\":\"\",\"publisher\":{\"@id\":\"https:\/\/livegood.network\/shop\/#organization\"},\"potentialAction\":[{\"@type\":\"SearchAction\",\"target\":{\"@type\":\"EntryPoint\",\"urlTemplate\":\"https:\/\/livegood.network\/shop\/?s={search_term_string}\"},\"query-input\":\"required name=search_term_string\"}],\"inLanguage\":\"en-US\"},{\"@type\":\"Organization\",\"@id\":\"https:\/\/livegood.network\/shop\/#organization\",\"name\":\"LiveGooD\",\"url\":\"https:\/\/livegood.network\/shop\/\",\"logo\":{\"@type\":\"ImageObject\",\"inLanguage\":\"en-US\",\"@id\":\"https:\/\/livegood.network\/shop\/#\/schema\/logo\/image\/\",\"url\":\"https:\/\/livegood.network\/shop\/wp-content\/uploads\/2024\/01\/logo-livegood-shop-main.png\",\"contentUrl\":\"https:\/\/livegood.network\/shop\/wp-content\/uploads\/2024\/01\/logo-livegood-shop-main.png\",\"width\":373,\"height\":115,\"caption\":\"LiveGooD\"},\"image\":{\"@id\":\"https:\/\/livegood.network\/shop\/#\/schema\/logo\/image\/\"},\"sameAs\":[\"https:\/\/www.facebook.com\/livegoodhello\"]}]}<\/script>\n<!-- \/ Yoast SEO Premium plugin. -->","yoast_head_json":{"title":"Bio-Active Multivitamines compl\u00e8tes pour femmes avec du fer - LiveGooD Shop","robots":{"index":"index","follow":"follow","max-snippet":"max-snippet:-1","max-image-preview":"max-image-preview:large","max-video-preview":"max-video-preview:-1"},"canonical":"https:\/\/livegood.network\/shop\/fr-fr\/product\/bio-active-women-fr-fr\/","og_locale":"en_US","og_type":"article","og_title":"Bio-Active Multivitamines compl\u00e8tes pour femmes avec du fer","og_description":"24 vitamines et min\u00e9raux  Le soutien immunitaire et cardiovasculaire  Favorise un vieillissement en bonne sant\u00e9  Une multivitamine fiable peut combler les carences nutritionnelles, contribuant ainsi \u00e0 pr\u00e9venir toute une s\u00e9rie de probl\u00e8mes de sant\u00e9 potentiels.","og_url":"https:\/\/livegood.network\/shop\/fr-fr\/product\/bio-active-women-fr-fr\/","article_publisher":"https:\/\/www.facebook.com\/livegoodhello","article_modified_time":"2024-01-24T14:27:02+00:00","og_image":[{"width":720,"height":720,"url":"https:\/\/livegood.network\/shop\/wp-content\/uploads\/2024\/01\/multi-vitamin-women-livegood.png","type":"image\/png"}],"twitter_card":"summary_large_image","twitter_misc":{"Est. reading time":"2 minutes"},"schema":{"@context":"https:\/\/schema.org","@graph":[{"@type":"WebPage","@id":"https:\/\/livegood.network\/shop\/fr-fr\/product\/bio-active-women-fr-fr\/","url":"https:\/\/livegood.network\/shop\/fr-fr\/product\/bio-active-women-fr-fr\/","name":"Bio-Active Multivitamines compl\u00e8tes pour femmes avec du fer - LiveGooD Shop","isPartOf":{"@id":"https:\/\/livegood.network\/shop\/#website"},"datePublished":"2024-01-24T14:27:00+00:00","dateModified":"2024-01-24T14:27:02+00:00","breadcrumb":{"@id":"https:\/\/livegood.network\/shop\/fr-fr\/product\/bio-active-women-fr-fr\/#breadcrumb"},"inLanguage":"en-US","potentialAction":[{"@type":"ReadAction","target":["https:\/\/livegood.network\/shop\/fr-fr\/product\/bio-active-women-fr-fr\/"]}]},{"@type":"BreadcrumbList","@id":"https:\/\/livegood.network\/shop\/fr-fr\/product\/bio-active-women-fr-fr\/#breadcrumb","itemListElement":[{"@type":"ListItem","position":1,"name":"Home","item":"https:\/\/livegood.network\/shop\/pt-br\/"},{"@type":"ListItem","position":2,"name":"Shop","item":"https:\/\/livegood.network\/shop\/shop\/"},{"@type":"ListItem","position":3,"name":"Bio-Active Multivitamines compl\u00e8tes pour femmes avec du fer"}]},{"@type":"WebSite","@id":"https:\/\/livegood.network\/shop\/#website","url":"https:\/\/livegood.network\/shop\/","name":"LiveGooD Shop","description":"","publisher":{"@id":"https:\/\/livegood.network\/shop\/#organization"},"potentialAction":[{"@type":"SearchAction","target":{"@type":"EntryPoint","urlTemplate":"https:\/\/livegood.network\/shop\/?s={search_term_string}"},"query-input":"required name=search_term_string"}],"inLanguage":"en-US"},{"@type":"Organization","@id":"https:\/\/livegood.network\/shop\/#organization","name":"LiveGooD","url":"https:\/\/livegood.network\/shop\/","logo":{"@type":"ImageObject","inLanguage":"en-US","@id":"https:\/\/livegood.network\/shop\/#\/schema\/logo\/image\/","url":"https:\/\/livegood.network\/shop\/wp-content\/uploads\/2024\/01\/logo-livegood-shop-main.png","contentUrl":"https:\/\/livegood.network\/shop\/wp-content\/uploads\/2024\/01\/logo-livegood-shop-main.png","width":373,"height":115,"caption":"LiveGooD"},"image":{"@id":"https:\/\/livegood.network\/shop\/#\/schema\/logo\/image\/"},"sameAs":["https:\/\/www.facebook.com\/livegoodhello"]}]}},"lang":"fr-fr","translations":{"fr-fr":762,"pt-pt":774,"pt-br":760,"en-us":186,"es-es":763,"vi":765,"ru-ru":767,"ko":769},"pll_sync_post":[],"_links":{"self":[{"href":"https:\/\/livegood.network\/shop\/wp-json\/wp\/v2\/product\/762","targetHints":{"allow":["GET"]}}],"collection":[{"href":"https:\/\/livegood.network\/shop\/wp-json\/wp\/v2\/product"}],"about":[{"href":"https:\/\/livegood.network\/shop\/wp-json\/wp\/v2\/types\/product"}],"replies":[{"embeddable":true,"href":"https:\/\/livegood.network\/shop\/wp-json\/wp\/v2\/comments?post=762"}],"version-history":[{"count":0,"href":"https:\/\/livegood.network\/shop\/wp-json\/wp\/v2\/product\/762\/revisions"}],"wp:featuredmedia":[{"embeddable":true,"href":"https:\/\/livegood.network\/shop\/wp-json\/wp\/v2\/media\/187"}],"wp:attachment":[{"href":"https:\/\/livegood.network\/shop\/wp-json\/wp\/v2\/media?parent=762"}],"wp:term":[{"taxonomy":"product_brand","embeddable":true,"href":"https:\/\/livegood.network\/shop\/wp-json\/wp\/v2\/product_brand?post=762"},{"taxonomy":"product_cat","embeddable":true,"href":"https:\/\/livegood.network\/shop\/wp-json\/wp\/v2\/product_cat?post=762"},{"taxonomy":"product_tag","embeddable":true,"href":"https:\/\/livegood.network\/shop\/wp-json\/wp\/v2\/product_tag?post=762"}],"curies":[{"name":"wp","href":"https:\/\/api.w.org\/{rel}","templated":true}]}}