{"id":765,"date":"2024-01-24T14:30:12","date_gmt":"2024-01-24T14:30:12","guid":{"rendered":"https:\/\/livegood.network\/shop\/?post_type=product&#038;p=765"},"modified":"2024-01-24T14:30:13","modified_gmt":"2024-01-24T14:30:13","slug":"bio-active-women-vi","status":"publish","type":"product","link":"https:\/\/livegood.network\/shop\/vi\/product\/bio-active-women-vi\/","title":{"rendered":"Bio-Active Vitamin t\u1ed5ng h\u1ee3p ho\u00e0n ch\u1ec9nh cho ph\u1ee5 n\u1eef c\u00f3 ch\u1ea5t s\u1eaft"},"content":{"rendered":"<p><strong><span>Vitamin t\u1ed5ng h\u1ee3p ho\u1ea1t t\u00ednh sinh h\u1ecdc ho\u00e0n ch\u1ec9nh d\u00e0nh cho ph\u1ee5 n\u1eef c\u00f3 ch\u1ea5t s\u1eaft<\/span><\/strong><\/p>\n<p><span>Ph\u1ea7n l\u1edbn ph\u1ee5 n\u1eef kh\u00f4ng nh\u1eadn \u0111\u1ee7 vitamin v\u00e0 kho\u00e1ng ch\u1ea5t th\u00f4ng qua ch\u1ebf \u0111\u1ed9 \u0103n u\u1ed1ng h\u00e0ng ng\u00e0y.\u00a0S\u1ef1 thi\u1ebfu h\u1ee5t nh\u01b0 v\u1eady c\u00f3 th\u1ec3 d\u1eabn \u0111\u1ebfn nhi\u1ec1u v\u1ea5n \u0111\u1ec1 s\u1ee9c kh\u1ecfe kh\u00e1c nhau, bao g\u1ed3m h\u1ec7 th\u1ed1ng mi\u1ec5n d\u1ecbch b\u1ecb t\u1ed5n h\u1ea1i, r\u1ee5ng t\u00f3c, c\u00e1c v\u1ea5n \u0111\u1ec1 v\u1ec1 da, gi\u1ea3m th\u1ecb l\u1ef1c, gi\u1ea3m m\u1eadt \u0111\u1ed9 x\u01b0\u01a1ng v\u00e0 th\u1eadm ch\u00ed t\u0103ng c\u00e2n, c\u00f9ng v\u1edbi c\u00e1c t\u00ecnh tr\u1ea1ng s\u1ee9c kh\u1ecfe nghi\u00eam tr\u1ecdng h\u01a1n.<\/span><\/p>\n<p><span>\u0110\u00e2y l\u00e0 l\u00fd do t\u1ea1i sao M\u1eccI NG\u01af\u1edcI c\u1ea7n k\u1ebft h\u1ee3p vitamin t\u1ed5ng h\u1ee3p ch\u1ea5t l\u01b0\u1ee3ng cao v\u00e0o th\u00f3i quen h\u00e0ng ng\u00e0y c\u1ee7a m\u00ecnh.\u00a0M\u1ed9t lo\u1ea1i vitamin t\u1ed5ng h\u1ee3p \u0111\u00e1ng tin c\u1eady c\u00f3 th\u1ec3 thu h\u1eb9p kho\u1ea3ng c\u00e1ch dinh d\u01b0\u1ee1ng, t\u1eeb \u0111\u00f3 gi\u00fap ng\u0103n ng\u1eeba m\u1ed9t lo\u1ea1t c\u00e1c v\u1ea5n \u0111\u1ec1 s\u1ee9c kh\u1ecfe ti\u1ec1m \u1ea9n.<\/span><\/p>\n<p><span>Vitamin t\u1ed5ng h\u1ee3p ho\u00e0n ch\u1ec9nh LiveGood Bio-Active d\u00e0nh cho ph\u1ee5 n\u1eef c\u1ee7a ch\u00fang t\u00f4i \u0111\u01b0\u1ee3c pha ch\u1ebf t\u1ec9 m\u1ec9 v\u1edbi c\u00e1c th\u00e0nh ph\u1ea7n cao c\u1ea5p v\u1edbi li\u1ec1u l\u01b0\u1ee3ng t\u1ed1i \u01b0u.\u00a0N\u00f3 cung c\u1ea5p cho c\u01a1 th\u1ec3 24 lo\u1ea1i vitamin v\u00e0 kho\u00e1ng ch\u1ea5t kh\u00e1c nhau, gi\u1ea3i quy\u1ebft nh\u1eefng thi\u1ebfu h\u1ee5t dinh d\u01b0\u1ee1ng th\u01b0\u1eddng th\u1ea5y trong ch\u1ebf \u0111\u1ed9 \u0103n u\u1ed1ng c\u1ee7a m\u1ecdi ng\u01b0\u1eddi, t\u1ea5t c\u1ea3 \u0111\u1ec1u \u1edf m\u1ee9c gi\u00e1 ph\u1ea3i ch\u0103ng cho m\u1ecdi ng\u01b0\u1eddi.<\/span><\/p>\n<p><span>Ngo\u00e0i ra, nh\u1eadn th\u1ea5y r\u1eb1ng ph\u1ee5 n\u1eef c\u1ea7n nhi\u1ec1u ch\u1ea5t s\u1eaft h\u01a1n \u0111\u1ec3 b\u00f9 \u0111\u1eafp l\u01b0\u1ee3ng s\u1eaft b\u1ecb m\u1ea5t trong chu k\u1ef3 kinh nguy\u1ec7t, Vitamin t\u1ed5ng h\u1ee3p d\u00e0nh cho ph\u1ee5 n\u1eef c\u1ee7a ch\u00fang t\u00f4i bao g\u1ed3m ch\u1ea5t s\u1eaft ch\u1ea5t l\u01b0\u1ee3ng cao nh\u1ea5t cho c\u01a1 th\u1ec3 b\u1ea1n.<\/span><\/p>\n<p><span>B\u1eb1ng c\u00e1ch d\u00f9ng vitamin t\u1ed5ng h\u1ee3p c\u1ee7a ch\u00fang t\u00f4i, b\u1ea1n c\u00f3 th\u1ec3 t\u0103ng c\u01b0\u1eddng h\u1ec7 th\u1ed1ng mi\u1ec5n d\u1ecbch, h\u1ed7 tr\u1ee3 s\u1ee9c kh\u1ecfe tim m\u1ea1ch, gi\u1ea3m c\u0103ng th\u1eb3ng v\u00e0 lo l\u1eafng, duy tr\u00ec th\u1ecb l\u1ef1c v\u00e0 m\u1eadt \u0111\u1ed9 x\u01b0\u01a1ng kh\u1ecfe m\u1ea1nh, khuy\u1ebfn kh\u00edch qu\u00e1 tr\u00ecnh l\u00e3o h\u00f3a kh\u1ecfe m\u1ea1nh v\u00e0 t\u1eadn h\u01b0\u1edfng nhi\u1ec1u l\u1ee3i \u00edch s\u1ee9c kh\u1ecfe kh\u00e1c.<\/span><\/p>\n<p><span>LiveGood BioActive Complete Multivitamin \u0111\u01b0\u1ee3c thi\u1ebft k\u1ebf \u0111\u1ec3 t\u0103ng c\u01b0\u1eddng s\u1ee9c kh\u1ecfe t\u1ed5ng th\u1ec3 b\u1eb1ng c\u00e1ch \u0111\u1ea3m b\u1ea3o c\u01a1 th\u1ec3 b\u1ea1n nh\u1eadn \u0111\u01b0\u1ee3c c\u00e1c ch\u1ea5t dinh d\u01b0\u1ee1ng thi\u1ebft y\u1ebfu c\u00f3 th\u1ec3 thi\u1ebfu trong b\u1eefa \u0103n th\u00f4ng th\u01b0\u1eddng c\u1ee7a b\u1ea1n.<\/span><\/p>\n<p><strong><span>C\u00e1ch s\u1eed d\u1ee5ng:<\/span><\/strong><br \/>\n<span>U\u1ed1ng 2 vi\u00ean m\u1ed7i ng\u00e0y m\u1ed9t l\u1ea7n trong b\u1eefa \u0103n.<\/span><\/p>\n<p><span>TI\u00caU TH\u1ee4 T\u1ed0I \u01afU V\u1edaI TH\u1ef0C PH\u1ea8M V\u00cc NH\u1eeeNG L\u00dd DO SAU:<\/span><\/p>\n<ul>\n<li><span>Bao g\u1ed3m Vitamin A, E, lycopene v\u00e0 zeaxanthin, l\u00e0 nh\u1eefng vitamin tan trong ch\u1ea5t b\u00e9o.\u00a0S\u1ef1 hi\u1ec7n di\u1ec7n c\u1ee7a ch\u1ea5t b\u00e9o trong ch\u1ebf \u0111\u1ed9 \u0103n gi\u00fap t\u0103ng c\u01b0\u1eddng kh\u1ea3 n\u0103ng h\u1ea5p th\u1ee5 c\u1ee7a ch\u00fang.\u00a0H\u00e3y y\u00ean t\u00e2m, c\u00e1c vitamin tan trong ch\u1ea5t b\u00e9o thi\u1ebft y\u1ebfu, D v\u00e0 K, \u0111\u1ec1u c\u00f3 trong LiveGood D3\/K2 c\u1ee7a ch\u00fang t\u00f4i!<\/span><\/li>\n<\/ul>\n<p><span>N\u00caN U\u1ed0NG V\u00c0O S\u00c1NG, c\u00f3 ch\u1ee9a Methylcobalamin (d\u1ea1ng ho\u1ea1t \u0111\u1ed9ng c\u1ee7a B-12), c\u00f3 th\u1ec3 g\u00f3p ph\u1ea7n t\u0103ng c\u01b0\u1eddng n\u0103ng l\u01b0\u1ee3ng.\u00a0Ch\u00fang t\u00f4i mong mu\u1ed1n tr\u00e1nh m\u1ecdi t\u00e1c \u0111\u1ed9ng x\u1ea5u \u0111\u1ebfn gi\u1ea5c ng\u1ee7 c\u1ee7a b\u1ea1n!<\/span><\/p>\n<p><span>KHUY\u1ebeN NGH\u1eca S\u1eec D\u1ee4NG H\u00c0NG NG\u00c0Y, v\u00ec m\u1ed9t s\u1ed1 vitamin v\u00e0 kho\u00e1ng ch\u1ea5t quan tr\u1ecdng c\u1ea7n \u0111\u1ea1t \u0111\u01b0\u1ee3c n\u1ed3ng \u0111\u1ed9 \u1ed5n \u0111\u1ecbnh trong c\u01a1 th\u1ec3.\u00a0Vi\u1ec7c thi\u1ebft l\u1eadp s\u1ef1 c\u00e2n b\u1eb1ng n\u00e0y c\u1ea7n c\u00f3 th\u1eddi gian \u0111\u1ec3 l\u00e0m cho l\u01b0\u1ee3ng ti\u00eau th\u1ee5 h\u00e0ng ng\u00e0y tr\u1edf n\u00ean t\u1ed1i \u01b0u.<\/span><\/p>\n","protected":false},"excerpt":{"rendered":"<p><img decoding=\"async\" class=\"emoji\" role=\"img\" draggable=\"false\" src=\"https:\/\/s.w.org\/images\/core\/emoji\/14.0.0\/svg\/1f49a.svg\" alt=\"????\" \/> <span>24 Vitamin v\u00e0 Kho\u00e1ng ch\u1ea5t<\/span><br \/>\n<img decoding=\"async\" class=\"emoji\" role=\"img\" draggable=\"false\" src=\"https:\/\/s.w.org\/images\/core\/emoji\/14.0.0\/svg\/1f49a.svg\" alt=\"????\" \/> <span>H\u1ed7 tr\u1ee3 mi\u1ec5n d\u1ecbch v\u00e0 tim m\u1ea1ch<\/span><br \/>\n<img decoding=\"async\" class=\"emoji\" role=\"img\" draggable=\"false\" src=\"https:\/\/s.w.org\/images\/core\/emoji\/14.0.0\/svg\/1f49a.svg\" alt=\"????\" \/> T<span>h\u00fac \u0111\u1ea9y qu\u00e1 tr\u00ecnh l\u00e3o h\u00f3a kh\u1ecfe m\u1ea1nh<\/span><\/p>\n<p><span>M\u1ed9t lo\u1ea1i vitamin t\u1ed5ng h\u1ee3p \u0111\u00e1ng tin c\u1eady c\u00f3 th\u1ec3 thu h\u1eb9p kho\u1ea3ng c\u00e1ch dinh d\u01b0\u1ee1ng, t\u1eeb \u0111\u00f3 gi\u00fap ng\u0103n ng\u1eeba m\u1ed9t lo\u1ea1t c\u00e1c v\u1ea5n \u0111\u1ec1 s\u1ee9c kh\u1ecfe ti\u1ec1m \u1ea9n.<\/span><\/p>\n","protected":false},"featured_media":187,"comment_status":"open","ping_status":"closed","template":"","meta":[],"product_brand":[],"product_cat":[121,232],"product_tag":[],"class_list":{"0":"post-765","1":"product","2":"type-product","3":"status-publish","4":"has-post-thumbnail","6":"product_cat-women-vi","7":"product_cat-vitamin-vi","9":"first","10":"instock","11":"sale","12":"shipping-taxable","13":"product-type-external"},"yoast_head":"<!-- This site is optimized with the Yoast SEO Premium plugin v20.6 (Yoast SEO v21.8.1) - https:\/\/yoast.com\/wordpress\/plugins\/seo\/ -->\n<title>Bio-Active Vitamin t\u1ed5ng h\u1ee3p ho\u00e0n ch\u1ec9nh cho ph\u1ee5 n\u1eef c\u00f3 ch\u1ea5t s\u1eaft - LiveGooD Shop<\/title>\n<meta name=\"robots\" content=\"index, follow, max-snippet:-1, max-image-preview:large, max-video-preview:-1\" \/>\n<link rel=\"canonical\" href=\"https:\/\/livegood.network\/shop\/vi\/product\/bio-active-women-vi\/\" \/>\n<meta property=\"og:locale\" content=\"en_US\" \/>\n<meta property=\"og:type\" content=\"article\" \/>\n<meta property=\"og:title\" content=\"Bio-Active Vitamin t\u1ed5ng h\u1ee3p ho\u00e0n ch\u1ec9nh cho ph\u1ee5 n\u1eef c\u00f3 ch\u1ea5t s\u1eaft\" \/>\n<meta property=\"og:description\" content=\"24 Vitamin v\u00e0 Kho\u00e1ng ch\u1ea5t  H\u1ed7 tr\u1ee3 mi\u1ec5n d\u1ecbch v\u00e0 tim m\u1ea1ch  Th\u00fac \u0111\u1ea9y qu\u00e1 tr\u00ecnh l\u00e3o h\u00f3a kh\u1ecfe m\u1ea1nh  M\u1ed9t lo\u1ea1i vitamin t\u1ed5ng h\u1ee3p \u0111\u00e1ng tin c\u1eady c\u00f3 th\u1ec3 thu h\u1eb9p kho\u1ea3ng c\u00e1ch dinh d\u01b0\u1ee1ng, t\u1eeb \u0111\u00f3 gi\u00fap ng\u0103n ng\u1eeba m\u1ed9t lo\u1ea1t c\u00e1c v\u1ea5n \u0111\u1ec1 s\u1ee9c kh\u1ecfe ti\u1ec1m \u1ea9n.\" \/>\n<meta property=\"og:url\" content=\"https:\/\/livegood.network\/shop\/vi\/product\/bio-active-women-vi\/\" \/>\n<meta property=\"article:publisher\" content=\"https:\/\/www.facebook.com\/livegoodhello\" \/>\n<meta property=\"article:modified_time\" content=\"2024-01-24T14:30:13+00:00\" \/>\n<meta property=\"og:image\" content=\"https:\/\/livegood.network\/shop\/wp-content\/uploads\/2024\/01\/multi-vitamin-women-livegood.png\" \/>\n\t<meta property=\"og:image:width\" content=\"720\" \/>\n\t<meta property=\"og:image:height\" content=\"720\" \/>\n\t<meta property=\"og:image:type\" content=\"image\/png\" \/>\n<meta name=\"twitter:card\" content=\"summary_large_image\" \/>\n<meta name=\"twitter:label1\" content=\"Est. reading time\" \/>\n\t<meta name=\"twitter:data1\" content=\"2 minutes\" \/>\n<script type=\"application\/ld+json\" class=\"yoast-schema-graph\">{\"@context\":\"https:\/\/schema.org\",\"@graph\":[{\"@type\":\"WebPage\",\"@id\":\"https:\/\/livegood.network\/shop\/vi\/product\/bio-active-women-vi\/\",\"url\":\"https:\/\/livegood.network\/shop\/vi\/product\/bio-active-women-vi\/\",\"name\":\"Bio-Active Vitamin t\u1ed5ng h\u1ee3p ho\u00e0n ch\u1ec9nh cho ph\u1ee5 n\u1eef c\u00f3 ch\u1ea5t s\u1eaft - LiveGooD Shop\",\"isPartOf\":{\"@id\":\"https:\/\/livegood.network\/shop\/#website\"},\"datePublished\":\"2024-01-24T14:30:12+00:00\",\"dateModified\":\"2024-01-24T14:30:13+00:00\",\"breadcrumb\":{\"@id\":\"https:\/\/livegood.network\/shop\/vi\/product\/bio-active-women-vi\/#breadcrumb\"},\"inLanguage\":\"en-US\",\"potentialAction\":[{\"@type\":\"ReadAction\",\"target\":[\"https:\/\/livegood.network\/shop\/vi\/product\/bio-active-women-vi\/\"]}]},{\"@type\":\"BreadcrumbList\",\"@id\":\"https:\/\/livegood.network\/shop\/vi\/product\/bio-active-women-vi\/#breadcrumb\",\"itemListElement\":[{\"@type\":\"ListItem\",\"position\":1,\"name\":\"Home\",\"item\":\"https:\/\/livegood.network\/shop\/pt-br\/\"},{\"@type\":\"ListItem\",\"position\":2,\"name\":\"Shop\",\"item\":\"https:\/\/livegood.network\/shop\/shop\/\"},{\"@type\":\"ListItem\",\"position\":3,\"name\":\"Bio-Active Vitamin t\u1ed5ng h\u1ee3p ho\u00e0n ch\u1ec9nh cho ph\u1ee5 n\u1eef c\u00f3 ch\u1ea5t s\u1eaft\"}]},{\"@type\":\"WebSite\",\"@id\":\"https:\/\/livegood.network\/shop\/#website\",\"url\":\"https:\/\/livegood.network\/shop\/\",\"name\":\"LiveGooD Shop\",\"description\":\"\",\"publisher\":{\"@id\":\"https:\/\/livegood.network\/shop\/#organization\"},\"potentialAction\":[{\"@type\":\"SearchAction\",\"target\":{\"@type\":\"EntryPoint\",\"urlTemplate\":\"https:\/\/livegood.network\/shop\/?s={search_term_string}\"},\"query-input\":\"required name=search_term_string\"}],\"inLanguage\":\"en-US\"},{\"@type\":\"Organization\",\"@id\":\"https:\/\/livegood.network\/shop\/#organization\",\"name\":\"LiveGooD\",\"url\":\"https:\/\/livegood.network\/shop\/\",\"logo\":{\"@type\":\"ImageObject\",\"inLanguage\":\"en-US\",\"@id\":\"https:\/\/livegood.network\/shop\/#\/schema\/logo\/image\/\",\"url\":\"https:\/\/livegood.network\/shop\/wp-content\/uploads\/2024\/01\/logo-livegood-shop-main.png\",\"contentUrl\":\"https:\/\/livegood.network\/shop\/wp-content\/uploads\/2024\/01\/logo-livegood-shop-main.png\",\"width\":373,\"height\":115,\"caption\":\"LiveGooD\"},\"image\":{\"@id\":\"https:\/\/livegood.network\/shop\/#\/schema\/logo\/image\/\"},\"sameAs\":[\"https:\/\/www.facebook.com\/livegoodhello\"]}]}<\/script>\n<!-- \/ Yoast SEO Premium plugin. -->","yoast_head_json":{"title":"Bio-Active Vitamin t\u1ed5ng h\u1ee3p ho\u00e0n ch\u1ec9nh cho ph\u1ee5 n\u1eef c\u00f3 ch\u1ea5t s\u1eaft - LiveGooD Shop","robots":{"index":"index","follow":"follow","max-snippet":"max-snippet:-1","max-image-preview":"max-image-preview:large","max-video-preview":"max-video-preview:-1"},"canonical":"https:\/\/livegood.network\/shop\/vi\/product\/bio-active-women-vi\/","og_locale":"en_US","og_type":"article","og_title":"Bio-Active Vitamin t\u1ed5ng h\u1ee3p ho\u00e0n ch\u1ec9nh cho ph\u1ee5 n\u1eef c\u00f3 ch\u1ea5t s\u1eaft","og_description":"24 Vitamin v\u00e0 Kho\u00e1ng ch\u1ea5t  H\u1ed7 tr\u1ee3 mi\u1ec5n d\u1ecbch v\u00e0 tim m\u1ea1ch  Th\u00fac \u0111\u1ea9y qu\u00e1 tr\u00ecnh l\u00e3o h\u00f3a kh\u1ecfe m\u1ea1nh  M\u1ed9t lo\u1ea1i vitamin t\u1ed5ng h\u1ee3p \u0111\u00e1ng tin c\u1eady c\u00f3 th\u1ec3 thu h\u1eb9p kho\u1ea3ng c\u00e1ch dinh d\u01b0\u1ee1ng, t\u1eeb \u0111\u00f3 gi\u00fap ng\u0103n ng\u1eeba m\u1ed9t lo\u1ea1t c\u00e1c v\u1ea5n \u0111\u1ec1 s\u1ee9c kh\u1ecfe ti\u1ec1m \u1ea9n.","og_url":"https:\/\/livegood.network\/shop\/vi\/product\/bio-active-women-vi\/","article_publisher":"https:\/\/www.facebook.com\/livegoodhello","article_modified_time":"2024-01-24T14:30:13+00:00","og_image":[{"width":720,"height":720,"url":"https:\/\/livegood.network\/shop\/wp-content\/uploads\/2024\/01\/multi-vitamin-women-livegood.png","type":"image\/png"}],"twitter_card":"summary_large_image","twitter_misc":{"Est. reading time":"2 minutes"},"schema":{"@context":"https:\/\/schema.org","@graph":[{"@type":"WebPage","@id":"https:\/\/livegood.network\/shop\/vi\/product\/bio-active-women-vi\/","url":"https:\/\/livegood.network\/shop\/vi\/product\/bio-active-women-vi\/","name":"Bio-Active Vitamin t\u1ed5ng h\u1ee3p ho\u00e0n ch\u1ec9nh cho ph\u1ee5 n\u1eef c\u00f3 ch\u1ea5t s\u1eaft - LiveGooD Shop","isPartOf":{"@id":"https:\/\/livegood.network\/shop\/#website"},"datePublished":"2024-01-24T14:30:12+00:00","dateModified":"2024-01-24T14:30:13+00:00","breadcrumb":{"@id":"https:\/\/livegood.network\/shop\/vi\/product\/bio-active-women-vi\/#breadcrumb"},"inLanguage":"en-US","potentialAction":[{"@type":"ReadAction","target":["https:\/\/livegood.network\/shop\/vi\/product\/bio-active-women-vi\/"]}]},{"@type":"BreadcrumbList","@id":"https:\/\/livegood.network\/shop\/vi\/product\/bio-active-women-vi\/#breadcrumb","itemListElement":[{"@type":"ListItem","position":1,"name":"Home","item":"https:\/\/livegood.network\/shop\/pt-br\/"},{"@type":"ListItem","position":2,"name":"Shop","item":"https:\/\/livegood.network\/shop\/shop\/"},{"@type":"ListItem","position":3,"name":"Bio-Active Vitamin t\u1ed5ng h\u1ee3p ho\u00e0n ch\u1ec9nh cho ph\u1ee5 n\u1eef c\u00f3 ch\u1ea5t s\u1eaft"}]},{"@type":"WebSite","@id":"https:\/\/livegood.network\/shop\/#website","url":"https:\/\/livegood.network\/shop\/","name":"LiveGooD Shop","description":"","publisher":{"@id":"https:\/\/livegood.network\/shop\/#organization"},"potentialAction":[{"@type":"SearchAction","target":{"@type":"EntryPoint","urlTemplate":"https:\/\/livegood.network\/shop\/?s={search_term_string}"},"query-input":"required name=search_term_string"}],"inLanguage":"en-US"},{"@type":"Organization","@id":"https:\/\/livegood.network\/shop\/#organization","name":"LiveGooD","url":"https:\/\/livegood.network\/shop\/","logo":{"@type":"ImageObject","inLanguage":"en-US","@id":"https:\/\/livegood.network\/shop\/#\/schema\/logo\/image\/","url":"https:\/\/livegood.network\/shop\/wp-content\/uploads\/2024\/01\/logo-livegood-shop-main.png","contentUrl":"https:\/\/livegood.network\/shop\/wp-content\/uploads\/2024\/01\/logo-livegood-shop-main.png","width":373,"height":115,"caption":"LiveGooD"},"image":{"@id":"https:\/\/livegood.network\/shop\/#\/schema\/logo\/image\/"},"sameAs":["https:\/\/www.facebook.com\/livegoodhello"]}]}},"lang":"vi","translations":{"vi":765,"pt-pt":774,"pt-br":760,"fr-fr":762,"en-us":186,"es-es":763,"ru-ru":767,"ko":769},"pll_sync_post":[],"_links":{"self":[{"href":"https:\/\/livegood.network\/shop\/wp-json\/wp\/v2\/product\/765","targetHints":{"allow":["GET"]}}],"collection":[{"href":"https:\/\/livegood.network\/shop\/wp-json\/wp\/v2\/product"}],"about":[{"href":"https:\/\/livegood.network\/shop\/wp-json\/wp\/v2\/types\/product"}],"replies":[{"embeddable":true,"href":"https:\/\/livegood.network\/shop\/wp-json\/wp\/v2\/comments?post=765"}],"version-history":[{"count":0,"href":"https:\/\/livegood.network\/shop\/wp-json\/wp\/v2\/product\/765\/revisions"}],"wp:featuredmedia":[{"embeddable":true,"href":"https:\/\/livegood.network\/shop\/wp-json\/wp\/v2\/media\/187"}],"wp:attachment":[{"href":"https:\/\/livegood.network\/shop\/wp-json\/wp\/v2\/media?parent=765"}],"wp:term":[{"taxonomy":"product_brand","embeddable":true,"href":"https:\/\/livegood.network\/shop\/wp-json\/wp\/v2\/product_brand?post=765"},{"taxonomy":"product_cat","embeddable":true,"href":"https:\/\/livegood.network\/shop\/wp-json\/wp\/v2\/product_cat?post=765"},{"taxonomy":"product_tag","embeddable":true,"href":"https:\/\/livegood.network\/shop\/wp-json\/wp\/v2\/product_tag?post=765"}],"curies":[{"name":"wp","href":"https:\/\/api.w.org\/{rel}","templated":true}]}}