{"id":790,"date":"2024-01-24T14:57:20","date_gmt":"2024-01-24T14:57:20","guid":{"rendered":"https:\/\/livegood.network\/shop\/?post_type=product&#038;p=790"},"modified":"2024-01-24T14:57:21","modified_gmt":"2024-01-24T14:57:21","slug":"ultra-magnesium-complex-fr-fr","status":"publish","type":"product","link":"https:\/\/livegood.network\/shop\/fr-fr\/product\/ultra-magnesium-complex-fr-fr\/","title":{"rendered":"Complexe Ultra Magn\u00e9sium"},"content":{"rendered":"<p><strong><span>Complexe Ultra Magn\u00e9sium<\/span><\/strong><\/p>\n<p><span>Le magn\u00e9sium joue un r\u00f4le dans plus de 300 r\u00e9actions biochimiques au sein de notre corps chaque jour\u00a0!\u00a0Malgr\u00e9 une alimentation saine et \u00e9quilibr\u00e9e, la plupart des individus n\u2019acqui\u00e8rent pas suffisamment de magn\u00e9sium.<\/span><\/p>\n<p><span>Une carence en magn\u00e9sium peut entra\u00eener de graves probl\u00e8mes de sant\u00e9, notamment des probl\u00e8mes cardiaques, des troubles du sommeil, une diminution de la concentration, des probl\u00e8mes de gestion du stress, une r\u00e9duction de la densit\u00e9 osseuse et une performance physique compromise.<\/span><\/p>\n<p><span>C\u2019est pourquoi il est conseill\u00e9 \u00e0 chacun d\u2019incorporer un suppl\u00e9ment de magn\u00e9sium de haute qualit\u00e9 dans sa routine quotidienne.<\/span><\/p>\n<p><span>Le complexe Ultra Magn\u00e9sium de LiveGood est formul\u00e9 avec les formes de magn\u00e9sium les plus biodisponibles \u2013 le glycinate de magn\u00e9sium et le gluconate de magn\u00e9sium \u2013 des types essentiels qui manquent \u00e0 de nombreuses personnes dans leur alimentation ou dans d&#8217;autres suppl\u00e9ments.<\/span><\/p>\n<p><span>Le glycinate de magn\u00e9sium aide \u00e0 soulager l&#8217;anxi\u00e9t\u00e9, \u00e0 favoriser la solidit\u00e9 des os, \u00e0 maintenir un rythme cardiaque sain, \u00e0 am\u00e9liorer les performances physiques et m\u00eame \u00e0 r\u00e9duire la douleur.\u00a0Pendant ce temps, le gluconate de magn\u00e9sium soutient la fonction physiologique saine des nerfs, des muscles, des os et du c\u0153ur.<\/span><\/p>\n<p><strong><span>COMMENT UTILISER :<\/span><\/strong><br \/>\n<span>Consommer 2 g\u00e9lules par jour par voie orale, avec ou sans nourriture.<\/span><\/p>\n<p><strong><span>APPORT OPTIMAL S\u00c9PAR\u00c9 DES AUTRES M\u00c9DICAMENTS ET VITAMINES D&#8217;AU MOINS 2 HEURES<\/span><\/strong><span>\u00a0.\u00a0Notre routine pr\u00e9f\u00e9r\u00e9e consiste \u00e0 diviser la dose, en prenant 1 capsule l&#8217;apr\u00e8s-midi pour aider \u00e0 la r\u00e9ponse au stress de fin de journ\u00e9e et l&#8217;autre avant le coucher pour soutenir le cycle de sommeil.\u00a0Alternativement, si cela est plus pratique, les deux g\u00e9lules peuvent \u00eatre prises 30 minutes avant le coucher.\u00a0En cas de maux d&#8217;estomac, il est recommand\u00e9 de le prendre au d\u00e9jeuner ou au d\u00eener.<\/span><\/p>\n<p><span>RECOMMAND\u00c9 POUR UNE UTILISATION QUOTIDIENNE.<\/span><\/p>\n","protected":false},"excerpt":{"rendered":"<p><img decoding=\"async\" class=\"emoji\" role=\"img\" draggable=\"false\" src=\"https:\/\/s.w.org\/images\/core\/emoji\/14.0.0\/svg\/1f49a.svg\" alt=\"????\" \/> <span>Soutien musculaire, nerveux et \u00e9nerg\u00e9tique maximal<\/span><br \/>\n<img decoding=\"async\" class=\"emoji\" role=\"img\" draggable=\"false\" src=\"https:\/\/s.w.org\/images\/core\/emoji\/14.0.0\/svg\/1f49a.svg\" alt=\"????\" \/> <span>Soutient plus de 300 r\u00e9actions enzymatiques<\/span><br \/>\n<img decoding=\"async\" class=\"emoji\" role=\"img\" draggable=\"false\" src=\"https:\/\/s.w.org\/images\/core\/emoji\/14.0.0\/svg\/1f49a.svg\" alt=\"????\" \/> <span>Soutien au sommeil<\/span><br \/>\n<img decoding=\"async\" class=\"emoji\" role=\"img\" draggable=\"false\" src=\"https:\/\/s.w.org\/images\/core\/emoji\/14.0.0\/svg\/1f49a.svg\" alt=\"????\" \/> <span>Magn\u00e9sium le plus biodisponible<\/span><\/p>\n<p><span>Le magn\u00e9sium joue un r\u00f4le dans plus de 300 r\u00e9actions biochimiques au sein de notre corps chaque jour !<\/span><\/p>\n","protected":false},"featured_media":193,"comment_status":"open","ping_status":"closed","template":"","meta":[],"product_brand":[],"product_cat":[238],"product_tag":[],"class_list":{"0":"post-790","1":"product","2":"type-product","3":"status-publish","4":"has-post-thumbnail","6":"product_cat-vitamin-fr-fr","8":"first","9":"instock","10":"sale","11":"shipping-taxable","12":"product-type-external"},"yoast_head":"<!-- This site is optimized with the Yoast SEO Premium plugin v20.6 (Yoast SEO v21.8.1) - https:\/\/yoast.com\/wordpress\/plugins\/seo\/ -->\n<title>Complexe Ultra Magn\u00e9sium - LiveGooD Shop<\/title>\n<meta name=\"robots\" content=\"index, follow, max-snippet:-1, max-image-preview:large, max-video-preview:-1\" \/>\n<link rel=\"canonical\" href=\"https:\/\/livegood.network\/shop\/fr-fr\/product\/ultra-magnesium-complex-fr-fr\/\" \/>\n<meta property=\"og:locale\" content=\"en_US\" \/>\n<meta property=\"og:type\" content=\"article\" \/>\n<meta property=\"og:title\" content=\"Complexe Ultra Magn\u00e9sium\" \/>\n<meta property=\"og:description\" content=\"Soutien musculaire, nerveux et \u00e9nerg\u00e9tique maximal  Soutient plus de 300 r\u00e9actions enzymatiques  Soutien au sommeil  Magn\u00e9sium le plus biodisponible  Le magn\u00e9sium joue un r\u00f4le dans plus de 300 r\u00e9actions biochimiques au sein de notre corps chaque jour !\" \/>\n<meta property=\"og:url\" content=\"https:\/\/livegood.network\/shop\/fr-fr\/product\/ultra-magnesium-complex-fr-fr\/\" \/>\n<meta property=\"article:publisher\" content=\"https:\/\/www.facebook.com\/livegoodhello\" \/>\n<meta property=\"article:modified_time\" content=\"2024-01-24T14:57:21+00:00\" \/>\n<meta property=\"og:image\" content=\"https:\/\/livegood.network\/shop\/wp-content\/uploads\/2024\/01\/ultra-magnesium-complex-livegood.png\" \/>\n\t<meta property=\"og:image:width\" content=\"720\" \/>\n\t<meta property=\"og:image:height\" content=\"720\" \/>\n\t<meta property=\"og:image:type\" content=\"image\/png\" \/>\n<meta name=\"twitter:card\" content=\"summary_large_image\" \/>\n<meta name=\"twitter:label1\" content=\"Est. reading time\" \/>\n\t<meta name=\"twitter:data1\" content=\"2 minutes\" \/>\n<script type=\"application\/ld+json\" class=\"yoast-schema-graph\">{\"@context\":\"https:\/\/schema.org\",\"@graph\":[{\"@type\":\"WebPage\",\"@id\":\"https:\/\/livegood.network\/shop\/fr-fr\/product\/ultra-magnesium-complex-fr-fr\/\",\"url\":\"https:\/\/livegood.network\/shop\/fr-fr\/product\/ultra-magnesium-complex-fr-fr\/\",\"name\":\"Complexe Ultra Magn\u00e9sium - LiveGooD Shop\",\"isPartOf\":{\"@id\":\"https:\/\/livegood.network\/shop\/#website\"},\"datePublished\":\"2024-01-24T14:57:20+00:00\",\"dateModified\":\"2024-01-24T14:57:21+00:00\",\"breadcrumb\":{\"@id\":\"https:\/\/livegood.network\/shop\/fr-fr\/product\/ultra-magnesium-complex-fr-fr\/#breadcrumb\"},\"inLanguage\":\"en-US\",\"potentialAction\":[{\"@type\":\"ReadAction\",\"target\":[\"https:\/\/livegood.network\/shop\/fr-fr\/product\/ultra-magnesium-complex-fr-fr\/\"]}]},{\"@type\":\"BreadcrumbList\",\"@id\":\"https:\/\/livegood.network\/shop\/fr-fr\/product\/ultra-magnesium-complex-fr-fr\/#breadcrumb\",\"itemListElement\":[{\"@type\":\"ListItem\",\"position\":1,\"name\":\"Home\",\"item\":\"https:\/\/livegood.network\/shop\/pt-br\/\"},{\"@type\":\"ListItem\",\"position\":2,\"name\":\"Shop\",\"item\":\"https:\/\/livegood.network\/shop\/shop\/\"},{\"@type\":\"ListItem\",\"position\":3,\"name\":\"Complexe Ultra Magn\u00e9sium\"}]},{\"@type\":\"WebSite\",\"@id\":\"https:\/\/livegood.network\/shop\/#website\",\"url\":\"https:\/\/livegood.network\/shop\/\",\"name\":\"LiveGooD Shop\",\"description\":\"\",\"publisher\":{\"@id\":\"https:\/\/livegood.network\/shop\/#organization\"},\"potentialAction\":[{\"@type\":\"SearchAction\",\"target\":{\"@type\":\"EntryPoint\",\"urlTemplate\":\"https:\/\/livegood.network\/shop\/?s={search_term_string}\"},\"query-input\":\"required name=search_term_string\"}],\"inLanguage\":\"en-US\"},{\"@type\":\"Organization\",\"@id\":\"https:\/\/livegood.network\/shop\/#organization\",\"name\":\"LiveGooD\",\"url\":\"https:\/\/livegood.network\/shop\/\",\"logo\":{\"@type\":\"ImageObject\",\"inLanguage\":\"en-US\",\"@id\":\"https:\/\/livegood.network\/shop\/#\/schema\/logo\/image\/\",\"url\":\"https:\/\/livegood.network\/shop\/wp-content\/uploads\/2024\/01\/logo-livegood-shop-main.png\",\"contentUrl\":\"https:\/\/livegood.network\/shop\/wp-content\/uploads\/2024\/01\/logo-livegood-shop-main.png\",\"width\":373,\"height\":115,\"caption\":\"LiveGooD\"},\"image\":{\"@id\":\"https:\/\/livegood.network\/shop\/#\/schema\/logo\/image\/\"},\"sameAs\":[\"https:\/\/www.facebook.com\/livegoodhello\"]}]}<\/script>\n<!-- \/ Yoast SEO Premium plugin. -->","yoast_head_json":{"title":"Complexe Ultra Magn\u00e9sium - LiveGooD Shop","robots":{"index":"index","follow":"follow","max-snippet":"max-snippet:-1","max-image-preview":"max-image-preview:large","max-video-preview":"max-video-preview:-1"},"canonical":"https:\/\/livegood.network\/shop\/fr-fr\/product\/ultra-magnesium-complex-fr-fr\/","og_locale":"en_US","og_type":"article","og_title":"Complexe Ultra Magn\u00e9sium","og_description":"Soutien musculaire, nerveux et \u00e9nerg\u00e9tique maximal  Soutient plus de 300 r\u00e9actions enzymatiques  Soutien au sommeil  Magn\u00e9sium le plus biodisponible  Le magn\u00e9sium joue un r\u00f4le dans plus de 300 r\u00e9actions biochimiques au sein de notre corps chaque jour !","og_url":"https:\/\/livegood.network\/shop\/fr-fr\/product\/ultra-magnesium-complex-fr-fr\/","article_publisher":"https:\/\/www.facebook.com\/livegoodhello","article_modified_time":"2024-01-24T14:57:21+00:00","og_image":[{"width":720,"height":720,"url":"https:\/\/livegood.network\/shop\/wp-content\/uploads\/2024\/01\/ultra-magnesium-complex-livegood.png","type":"image\/png"}],"twitter_card":"summary_large_image","twitter_misc":{"Est. reading time":"2 minutes"},"schema":{"@context":"https:\/\/schema.org","@graph":[{"@type":"WebPage","@id":"https:\/\/livegood.network\/shop\/fr-fr\/product\/ultra-magnesium-complex-fr-fr\/","url":"https:\/\/livegood.network\/shop\/fr-fr\/product\/ultra-magnesium-complex-fr-fr\/","name":"Complexe Ultra Magn\u00e9sium - LiveGooD Shop","isPartOf":{"@id":"https:\/\/livegood.network\/shop\/#website"},"datePublished":"2024-01-24T14:57:20+00:00","dateModified":"2024-01-24T14:57:21+00:00","breadcrumb":{"@id":"https:\/\/livegood.network\/shop\/fr-fr\/product\/ultra-magnesium-complex-fr-fr\/#breadcrumb"},"inLanguage":"en-US","potentialAction":[{"@type":"ReadAction","target":["https:\/\/livegood.network\/shop\/fr-fr\/product\/ultra-magnesium-complex-fr-fr\/"]}]},{"@type":"BreadcrumbList","@id":"https:\/\/livegood.network\/shop\/fr-fr\/product\/ultra-magnesium-complex-fr-fr\/#breadcrumb","itemListElement":[{"@type":"ListItem","position":1,"name":"Home","item":"https:\/\/livegood.network\/shop\/pt-br\/"},{"@type":"ListItem","position":2,"name":"Shop","item":"https:\/\/livegood.network\/shop\/shop\/"},{"@type":"ListItem","position":3,"name":"Complexe Ultra Magn\u00e9sium"}]},{"@type":"WebSite","@id":"https:\/\/livegood.network\/shop\/#website","url":"https:\/\/livegood.network\/shop\/","name":"LiveGooD Shop","description":"","publisher":{"@id":"https:\/\/livegood.network\/shop\/#organization"},"potentialAction":[{"@type":"SearchAction","target":{"@type":"EntryPoint","urlTemplate":"https:\/\/livegood.network\/shop\/?s={search_term_string}"},"query-input":"required name=search_term_string"}],"inLanguage":"en-US"},{"@type":"Organization","@id":"https:\/\/livegood.network\/shop\/#organization","name":"LiveGooD","url":"https:\/\/livegood.network\/shop\/","logo":{"@type":"ImageObject","inLanguage":"en-US","@id":"https:\/\/livegood.network\/shop\/#\/schema\/logo\/image\/","url":"https:\/\/livegood.network\/shop\/wp-content\/uploads\/2024\/01\/logo-livegood-shop-main.png","contentUrl":"https:\/\/livegood.network\/shop\/wp-content\/uploads\/2024\/01\/logo-livegood-shop-main.png","width":373,"height":115,"caption":"LiveGooD"},"image":{"@id":"https:\/\/livegood.network\/shop\/#\/schema\/logo\/image\/"},"sameAs":["https:\/\/www.facebook.com\/livegoodhello"]}]}},"lang":"fr-fr","translations":{"fr-fr":790,"pt-pt":792,"pt-br":802,"en-us":192,"es-es":791,"vi":795,"ru-ru":796,"ko":797},"pll_sync_post":[],"_links":{"self":[{"href":"https:\/\/livegood.network\/shop\/wp-json\/wp\/v2\/product\/790","targetHints":{"allow":["GET"]}}],"collection":[{"href":"https:\/\/livegood.network\/shop\/wp-json\/wp\/v2\/product"}],"about":[{"href":"https:\/\/livegood.network\/shop\/wp-json\/wp\/v2\/types\/product"}],"replies":[{"embeddable":true,"href":"https:\/\/livegood.network\/shop\/wp-json\/wp\/v2\/comments?post=790"}],"version-history":[{"count":0,"href":"https:\/\/livegood.network\/shop\/wp-json\/wp\/v2\/product\/790\/revisions"}],"wp:featuredmedia":[{"embeddable":true,"href":"https:\/\/livegood.network\/shop\/wp-json\/wp\/v2\/media\/193"}],"wp:attachment":[{"href":"https:\/\/livegood.network\/shop\/wp-json\/wp\/v2\/media?parent=790"}],"wp:term":[{"taxonomy":"product_brand","embeddable":true,"href":"https:\/\/livegood.network\/shop\/wp-json\/wp\/v2\/product_brand?post=790"},{"taxonomy":"product_cat","embeddable":true,"href":"https:\/\/livegood.network\/shop\/wp-json\/wp\/v2\/product_cat?post=790"},{"taxonomy":"product_tag","embeddable":true,"href":"https:\/\/livegood.network\/shop\/wp-json\/wp\/v2\/product_tag?post=790"}],"curies":[{"name":"wp","href":"https:\/\/api.w.org\/{rel}","templated":true}]}}