{"id":791,"date":"2024-01-24T14:58:50","date_gmt":"2024-01-24T14:58:50","guid":{"rendered":"https:\/\/livegood.network\/shop\/?post_type=product&#038;p=791"},"modified":"2024-01-24T14:58:51","modified_gmt":"2024-01-24T14:58:51","slug":"ultra-magnesium-complex-es-es","status":"publish","type":"product","link":"https:\/\/livegood.network\/shop\/es-es\/product\/ultra-magnesium-complex-es-es\/","title":{"rendered":"Complejo Ultra Magnesio"},"content":{"rendered":"<p><strong><span>Complejo Ultra Magnesio<\/span><\/strong><\/p>\n<p><span>\u00a1El magnesio desempe\u00f1a un papel en m\u00e1s de 300 reacciones bioqu\u00edmicas dentro de nuestro cuerpo cada d\u00eda!\u00a0A pesar de mantener una dieta sana y equilibrada, la mayor\u00eda de las personas no adquieren suficiente magnesio.<\/span><\/p>\n<p><span>Una deficiencia de magnesio puede provocar problemas de salud graves, incluidos problemas card\u00edacos, alteraciones del sue\u00f1o, disminuci\u00f3n de la concentraci\u00f3n, desaf\u00edos para el manejo del estr\u00e9s, reducci\u00f3n de la densidad \u00f3sea y compromiso del rendimiento en el ejercicio.<\/span><\/p>\n<p><span>Por este motivo, es recomendable que todas las personas incorporen a su rutina diaria un suplemento de magnesio de alta calidad.<\/span><\/p>\n<p><span>El Ultra Magnesium Complex de LiveGood est\u00e1 formulado con las formas de magnesio m\u00e1s biodisponibles: glicinato de magnesio y gluconato de magnesio, tipos esenciales de los que muchas personas carecen en su dieta u otros suplementos.<\/span><\/p>\n<p><span>El glicinato de magnesio ayuda a aliviar la ansiedad, promover la fortaleza \u00f3sea, mantener ritmos card\u00edacos saludables, mejorar el rendimiento del ejercicio e incluso reducir el dolor.\u00a0Mientras tanto, el gluconato de magnesio favorece la funci\u00f3n fisiol\u00f3gica saludable de los nervios, los m\u00fasculos, los huesos y el coraz\u00f3n.<\/span><\/p>\n<p><strong><span>MODO DE EMPLEO:<\/span><\/strong><br \/>\n<span>Consumir 2 c\u00e1psulas por v\u00eda oral al d\u00eda, con o sin alimentos.<\/span><\/p>\n<p><strong><span>INGESTA \u00d3PTIMA SEPARADA DE OTROS MEDICAMENTOS Y VITAMINAS POR AL MENOS 2 HORAS<\/span><\/strong><span>\u00a0.\u00a0Nuestra rutina preferida consiste en dividir la dosis, tomar 1 c\u00e1psula por la tarde para ayudar con la respuesta al estr\u00e9s del final del d\u00eda y la otra antes de acostarse para favorecer el ciclo del sue\u00f1o.\u00a0Alternativamente, si es m\u00e1s conveniente, se pueden tomar ambas c\u00e1psulas 30 minutos antes de acostarse.\u00a0En caso de malestar estomacal se recomienda tomar con el almuerzo o la cena.<\/span><\/p>\n<p><span>RECOMENDADO PARA USO DIARIO.<\/span><\/p>\n","protected":false},"excerpt":{"rendered":"<p><img decoding=\"async\" class=\"emoji\" role=\"img\" draggable=\"false\" src=\"https:\/\/s.w.org\/images\/core\/emoji\/14.0.0\/svg\/1f49a.svg\" alt=\"????\" \/> <span>M\u00e1ximo apoyo muscular, nervioso y energ\u00e9tico Respalda<\/span><br \/>\n<img decoding=\"async\" class=\"emoji\" role=\"img\" draggable=\"false\" src=\"https:\/\/s.w.org\/images\/core\/emoji\/14.0.0\/svg\/1f49a.svg\" alt=\"????\" \/> M<span>\u00e1s de 300 reacciones enzim\u00e1ticas<\/span><br \/>\n<img decoding=\"async\" class=\"emoji\" role=\"img\" draggable=\"false\" src=\"https:\/\/s.w.org\/images\/core\/emoji\/14.0.0\/svg\/1f49a.svg\" alt=\"????\" \/> <span>Respaldo para el sue\u00f1o<\/span><br \/>\n<img decoding=\"async\" class=\"emoji\" role=\"img\" draggable=\"false\" src=\"https:\/\/s.w.org\/images\/core\/emoji\/14.0.0\/svg\/1f49a.svg\" alt=\"????\" \/> <span>La mayor\u00eda del magnesio biodisponible<\/span><\/p>\n<p><span>\u00a1El magnesio desempe\u00f1a un papel en m\u00e1s de 300 reacciones bioqu\u00edmicas dentro de nuestro cuerpo cada d\u00eda!<\/span><\/p>\n","protected":false},"featured_media":193,"comment_status":"open","ping_status":"closed","template":"","meta":[],"product_brand":[],"product_cat":[240],"product_tag":[],"class_list":{"0":"post-791","1":"product","2":"type-product","3":"status-publish","4":"has-post-thumbnail","6":"product_cat-vitamin-es-es","8":"first","9":"instock","10":"sale","11":"shipping-taxable","12":"product-type-external"},"yoast_head":"<!-- This site is optimized with the Yoast SEO Premium plugin v20.6 (Yoast SEO v21.8.1) - https:\/\/yoast.com\/wordpress\/plugins\/seo\/ -->\n<title>Complejo Ultra Magnesio - LiveGooD Shop<\/title>\n<meta name=\"robots\" content=\"index, follow, max-snippet:-1, max-image-preview:large, max-video-preview:-1\" \/>\n<link rel=\"canonical\" href=\"https:\/\/livegood.network\/shop\/es-es\/product\/ultra-magnesium-complex-es-es\/\" \/>\n<meta property=\"og:locale\" content=\"en_US\" \/>\n<meta property=\"og:type\" content=\"article\" \/>\n<meta property=\"og:title\" content=\"Complejo Ultra Magnesio\" \/>\n<meta property=\"og:description\" content=\"M\u00e1ximo apoyo muscular, nervioso y energ\u00e9tico Respalda  M\u00e1s de 300 reacciones enzim\u00e1ticas  Respaldo para el sue\u00f1o  La mayor\u00eda del magnesio biodisponible  \u00a1El magnesio desempe\u00f1a un papel en m\u00e1s de 300 reacciones bioqu\u00edmicas dentro de nuestro cuerpo cada d\u00eda!\" \/>\n<meta property=\"og:url\" content=\"https:\/\/livegood.network\/shop\/es-es\/product\/ultra-magnesium-complex-es-es\/\" \/>\n<meta property=\"article:publisher\" content=\"https:\/\/www.facebook.com\/livegoodhello\" \/>\n<meta property=\"article:modified_time\" content=\"2024-01-24T14:58:51+00:00\" \/>\n<meta property=\"og:image\" content=\"https:\/\/livegood.network\/shop\/wp-content\/uploads\/2024\/01\/ultra-magnesium-complex-livegood.png\" \/>\n\t<meta property=\"og:image:width\" content=\"720\" \/>\n\t<meta property=\"og:image:height\" content=\"720\" \/>\n\t<meta property=\"og:image:type\" content=\"image\/png\" \/>\n<meta name=\"twitter:card\" content=\"summary_large_image\" \/>\n<meta name=\"twitter:label1\" content=\"Est. reading time\" \/>\n\t<meta name=\"twitter:data1\" content=\"2 minutes\" \/>\n<script type=\"application\/ld+json\" class=\"yoast-schema-graph\">{\"@context\":\"https:\/\/schema.org\",\"@graph\":[{\"@type\":\"WebPage\",\"@id\":\"https:\/\/livegood.network\/shop\/es-es\/product\/ultra-magnesium-complex-es-es\/\",\"url\":\"https:\/\/livegood.network\/shop\/es-es\/product\/ultra-magnesium-complex-es-es\/\",\"name\":\"Complejo Ultra Magnesio - LiveGooD Shop\",\"isPartOf\":{\"@id\":\"https:\/\/livegood.network\/shop\/#website\"},\"datePublished\":\"2024-01-24T14:58:50+00:00\",\"dateModified\":\"2024-01-24T14:58:51+00:00\",\"breadcrumb\":{\"@id\":\"https:\/\/livegood.network\/shop\/es-es\/product\/ultra-magnesium-complex-es-es\/#breadcrumb\"},\"inLanguage\":\"en-US\",\"potentialAction\":[{\"@type\":\"ReadAction\",\"target\":[\"https:\/\/livegood.network\/shop\/es-es\/product\/ultra-magnesium-complex-es-es\/\"]}]},{\"@type\":\"BreadcrumbList\",\"@id\":\"https:\/\/livegood.network\/shop\/es-es\/product\/ultra-magnesium-complex-es-es\/#breadcrumb\",\"itemListElement\":[{\"@type\":\"ListItem\",\"position\":1,\"name\":\"Home\",\"item\":\"https:\/\/livegood.network\/shop\/pt-br\/\"},{\"@type\":\"ListItem\",\"position\":2,\"name\":\"Shop\",\"item\":\"https:\/\/livegood.network\/shop\/shop\/\"},{\"@type\":\"ListItem\",\"position\":3,\"name\":\"Complejo Ultra Magnesio\"}]},{\"@type\":\"WebSite\",\"@id\":\"https:\/\/livegood.network\/shop\/#website\",\"url\":\"https:\/\/livegood.network\/shop\/\",\"name\":\"LiveGooD Shop\",\"description\":\"\",\"publisher\":{\"@id\":\"https:\/\/livegood.network\/shop\/#organization\"},\"potentialAction\":[{\"@type\":\"SearchAction\",\"target\":{\"@type\":\"EntryPoint\",\"urlTemplate\":\"https:\/\/livegood.network\/shop\/?s={search_term_string}\"},\"query-input\":\"required name=search_term_string\"}],\"inLanguage\":\"en-US\"},{\"@type\":\"Organization\",\"@id\":\"https:\/\/livegood.network\/shop\/#organization\",\"name\":\"LiveGooD\",\"url\":\"https:\/\/livegood.network\/shop\/\",\"logo\":{\"@type\":\"ImageObject\",\"inLanguage\":\"en-US\",\"@id\":\"https:\/\/livegood.network\/shop\/#\/schema\/logo\/image\/\",\"url\":\"https:\/\/livegood.network\/shop\/wp-content\/uploads\/2024\/01\/logo-livegood-shop-main.png\",\"contentUrl\":\"https:\/\/livegood.network\/shop\/wp-content\/uploads\/2024\/01\/logo-livegood-shop-main.png\",\"width\":373,\"height\":115,\"caption\":\"LiveGooD\"},\"image\":{\"@id\":\"https:\/\/livegood.network\/shop\/#\/schema\/logo\/image\/\"},\"sameAs\":[\"https:\/\/www.facebook.com\/livegoodhello\"]}]}<\/script>\n<!-- \/ Yoast SEO Premium plugin. -->","yoast_head_json":{"title":"Complejo Ultra Magnesio - LiveGooD Shop","robots":{"index":"index","follow":"follow","max-snippet":"max-snippet:-1","max-image-preview":"max-image-preview:large","max-video-preview":"max-video-preview:-1"},"canonical":"https:\/\/livegood.network\/shop\/es-es\/product\/ultra-magnesium-complex-es-es\/","og_locale":"en_US","og_type":"article","og_title":"Complejo Ultra Magnesio","og_description":"M\u00e1ximo apoyo muscular, nervioso y energ\u00e9tico Respalda  M\u00e1s de 300 reacciones enzim\u00e1ticas  Respaldo para el sue\u00f1o  La mayor\u00eda del magnesio biodisponible  \u00a1El magnesio desempe\u00f1a un papel en m\u00e1s de 300 reacciones bioqu\u00edmicas dentro de nuestro cuerpo cada d\u00eda!","og_url":"https:\/\/livegood.network\/shop\/es-es\/product\/ultra-magnesium-complex-es-es\/","article_publisher":"https:\/\/www.facebook.com\/livegoodhello","article_modified_time":"2024-01-24T14:58:51+00:00","og_image":[{"width":720,"height":720,"url":"https:\/\/livegood.network\/shop\/wp-content\/uploads\/2024\/01\/ultra-magnesium-complex-livegood.png","type":"image\/png"}],"twitter_card":"summary_large_image","twitter_misc":{"Est. reading time":"2 minutes"},"schema":{"@context":"https:\/\/schema.org","@graph":[{"@type":"WebPage","@id":"https:\/\/livegood.network\/shop\/es-es\/product\/ultra-magnesium-complex-es-es\/","url":"https:\/\/livegood.network\/shop\/es-es\/product\/ultra-magnesium-complex-es-es\/","name":"Complejo Ultra Magnesio - LiveGooD Shop","isPartOf":{"@id":"https:\/\/livegood.network\/shop\/#website"},"datePublished":"2024-01-24T14:58:50+00:00","dateModified":"2024-01-24T14:58:51+00:00","breadcrumb":{"@id":"https:\/\/livegood.network\/shop\/es-es\/product\/ultra-magnesium-complex-es-es\/#breadcrumb"},"inLanguage":"en-US","potentialAction":[{"@type":"ReadAction","target":["https:\/\/livegood.network\/shop\/es-es\/product\/ultra-magnesium-complex-es-es\/"]}]},{"@type":"BreadcrumbList","@id":"https:\/\/livegood.network\/shop\/es-es\/product\/ultra-magnesium-complex-es-es\/#breadcrumb","itemListElement":[{"@type":"ListItem","position":1,"name":"Home","item":"https:\/\/livegood.network\/shop\/pt-br\/"},{"@type":"ListItem","position":2,"name":"Shop","item":"https:\/\/livegood.network\/shop\/shop\/"},{"@type":"ListItem","position":3,"name":"Complejo Ultra Magnesio"}]},{"@type":"WebSite","@id":"https:\/\/livegood.network\/shop\/#website","url":"https:\/\/livegood.network\/shop\/","name":"LiveGooD Shop","description":"","publisher":{"@id":"https:\/\/livegood.network\/shop\/#organization"},"potentialAction":[{"@type":"SearchAction","target":{"@type":"EntryPoint","urlTemplate":"https:\/\/livegood.network\/shop\/?s={search_term_string}"},"query-input":"required name=search_term_string"}],"inLanguage":"en-US"},{"@type":"Organization","@id":"https:\/\/livegood.network\/shop\/#organization","name":"LiveGooD","url":"https:\/\/livegood.network\/shop\/","logo":{"@type":"ImageObject","inLanguage":"en-US","@id":"https:\/\/livegood.network\/shop\/#\/schema\/logo\/image\/","url":"https:\/\/livegood.network\/shop\/wp-content\/uploads\/2024\/01\/logo-livegood-shop-main.png","contentUrl":"https:\/\/livegood.network\/shop\/wp-content\/uploads\/2024\/01\/logo-livegood-shop-main.png","width":373,"height":115,"caption":"LiveGooD"},"image":{"@id":"https:\/\/livegood.network\/shop\/#\/schema\/logo\/image\/"},"sameAs":["https:\/\/www.facebook.com\/livegoodhello"]}]}},"lang":"es-es","translations":{"es-es":791,"pt-pt":792,"pt-br":802,"en-us":192,"fr-fr":790,"vi":795,"ru-ru":796,"ko":797},"pll_sync_post":[],"_links":{"self":[{"href":"https:\/\/livegood.network\/shop\/wp-json\/wp\/v2\/product\/791","targetHints":{"allow":["GET"]}}],"collection":[{"href":"https:\/\/livegood.network\/shop\/wp-json\/wp\/v2\/product"}],"about":[{"href":"https:\/\/livegood.network\/shop\/wp-json\/wp\/v2\/types\/product"}],"replies":[{"embeddable":true,"href":"https:\/\/livegood.network\/shop\/wp-json\/wp\/v2\/comments?post=791"}],"version-history":[{"count":0,"href":"https:\/\/livegood.network\/shop\/wp-json\/wp\/v2\/product\/791\/revisions"}],"wp:featuredmedia":[{"embeddable":true,"href":"https:\/\/livegood.network\/shop\/wp-json\/wp\/v2\/media\/193"}],"wp:attachment":[{"href":"https:\/\/livegood.network\/shop\/wp-json\/wp\/v2\/media?parent=791"}],"wp:term":[{"taxonomy":"product_brand","embeddable":true,"href":"https:\/\/livegood.network\/shop\/wp-json\/wp\/v2\/product_brand?post=791"},{"taxonomy":"product_cat","embeddable":true,"href":"https:\/\/livegood.network\/shop\/wp-json\/wp\/v2\/product_cat?post=791"},{"taxonomy":"product_tag","embeddable":true,"href":"https:\/\/livegood.network\/shop\/wp-json\/wp\/v2\/product_tag?post=791"}],"curies":[{"name":"wp","href":"https:\/\/api.w.org\/{rel}","templated":true}]}}