{"id":804,"date":"2024-01-24T17:35:28","date_gmt":"2024-01-24T17:35:28","guid":{"rendered":"https:\/\/livegood.network\/shop\/?post_type=product&#038;p=804"},"modified":"2024-02-02T14:13:58","modified_gmt":"2024-02-02T14:13:58","slug":"maximum-energy-pack-fr-fr","status":"publish","type":"product","link":"https:\/\/livegood.network\/shop\/fr-fr\/product\/maximum-energy-pack-fr-fr\/","title":{"rendered":"Pack D&#8217;\u00e9nergie Maximale"},"content":{"rendered":"<p><strong>Pack d&#8217;\u00e9nergie maximale<\/strong><\/p>\n<p>La diminution des niveaux d\u2019\u00e9nergie sabote discr\u00e8tement la productivit\u00e9 \u00e0 l\u2019\u00e9chelle mondiale.\u00a0Les recherches indiquent que jusqu&#8217;\u00e0 60 % des individus expriment un manque persistant d&#8217;\u00e9nergie pour s&#8217;acquitter de leurs t\u00e2ches quotidiennes.<\/p>\n<p>M\u00eame si les choix alimentaires et les habitudes de sommeil influencent consid\u00e9rablement les niveaux d\u2019\u00e9nergie, un apport suppl\u00e9mentaire d\u2019\u00e9nergie positive est universellement b\u00e9n\u00e9fique.\u00a0Les produits exceptionnels de LiveGood sont l\u00e0 pour fournir cette revitalisation indispensable.<\/p>\n<p>Notre offre Peak Energy Bundle comprend les produits phares suivants\u00a0:<\/p>\n<ol>\n<li><strong>Caf\u00e9 biologique sain pour la gestion du poids aux champignons :<\/strong>\u00a0Capitalisant sur le rituel du caf\u00e9 du matin, notre m\u00e9lange biologique exploite non seulement les effets d&#8217;\u00e9veil de la caf\u00e9ine, mais int\u00e8gre \u00e9galement une richesse d&#8217;ingr\u00e9dients extraordinaires.\u00a0\u00c9levez votre cerveau et votre corps avec ce caf\u00e9 revigorant.<\/li>\n<li><strong>Essential Aminos\u00a0:<\/strong>\u00a0Charg\u00e9s de tous les acides amin\u00e9s et \u00e9lectrolytes essentiels, Essential Aminos est une n\u00e9cessit\u00e9 quotidienne.\u00a0Sa composition compl\u00e8te en fait un compl\u00e9ment id\u00e9al pour toute personne recherchant une vitalit\u00e9 soutenue.<\/li>\n<li><strong>Super Greens biologiques\u00a0:<\/strong>\u00a0Adressant la sant\u00e9 intestinale, la digestion et l&#8217;\u00e9nergie globale, les Super Greens servent de regain d&#8217;\u00e9nergie l&#8217;apr\u00e8s-midi, combattant efficacement la fatigue typique ressentie plus tard dans la journ\u00e9e.<\/li>\n<li><strong>Super Reds biologiques\u00a0:<\/strong>\u00a0Lib\u00e9rez la puissance du produit de soutien cardiovasculaire num\u00e9ro un au monde, Super Reds.\u00a0D\u00e9bordant de vitamines et d&#8217;antioxydants, ce suppl\u00e9ment compl\u00e8te parfaitement notre Peak Energy Bundle et s&#8217;int\u00e8gre parfaitement aux routines alimentaires quotidiennes.<\/li>\n<\/ol>\n<hr \/>\n<p><strong>Que contient le Pack \u00c9nergie Maximum ?<\/strong><\/p>\n<hr \/>\n<p><a href=\"https:\/\/livegood.network\/shop\/fr-fr\/product\/essential-aminos-fr-fr\/\"><img decoding=\"async\" class=\" wp-image-185\" src=\"https:\/\/livegood.network\/shop\/wp-content\/uploads\/2024\/01\/aminos-fruitpunch-livegood.png\" alt=\"Livegood complet d'aminos essentiels\" width=\"83\" height=\"83\" \/><\/a><\/p>\n<p><a href=\"https:\/\/livegood.network\/shop\/fr-fr\/product\/essential-aminos-fr-fr\/\"><strong>Amin\u00e9s essentiels<\/strong><\/a><\/p>\n<p>La formule exclusive vous offre un rapport finement ajust\u00e9 de TOUS les acides amin\u00e9s essentiels, les acides amin\u00e9s \u00e0 cha\u00eene ramifi\u00e9e et les \u00e9lectrolytes pour renforcer la force et la fonction musculaires, pr\u00e9server la masse musculaire maigre, am\u00e9liorer l&#8217;endurance et la r\u00e9cup\u00e9ration, et favoriser un \u00e9tat d&#8217;\u00e9nergie et de concentration sains\u00a0!<\/p>\n<hr \/>\n<p><a href=\"https:\/\/livegood.network\/shop\/fr-fr\/product\/organic-super-greens-fr-fr\/\"><img decoding=\"async\" class=\"alignnone wp-image-185\" src=\"https:\/\/livegood.network\/shop\/wp-content\/uploads\/2024\/01\/super-greens-dietary-supplement-livegood.png\" alt=\"Super Verts Livegood\" width=\"83\" height=\"83\" \/><\/a><\/p>\n<p><a href=\"https:\/\/livegood.network\/shop\/fr-fr\/product\/organic-super-greens-fr-fr\/\"><strong>Super Greens<\/strong><\/a><\/p>\n<p>Consommer des fruits et l\u00e9gumes biologiques, fra\u00eechement r\u00e9colt\u00e9s et propres maintient une tension art\u00e9rielle normale, assure le bon fonctionnement de notre intestin et fournit \u00e0 notre cerveau les nutriments essentiels pour les t\u00e2ches cruciales.<\/p>\n<hr \/>\n<p><a href=\"https:\/\/livegood.network\/shop\/fr-fr\/product\/organic-super-reds-fr-fr\/\"><img decoding=\"async\" class=\"alignnone wp-image-185\" src=\"https:\/\/livegood.network\/shop\/wp-content\/uploads\/2024\/01\/super-reds-dietary-supplement-livegood.png\" alt=\"Super Rouges Livegood\" width=\"83\" height=\"83\" \/><\/a><\/p>\n<p><a href=\"https:\/\/livegood.network\/shop\/fr-fr\/product\/organic-super-reds-fr-fr\/\"><strong>Super Reds<\/strong><\/a><\/p>\n<p>Dans le domaine du vieillissement en sant\u00e9, rien ne surpasse l\u2019importance d\u2019un c\u0153ur en bonne sant\u00e9 !\u00a0Le moyen le plus efficace de maintenir la sant\u00e9 cardiaque consiste \u00e0 adopter une alimentation riche en fruits et l\u00e9gumes rouges.<\/p>\n<hr \/>\n<p><a href=\"https:\/\/livegood.network\/shop\/fr-fr\/product\/organic-coffee-fr-fr\/\"><img loading=\"lazy\" decoding=\"async\" class=\" wp-image-185\" src=\"https:\/\/livegood.network\/shop\/wp-content\/uploads\/2024\/01\/organic-coffee-livegood.png\" alt=\"Caf\u00e9 biologique Livegood\" width=\"83\" height=\"83\" \/><\/a><\/p>\n<p><a href=\"https:\/\/livegood.network\/shop\/fr-fr\/product\/organic-coffee-fr-fr\/\"><strong>Caf\u00e9 biologique<\/strong><\/a><\/p>\n<p>Cependant, la r\u00e9alit\u00e9 est qu&#8217;avec la multitude d&#8217;avantages incroyables et les ingr\u00e9dients soigneusement choisis incorpor\u00e9s dans ce m\u00e9lange, nous aurions pu inclure encore plus de termes, comme adaptog\u00e8nes, th\u00e9 vert, fibres saines, maca et, bien s\u00fbr, des saveurs irr\u00e9sistiblement d\u00e9licieuses !<\/p>\n","protected":false},"excerpt":{"rendered":"<p><img decoding=\"async\" class=\"emoji\" role=\"img\" draggable=\"false\" src=\"https:\/\/s.w.org\/images\/core\/emoji\/14.0.0\/svg\/1f49a.svg\" alt=\"LiveGooD Heart\" \/> Caf\u00e9 Bio<br \/>\n<img decoding=\"async\" class=\"emoji\" role=\"img\" draggable=\"false\" src=\"https:\/\/s.w.org\/images\/core\/emoji\/14.0.0\/svg\/1f49a.svg\" alt=\"LiveGooD Heart\" \/> Punch aux Fruits Essential Aminos\/Citron Lime<br \/>\n<img decoding=\"async\" class=\"emoji\" role=\"img\" draggable=\"false\" src=\"https:\/\/s.w.org\/images\/core\/emoji\/14.0.0\/svg\/1f49a.svg\" alt=\"LiveGooD Heart\" \/> Super Rouges<br \/>\n<img decoding=\"async\" class=\"emoji\" role=\"img\" draggable=\"false\" src=\"https:\/\/s.w.org\/images\/core\/emoji\/14.0.0\/svg\/1f49a.svg\" alt=\"LiveGooD Heart\" \/> Super Verts<\/p>\n","protected":false},"featured_media":283,"comment_status":"open","ping_status":"closed","template":"","meta":[],"product_brand":[],"product_cat":[174,207,215,238],"product_tag":[3894],"class_list":{"0":"post-804","1":"product","2":"type-product","3":"status-publish","4":"has-post-thumbnail","6":"product_cat-coffee-tea-fr-fr","7":"product_cat-product-packages-fr-fr","8":"product_cat-supplements-fr-fr","9":"product_cat-vitamin-fr-fr","10":"product_tag-energy-fr-fr","12":"first","13":"instock","14":"sale","15":"shipping-taxable","16":"product-type-external"},"yoast_head":"<!-- This site is optimized with the Yoast SEO Premium plugin v20.6 (Yoast SEO v21.8.1) - https:\/\/yoast.com\/wordpress\/plugins\/seo\/ -->\n<title>Pack D&#039;\u00e9nergie Maximale - LiveGooD Shop<\/title>\n<meta name=\"robots\" content=\"index, follow, max-snippet:-1, max-image-preview:large, max-video-preview:-1\" \/>\n<link rel=\"canonical\" href=\"https:\/\/livegood.network\/shop\/fr-fr\/product\/maximum-energy-pack-fr-fr\/\" \/>\n<meta property=\"og:locale\" content=\"en_US\" \/>\n<meta property=\"og:type\" content=\"article\" \/>\n<meta property=\"og:title\" content=\"Pack D&#039;\u00e9nergie Maximale\" \/>\n<meta property=\"og:description\" content=\"Caf\u00e9 Bio  Punch aux Fruits Essential Aminos\/Citron Lime  Super Rouges  Super Verts\" \/>\n<meta property=\"og:url\" content=\"https:\/\/livegood.network\/shop\/fr-fr\/product\/maximum-energy-pack-fr-fr\/\" \/>\n<meta property=\"article:publisher\" content=\"https:\/\/www.facebook.com\/livegoodhello\" \/>\n<meta property=\"article:modified_time\" content=\"2024-02-02T14:13:58+00:00\" \/>\n<meta property=\"og:image\" content=\"https:\/\/livegood.network\/shop\/wp-content\/uploads\/2024\/01\/maximum-energy-pack-Tile-livegood.png\" \/>\n\t<meta property=\"og:image:width\" content=\"1000\" \/>\n\t<meta property=\"og:image:height\" content=\"600\" \/>\n\t<meta property=\"og:image:type\" content=\"image\/png\" \/>\n<meta name=\"twitter:card\" content=\"summary_large_image\" \/>\n<meta name=\"twitter:label1\" content=\"Est. reading time\" \/>\n\t<meta name=\"twitter:data1\" content=\"3 minutes\" \/>\n<script type=\"application\/ld+json\" class=\"yoast-schema-graph\">{\"@context\":\"https:\/\/schema.org\",\"@graph\":[{\"@type\":\"WebPage\",\"@id\":\"https:\/\/livegood.network\/shop\/fr-fr\/product\/maximum-energy-pack-fr-fr\/\",\"url\":\"https:\/\/livegood.network\/shop\/fr-fr\/product\/maximum-energy-pack-fr-fr\/\",\"name\":\"Pack D'\u00e9nergie Maximale - LiveGooD Shop\",\"isPartOf\":{\"@id\":\"https:\/\/livegood.network\/shop\/#website\"},\"datePublished\":\"2024-01-24T17:35:28+00:00\",\"dateModified\":\"2024-02-02T14:13:58+00:00\",\"breadcrumb\":{\"@id\":\"https:\/\/livegood.network\/shop\/fr-fr\/product\/maximum-energy-pack-fr-fr\/#breadcrumb\"},\"inLanguage\":\"en-US\",\"potentialAction\":[{\"@type\":\"ReadAction\",\"target\":[\"https:\/\/livegood.network\/shop\/fr-fr\/product\/maximum-energy-pack-fr-fr\/\"]}]},{\"@type\":\"BreadcrumbList\",\"@id\":\"https:\/\/livegood.network\/shop\/fr-fr\/product\/maximum-energy-pack-fr-fr\/#breadcrumb\",\"itemListElement\":[{\"@type\":\"ListItem\",\"position\":1,\"name\":\"Home\",\"item\":\"https:\/\/livegood.network\/shop\/pt-br\/\"},{\"@type\":\"ListItem\",\"position\":2,\"name\":\"Shop\",\"item\":\"https:\/\/livegood.network\/shop\/shop\/\"},{\"@type\":\"ListItem\",\"position\":3,\"name\":\"Pack D&#8217;\u00e9nergie Maximale\"}]},{\"@type\":\"WebSite\",\"@id\":\"https:\/\/livegood.network\/shop\/#website\",\"url\":\"https:\/\/livegood.network\/shop\/\",\"name\":\"LiveGooD Shop\",\"description\":\"\",\"publisher\":{\"@id\":\"https:\/\/livegood.network\/shop\/#organization\"},\"potentialAction\":[{\"@type\":\"SearchAction\",\"target\":{\"@type\":\"EntryPoint\",\"urlTemplate\":\"https:\/\/livegood.network\/shop\/?s={search_term_string}\"},\"query-input\":\"required name=search_term_string\"}],\"inLanguage\":\"en-US\"},{\"@type\":\"Organization\",\"@id\":\"https:\/\/livegood.network\/shop\/#organization\",\"name\":\"LiveGooD\",\"url\":\"https:\/\/livegood.network\/shop\/\",\"logo\":{\"@type\":\"ImageObject\",\"inLanguage\":\"en-US\",\"@id\":\"https:\/\/livegood.network\/shop\/#\/schema\/logo\/image\/\",\"url\":\"https:\/\/livegood.network\/shop\/wp-content\/uploads\/2024\/01\/logo-livegood-shop-main.png\",\"contentUrl\":\"https:\/\/livegood.network\/shop\/wp-content\/uploads\/2024\/01\/logo-livegood-shop-main.png\",\"width\":373,\"height\":115,\"caption\":\"LiveGooD\"},\"image\":{\"@id\":\"https:\/\/livegood.network\/shop\/#\/schema\/logo\/image\/\"},\"sameAs\":[\"https:\/\/www.facebook.com\/livegoodhello\"]}]}<\/script>\n<!-- \/ Yoast SEO Premium plugin. -->","yoast_head_json":{"title":"Pack D'\u00e9nergie Maximale - LiveGooD Shop","robots":{"index":"index","follow":"follow","max-snippet":"max-snippet:-1","max-image-preview":"max-image-preview:large","max-video-preview":"max-video-preview:-1"},"canonical":"https:\/\/livegood.network\/shop\/fr-fr\/product\/maximum-energy-pack-fr-fr\/","og_locale":"en_US","og_type":"article","og_title":"Pack D'\u00e9nergie Maximale","og_description":"Caf\u00e9 Bio  Punch aux Fruits Essential Aminos\/Citron Lime  Super Rouges  Super Verts","og_url":"https:\/\/livegood.network\/shop\/fr-fr\/product\/maximum-energy-pack-fr-fr\/","article_publisher":"https:\/\/www.facebook.com\/livegoodhello","article_modified_time":"2024-02-02T14:13:58+00:00","og_image":[{"width":1000,"height":600,"url":"https:\/\/livegood.network\/shop\/wp-content\/uploads\/2024\/01\/maximum-energy-pack-Tile-livegood.png","type":"image\/png"}],"twitter_card":"summary_large_image","twitter_misc":{"Est. reading time":"3 minutes"},"schema":{"@context":"https:\/\/schema.org","@graph":[{"@type":"WebPage","@id":"https:\/\/livegood.network\/shop\/fr-fr\/product\/maximum-energy-pack-fr-fr\/","url":"https:\/\/livegood.network\/shop\/fr-fr\/product\/maximum-energy-pack-fr-fr\/","name":"Pack D'\u00e9nergie Maximale - LiveGooD Shop","isPartOf":{"@id":"https:\/\/livegood.network\/shop\/#website"},"datePublished":"2024-01-24T17:35:28+00:00","dateModified":"2024-02-02T14:13:58+00:00","breadcrumb":{"@id":"https:\/\/livegood.network\/shop\/fr-fr\/product\/maximum-energy-pack-fr-fr\/#breadcrumb"},"inLanguage":"en-US","potentialAction":[{"@type":"ReadAction","target":["https:\/\/livegood.network\/shop\/fr-fr\/product\/maximum-energy-pack-fr-fr\/"]}]},{"@type":"BreadcrumbList","@id":"https:\/\/livegood.network\/shop\/fr-fr\/product\/maximum-energy-pack-fr-fr\/#breadcrumb","itemListElement":[{"@type":"ListItem","position":1,"name":"Home","item":"https:\/\/livegood.network\/shop\/pt-br\/"},{"@type":"ListItem","position":2,"name":"Shop","item":"https:\/\/livegood.network\/shop\/shop\/"},{"@type":"ListItem","position":3,"name":"Pack D&#8217;\u00e9nergie Maximale"}]},{"@type":"WebSite","@id":"https:\/\/livegood.network\/shop\/#website","url":"https:\/\/livegood.network\/shop\/","name":"LiveGooD Shop","description":"","publisher":{"@id":"https:\/\/livegood.network\/shop\/#organization"},"potentialAction":[{"@type":"SearchAction","target":{"@type":"EntryPoint","urlTemplate":"https:\/\/livegood.network\/shop\/?s={search_term_string}"},"query-input":"required name=search_term_string"}],"inLanguage":"en-US"},{"@type":"Organization","@id":"https:\/\/livegood.network\/shop\/#organization","name":"LiveGooD","url":"https:\/\/livegood.network\/shop\/","logo":{"@type":"ImageObject","inLanguage":"en-US","@id":"https:\/\/livegood.network\/shop\/#\/schema\/logo\/image\/","url":"https:\/\/livegood.network\/shop\/wp-content\/uploads\/2024\/01\/logo-livegood-shop-main.png","contentUrl":"https:\/\/livegood.network\/shop\/wp-content\/uploads\/2024\/01\/logo-livegood-shop-main.png","width":373,"height":115,"caption":"LiveGooD"},"image":{"@id":"https:\/\/livegood.network\/shop\/#\/schema\/logo\/image\/"},"sameAs":["https:\/\/www.facebook.com\/livegoodhello"]}]}},"lang":"fr-fr","translations":{"fr-fr":804,"pt-pt":806,"pt-br":820,"en-us":282,"es-es":805,"vi":807,"ru-ru":809,"ko":811},"pll_sync_post":[],"_links":{"self":[{"href":"https:\/\/livegood.network\/shop\/wp-json\/wp\/v2\/product\/804","targetHints":{"allow":["GET"]}}],"collection":[{"href":"https:\/\/livegood.network\/shop\/wp-json\/wp\/v2\/product"}],"about":[{"href":"https:\/\/livegood.network\/shop\/wp-json\/wp\/v2\/types\/product"}],"replies":[{"embeddable":true,"href":"https:\/\/livegood.network\/shop\/wp-json\/wp\/v2\/comments?post=804"}],"version-history":[{"count":2,"href":"https:\/\/livegood.network\/shop\/wp-json\/wp\/v2\/product\/804\/revisions"}],"predecessor-version":[{"id":1550,"href":"https:\/\/livegood.network\/shop\/wp-json\/wp\/v2\/product\/804\/revisions\/1550"}],"wp:featuredmedia":[{"embeddable":true,"href":"https:\/\/livegood.network\/shop\/wp-json\/wp\/v2\/media\/283"}],"wp:attachment":[{"href":"https:\/\/livegood.network\/shop\/wp-json\/wp\/v2\/media?parent=804"}],"wp:term":[{"taxonomy":"product_brand","embeddable":true,"href":"https:\/\/livegood.network\/shop\/wp-json\/wp\/v2\/product_brand?post=804"},{"taxonomy":"product_cat","embeddable":true,"href":"https:\/\/livegood.network\/shop\/wp-json\/wp\/v2\/product_cat?post=804"},{"taxonomy":"product_tag","embeddable":true,"href":"https:\/\/livegood.network\/shop\/wp-json\/wp\/v2\/product_tag?post=804"}],"curies":[{"name":"wp","href":"https:\/\/api.w.org\/{rel}","templated":true}]}}