{"id":805,"date":"2024-01-24T17:35:24","date_gmt":"2024-01-24T17:35:24","guid":{"rendered":"https:\/\/livegood.network\/shop\/?post_type=product&#038;p=805"},"modified":"2024-02-02T14:11:58","modified_gmt":"2024-02-02T14:11:58","slug":"maximum-energy-pack-es-es","status":"publish","type":"product","link":"https:\/\/livegood.network\/shop\/es-es\/product\/maximum-energy-pack-es-es\/","title":{"rendered":"Paquete de Energ\u00eda M\u00e1xima"},"content":{"rendered":"<p><strong>Paquete de energ\u00eda m\u00e1xima<\/strong><\/p>\n<p>La disminuci\u00f3n de los niveles de energ\u00eda sabotea silenciosamente la productividad en todo el mundo.\u00a0Las investigaciones indican que hasta el 60% de las personas expresan una falta persistente de energ\u00eda para afrontar sus rutinas diarias.<\/p>\n<p>Si bien las elecciones diet\u00e9ticas y los patrones de sue\u00f1o influyen significativamente en los niveles de energ\u00eda, un impulso suplementario de energ\u00eda positiva es universalmente beneficioso.\u00a0Los productos excepcionales de LiveGood est\u00e1n aqu\u00ed para brindar esa revitalizaci\u00f3n tan necesaria.<\/p>\n<p>Nuestro paquete Peak Energy incluye los siguientes productos potentes:<\/p>\n<ol>\n<li><strong>Caf\u00e9 org\u00e1nico saludable para el control del peso con champi\u00f1ones:<\/strong>\u00a0aprovechando el ritual del caf\u00e9 de la ma\u00f1ana, nuestra mezcla org\u00e1nica no solo aprovecha los efectos de despertar de la cafe\u00edna sino que tambi\u00e9n incorpora una gran cantidad de ingredientes extraordinarios.\u00a0Eleva tu cerebro y tu cuerpo con este caf\u00e9 vigorizante.<\/li>\n<li><strong>Aminos esenciales:<\/strong>\u00a0cargados con todos los amino\u00e1cidos y electrolitos esenciales, Essential Aminos es una necesidad diaria.\u00a0Su completa composici\u00f3n lo convierte en un complemento ideal para quienes buscan una vitalidad sostenida.<\/li>\n<li><strong>Super Greens org\u00e1nicos:<\/strong>\u00a0Abordando la salud intestinal, la digesti\u00f3n y la energ\u00eda en general, los Super Greens sirven como un impulso de energ\u00eda por la tarde, combatiendo eficazmente la fatiga t\u00edpica que se experimenta m\u00e1s tarde durante el d\u00eda.<\/li>\n<li><strong>Super Reds org\u00e1nicos:<\/strong>\u00a0Libere el poder del producto de apoyo cardiovascular n\u00famero uno a nivel mundial, Super Reds.\u00a0Repleto de vitaminas y antioxidantes, este suplemento complementa perfectamente nuestro Peak Energy Bundle y se integra perfectamente en las rutinas diet\u00e9ticas diarias.<\/li>\n<\/ol>\n<hr \/>\n<p><strong>\u00bfQu\u00e9 hay dentro del Pack M\u00e1xima Energ\u00eda?<\/strong><\/p>\n<hr \/>\n<p><a href=\"https:\/\/livegood.network\/shop\/es-es\/product\/essential-aminos-es-es\/\"><img decoding=\"async\" class=\" wp-image-185\" src=\"https:\/\/livegood.network\/shop\/wp-content\/uploads\/2024\/01\/aminos-fruitpunch-livegood.png\" alt=\"Amino\u00e1cidos Esenciales Completos Livegood\" width=\"83\" height=\"83\" \/><\/a><\/p>\n<p><a href=\"https:\/\/livegood.network\/shop\/es-es\/product\/essential-aminos-es-es\/\"><strong>Amino\u00e1cidos esenciales<\/strong><\/a><\/p>\n<p>\u00a1La f\u00f3rmula exclusiva le proporciona una proporci\u00f3n finamente ajustada de TODOS los amino\u00e1cidos esenciales, amino\u00e1cidos de cadena ramificada Y electrolitos para reforzar la fuerza y \u200b\u200bfunci\u00f3n muscular, preservar la masa muscular magra, mejorar la resistencia y la recuperaci\u00f3n, y fomentar un estado de energ\u00eda y concentraci\u00f3n saludables!<\/p>\n<hr \/>\n<p><a href=\"https:\/\/livegood.network\/shop\/es-es\/product\/organic-super-greens-es-es\/\"><img decoding=\"async\" class=\"alignnone wp-image-185\" src=\"https:\/\/livegood.network\/shop\/wp-content\/uploads\/2024\/01\/super-greens-dietary-supplement-livegood.png\" alt=\"S\u00faper verdes Livegood\" width=\"83\" height=\"83\" \/><\/a><\/p>\n<p><a href=\"https:\/\/livegood.network\/shop\/es-es\/product\/organic-super-greens-es-es\/\"><strong>S\u00faper verdes<\/strong><\/a><\/p>\n<p>El consumo de frutas y verduras org\u00e1nicas, reci\u00e9n cosechadas y limpias mantiene la presi\u00f3n arterial normal, garantiza el funcionamiento adecuado de nuestro intestino y proporciona a nuestro cerebro nutrientes esenciales para tareas cruciales.<\/p>\n<hr \/>\n<p><a href=\"https:\/\/livegood.network\/shop\/es-es\/product\/organic-super-reds-es-es\/\"><img decoding=\"async\" class=\"alignnone wp-image-185\" src=\"https:\/\/livegood.network\/shop\/wp-content\/uploads\/2024\/01\/super-reds-dietary-supplement-livegood.png\" alt=\"S\u00faper Rojos Livegood\" width=\"83\" height=\"83\" \/><\/a><\/p>\n<p><a href=\"https:\/\/livegood.network\/shop\/es-es\/product\/organic-super-reds-es-es\/\"><strong>S\u00faper rojos<\/strong><\/a><\/p>\n<p>En el \u00e1mbito del envejecimiento saludable, \u00a1nada supera la importancia de un coraz\u00f3n sano!\u00a0La forma m\u00e1s eficaz de mantener la salud del coraz\u00f3n es mediante una dieta rica en frutas y verduras rojas.<\/p>\n<hr \/>\n<p><a href=\"https:\/\/livegood.network\/shop\/es-es\/product\/organic-coffee-es-es\/\"><img loading=\"lazy\" decoding=\"async\" class=\" wp-image-185\" src=\"https:\/\/livegood.network\/shop\/wp-content\/uploads\/2024\/01\/organic-coffee-livegood.png\" alt=\"Caf\u00e9 org\u00e1nico Livegood\" width=\"83\" height=\"83\" \/><\/a><\/p>\n<p><a href=\"https:\/\/livegood.network\/shop\/es-es\/product\/organic-coffee-es-es\/\"><strong>Caf\u00e9 Org\u00e1nico<\/strong><\/a><\/p>\n<p>Sin embargo, la realidad es que con la multitud de beneficios incre\u00edbles y los ingredientes cuidadosamente seleccionados incorporados en esta mezcla, podr\u00edamos haber incluido a\u00fan m\u00e1s t\u00e9rminos, como adapt\u00f3genos, t\u00e9 verde, fibra saludable, maca y, por supuesto, \u00a1sabores irresistiblemente deliciosos!<\/p>\n","protected":false},"excerpt":{"rendered":"<p><img decoding=\"async\" class=\"emoji\" role=\"img\" draggable=\"false\" src=\"https:\/\/s.w.org\/images\/core\/emoji\/14.0.0\/svg\/1f49a.svg\" alt=\"LiveGooD Heart\" \/> Caf\u00e9 Org\u00e1nico<br \/>\n<img decoding=\"async\" class=\"emoji\" role=\"img\" draggable=\"false\" src=\"https:\/\/s.w.org\/images\/core\/emoji\/14.0.0\/svg\/1f49a.svg\" alt=\"LiveGooD Heart\" \/> Essential Aminos Ponche de Frutas\/Lima Lim\u00f3n<br \/>\n<img decoding=\"async\" class=\"emoji\" role=\"img\" draggable=\"false\" src=\"https:\/\/s.w.org\/images\/core\/emoji\/14.0.0\/svg\/1f49a.svg\" alt=\"LiveGooD Heart\" \/> S\u00faper Rojos<br \/>\n<img decoding=\"async\" class=\"emoji\" role=\"img\" draggable=\"false\" src=\"https:\/\/s.w.org\/images\/core\/emoji\/14.0.0\/svg\/1f49a.svg\" alt=\"LiveGooD Heart\" \/> S\u00faper Verdes<\/p>\n","protected":false},"featured_media":283,"comment_status":"open","ping_status":"closed","template":"","meta":[],"product_brand":[],"product_cat":[176,209,212,240],"product_tag":[3897],"class_list":{"0":"post-805","1":"product","2":"type-product","3":"status-publish","4":"has-post-thumbnail","6":"product_cat-coffee-tea-es-es","7":"product_cat-product-packages-es-es","8":"product_cat-supplements-es-es","9":"product_cat-vitamin-es-es","10":"product_tag-energy-es-es","12":"first","13":"instock","14":"sale","15":"shipping-taxable","16":"product-type-external"},"yoast_head":"<!-- This site is optimized with the Yoast SEO Premium plugin v20.6 (Yoast SEO v21.8.1) - https:\/\/yoast.com\/wordpress\/plugins\/seo\/ -->\n<title>Paquete de Energ\u00eda M\u00e1xima - LiveGooD Shop<\/title>\n<meta name=\"robots\" content=\"index, follow, max-snippet:-1, max-image-preview:large, max-video-preview:-1\" \/>\n<link rel=\"canonical\" href=\"https:\/\/livegood.network\/shop\/es-es\/product\/maximum-energy-pack-es-es\/\" \/>\n<meta property=\"og:locale\" content=\"en_US\" \/>\n<meta property=\"og:type\" content=\"article\" \/>\n<meta property=\"og:title\" content=\"Paquete de Energ\u00eda M\u00e1xima\" \/>\n<meta property=\"og:description\" content=\"Caf\u00e9 Org\u00e1nico  Essential Aminos Ponche de Frutas\/Lima Lim\u00f3n  S\u00faper Rojos  S\u00faper Verdes\" \/>\n<meta property=\"og:url\" content=\"https:\/\/livegood.network\/shop\/es-es\/product\/maximum-energy-pack-es-es\/\" \/>\n<meta property=\"article:publisher\" content=\"https:\/\/www.facebook.com\/livegoodhello\" \/>\n<meta property=\"article:modified_time\" content=\"2024-02-02T14:11:58+00:00\" \/>\n<meta property=\"og:image\" content=\"https:\/\/livegood.network\/shop\/wp-content\/uploads\/2024\/01\/maximum-energy-pack-Tile-livegood.png\" \/>\n\t<meta property=\"og:image:width\" content=\"1000\" \/>\n\t<meta property=\"og:image:height\" content=\"600\" \/>\n\t<meta property=\"og:image:type\" content=\"image\/png\" \/>\n<meta name=\"twitter:card\" content=\"summary_large_image\" \/>\n<meta name=\"twitter:label1\" content=\"Est. reading time\" \/>\n\t<meta name=\"twitter:data1\" content=\"3 minutes\" \/>\n<script type=\"application\/ld+json\" class=\"yoast-schema-graph\">{\"@context\":\"https:\/\/schema.org\",\"@graph\":[{\"@type\":\"WebPage\",\"@id\":\"https:\/\/livegood.network\/shop\/es-es\/product\/maximum-energy-pack-es-es\/\",\"url\":\"https:\/\/livegood.network\/shop\/es-es\/product\/maximum-energy-pack-es-es\/\",\"name\":\"Paquete de Energ\u00eda M\u00e1xima - LiveGooD Shop\",\"isPartOf\":{\"@id\":\"https:\/\/livegood.network\/shop\/#website\"},\"datePublished\":\"2024-01-24T17:35:24+00:00\",\"dateModified\":\"2024-02-02T14:11:58+00:00\",\"breadcrumb\":{\"@id\":\"https:\/\/livegood.network\/shop\/es-es\/product\/maximum-energy-pack-es-es\/#breadcrumb\"},\"inLanguage\":\"en-US\",\"potentialAction\":[{\"@type\":\"ReadAction\",\"target\":[\"https:\/\/livegood.network\/shop\/es-es\/product\/maximum-energy-pack-es-es\/\"]}]},{\"@type\":\"BreadcrumbList\",\"@id\":\"https:\/\/livegood.network\/shop\/es-es\/product\/maximum-energy-pack-es-es\/#breadcrumb\",\"itemListElement\":[{\"@type\":\"ListItem\",\"position\":1,\"name\":\"Home\",\"item\":\"https:\/\/livegood.network\/shop\/pt-br\/\"},{\"@type\":\"ListItem\",\"position\":2,\"name\":\"Shop\",\"item\":\"https:\/\/livegood.network\/shop\/shop\/\"},{\"@type\":\"ListItem\",\"position\":3,\"name\":\"Paquete de Energ\u00eda M\u00e1xima\"}]},{\"@type\":\"WebSite\",\"@id\":\"https:\/\/livegood.network\/shop\/#website\",\"url\":\"https:\/\/livegood.network\/shop\/\",\"name\":\"LiveGooD Shop\",\"description\":\"\",\"publisher\":{\"@id\":\"https:\/\/livegood.network\/shop\/#organization\"},\"potentialAction\":[{\"@type\":\"SearchAction\",\"target\":{\"@type\":\"EntryPoint\",\"urlTemplate\":\"https:\/\/livegood.network\/shop\/?s={search_term_string}\"},\"query-input\":\"required name=search_term_string\"}],\"inLanguage\":\"en-US\"},{\"@type\":\"Organization\",\"@id\":\"https:\/\/livegood.network\/shop\/#organization\",\"name\":\"LiveGooD\",\"url\":\"https:\/\/livegood.network\/shop\/\",\"logo\":{\"@type\":\"ImageObject\",\"inLanguage\":\"en-US\",\"@id\":\"https:\/\/livegood.network\/shop\/#\/schema\/logo\/image\/\",\"url\":\"https:\/\/livegood.network\/shop\/wp-content\/uploads\/2024\/01\/logo-livegood-shop-main.png\",\"contentUrl\":\"https:\/\/livegood.network\/shop\/wp-content\/uploads\/2024\/01\/logo-livegood-shop-main.png\",\"width\":373,\"height\":115,\"caption\":\"LiveGooD\"},\"image\":{\"@id\":\"https:\/\/livegood.network\/shop\/#\/schema\/logo\/image\/\"},\"sameAs\":[\"https:\/\/www.facebook.com\/livegoodhello\"]}]}<\/script>\n<!-- \/ Yoast SEO Premium plugin. -->","yoast_head_json":{"title":"Paquete de Energ\u00eda M\u00e1xima - LiveGooD Shop","robots":{"index":"index","follow":"follow","max-snippet":"max-snippet:-1","max-image-preview":"max-image-preview:large","max-video-preview":"max-video-preview:-1"},"canonical":"https:\/\/livegood.network\/shop\/es-es\/product\/maximum-energy-pack-es-es\/","og_locale":"en_US","og_type":"article","og_title":"Paquete de Energ\u00eda M\u00e1xima","og_description":"Caf\u00e9 Org\u00e1nico  Essential Aminos Ponche de Frutas\/Lima Lim\u00f3n  S\u00faper Rojos  S\u00faper Verdes","og_url":"https:\/\/livegood.network\/shop\/es-es\/product\/maximum-energy-pack-es-es\/","article_publisher":"https:\/\/www.facebook.com\/livegoodhello","article_modified_time":"2024-02-02T14:11:58+00:00","og_image":[{"width":1000,"height":600,"url":"https:\/\/livegood.network\/shop\/wp-content\/uploads\/2024\/01\/maximum-energy-pack-Tile-livegood.png","type":"image\/png"}],"twitter_card":"summary_large_image","twitter_misc":{"Est. reading time":"3 minutes"},"schema":{"@context":"https:\/\/schema.org","@graph":[{"@type":"WebPage","@id":"https:\/\/livegood.network\/shop\/es-es\/product\/maximum-energy-pack-es-es\/","url":"https:\/\/livegood.network\/shop\/es-es\/product\/maximum-energy-pack-es-es\/","name":"Paquete de Energ\u00eda M\u00e1xima - LiveGooD Shop","isPartOf":{"@id":"https:\/\/livegood.network\/shop\/#website"},"datePublished":"2024-01-24T17:35:24+00:00","dateModified":"2024-02-02T14:11:58+00:00","breadcrumb":{"@id":"https:\/\/livegood.network\/shop\/es-es\/product\/maximum-energy-pack-es-es\/#breadcrumb"},"inLanguage":"en-US","potentialAction":[{"@type":"ReadAction","target":["https:\/\/livegood.network\/shop\/es-es\/product\/maximum-energy-pack-es-es\/"]}]},{"@type":"BreadcrumbList","@id":"https:\/\/livegood.network\/shop\/es-es\/product\/maximum-energy-pack-es-es\/#breadcrumb","itemListElement":[{"@type":"ListItem","position":1,"name":"Home","item":"https:\/\/livegood.network\/shop\/pt-br\/"},{"@type":"ListItem","position":2,"name":"Shop","item":"https:\/\/livegood.network\/shop\/shop\/"},{"@type":"ListItem","position":3,"name":"Paquete de Energ\u00eda M\u00e1xima"}]},{"@type":"WebSite","@id":"https:\/\/livegood.network\/shop\/#website","url":"https:\/\/livegood.network\/shop\/","name":"LiveGooD Shop","description":"","publisher":{"@id":"https:\/\/livegood.network\/shop\/#organization"},"potentialAction":[{"@type":"SearchAction","target":{"@type":"EntryPoint","urlTemplate":"https:\/\/livegood.network\/shop\/?s={search_term_string}"},"query-input":"required name=search_term_string"}],"inLanguage":"en-US"},{"@type":"Organization","@id":"https:\/\/livegood.network\/shop\/#organization","name":"LiveGooD","url":"https:\/\/livegood.network\/shop\/","logo":{"@type":"ImageObject","inLanguage":"en-US","@id":"https:\/\/livegood.network\/shop\/#\/schema\/logo\/image\/","url":"https:\/\/livegood.network\/shop\/wp-content\/uploads\/2024\/01\/logo-livegood-shop-main.png","contentUrl":"https:\/\/livegood.network\/shop\/wp-content\/uploads\/2024\/01\/logo-livegood-shop-main.png","width":373,"height":115,"caption":"LiveGooD"},"image":{"@id":"https:\/\/livegood.network\/shop\/#\/schema\/logo\/image\/"},"sameAs":["https:\/\/www.facebook.com\/livegoodhello"]}]}},"lang":"es-es","translations":{"es-es":805,"pt-pt":806,"pt-br":820,"en-us":282,"fr-fr":804,"vi":807,"ru-ru":809,"ko":811},"pll_sync_post":[],"_links":{"self":[{"href":"https:\/\/livegood.network\/shop\/wp-json\/wp\/v2\/product\/805","targetHints":{"allow":["GET"]}}],"collection":[{"href":"https:\/\/livegood.network\/shop\/wp-json\/wp\/v2\/product"}],"about":[{"href":"https:\/\/livegood.network\/shop\/wp-json\/wp\/v2\/types\/product"}],"replies":[{"embeddable":true,"href":"https:\/\/livegood.network\/shop\/wp-json\/wp\/v2\/comments?post=805"}],"version-history":[{"count":3,"href":"https:\/\/livegood.network\/shop\/wp-json\/wp\/v2\/product\/805\/revisions"}],"predecessor-version":[{"id":1549,"href":"https:\/\/livegood.network\/shop\/wp-json\/wp\/v2\/product\/805\/revisions\/1549"}],"wp:featuredmedia":[{"embeddable":true,"href":"https:\/\/livegood.network\/shop\/wp-json\/wp\/v2\/media\/283"}],"wp:attachment":[{"href":"https:\/\/livegood.network\/shop\/wp-json\/wp\/v2\/media?parent=805"}],"wp:term":[{"taxonomy":"product_brand","embeddable":true,"href":"https:\/\/livegood.network\/shop\/wp-json\/wp\/v2\/product_brand?post=805"},{"taxonomy":"product_cat","embeddable":true,"href":"https:\/\/livegood.network\/shop\/wp-json\/wp\/v2\/product_cat?post=805"},{"taxonomy":"product_tag","embeddable":true,"href":"https:\/\/livegood.network\/shop\/wp-json\/wp\/v2\/product_tag?post=805"}],"curies":[{"name":"wp","href":"https:\/\/api.w.org\/{rel}","templated":true}]}}