{"id":807,"date":"2024-01-24T17:35:07","date_gmt":"2024-01-24T17:35:07","guid":{"rendered":"https:\/\/livegood.network\/shop\/?post_type=product&#038;p=807"},"modified":"2024-02-02T16:19:30","modified_gmt":"2024-02-02T16:19:30","slug":"maximum-energy-pack-vi","status":"publish","type":"product","link":"https:\/\/livegood.network\/shop\/vi\/product\/maximum-energy-pack-vi\/","title":{"rendered":"G\u00f3i N\u0103ng L\u01b0\u1ee3ng T\u1ed1i \u0110a"},"content":{"rendered":"<p><strong>G\u00f3i n\u0103ng l\u01b0\u1ee3ng t\u1ed1i \u0111a<\/strong><\/p>\n<p>M\u1ee9c n\u0103ng l\u01b0\u1ee3ng gi\u1ea3m d\u1ea7n \u0111ang \u00e2m th\u1ea7m ph\u00e1 ho\u1ea1i n\u0103ng su\u1ea5t tr\u00ean to\u00e0n th\u1ebf gi\u1edbi.\u00a0Nghi\u00ean c\u1ee9u ch\u1ec9 ra r\u1eb1ng c\u00f3 t\u1edbi 60% c\u00e1 nh\u00e2n bi\u1ec3u hi\u1ec7n t\u00ecnh tr\u1ea1ng thi\u1ebfu n\u0103ng l\u01b0\u1ee3ng dai d\u1eb3ng \u0111\u1ec3 th\u1ef1c hi\u1ec7n c\u00e1c c\u00f4ng vi\u1ec7c h\u00e0ng ng\u00e0y c\u1ee7a h\u1ecd.<\/p>\n<p>M\u1eb7c d\u00f9 l\u1ef1a ch\u1ecdn ch\u1ebf \u0111\u1ed9 \u0103n u\u1ed1ng v\u00e0 ki\u1ec3u ng\u1ee7 \u1ea3nh h\u01b0\u1edfng \u0111\u00e1ng k\u1ec3 \u0111\u1ebfn m\u1ee9c n\u0103ng l\u01b0\u1ee3ng, nh\u01b0ng vi\u1ec7c t\u0103ng c\u01b0\u1eddng b\u1ed5 sung n\u0103ng l\u01b0\u1ee3ng t\u00edch c\u1ef1c s\u1ebd mang l\u1ea1i l\u1ee3i \u00edch chung.\u00a0C\u00e1c s\u1ea3n ph\u1ea9m \u0111\u1eb7c bi\u1ec7t c\u1ee7a LiveGood c\u00f3 m\u1eb7t \u1edf \u0111\u00e2y \u0111\u1ec3 mang l\u1ea1i s\u1ef1 h\u1ed3i sinh r\u1ea5t c\u1ea7n thi\u1ebft \u0111\u00f3.<\/p>\n<p>G\u00f3i n\u0103ng l\u01b0\u1ee3ng \u0111\u1ec9nh cao c\u1ee7a ch\u00fang t\u00f4i bao g\u1ed3m c\u00e1c s\u1ea3n ph\u1ea9m n\u0103ng l\u01b0\u1ee3ng sau:<\/p>\n<ol>\n<li><strong>C\u00e0 ph\u00ea h\u1eefu c\u01a1 l\u00e0nh m\u1ea1nh v\u1edbi n\u1ea5m:<\/strong>\u00a0T\u1eadn d\u1ee5ng th\u00f3i quen u\u1ed1ng c\u00e0 ph\u00ea bu\u1ed5i s\u00e1ng, h\u1ed7n h\u1ee3p h\u1eefu c\u01a1 c\u1ee7a ch\u00fang t\u00f4i kh\u00f4ng ch\u1ec9 khai th\u00e1c t\u00e1c d\u1ee5ng \u0111\u00e1nh th\u1ee9c c\u1ee7a caffeine m\u00e0 c\u00f2n k\u1ebft h\u1ee3p v\u00f4 s\u1ed1 th\u00e0nh ph\u1ea7n \u0111\u1eb7c bi\u1ec7t.\u00a0N\u00e2ng cao c\u1ea3 tr\u00ed n\u00e3o v\u00e0 c\u01a1 th\u1ec3 c\u1ee7a b\u1ea1n v\u1edbi lo\u1ea1i c\u00e0 ph\u00ea ti\u1ebfp th\u00eam sinh l\u1ef1c n\u00e0y.<\/li>\n<li><strong>Axit amin thi\u1ebft y\u1ebfu:<\/strong>\u00a0\u0110\u01b0\u1ee3c b\u1ed5 sung t\u1ea5t c\u1ea3 c\u00e1c axit amin v\u00e0 ch\u1ea5t \u0111i\u1ec7n gi\u1ea3i thi\u1ebft y\u1ebfu, Axit amin thi\u1ebft y\u1ebfu l\u00e0 th\u1ee9 c\u1ea7n thi\u1ebft h\u00e0ng ng\u00e0y.\u00a0Th\u00e0nh ph\u1ea7n to\u00e0n di\u1ec7n c\u1ee7a n\u00f3 l\u00e0m cho n\u00f3 tr\u1edf th\u00e0nh m\u1ed9t ch\u1ea5t b\u1ed5 sung l\u00fd t\u01b0\u1edfng cho t\u1ea5t c\u1ea3 nh\u1eefng ng\u01b0\u1eddi \u0111ang t\u00ecm ki\u1ebfm s\u1ee9c s\u1ed1ng b\u1ec1n v\u1eefng.<\/li>\n<li><strong>Super Greens h\u1eefu c\u01a1:<\/strong>\u00a0Gi\u1ea3i quy\u1ebft v\u1ea5n \u0111\u1ec1 s\u1ee9c kh\u1ecfe \u0111\u01b0\u1eddng ru\u1ed9t, ti\u00eau h\u00f3a v\u00e0 n\u0103ng l\u01b0\u1ee3ng t\u1ed5ng th\u1ec3, Super Greens \u0111\u00f3ng vai tr\u00f2 t\u0103ng c\u01b0\u1eddng n\u0103ng l\u01b0\u1ee3ng v\u00e0o bu\u1ed5i chi\u1ec1u, ch\u1ed1ng l\u1ea1i hi\u1ec7u qu\u1ea3 t\u00ecnh tr\u1ea1ng m\u1ec7t m\u1ecfi \u0111i\u1ec3n h\u00ecnh sau \u0111\u00f3 trong ng\u00e0y.<\/li>\n<li><strong>Organic Super Reds:<\/strong>\u00a0Gi\u1ea3i ph\u00f3ng s\u1ee9c m\u1ea1nh c\u1ee7a s\u1ea3n ph\u1ea9m h\u1ed7 tr\u1ee3 tim m\u1ea1ch s\u1ed1 m\u1ed9t to\u00e0n c\u1ea7u, Super Reds.\u00a0B\u00f9ng n\u1ed5 v\u1edbi vitamin v\u00e0 ch\u1ea5t ch\u1ed1ng oxy h\u00f3a, s\u1ea3n ph\u1ea9m b\u1ed5 sung n\u00e0y b\u1ed5 sung ho\u00e0n h\u1ea3o cho G\u00f3i n\u0103ng l\u01b0\u1ee3ng \u0111\u1ec9nh cao c\u1ee7a ch\u00fang t\u00f4i v\u00e0 t\u00edch h\u1ee3p ho\u00e0n to\u00e0n v\u00e0o th\u00f3i quen \u0103n ki\u00eang h\u00e0ng ng\u00e0y.<\/li>\n<\/ol>\n<hr \/>\n<p><strong>B\u00ean trong G\u00f3i N\u0103ng l\u01b0\u1ee3ng T\u1ed1i \u0111a c\u00f3 g\u00ec?<\/strong><\/p>\n<hr \/>\n<p><a href=\"https:\/\/livegood.network\/shop\/vi\/product\/essential-aminos-vi\/\"><img decoding=\"async\" class=\" wp-image-185\" src=\"https:\/\/livegood.network\/shop\/wp-content\/uploads\/2024\/01\/aminos-fruitpunch-livegood.png\" alt=\"Ho\u00e0n th\u00e0nh c\u00e1c aminos thi\u1ebft y\u1ebfu Livegood\" width=\"83\" height=\"83\" \/><\/a><\/p>\n<p><a href=\"https:\/\/livegood.network\/shop\/vi\/product\/essential-aminos-vi\/\"><strong>Axit amin thi\u1ebft y\u1ebfu<\/strong><\/a><\/p>\n<p>C\u00f4ng th\u1ee9c \u0111\u1ed9c quy\u1ec1n cung c\u1ea5p cho b\u1ea1n t\u1ef7 l\u1ec7 tinh ch\u1ec9nh c\u1ee7a T\u1ea4T C\u1ea2 c\u00e1c axit amin thi\u1ebft y\u1ebfu, axit amin chu\u1ed7i nh\u00e1nh v\u00e0 ch\u1ea5t \u0111i\u1ec7n gi\u1ea3i \u0111\u1ec3 t\u0103ng c\u01b0\u1eddng s\u1ee9c m\u1ea1nh v\u00e0 ch\u1ee9c n\u0103ng c\u01a1 b\u1eafp, duy tr\u00ec kh\u1ed1i l\u01b0\u1ee3ng c\u01a1 n\u1ea1c, t\u0103ng c\u01b0\u1eddng s\u1ee9c ch\u1ecbu \u0111\u1ef1ng v\u00e0 kh\u1ea3 n\u0103ng ph\u1ee5c h\u1ed3i, \u0111\u1ed3ng th\u1eddi th\u00fac \u0111\u1ea9y tr\u1ea1ng th\u00e1i n\u0103ng l\u01b0\u1ee3ng v\u00e0 s\u1ef1 t\u1eadp trung l\u00e0nh m\u1ea1nh!<\/p>\n<hr \/>\n<p><a href=\"https:\/\/livegood.network\/shop\/vi\/product\/organic-super-greens-vi\/\"><img decoding=\"async\" class=\"alignnone wp-image-185\" src=\"https:\/\/livegood.network\/shop\/wp-content\/uploads\/2024\/01\/super-greens-dietary-supplement-livegood.png\" alt=\"Super Greens Livegood\" width=\"83\" height=\"83\" \/><\/a><\/p>\n<p><a href=\"https:\/\/livegood.network\/shop\/vi\/product\/organic-super-greens-vi\/\"><strong>si\u00eau xanh<\/strong><\/a><\/p>\n<p>Ti\u00eau th\u1ee5 tr\u00e1i c\u00e2y v\u00e0 rau h\u1eefu c\u01a1, m\u1edbi thu ho\u1ea1ch v\u00e0 s\u1ea1ch s\u1ebd duy tr\u00ec huy\u1ebft \u00e1p b\u00ecnh th\u01b0\u1eddng, \u0111\u1ea3m b\u1ea3o ho\u1ea1t \u0111\u1ed9ng b\u00ecnh th\u01b0\u1eddng c\u1ee7a \u0111\u01b0\u1eddng ru\u1ed9t v\u00e0 cung c\u1ea5p cho n\u00e3o nh\u1eefng ch\u1ea5t dinh d\u01b0\u1ee1ng c\u1ea7n thi\u1ebft cho c\u00e1c nhi\u1ec7m v\u1ee5 quan tr\u1ecdng.<\/p>\n<hr \/>\n<p><a href=\"https:\/\/livegood.network\/shop\/vi\/product\/organic-super-reds-vi\/\"><img decoding=\"async\" class=\"alignnone wp-image-185\" src=\"https:\/\/livegood.network\/shop\/wp-content\/uploads\/2024\/01\/super-reds-dietary-supplement-livegood.png\" alt=\"Super Reds Livegood\" width=\"83\" height=\"83\" \/><\/a><\/p>\n<p><a href=\"https:\/\/livegood.network\/shop\/vi\/product\/organic-super-reds-vi\/\"><strong>Si\u00eau \u0111\u1ecf<\/strong><\/a><\/p>\n<p>Trong l\u0129nh v\u1ef1c l\u00e3o h\u00f3a kh\u1ecfe m\u1ea1nh, kh\u00f4ng c\u00f3 g\u00ec v\u01b0\u1ee3t qua \u0111\u01b0\u1ee3c t\u1ea7m quan tr\u1ecdng c\u1ee7a m\u1ed9t tr\u00e1i tim kh\u1ecfe m\u1ea1nh!\u00a0C\u00e1ch hi\u1ec7u qu\u1ea3 nh\u1ea5t \u0111\u1ec3 duy tr\u00ec s\u1ee9c kh\u1ecfe tim m\u1ea1ch l\u00e0 th\u00f4ng qua ch\u1ebf \u0111\u1ed9 \u0103n nhi\u1ec1u tr\u00e1i c\u00e2y v\u00e0 rau qu\u1ea3 m\u00e0u \u0111\u1ecf.<\/p>\n<hr \/>\n<p><a href=\"https:\/\/livegood.network\/shop\/vi\/product\/organic-coffee-vi\/\"><img loading=\"lazy\" decoding=\"async\" class=\" wp-image-185\" src=\"https:\/\/livegood.network\/shop\/wp-content\/uploads\/2024\/01\/organic-coffee-livegood.png\" alt=\"C\u00e0 ph\u00ea h\u1eefu c\u01a1 Livegood\" width=\"83\" height=\"83\" \/><\/a><\/p>\n<p><a href=\"https:\/\/livegood.network\/shop\/vi\/product\/organic-coffee-vi\/\"><strong>C\u00e0 ph\u00ea h\u1eefu- c\u01a1<\/strong><\/a><\/p>\n<p>Tuy nhi\u00ean, th\u1ef1c t\u1ebf l\u00e0 v\u1edbi v\u00f4 s\u1ed1 l\u1ee3i \u00edch \u0111\u00e1ng kinh ng\u1ea1c v\u00e0 c\u00e1c th\u00e0nh ph\u1ea7n \u0111\u01b0\u1ee3c l\u1ef1a ch\u1ecdn c\u1ea9n th\u1eadn \u0111\u01b0\u1ee3c \u0111\u01b0a v\u00e0o h\u1ed7n h\u1ee3p n\u00e0y, ch\u00fang t\u00f4i th\u1eadm ch\u00ed c\u00f3 th\u1ec3 \u0111\u01b0a v\u00e0o nhi\u1ec1u thu\u1eadt ng\u1eef h\u01a1n, ch\u1eb3ng h\u1ea1n nh\u01b0 ch\u1ea5t th\u00edch \u1ee9ng, tr\u00e0 xanh, ch\u1ea5t x\u01a1 t\u1ed1t cho s\u1ee9c kh\u1ecfe, maca v\u00e0 t\u1ea5t nhi\u00ean l\u00e0 h\u01b0\u01a1ng v\u1ecb th\u01a1m ngon kh\u00f4ng th\u1ec3 c\u01b0\u1ee1ng l\u1ea1i!<\/p>\n","protected":false},"excerpt":{"rendered":"<p><img decoding=\"async\" class=\"emoji\" role=\"img\" draggable=\"false\" src=\"https:\/\/s.w.org\/images\/core\/emoji\/14.0.0\/svg\/1f49a.svg\" alt=\"LiveGooD Heart\" \/> C\u00e0 ph\u00ea h\u1eefu c\u01a1<br \/>\n<img decoding=\"async\" class=\"emoji\" role=\"img\" draggable=\"false\" src=\"https:\/\/s.w.org\/images\/core\/emoji\/14.0.0\/svg\/1f49a.svg\" alt=\"LiveGooD Heart\" \/> Essential Aminos Fruit Punch\/Chanh chanh<br \/>\n<img decoding=\"async\" class=\"emoji\" role=\"img\" draggable=\"false\" src=\"https:\/\/s.w.org\/images\/core\/emoji\/14.0.0\/svg\/1f49a.svg\" alt=\"LiveGooD Heart\" \/> Super Reds<br \/>\n<img decoding=\"async\" class=\"emoji\" role=\"img\" draggable=\"false\" src=\"https:\/\/s.w.org\/images\/core\/emoji\/14.0.0\/svg\/1f49a.svg\" alt=\"LiveGooD Heart\" \/> Super Greens<\/p>\n","protected":false},"featured_media":283,"comment_status":"open","ping_status":"closed","template":"","meta":[],"product_brand":[],"product_cat":[201,219,167,232],"product_tag":[3903],"class_list":{"0":"post-807","1":"product","2":"type-product","3":"status-publish","4":"has-post-thumbnail","6":"product_cat-product-packages-vi","7":"product_cat-supplements-vi","8":"product_cat-coffee-tea-vi","9":"product_cat-vitamin-vi","10":"product_tag-energy-vi","12":"first","13":"instock","14":"sale","15":"shipping-taxable","16":"product-type-external"},"yoast_head":"<!-- This site is optimized with the Yoast SEO Premium plugin v20.6 (Yoast SEO v21.8.1) - https:\/\/yoast.com\/wordpress\/plugins\/seo\/ -->\n<title>G\u00f3i N\u0103ng L\u01b0\u1ee3ng T\u1ed1i \u0110a - LiveGooD Shop<\/title>\n<meta name=\"robots\" content=\"index, follow, max-snippet:-1, max-image-preview:large, max-video-preview:-1\" \/>\n<link rel=\"canonical\" href=\"https:\/\/livegood.network\/shop\/vi\/product\/maximum-energy-pack-vi\/\" \/>\n<meta property=\"og:locale\" content=\"en_US\" \/>\n<meta property=\"og:type\" content=\"article\" \/>\n<meta property=\"og:title\" content=\"G\u00f3i N\u0103ng L\u01b0\u1ee3ng T\u1ed1i \u0110a\" \/>\n<meta property=\"og:description\" content=\"C\u00e0 ph\u00ea h\u1eefu c\u01a1  Essential Aminos Fruit Punch\/Chanh chanh  Super Reds  Super Greens\" \/>\n<meta property=\"og:url\" content=\"https:\/\/livegood.network\/shop\/vi\/product\/maximum-energy-pack-vi\/\" \/>\n<meta property=\"article:publisher\" content=\"https:\/\/www.facebook.com\/livegoodhello\" \/>\n<meta property=\"article:modified_time\" content=\"2024-02-02T16:19:30+00:00\" \/>\n<meta property=\"og:image\" content=\"https:\/\/livegood.network\/shop\/wp-content\/uploads\/2024\/01\/maximum-energy-pack-Tile-livegood.png\" \/>\n\t<meta property=\"og:image:width\" content=\"1000\" \/>\n\t<meta property=\"og:image:height\" content=\"600\" \/>\n\t<meta property=\"og:image:type\" content=\"image\/png\" \/>\n<meta name=\"twitter:card\" content=\"summary_large_image\" \/>\n<meta name=\"twitter:label1\" content=\"Est. reading time\" \/>\n\t<meta name=\"twitter:data1\" content=\"4 minutes\" \/>\n<script type=\"application\/ld+json\" class=\"yoast-schema-graph\">{\"@context\":\"https:\/\/schema.org\",\"@graph\":[{\"@type\":\"WebPage\",\"@id\":\"https:\/\/livegood.network\/shop\/vi\/product\/maximum-energy-pack-vi\/\",\"url\":\"https:\/\/livegood.network\/shop\/vi\/product\/maximum-energy-pack-vi\/\",\"name\":\"G\u00f3i N\u0103ng L\u01b0\u1ee3ng T\u1ed1i \u0110a - LiveGooD Shop\",\"isPartOf\":{\"@id\":\"https:\/\/livegood.network\/shop\/#website\"},\"datePublished\":\"2024-01-24T17:35:07+00:00\",\"dateModified\":\"2024-02-02T16:19:30+00:00\",\"breadcrumb\":{\"@id\":\"https:\/\/livegood.network\/shop\/vi\/product\/maximum-energy-pack-vi\/#breadcrumb\"},\"inLanguage\":\"en-US\",\"potentialAction\":[{\"@type\":\"ReadAction\",\"target\":[\"https:\/\/livegood.network\/shop\/vi\/product\/maximum-energy-pack-vi\/\"]}]},{\"@type\":\"BreadcrumbList\",\"@id\":\"https:\/\/livegood.network\/shop\/vi\/product\/maximum-energy-pack-vi\/#breadcrumb\",\"itemListElement\":[{\"@type\":\"ListItem\",\"position\":1,\"name\":\"Home\",\"item\":\"https:\/\/livegood.network\/shop\/pt-br\/\"},{\"@type\":\"ListItem\",\"position\":2,\"name\":\"Shop\",\"item\":\"https:\/\/livegood.network\/shop\/shop\/\"},{\"@type\":\"ListItem\",\"position\":3,\"name\":\"G\u00f3i N\u0103ng L\u01b0\u1ee3ng T\u1ed1i \u0110a\"}]},{\"@type\":\"WebSite\",\"@id\":\"https:\/\/livegood.network\/shop\/#website\",\"url\":\"https:\/\/livegood.network\/shop\/\",\"name\":\"LiveGooD Shop\",\"description\":\"\",\"publisher\":{\"@id\":\"https:\/\/livegood.network\/shop\/#organization\"},\"potentialAction\":[{\"@type\":\"SearchAction\",\"target\":{\"@type\":\"EntryPoint\",\"urlTemplate\":\"https:\/\/livegood.network\/shop\/?s={search_term_string}\"},\"query-input\":\"required name=search_term_string\"}],\"inLanguage\":\"en-US\"},{\"@type\":\"Organization\",\"@id\":\"https:\/\/livegood.network\/shop\/#organization\",\"name\":\"LiveGooD\",\"url\":\"https:\/\/livegood.network\/shop\/\",\"logo\":{\"@type\":\"ImageObject\",\"inLanguage\":\"en-US\",\"@id\":\"https:\/\/livegood.network\/shop\/#\/schema\/logo\/image\/\",\"url\":\"https:\/\/livegood.network\/shop\/wp-content\/uploads\/2024\/01\/logo-livegood-shop-main.png\",\"contentUrl\":\"https:\/\/livegood.network\/shop\/wp-content\/uploads\/2024\/01\/logo-livegood-shop-main.png\",\"width\":373,\"height\":115,\"caption\":\"LiveGooD\"},\"image\":{\"@id\":\"https:\/\/livegood.network\/shop\/#\/schema\/logo\/image\/\"},\"sameAs\":[\"https:\/\/www.facebook.com\/livegoodhello\"]}]}<\/script>\n<!-- \/ Yoast SEO Premium plugin. -->","yoast_head_json":{"title":"G\u00f3i N\u0103ng L\u01b0\u1ee3ng T\u1ed1i \u0110a - LiveGooD Shop","robots":{"index":"index","follow":"follow","max-snippet":"max-snippet:-1","max-image-preview":"max-image-preview:large","max-video-preview":"max-video-preview:-1"},"canonical":"https:\/\/livegood.network\/shop\/vi\/product\/maximum-energy-pack-vi\/","og_locale":"en_US","og_type":"article","og_title":"G\u00f3i N\u0103ng L\u01b0\u1ee3ng T\u1ed1i \u0110a","og_description":"C\u00e0 ph\u00ea h\u1eefu c\u01a1  Essential Aminos Fruit Punch\/Chanh chanh  Super Reds  Super Greens","og_url":"https:\/\/livegood.network\/shop\/vi\/product\/maximum-energy-pack-vi\/","article_publisher":"https:\/\/www.facebook.com\/livegoodhello","article_modified_time":"2024-02-02T16:19:30+00:00","og_image":[{"width":1000,"height":600,"url":"https:\/\/livegood.network\/shop\/wp-content\/uploads\/2024\/01\/maximum-energy-pack-Tile-livegood.png","type":"image\/png"}],"twitter_card":"summary_large_image","twitter_misc":{"Est. reading time":"4 minutes"},"schema":{"@context":"https:\/\/schema.org","@graph":[{"@type":"WebPage","@id":"https:\/\/livegood.network\/shop\/vi\/product\/maximum-energy-pack-vi\/","url":"https:\/\/livegood.network\/shop\/vi\/product\/maximum-energy-pack-vi\/","name":"G\u00f3i N\u0103ng L\u01b0\u1ee3ng T\u1ed1i \u0110a - LiveGooD Shop","isPartOf":{"@id":"https:\/\/livegood.network\/shop\/#website"},"datePublished":"2024-01-24T17:35:07+00:00","dateModified":"2024-02-02T16:19:30+00:00","breadcrumb":{"@id":"https:\/\/livegood.network\/shop\/vi\/product\/maximum-energy-pack-vi\/#breadcrumb"},"inLanguage":"en-US","potentialAction":[{"@type":"ReadAction","target":["https:\/\/livegood.network\/shop\/vi\/product\/maximum-energy-pack-vi\/"]}]},{"@type":"BreadcrumbList","@id":"https:\/\/livegood.network\/shop\/vi\/product\/maximum-energy-pack-vi\/#breadcrumb","itemListElement":[{"@type":"ListItem","position":1,"name":"Home","item":"https:\/\/livegood.network\/shop\/pt-br\/"},{"@type":"ListItem","position":2,"name":"Shop","item":"https:\/\/livegood.network\/shop\/shop\/"},{"@type":"ListItem","position":3,"name":"G\u00f3i N\u0103ng L\u01b0\u1ee3ng T\u1ed1i \u0110a"}]},{"@type":"WebSite","@id":"https:\/\/livegood.network\/shop\/#website","url":"https:\/\/livegood.network\/shop\/","name":"LiveGooD Shop","description":"","publisher":{"@id":"https:\/\/livegood.network\/shop\/#organization"},"potentialAction":[{"@type":"SearchAction","target":{"@type":"EntryPoint","urlTemplate":"https:\/\/livegood.network\/shop\/?s={search_term_string}"},"query-input":"required name=search_term_string"}],"inLanguage":"en-US"},{"@type":"Organization","@id":"https:\/\/livegood.network\/shop\/#organization","name":"LiveGooD","url":"https:\/\/livegood.network\/shop\/","logo":{"@type":"ImageObject","inLanguage":"en-US","@id":"https:\/\/livegood.network\/shop\/#\/schema\/logo\/image\/","url":"https:\/\/livegood.network\/shop\/wp-content\/uploads\/2024\/01\/logo-livegood-shop-main.png","contentUrl":"https:\/\/livegood.network\/shop\/wp-content\/uploads\/2024\/01\/logo-livegood-shop-main.png","width":373,"height":115,"caption":"LiveGooD"},"image":{"@id":"https:\/\/livegood.network\/shop\/#\/schema\/logo\/image\/"},"sameAs":["https:\/\/www.facebook.com\/livegoodhello"]}]}},"lang":"vi","translations":{"vi":807,"pt-pt":806,"pt-br":820,"en-us":282,"fr-fr":804,"es-es":805,"ru-ru":809,"ko":811},"pll_sync_post":[],"_links":{"self":[{"href":"https:\/\/livegood.network\/shop\/wp-json\/wp\/v2\/product\/807","targetHints":{"allow":["GET"]}}],"collection":[{"href":"https:\/\/livegood.network\/shop\/wp-json\/wp\/v2\/product"}],"about":[{"href":"https:\/\/livegood.network\/shop\/wp-json\/wp\/v2\/types\/product"}],"replies":[{"embeddable":true,"href":"https:\/\/livegood.network\/shop\/wp-json\/wp\/v2\/comments?post=807"}],"version-history":[{"count":2,"href":"https:\/\/livegood.network\/shop\/wp-json\/wp\/v2\/product\/807\/revisions"}],"predecessor-version":[{"id":1554,"href":"https:\/\/livegood.network\/shop\/wp-json\/wp\/v2\/product\/807\/revisions\/1554"}],"wp:featuredmedia":[{"embeddable":true,"href":"https:\/\/livegood.network\/shop\/wp-json\/wp\/v2\/media\/283"}],"wp:attachment":[{"href":"https:\/\/livegood.network\/shop\/wp-json\/wp\/v2\/media?parent=807"}],"wp:term":[{"taxonomy":"product_brand","embeddable":true,"href":"https:\/\/livegood.network\/shop\/wp-json\/wp\/v2\/product_brand?post=807"},{"taxonomy":"product_cat","embeddable":true,"href":"https:\/\/livegood.network\/shop\/wp-json\/wp\/v2\/product_cat?post=807"},{"taxonomy":"product_tag","embeddable":true,"href":"https:\/\/livegood.network\/shop\/wp-json\/wp\/v2\/product_tag?post=807"}],"curies":[{"name":"wp","href":"https:\/\/api.w.org\/{rel}","templated":true}]}}