{"id":826,"date":"2024-01-24T18:20:20","date_gmt":"2024-01-24T18:20:20","guid":{"rendered":"https:\/\/livegood.network\/shop\/?post_type=product&#038;p=826"},"modified":"2024-02-05T13:59:49","modified_gmt":"2024-02-05T13:59:49","slug":"methylene-blue-nootropic-fr-fr","status":"publish","type":"product","link":"https:\/\/livegood.network\/shop\/fr-fr\/product\/methylene-blue-nootropic-fr-fr\/","title":{"rendered":"Bleu de M\u00e9thyl\u00e8ne Nootropique"},"content":{"rendered":"<p><strong>Bleu de m\u00e9thyl\u00e8ne nootropique \u2013 Bandes dissolvantes<\/strong><\/p>\n<p><em>Le cerveau est l\u2019organe primordial de notre corps et son bon fonctionnement est crucial m\u00eame pour les t\u00e2ches et activit\u00e9s quotidiennes les plus simples, ind\u00e9pendamment du bien-\u00eatre des autres fonctions corporelles.<\/em><\/p>\n<p>Chez les jeunes, notre cerveau fait preuve d\u2019acuit\u00e9, de clart\u00e9 mentale, d\u2019une m\u00e9moire robuste, de capacit\u00e9s cr\u00e9atives de r\u00e9solution de probl\u00e8mes et de niveaux d\u2019\u00e9nergie mitochondriales optimaux \u2013 les producteurs d\u2019\u00e9nergie au sein de nos cellules c\u00e9r\u00e9brales, commun\u00e9ment appel\u00e9s les centrales \u00e9lectriques de nos cellules.<\/p>\n<p>Cependant, \u00e0 mesure que le processus de vieillissement suit son cours, les niveaux d\u2019\u00e9nergie mitochondriale diminuent, ce qui a un impact sur l\u2019attention, la m\u00e9moire, la clart\u00e9 mentale et l\u2019agilit\u00e9.\u00a0Essentiellement, notre cerveau subit une d\u00e9g\u00e9n\u00e9rescence, qui commence g\u00e9n\u00e9ralement entre 30 et 40 ans. Le moment de ce processus peut \u00eatre influenc\u00e9 par les habitudes de vie, l\u2019alimentation et les facteurs environnementaux.<\/p>\n<p>Cela souligne l\u2019importance pour chacun d\u2019am\u00e9liorer sa sant\u00e9 mitochondriale, que l\u2019objectif soit d\u2019am\u00e9liorer sa concentration, d\u2019am\u00e9liorer ses performances au travail ou \u00e0 l\u2019\u00e9cole, d\u2019acqu\u00e9rir de nouvelles comp\u00e9tences ou simplement de maintenir la sant\u00e9 et la fonctionnalit\u00e9 globales du cerveau.<\/p>\n<p>Entrez les bandes dissolvantes nootropiques au bleu de m\u00e9thyl\u00e8ne LiveGood.<\/p>\n<p>Un nootropique est une substance qui am\u00e9liore les capacit\u00e9s mentales telles que la m\u00e9moire, l\u2019humeur et la long\u00e9vit\u00e9.\u00a0Le bleu de m\u00e9thyl\u00e8ne est particuli\u00e8rement exceptionnel pour sa capacit\u00e9 \u00e0 augmenter l\u2019apport d\u2019oxyg\u00e8ne aux cellules du cerveau, am\u00e9liorant ainsi la production d\u2019\u00e9nergie dans nos mitochondries, les centrales \u00e9lectriques cellulaires.<\/p>\n<p>Le bleu de m\u00e9thyl\u00e8ne est mondialement reconnu depuis pr\u00e8s de 200 ans et est r\u00e9pertori\u00e9 par l&#8217;Organisation mondiale de la sant\u00e9 comme m\u00e9dicament essentiel en raison de son impact significatif sur la biologie cellulaire et la production d&#8217;\u00e9nergie.<\/p>\n<p>Avec nos bandes dissolvantes con\u00e7ues pour une absorption maximale et contenant des ingr\u00e9dients de la plus haute qualit\u00e9, LiveGood M\u00e9thyl\u00e8ne Blue Nootropic se distingue comme un produit de sant\u00e9 c\u00e9r\u00e9brale potentiellement in\u00e9gal\u00e9 JAMAIS CR\u00c9\u00c9\u00a0!<\/p>\n<p><strong>Comment utiliser:<\/strong><\/p>\n<p>Chaque bo\u00eete contient 15 films \u00e0 dissolution orale, destin\u00e9s \u00e0 \u00eatre utilis\u00e9s tous les deux jours, offrant un approvisionnement de 30 jours.\u00a0Mouillez-vous la bouche avant utilisation.\u00a0Ouvrez le papier d&#8217;aluminium, placez un film sur votre langue et laissez-le se dissoudre.\u00a0La coloration bleue est un r\u00e9sultat normal et attendu.\u00a0Il est \u00e9galement normal d\u2019observer une urine bleue ou verte pendant 2 jours maximum.<\/p>\n<p>Conseil de pro\u00a0: recherchez la lumi\u00e8re naturelle du soleil pendant au moins 5\u00a0minutes d&#8217;exposition dans les 30\u00a0minutes suivant l&#8217;utilisation.\u00a0Le bleu de m\u00e9thyl\u00e8ne a une nature photodynamique, r\u00e9agissant \u00e0 la lumi\u00e8re et am\u00e9liorant encore la production d&#8217;\u00e9nergie au sein des mitochondries.<\/p>\n<p>Conseil de pro n\u00b02 : Pour des bienfaits optimaux, utilisez le bleu de m\u00e9thyl\u00e8ne le matin, particuli\u00e8rement avantageux pour ceux qui pratiquent le je\u00fbne intermittent.<\/p>\n<p><strong>Avantages:<\/strong><\/p>\n<ul>\n<li>Nootropique<\/li>\n<li>M\u00e9moire am\u00e9lior\u00e9e<\/li>\n<li>Protection de la sant\u00e9 des cellules c\u00e9r\u00e9brales<\/li>\n<li>Soutien d&#8217;humeur positive<\/li>\n<li>Am\u00e9lioration de la concentration et de la cognition<\/li>\n<\/ul>\n<p><strong>Prudence:<\/strong><\/p>\n<ul>\n<li>Ne pas utiliser si vous \u00eates enceinte ou si vous allaitez.<\/li>\n<li>\u00c9vitez de l&#8217;utiliser si vous avez un d\u00e9ficit en G6PD.<\/li>\n<li>Consultez un m\u00e9decin avant utilisation si vous utilisez des m\u00e9dicaments IMAO ou ISRS, souvent prescrits pour la d\u00e9pression.<\/li>\n<\/ul>\n<p><span style=\"color: #339966;\">Les bandes dissolvantes nootropiques au bleu de m\u00e9thyl\u00e8ne LiveGood sont fabriqu\u00e9es \u00e0 partir de cellulose v\u00e9g\u00e9tale (pullulane), ne contenant ni sucre, ni agents de remplissage, ni additifs inutiles.\u00a0Ils ne n\u00e9cessitent pas d\u2019eau, n\u2019ont aucun impact sur les dents, agissent rapidement et sont faciles \u00e0 transporter.<\/span><\/p>\n","protected":false},"excerpt":{"rendered":"<p><img decoding=\"async\" class=\"emoji\" role=\"img\" draggable=\"false\" src=\"https:\/\/s.w.org\/images\/core\/emoji\/14.0.0\/svg\/1f49a.svg\" alt=\"LiveGooD Love\" \/ > Aide \u00e0 am\u00e9liorer la m\u00e9moire<br \/>\n<img decoding=\"async\" class=\"emoji\" role=\"img\" draggable=\"false\" src=\"https:\/\/s.w.org\/images\/core\/emoji\/14.0.0\/svg\/1f49a.svg\" alt=\"LiveGooD Love\" \/ > Prot\u00e9ger la sant\u00e9 des cellules c\u00e9r\u00e9brales<br \/>\n<img decoding=\"async\" class=\"emoji\" role=\"img\" draggable=\"false\" src=\"https:\/\/s.w.org\/images\/core\/emoji\/14.0.0\/svg\/1f49a.svg\" alt=\"LiveGooD Love\" \/ > Soutenir l&#8217;humeur positive<br \/>\n<img decoding=\"async\" class=\"emoji\" role=\"img\" draggable=\"false\" src=\"https:\/\/s.w.org\/images\/core\/emoji\/14.0.0\/svg\/1f49a.svg\" alt=\"LiveGooD Love\" \/ > Concentration et cognition<\/p>\n","protected":false},"featured_media":262,"comment_status":"open","ping_status":"closed","template":"","meta":[],"product_brand":[],"product_cat":[215],"product_tag":[],"class_list":{"0":"post-826","1":"product","2":"type-product","3":"status-publish","4":"has-post-thumbnail","6":"product_cat-supplements-fr-fr","8":"first","9":"instock","10":"sale","11":"shipping-taxable","12":"product-type-external"},"yoast_head":"<!-- This site is optimized with the Yoast SEO Premium plugin v20.6 (Yoast SEO v21.8.1) - https:\/\/yoast.com\/wordpress\/plugins\/seo\/ -->\n<title>Bleu de M\u00e9thyl\u00e8ne Nootropique - LiveGooD Shop<\/title>\n<meta name=\"robots\" content=\"index, follow, max-snippet:-1, max-image-preview:large, max-video-preview:-1\" \/>\n<link rel=\"canonical\" href=\"https:\/\/livegood.network\/shop\/fr-fr\/product\/methylene-blue-nootropic-fr-fr\/\" \/>\n<meta property=\"og:locale\" content=\"en_US\" \/>\n<meta property=\"og:type\" content=\"article\" \/>\n<meta property=\"og:title\" content=\"Bleu de M\u00e9thyl\u00e8ne Nootropique\" \/>\n<meta property=\"og:description\" content=\"Aide \u00e0 am\u00e9liorer la m\u00e9moire  Prot\u00e9ger la sant\u00e9 des cellules c\u00e9r\u00e9brales  Soutenir l&#039;humeur positive  Concentration et cognition\" \/>\n<meta property=\"og:url\" content=\"https:\/\/livegood.network\/shop\/fr-fr\/product\/methylene-blue-nootropic-fr-fr\/\" \/>\n<meta property=\"article:publisher\" content=\"https:\/\/www.facebook.com\/livegoodhello\" \/>\n<meta property=\"article:modified_time\" content=\"2024-02-05T13:59:49+00:00\" \/>\n<meta property=\"og:image\" content=\"https:\/\/livegood.network\/shop\/wp-content\/uploads\/2024\/01\/methylene-blue-livegood.png\" \/>\n\t<meta property=\"og:image:width\" content=\"1000\" \/>\n\t<meta property=\"og:image:height\" content=\"1000\" \/>\n\t<meta property=\"og:image:type\" content=\"image\/png\" \/>\n<meta name=\"twitter:card\" content=\"summary_large_image\" \/>\n<meta name=\"twitter:label1\" content=\"Est. reading time\" \/>\n\t<meta name=\"twitter:data1\" content=\"3 minutes\" \/>\n<script type=\"application\/ld+json\" class=\"yoast-schema-graph\">{\"@context\":\"https:\/\/schema.org\",\"@graph\":[{\"@type\":\"WebPage\",\"@id\":\"https:\/\/livegood.network\/shop\/fr-fr\/product\/methylene-blue-nootropic-fr-fr\/\",\"url\":\"https:\/\/livegood.network\/shop\/fr-fr\/product\/methylene-blue-nootropic-fr-fr\/\",\"name\":\"Bleu de M\u00e9thyl\u00e8ne Nootropique - LiveGooD Shop\",\"isPartOf\":{\"@id\":\"https:\/\/livegood.network\/shop\/#website\"},\"datePublished\":\"2024-01-24T18:20:20+00:00\",\"dateModified\":\"2024-02-05T13:59:49+00:00\",\"breadcrumb\":{\"@id\":\"https:\/\/livegood.network\/shop\/fr-fr\/product\/methylene-blue-nootropic-fr-fr\/#breadcrumb\"},\"inLanguage\":\"en-US\",\"potentialAction\":[{\"@type\":\"ReadAction\",\"target\":[\"https:\/\/livegood.network\/shop\/fr-fr\/product\/methylene-blue-nootropic-fr-fr\/\"]}]},{\"@type\":\"BreadcrumbList\",\"@id\":\"https:\/\/livegood.network\/shop\/fr-fr\/product\/methylene-blue-nootropic-fr-fr\/#breadcrumb\",\"itemListElement\":[{\"@type\":\"ListItem\",\"position\":1,\"name\":\"Home\",\"item\":\"https:\/\/livegood.network\/shop\/pt-br\/\"},{\"@type\":\"ListItem\",\"position\":2,\"name\":\"Shop\",\"item\":\"https:\/\/livegood.network\/shop\/shop\/\"},{\"@type\":\"ListItem\",\"position\":3,\"name\":\"Bleu de M\u00e9thyl\u00e8ne Nootropique\"}]},{\"@type\":\"WebSite\",\"@id\":\"https:\/\/livegood.network\/shop\/#website\",\"url\":\"https:\/\/livegood.network\/shop\/\",\"name\":\"LiveGooD Shop\",\"description\":\"\",\"publisher\":{\"@id\":\"https:\/\/livegood.network\/shop\/#organization\"},\"potentialAction\":[{\"@type\":\"SearchAction\",\"target\":{\"@type\":\"EntryPoint\",\"urlTemplate\":\"https:\/\/livegood.network\/shop\/?s={search_term_string}\"},\"query-input\":\"required name=search_term_string\"}],\"inLanguage\":\"en-US\"},{\"@type\":\"Organization\",\"@id\":\"https:\/\/livegood.network\/shop\/#organization\",\"name\":\"LiveGooD\",\"url\":\"https:\/\/livegood.network\/shop\/\",\"logo\":{\"@type\":\"ImageObject\",\"inLanguage\":\"en-US\",\"@id\":\"https:\/\/livegood.network\/shop\/#\/schema\/logo\/image\/\",\"url\":\"https:\/\/livegood.network\/shop\/wp-content\/uploads\/2024\/01\/logo-livegood-shop-main.png\",\"contentUrl\":\"https:\/\/livegood.network\/shop\/wp-content\/uploads\/2024\/01\/logo-livegood-shop-main.png\",\"width\":373,\"height\":115,\"caption\":\"LiveGooD\"},\"image\":{\"@id\":\"https:\/\/livegood.network\/shop\/#\/schema\/logo\/image\/\"},\"sameAs\":[\"https:\/\/www.facebook.com\/livegoodhello\"]}]}<\/script>\n<!-- \/ Yoast SEO Premium plugin. -->","yoast_head_json":{"title":"Bleu de M\u00e9thyl\u00e8ne Nootropique - LiveGooD Shop","robots":{"index":"index","follow":"follow","max-snippet":"max-snippet:-1","max-image-preview":"max-image-preview:large","max-video-preview":"max-video-preview:-1"},"canonical":"https:\/\/livegood.network\/shop\/fr-fr\/product\/methylene-blue-nootropic-fr-fr\/","og_locale":"en_US","og_type":"article","og_title":"Bleu de M\u00e9thyl\u00e8ne Nootropique","og_description":"Aide \u00e0 am\u00e9liorer la m\u00e9moire  Prot\u00e9ger la sant\u00e9 des cellules c\u00e9r\u00e9brales  Soutenir l'humeur positive  Concentration et cognition","og_url":"https:\/\/livegood.network\/shop\/fr-fr\/product\/methylene-blue-nootropic-fr-fr\/","article_publisher":"https:\/\/www.facebook.com\/livegoodhello","article_modified_time":"2024-02-05T13:59:49+00:00","og_image":[{"width":1000,"height":1000,"url":"https:\/\/livegood.network\/shop\/wp-content\/uploads\/2024\/01\/methylene-blue-livegood.png","type":"image\/png"}],"twitter_card":"summary_large_image","twitter_misc":{"Est. reading time":"3 minutes"},"schema":{"@context":"https:\/\/schema.org","@graph":[{"@type":"WebPage","@id":"https:\/\/livegood.network\/shop\/fr-fr\/product\/methylene-blue-nootropic-fr-fr\/","url":"https:\/\/livegood.network\/shop\/fr-fr\/product\/methylene-blue-nootropic-fr-fr\/","name":"Bleu de M\u00e9thyl\u00e8ne Nootropique - LiveGooD Shop","isPartOf":{"@id":"https:\/\/livegood.network\/shop\/#website"},"datePublished":"2024-01-24T18:20:20+00:00","dateModified":"2024-02-05T13:59:49+00:00","breadcrumb":{"@id":"https:\/\/livegood.network\/shop\/fr-fr\/product\/methylene-blue-nootropic-fr-fr\/#breadcrumb"},"inLanguage":"en-US","potentialAction":[{"@type":"ReadAction","target":["https:\/\/livegood.network\/shop\/fr-fr\/product\/methylene-blue-nootropic-fr-fr\/"]}]},{"@type":"BreadcrumbList","@id":"https:\/\/livegood.network\/shop\/fr-fr\/product\/methylene-blue-nootropic-fr-fr\/#breadcrumb","itemListElement":[{"@type":"ListItem","position":1,"name":"Home","item":"https:\/\/livegood.network\/shop\/pt-br\/"},{"@type":"ListItem","position":2,"name":"Shop","item":"https:\/\/livegood.network\/shop\/shop\/"},{"@type":"ListItem","position":3,"name":"Bleu de M\u00e9thyl\u00e8ne Nootropique"}]},{"@type":"WebSite","@id":"https:\/\/livegood.network\/shop\/#website","url":"https:\/\/livegood.network\/shop\/","name":"LiveGooD Shop","description":"","publisher":{"@id":"https:\/\/livegood.network\/shop\/#organization"},"potentialAction":[{"@type":"SearchAction","target":{"@type":"EntryPoint","urlTemplate":"https:\/\/livegood.network\/shop\/?s={search_term_string}"},"query-input":"required name=search_term_string"}],"inLanguage":"en-US"},{"@type":"Organization","@id":"https:\/\/livegood.network\/shop\/#organization","name":"LiveGooD","url":"https:\/\/livegood.network\/shop\/","logo":{"@type":"ImageObject","inLanguage":"en-US","@id":"https:\/\/livegood.network\/shop\/#\/schema\/logo\/image\/","url":"https:\/\/livegood.network\/shop\/wp-content\/uploads\/2024\/01\/logo-livegood-shop-main.png","contentUrl":"https:\/\/livegood.network\/shop\/wp-content\/uploads\/2024\/01\/logo-livegood-shop-main.png","width":373,"height":115,"caption":"LiveGooD"},"image":{"@id":"https:\/\/livegood.network\/shop\/#\/schema\/logo\/image\/"},"sameAs":["https:\/\/www.facebook.com\/livegoodhello"]}]}},"lang":"fr-fr","translations":{"fr-fr":826,"en-us":260,"es-es":827,"pt-pt":828,"vi":829,"ru-ru":830,"pt-br":838,"ko":831},"pll_sync_post":[],"_links":{"self":[{"href":"https:\/\/livegood.network\/shop\/wp-json\/wp\/v2\/product\/826","targetHints":{"allow":["GET"]}}],"collection":[{"href":"https:\/\/livegood.network\/shop\/wp-json\/wp\/v2\/product"}],"about":[{"href":"https:\/\/livegood.network\/shop\/wp-json\/wp\/v2\/types\/product"}],"replies":[{"embeddable":true,"href":"https:\/\/livegood.network\/shop\/wp-json\/wp\/v2\/comments?post=826"}],"version-history":[{"count":1,"href":"https:\/\/livegood.network\/shop\/wp-json\/wp\/v2\/product\/826\/revisions"}],"predecessor-version":[{"id":1717,"href":"https:\/\/livegood.network\/shop\/wp-json\/wp\/v2\/product\/826\/revisions\/1717"}],"wp:featuredmedia":[{"embeddable":true,"href":"https:\/\/livegood.network\/shop\/wp-json\/wp\/v2\/media\/262"}],"wp:attachment":[{"href":"https:\/\/livegood.network\/shop\/wp-json\/wp\/v2\/media?parent=826"}],"wp:term":[{"taxonomy":"product_brand","embeddable":true,"href":"https:\/\/livegood.network\/shop\/wp-json\/wp\/v2\/product_brand?post=826"},{"taxonomy":"product_cat","embeddable":true,"href":"https:\/\/livegood.network\/shop\/wp-json\/wp\/v2\/product_cat?post=826"},{"taxonomy":"product_tag","embeddable":true,"href":"https:\/\/livegood.network\/shop\/wp-json\/wp\/v2\/product_tag?post=826"}],"curies":[{"name":"wp","href":"https:\/\/api.w.org\/{rel}","templated":true}]}}