{"id":827,"date":"2024-01-24T18:22:12","date_gmt":"2024-01-24T18:22:12","guid":{"rendered":"https:\/\/livegood.network\/shop\/?post_type=product&#038;p=827"},"modified":"2024-02-05T14:00:06","modified_gmt":"2024-02-05T14:00:06","slug":"methylene-blue-nootropic-es-es","status":"publish","type":"product","link":"https:\/\/livegood.network\/shop\/es-es\/product\/methylene-blue-nootropic-es-es\/","title":{"rendered":"Nootr\u00f3pico Azul de Metileno"},"content":{"rendered":"<p><strong><span>Nootr\u00f3pico de azul de metileno \u2013 Tiras para disolver<\/span><\/strong><\/p>\n<p><em><span>El cerebro es el \u00f3rgano m\u00e1s importante de nuestro cuerpo y su funcionamiento saludable es crucial incluso para las tareas y actividades cotidianas m\u00e1s simples, independientemente del bienestar de otras funciones corporales.<\/span><\/em><\/p>\n<p><span>En la juventud, nuestros cerebros exhiben agudeza, claridad mental, memoria s\u00f3lida, habilidades creativas para resolver problemas y niveles \u00f3ptimos de energ\u00eda mitocondrial: los productores de energ\u00eda dentro de nuestras c\u00e9lulas cerebrales, com\u00fanmente conocidos como las centrales el\u00e9ctricas de nuestras c\u00e9lulas.<\/span><\/p>\n<p><span>Sin embargo, a medida que el proceso de envejecimiento sigue su curso, los niveles de energ\u00eda mitocondrial disminuyen, lo que afecta la atenci\u00f3n, la memoria, la claridad mental y la agilidad.\u00a0Esencialmente, nuestro cerebro sufre una degeneraci\u00f3n, que generalmente comienza entre los 30 y los 40 a\u00f1os. El momento de este proceso puede verse influenciado por los h\u00e1bitos de estilo de vida, la dieta y los factores ambientales.<\/span><\/p>\n<p><span>Esto subraya la importancia de que todos mejoren su salud mitocondrial, ya sea que el objetivo sea mejorar la concentraci\u00f3n, mejorar el rendimiento en el trabajo o la escuela, aprender nuevas habilidades o simplemente mantener la salud y funcionalidad general del cerebro.<\/span><\/p>\n<p><span>Ingrese las tiras disolventes nootr\u00f3picas de azul de metileno LiveGood.<\/span><\/p>\n<p><span>Un nootr\u00f3pico es una sustancia que mejora habilidades mentales como la memoria, el estado de \u00e1nimo y la longevidad.\u00a0El azul de metileno es particularmente excepcional por su capacidad para aumentar el suministro de ox\u00edgeno a las c\u00e9lulas cerebrales, mejorando as\u00ed la producci\u00f3n de energ\u00eda en nuestras mitocondrias, las centrales el\u00e9ctricas celulares.<\/span><\/p>\n<p><span>El azul de metileno ha sido reconocido mundialmente durante casi 200 a\u00f1os y est\u00e1 catalogado por la Organizaci\u00f3n Mundial de la Salud como un medicamento esencial debido a su importante impacto en la biolog\u00eda celular y la producci\u00f3n de energ\u00eda.<\/span><\/p>\n<p><span>Con nuestras tiras disolventes dise\u00f1adas para una m\u00e1xima absorci\u00f3n y con ingredientes de la m\u00e1s alta calidad, LiveGood Metileno Blue Nootropic se destaca como un producto para la salud cerebral potencialmente incomparable \u00a1JAM\u00c1S CREADO!<\/span><\/p>\n<p><strong><span>C\u00f3mo utilizar:<\/span><\/strong><\/p>\n<p><span>Cada caja contiene 15 pel\u00edculas de disoluci\u00f3n oral, dise\u00f1adas para usarse en d\u00edas alternos, lo que proporciona un suministro para 30 d\u00edas.\u00a0M\u00f3jate la boca antes de usarlo.\u00a0Abra el papel de aluminio, coloque una pel\u00edcula en su lengua y deje que se disuelva.\u00a0La coloraci\u00f3n azul es un resultado normal y esperado.\u00a0Tambi\u00e9n es normal observar orina azul o verde hasta por 2 d\u00edas.<\/span><\/p>\n<p><span>Consejo profesional: busque la luz solar natural durante al menos 5 minutos de exposici\u00f3n dentro de los 30 minutos de uso.\u00a0El azul de metileno tiene una naturaleza fotodin\u00e1mica, responde a la luz y mejora a\u00fan m\u00e1s la producci\u00f3n de energ\u00eda dentro de las mitocondrias.<\/span><\/p>\n<p><span>Consejo profesional n.\u00b0 2: para obtener beneficios \u00f3ptimos, use azul de metileno por la ma\u00f1ana, particularmente ventajoso para quienes practican el ayuno intermitente.<\/span><\/p>\n<p><strong><span>Beneficios:<\/span><\/strong><\/p>\n<ul>\n<li><span>nootr\u00f3pico<\/span><\/li>\n<li><span>Memoria mejorada<\/span><\/li>\n<li><span>Protecci\u00f3n de la salud de las c\u00e9lulas cerebrales<\/span><\/li>\n<li><span>Apoyo al estado de \u00e1nimo positivo<\/span><\/li>\n<li><span>Mejora del enfoque y la cognici\u00f3n.<\/span><\/li>\n<\/ul>\n<p><strong><span>Precauci\u00f3n:<\/span><\/strong><\/p>\n<ul>\n<li><span>No utilizar si est\u00e1 embarazada o amamantando.<\/span><\/li>\n<li><span>Evite su uso si tiene una deficiencia de G6PD.<\/span><\/li>\n<li><span>Consulte a un m\u00e9dico antes de usarlo si usa medicamentos IMAO o ISRS, a menudo recetados para la depresi\u00f3n.<\/span><\/li>\n<\/ul>\n<p><span style=\"color: #339966;\">Las tiras disolventes nootr\u00f3picas de azul de metileno LiveGood est\u00e1n hechas de celulosa de origen vegetal (pululano) y no contienen az\u00facar, rellenos ni aditivos innecesarios.\u00a0No requieren agua, no afectan los dientes, act\u00faan r\u00e1pidamente y son c\u00f3modos de transportar.<\/span><\/p>\n","protected":false},"excerpt":{"rendered":"<p><img decoding=\"async\" class=\"emoji\" role=\"img\" draggable=\"false\" src=\"https:\/\/s.w.org\/images\/core\/emoji\/14.0.0\/svg\/1f49a.svg\" alt=\"LiveGooD Love\" \/ > Ayudar a mejorar la memoria<br \/>\n<img decoding=\"async\" class=\"emoji\" role=\"img\" draggable=\"false\" src=\"https:\/\/s.w.org\/images\/core\/emoji\/14.0.0\/svg\/1f49a.svg\" alt=\"LiveGooD Love\" \/ > Proteger la salud de las c\u00e9lulas cerebrales<br \/>\n<img decoding=\"async\" class=\"emoji\" role=\"img\" draggable=\"false\" src=\"https:\/\/s.w.org\/images\/core\/emoji\/14.0.0\/svg\/1f49a.svg\" alt=\"LiveGooD Love\" \/ > Apoyar el estado de \u00e1nimo positivo<br \/>\n<img decoding=\"async\" class=\"emoji\" role=\"img\" draggable=\"false\" src=\"https:\/\/s.w.org\/images\/core\/emoji\/14.0.0\/svg\/1f49a.svg\" alt=\"LiveGooD Love\" \/ > Enfoque y Cognici\u00f3n<\/p>\n","protected":false},"featured_media":262,"comment_status":"open","ping_status":"closed","template":"","meta":[],"product_brand":[],"product_cat":[212],"product_tag":[],"class_list":{"0":"post-827","1":"product","2":"type-product","3":"status-publish","4":"has-post-thumbnail","6":"product_cat-supplements-es-es","8":"first","9":"instock","10":"sale","11":"shipping-taxable","12":"product-type-external"},"yoast_head":"<!-- This site is optimized with the Yoast SEO Premium plugin v20.6 (Yoast SEO v21.8.1) - https:\/\/yoast.com\/wordpress\/plugins\/seo\/ -->\n<title>Nootr\u00f3pico Azul de Metileno - LiveGooD Shop<\/title>\n<meta name=\"robots\" content=\"index, follow, max-snippet:-1, max-image-preview:large, max-video-preview:-1\" \/>\n<link rel=\"canonical\" href=\"https:\/\/livegood.network\/shop\/es-es\/product\/methylene-blue-nootropic-es-es\/\" \/>\n<meta property=\"og:locale\" content=\"en_US\" \/>\n<meta property=\"og:type\" content=\"article\" \/>\n<meta property=\"og:title\" content=\"Nootr\u00f3pico Azul de Metileno\" \/>\n<meta property=\"og:description\" content=\"Ayudar a mejorar la memoria  Proteger la salud de las c\u00e9lulas cerebrales  Apoyar el estado de \u00e1nimo positivo  Enfoque y Cognici\u00f3n\" \/>\n<meta property=\"og:url\" content=\"https:\/\/livegood.network\/shop\/es-es\/product\/methylene-blue-nootropic-es-es\/\" \/>\n<meta property=\"article:publisher\" content=\"https:\/\/www.facebook.com\/livegoodhello\" \/>\n<meta property=\"article:modified_time\" content=\"2024-02-05T14:00:06+00:00\" \/>\n<meta property=\"og:image\" content=\"https:\/\/livegood.network\/shop\/wp-content\/uploads\/2024\/01\/methylene-blue-livegood.png\" \/>\n\t<meta property=\"og:image:width\" content=\"1000\" \/>\n\t<meta property=\"og:image:height\" content=\"1000\" \/>\n\t<meta property=\"og:image:type\" content=\"image\/png\" \/>\n<meta name=\"twitter:card\" content=\"summary_large_image\" \/>\n<meta name=\"twitter:label1\" content=\"Est. reading time\" \/>\n\t<meta name=\"twitter:data1\" content=\"3 minutes\" \/>\n<script type=\"application\/ld+json\" class=\"yoast-schema-graph\">{\"@context\":\"https:\/\/schema.org\",\"@graph\":[{\"@type\":\"WebPage\",\"@id\":\"https:\/\/livegood.network\/shop\/es-es\/product\/methylene-blue-nootropic-es-es\/\",\"url\":\"https:\/\/livegood.network\/shop\/es-es\/product\/methylene-blue-nootropic-es-es\/\",\"name\":\"Nootr\u00f3pico Azul de Metileno - LiveGooD Shop\",\"isPartOf\":{\"@id\":\"https:\/\/livegood.network\/shop\/#website\"},\"datePublished\":\"2024-01-24T18:22:12+00:00\",\"dateModified\":\"2024-02-05T14:00:06+00:00\",\"breadcrumb\":{\"@id\":\"https:\/\/livegood.network\/shop\/es-es\/product\/methylene-blue-nootropic-es-es\/#breadcrumb\"},\"inLanguage\":\"en-US\",\"potentialAction\":[{\"@type\":\"ReadAction\",\"target\":[\"https:\/\/livegood.network\/shop\/es-es\/product\/methylene-blue-nootropic-es-es\/\"]}]},{\"@type\":\"BreadcrumbList\",\"@id\":\"https:\/\/livegood.network\/shop\/es-es\/product\/methylene-blue-nootropic-es-es\/#breadcrumb\",\"itemListElement\":[{\"@type\":\"ListItem\",\"position\":1,\"name\":\"Home\",\"item\":\"https:\/\/livegood.network\/shop\/pt-br\/\"},{\"@type\":\"ListItem\",\"position\":2,\"name\":\"Shop\",\"item\":\"https:\/\/livegood.network\/shop\/shop\/\"},{\"@type\":\"ListItem\",\"position\":3,\"name\":\"Nootr\u00f3pico Azul de Metileno\"}]},{\"@type\":\"WebSite\",\"@id\":\"https:\/\/livegood.network\/shop\/#website\",\"url\":\"https:\/\/livegood.network\/shop\/\",\"name\":\"LiveGooD Shop\",\"description\":\"\",\"publisher\":{\"@id\":\"https:\/\/livegood.network\/shop\/#organization\"},\"potentialAction\":[{\"@type\":\"SearchAction\",\"target\":{\"@type\":\"EntryPoint\",\"urlTemplate\":\"https:\/\/livegood.network\/shop\/?s={search_term_string}\"},\"query-input\":\"required name=search_term_string\"}],\"inLanguage\":\"en-US\"},{\"@type\":\"Organization\",\"@id\":\"https:\/\/livegood.network\/shop\/#organization\",\"name\":\"LiveGooD\",\"url\":\"https:\/\/livegood.network\/shop\/\",\"logo\":{\"@type\":\"ImageObject\",\"inLanguage\":\"en-US\",\"@id\":\"https:\/\/livegood.network\/shop\/#\/schema\/logo\/image\/\",\"url\":\"https:\/\/livegood.network\/shop\/wp-content\/uploads\/2024\/01\/logo-livegood-shop-main.png\",\"contentUrl\":\"https:\/\/livegood.network\/shop\/wp-content\/uploads\/2024\/01\/logo-livegood-shop-main.png\",\"width\":373,\"height\":115,\"caption\":\"LiveGooD\"},\"image\":{\"@id\":\"https:\/\/livegood.network\/shop\/#\/schema\/logo\/image\/\"},\"sameAs\":[\"https:\/\/www.facebook.com\/livegoodhello\"]}]}<\/script>\n<!-- \/ Yoast SEO Premium plugin. -->","yoast_head_json":{"title":"Nootr\u00f3pico Azul de Metileno - LiveGooD Shop","robots":{"index":"index","follow":"follow","max-snippet":"max-snippet:-1","max-image-preview":"max-image-preview:large","max-video-preview":"max-video-preview:-1"},"canonical":"https:\/\/livegood.network\/shop\/es-es\/product\/methylene-blue-nootropic-es-es\/","og_locale":"en_US","og_type":"article","og_title":"Nootr\u00f3pico Azul de Metileno","og_description":"Ayudar a mejorar la memoria  Proteger la salud de las c\u00e9lulas cerebrales  Apoyar el estado de \u00e1nimo positivo  Enfoque y Cognici\u00f3n","og_url":"https:\/\/livegood.network\/shop\/es-es\/product\/methylene-blue-nootropic-es-es\/","article_publisher":"https:\/\/www.facebook.com\/livegoodhello","article_modified_time":"2024-02-05T14:00:06+00:00","og_image":[{"width":1000,"height":1000,"url":"https:\/\/livegood.network\/shop\/wp-content\/uploads\/2024\/01\/methylene-blue-livegood.png","type":"image\/png"}],"twitter_card":"summary_large_image","twitter_misc":{"Est. reading time":"3 minutes"},"schema":{"@context":"https:\/\/schema.org","@graph":[{"@type":"WebPage","@id":"https:\/\/livegood.network\/shop\/es-es\/product\/methylene-blue-nootropic-es-es\/","url":"https:\/\/livegood.network\/shop\/es-es\/product\/methylene-blue-nootropic-es-es\/","name":"Nootr\u00f3pico Azul de Metileno - LiveGooD Shop","isPartOf":{"@id":"https:\/\/livegood.network\/shop\/#website"},"datePublished":"2024-01-24T18:22:12+00:00","dateModified":"2024-02-05T14:00:06+00:00","breadcrumb":{"@id":"https:\/\/livegood.network\/shop\/es-es\/product\/methylene-blue-nootropic-es-es\/#breadcrumb"},"inLanguage":"en-US","potentialAction":[{"@type":"ReadAction","target":["https:\/\/livegood.network\/shop\/es-es\/product\/methylene-blue-nootropic-es-es\/"]}]},{"@type":"BreadcrumbList","@id":"https:\/\/livegood.network\/shop\/es-es\/product\/methylene-blue-nootropic-es-es\/#breadcrumb","itemListElement":[{"@type":"ListItem","position":1,"name":"Home","item":"https:\/\/livegood.network\/shop\/pt-br\/"},{"@type":"ListItem","position":2,"name":"Shop","item":"https:\/\/livegood.network\/shop\/shop\/"},{"@type":"ListItem","position":3,"name":"Nootr\u00f3pico Azul de Metileno"}]},{"@type":"WebSite","@id":"https:\/\/livegood.network\/shop\/#website","url":"https:\/\/livegood.network\/shop\/","name":"LiveGooD Shop","description":"","publisher":{"@id":"https:\/\/livegood.network\/shop\/#organization"},"potentialAction":[{"@type":"SearchAction","target":{"@type":"EntryPoint","urlTemplate":"https:\/\/livegood.network\/shop\/?s={search_term_string}"},"query-input":"required name=search_term_string"}],"inLanguage":"en-US"},{"@type":"Organization","@id":"https:\/\/livegood.network\/shop\/#organization","name":"LiveGooD","url":"https:\/\/livegood.network\/shop\/","logo":{"@type":"ImageObject","inLanguage":"en-US","@id":"https:\/\/livegood.network\/shop\/#\/schema\/logo\/image\/","url":"https:\/\/livegood.network\/shop\/wp-content\/uploads\/2024\/01\/logo-livegood-shop-main.png","contentUrl":"https:\/\/livegood.network\/shop\/wp-content\/uploads\/2024\/01\/logo-livegood-shop-main.png","width":373,"height":115,"caption":"LiveGooD"},"image":{"@id":"https:\/\/livegood.network\/shop\/#\/schema\/logo\/image\/"},"sameAs":["https:\/\/www.facebook.com\/livegoodhello"]}]}},"lang":"es-es","translations":{"es-es":827,"en-us":260,"fr-fr":826,"pt-pt":828,"vi":829,"ru-ru":830,"pt-br":838,"ko":831},"pll_sync_post":[],"_links":{"self":[{"href":"https:\/\/livegood.network\/shop\/wp-json\/wp\/v2\/product\/827","targetHints":{"allow":["GET"]}}],"collection":[{"href":"https:\/\/livegood.network\/shop\/wp-json\/wp\/v2\/product"}],"about":[{"href":"https:\/\/livegood.network\/shop\/wp-json\/wp\/v2\/types\/product"}],"replies":[{"embeddable":true,"href":"https:\/\/livegood.network\/shop\/wp-json\/wp\/v2\/comments?post=827"}],"version-history":[{"count":1,"href":"https:\/\/livegood.network\/shop\/wp-json\/wp\/v2\/product\/827\/revisions"}],"predecessor-version":[{"id":1718,"href":"https:\/\/livegood.network\/shop\/wp-json\/wp\/v2\/product\/827\/revisions\/1718"}],"wp:featuredmedia":[{"embeddable":true,"href":"https:\/\/livegood.network\/shop\/wp-json\/wp\/v2\/media\/262"}],"wp:attachment":[{"href":"https:\/\/livegood.network\/shop\/wp-json\/wp\/v2\/media?parent=827"}],"wp:term":[{"taxonomy":"product_brand","embeddable":true,"href":"https:\/\/livegood.network\/shop\/wp-json\/wp\/v2\/product_brand?post=827"},{"taxonomy":"product_cat","embeddable":true,"href":"https:\/\/livegood.network\/shop\/wp-json\/wp\/v2\/product_cat?post=827"},{"taxonomy":"product_tag","embeddable":true,"href":"https:\/\/livegood.network\/shop\/wp-json\/wp\/v2\/product_tag?post=827"}],"curies":[{"name":"wp","href":"https:\/\/api.w.org\/{rel}","templated":true}]}}