{"id":828,"date":"2024-01-24T18:24:53","date_gmt":"2024-01-24T18:24:53","guid":{"rendered":"https:\/\/livegood.network\/shop\/?post_type=product&#038;p=828"},"modified":"2024-02-05T14:00:35","modified_gmt":"2024-02-05T14:00:35","slug":"methylene-blue-nootropic-pt-pt","status":"publish","type":"product","link":"https:\/\/livegood.network\/shop\/pt-pt\/product\/methylene-blue-nootropic-pt-pt\/","title":{"rendered":"Azul de Metileno Nootr\u00f3pico"},"content":{"rendered":"<p><strong>Azul de Metileno Nootr\u00f3pico \u2013 Tiras Dissolventes<\/strong><\/p>\n<p><em>O c\u00e9rebro \u00e9 o \u00f3rg\u00e3o primordial do nosso corpo e o seu funcionamento saud\u00e1vel \u00e9 crucial at\u00e9 mesmo para as tarefas e atividades mais simples do dia-a-dia, independentemente do bem-estar de outras fun\u00e7\u00f5es corporais.<\/em><\/p>\n<p>Na juventude, os nossos c\u00e9rebros exibem agudeza, clareza mental, mem\u00f3ria robusta, capacidades criativas de resolu\u00e7\u00e3o de problemas e n\u00edveis \u00f3ptimos de energia mitocondrial \u2013 os produtores de energia dentro das nossas c\u00e9lulas cerebrais, vulgarmente referidos como as pot\u00eancias das nossas c\u00e9lulas.<\/p>\n<p>No entanto, \u00e0 medida que o processo de envelhecimento avan\u00e7a, os n\u00edveis de energia mitocondrial diminuem, afetando a aten\u00e7\u00e3o, a mem\u00f3ria, a clareza mental e a agilidade.\u00a0Essencialmente, nossos c\u00e9rebros sofrem degenera\u00e7\u00e3o, normalmente come\u00e7ando entre as idades de 30 e 40 anos. O momento desse processo pode ser influenciado por h\u00e1bitos de vida, dieta e fatores ambientais.<\/p>\n<p>Isto sublinha a import\u00e2ncia de todos melhorarem a sua sa\u00fade mitocondrial, quer o objetivo seja melhorar a concentra\u00e7\u00e3o, melhorar o desempenho no trabalho ou na escola, aprender novas compet\u00eancias ou simplesmente manter a sa\u00fade e funcionalidade geral do c\u00e9rebro.<\/p>\n<p>Insira as tiras dissolvidas nootr\u00f3picas de azul de metileno LiveGood.<\/p>\n<p>Um nootr\u00f3pico \u00e9 uma subst\u00e2ncia que melhora as habilidades mentais como mem\u00f3ria, humor e longevidade.\u00a0O azul de metileno \u00e9 particularmente excepcional pela sua capacidade de aumentar o fornecimento de oxig\u00e9nio \u00e0s c\u00e9lulas cerebrais, aumentando assim a produ\u00e7\u00e3o de energia nas nossas mitoc\u00f4ndrias \u2013 as pot\u00eancias celulares.<\/p>\n<p>O Azul de Metileno \u00e9 reconhecido mundialmente h\u00e1 quase 200 anos e est\u00e1 listado pela Organiza\u00e7\u00e3o Mundial da Sa\u00fade como um Medicamento Essencial devido ao seu impacto significativo na biologia celular e na produ\u00e7\u00e3o de energia.<\/p>\n<p>Com nossas tiras dissolventes projetadas para absor\u00e7\u00e3o m\u00e1xima e apresentando ingredientes da mais alta qualidade, LiveGood Metileno Azul Nootr\u00f3pico se destaca como um produto de sa\u00fade cerebral potencialmente incompar\u00e1vel J\u00c1 CRIADO!<\/p>\n<p><strong>Como usar:<\/strong><\/p>\n<p>Cada caixa cont\u00e9m 15 filmes sol\u00faveis orais, destinados ao uso em dias alternados, proporcionando um suprimento para 30 dias.\u00a0Molhe a boca antes de usar.\u00a0Abra o papel alum\u00ednio, coloque um filme na l\u00edngua e deixe-o dissolver.\u00a0A colora\u00e7\u00e3o azul \u00e9 um resultado normal e esperado.\u00a0Tamb\u00e9m \u00e9 normal observar urina azul ou verde por at\u00e9 2 dias.<\/p>\n<p>Dica profissional: busque luz solar natural por pelo menos 5 minutos de exposi\u00e7\u00e3o em 30 minutos de uso.\u00a0O Azul de Metileno tem natureza fotodin\u00e2mica, respondendo \u00e0 luz e aumentando ainda mais a produ\u00e7\u00e3o de energia dentro das mitoc\u00f4ndrias.<\/p>\n<p>Dica Profissional n\u00ba 2: Para obter os melhores benef\u00edcios, use Azul de Metileno pela manh\u00e3, particularmente vantajoso para quem pratica jejum intermitente.<\/p>\n<p><strong>Benef\u00edcios:<\/strong><\/p>\n<ul>\n<li>Nootr\u00f3pico<\/li>\n<li>Mem\u00f3ria aprimorada<\/li>\n<li>Prote\u00e7\u00e3o da sa\u00fade das c\u00e9lulas cerebrais<\/li>\n<li>Apoio ao humor positivo<\/li>\n<li>Melhor foco e cogni\u00e7\u00e3o<\/li>\n<\/ul>\n<p><strong>Cuidado:<\/strong><\/p>\n<ul>\n<li>N\u00e3o use se estiver gr\u00e1vida ou amamentando.<\/li>\n<li>Evite usar se voc\u00ea tiver defici\u00eancia de G6PD.<\/li>\n<li>Consulte um m\u00e9dico antes de usar se estiver usando medicamentos IMAO ou ISRS, geralmente prescritos para depress\u00e3o.<\/li>\n<\/ul>\n<p><span style=\"color: #339966;\">As tiras dissolvidas nootr\u00f3picas de azul de metileno LiveGood s\u00e3o feitas de celulose vegetal (pululano), sem a\u00e7\u00facar, enchimentos ou aditivos desnecess\u00e1rios.\u00a0Eles n\u00e3o necessitam de \u00e1gua, n\u00e3o t\u00eam impacto nos dentes, agem rapidamente e s\u00e3o f\u00e1ceis de transportar.<\/span><\/p>\n","protected":false},"excerpt":{"rendered":"<p><img decoding=\"async\" class=\"emoji\" role=\"img\" draggable=\"false\" src=\"https:\/\/s.w.org\/images\/core\/emoji\/14.0.0\/svg\/1f49a.svg\" alt=\"LiveGooD Love\" \/ > Ajude a melhorar a mem\u00f3ria<br \/>\n<img decoding=\"async\" class=\"emoji\" role=\"img\" draggable=\"false\" src=\"https:\/\/s.w.org\/images\/core\/emoji\/14.0.0\/svg\/1f49a.svg\" alt=\"LiveGooD Love\" \/ > Proteger a sa\u00fade das c\u00e9lulas cerebrais<br \/>\n<img decoding=\"async\" class=\"emoji\" role=\"img\" draggable=\"false\" src=\"https:\/\/s.w.org\/images\/core\/emoji\/14.0.0\/svg\/1f49a.svg\" alt=\"LiveGooD Love\" \/ > Apoie o humor positivo<br \/>\n<img decoding=\"async\" class=\"emoji\" role=\"img\" draggable=\"false\" src=\"https:\/\/s.w.org\/images\/core\/emoji\/14.0.0\/svg\/1f49a.svg\" alt=\"LiveGooD Love\" \/ > Foco e Cogni\u00e7\u00e3o<\/p>\n","protected":false},"featured_media":262,"comment_status":"open","ping_status":"closed","template":"","meta":[],"product_brand":[],"product_cat":[217],"product_tag":[],"class_list":{"0":"post-828","1":"product","2":"type-product","3":"status-publish","4":"has-post-thumbnail","6":"product_cat-supplements-pt-pt","8":"first","9":"instock","10":"sale","11":"shipping-taxable","12":"product-type-external"},"yoast_head":"<!-- This site is optimized with the Yoast SEO Premium plugin v20.6 (Yoast SEO v21.8.1) - https:\/\/yoast.com\/wordpress\/plugins\/seo\/ -->\n<title>Azul de Metileno Nootr\u00f3pico - LiveGooD Shop<\/title>\n<meta name=\"robots\" content=\"index, follow, max-snippet:-1, max-image-preview:large, max-video-preview:-1\" \/>\n<link rel=\"canonical\" href=\"https:\/\/livegood.network\/shop\/pt-pt\/product\/methylene-blue-nootropic-pt-pt\/\" \/>\n<meta property=\"og:locale\" content=\"en_US\" \/>\n<meta property=\"og:type\" content=\"article\" \/>\n<meta property=\"og:title\" content=\"Azul de Metileno Nootr\u00f3pico\" \/>\n<meta property=\"og:description\" content=\"Ajude a melhorar a mem\u00f3ria  Proteger a sa\u00fade das c\u00e9lulas cerebrais  Apoie o humor positivo  Foco e Cogni\u00e7\u00e3o\" \/>\n<meta property=\"og:url\" content=\"https:\/\/livegood.network\/shop\/pt-pt\/product\/methylene-blue-nootropic-pt-pt\/\" \/>\n<meta property=\"article:publisher\" content=\"https:\/\/www.facebook.com\/livegoodhello\" \/>\n<meta property=\"article:modified_time\" content=\"2024-02-05T14:00:35+00:00\" \/>\n<meta property=\"og:image\" content=\"https:\/\/livegood.network\/shop\/wp-content\/uploads\/2024\/01\/methylene-blue-livegood.png\" \/>\n\t<meta property=\"og:image:width\" content=\"1000\" \/>\n\t<meta property=\"og:image:height\" content=\"1000\" \/>\n\t<meta property=\"og:image:type\" content=\"image\/png\" \/>\n<meta name=\"twitter:card\" content=\"summary_large_image\" \/>\n<meta name=\"twitter:label1\" content=\"Est. reading time\" \/>\n\t<meta name=\"twitter:data1\" content=\"3 minutes\" \/>\n<script type=\"application\/ld+json\" class=\"yoast-schema-graph\">{\"@context\":\"https:\/\/schema.org\",\"@graph\":[{\"@type\":\"WebPage\",\"@id\":\"https:\/\/livegood.network\/shop\/pt-pt\/product\/methylene-blue-nootropic-pt-pt\/\",\"url\":\"https:\/\/livegood.network\/shop\/pt-pt\/product\/methylene-blue-nootropic-pt-pt\/\",\"name\":\"Azul de Metileno Nootr\u00f3pico - LiveGooD Shop\",\"isPartOf\":{\"@id\":\"https:\/\/livegood.network\/shop\/#website\"},\"datePublished\":\"2024-01-24T18:24:53+00:00\",\"dateModified\":\"2024-02-05T14:00:35+00:00\",\"breadcrumb\":{\"@id\":\"https:\/\/livegood.network\/shop\/pt-pt\/product\/methylene-blue-nootropic-pt-pt\/#breadcrumb\"},\"inLanguage\":\"en-US\",\"potentialAction\":[{\"@type\":\"ReadAction\",\"target\":[\"https:\/\/livegood.network\/shop\/pt-pt\/product\/methylene-blue-nootropic-pt-pt\/\"]}]},{\"@type\":\"BreadcrumbList\",\"@id\":\"https:\/\/livegood.network\/shop\/pt-pt\/product\/methylene-blue-nootropic-pt-pt\/#breadcrumb\",\"itemListElement\":[{\"@type\":\"ListItem\",\"position\":1,\"name\":\"Home\",\"item\":\"https:\/\/livegood.network\/shop\/pt-br\/\"},{\"@type\":\"ListItem\",\"position\":2,\"name\":\"Shop\",\"item\":\"https:\/\/livegood.network\/shop\/shop\/\"},{\"@type\":\"ListItem\",\"position\":3,\"name\":\"Azul de Metileno Nootr\u00f3pico\"}]},{\"@type\":\"WebSite\",\"@id\":\"https:\/\/livegood.network\/shop\/#website\",\"url\":\"https:\/\/livegood.network\/shop\/\",\"name\":\"LiveGooD Shop\",\"description\":\"\",\"publisher\":{\"@id\":\"https:\/\/livegood.network\/shop\/#organization\"},\"potentialAction\":[{\"@type\":\"SearchAction\",\"target\":{\"@type\":\"EntryPoint\",\"urlTemplate\":\"https:\/\/livegood.network\/shop\/?s={search_term_string}\"},\"query-input\":\"required name=search_term_string\"}],\"inLanguage\":\"en-US\"},{\"@type\":\"Organization\",\"@id\":\"https:\/\/livegood.network\/shop\/#organization\",\"name\":\"LiveGooD\",\"url\":\"https:\/\/livegood.network\/shop\/\",\"logo\":{\"@type\":\"ImageObject\",\"inLanguage\":\"en-US\",\"@id\":\"https:\/\/livegood.network\/shop\/#\/schema\/logo\/image\/\",\"url\":\"https:\/\/livegood.network\/shop\/wp-content\/uploads\/2024\/01\/logo-livegood-shop-main.png\",\"contentUrl\":\"https:\/\/livegood.network\/shop\/wp-content\/uploads\/2024\/01\/logo-livegood-shop-main.png\",\"width\":373,\"height\":115,\"caption\":\"LiveGooD\"},\"image\":{\"@id\":\"https:\/\/livegood.network\/shop\/#\/schema\/logo\/image\/\"},\"sameAs\":[\"https:\/\/www.facebook.com\/livegoodhello\"]}]}<\/script>\n<!-- \/ Yoast SEO Premium plugin. -->","yoast_head_json":{"title":"Azul de Metileno Nootr\u00f3pico - LiveGooD Shop","robots":{"index":"index","follow":"follow","max-snippet":"max-snippet:-1","max-image-preview":"max-image-preview:large","max-video-preview":"max-video-preview:-1"},"canonical":"https:\/\/livegood.network\/shop\/pt-pt\/product\/methylene-blue-nootropic-pt-pt\/","og_locale":"en_US","og_type":"article","og_title":"Azul de Metileno Nootr\u00f3pico","og_description":"Ajude a melhorar a mem\u00f3ria  Proteger a sa\u00fade das c\u00e9lulas cerebrais  Apoie o humor positivo  Foco e Cogni\u00e7\u00e3o","og_url":"https:\/\/livegood.network\/shop\/pt-pt\/product\/methylene-blue-nootropic-pt-pt\/","article_publisher":"https:\/\/www.facebook.com\/livegoodhello","article_modified_time":"2024-02-05T14:00:35+00:00","og_image":[{"width":1000,"height":1000,"url":"https:\/\/livegood.network\/shop\/wp-content\/uploads\/2024\/01\/methylene-blue-livegood.png","type":"image\/png"}],"twitter_card":"summary_large_image","twitter_misc":{"Est. reading time":"3 minutes"},"schema":{"@context":"https:\/\/schema.org","@graph":[{"@type":"WebPage","@id":"https:\/\/livegood.network\/shop\/pt-pt\/product\/methylene-blue-nootropic-pt-pt\/","url":"https:\/\/livegood.network\/shop\/pt-pt\/product\/methylene-blue-nootropic-pt-pt\/","name":"Azul de Metileno Nootr\u00f3pico - LiveGooD Shop","isPartOf":{"@id":"https:\/\/livegood.network\/shop\/#website"},"datePublished":"2024-01-24T18:24:53+00:00","dateModified":"2024-02-05T14:00:35+00:00","breadcrumb":{"@id":"https:\/\/livegood.network\/shop\/pt-pt\/product\/methylene-blue-nootropic-pt-pt\/#breadcrumb"},"inLanguage":"en-US","potentialAction":[{"@type":"ReadAction","target":["https:\/\/livegood.network\/shop\/pt-pt\/product\/methylene-blue-nootropic-pt-pt\/"]}]},{"@type":"BreadcrumbList","@id":"https:\/\/livegood.network\/shop\/pt-pt\/product\/methylene-blue-nootropic-pt-pt\/#breadcrumb","itemListElement":[{"@type":"ListItem","position":1,"name":"Home","item":"https:\/\/livegood.network\/shop\/pt-br\/"},{"@type":"ListItem","position":2,"name":"Shop","item":"https:\/\/livegood.network\/shop\/shop\/"},{"@type":"ListItem","position":3,"name":"Azul de Metileno Nootr\u00f3pico"}]},{"@type":"WebSite","@id":"https:\/\/livegood.network\/shop\/#website","url":"https:\/\/livegood.network\/shop\/","name":"LiveGooD Shop","description":"","publisher":{"@id":"https:\/\/livegood.network\/shop\/#organization"},"potentialAction":[{"@type":"SearchAction","target":{"@type":"EntryPoint","urlTemplate":"https:\/\/livegood.network\/shop\/?s={search_term_string}"},"query-input":"required name=search_term_string"}],"inLanguage":"en-US"},{"@type":"Organization","@id":"https:\/\/livegood.network\/shop\/#organization","name":"LiveGooD","url":"https:\/\/livegood.network\/shop\/","logo":{"@type":"ImageObject","inLanguage":"en-US","@id":"https:\/\/livegood.network\/shop\/#\/schema\/logo\/image\/","url":"https:\/\/livegood.network\/shop\/wp-content\/uploads\/2024\/01\/logo-livegood-shop-main.png","contentUrl":"https:\/\/livegood.network\/shop\/wp-content\/uploads\/2024\/01\/logo-livegood-shop-main.png","width":373,"height":115,"caption":"LiveGooD"},"image":{"@id":"https:\/\/livegood.network\/shop\/#\/schema\/logo\/image\/"},"sameAs":["https:\/\/www.facebook.com\/livegoodhello"]}]}},"lang":"pt-pt","translations":{"pt-pt":828,"en-us":260,"fr-fr":826,"es-es":827,"vi":829,"ru-ru":830,"pt-br":838,"ko":831},"pll_sync_post":[],"_links":{"self":[{"href":"https:\/\/livegood.network\/shop\/wp-json\/wp\/v2\/product\/828","targetHints":{"allow":["GET"]}}],"collection":[{"href":"https:\/\/livegood.network\/shop\/wp-json\/wp\/v2\/product"}],"about":[{"href":"https:\/\/livegood.network\/shop\/wp-json\/wp\/v2\/types\/product"}],"replies":[{"embeddable":true,"href":"https:\/\/livegood.network\/shop\/wp-json\/wp\/v2\/comments?post=828"}],"version-history":[{"count":1,"href":"https:\/\/livegood.network\/shop\/wp-json\/wp\/v2\/product\/828\/revisions"}],"predecessor-version":[{"id":1720,"href":"https:\/\/livegood.network\/shop\/wp-json\/wp\/v2\/product\/828\/revisions\/1720"}],"wp:featuredmedia":[{"embeddable":true,"href":"https:\/\/livegood.network\/shop\/wp-json\/wp\/v2\/media\/262"}],"wp:attachment":[{"href":"https:\/\/livegood.network\/shop\/wp-json\/wp\/v2\/media?parent=828"}],"wp:term":[{"taxonomy":"product_brand","embeddable":true,"href":"https:\/\/livegood.network\/shop\/wp-json\/wp\/v2\/product_brand?post=828"},{"taxonomy":"product_cat","embeddable":true,"href":"https:\/\/livegood.network\/shop\/wp-json\/wp\/v2\/product_cat?post=828"},{"taxonomy":"product_tag","embeddable":true,"href":"https:\/\/livegood.network\/shop\/wp-json\/wp\/v2\/product_tag?post=828"}],"curies":[{"name":"wp","href":"https:\/\/api.w.org\/{rel}","templated":true}]}}