{"id":829,"date":"2024-01-24T18:30:12","date_gmt":"2024-01-24T18:30:12","guid":{"rendered":"https:\/\/livegood.network\/shop\/?post_type=product&#038;p=829"},"modified":"2024-02-05T14:00:49","modified_gmt":"2024-02-05T14:00:49","slug":"methylene-blue-nootropic-vi","status":"publish","type":"product","link":"https:\/\/livegood.network\/shop\/vi\/product\/methylene-blue-nootropic-vi\/","title":{"rendered":"Nootropic Xanh Methylene"},"content":{"rendered":"<p><strong>Methylene Blue Nootropic \u2013 D\u1ea3i h\u00f2a tan<\/strong><\/p>\n<p><em>B\u1ed9 n\u00e3o l\u00e0 c\u01a1 quan quan tr\u1ecdng nh\u1ea5t trong c\u01a1 th\u1ec3 ch\u00fang ta v\u00e0 ch\u1ee9c n\u0103ng kh\u1ecfe m\u1ea1nh c\u1ee7a n\u00f3 r\u1ea5t quan tr\u1ecdng \u0111\u1ed1i v\u1edbi ngay c\u1ea3 nh\u1eefng c\u00f4ng vi\u1ec7c v\u00e0 ho\u1ea1t \u0111\u1ed9ng \u0111\u01a1n gi\u1ea3n nh\u1ea5t h\u00e0ng ng\u00e0y, b\u1ea5t k\u1ec3 c\u00e1c ch\u1ee9c n\u0103ng kh\u00e1c c\u1ee7a c\u01a1 th\u1ec3 c\u00f3 t\u1ed1t hay kh\u00f4ng.<\/em><\/p>\n<p>Khi c\u00f2n tr\u1ebb, b\u1ed9 n\u00e3o c\u1ee7a ch\u00fang ta th\u1ec3 hi\u1ec7n s\u1ef1 nh\u1ea1y b\u00e9n, tinh th\u1ea7n minh m\u1eabn, tr\u00ed nh\u1edb m\u1ea1nh m\u1ebd, kh\u1ea3 n\u0103ng gi\u1ea3i quy\u1ebft v\u1ea5n \u0111\u1ec1 s\u00e1ng t\u1ea1o v\u00e0 m\u1ee9c n\u0103ng l\u01b0\u1ee3ng ty th\u1ec3 t\u1ed1i \u01b0u \u2014 nh\u1eefng c\u01a1 quan s\u1ea3n xu\u1ea5t n\u0103ng l\u01b0\u1ee3ng trong t\u1ebf b\u00e0o n\u00e3o, th\u01b0\u1eddng \u0111\u01b0\u1ee3c g\u1ecdi l\u00e0 nh\u00e0 m\u00e1y \u0111i\u1ec7n c\u1ee7a t\u1ebf b\u00e0o.<\/p>\n<p>Tuy nhi\u00ean, khi qu\u00e1 tr\u00ecnh l\u00e3o h\u00f3a di\u1ec5n ra, m\u1ee9c n\u0103ng l\u01b0\u1ee3ng c\u1ee7a ty th\u1ec3 gi\u1ea3m s\u00fat, \u1ea3nh h\u01b0\u1edfng \u0111\u1ebfn s\u1ef1 ch\u00fa \u00fd, tr\u00ed nh\u1edb, tinh th\u1ea7n minh m\u1eabn v\u00e0 s\u1ef1 nhanh nh\u1eb9n.\u00a0V\u1ec1 c\u01a1 b\u1ea3n, b\u1ed9 n\u00e3o c\u1ee7a ch\u00fang ta tr\u1ea3i qua qu\u00e1 tr\u00ecnh tho\u00e1i h\u00f3a, th\u01b0\u1eddng b\u1eaft \u0111\u1ea7u \u1edf \u0111\u1ed9 tu\u1ed5i t\u1eeb 30 \u0111\u1ebfn 40. Th\u1eddi gian c\u1ee7a qu\u00e1 tr\u00ecnh n\u00e0y c\u00f3 th\u1ec3 b\u1ecb \u1ea3nh h\u01b0\u1edfng b\u1edfi th\u00f3i quen sinh ho\u1ea1t, ch\u1ebf \u0111\u1ed9 \u0103n u\u1ed1ng v\u00e0 c\u00e1c y\u1ebfu t\u1ed1 m\u00f4i tr\u01b0\u1eddng.<\/p>\n<p>\u0110i\u1ec1u n\u00e0y nh\u1ea5n m\u1ea1nh t\u1ea7m quan tr\u1ecdng \u0111\u1ed1i v\u1edbi m\u1ecdi ng\u01b0\u1eddi trong vi\u1ec7c t\u0103ng c\u01b0\u1eddng s\u1ee9c kh\u1ecfe ty th\u1ec3 c\u1ee7a m\u00ecnh, cho d\u00f9 m\u1ee5c ti\u00eau l\u00e0 c\u1ea3i thi\u1ec7n kh\u1ea3 n\u0103ng t\u1eadp trung, n\u00e2ng cao hi\u1ec7u su\u1ea5t \u1edf n\u01a1i l\u00e0m vi\u1ec7c ho\u1eb7c tr\u01b0\u1eddng h\u1ecdc, h\u1ecdc c\u00e1c k\u1ef9 n\u0103ng m\u1edbi hay \u0111\u01a1n gi\u1ea3n l\u00e0 duy tr\u00ec s\u1ee9c kh\u1ecfe v\u00e0 ch\u1ee9c n\u0103ng t\u1ed5ng th\u1ec3 c\u1ee7a n\u00e3o.<\/p>\n<p>Nh\u1eadp d\u1ea3i h\u00f2a tan Nootropic xanh Methylene LiveGood.<\/p>\n<p>Nootropic l\u00e0 m\u1ed9t ch\u1ea5t gi\u00fap t\u0103ng c\u01b0\u1eddng c\u00e1c k\u1ef9 n\u0103ng tinh th\u1ea7n nh\u01b0 tr\u00ed nh\u1edb, t\u00e2m tr\u1ea1ng v\u00e0 tu\u1ed5i th\u1ecd.\u00a0Xanh methylene \u0111\u1eb7c bi\u1ec7t \u0111\u1eb7c bi\u1ec7t v\u00ec kh\u1ea3 n\u0103ng t\u0103ng c\u01b0\u1eddng cung c\u1ea5p oxy \u0111\u1ebfn c\u00e1c t\u1ebf b\u00e0o n\u00e3o, t\u1eeb \u0111\u00f3 t\u0103ng c\u01b0\u1eddng s\u1ea3n xu\u1ea5t n\u0103ng l\u01b0\u1ee3ng trong ty th\u1ec3 c\u1ee7a ch\u00fang ta &#8211; nh\u00e0 m\u00e1y n\u0103ng l\u01b0\u1ee3ng c\u1ee7a t\u1ebf b\u00e0o.<\/p>\n<p>Xanh Methylene \u0111\u00e3 \u0111\u01b0\u1ee3c c\u00f4ng nh\u1eadn tr\u00ean to\u00e0n c\u1ea7u trong g\u1ea7n 200 n\u0103m v\u00e0 \u0111\u01b0\u1ee3c T\u1ed5 ch\u1ee9c Y t\u1ebf Th\u1ebf gi\u1edbi li\u1ec7t k\u00ea l\u00e0 Thu\u1ed1c thi\u1ebft y\u1ebfu do t\u00e1c \u0111\u1ed9ng \u0111\u00e1ng k\u1ec3 c\u1ee7a n\u00f3 \u0111\u1ebfn sinh h\u1ecdc t\u1ebf b\u00e0o v\u00e0 s\u1ea3n xu\u1ea5t n\u0103ng l\u01b0\u1ee3ng.<\/p>\n<p>V\u1edbi c\u00e1c d\u1ea3i h\u00f2a tan c\u1ee7a ch\u00fang t\u00f4i \u0111\u01b0\u1ee3c thi\u1ebft k\u1ebf \u0111\u1ec3 h\u1ea5p th\u1ee5 t\u1ed1i \u0111a v\u00e0 c\u00f3 c\u00e1c th\u00e0nh ph\u1ea7n ch\u1ea5t l\u01b0\u1ee3ng cao nh\u1ea5t, LiveGood Methylene Blue Nootropic n\u1ed5i b\u1eadt nh\u01b0 m\u1ed9t s\u1ea3n ph\u1ea9m ch\u0103m s\u00f3c s\u1ee9c kh\u1ecfe n\u00e3o b\u1ed9 v\u00f4 song BAO GI\u1edc \u0110\u01af\u1ee2C T\u1ea0O RA!<\/p>\n<p><strong>C\u00e1ch s\u1eed d\u1ee5ng:<\/strong><\/p>\n<p>M\u1ed7i h\u1ed9p ch\u1ee9a 15 m\u00e0ng h\u00f2a tan trong mi\u1ec7ng, d\u00f9ng c\u00e1ch ng\u00e0y, cung c\u1ea5p \u0111\u1ee7 d\u00f9ng trong 30 ng\u00e0y.\u00a0L\u00e0m \u01b0\u1edbt mi\u1ec7ng tr\u01b0\u1edbc khi s\u1eed d\u1ee5ng.\u00a0M\u1edf gi\u1ea5y b\u1ea1c ra, \u0111\u1eb7t m\u1ed9t l\u1edbp m\u00e0ng l\u00ean l\u01b0\u1ee1i v\u00e0 \u0111\u1ec3 n\u00f3 tan ra.\u00a0M\u00e0u xanh l\u00e0 k\u1ebft qu\u1ea3 b\u00ecnh th\u01b0\u1eddng v\u00e0 \u0111\u01b0\u1ee3c mong \u0111\u1ee3i.\u00a0Vi\u1ec7c quan s\u00e1t n\u01b0\u1edbc ti\u1ec3u m\u00e0u xanh lam ho\u1eb7c xanh l\u1ee5c trong t\u1ed1i \u0111a 2 ng\u00e0y c\u0169ng l\u00e0 \u0111i\u1ec1u b\u00ecnh th\u01b0\u1eddng.<\/p>\n<p>M\u1eb9o chuy\u00ean nghi\u1ec7p: T\u00ecm ki\u1ebfm \u00e1nh s\u00e1ng m\u1eb7t tr\u1eddi t\u1ef1 nhi\u00ean trong \u00edt nh\u1ea5t 5 ph\u00fat ti\u1ebfp x\u00fac trong v\u00f2ng 30 ph\u00fat s\u1eed d\u1ee5ng.\u00a0Xanh Methylene c\u00f3 t\u00ednh ch\u1ea5t quang \u0111\u1ed9ng, ph\u1ea3n \u1ee9ng v\u1edbi \u00e1nh s\u00e1ng v\u00e0 t\u0103ng c\u01b0\u1eddng h\u01a1n n\u1eefa vi\u1ec7c s\u1ea3n xu\u1ea5t n\u0103ng l\u01b0\u1ee3ng trong ty th\u1ec3.<\/p>\n<p>M\u1eb9o chuy\u00ean nghi\u1ec7p s\u1ed1 2: \u0110\u1ec3 c\u00f3 l\u1ee3i \u00edch t\u1ed1i \u01b0u, h\u00e3y s\u1eed d\u1ee5ng Xanh Methylene v\u00e0o bu\u1ed5i s\u00e1ng, \u0111\u1eb7c bi\u1ec7t thu\u1eadn l\u1ee3i cho nh\u1eefng ng\u01b0\u1eddi th\u1ef1c h\u00e0nh nh\u1ecbn \u0103n gi\u00e1n \u0111o\u1ea1n.<\/p>\n<p><strong>Nh\u1eefng l\u1ee3i \u00edch:<\/strong><\/p>\n<ul>\n<li>Nootropic<\/li>\n<li>T\u0103ng c\u01b0\u1eddng tr\u00ed nh\u1edb<\/li>\n<li>B\u1ea3o v\u1ec7 s\u1ee9c kh\u1ecfe t\u1ebf b\u00e0o n\u00e3o<\/li>\n<li>H\u1ed7 tr\u1ee3 t\u00e2m tr\u1ea1ng t\u00edch c\u1ef1c<\/li>\n<li>C\u1ea3i thi\u1ec7n s\u1ef1 t\u1eadp trung v\u00e0 nh\u1eadn th\u1ee9c<\/li>\n<\/ul>\n<p><strong>Th\u1eadn tr\u1ecdng:<\/strong><\/p>\n<ul>\n<li>Kh\u00f4ng s\u1eed d\u1ee5ng n\u1ebfu c\u00f3 thai ho\u1eb7c cho con b\u00fa.<\/li>\n<li>Tr\u00e1nh s\u1eed d\u1ee5ng n\u1ebfu b\u1ea1n b\u1ecb thi\u1ebfu h\u1ee5t G6PD.<\/li>\n<li>Tham kh\u1ea3o \u00fd ki\u1ebfn \u200b\u200bb\u00e1c s\u0129 tr\u01b0\u1edbc khi s\u1eed d\u1ee5ng n\u1ebfu s\u1eed d\u1ee5ng thu\u1ed1c MAOI ho\u1eb7c SSRI, th\u01b0\u1eddng \u0111\u01b0\u1ee3c k\u00ea \u0111\u01a1n cho b\u1ec7nh tr\u1ea7m c\u1ea3m.<\/li>\n<\/ul>\n<p><span style=\"color: #339966;\">D\u1ea3i h\u00f2a tan Nootropic LiveGood Methylene Blue \u0111\u01b0\u1ee3c l\u00e0m t\u1eeb cellulose c\u00f3 ngu\u1ed3n g\u1ed1c th\u1ef1c v\u1eadt (pullulan), kh\u00f4ng ch\u1ee9a \u0111\u01b0\u1eddng, ch\u1ea5t \u0111\u1ed9n ho\u1eb7c c\u00e1c ch\u1ea5t ph\u1ee5 gia kh\u00f4ng c\u1ea7n thi\u1ebft.\u00a0Ch\u00fang kh\u00f4ng c\u1ea7n n\u01b0\u1edbc, kh\u00f4ng \u1ea3nh h\u01b0\u1edfng \u0111\u1ebfn r\u0103ng, ho\u1ea1t \u0111\u1ed9ng nhanh ch\u00f3ng v\u00e0 thu\u1eadn ti\u1ec7n khi mang theo.<\/span><\/p>\n","protected":false},"excerpt":{"rendered":"<p><img decoding=\"async\" class=\"emoji\" role=\"img\" draggable=\"false\" src=\"https:\/\/s.w.org\/images\/core\/emoji\/14.0.0\/svg\/1f49a.svg\" alt=\"LiveGooD Love\" \/ > Gi\u00fap T\u0103ng C\u01b0\u1eddng Tr\u00ed Nh\u1edb<br \/>\n<img decoding=\"async\" class=\"emoji\" role=\"img\" draggable=\"false\" src=\"https:\/\/s.w.org\/images\/core\/emoji\/14.0.0\/svg\/1f49a.svg\" alt=\"LiveGooD Love\" \/ > B\u1ea3o v\u1ec7 s\u1ee9c kh\u1ecfe t\u1ebf b\u00e0o n\u00e3o<br \/>\n<img decoding=\"async\" class=\"emoji\" role=\"img\" draggable=\"false\" src=\"https:\/\/s.w.org\/images\/core\/emoji\/14.0.0\/svg\/1f49a.svg\" alt=\"LiveGooD Love\" \/ > H\u1ed7 tr\u1ee3 t\u00e2m tr\u1ea1ng t\u00edch c\u1ef1c<br \/>\n<img decoding=\"async\" class=\"emoji\" role=\"img\" draggable=\"false\" src=\"https:\/\/s.w.org\/images\/core\/emoji\/14.0.0\/svg\/1f49a.svg\" alt=\"LiveGooD Love\" \/ > T\u1eadp trung v\u00e0 nh\u1eadn th\u1ee9c<\/p>\n","protected":false},"featured_media":262,"comment_status":"open","ping_status":"closed","template":"","meta":[],"product_brand":[],"product_cat":[219],"product_tag":[],"class_list":{"0":"post-829","1":"product","2":"type-product","3":"status-publish","4":"has-post-thumbnail","6":"product_cat-supplements-vi","8":"first","9":"instock","10":"sale","11":"shipping-taxable","12":"product-type-external"},"yoast_head":"<!-- This site is optimized with the Yoast SEO Premium plugin v20.6 (Yoast SEO v21.8.1) - https:\/\/yoast.com\/wordpress\/plugins\/seo\/ -->\n<title>Nootropic Xanh Methylene - LiveGooD Shop<\/title>\n<meta name=\"robots\" content=\"index, follow, max-snippet:-1, max-image-preview:large, max-video-preview:-1\" \/>\n<link rel=\"canonical\" href=\"https:\/\/livegood.network\/shop\/vi\/product\/methylene-blue-nootropic-vi\/\" \/>\n<meta property=\"og:locale\" content=\"en_US\" \/>\n<meta property=\"og:type\" content=\"article\" \/>\n<meta property=\"og:title\" content=\"Nootropic Xanh Methylene\" \/>\n<meta property=\"og:description\" content=\"Gi\u00fap T\u0103ng C\u01b0\u1eddng Tr\u00ed Nh\u1edb  B\u1ea3o v\u1ec7 s\u1ee9c kh\u1ecfe t\u1ebf b\u00e0o n\u00e3o  H\u1ed7 tr\u1ee3 t\u00e2m tr\u1ea1ng t\u00edch c\u1ef1c  T\u1eadp trung v\u00e0 nh\u1eadn th\u1ee9c\" \/>\n<meta property=\"og:url\" content=\"https:\/\/livegood.network\/shop\/vi\/product\/methylene-blue-nootropic-vi\/\" \/>\n<meta property=\"article:publisher\" content=\"https:\/\/www.facebook.com\/livegoodhello\" \/>\n<meta property=\"article:modified_time\" content=\"2024-02-05T14:00:49+00:00\" \/>\n<meta property=\"og:image\" content=\"https:\/\/livegood.network\/shop\/wp-content\/uploads\/2024\/01\/methylene-blue-livegood.png\" \/>\n\t<meta property=\"og:image:width\" content=\"1000\" \/>\n\t<meta property=\"og:image:height\" content=\"1000\" \/>\n\t<meta property=\"og:image:type\" content=\"image\/png\" \/>\n<meta name=\"twitter:card\" content=\"summary_large_image\" \/>\n<meta name=\"twitter:label1\" content=\"Est. reading time\" \/>\n\t<meta name=\"twitter:data1\" content=\"4 minutes\" \/>\n<script type=\"application\/ld+json\" class=\"yoast-schema-graph\">{\"@context\":\"https:\/\/schema.org\",\"@graph\":[{\"@type\":\"WebPage\",\"@id\":\"https:\/\/livegood.network\/shop\/vi\/product\/methylene-blue-nootropic-vi\/\",\"url\":\"https:\/\/livegood.network\/shop\/vi\/product\/methylene-blue-nootropic-vi\/\",\"name\":\"Nootropic Xanh Methylene - LiveGooD Shop\",\"isPartOf\":{\"@id\":\"https:\/\/livegood.network\/shop\/#website\"},\"datePublished\":\"2024-01-24T18:30:12+00:00\",\"dateModified\":\"2024-02-05T14:00:49+00:00\",\"breadcrumb\":{\"@id\":\"https:\/\/livegood.network\/shop\/vi\/product\/methylene-blue-nootropic-vi\/#breadcrumb\"},\"inLanguage\":\"en-US\",\"potentialAction\":[{\"@type\":\"ReadAction\",\"target\":[\"https:\/\/livegood.network\/shop\/vi\/product\/methylene-blue-nootropic-vi\/\"]}]},{\"@type\":\"BreadcrumbList\",\"@id\":\"https:\/\/livegood.network\/shop\/vi\/product\/methylene-blue-nootropic-vi\/#breadcrumb\",\"itemListElement\":[{\"@type\":\"ListItem\",\"position\":1,\"name\":\"Home\",\"item\":\"https:\/\/livegood.network\/shop\/pt-br\/\"},{\"@type\":\"ListItem\",\"position\":2,\"name\":\"Shop\",\"item\":\"https:\/\/livegood.network\/shop\/shop\/\"},{\"@type\":\"ListItem\",\"position\":3,\"name\":\"Nootropic Xanh Methylene\"}]},{\"@type\":\"WebSite\",\"@id\":\"https:\/\/livegood.network\/shop\/#website\",\"url\":\"https:\/\/livegood.network\/shop\/\",\"name\":\"LiveGooD Shop\",\"description\":\"\",\"publisher\":{\"@id\":\"https:\/\/livegood.network\/shop\/#organization\"},\"potentialAction\":[{\"@type\":\"SearchAction\",\"target\":{\"@type\":\"EntryPoint\",\"urlTemplate\":\"https:\/\/livegood.network\/shop\/?s={search_term_string}\"},\"query-input\":\"required name=search_term_string\"}],\"inLanguage\":\"en-US\"},{\"@type\":\"Organization\",\"@id\":\"https:\/\/livegood.network\/shop\/#organization\",\"name\":\"LiveGooD\",\"url\":\"https:\/\/livegood.network\/shop\/\",\"logo\":{\"@type\":\"ImageObject\",\"inLanguage\":\"en-US\",\"@id\":\"https:\/\/livegood.network\/shop\/#\/schema\/logo\/image\/\",\"url\":\"https:\/\/livegood.network\/shop\/wp-content\/uploads\/2024\/01\/logo-livegood-shop-main.png\",\"contentUrl\":\"https:\/\/livegood.network\/shop\/wp-content\/uploads\/2024\/01\/logo-livegood-shop-main.png\",\"width\":373,\"height\":115,\"caption\":\"LiveGooD\"},\"image\":{\"@id\":\"https:\/\/livegood.network\/shop\/#\/schema\/logo\/image\/\"},\"sameAs\":[\"https:\/\/www.facebook.com\/livegoodhello\"]}]}<\/script>\n<!-- \/ Yoast SEO Premium plugin. -->","yoast_head_json":{"title":"Nootropic Xanh Methylene - LiveGooD Shop","robots":{"index":"index","follow":"follow","max-snippet":"max-snippet:-1","max-image-preview":"max-image-preview:large","max-video-preview":"max-video-preview:-1"},"canonical":"https:\/\/livegood.network\/shop\/vi\/product\/methylene-blue-nootropic-vi\/","og_locale":"en_US","og_type":"article","og_title":"Nootropic Xanh Methylene","og_description":"Gi\u00fap T\u0103ng C\u01b0\u1eddng Tr\u00ed Nh\u1edb  B\u1ea3o v\u1ec7 s\u1ee9c kh\u1ecfe t\u1ebf b\u00e0o n\u00e3o  H\u1ed7 tr\u1ee3 t\u00e2m tr\u1ea1ng t\u00edch c\u1ef1c  T\u1eadp trung v\u00e0 nh\u1eadn th\u1ee9c","og_url":"https:\/\/livegood.network\/shop\/vi\/product\/methylene-blue-nootropic-vi\/","article_publisher":"https:\/\/www.facebook.com\/livegoodhello","article_modified_time":"2024-02-05T14:00:49+00:00","og_image":[{"width":1000,"height":1000,"url":"https:\/\/livegood.network\/shop\/wp-content\/uploads\/2024\/01\/methylene-blue-livegood.png","type":"image\/png"}],"twitter_card":"summary_large_image","twitter_misc":{"Est. reading time":"4 minutes"},"schema":{"@context":"https:\/\/schema.org","@graph":[{"@type":"WebPage","@id":"https:\/\/livegood.network\/shop\/vi\/product\/methylene-blue-nootropic-vi\/","url":"https:\/\/livegood.network\/shop\/vi\/product\/methylene-blue-nootropic-vi\/","name":"Nootropic Xanh Methylene - LiveGooD Shop","isPartOf":{"@id":"https:\/\/livegood.network\/shop\/#website"},"datePublished":"2024-01-24T18:30:12+00:00","dateModified":"2024-02-05T14:00:49+00:00","breadcrumb":{"@id":"https:\/\/livegood.network\/shop\/vi\/product\/methylene-blue-nootropic-vi\/#breadcrumb"},"inLanguage":"en-US","potentialAction":[{"@type":"ReadAction","target":["https:\/\/livegood.network\/shop\/vi\/product\/methylene-blue-nootropic-vi\/"]}]},{"@type":"BreadcrumbList","@id":"https:\/\/livegood.network\/shop\/vi\/product\/methylene-blue-nootropic-vi\/#breadcrumb","itemListElement":[{"@type":"ListItem","position":1,"name":"Home","item":"https:\/\/livegood.network\/shop\/pt-br\/"},{"@type":"ListItem","position":2,"name":"Shop","item":"https:\/\/livegood.network\/shop\/shop\/"},{"@type":"ListItem","position":3,"name":"Nootropic Xanh Methylene"}]},{"@type":"WebSite","@id":"https:\/\/livegood.network\/shop\/#website","url":"https:\/\/livegood.network\/shop\/","name":"LiveGooD Shop","description":"","publisher":{"@id":"https:\/\/livegood.network\/shop\/#organization"},"potentialAction":[{"@type":"SearchAction","target":{"@type":"EntryPoint","urlTemplate":"https:\/\/livegood.network\/shop\/?s={search_term_string}"},"query-input":"required name=search_term_string"}],"inLanguage":"en-US"},{"@type":"Organization","@id":"https:\/\/livegood.network\/shop\/#organization","name":"LiveGooD","url":"https:\/\/livegood.network\/shop\/","logo":{"@type":"ImageObject","inLanguage":"en-US","@id":"https:\/\/livegood.network\/shop\/#\/schema\/logo\/image\/","url":"https:\/\/livegood.network\/shop\/wp-content\/uploads\/2024\/01\/logo-livegood-shop-main.png","contentUrl":"https:\/\/livegood.network\/shop\/wp-content\/uploads\/2024\/01\/logo-livegood-shop-main.png","width":373,"height":115,"caption":"LiveGooD"},"image":{"@id":"https:\/\/livegood.network\/shop\/#\/schema\/logo\/image\/"},"sameAs":["https:\/\/www.facebook.com\/livegoodhello"]}]}},"lang":"vi","translations":{"vi":829,"en-us":260,"fr-fr":826,"es-es":827,"pt-pt":828,"ru-ru":830,"pt-br":838,"ko":831},"pll_sync_post":[],"_links":{"self":[{"href":"https:\/\/livegood.network\/shop\/wp-json\/wp\/v2\/product\/829","targetHints":{"allow":["GET"]}}],"collection":[{"href":"https:\/\/livegood.network\/shop\/wp-json\/wp\/v2\/product"}],"about":[{"href":"https:\/\/livegood.network\/shop\/wp-json\/wp\/v2\/types\/product"}],"replies":[{"embeddable":true,"href":"https:\/\/livegood.network\/shop\/wp-json\/wp\/v2\/comments?post=829"}],"version-history":[{"count":1,"href":"https:\/\/livegood.network\/shop\/wp-json\/wp\/v2\/product\/829\/revisions"}],"predecessor-version":[{"id":1721,"href":"https:\/\/livegood.network\/shop\/wp-json\/wp\/v2\/product\/829\/revisions\/1721"}],"wp:featuredmedia":[{"embeddable":true,"href":"https:\/\/livegood.network\/shop\/wp-json\/wp\/v2\/media\/262"}],"wp:attachment":[{"href":"https:\/\/livegood.network\/shop\/wp-json\/wp\/v2\/media?parent=829"}],"wp:term":[{"taxonomy":"product_brand","embeddable":true,"href":"https:\/\/livegood.network\/shop\/wp-json\/wp\/v2\/product_brand?post=829"},{"taxonomy":"product_cat","embeddable":true,"href":"https:\/\/livegood.network\/shop\/wp-json\/wp\/v2\/product_cat?post=829"},{"taxonomy":"product_tag","embeddable":true,"href":"https:\/\/livegood.network\/shop\/wp-json\/wp\/v2\/product_tag?post=829"}],"curies":[{"name":"wp","href":"https:\/\/api.w.org\/{rel}","templated":true}]}}