{"id":841,"date":"2024-01-24T18:48:18","date_gmt":"2024-01-24T18:48:18","guid":{"rendered":"https:\/\/livegood.network\/shop\/?post_type=product&#038;p=841"},"modified":"2025-12-28T12:50:38","modified_gmt":"2025-12-28T12:50:38","slug":"organic-coffee-es-es","status":"publish","type":"product","link":"https:\/\/livegood.network\/shop\/es-es\/product\/organic-coffee-es-es\/","title":{"rendered":"Caf\u00e9 Org\u00e1nico"},"content":{"rendered":"<p><strong>Caf\u00e9 org\u00e1nico para el control de peso con champi\u00f1ones de LiveGood<\/strong><\/p>\n<p><em>De hecho, este puede ser el nombre de caf\u00e9 m\u00e1s largo que haya encontrado.<\/em><\/p>\n<p>Sin embargo, la realidad es que con la multitud de beneficios incre\u00edbles y los ingredientes cuidadosamente seleccionados incorporados en esta mezcla, podr\u00edamos haber incluido a\u00fan m\u00e1s t\u00e9rminos, como adapt\u00f3genos, t\u00e9 verde, fibra saludable, maca y, por supuesto, \u00a1sabores irresistiblemente deliciosos!<\/p>\n<p>El caf\u00e9 LiveGood Organic no solo re\u00fane ingredientes de la m\u00e1s alta calidad procedentes de las regiones m\u00e1s puras y exuberantes del mundo, sino que tambi\u00e9n se destaca como el PRIMER y \u00daNICO caf\u00e9 enriquecido con fibra saludable para frenar el hambre.\u00a0Est\u00e1 meticulosamente formulado con maca para respaldar las funciones cognitivas, mejorar la memoria y mejorar el estado de \u00e1nimo.\u00a0Adem\u00e1s, la inclusi\u00f3n de t\u00e9 verde promueve una actividad cerebral saludable y facilita la quema de grasas.\u00a0Adem\u00e1s, contiene adapt\u00f3genos en forma de seis de los hongos m\u00e1s potentes del mundo, que ofrecen alivio del estr\u00e9s, favorecen el bienestar general y te hacen sentir fant\u00e1stico.\u00a0Ning\u00fan otro caf\u00e9 en el mercado ofrece tantas ventajas como el caf\u00e9 org\u00e1nico saludable para el control de peso con champi\u00f1ones de LiveGood.<img decoding=\"async\" class=\"emoji\" role=\"img\" draggable=\"false\" src=\"https:\/\/s.w.org\/images\/core\/emoji\/14.0.0\/svg\/1f60a.svg\" alt=\"????\" \/><\/p>\n<p>Desde el primer sorbo de nuestra deliciosa mezcla y los incre\u00edbles resultados posteriores, \u00a1puede que le resulte dif\u00edcil volver a tomar cualquier otro caf\u00e9!<\/p>\n<p>Para disfrutarlo, simplemente mezcle una cucharada de nuestro delicioso caf\u00e9 instant\u00e1neo molido en una taza de agua caliente y revuelva.<\/p>\n<p>Libre de crueldad<\/p>\n<p>Sin gluten<\/p>\n<p>Certificado GMP<\/p>\n<p>Amigable con Keto<\/p>\n<p>No GMO<\/p>\n<p>Sin nueces<\/p>\n<p>Org\u00e1nico<\/p>\n<p>Soy-Free<\/p>\n<p>Probado por terceros<\/p>\n<p>Vegano<\/p>\n<p><strong>C\u00d3MO UTILIZAR:<\/strong><\/p>\n<p>Mezclar 1 cucharada en agua fr\u00eda o caliente.<\/p>\n<p>Cu\u00e1ndo tomarlo: El caf\u00e9 org\u00e1nico saludable de LiveGood est\u00e1 listo y solo requiere mezclarlo con agua fr\u00eda o caliente para disfrutarlo.\u00a0Con aproximadamente 100 mg de cafe\u00edna, es ideal para tomar una bebida por la ma\u00f1ana.\u00a0Recomendamos abstenerse de todos los estimulantes, incluida la cafe\u00edna, al menos 8 horas antes de acostarse para evitar interrumpir el sue\u00f1o.\u00a0Mejorado con hongos adapt\u00f3genos para equilibrar el nerviosismo de la cafe\u00edna y combinado con maca y t\u00e9 verde, este caf\u00e9 seguramente preparar\u00e1 el escenario para un d\u00eda exitoso.<\/p>\n","protected":false},"excerpt":{"rendered":"<p><img decoding=\"async\" class=\"emoji\" role=\"img\" draggable=\"false\" src=\"https:\/\/s.w.org\/images\/core\/emoji\/14.0.0\/svg\/1f49a.svg\" alt=\"LiveGooD Love\" \/> Apoyar un estado de \u00e1nimo saludable<br \/>\n<img decoding=\"async\" class=\"emoji\" role=\"img\" draggable=\"false\" src=\"https:\/\/s.w.org\/images\/core\/emoji\/14.0.0\/svg\/1f49a.svg\" alt=\"LiveGooD Love\" \/> Enfoque y claridad mental<br \/>\n<img decoding=\"async\" class=\"emoji\" role=\"img\" draggable=\"false\" src=\"https:\/\/s.w.org\/images\/core\/emoji\/14.0.0\/svg\/1f49a.svg\" alt=\"LiveGooD Love\" \/> P\u00e9rdida de peso<br \/>\n<img decoding=\"async\" class=\"emoji\" role=\"img\" draggable=\"false\" src=\"https:\/\/s.w.org\/images\/core\/emoji\/14.0.0\/svg\/1f49a.svg\" alt=\"LiveGooD Love\" \/> Hongos Funcionales<br \/>\n<img decoding=\"async\" class=\"emoji\" role=\"img\" draggable=\"false\" src=\"https:\/\/s.w.org\/images\/core\/emoji\/14.0.0\/svg\/1f49a.svg\" alt=\"LiveGooD Love\" \/> \u00a1Sabe incre\u00edble!<\/p>\n","protected":false},"featured_media":247,"comment_status":"open","ping_status":"closed","template":"","meta":[],"product_brand":[],"product_cat":[176],"product_tag":[],"class_list":{"0":"post-841","1":"product","2":"type-product","3":"status-publish","4":"has-post-thumbnail","6":"product_cat-coffee-tea-es-es","8":"first","9":"instock","10":"sale","11":"shipping-taxable","12":"product-type-external"},"yoast_head":"<!-- This site is optimized with the Yoast SEO Premium plugin v20.6 (Yoast SEO v21.8.1) - https:\/\/yoast.com\/wordpress\/plugins\/seo\/ -->\n<title>Caf\u00e9 Org\u00e1nico - LiveGooD Shop<\/title>\n<meta name=\"robots\" content=\"index, follow, max-snippet:-1, max-image-preview:large, max-video-preview:-1\" \/>\n<link rel=\"canonical\" href=\"https:\/\/livegood.network\/shop\/es-es\/product\/organic-coffee-es-es\/\" \/>\n<meta property=\"og:locale\" content=\"en_US\" \/>\n<meta property=\"og:type\" content=\"article\" \/>\n<meta property=\"og:title\" content=\"Caf\u00e9 Org\u00e1nico\" \/>\n<meta property=\"og:description\" content=\"Apoyar un estado de \u00e1nimo saludable  Enfoque y claridad mental  P\u00e9rdida de peso  Hongos Funcionales  \u00a1Sabe incre\u00edble!\" \/>\n<meta property=\"og:url\" content=\"https:\/\/livegood.network\/shop\/es-es\/product\/organic-coffee-es-es\/\" \/>\n<meta property=\"article:publisher\" content=\"https:\/\/www.facebook.com\/livegoodhello\" \/>\n<meta property=\"article:modified_time\" content=\"2025-12-28T12:50:38+00:00\" \/>\n<meta property=\"og:image\" content=\"https:\/\/livegood.network\/shop\/wp-content\/uploads\/2024\/01\/organic-coffee-livegood.png\" \/>\n\t<meta property=\"og:image:width\" content=\"720\" \/>\n\t<meta property=\"og:image:height\" content=\"720\" \/>\n\t<meta property=\"og:image:type\" content=\"image\/png\" \/>\n<meta name=\"twitter:card\" content=\"summary_large_image\" \/>\n<meta name=\"twitter:label1\" content=\"Est. reading time\" \/>\n\t<meta name=\"twitter:data1\" content=\"2 minutes\" \/>\n<script type=\"application\/ld+json\" class=\"yoast-schema-graph\">{\"@context\":\"https:\/\/schema.org\",\"@graph\":[{\"@type\":\"WebPage\",\"@id\":\"https:\/\/livegood.network\/shop\/es-es\/product\/organic-coffee-es-es\/\",\"url\":\"https:\/\/livegood.network\/shop\/es-es\/product\/organic-coffee-es-es\/\",\"name\":\"Caf\u00e9 Org\u00e1nico - LiveGooD Shop\",\"isPartOf\":{\"@id\":\"https:\/\/livegood.network\/shop\/#website\"},\"datePublished\":\"2024-01-24T18:48:18+00:00\",\"dateModified\":\"2025-12-28T12:50:38+00:00\",\"breadcrumb\":{\"@id\":\"https:\/\/livegood.network\/shop\/es-es\/product\/organic-coffee-es-es\/#breadcrumb\"},\"inLanguage\":\"en-US\",\"potentialAction\":[{\"@type\":\"ReadAction\",\"target\":[\"https:\/\/livegood.network\/shop\/es-es\/product\/organic-coffee-es-es\/\"]}]},{\"@type\":\"BreadcrumbList\",\"@id\":\"https:\/\/livegood.network\/shop\/es-es\/product\/organic-coffee-es-es\/#breadcrumb\",\"itemListElement\":[{\"@type\":\"ListItem\",\"position\":1,\"name\":\"Home\",\"item\":\"https:\/\/livegood.network\/shop\/pt-br\/\"},{\"@type\":\"ListItem\",\"position\":2,\"name\":\"Shop\",\"item\":\"https:\/\/livegood.network\/shop\/shop\/\"},{\"@type\":\"ListItem\",\"position\":3,\"name\":\"Caf\u00e9 Org\u00e1nico\"}]},{\"@type\":\"WebSite\",\"@id\":\"https:\/\/livegood.network\/shop\/#website\",\"url\":\"https:\/\/livegood.network\/shop\/\",\"name\":\"LiveGooD Shop\",\"description\":\"\",\"publisher\":{\"@id\":\"https:\/\/livegood.network\/shop\/#organization\"},\"potentialAction\":[{\"@type\":\"SearchAction\",\"target\":{\"@type\":\"EntryPoint\",\"urlTemplate\":\"https:\/\/livegood.network\/shop\/?s={search_term_string}\"},\"query-input\":\"required name=search_term_string\"}],\"inLanguage\":\"en-US\"},{\"@type\":\"Organization\",\"@id\":\"https:\/\/livegood.network\/shop\/#organization\",\"name\":\"LiveGooD\",\"url\":\"https:\/\/livegood.network\/shop\/\",\"logo\":{\"@type\":\"ImageObject\",\"inLanguage\":\"en-US\",\"@id\":\"https:\/\/livegood.network\/shop\/#\/schema\/logo\/image\/\",\"url\":\"https:\/\/livegood.network\/shop\/wp-content\/uploads\/2024\/01\/logo-livegood-shop-main.png\",\"contentUrl\":\"https:\/\/livegood.network\/shop\/wp-content\/uploads\/2024\/01\/logo-livegood-shop-main.png\",\"width\":373,\"height\":115,\"caption\":\"LiveGooD\"},\"image\":{\"@id\":\"https:\/\/livegood.network\/shop\/#\/schema\/logo\/image\/\"},\"sameAs\":[\"https:\/\/www.facebook.com\/livegoodhello\"]}]}<\/script>\n<!-- \/ Yoast SEO Premium plugin. -->","yoast_head_json":{"title":"Caf\u00e9 Org\u00e1nico - LiveGooD Shop","robots":{"index":"index","follow":"follow","max-snippet":"max-snippet:-1","max-image-preview":"max-image-preview:large","max-video-preview":"max-video-preview:-1"},"canonical":"https:\/\/livegood.network\/shop\/es-es\/product\/organic-coffee-es-es\/","og_locale":"en_US","og_type":"article","og_title":"Caf\u00e9 Org\u00e1nico","og_description":"Apoyar un estado de \u00e1nimo saludable  Enfoque y claridad mental  P\u00e9rdida de peso  Hongos Funcionales  \u00a1Sabe incre\u00edble!","og_url":"https:\/\/livegood.network\/shop\/es-es\/product\/organic-coffee-es-es\/","article_publisher":"https:\/\/www.facebook.com\/livegoodhello","article_modified_time":"2025-12-28T12:50:38+00:00","og_image":[{"width":720,"height":720,"url":"https:\/\/livegood.network\/shop\/wp-content\/uploads\/2024\/01\/organic-coffee-livegood.png","type":"image\/png"}],"twitter_card":"summary_large_image","twitter_misc":{"Est. reading time":"2 minutes"},"schema":{"@context":"https:\/\/schema.org","@graph":[{"@type":"WebPage","@id":"https:\/\/livegood.network\/shop\/es-es\/product\/organic-coffee-es-es\/","url":"https:\/\/livegood.network\/shop\/es-es\/product\/organic-coffee-es-es\/","name":"Caf\u00e9 Org\u00e1nico - LiveGooD Shop","isPartOf":{"@id":"https:\/\/livegood.network\/shop\/#website"},"datePublished":"2024-01-24T18:48:18+00:00","dateModified":"2025-12-28T12:50:38+00:00","breadcrumb":{"@id":"https:\/\/livegood.network\/shop\/es-es\/product\/organic-coffee-es-es\/#breadcrumb"},"inLanguage":"en-US","potentialAction":[{"@type":"ReadAction","target":["https:\/\/livegood.network\/shop\/es-es\/product\/organic-coffee-es-es\/"]}]},{"@type":"BreadcrumbList","@id":"https:\/\/livegood.network\/shop\/es-es\/product\/organic-coffee-es-es\/#breadcrumb","itemListElement":[{"@type":"ListItem","position":1,"name":"Home","item":"https:\/\/livegood.network\/shop\/pt-br\/"},{"@type":"ListItem","position":2,"name":"Shop","item":"https:\/\/livegood.network\/shop\/shop\/"},{"@type":"ListItem","position":3,"name":"Caf\u00e9 Org\u00e1nico"}]},{"@type":"WebSite","@id":"https:\/\/livegood.network\/shop\/#website","url":"https:\/\/livegood.network\/shop\/","name":"LiveGooD Shop","description":"","publisher":{"@id":"https:\/\/livegood.network\/shop\/#organization"},"potentialAction":[{"@type":"SearchAction","target":{"@type":"EntryPoint","urlTemplate":"https:\/\/livegood.network\/shop\/?s={search_term_string}"},"query-input":"required name=search_term_string"}],"inLanguage":"en-US"},{"@type":"Organization","@id":"https:\/\/livegood.network\/shop\/#organization","name":"LiveGooD","url":"https:\/\/livegood.network\/shop\/","logo":{"@type":"ImageObject","inLanguage":"en-US","@id":"https:\/\/livegood.network\/shop\/#\/schema\/logo\/image\/","url":"https:\/\/livegood.network\/shop\/wp-content\/uploads\/2024\/01\/logo-livegood-shop-main.png","contentUrl":"https:\/\/livegood.network\/shop\/wp-content\/uploads\/2024\/01\/logo-livegood-shop-main.png","width":373,"height":115,"caption":"LiveGooD"},"image":{"@id":"https:\/\/livegood.network\/shop\/#\/schema\/logo\/image\/"},"sameAs":["https:\/\/www.facebook.com\/livegoodhello"]}]}},"lang":"es-es","translations":{"es-es":841,"pt-br":854,"pt-pt":842,"en-us":246,"fr-fr":840,"vi":843,"ru-ru":845,"ko":846},"pll_sync_post":[],"_links":{"self":[{"href":"https:\/\/livegood.network\/shop\/wp-json\/wp\/v2\/product\/841","targetHints":{"allow":["GET"]}}],"collection":[{"href":"https:\/\/livegood.network\/shop\/wp-json\/wp\/v2\/product"}],"about":[{"href":"https:\/\/livegood.network\/shop\/wp-json\/wp\/v2\/types\/product"}],"replies":[{"embeddable":true,"href":"https:\/\/livegood.network\/shop\/wp-json\/wp\/v2\/comments?post=841"}],"version-history":[{"count":2,"href":"https:\/\/livegood.network\/shop\/wp-json\/wp\/v2\/product\/841\/revisions"}],"predecessor-version":[{"id":1679,"href":"https:\/\/livegood.network\/shop\/wp-json\/wp\/v2\/product\/841\/revisions\/1679"}],"wp:featuredmedia":[{"embeddable":true,"href":"https:\/\/livegood.network\/shop\/wp-json\/wp\/v2\/media\/247"}],"wp:attachment":[{"href":"https:\/\/livegood.network\/shop\/wp-json\/wp\/v2\/media?parent=841"}],"wp:term":[{"taxonomy":"product_brand","embeddable":true,"href":"https:\/\/livegood.network\/shop\/wp-json\/wp\/v2\/product_brand?post=841"},{"taxonomy":"product_cat","embeddable":true,"href":"https:\/\/livegood.network\/shop\/wp-json\/wp\/v2\/product_cat?post=841"},{"taxonomy":"product_tag","embeddable":true,"href":"https:\/\/livegood.network\/shop\/wp-json\/wp\/v2\/product_tag?post=841"}],"curies":[{"name":"wp","href":"https:\/\/api.w.org\/{rel}","templated":true}]}}