{"id":843,"date":"2024-01-24T19:01:52","date_gmt":"2024-01-24T19:01:52","guid":{"rendered":"https:\/\/livegood.network\/shop\/?post_type=product&#038;p=843"},"modified":"2026-04-16T11:58:22","modified_gmt":"2026-04-16T11:58:22","slug":"organic-coffee-vi","status":"publish","type":"product","link":"https:\/\/livegood.network\/shop\/vi\/product\/organic-coffee-vi\/","title":{"rendered":"C\u00e0 ph\u00ea h\u1eefu c\u01a1"},"content":{"rendered":"<p><strong>C\u00e0 ph\u00ea gi\u1ea3m c\u00e2n h\u1eefu c\u01a1 LiveGood v\u1edbi n\u1ea5m<\/strong><\/p>\n<p><em>Qu\u1ea3 th\u1ef1c, \u0111\u00e2y c\u00f3 th\u1ec3 l\u00e0 c\u00e1i t\u00ean c\u00e0 ph\u00ea d\u00e0i nh\u1ea5t m\u00e0 b\u1ea1n t\u1eebng g\u1eb7p.<\/em><\/p>\n<p>Tuy nhi\u00ean, th\u1ef1c t\u1ebf l\u00e0 v\u1edbi v\u00f4 s\u1ed1 l\u1ee3i \u00edch \u0111\u00e1ng kinh ng\u1ea1c v\u00e0 c\u00e1c th\u00e0nh ph\u1ea7n \u0111\u01b0\u1ee3c l\u1ef1a ch\u1ecdn c\u1ea9n th\u1eadn \u0111\u01b0\u1ee3c \u0111\u01b0a v\u00e0o h\u1ed7n h\u1ee3p n\u00e0y, ch\u00fang t\u00f4i th\u1eadm ch\u00ed c\u00f3 th\u1ec3 \u0111\u01b0a v\u00e0o nhi\u1ec1u thu\u1eadt ng\u1eef h\u01a1n, ch\u1eb3ng h\u1ea1n nh\u01b0 ch\u1ea5t th\u00edch \u1ee9ng, tr\u00e0 xanh, ch\u1ea5t x\u01a1 t\u1ed1t cho s\u1ee9c kh\u1ecfe, maca v\u00e0 t\u1ea5t nhi\u00ean l\u00e0 h\u01b0\u01a1ng v\u1ecb th\u01a1m ngon kh\u00f4ng th\u1ec3 c\u01b0\u1ee1ng l\u1ea1i!<\/p>\n<p>C\u00e0 ph\u00ea LiveGood Organic kh\u00f4ng ch\u1ec9 t\u1eadp h\u1ee3p nh\u1eefng nguy\u00ean li\u1ec7u ch\u1ea5t l\u01b0\u1ee3ng t\u1ed1t nh\u1ea5t c\u00f3 ngu\u1ed3n g\u1ed1c t\u1eeb nh\u1eefng v\u00f9ng t\u01b0\u01a1i t\u1ed1t v\u00e0 tinh khi\u1ebft nh\u1ea5t tr\u00ean to\u00e0n th\u1ebf gi\u1edbi, m\u00e0 c\u00f2n n\u1ed5i b\u1eadt l\u00e0 lo\u1ea1i c\u00e0 ph\u00ea \u0110\u1ea6U TI\u00caN v\u00e0 DUY NH\u1ea4T \u0111\u01b0\u1ee3c l\u00e0m gi\u00e0u v\u1edbi ch\u1ea5t x\u01a1 l\u00e0nh m\u1ea1nh \u0111\u1ec3 ki\u1ec1m ch\u1ebf c\u01a1n \u0111\u00f3i.\u00a0N\u00f3 \u0111\u01b0\u1ee3c b\u00e0o ch\u1ebf t\u1ec9 m\u1ec9 v\u1edbi maca \u0111\u1ec3 h\u1ed7 tr\u1ee3 c\u00e1c ch\u1ee9c n\u0103ng nh\u1eadn th\u1ee9c, t\u0103ng c\u01b0\u1eddng tr\u00ed nh\u1edb v\u00e0 n\u00e2ng cao t\u00e2m tr\u1ea1ng.\u00a0Ngo\u00e0i ra, vi\u1ec7c b\u1ed5 sung tr\u00e0 xanh c\u00f2n th\u00fac \u0111\u1ea9y ho\u1ea1t \u0111\u1ed9ng c\u1ee7a n\u00e3o kh\u1ecfe m\u1ea1nh v\u00e0 t\u1ea1o \u0111i\u1ec1u ki\u1ec7n \u0111\u1ed1t ch\u00e1y ch\u1ea5t b\u00e9o.\u00a0H\u01a1n n\u1eefa, n\u00f3 c\u00f2n c\u00f3 c\u00e1c ch\u1ea5t th\u00edch \u1ee9ng d\u01b0\u1edbi d\u1ea1ng s\u00e1u lo\u1ea1i n\u1ea5m m\u1ea1nh nh\u1ea5t th\u1ebf gi\u1edbi, gi\u00fap gi\u1ea3m c\u0103ng th\u1eb3ng, h\u1ed7 tr\u1ee3 s\u1ee9c kh\u1ecfe t\u1ed5ng th\u1ec3 v\u00e0 khi\u1ebfn b\u1ea1n c\u1ea3m th\u1ea5y tuy\u1ec7t v\u1eddi!\u00a0Kh\u00f4ng c\u00f3 lo\u1ea1i c\u00e0 ph\u00ea n\u00e0o kh\u00e1c tr\u00ean th\u1ecb tr\u01b0\u1eddng mang l\u1ea1i nhi\u1ec1u l\u1ee3i \u00edch nh\u01b0 C\u00e0 ph\u00ea gi\u1ea3m c\u00e2n h\u1eefu c\u01a1 l\u00e0nh m\u1ea1nh v\u1edbi n\u1ea5m c\u1ee7a LiveGood<img decoding=\"async\" class=\"emoji\" role=\"img\" draggable=\"false\" src=\"https:\/\/s.w.org\/images\/core\/emoji\/14.0.0\/svg\/1f60a.svg\" alt=\"????\" \/><\/p>\n<p>Ngay t\u1eeb ng\u1ee5m \u0111\u1ea7u ti\u00ean c\u1ee7a h\u1ed7n h\u1ee3p th\u00fa v\u1ecb c\u1ee7a ch\u00fang t\u00f4i v\u00e0 nh\u1eefng k\u1ebft qu\u1ea3 \u0111\u00e1ng kinh ng\u1ea1c sau \u0111\u00f3, b\u1ea1n c\u00f3 th\u1ec3 kh\u00f3 quay l\u1ea1i v\u1edbi b\u1ea5t k\u1ef3 lo\u1ea1i c\u00e0 ph\u00ea n\u00e0o kh\u00e1c!<\/p>\n<p>\u0110\u1ec3 th\u01b0\u1edfng th\u1ee9c, ch\u1ec9 c\u1ea7n tr\u1ed9n m\u1ed9t mu\u1ed7ng c\u00e0 ph\u00ea h\u00f2a tan th\u01a1m ngon c\u1ee7a ch\u00fang t\u00f4i v\u00e0o m\u1ed9t c\u1ed1c n\u01b0\u1edbc n\u00f3ng v\u00e0 khu\u1ea5y \u0111\u1ec1u.<\/p>\n<p>T\u00e0n \u00e1c mi\u1ec5n ph\u00ed<\/p>\n<p>Kh\u00f4ng ch\u1ee9a gluten<\/p>\n<p>Ch\u1ee9ng nh\u1eadn GMP<\/p>\n<p>Th\u00e2n thi\u1ec7n v\u1edbi Keto<\/p>\n<p>Kh\u00f4ng bi\u1ebfn \u0111\u1ed5i gen<\/p>\n<p>Kh\u00f4ng c\u00f3 h\u1ea1t<\/p>\n<p>H\u1eefu c\u01a1<\/p>\n<p>Kh\u00f4ng c\u00f3 \u0111\u1eadu n\u00e0nh<\/p>\n<p>\u0110\u00e3 \u0111\u01b0\u1ee3c b\u00ean th\u1ee9 ba ki\u1ec3m tra<\/p>\n<p>thu\u1ea7n chay<\/p>\n<p><strong>C\u00c1CH S\u1eec D\u1ee4NG:<\/strong><\/p>\n<p>Pha 1 mu\u1ed7ng v\u00e0o n\u01b0\u1edbc n\u00f3ng ho\u1eb7c l\u1ea1nh.<\/p>\n<p>N\u00ean d\u00f9ng khi n\u00e0o: C\u00e0 ph\u00ea h\u1eefu c\u01a1 t\u1ed1t cho s\u1ee9c kh\u1ecfe c\u1ee7a LiveGood \u0111\u01b0\u1ee3c pha s\u1eb5n, ch\u1ec9 c\u1ea7n pha v\u1edbi n\u01b0\u1edbc n\u00f3ng ho\u1eb7c l\u1ea1nh l\u00e0 c\u00f3 th\u1ec3 th\u01b0\u1edfng th\u1ee9c.\u00a0V\u1edbi kho\u1ea3ng 100mg caffeine, \u0111\u00e2y l\u00e0 lo\u1ea1i \u0111\u1ed3 u\u1ed1ng l\u00fd t\u01b0\u1edfng cho bu\u1ed5i s\u00e1ng.\u00a0Ch\u00fang t\u00f4i khuy\u00ean b\u1ea1n n\u00ean ki\u00eang t\u1ea5t c\u1ea3 c\u00e1c ch\u1ea5t k\u00edch th\u00edch, bao g\u1ed3m c\u1ea3 caffeine, \u00edt nh\u1ea5t 8 gi\u1edd tr\u01b0\u1edbc khi \u0111i ng\u1ee7 \u0111\u1ec3 tr\u00e1nh l\u00e0m gi\u00e1n \u0111o\u1ea1n gi\u1ea5c ng\u1ee7 c\u1ee7a b\u1ea1n.\u00a0\u0110\u01b0\u1ee3c t\u0103ng c\u01b0\u1eddng v\u1edbi n\u1ea5m Adaptogen \u0111\u1ec3 c\u00e2n b\u1eb1ng c\u1ea3m gi\u00e1c b\u1ed3n ch\u1ed3n do caffeine v\u00e0 k\u1ebft h\u1ee3p v\u1edbi maca v\u00e0 tr\u00e0 xanh, lo\u1ea1i c\u00e0 ph\u00ea n\u00e0y ch\u1eafc ch\u1eafn s\u1ebd t\u1ea1o ti\u1ec1n \u0111\u1ec1 cho m\u1ed9t ng\u00e0y th\u00e0nh c\u00f4ng.<\/p>\n","protected":false},"excerpt":{"rendered":"<p><img decoding=\"async\" class=\"emoji\" role=\"img\" draggable=\"false\" src=\"https:\/\/s.w.org\/images\/core\/emoji\/14.0.0\/svg\/1f49a.svg\" alt=\"LiveGooD Love\" \/ > H\u1ed7 tr\u1ee3 t\u00e2m tr\u1ea1ng kh\u1ecfe m\u1ea1nh<br \/>\n<img decoding=\"async\" class=\"emoji\" role=\"img\" draggable=\"false\" src=\"https:\/\/s.w.org\/images\/core\/emoji\/14.0.0\/svg\/1f49a.svg\" alt=\"LiveGooD Love\" \/ > T\u1eadp trung v\u00e0 tinh th\u1ea7n minh m\u1eabn<br \/>\n<img decoding=\"async\" class=\"emoji\" role=\"img\" draggable=\"false\" src=\"https:\/\/s.w.org\/images\/core\/emoji\/14.0.0\/svg\/1f49a.svg\" alt=\"LiveGooD Love\" \/ > Gi\u1ea3m c\u00e2n<br \/>\n<img decoding=\"async\" class=\"emoji\" role=\"img\" draggable=\"false\" src=\"https:\/\/s.w.org\/images\/core\/emoji\/14.0.0\/svg\/1f49a.svg\" alt=\"LiveGooD Love\" \/ > N\u1ea5m ch\u1ee9c n\u0103ng<br \/>\n<img decoding=\"async\" class=\"emoji\" role=\"img\" draggable=\"false\" src=\"https:\/\/s.w.org\/images\/core\/emoji\/14.0.0\/svg\/1f49a.svg\" alt=\"LiveGooD Love\" \/ > H\u01b0\u01a1ng v\u1ecb th\u1eadt tuy\u1ec7t v\u1eddi!<\/p>\n","protected":false},"featured_media":247,"comment_status":"open","ping_status":"closed","template":"","meta":[],"product_brand":[],"product_cat":[167],"product_tag":[],"class_list":{"0":"post-843","1":"product","2":"type-product","3":"status-publish","4":"has-post-thumbnail","6":"product_cat-coffee-tea-vi","8":"first","9":"instock","10":"sale","11":"shipping-taxable","12":"product-type-external"},"yoast_head":"<!-- This site is optimized with the Yoast SEO Premium plugin v20.6 (Yoast SEO v21.8.1) - https:\/\/yoast.com\/wordpress\/plugins\/seo\/ -->\n<title>C\u00e0 ph\u00ea h\u1eefu c\u01a1 - LiveGooD Shop<\/title>\n<meta name=\"robots\" content=\"index, follow, max-snippet:-1, max-image-preview:large, max-video-preview:-1\" \/>\n<link rel=\"canonical\" href=\"https:\/\/livegood.network\/shop\/vi\/product\/organic-coffee-vi\/\" \/>\n<meta property=\"og:locale\" content=\"en_US\" \/>\n<meta property=\"og:type\" content=\"article\" \/>\n<meta property=\"og:title\" content=\"C\u00e0 ph\u00ea h\u1eefu c\u01a1\" \/>\n<meta property=\"og:description\" content=\"H\u1ed7 tr\u1ee3 t\u00e2m tr\u1ea1ng kh\u1ecfe m\u1ea1nh  T\u1eadp trung v\u00e0 tinh th\u1ea7n minh m\u1eabn  Gi\u1ea3m c\u00e2n  N\u1ea5m ch\u1ee9c n\u0103ng  H\u01b0\u01a1ng v\u1ecb th\u1eadt tuy\u1ec7t v\u1eddi!\" \/>\n<meta property=\"og:url\" content=\"https:\/\/livegood.network\/shop\/vi\/product\/organic-coffee-vi\/\" \/>\n<meta property=\"article:publisher\" content=\"https:\/\/www.facebook.com\/livegoodhello\" \/>\n<meta property=\"article:modified_time\" content=\"2026-04-16T11:58:22+00:00\" \/>\n<meta property=\"og:image\" content=\"https:\/\/livegood.network\/shop\/wp-content\/uploads\/2024\/01\/organic-coffee-livegood.png\" \/>\n\t<meta property=\"og:image:width\" content=\"720\" \/>\n\t<meta property=\"og:image:height\" content=\"720\" \/>\n\t<meta property=\"og:image:type\" content=\"image\/png\" \/>\n<meta name=\"twitter:card\" content=\"summary_large_image\" \/>\n<meta name=\"twitter:label1\" content=\"Est. reading time\" \/>\n\t<meta name=\"twitter:data1\" content=\"3 minutes\" \/>\n<script type=\"application\/ld+json\" class=\"yoast-schema-graph\">{\"@context\":\"https:\/\/schema.org\",\"@graph\":[{\"@type\":\"WebPage\",\"@id\":\"https:\/\/livegood.network\/shop\/vi\/product\/organic-coffee-vi\/\",\"url\":\"https:\/\/livegood.network\/shop\/vi\/product\/organic-coffee-vi\/\",\"name\":\"C\u00e0 ph\u00ea h\u1eefu c\u01a1 - LiveGooD Shop\",\"isPartOf\":{\"@id\":\"https:\/\/livegood.network\/shop\/#website\"},\"datePublished\":\"2024-01-24T19:01:52+00:00\",\"dateModified\":\"2026-04-16T11:58:22+00:00\",\"breadcrumb\":{\"@id\":\"https:\/\/livegood.network\/shop\/vi\/product\/organic-coffee-vi\/#breadcrumb\"},\"inLanguage\":\"en-US\",\"potentialAction\":[{\"@type\":\"ReadAction\",\"target\":[\"https:\/\/livegood.network\/shop\/vi\/product\/organic-coffee-vi\/\"]}]},{\"@type\":\"BreadcrumbList\",\"@id\":\"https:\/\/livegood.network\/shop\/vi\/product\/organic-coffee-vi\/#breadcrumb\",\"itemListElement\":[{\"@type\":\"ListItem\",\"position\":1,\"name\":\"Home\",\"item\":\"https:\/\/livegood.network\/shop\/pt-br\/\"},{\"@type\":\"ListItem\",\"position\":2,\"name\":\"Shop\",\"item\":\"https:\/\/livegood.network\/shop\/shop\/\"},{\"@type\":\"ListItem\",\"position\":3,\"name\":\"C\u00e0 ph\u00ea h\u1eefu c\u01a1\"}]},{\"@type\":\"WebSite\",\"@id\":\"https:\/\/livegood.network\/shop\/#website\",\"url\":\"https:\/\/livegood.network\/shop\/\",\"name\":\"LiveGooD Shop\",\"description\":\"\",\"publisher\":{\"@id\":\"https:\/\/livegood.network\/shop\/#organization\"},\"potentialAction\":[{\"@type\":\"SearchAction\",\"target\":{\"@type\":\"EntryPoint\",\"urlTemplate\":\"https:\/\/livegood.network\/shop\/?s={search_term_string}\"},\"query-input\":\"required name=search_term_string\"}],\"inLanguage\":\"en-US\"},{\"@type\":\"Organization\",\"@id\":\"https:\/\/livegood.network\/shop\/#organization\",\"name\":\"LiveGooD\",\"url\":\"https:\/\/livegood.network\/shop\/\",\"logo\":{\"@type\":\"ImageObject\",\"inLanguage\":\"en-US\",\"@id\":\"https:\/\/livegood.network\/shop\/#\/schema\/logo\/image\/\",\"url\":\"https:\/\/livegood.network\/shop\/wp-content\/uploads\/2024\/01\/logo-livegood-shop-main.png\",\"contentUrl\":\"https:\/\/livegood.network\/shop\/wp-content\/uploads\/2024\/01\/logo-livegood-shop-main.png\",\"width\":373,\"height\":115,\"caption\":\"LiveGooD\"},\"image\":{\"@id\":\"https:\/\/livegood.network\/shop\/#\/schema\/logo\/image\/\"},\"sameAs\":[\"https:\/\/www.facebook.com\/livegoodhello\"]}]}<\/script>\n<!-- \/ Yoast SEO Premium plugin. -->","yoast_head_json":{"title":"C\u00e0 ph\u00ea h\u1eefu c\u01a1 - LiveGooD Shop","robots":{"index":"index","follow":"follow","max-snippet":"max-snippet:-1","max-image-preview":"max-image-preview:large","max-video-preview":"max-video-preview:-1"},"canonical":"https:\/\/livegood.network\/shop\/vi\/product\/organic-coffee-vi\/","og_locale":"en_US","og_type":"article","og_title":"C\u00e0 ph\u00ea h\u1eefu c\u01a1","og_description":"H\u1ed7 tr\u1ee3 t\u00e2m tr\u1ea1ng kh\u1ecfe m\u1ea1nh  T\u1eadp trung v\u00e0 tinh th\u1ea7n minh m\u1eabn  Gi\u1ea3m c\u00e2n  N\u1ea5m ch\u1ee9c n\u0103ng  H\u01b0\u01a1ng v\u1ecb th\u1eadt tuy\u1ec7t v\u1eddi!","og_url":"https:\/\/livegood.network\/shop\/vi\/product\/organic-coffee-vi\/","article_publisher":"https:\/\/www.facebook.com\/livegoodhello","article_modified_time":"2026-04-16T11:58:22+00:00","og_image":[{"width":720,"height":720,"url":"https:\/\/livegood.network\/shop\/wp-content\/uploads\/2024\/01\/organic-coffee-livegood.png","type":"image\/png"}],"twitter_card":"summary_large_image","twitter_misc":{"Est. reading time":"3 minutes"},"schema":{"@context":"https:\/\/schema.org","@graph":[{"@type":"WebPage","@id":"https:\/\/livegood.network\/shop\/vi\/product\/organic-coffee-vi\/","url":"https:\/\/livegood.network\/shop\/vi\/product\/organic-coffee-vi\/","name":"C\u00e0 ph\u00ea h\u1eefu c\u01a1 - LiveGooD Shop","isPartOf":{"@id":"https:\/\/livegood.network\/shop\/#website"},"datePublished":"2024-01-24T19:01:52+00:00","dateModified":"2026-04-16T11:58:22+00:00","breadcrumb":{"@id":"https:\/\/livegood.network\/shop\/vi\/product\/organic-coffee-vi\/#breadcrumb"},"inLanguage":"en-US","potentialAction":[{"@type":"ReadAction","target":["https:\/\/livegood.network\/shop\/vi\/product\/organic-coffee-vi\/"]}]},{"@type":"BreadcrumbList","@id":"https:\/\/livegood.network\/shop\/vi\/product\/organic-coffee-vi\/#breadcrumb","itemListElement":[{"@type":"ListItem","position":1,"name":"Home","item":"https:\/\/livegood.network\/shop\/pt-br\/"},{"@type":"ListItem","position":2,"name":"Shop","item":"https:\/\/livegood.network\/shop\/shop\/"},{"@type":"ListItem","position":3,"name":"C\u00e0 ph\u00ea h\u1eefu c\u01a1"}]},{"@type":"WebSite","@id":"https:\/\/livegood.network\/shop\/#website","url":"https:\/\/livegood.network\/shop\/","name":"LiveGooD Shop","description":"","publisher":{"@id":"https:\/\/livegood.network\/shop\/#organization"},"potentialAction":[{"@type":"SearchAction","target":{"@type":"EntryPoint","urlTemplate":"https:\/\/livegood.network\/shop\/?s={search_term_string}"},"query-input":"required name=search_term_string"}],"inLanguage":"en-US"},{"@type":"Organization","@id":"https:\/\/livegood.network\/shop\/#organization","name":"LiveGooD","url":"https:\/\/livegood.network\/shop\/","logo":{"@type":"ImageObject","inLanguage":"en-US","@id":"https:\/\/livegood.network\/shop\/#\/schema\/logo\/image\/","url":"https:\/\/livegood.network\/shop\/wp-content\/uploads\/2024\/01\/logo-livegood-shop-main.png","contentUrl":"https:\/\/livegood.network\/shop\/wp-content\/uploads\/2024\/01\/logo-livegood-shop-main.png","width":373,"height":115,"caption":"LiveGooD"},"image":{"@id":"https:\/\/livegood.network\/shop\/#\/schema\/logo\/image\/"},"sameAs":["https:\/\/www.facebook.com\/livegoodhello"]}]}},"lang":"vi","translations":{"vi":843,"pt-br":854,"pt-pt":842,"en-us":246,"fr-fr":840,"es-es":841,"ru-ru":845,"ko":846},"pll_sync_post":[],"_links":{"self":[{"href":"https:\/\/livegood.network\/shop\/wp-json\/wp\/v2\/product\/843","targetHints":{"allow":["GET"]}}],"collection":[{"href":"https:\/\/livegood.network\/shop\/wp-json\/wp\/v2\/product"}],"about":[{"href":"https:\/\/livegood.network\/shop\/wp-json\/wp\/v2\/types\/product"}],"replies":[{"embeddable":true,"href":"https:\/\/livegood.network\/shop\/wp-json\/wp\/v2\/comments?post=843"}],"version-history":[{"count":2,"href":"https:\/\/livegood.network\/shop\/wp-json\/wp\/v2\/product\/843\/revisions"}],"predecessor-version":[{"id":1686,"href":"https:\/\/livegood.network\/shop\/wp-json\/wp\/v2\/product\/843\/revisions\/1686"}],"wp:featuredmedia":[{"embeddable":true,"href":"https:\/\/livegood.network\/shop\/wp-json\/wp\/v2\/media\/247"}],"wp:attachment":[{"href":"https:\/\/livegood.network\/shop\/wp-json\/wp\/v2\/media?parent=843"}],"wp:term":[{"taxonomy":"product_brand","embeddable":true,"href":"https:\/\/livegood.network\/shop\/wp-json\/wp\/v2\/product_brand?post=843"},{"taxonomy":"product_cat","embeddable":true,"href":"https:\/\/livegood.network\/shop\/wp-json\/wp\/v2\/product_cat?post=843"},{"taxonomy":"product_tag","embeddable":true,"href":"https:\/\/livegood.network\/shop\/wp-json\/wp\/v2\/product_tag?post=843"}],"curies":[{"name":"wp","href":"https:\/\/api.w.org\/{rel}","templated":true}]}}