{"id":854,"date":"2024-01-24T18:51:47","date_gmt":"2024-01-24T18:51:47","guid":{"rendered":"https:\/\/livegood.network\/shop\/?post_type=product&#038;p=854"},"modified":"2025-12-28T12:50:38","modified_gmt":"2025-12-28T12:50:38","slug":"organic-coffee-pt-br","status":"publish","type":"product","link":"https:\/\/livegood.network\/shop\/pt-br\/product\/organic-coffee-pt-br\/","title":{"rendered":"Caf\u00e9 Org\u00e2nico"},"content":{"rendered":"<p><strong>Caf\u00e9 org\u00e2nico para controle de peso da LiveGood com cogumelos<\/strong><\/p>\n<p><em>Na verdade, este pode ser o nome de caf\u00e9 mais longo que voc\u00ea j\u00e1 encontrou.<\/em><\/p>\n<p>No entanto, a realidade \u00e9 que com a multiplicidade de benef\u00edcios incr\u00edveis e ingredientes cuidadosamente escolhidos incorporados nesta mistura, poder\u00edamos ter inclu\u00eddo ainda mais termos, como adapt\u00f3genos, ch\u00e1 verde, fibra saud\u00e1vel, maca e, claro, sabores irresistivelmente deliciosos!<\/p>\n<p>O caf\u00e9 LiveGood Organic n\u00e3o s\u00f3 re\u00fane ingredientes da melhor qualidade provenientes das regi\u00f5es mais puras e exuberantes do mundo, mas tamb\u00e9m se destaca como o PRIMEIRO e \u00daNICO caf\u00e9 enriquecido com fibras saud\u00e1veis \u200b\u200bpara matar a fome.\u00a0\u00c9 meticulosamente formulado com maca para apoiar as fun\u00e7\u00f5es cognitivas, melhorar a mem\u00f3ria e melhorar o humor.\u00a0Al\u00e9m disso, a inclus\u00e3o do ch\u00e1 verde promove uma atividade cerebral saud\u00e1vel e facilita a queima de gordura.\u00a0Al\u00e9m disso, cont\u00e9m adapt\u00f3genos na forma de seis dos cogumelos mais potentes do mundo, oferecendo al\u00edvio do estresse, apoiando o bem-estar geral e deixando voc\u00ea com uma sensa\u00e7\u00e3o fant\u00e1stica!\u00a0Nenhum outro caf\u00e9 no mercado oferece tantas vantagens quanto o Caf\u00e9 Org\u00e2nico Saud\u00e1vel para Controle de Peso com Cogumelos da LiveGood<img decoding=\"async\" class=\"emoji\" role=\"img\" draggable=\"false\" src=\"https:\/\/s.w.org\/images\/core\/emoji\/14.0.0\/svg\/1f60a.svg\" alt=\"????\" \/><\/p>\n<p>Desde o primeiro gole da nossa deliciosa mistura e os resultados incr\u00edveis subsequentes, voc\u00ea pode achar dif\u00edcil voltar a qualquer outro caf\u00e9!<\/p>\n<p>Para saborear, basta misturar uma colher do nosso delicioso caf\u00e9 instant\u00e2neo mo\u00eddo em uma x\u00edcara de \u00e1gua quente e mexer.<\/p>\n<p>Crueldade livre<\/p>\n<p>N\u00e3o cont\u00e9m gluten<\/p>\n<p>Certificado GMP<\/p>\n<p>Amig\u00e1vel ao ceto<\/p>\n<p>N\u00e3o OGM<\/p>\n<p>Sem nozes<\/p>\n<p>Org\u00e2nico<\/p>\n<p>Sem soja<\/p>\n<p>Testado por terceiros<\/p>\n<p>Vegano<\/p>\n<p><strong>COMO USAR:<\/strong><\/p>\n<p>Misture 1 colher em \u00e1gua quente ou fria.<\/p>\n<p>Quando tomar: O Caf\u00e9 Org\u00e2nico Saud\u00e1vel da LiveGood j\u00e1 vem pronto, bastando misturar com \u00e1gua quente ou fria para se deliciar.\u00a0Com aproximadamente 100mg de cafe\u00edna, \u00e9 ideal para uma bebida matinal.\u00a0Recomendamos abster-se de todos os estimulantes, incluindo a cafe\u00edna, pelo menos 8 horas antes de dormir para evitar perturbar o sono.\u00a0Aprimorado com cogumelos adapt\u00f3genos para equilibrar o nervosismo da cafe\u00edna e combinado com maca e ch\u00e1 verde, este caf\u00e9 certamente preparar\u00e1 o cen\u00e1rio para um dia de sucesso.<\/p>\n","protected":false},"excerpt":{"rendered":"<p><img decoding=\"async\" class=\"emoji\" role=\"img\" draggable=\"false\" src=\"https:\/\/s.w.org\/images\/core\/emoji\/14.0.0\/svg\/1f49a.svg\" alt=\"LiveGooD Love\" \/> Apoie um humor saud\u00e1vel<br \/>\n<img decoding=\"async\" class=\"emoji\" role=\"img\" draggable=\"false\" src=\"https:\/\/s.w.org\/images\/core\/emoji\/14.0.0\/svg\/1f49a.svg\" alt=\"LiveGooD Love\" \/> Foco e Clareza Mental<br \/>\n<img decoding=\"async\" class=\"emoji\" role=\"img\" draggable=\"false\" src=\"https:\/\/s.w.org\/images\/core\/emoji\/14.0.0\/svg\/1f49a.svg\" alt=\"LiveGooD Love\" \/> Perda de peso<br \/>\n<img decoding=\"async\" class=\"emoji\" role=\"img\" draggable=\"false\" src=\"https:\/\/s.w.org\/images\/core\/emoji\/14.0.0\/svg\/1f49a.svg\" alt=\"LiveGooD Love\" \/> Cogumelos Funcionais<br \/>\n<img decoding=\"async\" class=\"emoji\" role=\"img\" draggable=\"false\" src=\"https:\/\/s.w.org\/images\/core\/emoji\/14.0.0\/svg\/1f49a.svg\" alt=\"LiveGooD Love\" \/> Tem um sabor incr\u00edvel!<\/p>\n","protected":false},"featured_media":247,"comment_status":"open","ping_status":"closed","template":"","meta":[],"product_brand":[],"product_cat":[170],"product_tag":[],"class_list":{"0":"post-854","1":"product","2":"type-product","3":"status-publish","4":"has-post-thumbnail","6":"product_cat-coffee-tea-pt-br","8":"first","9":"instock","10":"sale","11":"shipping-taxable","12":"product-type-external"},"yoast_head":"<!-- This site is optimized with the Yoast SEO Premium plugin v20.6 (Yoast SEO v21.8.1) - https:\/\/yoast.com\/wordpress\/plugins\/seo\/ -->\n<title>Caf\u00e9 Org\u00e2nico - LiveGooD Shop<\/title>\n<meta name=\"robots\" content=\"index, follow, max-snippet:-1, max-image-preview:large, max-video-preview:-1\" \/>\n<link rel=\"canonical\" href=\"https:\/\/livegood.network\/shop\/pt-br\/product\/organic-coffee-pt-br\/\" \/>\n<meta property=\"og:locale\" content=\"en_US\" \/>\n<meta property=\"og:type\" content=\"article\" \/>\n<meta property=\"og:title\" content=\"Caf\u00e9 Org\u00e2nico\" \/>\n<meta property=\"og:description\" content=\"Apoie um humor saud\u00e1vel  Foco e Clareza Mental  Perda de peso  Cogumelos Funcionais  Tem um sabor incr\u00edvel!\" \/>\n<meta property=\"og:url\" content=\"https:\/\/livegood.network\/shop\/pt-br\/product\/organic-coffee-pt-br\/\" \/>\n<meta property=\"article:publisher\" content=\"https:\/\/www.facebook.com\/livegoodhello\" \/>\n<meta property=\"article:modified_time\" content=\"2025-12-28T12:50:38+00:00\" \/>\n<meta property=\"og:image\" content=\"https:\/\/livegood.network\/shop\/wp-content\/uploads\/2024\/01\/organic-coffee-livegood.png\" \/>\n\t<meta property=\"og:image:width\" content=\"720\" \/>\n\t<meta property=\"og:image:height\" content=\"720\" \/>\n\t<meta property=\"og:image:type\" content=\"image\/png\" \/>\n<meta name=\"twitter:card\" content=\"summary_large_image\" \/>\n<meta name=\"twitter:label1\" content=\"Est. reading time\" \/>\n\t<meta name=\"twitter:data1\" content=\"2 minutes\" \/>\n<script type=\"application\/ld+json\" class=\"yoast-schema-graph\">{\"@context\":\"https:\/\/schema.org\",\"@graph\":[{\"@type\":\"WebPage\",\"@id\":\"https:\/\/livegood.network\/shop\/pt-br\/product\/organic-coffee-pt-br\/\",\"url\":\"https:\/\/livegood.network\/shop\/pt-br\/product\/organic-coffee-pt-br\/\",\"name\":\"Caf\u00e9 Org\u00e2nico - LiveGooD Shop\",\"isPartOf\":{\"@id\":\"https:\/\/livegood.network\/shop\/#website\"},\"datePublished\":\"2024-01-24T18:51:47+00:00\",\"dateModified\":\"2025-12-28T12:50:38+00:00\",\"breadcrumb\":{\"@id\":\"https:\/\/livegood.network\/shop\/pt-br\/product\/organic-coffee-pt-br\/#breadcrumb\"},\"inLanguage\":\"en-US\",\"potentialAction\":[{\"@type\":\"ReadAction\",\"target\":[\"https:\/\/livegood.network\/shop\/pt-br\/product\/organic-coffee-pt-br\/\"]}]},{\"@type\":\"BreadcrumbList\",\"@id\":\"https:\/\/livegood.network\/shop\/pt-br\/product\/organic-coffee-pt-br\/#breadcrumb\",\"itemListElement\":[{\"@type\":\"ListItem\",\"position\":1,\"name\":\"Home\",\"item\":\"https:\/\/livegood.network\/shop\/pt-br\/\"},{\"@type\":\"ListItem\",\"position\":2,\"name\":\"Shop\",\"item\":\"https:\/\/livegood.network\/shop\/shop\/\"},{\"@type\":\"ListItem\",\"position\":3,\"name\":\"Caf\u00e9 Org\u00e2nico\"}]},{\"@type\":\"WebSite\",\"@id\":\"https:\/\/livegood.network\/shop\/#website\",\"url\":\"https:\/\/livegood.network\/shop\/\",\"name\":\"LiveGooD Shop\",\"description\":\"\",\"publisher\":{\"@id\":\"https:\/\/livegood.network\/shop\/#organization\"},\"potentialAction\":[{\"@type\":\"SearchAction\",\"target\":{\"@type\":\"EntryPoint\",\"urlTemplate\":\"https:\/\/livegood.network\/shop\/?s={search_term_string}\"},\"query-input\":\"required name=search_term_string\"}],\"inLanguage\":\"en-US\"},{\"@type\":\"Organization\",\"@id\":\"https:\/\/livegood.network\/shop\/#organization\",\"name\":\"LiveGooD\",\"url\":\"https:\/\/livegood.network\/shop\/\",\"logo\":{\"@type\":\"ImageObject\",\"inLanguage\":\"en-US\",\"@id\":\"https:\/\/livegood.network\/shop\/#\/schema\/logo\/image\/\",\"url\":\"https:\/\/livegood.network\/shop\/wp-content\/uploads\/2024\/01\/logo-livegood-shop-main.png\",\"contentUrl\":\"https:\/\/livegood.network\/shop\/wp-content\/uploads\/2024\/01\/logo-livegood-shop-main.png\",\"width\":373,\"height\":115,\"caption\":\"LiveGooD\"},\"image\":{\"@id\":\"https:\/\/livegood.network\/shop\/#\/schema\/logo\/image\/\"},\"sameAs\":[\"https:\/\/www.facebook.com\/livegoodhello\"]}]}<\/script>\n<!-- \/ Yoast SEO Premium plugin. -->","yoast_head_json":{"title":"Caf\u00e9 Org\u00e2nico - LiveGooD Shop","robots":{"index":"index","follow":"follow","max-snippet":"max-snippet:-1","max-image-preview":"max-image-preview:large","max-video-preview":"max-video-preview:-1"},"canonical":"https:\/\/livegood.network\/shop\/pt-br\/product\/organic-coffee-pt-br\/","og_locale":"en_US","og_type":"article","og_title":"Caf\u00e9 Org\u00e2nico","og_description":"Apoie um humor saud\u00e1vel  Foco e Clareza Mental  Perda de peso  Cogumelos Funcionais  Tem um sabor incr\u00edvel!","og_url":"https:\/\/livegood.network\/shop\/pt-br\/product\/organic-coffee-pt-br\/","article_publisher":"https:\/\/www.facebook.com\/livegoodhello","article_modified_time":"2025-12-28T12:50:38+00:00","og_image":[{"width":720,"height":720,"url":"https:\/\/livegood.network\/shop\/wp-content\/uploads\/2024\/01\/organic-coffee-livegood.png","type":"image\/png"}],"twitter_card":"summary_large_image","twitter_misc":{"Est. reading time":"2 minutes"},"schema":{"@context":"https:\/\/schema.org","@graph":[{"@type":"WebPage","@id":"https:\/\/livegood.network\/shop\/pt-br\/product\/organic-coffee-pt-br\/","url":"https:\/\/livegood.network\/shop\/pt-br\/product\/organic-coffee-pt-br\/","name":"Caf\u00e9 Org\u00e2nico - LiveGooD Shop","isPartOf":{"@id":"https:\/\/livegood.network\/shop\/#website"},"datePublished":"2024-01-24T18:51:47+00:00","dateModified":"2025-12-28T12:50:38+00:00","breadcrumb":{"@id":"https:\/\/livegood.network\/shop\/pt-br\/product\/organic-coffee-pt-br\/#breadcrumb"},"inLanguage":"en-US","potentialAction":[{"@type":"ReadAction","target":["https:\/\/livegood.network\/shop\/pt-br\/product\/organic-coffee-pt-br\/"]}]},{"@type":"BreadcrumbList","@id":"https:\/\/livegood.network\/shop\/pt-br\/product\/organic-coffee-pt-br\/#breadcrumb","itemListElement":[{"@type":"ListItem","position":1,"name":"Home","item":"https:\/\/livegood.network\/shop\/pt-br\/"},{"@type":"ListItem","position":2,"name":"Shop","item":"https:\/\/livegood.network\/shop\/shop\/"},{"@type":"ListItem","position":3,"name":"Caf\u00e9 Org\u00e2nico"}]},{"@type":"WebSite","@id":"https:\/\/livegood.network\/shop\/#website","url":"https:\/\/livegood.network\/shop\/","name":"LiveGooD Shop","description":"","publisher":{"@id":"https:\/\/livegood.network\/shop\/#organization"},"potentialAction":[{"@type":"SearchAction","target":{"@type":"EntryPoint","urlTemplate":"https:\/\/livegood.network\/shop\/?s={search_term_string}"},"query-input":"required name=search_term_string"}],"inLanguage":"en-US"},{"@type":"Organization","@id":"https:\/\/livegood.network\/shop\/#organization","name":"LiveGooD","url":"https:\/\/livegood.network\/shop\/","logo":{"@type":"ImageObject","inLanguage":"en-US","@id":"https:\/\/livegood.network\/shop\/#\/schema\/logo\/image\/","url":"https:\/\/livegood.network\/shop\/wp-content\/uploads\/2024\/01\/logo-livegood-shop-main.png","contentUrl":"https:\/\/livegood.network\/shop\/wp-content\/uploads\/2024\/01\/logo-livegood-shop-main.png","width":373,"height":115,"caption":"LiveGooD"},"image":{"@id":"https:\/\/livegood.network\/shop\/#\/schema\/logo\/image\/"},"sameAs":["https:\/\/www.facebook.com\/livegoodhello"]}]}},"lang":"pt-br","translations":{"pt-br":854,"pt-pt":842,"en-us":246,"fr-fr":840,"es-es":841,"vi":843,"ru-ru":845,"ko":846},"pll_sync_post":[],"_links":{"self":[{"href":"https:\/\/livegood.network\/shop\/wp-json\/wp\/v2\/product\/854","targetHints":{"allow":["GET"]}}],"collection":[{"href":"https:\/\/livegood.network\/shop\/wp-json\/wp\/v2\/product"}],"about":[{"href":"https:\/\/livegood.network\/shop\/wp-json\/wp\/v2\/types\/product"}],"replies":[{"embeddable":true,"href":"https:\/\/livegood.network\/shop\/wp-json\/wp\/v2\/comments?post=854"}],"version-history":[{"count":1,"href":"https:\/\/livegood.network\/shop\/wp-json\/wp\/v2\/product\/854\/revisions"}],"predecessor-version":[{"id":1684,"href":"https:\/\/livegood.network\/shop\/wp-json\/wp\/v2\/product\/854\/revisions\/1684"}],"wp:featuredmedia":[{"embeddable":true,"href":"https:\/\/livegood.network\/shop\/wp-json\/wp\/v2\/media\/247"}],"wp:attachment":[{"href":"https:\/\/livegood.network\/shop\/wp-json\/wp\/v2\/media?parent=854"}],"wp:term":[{"taxonomy":"product_brand","embeddable":true,"href":"https:\/\/livegood.network\/shop\/wp-json\/wp\/v2\/product_brand?post=854"},{"taxonomy":"product_cat","embeddable":true,"href":"https:\/\/livegood.network\/shop\/wp-json\/wp\/v2\/product_cat?post=854"},{"taxonomy":"product_tag","embeddable":true,"href":"https:\/\/livegood.network\/shop\/wp-json\/wp\/v2\/product_tag?post=854"}],"curies":[{"name":"wp","href":"https:\/\/api.w.org\/{rel}","templated":true}]}}