{"id":856,"date":"2024-01-24T19:11:50","date_gmt":"2024-01-24T19:11:50","guid":{"rendered":"https:\/\/livegood.network\/shop\/?post_type=product&#038;p=856"},"modified":"2024-02-02T18:41:15","modified_gmt":"2024-02-02T18:41:15","slug":"organic-super-greens-fr-fr","status":"publish","type":"product","link":"https:\/\/livegood.network\/shop\/fr-fr\/product\/organic-super-greens-fr-fr\/","title":{"rendered":"Organique Super Greens"},"content":{"rendered":"<p><strong>Les Organique Super Greens de LiveGood :\u00a0<\/strong><em>votre filet de s\u00e9curit\u00e9 sanitaire\u00a0!<\/em><\/p>\n<p>Consommer des fruits et l\u00e9gumes biologiques, fra\u00eechement r\u00e9colt\u00e9s et propres maintient une tension art\u00e9rielle normale, assure le bon fonctionnement de notre intestin et fournit \u00e0 notre cerveau les nutriments essentiels pour les t\u00e2ches cruciales.\u00a0L\u2019absence de ces \u00e9l\u00e9ments peut entra\u00eener divers probl\u00e8mes de sant\u00e9, notamment une indigestion, un syst\u00e8me immunitaire affaibli, un faible niveau d\u2019\u00e9nergie, une d\u00e9pression et m\u00eame une prise de poids.<\/p>\n<p>LiveGood Organic Super Greens agit comme une protection pour votre sant\u00e9, comblant les carences nutritionnelles laiss\u00e9es par notre alimentation.<\/p>\n<p>\u00c9tant donn\u00e9 que notre corps est en fonctionnement constant, il est imp\u00e9ratif de le nourrir avec les aliments les plus riches en nutriments disponibles.\u00a0LiveGood Super Greens est parfaitement adapt\u00e9 \u00e0 cette t\u00e2che.<\/p>\n<p>Am\u00e9liorez la digestion, renforcez l&#8217;immunit\u00e9, augmentez l&#8217;\u00e9nergie et d\u00e9couvrez une vitalit\u00e9 accrue avec une seule d\u00e9licieuse cuill\u00e8re chaque jour\u00a0!<\/p>\n<p>Sans caf\u00e9ine, sans cruaut\u00e9, sans gluten, certifi\u00e9 GMP, respectueux du c\u00e9to, sans OGM, sans noix, biologique, sans soja, test\u00e9 par un tiers, v\u00e9g\u00e9talien.<\/p>\n<p><strong>COMMENT UTILISER:<\/strong><\/p>\n<p>M\u00e9langez 1 mesure dans de l&#8217;eau ou un smoothie AU MOINS une fois par jour.<\/p>\n<p>Quand le prendre : L\u2019aspect crucial est d\u2019incorporer quotidiennement vos l\u00e9gumes verts.\u00a0Bien que nous pr\u00e9f\u00e9rions m\u00e9langer nos Super Greens biologiques avec un smoothie prot\u00e9in\u00e9, ils ont \u00e9galement un go\u00fbt rafra\u00eechissant dans de l&#8217;eau sur de la glace.\u00a0Pensez \u00e0 remplacer les super greens biologiques par des boissons moins saines comme les sodas ou les jus.<\/p>\n<p>Conseil de pro\u00a0: le contenu peut se d\u00e9poser s&#8217;il n&#8217;est pas d\u00e9rang\u00e9.\u00a0Continuez \u00e0 m\u00e9langer tout en consommant.<\/p>\n","protected":false},"excerpt":{"rendered":"<p><img decoding=\"async\" class=\"emoji\" role=\"img\" draggable=\"false\" src=\"https:\/\/s.w.org\/images\/core\/emoji\/14.0.0\/svg\/1f49a.svg\" alt=\"LiveGooD Love\" \/> Protection immunitaire<br \/>\n<img decoding=\"async\" class=\"emoji\" role=\"img\" draggable=\"false\" src=\"https:\/\/s.w.org\/images\/core\/emoji\/14.0.0\/svg\/1f49a.svg\" alt=\"LiveGooD Love\" \/> Aide au stress<br \/>\n<img decoding=\"async\" class=\"emoji\" role=\"img\" draggable=\"false\" src=\"https:\/\/s.w.org\/images\/core\/emoji\/14.0.0\/svg\/1f49a.svg\" alt=\"LiveGooD Love\" \/> Sant\u00e9 Digestive<br \/>\n<img decoding=\"async\" class=\"emoji\" role=\"img\" draggable=\"false\" src=\"https:\/\/s.w.org\/images\/core\/emoji\/14.0.0\/svg\/1f49a.svg\" alt=\"LiveGooD Love\" \/> Accompagnement D\u00e9tox<\/p>\n","protected":false},"featured_media":197,"comment_status":"open","ping_status":"closed","template":"","meta":[],"product_brand":[],"product_cat":[215],"product_tag":[],"class_list":{"0":"post-856","1":"product","2":"type-product","3":"status-publish","4":"has-post-thumbnail","6":"product_cat-supplements-fr-fr","8":"first","9":"instock","10":"sale","11":"shipping-taxable","12":"product-type-external"},"yoast_head":"<!-- This site is optimized with the Yoast SEO Premium plugin v20.6 (Yoast SEO v21.8.1) - https:\/\/yoast.com\/wordpress\/plugins\/seo\/ -->\n<title>Organique Super Greens - LiveGooD Shop<\/title>\n<meta name=\"robots\" content=\"index, follow, max-snippet:-1, max-image-preview:large, max-video-preview:-1\" \/>\n<link rel=\"canonical\" href=\"https:\/\/livegood.network\/shop\/fr-fr\/product\/organic-super-greens-fr-fr\/\" \/>\n<meta property=\"og:locale\" content=\"en_US\" \/>\n<meta property=\"og:type\" content=\"article\" \/>\n<meta property=\"og:title\" content=\"Organique Super Greens\" \/>\n<meta property=\"og:description\" content=\"Protection immunitaire  Aide au stress  Sant\u00e9 Digestive  Accompagnement D\u00e9tox\" \/>\n<meta property=\"og:url\" content=\"https:\/\/livegood.network\/shop\/fr-fr\/product\/organic-super-greens-fr-fr\/\" \/>\n<meta property=\"article:publisher\" content=\"https:\/\/www.facebook.com\/livegoodhello\" \/>\n<meta property=\"article:modified_time\" content=\"2024-02-02T18:41:15+00:00\" \/>\n<meta property=\"og:image\" content=\"https:\/\/livegood.network\/shop\/wp-content\/uploads\/2024\/01\/super-greens-dietary-supplement-livegood.png\" \/>\n\t<meta property=\"og:image:width\" content=\"720\" \/>\n\t<meta property=\"og:image:height\" content=\"720\" \/>\n\t<meta property=\"og:image:type\" content=\"image\/png\" \/>\n<meta name=\"twitter:card\" content=\"summary_large_image\" \/>\n<meta name=\"twitter:label1\" content=\"Est. reading time\" \/>\n\t<meta name=\"twitter:data1\" content=\"2 minutes\" \/>\n<script type=\"application\/ld+json\" class=\"yoast-schema-graph\">{\"@context\":\"https:\/\/schema.org\",\"@graph\":[{\"@type\":\"WebPage\",\"@id\":\"https:\/\/livegood.network\/shop\/fr-fr\/product\/organic-super-greens-fr-fr\/\",\"url\":\"https:\/\/livegood.network\/shop\/fr-fr\/product\/organic-super-greens-fr-fr\/\",\"name\":\"Organique Super Greens - LiveGooD Shop\",\"isPartOf\":{\"@id\":\"https:\/\/livegood.network\/shop\/#website\"},\"datePublished\":\"2024-01-24T19:11:50+00:00\",\"dateModified\":\"2024-02-02T18:41:15+00:00\",\"breadcrumb\":{\"@id\":\"https:\/\/livegood.network\/shop\/fr-fr\/product\/organic-super-greens-fr-fr\/#breadcrumb\"},\"inLanguage\":\"en-US\",\"potentialAction\":[{\"@type\":\"ReadAction\",\"target\":[\"https:\/\/livegood.network\/shop\/fr-fr\/product\/organic-super-greens-fr-fr\/\"]}]},{\"@type\":\"BreadcrumbList\",\"@id\":\"https:\/\/livegood.network\/shop\/fr-fr\/product\/organic-super-greens-fr-fr\/#breadcrumb\",\"itemListElement\":[{\"@type\":\"ListItem\",\"position\":1,\"name\":\"Home\",\"item\":\"https:\/\/livegood.network\/shop\/pt-br\/\"},{\"@type\":\"ListItem\",\"position\":2,\"name\":\"Shop\",\"item\":\"https:\/\/livegood.network\/shop\/shop\/\"},{\"@type\":\"ListItem\",\"position\":3,\"name\":\"Organique Super Greens\"}]},{\"@type\":\"WebSite\",\"@id\":\"https:\/\/livegood.network\/shop\/#website\",\"url\":\"https:\/\/livegood.network\/shop\/\",\"name\":\"LiveGooD Shop\",\"description\":\"\",\"publisher\":{\"@id\":\"https:\/\/livegood.network\/shop\/#organization\"},\"potentialAction\":[{\"@type\":\"SearchAction\",\"target\":{\"@type\":\"EntryPoint\",\"urlTemplate\":\"https:\/\/livegood.network\/shop\/?s={search_term_string}\"},\"query-input\":\"required name=search_term_string\"}],\"inLanguage\":\"en-US\"},{\"@type\":\"Organization\",\"@id\":\"https:\/\/livegood.network\/shop\/#organization\",\"name\":\"LiveGooD\",\"url\":\"https:\/\/livegood.network\/shop\/\",\"logo\":{\"@type\":\"ImageObject\",\"inLanguage\":\"en-US\",\"@id\":\"https:\/\/livegood.network\/shop\/#\/schema\/logo\/image\/\",\"url\":\"https:\/\/livegood.network\/shop\/wp-content\/uploads\/2024\/01\/logo-livegood-shop-main.png\",\"contentUrl\":\"https:\/\/livegood.network\/shop\/wp-content\/uploads\/2024\/01\/logo-livegood-shop-main.png\",\"width\":373,\"height\":115,\"caption\":\"LiveGooD\"},\"image\":{\"@id\":\"https:\/\/livegood.network\/shop\/#\/schema\/logo\/image\/\"},\"sameAs\":[\"https:\/\/www.facebook.com\/livegoodhello\"]}]}<\/script>\n<!-- \/ Yoast SEO Premium plugin. -->","yoast_head_json":{"title":"Organique Super Greens - LiveGooD Shop","robots":{"index":"index","follow":"follow","max-snippet":"max-snippet:-1","max-image-preview":"max-image-preview:large","max-video-preview":"max-video-preview:-1"},"canonical":"https:\/\/livegood.network\/shop\/fr-fr\/product\/organic-super-greens-fr-fr\/","og_locale":"en_US","og_type":"article","og_title":"Organique Super Greens","og_description":"Protection immunitaire  Aide au stress  Sant\u00e9 Digestive  Accompagnement D\u00e9tox","og_url":"https:\/\/livegood.network\/shop\/fr-fr\/product\/organic-super-greens-fr-fr\/","article_publisher":"https:\/\/www.facebook.com\/livegoodhello","article_modified_time":"2024-02-02T18:41:15+00:00","og_image":[{"width":720,"height":720,"url":"https:\/\/livegood.network\/shop\/wp-content\/uploads\/2024\/01\/super-greens-dietary-supplement-livegood.png","type":"image\/png"}],"twitter_card":"summary_large_image","twitter_misc":{"Est. reading time":"2 minutes"},"schema":{"@context":"https:\/\/schema.org","@graph":[{"@type":"WebPage","@id":"https:\/\/livegood.network\/shop\/fr-fr\/product\/organic-super-greens-fr-fr\/","url":"https:\/\/livegood.network\/shop\/fr-fr\/product\/organic-super-greens-fr-fr\/","name":"Organique Super Greens - LiveGooD Shop","isPartOf":{"@id":"https:\/\/livegood.network\/shop\/#website"},"datePublished":"2024-01-24T19:11:50+00:00","dateModified":"2024-02-02T18:41:15+00:00","breadcrumb":{"@id":"https:\/\/livegood.network\/shop\/fr-fr\/product\/organic-super-greens-fr-fr\/#breadcrumb"},"inLanguage":"en-US","potentialAction":[{"@type":"ReadAction","target":["https:\/\/livegood.network\/shop\/fr-fr\/product\/organic-super-greens-fr-fr\/"]}]},{"@type":"BreadcrumbList","@id":"https:\/\/livegood.network\/shop\/fr-fr\/product\/organic-super-greens-fr-fr\/#breadcrumb","itemListElement":[{"@type":"ListItem","position":1,"name":"Home","item":"https:\/\/livegood.network\/shop\/pt-br\/"},{"@type":"ListItem","position":2,"name":"Shop","item":"https:\/\/livegood.network\/shop\/shop\/"},{"@type":"ListItem","position":3,"name":"Organique Super Greens"}]},{"@type":"WebSite","@id":"https:\/\/livegood.network\/shop\/#website","url":"https:\/\/livegood.network\/shop\/","name":"LiveGooD Shop","description":"","publisher":{"@id":"https:\/\/livegood.network\/shop\/#organization"},"potentialAction":[{"@type":"SearchAction","target":{"@type":"EntryPoint","urlTemplate":"https:\/\/livegood.network\/shop\/?s={search_term_string}"},"query-input":"required name=search_term_string"}],"inLanguage":"en-US"},{"@type":"Organization","@id":"https:\/\/livegood.network\/shop\/#organization","name":"LiveGooD","url":"https:\/\/livegood.network\/shop\/","logo":{"@type":"ImageObject","inLanguage":"en-US","@id":"https:\/\/livegood.network\/shop\/#\/schema\/logo\/image\/","url":"https:\/\/livegood.network\/shop\/wp-content\/uploads\/2024\/01\/logo-livegood-shop-main.png","contentUrl":"https:\/\/livegood.network\/shop\/wp-content\/uploads\/2024\/01\/logo-livegood-shop-main.png","width":373,"height":115,"caption":"LiveGooD"},"image":{"@id":"https:\/\/livegood.network\/shop\/#\/schema\/logo\/image\/"},"sameAs":["https:\/\/www.facebook.com\/livegoodhello"]}]}},"lang":"fr-fr","translations":{"fr-fr":856,"pt-br":868,"pt-pt":858,"en-us":196,"es-es":857,"vi":859,"ru-ru":860,"ko":861},"pll_sync_post":[],"_links":{"self":[{"href":"https:\/\/livegood.network\/shop\/wp-json\/wp\/v2\/product\/856","targetHints":{"allow":["GET"]}}],"collection":[{"href":"https:\/\/livegood.network\/shop\/wp-json\/wp\/v2\/product"}],"about":[{"href":"https:\/\/livegood.network\/shop\/wp-json\/wp\/v2\/types\/product"}],"replies":[{"embeddable":true,"href":"https:\/\/livegood.network\/shop\/wp-json\/wp\/v2\/comments?post=856"}],"version-history":[{"count":1,"href":"https:\/\/livegood.network\/shop\/wp-json\/wp\/v2\/product\/856\/revisions"}],"predecessor-version":[{"id":1647,"href":"https:\/\/livegood.network\/shop\/wp-json\/wp\/v2\/product\/856\/revisions\/1647"}],"wp:featuredmedia":[{"embeddable":true,"href":"https:\/\/livegood.network\/shop\/wp-json\/wp\/v2\/media\/197"}],"wp:attachment":[{"href":"https:\/\/livegood.network\/shop\/wp-json\/wp\/v2\/media?parent=856"}],"wp:term":[{"taxonomy":"product_brand","embeddable":true,"href":"https:\/\/livegood.network\/shop\/wp-json\/wp\/v2\/product_brand?post=856"},{"taxonomy":"product_cat","embeddable":true,"href":"https:\/\/livegood.network\/shop\/wp-json\/wp\/v2\/product_cat?post=856"},{"taxonomy":"product_tag","embeddable":true,"href":"https:\/\/livegood.network\/shop\/wp-json\/wp\/v2\/product_tag?post=856"}],"curies":[{"name":"wp","href":"https:\/\/api.w.org\/{rel}","templated":true}]}}