{"id":857,"date":"2024-01-24T19:13:45","date_gmt":"2024-01-24T19:13:45","guid":{"rendered":"https:\/\/livegood.network\/shop\/?post_type=product&#038;p=857"},"modified":"2024-02-02T18:41:00","modified_gmt":"2024-02-02T18:41:00","slug":"organic-super-greens-es-es","status":"publish","type":"product","link":"https:\/\/livegood.network\/shop\/es-es\/product\/organic-super-greens-es-es\/","title":{"rendered":"Super Greens Org\u00e1nico"},"content":{"rendered":"<p><strong>Super Greens Org\u00e1nico de LiveGood: <\/strong><em>\u00a1su red de seguridad para la salud!<\/em><\/p>\n<p>El consumo de frutas y verduras org\u00e1nicas, reci\u00e9n cosechadas y limpias mantiene la presi\u00f3n arterial normal, garantiza el funcionamiento adecuado de nuestro intestino y proporciona a nuestro cerebro nutrientes esenciales para tareas cruciales.\u00a0La ausencia de estos elementos puede provocar diversos problemas de salud, como indigesti\u00f3n, sistema inmunol\u00f3gico debilitado, bajos niveles de energ\u00eda, depresi\u00f3n e incluso aumento de peso.<\/p>\n<p>LiveGood Organic Super Greens act\u00faa como salvaguarda de su salud, cerrando las brechas de nutrientes que deja nuestra dieta.<\/p>\n<p>Teniendo en cuenta que nuestros cuerpos est\u00e1n en constante funcionamiento, es imperativo nutrirlos con los alimentos m\u00e1s ricos en nutrientes disponibles.\u00a0LiveGood Super Greens es ideal para esta tarea.<\/p>\n<p>\u00a1Mejore la digesti\u00f3n, fortalezca la inmunidad, aumente la energ\u00eda y experimente una mayor vitalidad con solo una deliciosa cucharada al d\u00eda!<\/p>\n<p>Sin cafe\u00edna, sin crueldad animal, sin gluten, certificado GMP, apto para dietas cetog\u00e9nicas, sin OGM, sin nueces, org\u00e1nico, sin soja, probado por terceros, vegano.<\/p>\n<p><strong>C\u00d3MO UTILIZAR:<\/strong><\/p>\n<p>Licue 1 cucharada en agua o un batido AL MENOS una vez al d\u00eda.<\/p>\n<p>Cu\u00e1ndo tomarlo: Lo m\u00e1s importante es incorporar las verduras a diario.\u00a0Si bien preferimos mezclar nuestros Super Greens org\u00e1nicos con un batido de prote\u00ednas, tambi\u00e9n tiene un sabor refrescante en agua con hielo.\u00a0Considere sustituir Organic Super Greens por opciones de bebidas menos saludables como refrescos o jugos.<\/p>\n<p>Consejo profesional: el contenido puede asentarse si no se toca.\u00a0Contin\u00fae mezclando mientras consume.<\/p>\n","protected":false},"excerpt":{"rendered":"<p><img decoding=\"async\" class=\"emoji\" role=\"img\" draggable=\"false\" src=\"https:\/\/s.w.org\/images\/core\/emoji\/14.0.0\/svg\/1f49a.svg\" alt=\"LiveGooD Love\" \/> Protecci\u00f3n Inmunol\u00f3gica<br \/>\n<img decoding=\"async\" class=\"emoji\" role=\"img\" draggable=\"false\" src=\"https:\/\/s.w.org\/images\/core\/emoji\/14.0.0\/svg\/1f49a.svg\" alt=\"LiveGooD Love\" \/> Apoyo al estr\u00e9s<br \/>\n<img decoding=\"async\" class=\"emoji\" role=\"img\" draggable=\"false\" src=\"https:\/\/s.w.org\/images\/core\/emoji\/14.0.0\/svg\/1f49a.svg\" alt=\"LiveGooD Love\" \/> Salud Digestiva<br \/>\n<img decoding=\"async\" class=\"emoji\" role=\"img\" draggable=\"false\" src=\"https:\/\/s.w.org\/images\/core\/emoji\/14.0.0\/svg\/1f49a.svg\" alt=\"LiveGooD Love\" \/> Apoyo de desintoxicaci\u00f3n<\/p>\n","protected":false},"featured_media":197,"comment_status":"open","ping_status":"closed","template":"","meta":[],"product_brand":[],"product_cat":[212],"product_tag":[],"class_list":{"0":"post-857","1":"product","2":"type-product","3":"status-publish","4":"has-post-thumbnail","6":"product_cat-supplements-es-es","8":"first","9":"instock","10":"sale","11":"shipping-taxable","12":"product-type-external"},"yoast_head":"<!-- This site is optimized with the Yoast SEO Premium plugin v20.6 (Yoast SEO v21.8.1) - https:\/\/yoast.com\/wordpress\/plugins\/seo\/ -->\n<title>Super Greens Org\u00e1nico - LiveGooD Shop<\/title>\n<meta name=\"robots\" content=\"index, follow, max-snippet:-1, max-image-preview:large, max-video-preview:-1\" \/>\n<link rel=\"canonical\" href=\"https:\/\/livegood.network\/shop\/es-es\/product\/organic-super-greens-es-es\/\" \/>\n<meta property=\"og:locale\" content=\"en_US\" \/>\n<meta property=\"og:type\" content=\"article\" \/>\n<meta property=\"og:title\" content=\"Super Greens Org\u00e1nico\" \/>\n<meta property=\"og:description\" content=\"Protecci\u00f3n Inmunol\u00f3gica  Apoyo al estr\u00e9s  Salud Digestiva  Apoyo de desintoxicaci\u00f3n\" \/>\n<meta property=\"og:url\" content=\"https:\/\/livegood.network\/shop\/es-es\/product\/organic-super-greens-es-es\/\" \/>\n<meta property=\"article:publisher\" content=\"https:\/\/www.facebook.com\/livegoodhello\" \/>\n<meta property=\"article:modified_time\" content=\"2024-02-02T18:41:00+00:00\" \/>\n<meta property=\"og:image\" content=\"https:\/\/livegood.network\/shop\/wp-content\/uploads\/2024\/01\/super-greens-dietary-supplement-livegood.png\" \/>\n\t<meta property=\"og:image:width\" content=\"720\" \/>\n\t<meta property=\"og:image:height\" content=\"720\" \/>\n\t<meta property=\"og:image:type\" content=\"image\/png\" \/>\n<meta name=\"twitter:card\" content=\"summary_large_image\" \/>\n<meta name=\"twitter:label1\" content=\"Est. reading time\" \/>\n\t<meta name=\"twitter:data1\" content=\"2 minutes\" \/>\n<script type=\"application\/ld+json\" class=\"yoast-schema-graph\">{\"@context\":\"https:\/\/schema.org\",\"@graph\":[{\"@type\":\"WebPage\",\"@id\":\"https:\/\/livegood.network\/shop\/es-es\/product\/organic-super-greens-es-es\/\",\"url\":\"https:\/\/livegood.network\/shop\/es-es\/product\/organic-super-greens-es-es\/\",\"name\":\"Super Greens Org\u00e1nico - LiveGooD Shop\",\"isPartOf\":{\"@id\":\"https:\/\/livegood.network\/shop\/#website\"},\"datePublished\":\"2024-01-24T19:13:45+00:00\",\"dateModified\":\"2024-02-02T18:41:00+00:00\",\"breadcrumb\":{\"@id\":\"https:\/\/livegood.network\/shop\/es-es\/product\/organic-super-greens-es-es\/#breadcrumb\"},\"inLanguage\":\"en-US\",\"potentialAction\":[{\"@type\":\"ReadAction\",\"target\":[\"https:\/\/livegood.network\/shop\/es-es\/product\/organic-super-greens-es-es\/\"]}]},{\"@type\":\"BreadcrumbList\",\"@id\":\"https:\/\/livegood.network\/shop\/es-es\/product\/organic-super-greens-es-es\/#breadcrumb\",\"itemListElement\":[{\"@type\":\"ListItem\",\"position\":1,\"name\":\"Home\",\"item\":\"https:\/\/livegood.network\/shop\/pt-br\/\"},{\"@type\":\"ListItem\",\"position\":2,\"name\":\"Shop\",\"item\":\"https:\/\/livegood.network\/shop\/shop\/\"},{\"@type\":\"ListItem\",\"position\":3,\"name\":\"Super Greens Org\u00e1nico\"}]},{\"@type\":\"WebSite\",\"@id\":\"https:\/\/livegood.network\/shop\/#website\",\"url\":\"https:\/\/livegood.network\/shop\/\",\"name\":\"LiveGooD Shop\",\"description\":\"\",\"publisher\":{\"@id\":\"https:\/\/livegood.network\/shop\/#organization\"},\"potentialAction\":[{\"@type\":\"SearchAction\",\"target\":{\"@type\":\"EntryPoint\",\"urlTemplate\":\"https:\/\/livegood.network\/shop\/?s={search_term_string}\"},\"query-input\":\"required name=search_term_string\"}],\"inLanguage\":\"en-US\"},{\"@type\":\"Organization\",\"@id\":\"https:\/\/livegood.network\/shop\/#organization\",\"name\":\"LiveGooD\",\"url\":\"https:\/\/livegood.network\/shop\/\",\"logo\":{\"@type\":\"ImageObject\",\"inLanguage\":\"en-US\",\"@id\":\"https:\/\/livegood.network\/shop\/#\/schema\/logo\/image\/\",\"url\":\"https:\/\/livegood.network\/shop\/wp-content\/uploads\/2024\/01\/logo-livegood-shop-main.png\",\"contentUrl\":\"https:\/\/livegood.network\/shop\/wp-content\/uploads\/2024\/01\/logo-livegood-shop-main.png\",\"width\":373,\"height\":115,\"caption\":\"LiveGooD\"},\"image\":{\"@id\":\"https:\/\/livegood.network\/shop\/#\/schema\/logo\/image\/\"},\"sameAs\":[\"https:\/\/www.facebook.com\/livegoodhello\"]}]}<\/script>\n<!-- \/ Yoast SEO Premium plugin. -->","yoast_head_json":{"title":"Super Greens Org\u00e1nico - LiveGooD Shop","robots":{"index":"index","follow":"follow","max-snippet":"max-snippet:-1","max-image-preview":"max-image-preview:large","max-video-preview":"max-video-preview:-1"},"canonical":"https:\/\/livegood.network\/shop\/es-es\/product\/organic-super-greens-es-es\/","og_locale":"en_US","og_type":"article","og_title":"Super Greens Org\u00e1nico","og_description":"Protecci\u00f3n Inmunol\u00f3gica  Apoyo al estr\u00e9s  Salud Digestiva  Apoyo de desintoxicaci\u00f3n","og_url":"https:\/\/livegood.network\/shop\/es-es\/product\/organic-super-greens-es-es\/","article_publisher":"https:\/\/www.facebook.com\/livegoodhello","article_modified_time":"2024-02-02T18:41:00+00:00","og_image":[{"width":720,"height":720,"url":"https:\/\/livegood.network\/shop\/wp-content\/uploads\/2024\/01\/super-greens-dietary-supplement-livegood.png","type":"image\/png"}],"twitter_card":"summary_large_image","twitter_misc":{"Est. reading time":"2 minutes"},"schema":{"@context":"https:\/\/schema.org","@graph":[{"@type":"WebPage","@id":"https:\/\/livegood.network\/shop\/es-es\/product\/organic-super-greens-es-es\/","url":"https:\/\/livegood.network\/shop\/es-es\/product\/organic-super-greens-es-es\/","name":"Super Greens Org\u00e1nico - LiveGooD Shop","isPartOf":{"@id":"https:\/\/livegood.network\/shop\/#website"},"datePublished":"2024-01-24T19:13:45+00:00","dateModified":"2024-02-02T18:41:00+00:00","breadcrumb":{"@id":"https:\/\/livegood.network\/shop\/es-es\/product\/organic-super-greens-es-es\/#breadcrumb"},"inLanguage":"en-US","potentialAction":[{"@type":"ReadAction","target":["https:\/\/livegood.network\/shop\/es-es\/product\/organic-super-greens-es-es\/"]}]},{"@type":"BreadcrumbList","@id":"https:\/\/livegood.network\/shop\/es-es\/product\/organic-super-greens-es-es\/#breadcrumb","itemListElement":[{"@type":"ListItem","position":1,"name":"Home","item":"https:\/\/livegood.network\/shop\/pt-br\/"},{"@type":"ListItem","position":2,"name":"Shop","item":"https:\/\/livegood.network\/shop\/shop\/"},{"@type":"ListItem","position":3,"name":"Super Greens Org\u00e1nico"}]},{"@type":"WebSite","@id":"https:\/\/livegood.network\/shop\/#website","url":"https:\/\/livegood.network\/shop\/","name":"LiveGooD Shop","description":"","publisher":{"@id":"https:\/\/livegood.network\/shop\/#organization"},"potentialAction":[{"@type":"SearchAction","target":{"@type":"EntryPoint","urlTemplate":"https:\/\/livegood.network\/shop\/?s={search_term_string}"},"query-input":"required name=search_term_string"}],"inLanguage":"en-US"},{"@type":"Organization","@id":"https:\/\/livegood.network\/shop\/#organization","name":"LiveGooD","url":"https:\/\/livegood.network\/shop\/","logo":{"@type":"ImageObject","inLanguage":"en-US","@id":"https:\/\/livegood.network\/shop\/#\/schema\/logo\/image\/","url":"https:\/\/livegood.network\/shop\/wp-content\/uploads\/2024\/01\/logo-livegood-shop-main.png","contentUrl":"https:\/\/livegood.network\/shop\/wp-content\/uploads\/2024\/01\/logo-livegood-shop-main.png","width":373,"height":115,"caption":"LiveGooD"},"image":{"@id":"https:\/\/livegood.network\/shop\/#\/schema\/logo\/image\/"},"sameAs":["https:\/\/www.facebook.com\/livegoodhello"]}]}},"lang":"es-es","translations":{"es-es":857,"pt-br":868,"pt-pt":858,"en-us":196,"fr-fr":856,"vi":859,"ru-ru":860,"ko":861},"pll_sync_post":[],"_links":{"self":[{"href":"https:\/\/livegood.network\/shop\/wp-json\/wp\/v2\/product\/857","targetHints":{"allow":["GET"]}}],"collection":[{"href":"https:\/\/livegood.network\/shop\/wp-json\/wp\/v2\/product"}],"about":[{"href":"https:\/\/livegood.network\/shop\/wp-json\/wp\/v2\/types\/product"}],"replies":[{"embeddable":true,"href":"https:\/\/livegood.network\/shop\/wp-json\/wp\/v2\/comments?post=857"}],"version-history":[{"count":1,"href":"https:\/\/livegood.network\/shop\/wp-json\/wp\/v2\/product\/857\/revisions"}],"predecessor-version":[{"id":1646,"href":"https:\/\/livegood.network\/shop\/wp-json\/wp\/v2\/product\/857\/revisions\/1646"}],"wp:featuredmedia":[{"embeddable":true,"href":"https:\/\/livegood.network\/shop\/wp-json\/wp\/v2\/media\/197"}],"wp:attachment":[{"href":"https:\/\/livegood.network\/shop\/wp-json\/wp\/v2\/media?parent=857"}],"wp:term":[{"taxonomy":"product_brand","embeddable":true,"href":"https:\/\/livegood.network\/shop\/wp-json\/wp\/v2\/product_brand?post=857"},{"taxonomy":"product_cat","embeddable":true,"href":"https:\/\/livegood.network\/shop\/wp-json\/wp\/v2\/product_cat?post=857"},{"taxonomy":"product_tag","embeddable":true,"href":"https:\/\/livegood.network\/shop\/wp-json\/wp\/v2\/product_tag?post=857"}],"curies":[{"name":"wp","href":"https:\/\/api.w.org\/{rel}","templated":true}]}}