{"id":858,"date":"2024-01-24T19:18:43","date_gmt":"2024-01-24T19:18:43","guid":{"rendered":"https:\/\/livegood.network\/shop\/?post_type=product&#038;p=858"},"modified":"2024-02-02T18:41:49","modified_gmt":"2024-02-02T18:41:49","slug":"organic-super-greens-pt-pt","status":"publish","type":"product","link":"https:\/\/livegood.network\/shop\/pt-pt\/product\/organic-super-greens-pt-pt\/","title":{"rendered":"Org\u00e2nico Super Greens"},"content":{"rendered":"<p><strong><span>Org\u00e2nico Super Greens da LiveGood: <\/span><\/strong><em><span>Sua Rede de Seguran\u00e7a para a Sa\u00fade!<\/span><\/em><\/p>\n<p><span>Consumir frutas e vegetais org\u00e2nicos, rec\u00e9m-colhidos e limpos mant\u00e9m a press\u00e3o arterial normal, garante o bom funcionamento do nosso intestino e fornece ao nosso c\u00e9rebro nutrientes essenciais para tarefas cruciais.\u00a0A aus\u00eancia desses elementos pode levar a v\u00e1rios problemas de sa\u00fade, incluindo indigest\u00e3o, sistema imunol\u00f3gico enfraquecido, baixos n\u00edveis de energia, depress\u00e3o e at\u00e9 ganho de peso.<\/span><\/p>\n<p><span>LiveGood Organic Super Greens atua como uma salvaguarda para a sua sa\u00fade, preenchendo as lacunas de nutrientes deixadas pelas nossas dietas.<\/span><\/p>\n<p><span>Considerando que nossos corpos est\u00e3o em constante funcionamento, \u00e9 imperativo aliment\u00e1-los com os alimentos mais ricos em nutrientes dispon\u00edveis.\u00a0LiveGood Super Greens \u00e9 perfeitamente adequado para esta tarefa.<\/span><\/p>\n<p><span>Melhore a digest\u00e3o, fortale\u00e7a a imunidade, aumente a energia e experimente maior vitalidade com apenas uma deliciosa colher por dia!<\/span><\/p>\n<p><span>Sem cafe\u00edna, sem crueldade, sem gl\u00faten, certificado GMP, amigo do ceto, n\u00e3o OGM, sem nozes, org\u00e2nico, sem soja, testado por terceiros, vegano.<\/span><\/p>\n<p><strong><span>COMO USAR:<\/span><\/strong><\/p>\n<p>Misture 1 medida em \u00e1gua ou em uma pasta lisa pelo menos uma vez por dia.<\/p>\n<p><span>Quando tomar: O aspecto crucial \u00e9 incorporar as verduras diariamente.\u00a0Embora prefiramos misturar nossos Super Greens Org\u00e2nicos com um smoothie de prote\u00edna, ele tamb\u00e9m tem um sabor refrescante em \u00e1gua com gelo.\u00a0Considere substituir os Super Verdes Org\u00e2nicos por op\u00e7\u00f5es de bebidas menos saud\u00e1veis, como refrigerantes ou sucos.<\/span><\/p>\n<p><span>Dica profissional: o conte\u00fado pode assentar se n\u00e3o for perturbado.\u00a0Continue misturando enquanto consome.<\/span><\/p>\n","protected":false},"excerpt":{"rendered":"<p><img decoding=\"async\" class=\"emoji\" role=\"img\" draggable=\"false\" src=\"https:\/\/s.w.org\/images\/core\/emoji\/14.0.0\/svg\/1f49a.svg\" alt=\"LiveGooD Love\" \/> Prote\u00e7\u00e3o Imunol\u00f3gica<br \/>\n<img decoding=\"async\" class=\"emoji\" role=\"img\" draggable=\"false\" src=\"https:\/\/s.w.org\/images\/core\/emoji\/14.0.0\/svg\/1f49a.svg\" alt=\"LiveGooD Love\" \/> Suporte ao estresse<br \/>\n<img decoding=\"async\" class=\"emoji\" role=\"img\" draggable=\"false\" src=\"https:\/\/s.w.org\/images\/core\/emoji\/14.0.0\/svg\/1f49a.svg\" alt=\"LiveGooD Love\" \/> Sa\u00fade Digestiva<br \/>\n<img decoding=\"async\" class=\"emoji\" role=\"img\" draggable=\"false\" src=\"https:\/\/s.w.org\/images\/core\/emoji\/14.0.0\/svg\/1f49a.svg\" alt=\"LiveGooD Love\" \/> Suporte de desintoxica\u00e7\u00e3o<\/p>\n","protected":false},"featured_media":197,"comment_status":"open","ping_status":"closed","template":"","meta":[],"product_brand":[],"product_cat":[217],"product_tag":[],"class_list":{"0":"post-858","1":"product","2":"type-product","3":"status-publish","4":"has-post-thumbnail","6":"product_cat-supplements-pt-pt","8":"first","9":"instock","10":"sale","11":"shipping-taxable","12":"product-type-external"},"yoast_head":"<!-- This site is optimized with the Yoast SEO Premium plugin v20.6 (Yoast SEO v21.8.1) - https:\/\/yoast.com\/wordpress\/plugins\/seo\/ -->\n<title>Org\u00e2nico Super Greens - LiveGooD Shop<\/title>\n<meta name=\"robots\" content=\"index, follow, max-snippet:-1, max-image-preview:large, max-video-preview:-1\" \/>\n<link rel=\"canonical\" href=\"https:\/\/livegood.network\/shop\/pt-pt\/product\/organic-super-greens-pt-pt\/\" \/>\n<meta property=\"og:locale\" content=\"en_US\" \/>\n<meta property=\"og:type\" content=\"article\" \/>\n<meta property=\"og:title\" content=\"Org\u00e2nico Super Greens\" \/>\n<meta property=\"og:description\" content=\"Prote\u00e7\u00e3o Imunol\u00f3gica  Suporte ao estresse  Sa\u00fade Digestiva  Suporte de desintoxica\u00e7\u00e3o\" \/>\n<meta property=\"og:url\" content=\"https:\/\/livegood.network\/shop\/pt-pt\/product\/organic-super-greens-pt-pt\/\" \/>\n<meta property=\"article:publisher\" content=\"https:\/\/www.facebook.com\/livegoodhello\" \/>\n<meta property=\"article:modified_time\" content=\"2024-02-02T18:41:49+00:00\" \/>\n<meta property=\"og:image\" content=\"https:\/\/livegood.network\/shop\/wp-content\/uploads\/2024\/01\/super-greens-dietary-supplement-livegood.png\" \/>\n\t<meta property=\"og:image:width\" content=\"720\" \/>\n\t<meta property=\"og:image:height\" content=\"720\" \/>\n\t<meta property=\"og:image:type\" content=\"image\/png\" \/>\n<meta name=\"twitter:card\" content=\"summary_large_image\" \/>\n<meta name=\"twitter:label1\" content=\"Est. reading time\" \/>\n\t<meta name=\"twitter:data1\" content=\"2 minutes\" \/>\n<script type=\"application\/ld+json\" class=\"yoast-schema-graph\">{\"@context\":\"https:\/\/schema.org\",\"@graph\":[{\"@type\":\"WebPage\",\"@id\":\"https:\/\/livegood.network\/shop\/pt-pt\/product\/organic-super-greens-pt-pt\/\",\"url\":\"https:\/\/livegood.network\/shop\/pt-pt\/product\/organic-super-greens-pt-pt\/\",\"name\":\"Org\u00e2nico Super Greens - LiveGooD Shop\",\"isPartOf\":{\"@id\":\"https:\/\/livegood.network\/shop\/#website\"},\"datePublished\":\"2024-01-24T19:18:43+00:00\",\"dateModified\":\"2024-02-02T18:41:49+00:00\",\"breadcrumb\":{\"@id\":\"https:\/\/livegood.network\/shop\/pt-pt\/product\/organic-super-greens-pt-pt\/#breadcrumb\"},\"inLanguage\":\"en-US\",\"potentialAction\":[{\"@type\":\"ReadAction\",\"target\":[\"https:\/\/livegood.network\/shop\/pt-pt\/product\/organic-super-greens-pt-pt\/\"]}]},{\"@type\":\"BreadcrumbList\",\"@id\":\"https:\/\/livegood.network\/shop\/pt-pt\/product\/organic-super-greens-pt-pt\/#breadcrumb\",\"itemListElement\":[{\"@type\":\"ListItem\",\"position\":1,\"name\":\"Home\",\"item\":\"https:\/\/livegood.network\/shop\/pt-br\/\"},{\"@type\":\"ListItem\",\"position\":2,\"name\":\"Shop\",\"item\":\"https:\/\/livegood.network\/shop\/shop\/\"},{\"@type\":\"ListItem\",\"position\":3,\"name\":\"Org\u00e2nico Super Greens\"}]},{\"@type\":\"WebSite\",\"@id\":\"https:\/\/livegood.network\/shop\/#website\",\"url\":\"https:\/\/livegood.network\/shop\/\",\"name\":\"LiveGooD Shop\",\"description\":\"\",\"publisher\":{\"@id\":\"https:\/\/livegood.network\/shop\/#organization\"},\"potentialAction\":[{\"@type\":\"SearchAction\",\"target\":{\"@type\":\"EntryPoint\",\"urlTemplate\":\"https:\/\/livegood.network\/shop\/?s={search_term_string}\"},\"query-input\":\"required name=search_term_string\"}],\"inLanguage\":\"en-US\"},{\"@type\":\"Organization\",\"@id\":\"https:\/\/livegood.network\/shop\/#organization\",\"name\":\"LiveGooD\",\"url\":\"https:\/\/livegood.network\/shop\/\",\"logo\":{\"@type\":\"ImageObject\",\"inLanguage\":\"en-US\",\"@id\":\"https:\/\/livegood.network\/shop\/#\/schema\/logo\/image\/\",\"url\":\"https:\/\/livegood.network\/shop\/wp-content\/uploads\/2024\/01\/logo-livegood-shop-main.png\",\"contentUrl\":\"https:\/\/livegood.network\/shop\/wp-content\/uploads\/2024\/01\/logo-livegood-shop-main.png\",\"width\":373,\"height\":115,\"caption\":\"LiveGooD\"},\"image\":{\"@id\":\"https:\/\/livegood.network\/shop\/#\/schema\/logo\/image\/\"},\"sameAs\":[\"https:\/\/www.facebook.com\/livegoodhello\"]}]}<\/script>\n<!-- \/ Yoast SEO Premium plugin. -->","yoast_head_json":{"title":"Org\u00e2nico Super Greens - LiveGooD Shop","robots":{"index":"index","follow":"follow","max-snippet":"max-snippet:-1","max-image-preview":"max-image-preview:large","max-video-preview":"max-video-preview:-1"},"canonical":"https:\/\/livegood.network\/shop\/pt-pt\/product\/organic-super-greens-pt-pt\/","og_locale":"en_US","og_type":"article","og_title":"Org\u00e2nico Super Greens","og_description":"Prote\u00e7\u00e3o Imunol\u00f3gica  Suporte ao estresse  Sa\u00fade Digestiva  Suporte de desintoxica\u00e7\u00e3o","og_url":"https:\/\/livegood.network\/shop\/pt-pt\/product\/organic-super-greens-pt-pt\/","article_publisher":"https:\/\/www.facebook.com\/livegoodhello","article_modified_time":"2024-02-02T18:41:49+00:00","og_image":[{"width":720,"height":720,"url":"https:\/\/livegood.network\/shop\/wp-content\/uploads\/2024\/01\/super-greens-dietary-supplement-livegood.png","type":"image\/png"}],"twitter_card":"summary_large_image","twitter_misc":{"Est. reading time":"2 minutes"},"schema":{"@context":"https:\/\/schema.org","@graph":[{"@type":"WebPage","@id":"https:\/\/livegood.network\/shop\/pt-pt\/product\/organic-super-greens-pt-pt\/","url":"https:\/\/livegood.network\/shop\/pt-pt\/product\/organic-super-greens-pt-pt\/","name":"Org\u00e2nico Super Greens - LiveGooD Shop","isPartOf":{"@id":"https:\/\/livegood.network\/shop\/#website"},"datePublished":"2024-01-24T19:18:43+00:00","dateModified":"2024-02-02T18:41:49+00:00","breadcrumb":{"@id":"https:\/\/livegood.network\/shop\/pt-pt\/product\/organic-super-greens-pt-pt\/#breadcrumb"},"inLanguage":"en-US","potentialAction":[{"@type":"ReadAction","target":["https:\/\/livegood.network\/shop\/pt-pt\/product\/organic-super-greens-pt-pt\/"]}]},{"@type":"BreadcrumbList","@id":"https:\/\/livegood.network\/shop\/pt-pt\/product\/organic-super-greens-pt-pt\/#breadcrumb","itemListElement":[{"@type":"ListItem","position":1,"name":"Home","item":"https:\/\/livegood.network\/shop\/pt-br\/"},{"@type":"ListItem","position":2,"name":"Shop","item":"https:\/\/livegood.network\/shop\/shop\/"},{"@type":"ListItem","position":3,"name":"Org\u00e2nico Super Greens"}]},{"@type":"WebSite","@id":"https:\/\/livegood.network\/shop\/#website","url":"https:\/\/livegood.network\/shop\/","name":"LiveGooD Shop","description":"","publisher":{"@id":"https:\/\/livegood.network\/shop\/#organization"},"potentialAction":[{"@type":"SearchAction","target":{"@type":"EntryPoint","urlTemplate":"https:\/\/livegood.network\/shop\/?s={search_term_string}"},"query-input":"required name=search_term_string"}],"inLanguage":"en-US"},{"@type":"Organization","@id":"https:\/\/livegood.network\/shop\/#organization","name":"LiveGooD","url":"https:\/\/livegood.network\/shop\/","logo":{"@type":"ImageObject","inLanguage":"en-US","@id":"https:\/\/livegood.network\/shop\/#\/schema\/logo\/image\/","url":"https:\/\/livegood.network\/shop\/wp-content\/uploads\/2024\/01\/logo-livegood-shop-main.png","contentUrl":"https:\/\/livegood.network\/shop\/wp-content\/uploads\/2024\/01\/logo-livegood-shop-main.png","width":373,"height":115,"caption":"LiveGooD"},"image":{"@id":"https:\/\/livegood.network\/shop\/#\/schema\/logo\/image\/"},"sameAs":["https:\/\/www.facebook.com\/livegoodhello"]}]}},"lang":"pt-pt","translations":{"pt-pt":858,"pt-br":868,"en-us":196,"fr-fr":856,"es-es":857,"vi":859,"ru-ru":860,"ko":861},"pll_sync_post":[],"_links":{"self":[{"href":"https:\/\/livegood.network\/shop\/wp-json\/wp\/v2\/product\/858","targetHints":{"allow":["GET"]}}],"collection":[{"href":"https:\/\/livegood.network\/shop\/wp-json\/wp\/v2\/product"}],"about":[{"href":"https:\/\/livegood.network\/shop\/wp-json\/wp\/v2\/types\/product"}],"replies":[{"embeddable":true,"href":"https:\/\/livegood.network\/shop\/wp-json\/wp\/v2\/comments?post=858"}],"version-history":[{"count":1,"href":"https:\/\/livegood.network\/shop\/wp-json\/wp\/v2\/product\/858\/revisions"}],"predecessor-version":[{"id":1649,"href":"https:\/\/livegood.network\/shop\/wp-json\/wp\/v2\/product\/858\/revisions\/1649"}],"wp:featuredmedia":[{"embeddable":true,"href":"https:\/\/livegood.network\/shop\/wp-json\/wp\/v2\/media\/197"}],"wp:attachment":[{"href":"https:\/\/livegood.network\/shop\/wp-json\/wp\/v2\/media?parent=858"}],"wp:term":[{"taxonomy":"product_brand","embeddable":true,"href":"https:\/\/livegood.network\/shop\/wp-json\/wp\/v2\/product_brand?post=858"},{"taxonomy":"product_cat","embeddable":true,"href":"https:\/\/livegood.network\/shop\/wp-json\/wp\/v2\/product_cat?post=858"},{"taxonomy":"product_tag","embeddable":true,"href":"https:\/\/livegood.network\/shop\/wp-json\/wp\/v2\/product_tag?post=858"}],"curies":[{"name":"wp","href":"https:\/\/api.w.org\/{rel}","templated":true}]}}