{"id":859,"date":"2024-01-24T19:22:38","date_gmt":"2024-01-24T19:22:38","guid":{"rendered":"https:\/\/livegood.network\/shop\/?post_type=product&#038;p=859"},"modified":"2024-02-02T18:42:12","modified_gmt":"2024-02-02T18:42:12","slug":"organic-super-greens-vi","status":"publish","type":"product","link":"https:\/\/livegood.network\/shop\/vi\/product\/organic-super-greens-vi\/","title":{"rendered":"H\u1eefu c\u01a1 Super Greens"},"content":{"rendered":"<p><strong><span>H\u1eefu c\u01a1 Super Greens c\u1ee7a LiveGood: <\/span><\/strong><em><span>M\u1ea1ng l\u01b0\u1edbi an to\u00e0n s\u1ee9c kh\u1ecfe c\u1ee7a b\u1ea1n!<\/span><\/em><\/p>\n<p><span>Ti\u00eau th\u1ee5 tr\u00e1i c\u00e2y v\u00e0 rau h\u1eefu c\u01a1, m\u1edbi thu ho\u1ea1ch v\u00e0 s\u1ea1ch s\u1ebd duy tr\u00ec huy\u1ebft \u00e1p b\u00ecnh th\u01b0\u1eddng, \u0111\u1ea3m b\u1ea3o ho\u1ea1t \u0111\u1ed9ng b\u00ecnh th\u01b0\u1eddng c\u1ee7a \u0111\u01b0\u1eddng ru\u1ed9t v\u00e0 cung c\u1ea5p cho n\u00e3o nh\u1eefng ch\u1ea5t dinh d\u01b0\u1ee1ng c\u1ea7n thi\u1ebft cho c\u00e1c nhi\u1ec7m v\u1ee5 quan tr\u1ecdng.\u00a0S\u1ef1 thi\u1ebfu v\u1eafng nh\u1eefng y\u1ebfu t\u1ed1 n\u00e0y c\u00f3 th\u1ec3 d\u1eabn \u0111\u1ebfn nhi\u1ec1u v\u1ea5n \u0111\u1ec1 s\u1ee9c kh\u1ecfe kh\u00e1c nhau, bao g\u1ed3m kh\u00f3 ti\u00eau, h\u1ec7 th\u1ed1ng mi\u1ec5n d\u1ecbch suy y\u1ebfu, m\u1ee9c n\u0103ng l\u01b0\u1ee3ng th\u1ea5p, tr\u1ea7m c\u1ea3m v\u00e0 th\u1eadm ch\u00ed t\u0103ng c\u00e2n.<\/span><\/p>\n<p><span>LiveGood Organic Super Greens ho\u1ea1t \u0111\u1ed9ng nh\u01b0 m\u1ed9t bi\u1ec7n ph\u00e1p b\u1ea3o v\u1ec7 s\u1ee9c kh\u1ecfe c\u1ee7a b\u1ea1n, thu h\u1eb9p kho\u1ea3ng c\u00e1ch dinh d\u01b0\u1ee1ng do ch\u1ebf \u0111\u1ed9 \u0103n u\u1ed1ng c\u1ee7a ch\u00fang ta \u0111\u1ec3 l\u1ea1i.<\/span><\/p>\n<p><span>V\u00ec c\u01a1 th\u1ec3 ch\u00fang ta \u0111ang ho\u1ea1t \u0111\u1ed9ng li\u00ean t\u1ee5c n\u00ean vi\u1ec7c nu\u00f4i d\u01b0\u1ee1ng ch\u00fang b\u1eb1ng nh\u1eefng th\u1ef1c ph\u1ea9m gi\u00e0u ch\u1ea5t dinh d\u01b0\u1ee1ng nh\u1ea5t hi\u1ec7n c\u00f3 l\u00e0 \u0111i\u1ec1u b\u1eaft bu\u1ed9c.\u00a0LiveGood Super Greens ho\u00e0n to\u00e0n ph\u00f9 h\u1ee3p cho nhi\u1ec7m v\u1ee5 n\u00e0y.<\/span><\/p>\n<p><span>T\u0103ng c\u01b0\u1eddng ti\u00eau h\u00f3a, t\u0103ng c\u01b0\u1eddng kh\u1ea3 n\u0103ng mi\u1ec5n d\u1ecbch, t\u0103ng c\u01b0\u1eddng n\u0103ng l\u01b0\u1ee3ng v\u00e0 t\u0103ng c\u01b0\u1eddng s\u1ee9c s\u1ed1ng ch\u1ec9 v\u1edbi m\u1ed9t mu\u1ed7ng th\u00fa v\u1ecb m\u1ed7i ng\u00e0y!<\/span><\/p>\n<p><span>Kh\u00f4ng ch\u1ee9a caffeine, kh\u00f4ng \u0111\u1ed9c h\u1ea1i, kh\u00f4ng ch\u1ee9a gluten, \u0111\u01b0\u1ee3c ch\u1ee9ng nh\u1eadn GMP, th\u00e2n thi\u1ec7n v\u1edbi keto, kh\u00f4ng bi\u1ebfn \u0111\u1ed5i gen, kh\u00f4ng c\u00f3 h\u1ea1t, h\u1eefu c\u01a1, kh\u00f4ng c\u00f3 \u0111\u1eadu n\u00e0nh, \u0111\u01b0\u1ee3c b\u00ean th\u1ee9 ba th\u1eed nghi\u1ec7m, thu\u1ea7n chay.<\/span><\/p>\n<p><strong><span>C\u00c1CH S\u1eec D\u1ee4NG:<\/span><\/strong><\/p>\n<p><span>Tr\u1ed9n 1 mu\u1ed7ng v\u00e0o n\u01b0\u1edbc ho\u1eb7c m\u1ecbn \u00edt nh\u1ea5t m\u1ed9t l\u1ea7n m\u1ed7i ng\u00e0y.<\/span><\/p>\n<p><span>Khi n\u00e0o n\u00ean d\u00f9ng: Kh\u00eda c\u1ea1nh quan tr\u1ecdng l\u00e0 k\u1ebft h\u1ee3p rau xanh c\u1ee7a b\u1ea1n h\u00e0ng ng\u00e0y.\u00a0M\u1eb7c d\u00f9 ch\u00fang t\u00f4i th\u00edch tr\u1ed9n Super Greens h\u1eefu c\u01a1 c\u1ee7a m\u00ecnh v\u1edbi sinh t\u1ed1 protein nh\u01b0ng n\u00f3 c\u0169ng c\u00f3 h\u01b0\u01a1ng v\u1ecb s\u1ea3ng kho\u00e1i khi d\u00f9ng v\u1edbi n\u01b0\u1edbc v\u00e0 \u0111\u00e1.\u00a0H\u00e3y c\u00e2n nh\u1eafc vi\u1ec7c thay th\u1ebf Super Greens h\u1eefu c\u01a1 b\u1eb1ng nh\u1eefng l\u1ef1a ch\u1ecdn \u0111\u1ed3 u\u1ed1ng k\u00e9m l\u00e0nh m\u1ea1nh h\u01a1n nh\u01b0 soda ho\u1eb7c n\u01b0\u1edbc tr\u00e1i c\u00e2y.<\/span><\/p>\n<p><span>M\u1eb9o chuy\u00ean nghi\u1ec7p: N\u1ed9i dung c\u00f3 th\u1ec3 \u1ed5n \u0111\u1ecbnh n\u1ebfu kh\u00f4ng b\u1ecb x\u00e1o tr\u1ed9n.\u00a0Ti\u1ebfp t\u1ee5c tr\u1ed9n trong khi ti\u00eau th\u1ee5.<\/span><\/p>\n","protected":false},"excerpt":{"rendered":"<p><img decoding=\"async\" class=\"emoji\" role=\"img\" draggable=\"false\" src=\"https:\/\/s.w.org\/images\/core\/emoji\/14.0.0\/svg\/1f49a.svg\" alt=\"LiveGooD Love\" \/> B\u1ea3o v\u1ec7 mi\u1ec5n d\u1ecbch<br \/>\n<img decoding=\"async\" class=\"emoji\" role=\"img\" draggable=\"false\" src=\"https:\/\/s.w.org\/images\/core\/emoji\/14.0.0\/svg\/1f49a.svg\" alt=\"LiveGooD Love\" \/> H\u1ed7 tr\u1ee3 c\u0103ng th\u1eb3ng<br \/>\n<img decoding=\"async\" class=\"emoji\" role=\"img\" draggable=\"false\" src=\"https:\/\/s.w.org\/images\/core\/emoji\/14.0.0\/svg\/1f49a.svg\" alt=\"LiveGooD Love\" \/> S\u1ee9c kh\u1ecfe ti\u00eau h\u00f3a<br \/>\n<img decoding=\"async\" class=\"emoji\" role=\"img\" draggable=\"false\" src=\"https:\/\/s.w.org\/images\/core\/emoji\/14.0.0\/svg\/1f49a.svg\" alt=\"LiveGooD Love\" \/> H\u1ed7 tr\u1ee3 gi\u1ea3i \u0111\u1ed9c<\/p>\n","protected":false},"featured_media":197,"comment_status":"open","ping_status":"closed","template":"","meta":[],"product_brand":[],"product_cat":[219],"product_tag":[],"class_list":{"0":"post-859","1":"product","2":"type-product","3":"status-publish","4":"has-post-thumbnail","6":"product_cat-supplements-vi","8":"first","9":"instock","10":"sale","11":"shipping-taxable","12":"product-type-external"},"yoast_head":"<!-- This site is optimized with the Yoast SEO Premium plugin v20.6 (Yoast SEO v21.8.1) - https:\/\/yoast.com\/wordpress\/plugins\/seo\/ -->\n<title>H\u1eefu c\u01a1 Super Greens - LiveGooD Shop<\/title>\n<meta name=\"robots\" content=\"index, follow, max-snippet:-1, max-image-preview:large, max-video-preview:-1\" \/>\n<link rel=\"canonical\" href=\"https:\/\/livegood.network\/shop\/vi\/product\/organic-super-greens-vi\/\" \/>\n<meta property=\"og:locale\" content=\"en_US\" \/>\n<meta property=\"og:type\" content=\"article\" \/>\n<meta property=\"og:title\" content=\"H\u1eefu c\u01a1 Super Greens\" \/>\n<meta property=\"og:description\" content=\"B\u1ea3o v\u1ec7 mi\u1ec5n d\u1ecbch  H\u1ed7 tr\u1ee3 c\u0103ng th\u1eb3ng  S\u1ee9c kh\u1ecfe ti\u00eau h\u00f3a  H\u1ed7 tr\u1ee3 gi\u1ea3i \u0111\u1ed9c\" \/>\n<meta property=\"og:url\" content=\"https:\/\/livegood.network\/shop\/vi\/product\/organic-super-greens-vi\/\" \/>\n<meta property=\"article:publisher\" content=\"https:\/\/www.facebook.com\/livegoodhello\" \/>\n<meta property=\"article:modified_time\" content=\"2024-02-02T18:42:12+00:00\" \/>\n<meta property=\"og:image\" content=\"https:\/\/livegood.network\/shop\/wp-content\/uploads\/2024\/01\/super-greens-dietary-supplement-livegood.png\" \/>\n\t<meta property=\"og:image:width\" content=\"720\" \/>\n\t<meta property=\"og:image:height\" content=\"720\" \/>\n\t<meta property=\"og:image:type\" content=\"image\/png\" \/>\n<meta name=\"twitter:card\" content=\"summary_large_image\" \/>\n<meta name=\"twitter:label1\" content=\"Est. reading time\" \/>\n\t<meta name=\"twitter:data1\" content=\"2 minutes\" \/>\n<script type=\"application\/ld+json\" class=\"yoast-schema-graph\">{\"@context\":\"https:\/\/schema.org\",\"@graph\":[{\"@type\":\"WebPage\",\"@id\":\"https:\/\/livegood.network\/shop\/vi\/product\/organic-super-greens-vi\/\",\"url\":\"https:\/\/livegood.network\/shop\/vi\/product\/organic-super-greens-vi\/\",\"name\":\"H\u1eefu c\u01a1 Super Greens - LiveGooD Shop\",\"isPartOf\":{\"@id\":\"https:\/\/livegood.network\/shop\/#website\"},\"datePublished\":\"2024-01-24T19:22:38+00:00\",\"dateModified\":\"2024-02-02T18:42:12+00:00\",\"breadcrumb\":{\"@id\":\"https:\/\/livegood.network\/shop\/vi\/product\/organic-super-greens-vi\/#breadcrumb\"},\"inLanguage\":\"en-US\",\"potentialAction\":[{\"@type\":\"ReadAction\",\"target\":[\"https:\/\/livegood.network\/shop\/vi\/product\/organic-super-greens-vi\/\"]}]},{\"@type\":\"BreadcrumbList\",\"@id\":\"https:\/\/livegood.network\/shop\/vi\/product\/organic-super-greens-vi\/#breadcrumb\",\"itemListElement\":[{\"@type\":\"ListItem\",\"position\":1,\"name\":\"Home\",\"item\":\"https:\/\/livegood.network\/shop\/pt-br\/\"},{\"@type\":\"ListItem\",\"position\":2,\"name\":\"Shop\",\"item\":\"https:\/\/livegood.network\/shop\/shop\/\"},{\"@type\":\"ListItem\",\"position\":3,\"name\":\"H\u1eefu c\u01a1 Super Greens\"}]},{\"@type\":\"WebSite\",\"@id\":\"https:\/\/livegood.network\/shop\/#website\",\"url\":\"https:\/\/livegood.network\/shop\/\",\"name\":\"LiveGooD Shop\",\"description\":\"\",\"publisher\":{\"@id\":\"https:\/\/livegood.network\/shop\/#organization\"},\"potentialAction\":[{\"@type\":\"SearchAction\",\"target\":{\"@type\":\"EntryPoint\",\"urlTemplate\":\"https:\/\/livegood.network\/shop\/?s={search_term_string}\"},\"query-input\":\"required name=search_term_string\"}],\"inLanguage\":\"en-US\"},{\"@type\":\"Organization\",\"@id\":\"https:\/\/livegood.network\/shop\/#organization\",\"name\":\"LiveGooD\",\"url\":\"https:\/\/livegood.network\/shop\/\",\"logo\":{\"@type\":\"ImageObject\",\"inLanguage\":\"en-US\",\"@id\":\"https:\/\/livegood.network\/shop\/#\/schema\/logo\/image\/\",\"url\":\"https:\/\/livegood.network\/shop\/wp-content\/uploads\/2024\/01\/logo-livegood-shop-main.png\",\"contentUrl\":\"https:\/\/livegood.network\/shop\/wp-content\/uploads\/2024\/01\/logo-livegood-shop-main.png\",\"width\":373,\"height\":115,\"caption\":\"LiveGooD\"},\"image\":{\"@id\":\"https:\/\/livegood.network\/shop\/#\/schema\/logo\/image\/\"},\"sameAs\":[\"https:\/\/www.facebook.com\/livegoodhello\"]}]}<\/script>\n<!-- \/ Yoast SEO Premium plugin. -->","yoast_head_json":{"title":"H\u1eefu c\u01a1 Super Greens - LiveGooD Shop","robots":{"index":"index","follow":"follow","max-snippet":"max-snippet:-1","max-image-preview":"max-image-preview:large","max-video-preview":"max-video-preview:-1"},"canonical":"https:\/\/livegood.network\/shop\/vi\/product\/organic-super-greens-vi\/","og_locale":"en_US","og_type":"article","og_title":"H\u1eefu c\u01a1 Super Greens","og_description":"B\u1ea3o v\u1ec7 mi\u1ec5n d\u1ecbch  H\u1ed7 tr\u1ee3 c\u0103ng th\u1eb3ng  S\u1ee9c kh\u1ecfe ti\u00eau h\u00f3a  H\u1ed7 tr\u1ee3 gi\u1ea3i \u0111\u1ed9c","og_url":"https:\/\/livegood.network\/shop\/vi\/product\/organic-super-greens-vi\/","article_publisher":"https:\/\/www.facebook.com\/livegoodhello","article_modified_time":"2024-02-02T18:42:12+00:00","og_image":[{"width":720,"height":720,"url":"https:\/\/livegood.network\/shop\/wp-content\/uploads\/2024\/01\/super-greens-dietary-supplement-livegood.png","type":"image\/png"}],"twitter_card":"summary_large_image","twitter_misc":{"Est. reading time":"2 minutes"},"schema":{"@context":"https:\/\/schema.org","@graph":[{"@type":"WebPage","@id":"https:\/\/livegood.network\/shop\/vi\/product\/organic-super-greens-vi\/","url":"https:\/\/livegood.network\/shop\/vi\/product\/organic-super-greens-vi\/","name":"H\u1eefu c\u01a1 Super Greens - LiveGooD Shop","isPartOf":{"@id":"https:\/\/livegood.network\/shop\/#website"},"datePublished":"2024-01-24T19:22:38+00:00","dateModified":"2024-02-02T18:42:12+00:00","breadcrumb":{"@id":"https:\/\/livegood.network\/shop\/vi\/product\/organic-super-greens-vi\/#breadcrumb"},"inLanguage":"en-US","potentialAction":[{"@type":"ReadAction","target":["https:\/\/livegood.network\/shop\/vi\/product\/organic-super-greens-vi\/"]}]},{"@type":"BreadcrumbList","@id":"https:\/\/livegood.network\/shop\/vi\/product\/organic-super-greens-vi\/#breadcrumb","itemListElement":[{"@type":"ListItem","position":1,"name":"Home","item":"https:\/\/livegood.network\/shop\/pt-br\/"},{"@type":"ListItem","position":2,"name":"Shop","item":"https:\/\/livegood.network\/shop\/shop\/"},{"@type":"ListItem","position":3,"name":"H\u1eefu c\u01a1 Super Greens"}]},{"@type":"WebSite","@id":"https:\/\/livegood.network\/shop\/#website","url":"https:\/\/livegood.network\/shop\/","name":"LiveGooD Shop","description":"","publisher":{"@id":"https:\/\/livegood.network\/shop\/#organization"},"potentialAction":[{"@type":"SearchAction","target":{"@type":"EntryPoint","urlTemplate":"https:\/\/livegood.network\/shop\/?s={search_term_string}"},"query-input":"required name=search_term_string"}],"inLanguage":"en-US"},{"@type":"Organization","@id":"https:\/\/livegood.network\/shop\/#organization","name":"LiveGooD","url":"https:\/\/livegood.network\/shop\/","logo":{"@type":"ImageObject","inLanguage":"en-US","@id":"https:\/\/livegood.network\/shop\/#\/schema\/logo\/image\/","url":"https:\/\/livegood.network\/shop\/wp-content\/uploads\/2024\/01\/logo-livegood-shop-main.png","contentUrl":"https:\/\/livegood.network\/shop\/wp-content\/uploads\/2024\/01\/logo-livegood-shop-main.png","width":373,"height":115,"caption":"LiveGooD"},"image":{"@id":"https:\/\/livegood.network\/shop\/#\/schema\/logo\/image\/"},"sameAs":["https:\/\/www.facebook.com\/livegoodhello"]}]}},"lang":"vi","translations":{"vi":859,"pt-br":868,"pt-pt":858,"en-us":196,"fr-fr":856,"es-es":857,"ru-ru":860,"ko":861},"pll_sync_post":[],"_links":{"self":[{"href":"https:\/\/livegood.network\/shop\/wp-json\/wp\/v2\/product\/859","targetHints":{"allow":["GET"]}}],"collection":[{"href":"https:\/\/livegood.network\/shop\/wp-json\/wp\/v2\/product"}],"about":[{"href":"https:\/\/livegood.network\/shop\/wp-json\/wp\/v2\/types\/product"}],"replies":[{"embeddable":true,"href":"https:\/\/livegood.network\/shop\/wp-json\/wp\/v2\/comments?post=859"}],"version-history":[{"count":1,"href":"https:\/\/livegood.network\/shop\/wp-json\/wp\/v2\/product\/859\/revisions"}],"predecessor-version":[{"id":1651,"href":"https:\/\/livegood.network\/shop\/wp-json\/wp\/v2\/product\/859\/revisions\/1651"}],"wp:featuredmedia":[{"embeddable":true,"href":"https:\/\/livegood.network\/shop\/wp-json\/wp\/v2\/media\/197"}],"wp:attachment":[{"href":"https:\/\/livegood.network\/shop\/wp-json\/wp\/v2\/media?parent=859"}],"wp:term":[{"taxonomy":"product_brand","embeddable":true,"href":"https:\/\/livegood.network\/shop\/wp-json\/wp\/v2\/product_brand?post=859"},{"taxonomy":"product_cat","embeddable":true,"href":"https:\/\/livegood.network\/shop\/wp-json\/wp\/v2\/product_cat?post=859"},{"taxonomy":"product_tag","embeddable":true,"href":"https:\/\/livegood.network\/shop\/wp-json\/wp\/v2\/product_tag?post=859"}],"curies":[{"name":"wp","href":"https:\/\/api.w.org\/{rel}","templated":true}]}}