{"id":871,"date":"2024-01-24T19:32:38","date_gmt":"2024-01-24T19:32:38","guid":{"rendered":"https:\/\/livegood.network\/shop\/?post_type=product&#038;p=871"},"modified":"2024-02-02T18:44:52","modified_gmt":"2024-02-02T18:44:52","slug":"organic-super-reds-fr-fr","status":"publish","type":"product","link":"https:\/\/livegood.network\/shop\/fr-fr\/product\/organic-super-reds-fr-fr\/","title":{"rendered":"Organique Super Reds"},"content":{"rendered":"<div class=\"flex-1 overflow-hidden\">\n<div class=\"react-scroll-to-bottom--css-ddarl-79elbk h-full\">\n<div class=\"react-scroll-to-bottom--css-ddarl-1n7m0yu\">\n<div class=\"flex flex-col pb-9 text-sm\">\n<div class=\"w-full text-token-text-primary\" data-testid=\"conversation-turn-19\">\n<div class=\"px-4 py-2 justify-center text-base md:gap-6 m-auto\">\n<div class=\"flex flex-1 text-base mx-auto gap-3 md:px-5 lg:px-1 xl:px-5 md:max-w-3xl lg:max-w-[40rem] xl:max-w-[48rem] group final-completion\">\n<div class=\"relative flex w-full flex-col lg:w-[calc(100%-115px)] agent-turn\">\n<div class=\"flex-col gap-1 md:gap-3\">\n<div class=\"flex flex-grow flex-col max-w-full\">\n<div class=\"min-h-[20px] text-message flex flex-col items-start gap-3 whitespace-pre-wrap break-words [.text-message+&amp;]:mt-5 overflow-x-auto\" data-message-author-role=\"assistant\" data-message-id=\"4b5108f5-40ff-4ebf-ac19-b1f68fc6c04f\">\n<div class=\"markdown prose w-full break-words dark:prose-invert light\">\n<div class=\"flex-1 overflow-hidden\">\n<div class=\"react-scroll-to-bottom--css-ddarl-79elbk h-full\">\n<div class=\"react-scroll-to-bottom--css-ddarl-1n7m0yu\">\n<div class=\"flex flex-col pb-9 text-sm\">\n<div class=\"w-full text-token-text-primary\" data-testid=\"conversation-turn-19\">\n<div class=\"px-4 py-2 justify-center text-base md:gap-6 m-auto\">\n<div class=\"flex flex-1 text-base mx-auto gap-3 md:px-5 lg:px-1 xl:px-5 md:max-w-3xl lg:max-w-[40rem] xl:max-w-[48rem] group final-completion\">\n<div class=\"relative flex w-full flex-col lg:w-[calc(100%-115px)] agent-turn\">\n<div class=\"flex-col gap-1 md:gap-3\">\n<div class=\"flex flex-grow flex-col max-w-full\">\n<div class=\"min-h-[20px] text-message flex flex-col items-start gap-3 whitespace-pre-wrap break-words [.text-message+&amp;]:mt-5 overflow-x-auto\" data-message-author-role=\"assistant\" data-message-id=\"4b5108f5-40ff-4ebf-ac19-b1f68fc6c04f\">\n<div class=\"markdown prose w-full break-words dark:prose-invert light\">\n<p><strong>Les Organique Super Reds de LiveGood :\u00a0<\/strong><em>renforcez votre sant\u00e9 cardiovasculaire\u00a0!<\/em><\/p>\n<p>Dans le domaine du vieillissement en sant\u00e9, rien ne surpasse l\u2019importance d\u2019un c\u0153ur en bonne sant\u00e9 !\u00a0Le moyen le plus efficace de maintenir la sant\u00e9 cardiaque consiste \u00e0 adopter une alimentation riche en fruits et l\u00e9gumes rouges.\u00a0Malheureusement, beaucoup d\u2019entre nous manquent de consommation, ce qui entra\u00eene des cons\u00e9quences potentielles telles qu\u2019un syst\u00e8me immunitaire affaibli, une diminution de l\u2019\u00e9nergie et de la libido, un brouillard cognitif et m\u00eame une tension art\u00e9rielle \u00e9lev\u00e9e.<\/p>\n<p>Entrez dans LiveGood Super Reds\u00a0!\u00a0Nos Super Reds biologiques poss\u00e8dent la plus forte concentration d&#8217;extraits de fruits et de l\u00e9gumes r\u00e9put\u00e9s pour am\u00e9liorer la circulation sanguine en augmentant la production d&#8217;oxyde nitrique du corps.\u00a0Ceci, \u00e0 son tour, favorise une circulation sanguine accrue, renforce les fonctions c\u00e9r\u00e9brales et cognitives, soutient la sant\u00e9 sexuelle, fortifie la sant\u00e9 cardiaque, renforce la fonction immunitaire et maximise le bien-\u00eatre corporel global !<\/p>\n<p>Notre poudre savoureuse peut \u00eatre m\u00e9lang\u00e9e \u00e0 de l&#8217;eau ou m\u00e9lang\u00e9e \u00e0 votre boisson saine ou smoothie pr\u00e9f\u00e9r\u00e9, ce qui la rend adapt\u00e9e \u00e0 la consommation \u00e0 tout moment de la journ\u00e9e, avec ou sans nourriture\u00a0!<\/p>\n<p>Sans caf\u00e9ine<\/p>\n<p>Sans cruaut\u00e9<\/p>\n<p>Sans gluten<\/p>\n<p>Certifi\u00e9 BPF<\/p>\n<p>Compatible c\u00e9to<\/p>\n<p>Sans OGM<\/p>\n<p>Sans noix<\/p>\n<p>Organique<\/p>\n<p>Sans soja<\/p>\n<p>Test\u00e9 par un tiers<\/p>\n<p>V\u00e9g\u00e9talien<\/p>\n<p><strong>COMMENT UTILISER:<\/strong><\/p>\n<p>M\u00e9langez 1 mesure dans de l&#8217;eau ou un smoothie AU MOINS une fois par jour.<\/p>\n<p>Quand le prendre : Nous appr\u00e9cions souvent deux portions de poudre rouge par jour en raison de son go\u00fbt attrayant.\u00a0Comme les Super Reds biologiques contribuent \u00e0 augmenter la production d\u2019oxyde nitrique, am\u00e9liorant ainsi la circulation sanguine, ils constituent un excellent apport d\u2019\u00e9nergie avant l\u2019entra\u00eenement ou l\u2019apr\u00e8s-midi.\u00a0S&#8217;il est utilis\u00e9 comme pr\u00e9-entra\u00eenement, pensez \u00e0 le combiner avec la saveur LiveGood Essential Aminos Fruit Punch pour une pompe ultime.\u00a0Il se m\u00e9lange sans effort et a bon go\u00fbt avec de l&#8217;eau sur de la glace, ce qui en fait un substitut appropri\u00e9 au jus ou au soda.<\/p>\n<\/div>\n<\/div>\n<\/div>\n<\/div>\n<\/div>\n<\/div>\n<\/div>\n<\/div>\n<\/div>\n<\/div>\n<\/div>\n<\/div>\n<\/div>\n<\/div>\n<\/div>\n<\/div>\n<\/div>\n<\/div>\n<\/div>\n<\/div>\n<\/div>\n<\/div>\n<\/div>\n<\/div>\n","protected":false},"excerpt":{"rendered":"<p><img decoding=\"async\" class=\"emoji\" role=\"img\" draggable=\"false\" src=\"https:\/\/s.w.org\/images\/core\/emoji\/14.0.0\/svg\/1f49a.svg\" alt=\"LiveGooD Love\" \/> Sant\u00e9 Cardiovasculaire<br \/>\n<img decoding=\"async\" class=\"emoji\" role=\"img\" draggable=\"false\" src=\"https:\/\/s.w.org\/images\/core\/emoji\/14.0.0\/svg\/1f49a.svg\" alt=\"LiveGooD Love\" \/> Diffusion<br \/>\n<img decoding=\"async\" class=\"emoji\" role=\"img\" draggable=\"false\" src=\"https:\/\/s.w.org\/images\/core\/emoji\/14.0.0\/svg\/1f49a.svg\" alt=\"LiveGooD Love\" \/> Sant\u00e9 sexuelle<br \/>\n<img decoding=\"async\" class=\"emoji\" role=\"img\" draggable=\"false\" src=\"https:\/\/s.w.org\/images\/core\/emoji\/14.0.0\/svg\/1f49a.svg\" alt=\"LiveGooD Love\" \/> Cerveau et fonctions cognitives<\/p>\n","protected":false},"featured_media":199,"comment_status":"open","ping_status":"closed","template":"","meta":[],"product_brand":[],"product_cat":[215],"product_tag":[],"class_list":{"0":"post-871","1":"product","2":"type-product","3":"status-publish","4":"has-post-thumbnail","6":"product_cat-supplements-fr-fr","8":"first","9":"instock","10":"sale","11":"shipping-taxable","12":"product-type-external"},"yoast_head":"<!-- This site is optimized with the Yoast SEO Premium plugin v20.6 (Yoast SEO v21.8.1) - https:\/\/yoast.com\/wordpress\/plugins\/seo\/ -->\n<title>Organique Super Reds - LiveGooD Shop<\/title>\n<meta name=\"robots\" content=\"index, follow, max-snippet:-1, max-image-preview:large, max-video-preview:-1\" \/>\n<link rel=\"canonical\" href=\"https:\/\/livegood.network\/shop\/fr-fr\/product\/organic-super-reds-fr-fr\/\" \/>\n<meta property=\"og:locale\" content=\"en_US\" \/>\n<meta property=\"og:type\" content=\"article\" \/>\n<meta property=\"og:title\" content=\"Organique Super Reds\" \/>\n<meta property=\"og:description\" content=\"Sant\u00e9 Cardiovasculaire  Diffusion  Sant\u00e9 sexuelle  Cerveau et fonctions cognitives\" \/>\n<meta property=\"og:url\" content=\"https:\/\/livegood.network\/shop\/fr-fr\/product\/organic-super-reds-fr-fr\/\" \/>\n<meta property=\"article:publisher\" content=\"https:\/\/www.facebook.com\/livegoodhello\" \/>\n<meta property=\"article:modified_time\" content=\"2024-02-02T18:44:52+00:00\" \/>\n<meta property=\"og:image\" content=\"https:\/\/livegood.network\/shop\/wp-content\/uploads\/2024\/01\/super-reds-dietary-supplement-livegood.png\" \/>\n\t<meta property=\"og:image:width\" content=\"720\" \/>\n\t<meta property=\"og:image:height\" content=\"720\" \/>\n\t<meta property=\"og:image:type\" content=\"image\/png\" \/>\n<meta name=\"twitter:card\" content=\"summary_large_image\" \/>\n<meta name=\"twitter:label1\" content=\"Est. reading time\" \/>\n\t<meta name=\"twitter:data1\" content=\"2 minutes\" \/>\n<script type=\"application\/ld+json\" class=\"yoast-schema-graph\">{\"@context\":\"https:\/\/schema.org\",\"@graph\":[{\"@type\":\"WebPage\",\"@id\":\"https:\/\/livegood.network\/shop\/fr-fr\/product\/organic-super-reds-fr-fr\/\",\"url\":\"https:\/\/livegood.network\/shop\/fr-fr\/product\/organic-super-reds-fr-fr\/\",\"name\":\"Organique Super Reds - LiveGooD Shop\",\"isPartOf\":{\"@id\":\"https:\/\/livegood.network\/shop\/#website\"},\"datePublished\":\"2024-01-24T19:32:38+00:00\",\"dateModified\":\"2024-02-02T18:44:52+00:00\",\"breadcrumb\":{\"@id\":\"https:\/\/livegood.network\/shop\/fr-fr\/product\/organic-super-reds-fr-fr\/#breadcrumb\"},\"inLanguage\":\"en-US\",\"potentialAction\":[{\"@type\":\"ReadAction\",\"target\":[\"https:\/\/livegood.network\/shop\/fr-fr\/product\/organic-super-reds-fr-fr\/\"]}]},{\"@type\":\"BreadcrumbList\",\"@id\":\"https:\/\/livegood.network\/shop\/fr-fr\/product\/organic-super-reds-fr-fr\/#breadcrumb\",\"itemListElement\":[{\"@type\":\"ListItem\",\"position\":1,\"name\":\"Home\",\"item\":\"https:\/\/livegood.network\/shop\/pt-br\/\"},{\"@type\":\"ListItem\",\"position\":2,\"name\":\"Shop\",\"item\":\"https:\/\/livegood.network\/shop\/shop\/\"},{\"@type\":\"ListItem\",\"position\":3,\"name\":\"Organique Super Reds\"}]},{\"@type\":\"WebSite\",\"@id\":\"https:\/\/livegood.network\/shop\/#website\",\"url\":\"https:\/\/livegood.network\/shop\/\",\"name\":\"LiveGooD Shop\",\"description\":\"\",\"publisher\":{\"@id\":\"https:\/\/livegood.network\/shop\/#organization\"},\"potentialAction\":[{\"@type\":\"SearchAction\",\"target\":{\"@type\":\"EntryPoint\",\"urlTemplate\":\"https:\/\/livegood.network\/shop\/?s={search_term_string}\"},\"query-input\":\"required name=search_term_string\"}],\"inLanguage\":\"en-US\"},{\"@type\":\"Organization\",\"@id\":\"https:\/\/livegood.network\/shop\/#organization\",\"name\":\"LiveGooD\",\"url\":\"https:\/\/livegood.network\/shop\/\",\"logo\":{\"@type\":\"ImageObject\",\"inLanguage\":\"en-US\",\"@id\":\"https:\/\/livegood.network\/shop\/#\/schema\/logo\/image\/\",\"url\":\"https:\/\/livegood.network\/shop\/wp-content\/uploads\/2024\/01\/logo-livegood-shop-main.png\",\"contentUrl\":\"https:\/\/livegood.network\/shop\/wp-content\/uploads\/2024\/01\/logo-livegood-shop-main.png\",\"width\":373,\"height\":115,\"caption\":\"LiveGooD\"},\"image\":{\"@id\":\"https:\/\/livegood.network\/shop\/#\/schema\/logo\/image\/\"},\"sameAs\":[\"https:\/\/www.facebook.com\/livegoodhello\"]}]}<\/script>\n<!-- \/ Yoast SEO Premium plugin. -->","yoast_head_json":{"title":"Organique Super Reds - LiveGooD Shop","robots":{"index":"index","follow":"follow","max-snippet":"max-snippet:-1","max-image-preview":"max-image-preview:large","max-video-preview":"max-video-preview:-1"},"canonical":"https:\/\/livegood.network\/shop\/fr-fr\/product\/organic-super-reds-fr-fr\/","og_locale":"en_US","og_type":"article","og_title":"Organique Super Reds","og_description":"Sant\u00e9 Cardiovasculaire  Diffusion  Sant\u00e9 sexuelle  Cerveau et fonctions cognitives","og_url":"https:\/\/livegood.network\/shop\/fr-fr\/product\/organic-super-reds-fr-fr\/","article_publisher":"https:\/\/www.facebook.com\/livegoodhello","article_modified_time":"2024-02-02T18:44:52+00:00","og_image":[{"width":720,"height":720,"url":"https:\/\/livegood.network\/shop\/wp-content\/uploads\/2024\/01\/super-reds-dietary-supplement-livegood.png","type":"image\/png"}],"twitter_card":"summary_large_image","twitter_misc":{"Est. reading time":"2 minutes"},"schema":{"@context":"https:\/\/schema.org","@graph":[{"@type":"WebPage","@id":"https:\/\/livegood.network\/shop\/fr-fr\/product\/organic-super-reds-fr-fr\/","url":"https:\/\/livegood.network\/shop\/fr-fr\/product\/organic-super-reds-fr-fr\/","name":"Organique Super Reds - LiveGooD Shop","isPartOf":{"@id":"https:\/\/livegood.network\/shop\/#website"},"datePublished":"2024-01-24T19:32:38+00:00","dateModified":"2024-02-02T18:44:52+00:00","breadcrumb":{"@id":"https:\/\/livegood.network\/shop\/fr-fr\/product\/organic-super-reds-fr-fr\/#breadcrumb"},"inLanguage":"en-US","potentialAction":[{"@type":"ReadAction","target":["https:\/\/livegood.network\/shop\/fr-fr\/product\/organic-super-reds-fr-fr\/"]}]},{"@type":"BreadcrumbList","@id":"https:\/\/livegood.network\/shop\/fr-fr\/product\/organic-super-reds-fr-fr\/#breadcrumb","itemListElement":[{"@type":"ListItem","position":1,"name":"Home","item":"https:\/\/livegood.network\/shop\/pt-br\/"},{"@type":"ListItem","position":2,"name":"Shop","item":"https:\/\/livegood.network\/shop\/shop\/"},{"@type":"ListItem","position":3,"name":"Organique Super Reds"}]},{"@type":"WebSite","@id":"https:\/\/livegood.network\/shop\/#website","url":"https:\/\/livegood.network\/shop\/","name":"LiveGooD Shop","description":"","publisher":{"@id":"https:\/\/livegood.network\/shop\/#organization"},"potentialAction":[{"@type":"SearchAction","target":{"@type":"EntryPoint","urlTemplate":"https:\/\/livegood.network\/shop\/?s={search_term_string}"},"query-input":"required name=search_term_string"}],"inLanguage":"en-US"},{"@type":"Organization","@id":"https:\/\/livegood.network\/shop\/#organization","name":"LiveGooD","url":"https:\/\/livegood.network\/shop\/","logo":{"@type":"ImageObject","inLanguage":"en-US","@id":"https:\/\/livegood.network\/shop\/#\/schema\/logo\/image\/","url":"https:\/\/livegood.network\/shop\/wp-content\/uploads\/2024\/01\/logo-livegood-shop-main.png","contentUrl":"https:\/\/livegood.network\/shop\/wp-content\/uploads\/2024\/01\/logo-livegood-shop-main.png","width":373,"height":115,"caption":"LiveGooD"},"image":{"@id":"https:\/\/livegood.network\/shop\/#\/schema\/logo\/image\/"},"sameAs":["https:\/\/www.facebook.com\/livegoodhello"]}]}},"lang":"fr-fr","translations":{"fr-fr":871,"pt-br":884,"pt-pt":873,"en-us":198,"es-es":872,"vi":874,"ru-ru":875,"ko":876},"pll_sync_post":[],"_links":{"self":[{"href":"https:\/\/livegood.network\/shop\/wp-json\/wp\/v2\/product\/871","targetHints":{"allow":["GET"]}}],"collection":[{"href":"https:\/\/livegood.network\/shop\/wp-json\/wp\/v2\/product"}],"about":[{"href":"https:\/\/livegood.network\/shop\/wp-json\/wp\/v2\/types\/product"}],"replies":[{"embeddable":true,"href":"https:\/\/livegood.network\/shop\/wp-json\/wp\/v2\/comments?post=871"}],"version-history":[{"count":1,"href":"https:\/\/livegood.network\/shop\/wp-json\/wp\/v2\/product\/871\/revisions"}],"predecessor-version":[{"id":1655,"href":"https:\/\/livegood.network\/shop\/wp-json\/wp\/v2\/product\/871\/revisions\/1655"}],"wp:featuredmedia":[{"embeddable":true,"href":"https:\/\/livegood.network\/shop\/wp-json\/wp\/v2\/media\/199"}],"wp:attachment":[{"href":"https:\/\/livegood.network\/shop\/wp-json\/wp\/v2\/media?parent=871"}],"wp:term":[{"taxonomy":"product_brand","embeddable":true,"href":"https:\/\/livegood.network\/shop\/wp-json\/wp\/v2\/product_brand?post=871"},{"taxonomy":"product_cat","embeddable":true,"href":"https:\/\/livegood.network\/shop\/wp-json\/wp\/v2\/product_cat?post=871"},{"taxonomy":"product_tag","embeddable":true,"href":"https:\/\/livegood.network\/shop\/wp-json\/wp\/v2\/product_tag?post=871"}],"curies":[{"name":"wp","href":"https:\/\/api.w.org\/{rel}","templated":true}]}}