{"id":872,"date":"2024-01-24T19:35:17","date_gmt":"2024-01-24T19:35:17","guid":{"rendered":"https:\/\/livegood.network\/shop\/?post_type=product&#038;p=872"},"modified":"2024-02-02T18:44:38","modified_gmt":"2024-02-02T18:44:38","slug":"organic-super-reds-es-es","status":"publish","type":"product","link":"https:\/\/livegood.network\/shop\/es-es\/product\/organic-super-reds-es-es\/","title":{"rendered":"Org\u00e1nico Super Reds"},"content":{"rendered":"<div class=\"flex-1 overflow-hidden\">\n<div class=\"react-scroll-to-bottom--css-ddarl-79elbk h-full\">\n<div class=\"react-scroll-to-bottom--css-ddarl-1n7m0yu\">\n<div class=\"flex flex-col pb-9 text-sm\">\n<div class=\"w-full text-token-text-primary\" data-testid=\"conversation-turn-19\">\n<div class=\"px-4 py-2 justify-center text-base md:gap-6 m-auto\">\n<div class=\"flex flex-1 text-base mx-auto gap-3 md:px-5 lg:px-1 xl:px-5 md:max-w-3xl lg:max-w-[40rem] xl:max-w-[48rem] group final-completion\">\n<div class=\"relative flex w-full flex-col lg:w-[calc(100%-115px)] agent-turn\">\n<div class=\"flex-col gap-1 md:gap-3\">\n<div class=\"flex flex-grow flex-col max-w-full\">\n<div class=\"min-h-[20px] text-message flex flex-col items-start gap-3 whitespace-pre-wrap break-words [.text-message+&amp;]:mt-5 overflow-x-auto\" data-message-author-role=\"assistant\" data-message-id=\"4b5108f5-40ff-4ebf-ac19-b1f68fc6c04f\">\n<div class=\"markdown prose w-full break-words dark:prose-invert light\">\n<div class=\"flex-1 overflow-hidden\">\n<div class=\"react-scroll-to-bottom--css-ddarl-79elbk h-full\">\n<div class=\"react-scroll-to-bottom--css-ddarl-1n7m0yu\">\n<div class=\"flex flex-col pb-9 text-sm\">\n<div class=\"w-full text-token-text-primary\" data-testid=\"conversation-turn-19\">\n<div class=\"px-4 py-2 justify-center text-base md:gap-6 m-auto\">\n<div class=\"flex flex-1 text-base mx-auto gap-3 md:px-5 lg:px-1 xl:px-5 md:max-w-3xl lg:max-w-[40rem] xl:max-w-[48rem] group final-completion\">\n<div class=\"relative flex w-full flex-col lg:w-[calc(100%-115px)] agent-turn\">\n<div class=\"flex-col gap-1 md:gap-3\">\n<div class=\"flex flex-grow flex-col max-w-full\">\n<div class=\"min-h-[20px] text-message flex flex-col items-start gap-3 whitespace-pre-wrap break-words [.text-message+&amp;]:mt-5 overflow-x-auto\" data-message-author-role=\"assistant\" data-message-id=\"4b5108f5-40ff-4ebf-ac19-b1f68fc6c04f\">\n<div class=\"markdown prose w-full break-words dark:prose-invert light\">\n<p><strong>Org\u00e1nico Super Reds de LiveGood: <\/strong><em>\u00a1potenciando su salud cardiovascular!<\/em><\/p>\n<p>En el \u00e1mbito del envejecimiento saludable, \u00a1nada supera la importancia de un coraz\u00f3n sano!\u00a0La forma m\u00e1s eficaz de mantener la salud del coraz\u00f3n es mediante una dieta rica en frutas y verduras rojas.\u00a0Desafortunadamente, muchos de nosotros no consumimos lo suficiente, lo que conlleva posibles consecuencias como un sistema inmunol\u00f3gico debilitado, disminuci\u00f3n de la energ\u00eda y la libido, confusi\u00f3n cognitiva e incluso presi\u00f3n arterial elevada.<\/p>\n<p>\u00a1Ingrese a LiveGood Super Reds!\u00a0Nuestros S\u00faper Rojos Org\u00e1nicos cuentan con la mayor concentraci\u00f3n de extractos de frutas y vegetales famosos por mejorar el flujo sangu\u00edneo al elevar la producci\u00f3n de \u00f3xido n\u00edtrico del cuerpo.\u00a0\u00a1Esto, a su vez, promueve una mayor circulaci\u00f3n sangu\u00ednea, refuerza la funci\u00f3n cerebral y cognitiva, apoya la salud sexual, fortalece la salud del coraz\u00f3n, estimula la funci\u00f3n inmune y maximiza el bienestar corporal general!<\/p>\n<p>Nuestro sabroso polvo se puede mezclar con agua o incorporar a su bebida o batido saludable preferido, lo que lo hace adecuado para consumir en cualquier momento del d\u00eda, con o sin alimentos.<\/p>\n<p>Libre de cafe\u00edna<\/p>\n<p>Libre de crueldad<\/p>\n<p>Sin gluten<\/p>\n<p>Certificado GMP<\/p>\n<p>Amigable con Keto<\/p>\n<p>No GMO<\/p>\n<p>Sin nueces<\/p>\n<p>Org\u00e1nico<\/p>\n<p>Soy-Free<\/p>\n<p>Probado por terceros<\/p>\n<p>Vegano<\/p>\n<p><strong>C\u00d3MO UTILIZAR:<\/strong><\/p>\n<p>Licue 1 cucharada en agua o un batido AL MENOS una vez al d\u00eda.<\/p>\n<p>Cu\u00e1ndo tomarlo: A menudo disfrutamos de dos porciones de polvo rojo al d\u00eda debido a su atractivo sabor.\u00a0Como los Super Reds org\u00e1nicos contribuyen a aumentar la producci\u00f3n de \u00f3xido n\u00edtrico, mejorando la circulaci\u00f3n sangu\u00ednea, sirven excelentemente como refuerzo de energ\u00eda antes del entrenamiento o por la tarde.\u00a0Si se usa como pre-entrenamiento, considere combinarlo con el sabor LiveGood Essential Aminos Fruit Punch para obtener el m\u00e1ximo efecto.\u00a0Se mezcla sin esfuerzo y sabe muy bien con agua con hielo, lo que lo convierte en un sustituto adecuado del jugo o los refrescos.<\/p>\n<\/div>\n<\/div>\n<\/div>\n<\/div>\n<\/div>\n<\/div>\n<\/div>\n<\/div>\n<\/div>\n<\/div>\n<\/div>\n<\/div>\n<\/div>\n<\/div>\n<\/div>\n<\/div>\n<\/div>\n<\/div>\n<\/div>\n<\/div>\n<\/div>\n<\/div>\n<\/div>\n<\/div>\n","protected":false},"excerpt":{"rendered":"<p><img decoding=\"async\" class=\"emoji\" role=\"img\" draggable=\"false\" src=\"https:\/\/s.w.org\/images\/core\/emoji\/14.0.0\/svg\/1f49a.svg\" alt=\"LiveGooD Love\" \/> Salud Cardiovascular<br \/>\n<img decoding=\"async\" class=\"emoji\" role=\"img\" draggable=\"false\" src=\"https:\/\/s.w.org\/images\/core\/emoji\/14.0.0\/svg\/1f49a.svg\" alt=\"LiveGooD Love\" \/> Circulaci\u00f3n<br \/>\n<img decoding=\"async\" class=\"emoji\" role=\"img\" draggable=\"false\" src=\"https:\/\/s.w.org\/images\/core\/emoji\/14.0.0\/svg\/1f49a.svg\" alt=\"LiveGooD Love\" \/> Salud sexual<br \/>\n<img decoding=\"async\" class=\"emoji\" role=\"img\" draggable=\"false\" src=\"https:\/\/s.w.org\/images\/core\/emoji\/14.0.0\/svg\/1f49a.svg\" alt=\"LiveGooD Love\" \/> Cerebro y Funci\u00f3n Cognitiva<\/p>\n","protected":false},"featured_media":199,"comment_status":"open","ping_status":"closed","template":"","meta":[],"product_brand":[],"product_cat":[212],"product_tag":[],"class_list":{"0":"post-872","1":"product","2":"type-product","3":"status-publish","4":"has-post-thumbnail","6":"product_cat-supplements-es-es","8":"first","9":"instock","10":"sale","11":"shipping-taxable","12":"product-type-external"},"yoast_head":"<!-- This site is optimized with the Yoast SEO Premium plugin v20.6 (Yoast SEO v21.8.1) - https:\/\/yoast.com\/wordpress\/plugins\/seo\/ -->\n<title>Org\u00e1nico Super Reds - LiveGooD Shop<\/title>\n<meta name=\"robots\" content=\"index, follow, max-snippet:-1, max-image-preview:large, max-video-preview:-1\" \/>\n<link rel=\"canonical\" href=\"https:\/\/livegood.network\/shop\/es-es\/product\/organic-super-reds-es-es\/\" \/>\n<meta property=\"og:locale\" content=\"en_US\" \/>\n<meta property=\"og:type\" content=\"article\" \/>\n<meta property=\"og:title\" content=\"Org\u00e1nico Super Reds\" \/>\n<meta property=\"og:description\" content=\"Salud Cardiovascular  Circulaci\u00f3n  Salud sexual  Cerebro y Funci\u00f3n Cognitiva\" \/>\n<meta property=\"og:url\" content=\"https:\/\/livegood.network\/shop\/es-es\/product\/organic-super-reds-es-es\/\" \/>\n<meta property=\"article:publisher\" content=\"https:\/\/www.facebook.com\/livegoodhello\" \/>\n<meta property=\"article:modified_time\" content=\"2024-02-02T18:44:38+00:00\" \/>\n<meta property=\"og:image\" content=\"https:\/\/livegood.network\/shop\/wp-content\/uploads\/2024\/01\/super-reds-dietary-supplement-livegood.png\" \/>\n\t<meta property=\"og:image:width\" content=\"720\" \/>\n\t<meta property=\"og:image:height\" content=\"720\" \/>\n\t<meta property=\"og:image:type\" content=\"image\/png\" \/>\n<meta name=\"twitter:card\" content=\"summary_large_image\" \/>\n<meta name=\"twitter:label1\" content=\"Est. reading time\" \/>\n\t<meta name=\"twitter:data1\" content=\"2 minutes\" \/>\n<script type=\"application\/ld+json\" class=\"yoast-schema-graph\">{\"@context\":\"https:\/\/schema.org\",\"@graph\":[{\"@type\":\"WebPage\",\"@id\":\"https:\/\/livegood.network\/shop\/es-es\/product\/organic-super-reds-es-es\/\",\"url\":\"https:\/\/livegood.network\/shop\/es-es\/product\/organic-super-reds-es-es\/\",\"name\":\"Org\u00e1nico Super Reds - LiveGooD Shop\",\"isPartOf\":{\"@id\":\"https:\/\/livegood.network\/shop\/#website\"},\"datePublished\":\"2024-01-24T19:35:17+00:00\",\"dateModified\":\"2024-02-02T18:44:38+00:00\",\"breadcrumb\":{\"@id\":\"https:\/\/livegood.network\/shop\/es-es\/product\/organic-super-reds-es-es\/#breadcrumb\"},\"inLanguage\":\"en-US\",\"potentialAction\":[{\"@type\":\"ReadAction\",\"target\":[\"https:\/\/livegood.network\/shop\/es-es\/product\/organic-super-reds-es-es\/\"]}]},{\"@type\":\"BreadcrumbList\",\"@id\":\"https:\/\/livegood.network\/shop\/es-es\/product\/organic-super-reds-es-es\/#breadcrumb\",\"itemListElement\":[{\"@type\":\"ListItem\",\"position\":1,\"name\":\"Home\",\"item\":\"https:\/\/livegood.network\/shop\/pt-br\/\"},{\"@type\":\"ListItem\",\"position\":2,\"name\":\"Shop\",\"item\":\"https:\/\/livegood.network\/shop\/shop\/\"},{\"@type\":\"ListItem\",\"position\":3,\"name\":\"Org\u00e1nico Super Reds\"}]},{\"@type\":\"WebSite\",\"@id\":\"https:\/\/livegood.network\/shop\/#website\",\"url\":\"https:\/\/livegood.network\/shop\/\",\"name\":\"LiveGooD Shop\",\"description\":\"\",\"publisher\":{\"@id\":\"https:\/\/livegood.network\/shop\/#organization\"},\"potentialAction\":[{\"@type\":\"SearchAction\",\"target\":{\"@type\":\"EntryPoint\",\"urlTemplate\":\"https:\/\/livegood.network\/shop\/?s={search_term_string}\"},\"query-input\":\"required name=search_term_string\"}],\"inLanguage\":\"en-US\"},{\"@type\":\"Organization\",\"@id\":\"https:\/\/livegood.network\/shop\/#organization\",\"name\":\"LiveGooD\",\"url\":\"https:\/\/livegood.network\/shop\/\",\"logo\":{\"@type\":\"ImageObject\",\"inLanguage\":\"en-US\",\"@id\":\"https:\/\/livegood.network\/shop\/#\/schema\/logo\/image\/\",\"url\":\"https:\/\/livegood.network\/shop\/wp-content\/uploads\/2024\/01\/logo-livegood-shop-main.png\",\"contentUrl\":\"https:\/\/livegood.network\/shop\/wp-content\/uploads\/2024\/01\/logo-livegood-shop-main.png\",\"width\":373,\"height\":115,\"caption\":\"LiveGooD\"},\"image\":{\"@id\":\"https:\/\/livegood.network\/shop\/#\/schema\/logo\/image\/\"},\"sameAs\":[\"https:\/\/www.facebook.com\/livegoodhello\"]}]}<\/script>\n<!-- \/ Yoast SEO Premium plugin. -->","yoast_head_json":{"title":"Org\u00e1nico Super Reds - LiveGooD Shop","robots":{"index":"index","follow":"follow","max-snippet":"max-snippet:-1","max-image-preview":"max-image-preview:large","max-video-preview":"max-video-preview:-1"},"canonical":"https:\/\/livegood.network\/shop\/es-es\/product\/organic-super-reds-es-es\/","og_locale":"en_US","og_type":"article","og_title":"Org\u00e1nico Super Reds","og_description":"Salud Cardiovascular  Circulaci\u00f3n  Salud sexual  Cerebro y Funci\u00f3n Cognitiva","og_url":"https:\/\/livegood.network\/shop\/es-es\/product\/organic-super-reds-es-es\/","article_publisher":"https:\/\/www.facebook.com\/livegoodhello","article_modified_time":"2024-02-02T18:44:38+00:00","og_image":[{"width":720,"height":720,"url":"https:\/\/livegood.network\/shop\/wp-content\/uploads\/2024\/01\/super-reds-dietary-supplement-livegood.png","type":"image\/png"}],"twitter_card":"summary_large_image","twitter_misc":{"Est. reading time":"2 minutes"},"schema":{"@context":"https:\/\/schema.org","@graph":[{"@type":"WebPage","@id":"https:\/\/livegood.network\/shop\/es-es\/product\/organic-super-reds-es-es\/","url":"https:\/\/livegood.network\/shop\/es-es\/product\/organic-super-reds-es-es\/","name":"Org\u00e1nico Super Reds - LiveGooD Shop","isPartOf":{"@id":"https:\/\/livegood.network\/shop\/#website"},"datePublished":"2024-01-24T19:35:17+00:00","dateModified":"2024-02-02T18:44:38+00:00","breadcrumb":{"@id":"https:\/\/livegood.network\/shop\/es-es\/product\/organic-super-reds-es-es\/#breadcrumb"},"inLanguage":"en-US","potentialAction":[{"@type":"ReadAction","target":["https:\/\/livegood.network\/shop\/es-es\/product\/organic-super-reds-es-es\/"]}]},{"@type":"BreadcrumbList","@id":"https:\/\/livegood.network\/shop\/es-es\/product\/organic-super-reds-es-es\/#breadcrumb","itemListElement":[{"@type":"ListItem","position":1,"name":"Home","item":"https:\/\/livegood.network\/shop\/pt-br\/"},{"@type":"ListItem","position":2,"name":"Shop","item":"https:\/\/livegood.network\/shop\/shop\/"},{"@type":"ListItem","position":3,"name":"Org\u00e1nico Super Reds"}]},{"@type":"WebSite","@id":"https:\/\/livegood.network\/shop\/#website","url":"https:\/\/livegood.network\/shop\/","name":"LiveGooD Shop","description":"","publisher":{"@id":"https:\/\/livegood.network\/shop\/#organization"},"potentialAction":[{"@type":"SearchAction","target":{"@type":"EntryPoint","urlTemplate":"https:\/\/livegood.network\/shop\/?s={search_term_string}"},"query-input":"required name=search_term_string"}],"inLanguage":"en-US"},{"@type":"Organization","@id":"https:\/\/livegood.network\/shop\/#organization","name":"LiveGooD","url":"https:\/\/livegood.network\/shop\/","logo":{"@type":"ImageObject","inLanguage":"en-US","@id":"https:\/\/livegood.network\/shop\/#\/schema\/logo\/image\/","url":"https:\/\/livegood.network\/shop\/wp-content\/uploads\/2024\/01\/logo-livegood-shop-main.png","contentUrl":"https:\/\/livegood.network\/shop\/wp-content\/uploads\/2024\/01\/logo-livegood-shop-main.png","width":373,"height":115,"caption":"LiveGooD"},"image":{"@id":"https:\/\/livegood.network\/shop\/#\/schema\/logo\/image\/"},"sameAs":["https:\/\/www.facebook.com\/livegoodhello"]}]}},"lang":"es-es","translations":{"es-es":872,"pt-br":884,"pt-pt":873,"en-us":198,"fr-fr":871,"vi":874,"ru-ru":875,"ko":876},"pll_sync_post":[],"_links":{"self":[{"href":"https:\/\/livegood.network\/shop\/wp-json\/wp\/v2\/product\/872","targetHints":{"allow":["GET"]}}],"collection":[{"href":"https:\/\/livegood.network\/shop\/wp-json\/wp\/v2\/product"}],"about":[{"href":"https:\/\/livegood.network\/shop\/wp-json\/wp\/v2\/types\/product"}],"replies":[{"embeddable":true,"href":"https:\/\/livegood.network\/shop\/wp-json\/wp\/v2\/comments?post=872"}],"version-history":[{"count":1,"href":"https:\/\/livegood.network\/shop\/wp-json\/wp\/v2\/product\/872\/revisions"}],"predecessor-version":[{"id":1654,"href":"https:\/\/livegood.network\/shop\/wp-json\/wp\/v2\/product\/872\/revisions\/1654"}],"wp:featuredmedia":[{"embeddable":true,"href":"https:\/\/livegood.network\/shop\/wp-json\/wp\/v2\/media\/199"}],"wp:attachment":[{"href":"https:\/\/livegood.network\/shop\/wp-json\/wp\/v2\/media?parent=872"}],"wp:term":[{"taxonomy":"product_brand","embeddable":true,"href":"https:\/\/livegood.network\/shop\/wp-json\/wp\/v2\/product_brand?post=872"},{"taxonomy":"product_cat","embeddable":true,"href":"https:\/\/livegood.network\/shop\/wp-json\/wp\/v2\/product_cat?post=872"},{"taxonomy":"product_tag","embeddable":true,"href":"https:\/\/livegood.network\/shop\/wp-json\/wp\/v2\/product_tag?post=872"}],"curies":[{"name":"wp","href":"https:\/\/api.w.org\/{rel}","templated":true}]}}