{"id":874,"date":"2024-01-24T19:51:39","date_gmt":"2024-01-24T19:51:39","guid":{"rendered":"https:\/\/livegood.network\/shop\/?post_type=product&#038;p=874"},"modified":"2024-02-02T18:45:58","modified_gmt":"2024-02-02T18:45:58","slug":"organic-super-reds-vi","status":"publish","type":"product","link":"https:\/\/livegood.network\/shop\/vi\/product\/organic-super-reds-vi\/","title":{"rendered":"H\u1eefu c\u01a1 Super Reds"},"content":{"rendered":"<div class=\"flex-1 overflow-hidden\">\n<div class=\"react-scroll-to-bottom--css-ddarl-79elbk h-full\">\n<div class=\"react-scroll-to-bottom--css-ddarl-1n7m0yu\">\n<div class=\"flex flex-col pb-9 text-sm\">\n<div class=\"w-full text-token-text-primary\" data-testid=\"conversation-turn-19\">\n<div class=\"px-4 py-2 justify-center text-base md:gap-6 m-auto\">\n<div class=\"flex flex-1 text-base mx-auto gap-3 md:px-5 lg:px-1 xl:px-5 md:max-w-3xl lg:max-w-[40rem] xl:max-w-[48rem] group final-completion\">\n<div class=\"relative flex w-full flex-col lg:w-[calc(100%-115px)] agent-turn\">\n<div class=\"flex-col gap-1 md:gap-3\">\n<div class=\"flex flex-grow flex-col max-w-full\">\n<div class=\"min-h-[20px] text-message flex flex-col items-start gap-3 whitespace-pre-wrap break-words [.text-message+&amp;]:mt-5 overflow-x-auto\" data-message-author-role=\"assistant\" data-message-id=\"4b5108f5-40ff-4ebf-ac19-b1f68fc6c04f\">\n<div class=\"markdown prose w-full break-words dark:prose-invert light\">\n<div class=\"flex-1 overflow-hidden\">\n<div class=\"react-scroll-to-bottom--css-ddarl-79elbk h-full\">\n<div class=\"react-scroll-to-bottom--css-ddarl-1n7m0yu\">\n<div class=\"flex flex-col pb-9 text-sm\">\n<div class=\"w-full text-token-text-primary\" data-testid=\"conversation-turn-19\">\n<div class=\"px-4 py-2 justify-center text-base md:gap-6 m-auto\">\n<div class=\"flex flex-1 text-base mx-auto gap-3 md:px-5 lg:px-1 xl:px-5 md:max-w-3xl lg:max-w-[40rem] xl:max-w-[48rem] group final-completion\">\n<div class=\"relative flex w-full flex-col lg:w-[calc(100%-115px)] agent-turn\">\n<div class=\"flex-col gap-1 md:gap-3\">\n<div class=\"flex flex-grow flex-col max-w-full\">\n<div class=\"min-h-[20px] text-message flex flex-col items-start gap-3 whitespace-pre-wrap break-words [.text-message+&amp;]:mt-5 overflow-x-auto\" data-message-author-role=\"assistant\" data-message-id=\"4b5108f5-40ff-4ebf-ac19-b1f68fc6c04f\">\n<div class=\"markdown prose w-full break-words dark:prose-invert light\">\n<p><strong>Super Reds h\u1eefu c\u01a1 c\u1ee7a LiveGood:\u00a0<\/strong><em>T\u0103ng c\u01b0\u1eddng s\u1ee9c kh\u1ecfe tim m\u1ea1ch c\u1ee7a b\u1ea1n!<\/em><\/p>\n<p>Trong l\u0129nh v\u1ef1c l\u00e3o h\u00f3a kh\u1ecfe m\u1ea1nh, kh\u00f4ng c\u00f3 g\u00ec v\u01b0\u1ee3t qua \u0111\u01b0\u1ee3c t\u1ea7m quan tr\u1ecdng c\u1ee7a m\u1ed9t tr\u00e1i tim kh\u1ecfe m\u1ea1nh!\u00a0C\u00e1ch hi\u1ec7u qu\u1ea3 nh\u1ea5t \u0111\u1ec3 duy tr\u00ec s\u1ee9c kh\u1ecfe tim m\u1ea1ch l\u00e0 th\u00f4ng qua ch\u1ebf \u0111\u1ed9 \u0103n nhi\u1ec1u tr\u00e1i c\u00e2y v\u00e0 rau qu\u1ea3 m\u00e0u \u0111\u1ecf.\u00a0Th\u1eadt kh\u00f4ng may, nhi\u1ec1u ng\u01b0\u1eddi trong ch\u00fang ta kh\u00f4ng ti\u00eau th\u1ee5 \u0111\u1ee7, d\u1eabn \u0111\u1ebfn nh\u1eefng h\u1eadu qu\u1ea3 ti\u1ec1m \u1ea9n nh\u01b0 h\u1ec7 th\u1ed1ng mi\u1ec5n d\u1ecbch suy y\u1ebfu, gi\u1ea3m n\u0103ng l\u01b0\u1ee3ng v\u00e0 ham mu\u1ed1n t\u00ecnh d\u1ee5c, s\u01b0\u01a1ng m\u00f9 nh\u1eadn th\u1ee9c v\u00e0 th\u1eadm ch\u00ed t\u0103ng huy\u1ebft \u00e1p.<\/p>\n<p>Nh\u1eadp LiveGood Super Reds!\u00a0Super Reds h\u1eefu c\u01a1 c\u1ee7a ch\u00fang t\u00f4i t\u1ef1 h\u00e0o c\u00f3 n\u1ed3ng \u0111\u1ed9 cao nh\u1ea5t c\u1ee7a chi\u1ebft xu\u1ea5t tr\u00e1i c\u00e2y v\u00e0 rau qu\u1ea3 n\u1ed5i ti\u1ebfng trong vi\u1ec7c t\u0103ng c\u01b0\u1eddng l\u01b0u l\u01b0\u1ee3ng m\u00e1u b\u1eb1ng c\u00e1ch n\u00e2ng cao s\u1ea3n xu\u1ea5t Nitric Oxide c\u1ee7a c\u01a1 th\u1ec3.\u00a0Ng\u01b0\u1ee3c l\u1ea1i, \u0111i\u1ec1u n\u00e0y s\u1ebd th\u00fac \u0111\u1ea9y t\u0103ng c\u01b0\u1eddng l\u01b0u th\u00f4ng m\u00e1u, t\u0103ng c\u01b0\u1eddng ch\u1ee9c n\u0103ng n\u00e3o v\u00e0 nh\u1eadn th\u1ee9c, h\u1ed7 tr\u1ee3 s\u1ee9c kh\u1ecfe t\u00ecnh d\u1ee5c, c\u1ee7ng c\u1ed1 s\u1ee9c kh\u1ecfe tim m\u1ea1ch, t\u0103ng c\u01b0\u1eddng ch\u1ee9c n\u0103ng mi\u1ec5n d\u1ecbch v\u00e0 t\u1ed1i \u0111a h\u00f3a s\u1ee9c kh\u1ecfe c\u01a1 th\u1ec3 t\u1ed5ng th\u1ec3!<\/p>\n<p>B\u1ed9t ngon mi\u1ec7ng c\u1ee7a ch\u00fang t\u00f4i c\u00f3 th\u1ec3 \u0111\u01b0\u1ee3c tr\u1ed9n v\u1edbi n\u01b0\u1edbc ho\u1eb7c pha v\u00e0o \u0111\u1ed3 u\u1ed1ng ho\u1eb7c sinh t\u1ed1 l\u00e0nh m\u1ea1nh \u01b0a th\u00edch c\u1ee7a b\u1ea1n, khi\u1ebfn n\u00f3 ph\u00f9 h\u1ee3p \u0111\u1ec3 ti\u00eau th\u1ee5 b\u1ea5t c\u1ee9 l\u00fac n\u00e0o trong ng\u00e0y, c\u00f3 ho\u1eb7c kh\u00f4ng c\u00f3 th\u1ee9c \u0103n!<\/p>\n<p>Kh\u00f4ng ch\u1ee9a caffein<\/p>\n<p>T\u00e0n \u00e1c mi\u1ec5n ph\u00ed<\/p>\n<p>Kh\u00f4ng ch\u1ee9a gluten<\/p>\n<p>Ch\u1ee9ng nh\u1eadn GMP<\/p>\n<p>Th\u00e2n thi\u1ec7n v\u1edbi Keto<\/p>\n<p>Kh\u00f4ng bi\u1ebfn \u0111\u1ed5i gen<\/p>\n<p>Kh\u00f4ng c\u00f3 h\u1ea1t<\/p>\n<p>H\u1eefu c\u01a1<\/p>\n<p>Kh\u00f4ng c\u00f3 \u0111\u1eadu n\u00e0nh<\/p>\n<p>\u0110\u00e3 \u0111\u01b0\u1ee3c b\u00ean th\u1ee9 ba ki\u1ec3m tra<\/p>\n<p>thu\u1ea7n chay<\/p>\n<p><strong>C\u00c1CH S\u1eec D\u1ee4NG:<\/strong><\/p>\n<p>Tr\u1ed9n 1 mu\u1ed7ng v\u00e0o n\u01b0\u1edbc ho\u1eb7c m\u1ecbn \u00edt nh\u1ea5t m\u1ed9t l\u1ea7n m\u1ed7i ng\u00e0y.<\/p>\n<p>N\u00ean d\u00f9ng khi n\u00e0o: Ch\u00fang ta th\u01b0\u1eddng th\u01b0\u1edfng th\u1ee9c hai ph\u1ea7n b\u1ed9t m\u00e0u \u0111\u1ecf h\u00e0ng ng\u00e0y do h\u01b0\u01a1ng v\u1ecb h\u1ea5p d\u1eabn c\u1ee7a n\u00f3.\u00a0V\u00ec Super Red h\u1eefu c\u01a1 g\u00f3p ph\u1ea7n t\u0103ng c\u01b0\u1eddng s\u1ea3n xu\u1ea5t Nitric Oxide, t\u0103ng c\u01b0\u1eddng l\u01b0u th\u00f4ng m\u00e1u, n\u00ean n\u00f3 c\u00f3 t\u00e1c d\u1ee5ng tuy\u1ec7t v\u1eddi nh\u01b0 m\u1ed9t lo\u1ea1i t\u0103ng c\u01b0\u1eddng n\u0103ng l\u01b0\u1ee3ng tr\u01b0\u1edbc khi t\u1eadp luy\u1ec7n ho\u1eb7c bu\u1ed5i chi\u1ec1u.\u00a0N\u1ebfu \u0111\u01b0\u1ee3c s\u1eed d\u1ee5ng nh\u01b0 m\u1ed9t s\u1ea3n ph\u1ea9m tr\u01b0\u1edbc khi t\u1eadp luy\u1ec7n, h\u00e3y c\u00e2n nh\u1eafc k\u1ebft h\u1ee3p n\u00f3 v\u1edbi h\u01b0\u01a1ng v\u1ecb LiveGood Essential Aminos Fruit Punch \u0111\u1ec3 c\u00f3 \u0111\u01b0\u1ee3c s\u1ee9c m\u1ea1nh t\u1ed1i \u01b0u.\u00a0N\u00f3 d\u1ec5 d\u00e0ng pha tr\u1ed9n v\u00e0 c\u00f3 h\u01b0\u01a1ng v\u1ecb tuy\u1ec7t v\u1eddi khi d\u00f9ng v\u1edbi n\u01b0\u1edbc th\u00eam \u0111\u00e1, khi\u1ebfn n\u00f3 tr\u1edf th\u00e0nh m\u1ed9t ch\u1ea5t thay th\u1ebf th\u00edch h\u1ee3p cho n\u01b0\u1edbc tr\u00e1i c\u00e2y ho\u1eb7c soda.<\/p>\n<\/div>\n<\/div>\n<\/div>\n<\/div>\n<\/div>\n<\/div>\n<\/div>\n<\/div>\n<\/div>\n<\/div>\n<\/div>\n<\/div>\n<\/div>\n<\/div>\n<\/div>\n<\/div>\n<\/div>\n<\/div>\n<\/div>\n<\/div>\n<\/div>\n<\/div>\n<\/div>\n<\/div>\n","protected":false},"excerpt":{"rendered":"<p><img decoding=\"async\" class=\"emoji\" role=\"img\" draggable=\"false\" src=\"https:\/\/s.w.org\/images\/core\/emoji\/14.0.0\/svg\/1f49a.svg\" alt=\"LiveGooD Love\" \/> S\u1ee9c kh\u1ecfe tim m\u1ea1ch<br \/>\n<img decoding=\"async\" class=\"emoji\" role=\"img\" draggable=\"false\" src=\"https:\/\/s.w.org\/images\/core\/emoji\/14.0.0\/svg\/1f49a.svg\" alt=\"LiveGooD Love\" \/> L\u01b0u th\u00f4ng<br \/>\n<img decoding=\"async\" class=\"emoji\" role=\"img\" draggable=\"false\" src=\"https:\/\/s.w.org\/images\/core\/emoji\/14.0.0\/svg\/1f49a.svg\" alt=\"LiveGooD Love\" \/> S\u1ee9c kh\u1ecfe t\u00ecnh d\u1ee5c<br \/>\n<img decoding=\"async\" class=\"emoji\" role=\"img\" draggable=\"false\" src=\"https:\/\/s.w.org\/images\/core\/emoji\/14.0.0\/svg\/1f49a.svg\" alt=\"LiveGooD Love\" \/> Ch\u1ee9c n\u0103ng n\u00e3o v\u00e0 nh\u1eadn th\u1ee9c<\/p>\n","protected":false},"featured_media":199,"comment_status":"open","ping_status":"closed","template":"","meta":[],"product_brand":[],"product_cat":[219],"product_tag":[],"class_list":{"0":"post-874","1":"product","2":"type-product","3":"status-publish","4":"has-post-thumbnail","6":"product_cat-supplements-vi","8":"first","9":"instock","10":"sale","11":"shipping-taxable","12":"product-type-external"},"yoast_head":"<!-- This site is optimized with the Yoast SEO Premium plugin v20.6 (Yoast SEO v21.8.1) - https:\/\/yoast.com\/wordpress\/plugins\/seo\/ -->\n<title>H\u1eefu c\u01a1 Super Reds - LiveGooD Shop<\/title>\n<meta name=\"robots\" content=\"index, follow, max-snippet:-1, max-image-preview:large, max-video-preview:-1\" \/>\n<link rel=\"canonical\" href=\"https:\/\/livegood.network\/shop\/vi\/product\/organic-super-reds-vi\/\" \/>\n<meta property=\"og:locale\" content=\"en_US\" \/>\n<meta property=\"og:type\" content=\"article\" \/>\n<meta property=\"og:title\" content=\"H\u1eefu c\u01a1 Super Reds\" \/>\n<meta property=\"og:description\" content=\"S\u1ee9c kh\u1ecfe tim m\u1ea1ch  L\u01b0u th\u00f4ng  S\u1ee9c kh\u1ecfe t\u00ecnh d\u1ee5c  Ch\u1ee9c n\u0103ng n\u00e3o v\u00e0 nh\u1eadn th\u1ee9c\" \/>\n<meta property=\"og:url\" content=\"https:\/\/livegood.network\/shop\/vi\/product\/organic-super-reds-vi\/\" \/>\n<meta property=\"article:publisher\" content=\"https:\/\/www.facebook.com\/livegoodhello\" \/>\n<meta property=\"article:modified_time\" content=\"2024-02-02T18:45:58+00:00\" \/>\n<meta property=\"og:image\" content=\"https:\/\/livegood.network\/shop\/wp-content\/uploads\/2024\/01\/super-reds-dietary-supplement-livegood.png\" \/>\n\t<meta property=\"og:image:width\" content=\"720\" \/>\n\t<meta property=\"og:image:height\" content=\"720\" \/>\n\t<meta property=\"og:image:type\" content=\"image\/png\" \/>\n<meta name=\"twitter:card\" content=\"summary_large_image\" \/>\n<meta name=\"twitter:label1\" content=\"Est. reading time\" \/>\n\t<meta name=\"twitter:data1\" content=\"3 minutes\" \/>\n<script type=\"application\/ld+json\" class=\"yoast-schema-graph\">{\"@context\":\"https:\/\/schema.org\",\"@graph\":[{\"@type\":\"WebPage\",\"@id\":\"https:\/\/livegood.network\/shop\/vi\/product\/organic-super-reds-vi\/\",\"url\":\"https:\/\/livegood.network\/shop\/vi\/product\/organic-super-reds-vi\/\",\"name\":\"H\u1eefu c\u01a1 Super Reds - LiveGooD Shop\",\"isPartOf\":{\"@id\":\"https:\/\/livegood.network\/shop\/#website\"},\"datePublished\":\"2024-01-24T19:51:39+00:00\",\"dateModified\":\"2024-02-02T18:45:58+00:00\",\"breadcrumb\":{\"@id\":\"https:\/\/livegood.network\/shop\/vi\/product\/organic-super-reds-vi\/#breadcrumb\"},\"inLanguage\":\"en-US\",\"potentialAction\":[{\"@type\":\"ReadAction\",\"target\":[\"https:\/\/livegood.network\/shop\/vi\/product\/organic-super-reds-vi\/\"]}]},{\"@type\":\"BreadcrumbList\",\"@id\":\"https:\/\/livegood.network\/shop\/vi\/product\/organic-super-reds-vi\/#breadcrumb\",\"itemListElement\":[{\"@type\":\"ListItem\",\"position\":1,\"name\":\"Home\",\"item\":\"https:\/\/livegood.network\/shop\/pt-br\/\"},{\"@type\":\"ListItem\",\"position\":2,\"name\":\"Shop\",\"item\":\"https:\/\/livegood.network\/shop\/shop\/\"},{\"@type\":\"ListItem\",\"position\":3,\"name\":\"H\u1eefu c\u01a1 Super Reds\"}]},{\"@type\":\"WebSite\",\"@id\":\"https:\/\/livegood.network\/shop\/#website\",\"url\":\"https:\/\/livegood.network\/shop\/\",\"name\":\"LiveGooD Shop\",\"description\":\"\",\"publisher\":{\"@id\":\"https:\/\/livegood.network\/shop\/#organization\"},\"potentialAction\":[{\"@type\":\"SearchAction\",\"target\":{\"@type\":\"EntryPoint\",\"urlTemplate\":\"https:\/\/livegood.network\/shop\/?s={search_term_string}\"},\"query-input\":\"required name=search_term_string\"}],\"inLanguage\":\"en-US\"},{\"@type\":\"Organization\",\"@id\":\"https:\/\/livegood.network\/shop\/#organization\",\"name\":\"LiveGooD\",\"url\":\"https:\/\/livegood.network\/shop\/\",\"logo\":{\"@type\":\"ImageObject\",\"inLanguage\":\"en-US\",\"@id\":\"https:\/\/livegood.network\/shop\/#\/schema\/logo\/image\/\",\"url\":\"https:\/\/livegood.network\/shop\/wp-content\/uploads\/2024\/01\/logo-livegood-shop-main.png\",\"contentUrl\":\"https:\/\/livegood.network\/shop\/wp-content\/uploads\/2024\/01\/logo-livegood-shop-main.png\",\"width\":373,\"height\":115,\"caption\":\"LiveGooD\"},\"image\":{\"@id\":\"https:\/\/livegood.network\/shop\/#\/schema\/logo\/image\/\"},\"sameAs\":[\"https:\/\/www.facebook.com\/livegoodhello\"]}]}<\/script>\n<!-- \/ Yoast SEO Premium plugin. -->","yoast_head_json":{"title":"H\u1eefu c\u01a1 Super Reds - LiveGooD Shop","robots":{"index":"index","follow":"follow","max-snippet":"max-snippet:-1","max-image-preview":"max-image-preview:large","max-video-preview":"max-video-preview:-1"},"canonical":"https:\/\/livegood.network\/shop\/vi\/product\/organic-super-reds-vi\/","og_locale":"en_US","og_type":"article","og_title":"H\u1eefu c\u01a1 Super Reds","og_description":"S\u1ee9c kh\u1ecfe tim m\u1ea1ch  L\u01b0u th\u00f4ng  S\u1ee9c kh\u1ecfe t\u00ecnh d\u1ee5c  Ch\u1ee9c n\u0103ng n\u00e3o v\u00e0 nh\u1eadn th\u1ee9c","og_url":"https:\/\/livegood.network\/shop\/vi\/product\/organic-super-reds-vi\/","article_publisher":"https:\/\/www.facebook.com\/livegoodhello","article_modified_time":"2024-02-02T18:45:58+00:00","og_image":[{"width":720,"height":720,"url":"https:\/\/livegood.network\/shop\/wp-content\/uploads\/2024\/01\/super-reds-dietary-supplement-livegood.png","type":"image\/png"}],"twitter_card":"summary_large_image","twitter_misc":{"Est. reading time":"3 minutes"},"schema":{"@context":"https:\/\/schema.org","@graph":[{"@type":"WebPage","@id":"https:\/\/livegood.network\/shop\/vi\/product\/organic-super-reds-vi\/","url":"https:\/\/livegood.network\/shop\/vi\/product\/organic-super-reds-vi\/","name":"H\u1eefu c\u01a1 Super Reds - LiveGooD Shop","isPartOf":{"@id":"https:\/\/livegood.network\/shop\/#website"},"datePublished":"2024-01-24T19:51:39+00:00","dateModified":"2024-02-02T18:45:58+00:00","breadcrumb":{"@id":"https:\/\/livegood.network\/shop\/vi\/product\/organic-super-reds-vi\/#breadcrumb"},"inLanguage":"en-US","potentialAction":[{"@type":"ReadAction","target":["https:\/\/livegood.network\/shop\/vi\/product\/organic-super-reds-vi\/"]}]},{"@type":"BreadcrumbList","@id":"https:\/\/livegood.network\/shop\/vi\/product\/organic-super-reds-vi\/#breadcrumb","itemListElement":[{"@type":"ListItem","position":1,"name":"Home","item":"https:\/\/livegood.network\/shop\/pt-br\/"},{"@type":"ListItem","position":2,"name":"Shop","item":"https:\/\/livegood.network\/shop\/shop\/"},{"@type":"ListItem","position":3,"name":"H\u1eefu c\u01a1 Super Reds"}]},{"@type":"WebSite","@id":"https:\/\/livegood.network\/shop\/#website","url":"https:\/\/livegood.network\/shop\/","name":"LiveGooD Shop","description":"","publisher":{"@id":"https:\/\/livegood.network\/shop\/#organization"},"potentialAction":[{"@type":"SearchAction","target":{"@type":"EntryPoint","urlTemplate":"https:\/\/livegood.network\/shop\/?s={search_term_string}"},"query-input":"required name=search_term_string"}],"inLanguage":"en-US"},{"@type":"Organization","@id":"https:\/\/livegood.network\/shop\/#organization","name":"LiveGooD","url":"https:\/\/livegood.network\/shop\/","logo":{"@type":"ImageObject","inLanguage":"en-US","@id":"https:\/\/livegood.network\/shop\/#\/schema\/logo\/image\/","url":"https:\/\/livegood.network\/shop\/wp-content\/uploads\/2024\/01\/logo-livegood-shop-main.png","contentUrl":"https:\/\/livegood.network\/shop\/wp-content\/uploads\/2024\/01\/logo-livegood-shop-main.png","width":373,"height":115,"caption":"LiveGooD"},"image":{"@id":"https:\/\/livegood.network\/shop\/#\/schema\/logo\/image\/"},"sameAs":["https:\/\/www.facebook.com\/livegoodhello"]}]}},"lang":"vi","translations":{"vi":874,"pt-br":884,"pt-pt":873,"en-us":198,"fr-fr":871,"es-es":872,"ru-ru":875,"ko":876},"pll_sync_post":[],"_links":{"self":[{"href":"https:\/\/livegood.network\/shop\/wp-json\/wp\/v2\/product\/874","targetHints":{"allow":["GET"]}}],"collection":[{"href":"https:\/\/livegood.network\/shop\/wp-json\/wp\/v2\/product"}],"about":[{"href":"https:\/\/livegood.network\/shop\/wp-json\/wp\/v2\/types\/product"}],"replies":[{"embeddable":true,"href":"https:\/\/livegood.network\/shop\/wp-json\/wp\/v2\/comments?post=874"}],"version-history":[{"count":1,"href":"https:\/\/livegood.network\/shop\/wp-json\/wp\/v2\/product\/874\/revisions"}],"predecessor-version":[{"id":1659,"href":"https:\/\/livegood.network\/shop\/wp-json\/wp\/v2\/product\/874\/revisions\/1659"}],"wp:featuredmedia":[{"embeddable":true,"href":"https:\/\/livegood.network\/shop\/wp-json\/wp\/v2\/media\/199"}],"wp:attachment":[{"href":"https:\/\/livegood.network\/shop\/wp-json\/wp\/v2\/media?parent=874"}],"wp:term":[{"taxonomy":"product_brand","embeddable":true,"href":"https:\/\/livegood.network\/shop\/wp-json\/wp\/v2\/product_brand?post=874"},{"taxonomy":"product_cat","embeddable":true,"href":"https:\/\/livegood.network\/shop\/wp-json\/wp\/v2\/product_cat?post=874"},{"taxonomy":"product_tag","embeddable":true,"href":"https:\/\/livegood.network\/shop\/wp-json\/wp\/v2\/product_tag?post=874"}],"curies":[{"name":"wp","href":"https:\/\/api.w.org\/{rel}","templated":true}]}}