{"id":886,"date":"2024-01-24T20:01:24","date_gmt":"2024-01-24T20:01:24","guid":{"rendered":"https:\/\/livegood.network\/shop\/?post_type=product&#038;p=886"},"modified":"2026-03-15T23:41:49","modified_gmt":"2026-03-15T23:41:49","slug":"cbd-oil-for-pets-livegood-fr-fr","status":"publish","type":"product","link":"https:\/\/livegood.network\/shop\/fr-fr\/product\/cbd-oil-for-pets-livegood-fr-fr\/","title":{"rendered":"Huile de CBD \u2013 Pour Animaux LiveGooD"},"content":{"rendered":"<p><strong>Huile de CBD \u2013 Pour animaux LiveGooD<\/strong><\/p>\n<p>Fabriqu\u00e9e avec les m\u00eames ingr\u00e9dients de qualit\u00e9 sup\u00e9rieure et les m\u00eames processus m\u00e9ticuleux que nos formulations pour humains, notre formule pour animaux de compagnie \u00e0 saveur de poulet de 300 mg est id\u00e9ale pour r\u00e9pondre aux probl\u00e8mes des animaux tels que l&#8217;anxi\u00e9t\u00e9, le soulagement de la douleur et plus encore !<\/p>\n<p>Pour les propri\u00e9taires d\u2019animaux de compagnie, avoir une bouteille de LiveGood CBD for Pets est un incontournable lorsque cela est n\u00e9cessaire.<\/p>\n<p>Sans cruaut\u00e9<\/p>\n<p>Sans gluten<\/p>\n<p>Certifi\u00e9 BPF<\/p>\n<p>Sans OGM<\/p>\n<p>Sans noix<\/p>\n<p>Sans soja<\/p>\n<p>Test\u00e9 par un tiers<\/p>\n<p>V\u00e9g\u00e9talien 100%<\/p>\n<p><strong>COMMENT UTILISER:<\/strong><\/p>\n<p><strong>Reportez-vous au guide de dosage bas\u00e9 sur le poids fourni sur l&#8217;\u00e9tiquette.\u00a0<\/strong>Tout comme les humains, nos compagnons \u00e0 fourrure ont int\u00e9r\u00eat \u00e0 commencer par une faible dose et \u00e0 l\u2019augmenter progressivement.\u00a0Le m\u00e9lange avec de la nourriture est la m\u00e9thode privil\u00e9gi\u00e9e.<\/p>\n<p>Conseil de pro\u00a0: faites preuve de prudence pour emp\u00eacher votre animal de l\u00e9cher directement le compte-gouttes, car cela peut introduire des bact\u00e9ries et potentiellement contaminer le contenu lorsqu&#8217;il est replac\u00e9 dans la bouteille.<\/p>\n","protected":false},"excerpt":{"rendered":"<p><img decoding=\"async\" class=\"emoji\" role=\"img\" draggable=\"false\" src=\"https:\/\/s.w.org\/images\/core\/emoji\/14.0.0\/svg\/1f49a.svg\" alt=\"LiveGooD Heart\" \/> Compl\u00e9ment alimentaire<br \/>\n<img decoding=\"async\" class=\"emoji\" role=\"img\" draggable=\"false\" src=\"https:\/\/s.w.org\/images\/core\/emoji\/14.0.0\/svg\/1f49a.svg\" alt=\"LiveGooD Heart\" \/> Ar\u00f4me Naturel<br \/>\n<img decoding=\"async\" class=\"emoji\" role=\"img\" draggable=\"false\" src=\"https:\/\/s.w.org\/images\/core\/emoji\/14.0.0\/svg\/1f49a.svg\" alt=\"LiveGooD Heart\" \/> Huile de CBD \u00e0 spectre complet<\/p>\n","protected":false},"featured_media":299,"comment_status":"open","ping_status":"closed","template":"","meta":[],"product_brand":[],"product_cat":[150],"product_tag":[3848],"class_list":{"0":"post-886","1":"product","2":"type-product","3":"status-publish","4":"has-post-thumbnail","6":"product_cat-cbd-fr-fr","7":"product_tag-honest-paws-cbd-oil-fr-fr","9":"first","10":"instock","11":"sale","12":"shipping-taxable","13":"product-type-external"},"yoast_head":"<!-- This site is optimized with the Yoast SEO Premium plugin v20.6 (Yoast SEO v21.8.1) - https:\/\/yoast.com\/wordpress\/plugins\/seo\/ -->\n<title>Huile de CBD \u2013 Pour Animaux LiveGooD - LiveGooD Shop<\/title>\n<meta name=\"robots\" content=\"index, follow, max-snippet:-1, max-image-preview:large, max-video-preview:-1\" \/>\n<link rel=\"canonical\" href=\"https:\/\/livegood.network\/shop\/fr-fr\/product\/cbd-oil-for-pets-livegood-fr-fr\/\" \/>\n<meta property=\"og:locale\" content=\"en_US\" \/>\n<meta property=\"og:type\" content=\"article\" \/>\n<meta property=\"og:title\" content=\"Huile de CBD \u2013 Pour Animaux LiveGooD\" \/>\n<meta property=\"og:description\" content=\"Compl\u00e9ment alimentaire  Ar\u00f4me Naturel  Huile de CBD \u00e0 spectre complet\" \/>\n<meta property=\"og:url\" content=\"https:\/\/livegood.network\/shop\/fr-fr\/product\/cbd-oil-for-pets-livegood-fr-fr\/\" \/>\n<meta property=\"article:publisher\" content=\"https:\/\/www.facebook.com\/livegoodhello\" \/>\n<meta property=\"article:modified_time\" content=\"2026-03-15T23:41:49+00:00\" \/>\n<meta property=\"og:image\" content=\"https:\/\/livegood.network\/shop\/wp-content\/uploads\/2024\/01\/pet-full-spectrum-300-cbd-oil-chicken-flavor-livegood.png\" \/>\n\t<meta property=\"og:image:width\" content=\"1000\" \/>\n\t<meta property=\"og:image:height\" content=\"1000\" \/>\n\t<meta property=\"og:image:type\" content=\"image\/png\" \/>\n<meta name=\"twitter:card\" content=\"summary_large_image\" \/>\n<meta name=\"twitter:label1\" content=\"Est. reading time\" \/>\n\t<meta name=\"twitter:data1\" content=\"1 minute\" \/>\n<script type=\"application\/ld+json\" class=\"yoast-schema-graph\">{\"@context\":\"https:\/\/schema.org\",\"@graph\":[{\"@type\":\"WebPage\",\"@id\":\"https:\/\/livegood.network\/shop\/fr-fr\/product\/cbd-oil-for-pets-livegood-fr-fr\/\",\"url\":\"https:\/\/livegood.network\/shop\/fr-fr\/product\/cbd-oil-for-pets-livegood-fr-fr\/\",\"name\":\"Huile de CBD \u2013 Pour Animaux LiveGooD - LiveGooD Shop\",\"isPartOf\":{\"@id\":\"https:\/\/livegood.network\/shop\/#website\"},\"datePublished\":\"2024-01-24T20:01:24+00:00\",\"dateModified\":\"2026-03-15T23:41:49+00:00\",\"breadcrumb\":{\"@id\":\"https:\/\/livegood.network\/shop\/fr-fr\/product\/cbd-oil-for-pets-livegood-fr-fr\/#breadcrumb\"},\"inLanguage\":\"en-US\",\"potentialAction\":[{\"@type\":\"ReadAction\",\"target\":[\"https:\/\/livegood.network\/shop\/fr-fr\/product\/cbd-oil-for-pets-livegood-fr-fr\/\"]}]},{\"@type\":\"BreadcrumbList\",\"@id\":\"https:\/\/livegood.network\/shop\/fr-fr\/product\/cbd-oil-for-pets-livegood-fr-fr\/#breadcrumb\",\"itemListElement\":[{\"@type\":\"ListItem\",\"position\":1,\"name\":\"Home\",\"item\":\"https:\/\/livegood.network\/shop\/pt-br\/\"},{\"@type\":\"ListItem\",\"position\":2,\"name\":\"Shop\",\"item\":\"https:\/\/livegood.network\/shop\/shop\/\"},{\"@type\":\"ListItem\",\"position\":3,\"name\":\"Huile de CBD \u2013 Pour Animaux LiveGooD\"}]},{\"@type\":\"WebSite\",\"@id\":\"https:\/\/livegood.network\/shop\/#website\",\"url\":\"https:\/\/livegood.network\/shop\/\",\"name\":\"LiveGooD Shop\",\"description\":\"\",\"publisher\":{\"@id\":\"https:\/\/livegood.network\/shop\/#organization\"},\"potentialAction\":[{\"@type\":\"SearchAction\",\"target\":{\"@type\":\"EntryPoint\",\"urlTemplate\":\"https:\/\/livegood.network\/shop\/?s={search_term_string}\"},\"query-input\":\"required name=search_term_string\"}],\"inLanguage\":\"en-US\"},{\"@type\":\"Organization\",\"@id\":\"https:\/\/livegood.network\/shop\/#organization\",\"name\":\"LiveGooD\",\"url\":\"https:\/\/livegood.network\/shop\/\",\"logo\":{\"@type\":\"ImageObject\",\"inLanguage\":\"en-US\",\"@id\":\"https:\/\/livegood.network\/shop\/#\/schema\/logo\/image\/\",\"url\":\"https:\/\/livegood.network\/shop\/wp-content\/uploads\/2024\/01\/logo-livegood-shop-main.png\",\"contentUrl\":\"https:\/\/livegood.network\/shop\/wp-content\/uploads\/2024\/01\/logo-livegood-shop-main.png\",\"width\":373,\"height\":115,\"caption\":\"LiveGooD\"},\"image\":{\"@id\":\"https:\/\/livegood.network\/shop\/#\/schema\/logo\/image\/\"},\"sameAs\":[\"https:\/\/www.facebook.com\/livegoodhello\"]}]}<\/script>\n<!-- \/ Yoast SEO Premium plugin. -->","yoast_head_json":{"title":"Huile de CBD \u2013 Pour Animaux LiveGooD - LiveGooD Shop","robots":{"index":"index","follow":"follow","max-snippet":"max-snippet:-1","max-image-preview":"max-image-preview:large","max-video-preview":"max-video-preview:-1"},"canonical":"https:\/\/livegood.network\/shop\/fr-fr\/product\/cbd-oil-for-pets-livegood-fr-fr\/","og_locale":"en_US","og_type":"article","og_title":"Huile de CBD \u2013 Pour Animaux LiveGooD","og_description":"Compl\u00e9ment alimentaire  Ar\u00f4me Naturel  Huile de CBD \u00e0 spectre complet","og_url":"https:\/\/livegood.network\/shop\/fr-fr\/product\/cbd-oil-for-pets-livegood-fr-fr\/","article_publisher":"https:\/\/www.facebook.com\/livegoodhello","article_modified_time":"2026-03-15T23:41:49+00:00","og_image":[{"width":1000,"height":1000,"url":"https:\/\/livegood.network\/shop\/wp-content\/uploads\/2024\/01\/pet-full-spectrum-300-cbd-oil-chicken-flavor-livegood.png","type":"image\/png"}],"twitter_card":"summary_large_image","twitter_misc":{"Est. reading time":"1 minute"},"schema":{"@context":"https:\/\/schema.org","@graph":[{"@type":"WebPage","@id":"https:\/\/livegood.network\/shop\/fr-fr\/product\/cbd-oil-for-pets-livegood-fr-fr\/","url":"https:\/\/livegood.network\/shop\/fr-fr\/product\/cbd-oil-for-pets-livegood-fr-fr\/","name":"Huile de CBD \u2013 Pour Animaux LiveGooD - LiveGooD Shop","isPartOf":{"@id":"https:\/\/livegood.network\/shop\/#website"},"datePublished":"2024-01-24T20:01:24+00:00","dateModified":"2026-03-15T23:41:49+00:00","breadcrumb":{"@id":"https:\/\/livegood.network\/shop\/fr-fr\/product\/cbd-oil-for-pets-livegood-fr-fr\/#breadcrumb"},"inLanguage":"en-US","potentialAction":[{"@type":"ReadAction","target":["https:\/\/livegood.network\/shop\/fr-fr\/product\/cbd-oil-for-pets-livegood-fr-fr\/"]}]},{"@type":"BreadcrumbList","@id":"https:\/\/livegood.network\/shop\/fr-fr\/product\/cbd-oil-for-pets-livegood-fr-fr\/#breadcrumb","itemListElement":[{"@type":"ListItem","position":1,"name":"Home","item":"https:\/\/livegood.network\/shop\/pt-br\/"},{"@type":"ListItem","position":2,"name":"Shop","item":"https:\/\/livegood.network\/shop\/shop\/"},{"@type":"ListItem","position":3,"name":"Huile de CBD \u2013 Pour Animaux LiveGooD"}]},{"@type":"WebSite","@id":"https:\/\/livegood.network\/shop\/#website","url":"https:\/\/livegood.network\/shop\/","name":"LiveGooD Shop","description":"","publisher":{"@id":"https:\/\/livegood.network\/shop\/#organization"},"potentialAction":[{"@type":"SearchAction","target":{"@type":"EntryPoint","urlTemplate":"https:\/\/livegood.network\/shop\/?s={search_term_string}"},"query-input":"required name=search_term_string"}],"inLanguage":"en-US"},{"@type":"Organization","@id":"https:\/\/livegood.network\/shop\/#organization","name":"LiveGooD","url":"https:\/\/livegood.network\/shop\/","logo":{"@type":"ImageObject","inLanguage":"en-US","@id":"https:\/\/livegood.network\/shop\/#\/schema\/logo\/image\/","url":"https:\/\/livegood.network\/shop\/wp-content\/uploads\/2024\/01\/logo-livegood-shop-main.png","contentUrl":"https:\/\/livegood.network\/shop\/wp-content\/uploads\/2024\/01\/logo-livegood-shop-main.png","width":373,"height":115,"caption":"LiveGooD"},"image":{"@id":"https:\/\/livegood.network\/shop\/#\/schema\/logo\/image\/"},"sameAs":["https:\/\/www.facebook.com\/livegoodhello"]}]}},"lang":"fr-fr","translations":{"fr-fr":886,"pt-br":898,"pt-pt":888,"en-us":298,"es-es":887,"vi":889,"ru-ru":891,"ko":893},"pll_sync_post":[],"_links":{"self":[{"href":"https:\/\/livegood.network\/shop\/wp-json\/wp\/v2\/product\/886","targetHints":{"allow":["GET"]}}],"collection":[{"href":"https:\/\/livegood.network\/shop\/wp-json\/wp\/v2\/product"}],"about":[{"href":"https:\/\/livegood.network\/shop\/wp-json\/wp\/v2\/types\/product"}],"replies":[{"embeddable":true,"href":"https:\/\/livegood.network\/shop\/wp-json\/wp\/v2\/comments?post=886"}],"version-history":[{"count":2,"href":"https:\/\/livegood.network\/shop\/wp-json\/wp\/v2\/product\/886\/revisions"}],"predecessor-version":[{"id":1503,"href":"https:\/\/livegood.network\/shop\/wp-json\/wp\/v2\/product\/886\/revisions\/1503"}],"wp:featuredmedia":[{"embeddable":true,"href":"https:\/\/livegood.network\/shop\/wp-json\/wp\/v2\/media\/299"}],"wp:attachment":[{"href":"https:\/\/livegood.network\/shop\/wp-json\/wp\/v2\/media?parent=886"}],"wp:term":[{"taxonomy":"product_brand","embeddable":true,"href":"https:\/\/livegood.network\/shop\/wp-json\/wp\/v2\/product_brand?post=886"},{"taxonomy":"product_cat","embeddable":true,"href":"https:\/\/livegood.network\/shop\/wp-json\/wp\/v2\/product_cat?post=886"},{"taxonomy":"product_tag","embeddable":true,"href":"https:\/\/livegood.network\/shop\/wp-json\/wp\/v2\/product_tag?post=886"}],"curies":[{"name":"wp","href":"https:\/\/api.w.org\/{rel}","templated":true}]}}