{"id":889,"date":"2024-01-24T20:15:57","date_gmt":"2024-01-24T20:15:57","guid":{"rendered":"https:\/\/livegood.network\/shop\/?post_type=product&#038;p=889"},"modified":"2026-03-15T23:41:49","modified_gmt":"2026-03-15T23:41:49","slug":"cbd-oil-for-pets-livegood-vi","status":"publish","type":"product","link":"https:\/\/livegood.network\/shop\/vi\/product\/cbd-oil-for-pets-livegood-vi\/","title":{"rendered":"D\u1ea7u CBD \u2013 D\u00e0nh cho th\u00fa c\u01b0ng LiveGooD"},"content":{"rendered":"<p><strong>D\u1ea7u CBD \u2013 D\u00e0nh cho th\u00fa c\u01b0ng LiveGooD<\/strong><\/p>\n<p>\u0110\u01b0\u1ee3c ch\u1ebf t\u1ea1o b\u1eb1ng c\u00e1c nguy\u00ean li\u1ec7u cao c\u1ea5p v\u00e0 quy tr\u00ecnh t\u1ec9 m\u1ec9 gi\u1ed1ng nh\u01b0 c\u00f4ng th\u1ee9c d\u00e0nh cho con ng\u01b0\u1eddi c\u1ee7a ch\u00fang t\u00f4i, c\u00f4ng th\u1ee9c d\u00e0nh cho th\u00fa c\u01b0ng c\u00f3 h\u01b0\u01a1ng v\u1ecb g\u00e0 300mg c\u1ee7a ch\u00fang t\u00f4i r\u1ea5t l\u00fd t\u01b0\u1edfng \u0111\u1ec3 gi\u1ea3i quy\u1ebft c\u00e1c m\u1ed1i lo ng\u1ea1i c\u1ee7a th\u00fa c\u01b0ng nh\u01b0 lo l\u1eafng, gi\u1ea3m \u0111au, v.v.!<\/p>\n<p>\u0110\u1ed1i v\u1edbi nh\u1eefng ng\u01b0\u1eddi nu\u00f4i th\u00fa c\u01b0ng, vi\u1ec7c s\u1edf h\u1eefu m\u1ed9t chai LiveGood CBD for Pets l\u00e0 \u0111i\u1ec1u c\u1ea7n ph\u1ea3i c\u00f3 trong nh\u1eefng l\u00fac c\u1ea7n thi\u1ebft.<\/p>\n<p>T\u00e0n \u00e1c mi\u1ec5n ph\u00ed<\/p>\n<p>Kh\u00f4ng ch\u1ee9a gluten<\/p>\n<p>Ch\u1ee9ng nh\u1eadn GMP<\/p>\n<p>Kh\u00f4ng bi\u1ebfn \u0111\u1ed5i gen<\/p>\n<p>Kh\u00f4ng c\u00f3 h\u1ea1t<\/p>\n<p>Kh\u00f4ng c\u00f3 \u0111\u1eadu n\u00e0nh<\/p>\n<p>\u0110\u00e3 \u0111\u01b0\u1ee3c b\u00ean th\u1ee9 ba ki\u1ec3m tra<\/p>\n<p>Thu\u1ea7n chay 100%<\/p>\n<p><strong>C\u00c1CH S\u1eec D\u1ee4NG:<\/strong><\/p>\n<p><strong>Tham kh\u1ea3o h\u01b0\u1edbng d\u1eabn d\u00f9ng thu\u1ed1c d\u1ef1a tr\u00ean tr\u1ecdng l\u01b0\u1ee3ng \u0111\u01b0\u1ee3c cung c\u1ea5p tr\u00ean nh\u00e3n.\u00a0<\/strong>T\u01b0\u01a1ng t\u1ef1 nh\u01b0 con ng\u01b0\u1eddi, nh\u1eefng ng\u01b0\u1eddi b\u1ea1n \u0111\u1ed3ng h\u00e0nh nhi\u1ec1u l\u00f4ng c\u1ee7a ch\u00fang ta \u0111\u01b0\u1ee3c h\u01b0\u1edfng l\u1ee3i t\u1eeb vi\u1ec7c b\u1eaft \u0111\u1ea7u v\u1edbi li\u1ec1u l\u01b0\u1ee3ng th\u1ea5p v\u00e0 t\u0103ng d\u1ea7n.\u00a0Tr\u1ed9n v\u1edbi th\u1ee9c \u0103n l\u00e0 ph\u01b0\u01a1ng ph\u00e1p \u0111\u01b0\u1ee3c \u01b0a chu\u1ed9ng h\u01a1n.<\/p>\n<p>M\u1eb9o chuy\u00ean nghi\u1ec7p: H\u00e3y th\u1eadn tr\u1ecdng \u0111\u1ec3 ng\u0103n th\u00fa c\u01b0ng c\u1ee7a b\u1ea1n li\u1ebfm tr\u1ef1c ti\u1ebfp \u1ed1ng nh\u1ecf gi\u1ecdt, v\u00ec n\u00f3 c\u00f3 th\u1ec3 \u0111\u01b0a vi khu\u1ea9n v\u00e0o v\u00e0 c\u00f3 kh\u1ea3 n\u0103ng l\u00e0m \u00f4 nhi\u1ec5m v\u1eadt ch\u1ee9a khi \u0111\u1eb7t l\u1ea1i v\u00e0o chai.<\/p>\n","protected":false},"excerpt":{"rendered":"<p><img decoding=\"async\" class=\"emoji\" role=\"img\" draggable=\"false\" src=\"https:\/\/s.w.org\/images\/core\/emoji\/14.0.0\/svg\/1f49a.svg\" alt=\"LiveGooD Heart\" \/> Th\u1ef1c ph\u1ea9m b\u1ed5 sung<br \/>\n<img decoding=\"async\" class=\"emoji\" role=\"img\" draggable=\"false\" src=\"https:\/\/s.w.org\/images\/core\/emoji\/14.0.0\/svg\/1f49a.svg\" alt=\"LiveGooD Heart\" \/> H\u01b0\u01a1ng v\u1ecb t\u1ef1 nhi\u00ean<br \/>\n<img decoding=\"async\" class=\"emoji\" role=\"img\" draggable=\"false\" src=\"https:\/\/s.w.org\/images\/core\/emoji\/14.0.0\/svg\/1f49a.svg\" alt=\"LiveGooD Heart\" \/> D\u1ea7u CBD to\u00e0n ph\u1ed5<\/p>\n","protected":false},"featured_media":299,"comment_status":"open","ping_status":"closed","template":"","meta":[],"product_brand":[],"product_cat":[157],"product_tag":[3857],"class_list":{"0":"post-889","1":"product","2":"type-product","3":"status-publish","4":"has-post-thumbnail","6":"product_cat-cbd-vi","7":"product_tag-honest-paws-cbd-oil-vi","9":"first","10":"instock","11":"sale","12":"shipping-taxable","13":"product-type-external"},"yoast_head":"<!-- This site is optimized with the Yoast SEO Premium plugin v20.6 (Yoast SEO v21.8.1) - https:\/\/yoast.com\/wordpress\/plugins\/seo\/ -->\n<title>D\u1ea7u CBD \u2013 D\u00e0nh cho th\u00fa c\u01b0ng LiveGooD - LiveGooD Shop<\/title>\n<meta name=\"robots\" content=\"index, follow, max-snippet:-1, max-image-preview:large, max-video-preview:-1\" \/>\n<link rel=\"canonical\" href=\"https:\/\/livegood.network\/shop\/vi\/product\/cbd-oil-for-pets-livegood-vi\/\" \/>\n<meta property=\"og:locale\" content=\"en_US\" \/>\n<meta property=\"og:type\" content=\"article\" \/>\n<meta property=\"og:title\" content=\"D\u1ea7u CBD \u2013 D\u00e0nh cho th\u00fa c\u01b0ng LiveGooD\" \/>\n<meta property=\"og:description\" content=\"Th\u1ef1c ph\u1ea9m b\u1ed5 sung  H\u01b0\u01a1ng v\u1ecb t\u1ef1 nhi\u00ean  D\u1ea7u CBD to\u00e0n ph\u1ed5\" \/>\n<meta property=\"og:url\" content=\"https:\/\/livegood.network\/shop\/vi\/product\/cbd-oil-for-pets-livegood-vi\/\" \/>\n<meta property=\"article:publisher\" content=\"https:\/\/www.facebook.com\/livegoodhello\" \/>\n<meta property=\"article:modified_time\" content=\"2026-03-15T23:41:49+00:00\" \/>\n<meta property=\"og:image\" content=\"https:\/\/livegood.network\/shop\/wp-content\/uploads\/2024\/01\/pet-full-spectrum-300-cbd-oil-chicken-flavor-livegood.png\" \/>\n\t<meta property=\"og:image:width\" content=\"1000\" \/>\n\t<meta property=\"og:image:height\" content=\"1000\" \/>\n\t<meta property=\"og:image:type\" content=\"image\/png\" \/>\n<meta name=\"twitter:card\" content=\"summary_large_image\" \/>\n<meta name=\"twitter:label1\" content=\"Est. reading time\" \/>\n\t<meta name=\"twitter:data1\" content=\"2 minutes\" \/>\n<script type=\"application\/ld+json\" class=\"yoast-schema-graph\">{\"@context\":\"https:\/\/schema.org\",\"@graph\":[{\"@type\":\"WebPage\",\"@id\":\"https:\/\/livegood.network\/shop\/vi\/product\/cbd-oil-for-pets-livegood-vi\/\",\"url\":\"https:\/\/livegood.network\/shop\/vi\/product\/cbd-oil-for-pets-livegood-vi\/\",\"name\":\"D\u1ea7u CBD \u2013 D\u00e0nh cho th\u00fa c\u01b0ng LiveGooD - LiveGooD Shop\",\"isPartOf\":{\"@id\":\"https:\/\/livegood.network\/shop\/#website\"},\"datePublished\":\"2024-01-24T20:15:57+00:00\",\"dateModified\":\"2026-03-15T23:41:49+00:00\",\"breadcrumb\":{\"@id\":\"https:\/\/livegood.network\/shop\/vi\/product\/cbd-oil-for-pets-livegood-vi\/#breadcrumb\"},\"inLanguage\":\"en-US\",\"potentialAction\":[{\"@type\":\"ReadAction\",\"target\":[\"https:\/\/livegood.network\/shop\/vi\/product\/cbd-oil-for-pets-livegood-vi\/\"]}]},{\"@type\":\"BreadcrumbList\",\"@id\":\"https:\/\/livegood.network\/shop\/vi\/product\/cbd-oil-for-pets-livegood-vi\/#breadcrumb\",\"itemListElement\":[{\"@type\":\"ListItem\",\"position\":1,\"name\":\"Home\",\"item\":\"https:\/\/livegood.network\/shop\/pt-br\/\"},{\"@type\":\"ListItem\",\"position\":2,\"name\":\"Shop\",\"item\":\"https:\/\/livegood.network\/shop\/shop\/\"},{\"@type\":\"ListItem\",\"position\":3,\"name\":\"D\u1ea7u CBD \u2013 D\u00e0nh cho th\u00fa c\u01b0ng LiveGooD\"}]},{\"@type\":\"WebSite\",\"@id\":\"https:\/\/livegood.network\/shop\/#website\",\"url\":\"https:\/\/livegood.network\/shop\/\",\"name\":\"LiveGooD Shop\",\"description\":\"\",\"publisher\":{\"@id\":\"https:\/\/livegood.network\/shop\/#organization\"},\"potentialAction\":[{\"@type\":\"SearchAction\",\"target\":{\"@type\":\"EntryPoint\",\"urlTemplate\":\"https:\/\/livegood.network\/shop\/?s={search_term_string}\"},\"query-input\":\"required name=search_term_string\"}],\"inLanguage\":\"en-US\"},{\"@type\":\"Organization\",\"@id\":\"https:\/\/livegood.network\/shop\/#organization\",\"name\":\"LiveGooD\",\"url\":\"https:\/\/livegood.network\/shop\/\",\"logo\":{\"@type\":\"ImageObject\",\"inLanguage\":\"en-US\",\"@id\":\"https:\/\/livegood.network\/shop\/#\/schema\/logo\/image\/\",\"url\":\"https:\/\/livegood.network\/shop\/wp-content\/uploads\/2024\/01\/logo-livegood-shop-main.png\",\"contentUrl\":\"https:\/\/livegood.network\/shop\/wp-content\/uploads\/2024\/01\/logo-livegood-shop-main.png\",\"width\":373,\"height\":115,\"caption\":\"LiveGooD\"},\"image\":{\"@id\":\"https:\/\/livegood.network\/shop\/#\/schema\/logo\/image\/\"},\"sameAs\":[\"https:\/\/www.facebook.com\/livegoodhello\"]}]}<\/script>\n<!-- \/ Yoast SEO Premium plugin. -->","yoast_head_json":{"title":"D\u1ea7u CBD \u2013 D\u00e0nh cho th\u00fa c\u01b0ng LiveGooD - LiveGooD Shop","robots":{"index":"index","follow":"follow","max-snippet":"max-snippet:-1","max-image-preview":"max-image-preview:large","max-video-preview":"max-video-preview:-1"},"canonical":"https:\/\/livegood.network\/shop\/vi\/product\/cbd-oil-for-pets-livegood-vi\/","og_locale":"en_US","og_type":"article","og_title":"D\u1ea7u CBD \u2013 D\u00e0nh cho th\u00fa c\u01b0ng LiveGooD","og_description":"Th\u1ef1c ph\u1ea9m b\u1ed5 sung  H\u01b0\u01a1ng v\u1ecb t\u1ef1 nhi\u00ean  D\u1ea7u CBD to\u00e0n ph\u1ed5","og_url":"https:\/\/livegood.network\/shop\/vi\/product\/cbd-oil-for-pets-livegood-vi\/","article_publisher":"https:\/\/www.facebook.com\/livegoodhello","article_modified_time":"2026-03-15T23:41:49+00:00","og_image":[{"width":1000,"height":1000,"url":"https:\/\/livegood.network\/shop\/wp-content\/uploads\/2024\/01\/pet-full-spectrum-300-cbd-oil-chicken-flavor-livegood.png","type":"image\/png"}],"twitter_card":"summary_large_image","twitter_misc":{"Est. reading time":"2 minutes"},"schema":{"@context":"https:\/\/schema.org","@graph":[{"@type":"WebPage","@id":"https:\/\/livegood.network\/shop\/vi\/product\/cbd-oil-for-pets-livegood-vi\/","url":"https:\/\/livegood.network\/shop\/vi\/product\/cbd-oil-for-pets-livegood-vi\/","name":"D\u1ea7u CBD \u2013 D\u00e0nh cho th\u00fa c\u01b0ng LiveGooD - LiveGooD Shop","isPartOf":{"@id":"https:\/\/livegood.network\/shop\/#website"},"datePublished":"2024-01-24T20:15:57+00:00","dateModified":"2026-03-15T23:41:49+00:00","breadcrumb":{"@id":"https:\/\/livegood.network\/shop\/vi\/product\/cbd-oil-for-pets-livegood-vi\/#breadcrumb"},"inLanguage":"en-US","potentialAction":[{"@type":"ReadAction","target":["https:\/\/livegood.network\/shop\/vi\/product\/cbd-oil-for-pets-livegood-vi\/"]}]},{"@type":"BreadcrumbList","@id":"https:\/\/livegood.network\/shop\/vi\/product\/cbd-oil-for-pets-livegood-vi\/#breadcrumb","itemListElement":[{"@type":"ListItem","position":1,"name":"Home","item":"https:\/\/livegood.network\/shop\/pt-br\/"},{"@type":"ListItem","position":2,"name":"Shop","item":"https:\/\/livegood.network\/shop\/shop\/"},{"@type":"ListItem","position":3,"name":"D\u1ea7u CBD \u2013 D\u00e0nh cho th\u00fa c\u01b0ng LiveGooD"}]},{"@type":"WebSite","@id":"https:\/\/livegood.network\/shop\/#website","url":"https:\/\/livegood.network\/shop\/","name":"LiveGooD Shop","description":"","publisher":{"@id":"https:\/\/livegood.network\/shop\/#organization"},"potentialAction":[{"@type":"SearchAction","target":{"@type":"EntryPoint","urlTemplate":"https:\/\/livegood.network\/shop\/?s={search_term_string}"},"query-input":"required name=search_term_string"}],"inLanguage":"en-US"},{"@type":"Organization","@id":"https:\/\/livegood.network\/shop\/#organization","name":"LiveGooD","url":"https:\/\/livegood.network\/shop\/","logo":{"@type":"ImageObject","inLanguage":"en-US","@id":"https:\/\/livegood.network\/shop\/#\/schema\/logo\/image\/","url":"https:\/\/livegood.network\/shop\/wp-content\/uploads\/2024\/01\/logo-livegood-shop-main.png","contentUrl":"https:\/\/livegood.network\/shop\/wp-content\/uploads\/2024\/01\/logo-livegood-shop-main.png","width":373,"height":115,"caption":"LiveGooD"},"image":{"@id":"https:\/\/livegood.network\/shop\/#\/schema\/logo\/image\/"},"sameAs":["https:\/\/www.facebook.com\/livegoodhello"]}]}},"lang":"vi","translations":{"vi":889,"pt-br":898,"pt-pt":888,"en-us":298,"fr-fr":886,"es-es":887,"ru-ru":891,"ko":893},"pll_sync_post":[],"_links":{"self":[{"href":"https:\/\/livegood.network\/shop\/wp-json\/wp\/v2\/product\/889","targetHints":{"allow":["GET"]}}],"collection":[{"href":"https:\/\/livegood.network\/shop\/wp-json\/wp\/v2\/product"}],"about":[{"href":"https:\/\/livegood.network\/shop\/wp-json\/wp\/v2\/types\/product"}],"replies":[{"embeddable":true,"href":"https:\/\/livegood.network\/shop\/wp-json\/wp\/v2\/comments?post=889"}],"version-history":[{"count":1,"href":"https:\/\/livegood.network\/shop\/wp-json\/wp\/v2\/product\/889\/revisions"}],"predecessor-version":[{"id":1506,"href":"https:\/\/livegood.network\/shop\/wp-json\/wp\/v2\/product\/889\/revisions\/1506"}],"wp:featuredmedia":[{"embeddable":true,"href":"https:\/\/livegood.network\/shop\/wp-json\/wp\/v2\/media\/299"}],"wp:attachment":[{"href":"https:\/\/livegood.network\/shop\/wp-json\/wp\/v2\/media?parent=889"}],"wp:term":[{"taxonomy":"product_brand","embeddable":true,"href":"https:\/\/livegood.network\/shop\/wp-json\/wp\/v2\/product_brand?post=889"},{"taxonomy":"product_cat","embeddable":true,"href":"https:\/\/livegood.network\/shop\/wp-json\/wp\/v2\/product_cat?post=889"},{"taxonomy":"product_tag","embeddable":true,"href":"https:\/\/livegood.network\/shop\/wp-json\/wp\/v2\/product_tag?post=889"}],"curies":[{"name":"wp","href":"https:\/\/api.w.org\/{rel}","templated":true}]}}