{"id":901,"date":"2024-01-24T20:37:31","date_gmt":"2024-01-24T20:37:31","guid":{"rendered":"https:\/\/livegood.network\/shop\/?post_type=product&#038;p=901"},"modified":"2024-10-21T17:49:13","modified_gmt":"2024-10-21T17:49:13","slug":"cbd-oil-livegood-es-es","status":"publish","type":"product","link":"https:\/\/livegood.network\/shop\/es-es\/product\/cbd-oil-livegood-es-es\/","title":{"rendered":"Aceite de CBD LiveGooD"},"content":{"rendered":"<p><strong>Aceite de CBD LiveGood<\/strong><\/p>\n<p>En LiveGood, nos enorgullecemos de ofrecer productos de la m\u00e1s alta calidad y pureza del mercado, y nuestro aceite de CBD ejemplifica este compromiso.\u00a0Procedentes exclusivamente del 1% de las principales granjas de c\u00e1\u00f1amo del pa\u00eds, los aceites de CBD LiveGood garantizan que recibir\u00e1 los m\u00e1ximos beneficios con cada gota.<\/p>\n<p><strong>El aceite portador definitivo<\/strong><\/p>\n<p>Si bien muchos productos de CBD utilizan tradicionalmente aceite de semilla de c\u00e1\u00f1amo como veh\u00edculo, las principales marcas de CBD en todo el mundo est\u00e1n cambiando cada vez m\u00e1s a un veh\u00edculo superior: el aceite MCT (triglic\u00e9ridos de cadena media).<\/p>\n<p>Si bien el aceite de semilla de c\u00e1\u00f1amo se consideraba anteriormente un veh\u00edculo ideal debido a su presencia en la misma planta, estudios recientes han demostrado que el aceite MCT supera al aceite de semilla de c\u00e1\u00f1amo.\u00a0El aceite MCT tiene un mayor contenido de grasas saturadas que el aceite de semilla de c\u00e1\u00f1amo, lo que le permite transportar m\u00e1s mol\u00e9culas de CBD.\u00a0Esto da como resultado una absorci\u00f3n m\u00e1s r\u00e1pida y beneficios m\u00e1ximos, perceptibles desde la primera gota.<\/p>\n<p>Desde las materias primas m\u00e1s puras hasta los m\u00e9todos de recolecci\u00f3n y extracci\u00f3n de \u00faltima generaci\u00f3n, el aceite de CBD LiveGood es el ep\u00edtome del aceite de CBD de mayor calidad disponible.<\/p>\n<p>Libre de crueldad<\/p>\n<p>Sin gluten<\/p>\n<p>Certificado GMP<\/p>\n<p>Amigable con Keto<\/p>\n<p>No GMO<\/p>\n<p>Sin nueces<\/p>\n<p>Soy-Free<\/p>\n<p>Probado por terceros<\/p>\n<p><strong>C\u00d3MO UTILIZAR:<br \/>\n<\/strong><strong>Tome 1 gotero por v\u00eda oral seg\u00fan sea necesario.<\/strong><\/p>\n<p>Dosis: Es recomendable establecer la dosis de CBD comenzando con una cantidad baja y aumentando gradualmente.\u00a0Recomendamos la dosis efectiva m\u00e1s baja, as\u00ed que use el gotero de CBD para medir la cantidad y ajustar seg\u00fan sea necesario.<\/p>\n<p><strong>Es mejor tomarlo a diario.<\/strong><\/p>\n<p><strong>Consejo profesional:<\/strong>\u00a0mejore la absorci\u00f3n permitiendo que el aceite permanezca sin molestias debajo de la lengua o entre la mejilla y la enc\u00eda.\u00a0Si bien es natural tragar, sigue tus instintos para encontrar lo que te parezca correcto.<\/p>\n","protected":false},"excerpt":{"rendered":"<p><img decoding=\"async\" class=\"emoji\" role=\"img\" draggable=\"false\" src=\"https:\/\/s.w.org\/images\/core\/emoji\/14.0.0\/svg\/1f49a.svg\" alt=\"LiveGooD Heart\" \/> La m\u00e1s alta calidad<br \/>\n<img decoding=\"async\" class=\"emoji\" role=\"img\" draggable=\"false\" src=\"https:\/\/s.w.org\/images\/core\/emoji\/14.0.0\/svg\/1f49a.svg\" alt=\"LiveGooD Heart\" \/> Absorci\u00f3n m\u00e1s r\u00e1pida<br \/>\n<img decoding=\"async\" class=\"emoji\" role=\"img\" draggable=\"false\" src=\"https:\/\/s.w.org\/images\/core\/emoji\/14.0.0\/svg\/1f49a.svg\" alt=\"LiveGooD Heart\" \/> Beneficio M\u00e1ximo<\/p>\n<p><span style=\"color: #339966;\"><strong>Elija 750 mg o 1500 mg en sabor natural o menta<\/strong><\/span><\/p>\n","protected":false},"featured_media":296,"comment_status":"open","ping_status":"closed","template":"","meta":[],"product_brand":[],"product_cat":[148],"product_tag":[3757,3760],"class_list":{"0":"post-901","1":"product","2":"type-product","3":"status-publish","4":"has-post-thumbnail","6":"product_cat-cbd-es-es","7":"product_tag-green-roads-cbd-oil-es-es","8":"product_tag-hempworx-cbd-oil-es-es","10":"first","11":"instock","12":"sale","13":"shipping-taxable","14":"product-type-external"},"yoast_head":"<!-- This site is optimized with the Yoast SEO Premium plugin v20.6 (Yoast SEO v21.8.1) - https:\/\/yoast.com\/wordpress\/plugins\/seo\/ -->\n<title>Aceite de CBD LiveGooD - LiveGooD Shop<\/title>\n<meta name=\"robots\" content=\"index, follow, max-snippet:-1, max-image-preview:large, max-video-preview:-1\" \/>\n<link rel=\"canonical\" href=\"https:\/\/livegood.network\/shop\/es-es\/product\/cbd-oil-livegood-es-es\/\" \/>\n<meta property=\"og:locale\" content=\"en_US\" \/>\n<meta property=\"og:type\" content=\"article\" \/>\n<meta property=\"og:title\" content=\"Aceite de CBD LiveGooD\" \/>\n<meta property=\"og:description\" content=\"La m\u00e1s alta calidad  Absorci\u00f3n m\u00e1s r\u00e1pida  Beneficio M\u00e1ximo  Elija 750 mg o 1500 mg en sabor natural o menta\" \/>\n<meta property=\"og:url\" content=\"https:\/\/livegood.network\/shop\/es-es\/product\/cbd-oil-livegood-es-es\/\" \/>\n<meta property=\"article:publisher\" content=\"https:\/\/www.facebook.com\/livegoodhello\" \/>\n<meta property=\"article:modified_time\" content=\"2024-10-21T17:49:13+00:00\" \/>\n<meta property=\"og:image\" content=\"https:\/\/livegood.network\/shop\/wp-content\/uploads\/2024\/01\/full-spectrum-cbd-oil-peppermint-natural-flavor-dietary-supplement-livegood.png\" \/>\n\t<meta property=\"og:image:width\" content=\"1000\" \/>\n\t<meta property=\"og:image:height\" content=\"1000\" \/>\n\t<meta property=\"og:image:type\" content=\"image\/png\" \/>\n<meta name=\"twitter:card\" content=\"summary_large_image\" \/>\n<meta name=\"twitter:label1\" content=\"Est. reading time\" \/>\n\t<meta name=\"twitter:data1\" content=\"2 minutes\" \/>\n<script type=\"application\/ld+json\" class=\"yoast-schema-graph\">{\"@context\":\"https:\/\/schema.org\",\"@graph\":[{\"@type\":\"WebPage\",\"@id\":\"https:\/\/livegood.network\/shop\/es-es\/product\/cbd-oil-livegood-es-es\/\",\"url\":\"https:\/\/livegood.network\/shop\/es-es\/product\/cbd-oil-livegood-es-es\/\",\"name\":\"Aceite de CBD LiveGooD - LiveGooD Shop\",\"isPartOf\":{\"@id\":\"https:\/\/livegood.network\/shop\/#website\"},\"datePublished\":\"2024-01-24T20:37:31+00:00\",\"dateModified\":\"2024-10-21T17:49:13+00:00\",\"breadcrumb\":{\"@id\":\"https:\/\/livegood.network\/shop\/es-es\/product\/cbd-oil-livegood-es-es\/#breadcrumb\"},\"inLanguage\":\"en-US\",\"potentialAction\":[{\"@type\":\"ReadAction\",\"target\":[\"https:\/\/livegood.network\/shop\/es-es\/product\/cbd-oil-livegood-es-es\/\"]}]},{\"@type\":\"BreadcrumbList\",\"@id\":\"https:\/\/livegood.network\/shop\/es-es\/product\/cbd-oil-livegood-es-es\/#breadcrumb\",\"itemListElement\":[{\"@type\":\"ListItem\",\"position\":1,\"name\":\"Home\",\"item\":\"https:\/\/livegood.network\/shop\/pt-br\/\"},{\"@type\":\"ListItem\",\"position\":2,\"name\":\"Shop\",\"item\":\"https:\/\/livegood.network\/shop\/shop\/\"},{\"@type\":\"ListItem\",\"position\":3,\"name\":\"Aceite de CBD LiveGooD\"}]},{\"@type\":\"WebSite\",\"@id\":\"https:\/\/livegood.network\/shop\/#website\",\"url\":\"https:\/\/livegood.network\/shop\/\",\"name\":\"LiveGooD Shop\",\"description\":\"\",\"publisher\":{\"@id\":\"https:\/\/livegood.network\/shop\/#organization\"},\"potentialAction\":[{\"@type\":\"SearchAction\",\"target\":{\"@type\":\"EntryPoint\",\"urlTemplate\":\"https:\/\/livegood.network\/shop\/?s={search_term_string}\"},\"query-input\":\"required name=search_term_string\"}],\"inLanguage\":\"en-US\"},{\"@type\":\"Organization\",\"@id\":\"https:\/\/livegood.network\/shop\/#organization\",\"name\":\"LiveGooD\",\"url\":\"https:\/\/livegood.network\/shop\/\",\"logo\":{\"@type\":\"ImageObject\",\"inLanguage\":\"en-US\",\"@id\":\"https:\/\/livegood.network\/shop\/#\/schema\/logo\/image\/\",\"url\":\"https:\/\/livegood.network\/shop\/wp-content\/uploads\/2024\/01\/logo-livegood-shop-main.png\",\"contentUrl\":\"https:\/\/livegood.network\/shop\/wp-content\/uploads\/2024\/01\/logo-livegood-shop-main.png\",\"width\":373,\"height\":115,\"caption\":\"LiveGooD\"},\"image\":{\"@id\":\"https:\/\/livegood.network\/shop\/#\/schema\/logo\/image\/\"},\"sameAs\":[\"https:\/\/www.facebook.com\/livegoodhello\"]}]}<\/script>\n<!-- \/ Yoast SEO Premium plugin. -->","yoast_head_json":{"title":"Aceite de CBD LiveGooD - LiveGooD Shop","robots":{"index":"index","follow":"follow","max-snippet":"max-snippet:-1","max-image-preview":"max-image-preview:large","max-video-preview":"max-video-preview:-1"},"canonical":"https:\/\/livegood.network\/shop\/es-es\/product\/cbd-oil-livegood-es-es\/","og_locale":"en_US","og_type":"article","og_title":"Aceite de CBD LiveGooD","og_description":"La m\u00e1s alta calidad  Absorci\u00f3n m\u00e1s r\u00e1pida  Beneficio M\u00e1ximo  Elija 750 mg o 1500 mg en sabor natural o menta","og_url":"https:\/\/livegood.network\/shop\/es-es\/product\/cbd-oil-livegood-es-es\/","article_publisher":"https:\/\/www.facebook.com\/livegoodhello","article_modified_time":"2024-10-21T17:49:13+00:00","og_image":[{"width":1000,"height":1000,"url":"https:\/\/livegood.network\/shop\/wp-content\/uploads\/2024\/01\/full-spectrum-cbd-oil-peppermint-natural-flavor-dietary-supplement-livegood.png","type":"image\/png"}],"twitter_card":"summary_large_image","twitter_misc":{"Est. reading time":"2 minutes"},"schema":{"@context":"https:\/\/schema.org","@graph":[{"@type":"WebPage","@id":"https:\/\/livegood.network\/shop\/es-es\/product\/cbd-oil-livegood-es-es\/","url":"https:\/\/livegood.network\/shop\/es-es\/product\/cbd-oil-livegood-es-es\/","name":"Aceite de CBD LiveGooD - LiveGooD Shop","isPartOf":{"@id":"https:\/\/livegood.network\/shop\/#website"},"datePublished":"2024-01-24T20:37:31+00:00","dateModified":"2024-10-21T17:49:13+00:00","breadcrumb":{"@id":"https:\/\/livegood.network\/shop\/es-es\/product\/cbd-oil-livegood-es-es\/#breadcrumb"},"inLanguage":"en-US","potentialAction":[{"@type":"ReadAction","target":["https:\/\/livegood.network\/shop\/es-es\/product\/cbd-oil-livegood-es-es\/"]}]},{"@type":"BreadcrumbList","@id":"https:\/\/livegood.network\/shop\/es-es\/product\/cbd-oil-livegood-es-es\/#breadcrumb","itemListElement":[{"@type":"ListItem","position":1,"name":"Home","item":"https:\/\/livegood.network\/shop\/pt-br\/"},{"@type":"ListItem","position":2,"name":"Shop","item":"https:\/\/livegood.network\/shop\/shop\/"},{"@type":"ListItem","position":3,"name":"Aceite de CBD LiveGooD"}]},{"@type":"WebSite","@id":"https:\/\/livegood.network\/shop\/#website","url":"https:\/\/livegood.network\/shop\/","name":"LiveGooD Shop","description":"","publisher":{"@id":"https:\/\/livegood.network\/shop\/#organization"},"potentialAction":[{"@type":"SearchAction","target":{"@type":"EntryPoint","urlTemplate":"https:\/\/livegood.network\/shop\/?s={search_term_string}"},"query-input":"required name=search_term_string"}],"inLanguage":"en-US"},{"@type":"Organization","@id":"https:\/\/livegood.network\/shop\/#organization","name":"LiveGooD","url":"https:\/\/livegood.network\/shop\/","logo":{"@type":"ImageObject","inLanguage":"en-US","@id":"https:\/\/livegood.network\/shop\/#\/schema\/logo\/image\/","url":"https:\/\/livegood.network\/shop\/wp-content\/uploads\/2024\/01\/logo-livegood-shop-main.png","contentUrl":"https:\/\/livegood.network\/shop\/wp-content\/uploads\/2024\/01\/logo-livegood-shop-main.png","width":373,"height":115,"caption":"LiveGooD"},"image":{"@id":"https:\/\/livegood.network\/shop\/#\/schema\/logo\/image\/"},"sameAs":["https:\/\/www.facebook.com\/livegoodhello"]}]}},"lang":"es-es","translations":{"es-es":901,"pt-br":912,"pt-pt":902,"en-us":297,"fr-fr":900,"vi":903,"ru-ru":908,"ko":909},"pll_sync_post":[],"_links":{"self":[{"href":"https:\/\/livegood.network\/shop\/wp-json\/wp\/v2\/product\/901","targetHints":{"allow":["GET"]}}],"collection":[{"href":"https:\/\/livegood.network\/shop\/wp-json\/wp\/v2\/product"}],"about":[{"href":"https:\/\/livegood.network\/shop\/wp-json\/wp\/v2\/types\/product"}],"replies":[{"embeddable":true,"href":"https:\/\/livegood.network\/shop\/wp-json\/wp\/v2\/comments?post=901"}],"version-history":[{"count":1,"href":"https:\/\/livegood.network\/shop\/wp-json\/wp\/v2\/product\/901\/revisions"}],"predecessor-version":[{"id":1511,"href":"https:\/\/livegood.network\/shop\/wp-json\/wp\/v2\/product\/901\/revisions\/1511"}],"wp:featuredmedia":[{"embeddable":true,"href":"https:\/\/livegood.network\/shop\/wp-json\/wp\/v2\/media\/296"}],"wp:attachment":[{"href":"https:\/\/livegood.network\/shop\/wp-json\/wp\/v2\/media?parent=901"}],"wp:term":[{"taxonomy":"product_brand","embeddable":true,"href":"https:\/\/livegood.network\/shop\/wp-json\/wp\/v2\/product_brand?post=901"},{"taxonomy":"product_cat","embeddable":true,"href":"https:\/\/livegood.network\/shop\/wp-json\/wp\/v2\/product_cat?post=901"},{"taxonomy":"product_tag","embeddable":true,"href":"https:\/\/livegood.network\/shop\/wp-json\/wp\/v2\/product_tag?post=901"}],"curies":[{"name":"wp","href":"https:\/\/api.w.org\/{rel}","templated":true}]}}