{"id":903,"date":"2024-01-24T20:49:08","date_gmt":"2024-01-24T20:49:08","guid":{"rendered":"https:\/\/livegood.network\/shop\/?post_type=product&#038;p=903"},"modified":"2024-10-21T17:49:13","modified_gmt":"2024-10-21T17:49:13","slug":"cbd-oil-livegood-vi","status":"publish","type":"product","link":"https:\/\/livegood.network\/shop\/vi\/product\/cbd-oil-livegood-vi\/","title":{"rendered":"D\u1ea7u CBD LiveGooD"},"content":{"rendered":"<p><strong><span>D\u1ea7u CBD LiveGood<\/span><\/strong><\/p>\n<p><span>T\u1ea1i LiveGood, ch\u00fang t\u00f4i t\u1ef1 h\u00e0o cung c\u1ea5p c\u00e1c s\u1ea3n ph\u1ea9m c\u00f3 ch\u1ea5t l\u01b0\u1ee3ng v\u00e0 \u0111\u1ed9 tinh khi\u1ebft cao nh\u1ea5t tr\u00ean th\u1ecb tr\u01b0\u1eddng v\u00e0 D\u1ea7u CBD c\u1ee7a ch\u00fang t\u00f4i th\u1ec3 hi\u1ec7n cam k\u1ebft n\u00e0y.\u00a0\u0110\u01b0\u1ee3c cung c\u1ea5p \u0111\u1ed9c quy\u1ec1n t\u1eeb 1% trang tr\u1ea1i tr\u1ed3ng c\u00e2y gai d\u1ea7u h\u00e0ng \u0111\u1ea7u trong n\u01b0\u1edbc, D\u1ea7u CBD LiveGood \u0111\u1ea3m b\u1ea3o r\u1eb1ng b\u1ea1n s\u1ebd nh\u1eadn \u0111\u01b0\u1ee3c l\u1ee3i \u00edch t\u1ed1i \u0111a v\u1edbi m\u1ed7i gi\u1ecdt.<\/span><\/p>\n<p><strong><span>D\u1ea7u v\u1eadn chuy\u1ec3n cu\u1ed1i c\u00f9ng<\/span><\/strong><\/p>\n<p><span>Trong khi nhi\u1ec1u s\u1ea3n ph\u1ea9m CBD theo truy\u1ec1n th\u1ed1ng s\u1eed d\u1ee5ng d\u1ea7u h\u1ea1t c\u00e2y gai d\u1ea7u l\u00e0m ch\u1ea5t mang, th\u00ec c\u00e1c th\u01b0\u01a1ng hi\u1ec7u CBD h\u00e0ng \u0111\u1ea7u tr\u00ean to\u00e0n th\u1ebf gi\u1edbi \u0111ang ng\u00e0y c\u00e0ng chuy\u1ec3n sang ch\u1ea5t mang cao c\u1ea5p h\u01a1n\u2014d\u1ea7u MCT (triglycerides chu\u1ed7i trung b\u00ecnh).<\/span><\/p>\n<p><span>M\u1eb7c d\u00f9 d\u1ea7u h\u1ea1t gai d\u1ea7u tr\u01b0\u1edbc \u0111\u00e2y \u0111\u01b0\u1ee3c coi l\u00e0 ch\u1ea5t mang l\u00fd t\u01b0\u1edfng do c\u00f3 trong c\u00f9ng m\u1ed9t lo\u1ea1i c\u00e2y, nh\u01b0ng c\u00e1c nghi\u00ean c\u1ee9u g\u1ea7n \u0111\u00e2y \u0111\u00e3 ch\u1ec9 ra r\u1eb1ng d\u1ea7u MCT v\u01b0\u1ee3t tr\u1ed9i h\u01a1n d\u1ea7u h\u1ea1t gai d\u1ea7u.\u00a0D\u1ea7u MCT c\u00f3 h\u00e0m l\u01b0\u1ee3ng ch\u1ea5t b\u00e9o b\u00e3o h\u00f2a cao h\u01a1n d\u1ea7u h\u1ea1t c\u00e2y gai d\u1ea7u, cho ph\u00e9p n\u00f3 mang nhi\u1ec1u ph\u00e2n t\u1eed CBD h\u01a1n.\u00a0\u0110i\u1ec1u n\u00e0y d\u1eabn \u0111\u1ebfn s\u1ef1 h\u1ea5p th\u1ee5 nhanh h\u01a1n v\u00e0 l\u1ee3i \u00edch t\u1ed1i \u0111a, c\u00f3 th\u1ec3 nh\u1eadn th\u1ea5y ngay t\u1eeb gi\u1ecdt \u0111\u1ea7u ti\u00ean.<\/span><\/p>\n<p><span>T\u1eeb nh\u1eefng nguy\u00ean li\u1ec7u th\u00f4 tinh khi\u1ebft nh\u1ea5t \u0111\u1ebfn ph\u01b0\u01a1ng ph\u00e1p thu ho\u1ea1ch v\u00e0 chi\u1ebft xu\u1ea5t ti\u00ean ti\u1ebfn, D\u1ea7u CBD LiveGood \u0111\u01b0\u1ee3c coi l\u00e0 h\u00ecnh \u1ea3nh thu nh\u1ecf c\u1ee7a D\u1ea7u CBD ch\u1ea5t l\u01b0\u1ee3ng cao nh\u1ea5t hi\u1ec7n c\u00f3.<\/span><\/p>\n<p><span>T\u00e0n \u00e1c mi\u1ec5n ph\u00ed<\/span><\/p>\n<p><span>Kh\u00f4ng ch\u1ee9a gluten<\/span><\/p>\n<p><span>Ch\u1ee9ng nh\u1eadn GMP<\/span><\/p>\n<p><span>Th\u00e2n thi\u1ec7n v\u1edbi Keto<\/span><\/p>\n<p><span>Kh\u00f4ng bi\u1ebfn \u0111\u1ed5i gen<\/span><\/p>\n<p><span>Kh\u00f4ng c\u00f3 h\u1ea1t<\/span><\/p>\n<p><span>Kh\u00f4ng c\u00f3 \u0111\u1eadu n\u00e0nh<\/span><\/p>\n<p><span>\u0110\u00e3 \u0111\u01b0\u1ee3c b\u00ean th\u1ee9 ba ki\u1ec3m tra<\/span><\/p>\n<p><strong><span>C\u00c1CH S\u1eec D\u1ee4NG:<\/span><br \/>\n<\/strong><strong><span>U\u1ed1ng 1 gi\u1ecdt khi c\u1ea7n thi\u1ebft.<\/span><\/strong><\/p>\n<p><span>Li\u1ec1u d\u00f9ng: B\u1ea1n n\u00ean thi\u1ebft l\u1eadp li\u1ec1u CBD c\u1ee7a m\u00ecnh b\u1eb1ng c\u00e1ch b\u1eaft \u0111\u1ea7u v\u1edbi l\u01b0\u1ee3ng th\u1ea5p v\u00e0 t\u0103ng d\u1ea7n.\u00a0Ch\u00fang t\u00f4i khuy\u1ebfn ngh\u1ecb d\u00f9ng li\u1ec1u th\u1ea5p nh\u1ea5t c\u00f3 hi\u1ec7u qu\u1ea3, v\u00ec v\u1eady h\u00e3y s\u1eed d\u1ee5ng \u1ed1ng nh\u1ecf gi\u1ecdt CBD \u0111\u1ec3 \u0111o l\u01b0\u1ee3ng v\u00e0 \u0111i\u1ec1u ch\u1ec9nh n\u1ebfu c\u1ea7n.<\/span><\/p>\n<p><strong><span>T\u1ed1t nh\u1ea5t n\u00ean d\u00f9ng h\u00e0ng ng\u00e0y.<\/span><\/strong><\/p>\n<p><strong><span>M\u1eb9o chuy\u00ean nghi\u1ec7p:<\/span><\/strong><span>\u00a0T\u0103ng c\u01b0\u1eddng kh\u1ea3 n\u0103ng h\u1ea5p th\u1ee5 b\u1eb1ng c\u00e1ch \u0111\u1ec3 d\u1ea7u n\u1eb1m y\u00ean d\u01b0\u1edbi l\u01b0\u1ee1i ho\u1eb7c gi\u1eefa m\u00e1 v\u00e0 n\u01b0\u1edbu c\u1ee7a b\u1ea1n.\u00a0M\u1eb7c d\u00f9 vi\u1ec7c nu\u1ed1t l\u00e0 \u0111i\u1ec1u t\u1ef1 nhi\u00ean nh\u01b0ng h\u00e3y l\u00e0m theo b\u1ea3n n\u0103ng c\u1ee7a b\u1ea1n \u0111\u1ec3 bi\u1ebft \u0111i\u1ec1u g\u00ec b\u1ea1n c\u1ea3m th\u1ea5y \u0111\u00fang.<\/span><\/p>\n","protected":false},"excerpt":{"rendered":"<p><img decoding=\"async\" class=\"emoji\" role=\"img\" draggable=\"false\" src=\"https:\/\/s.w.org\/images\/core\/emoji\/14.0.0\/svg\/1f49a.svg\" alt=\"LiveGooD Heart\" \/> Ch\u1ea5t l\u01b0\u1ee3ng cao nh\u1ea5t<br \/>\n<img decoding=\"async\" class=\"emoji\" role=\"img\" draggable=\"false\" src=\"https:\/\/s.w.org\/images\/core\/emoji\/14.0.0\/svg\/1f49a.svg\" alt=\"LiveGooD Heart\" \/> H\u1ea5p th\u1ee5 nhanh h\u01a1n<br \/>\n<img decoding=\"async\" class=\"emoji\" role=\"img\" draggable=\"false\" src=\"https:\/\/s.w.org\/images\/core\/emoji\/14.0.0\/svg\/1f49a.svg\" alt=\"LiveGooD Heart\" \/> Quy\u1ec1n l\u1ee3i t\u1ed1i \u0111a<\/p>\n<p><span style=\"color: #339966;\"><strong>Ch\u1ecdn 750mg ho\u1eb7c 1500mg \u1edf h\u01b0\u01a1ng v\u1ecb t\u1ef1 nhi\u00ean ho\u1eb7c b\u1ea1c h\u00e0<\/strong><\/span><\/p>\n","protected":false},"featured_media":296,"comment_status":"open","ping_status":"closed","template":"","meta":[],"product_brand":[],"product_cat":[157],"product_tag":[3781,3784],"class_list":{"0":"post-903","1":"product","2":"type-product","3":"status-publish","4":"has-post-thumbnail","6":"product_cat-cbd-vi","7":"product_tag-green-roads-cbd-oil-vi","8":"product_tag-hempworx-cbd-oil-vi","10":"first","11":"instock","12":"sale","13":"shipping-taxable","14":"product-type-external"},"yoast_head":"<!-- This site is optimized with the Yoast SEO Premium plugin v20.6 (Yoast SEO v21.8.1) - https:\/\/yoast.com\/wordpress\/plugins\/seo\/ -->\n<title>D\u1ea7u CBD LiveGooD - LiveGooD Shop<\/title>\n<meta name=\"robots\" content=\"index, follow, max-snippet:-1, max-image-preview:large, max-video-preview:-1\" \/>\n<link rel=\"canonical\" href=\"https:\/\/livegood.network\/shop\/vi\/product\/cbd-oil-livegood-vi\/\" \/>\n<meta property=\"og:locale\" content=\"en_US\" \/>\n<meta property=\"og:type\" content=\"article\" \/>\n<meta property=\"og:title\" content=\"D\u1ea7u CBD LiveGooD\" \/>\n<meta property=\"og:description\" content=\"Ch\u1ea5t l\u01b0\u1ee3ng cao nh\u1ea5t  H\u1ea5p th\u1ee5 nhanh h\u01a1n  Quy\u1ec1n l\u1ee3i t\u1ed1i \u0111a  Ch\u1ecdn 750mg ho\u1eb7c 1500mg \u1edf h\u01b0\u01a1ng v\u1ecb t\u1ef1 nhi\u00ean ho\u1eb7c b\u1ea1c h\u00e0\" \/>\n<meta property=\"og:url\" content=\"https:\/\/livegood.network\/shop\/vi\/product\/cbd-oil-livegood-vi\/\" \/>\n<meta property=\"article:publisher\" content=\"https:\/\/www.facebook.com\/livegoodhello\" \/>\n<meta property=\"article:modified_time\" content=\"2024-10-21T17:49:13+00:00\" \/>\n<meta property=\"og:image\" content=\"https:\/\/livegood.network\/shop\/wp-content\/uploads\/2024\/01\/full-spectrum-cbd-oil-peppermint-natural-flavor-dietary-supplement-livegood.png\" \/>\n\t<meta property=\"og:image:width\" content=\"1000\" \/>\n\t<meta property=\"og:image:height\" content=\"1000\" \/>\n\t<meta property=\"og:image:type\" content=\"image\/png\" \/>\n<meta name=\"twitter:card\" content=\"summary_large_image\" \/>\n<meta name=\"twitter:label1\" content=\"Est. reading time\" \/>\n\t<meta name=\"twitter:data1\" content=\"2 minutes\" \/>\n<script type=\"application\/ld+json\" class=\"yoast-schema-graph\">{\"@context\":\"https:\/\/schema.org\",\"@graph\":[{\"@type\":\"WebPage\",\"@id\":\"https:\/\/livegood.network\/shop\/vi\/product\/cbd-oil-livegood-vi\/\",\"url\":\"https:\/\/livegood.network\/shop\/vi\/product\/cbd-oil-livegood-vi\/\",\"name\":\"D\u1ea7u CBD LiveGooD - LiveGooD Shop\",\"isPartOf\":{\"@id\":\"https:\/\/livegood.network\/shop\/#website\"},\"datePublished\":\"2024-01-24T20:49:08+00:00\",\"dateModified\":\"2024-10-21T17:49:13+00:00\",\"breadcrumb\":{\"@id\":\"https:\/\/livegood.network\/shop\/vi\/product\/cbd-oil-livegood-vi\/#breadcrumb\"},\"inLanguage\":\"en-US\",\"potentialAction\":[{\"@type\":\"ReadAction\",\"target\":[\"https:\/\/livegood.network\/shop\/vi\/product\/cbd-oil-livegood-vi\/\"]}]},{\"@type\":\"BreadcrumbList\",\"@id\":\"https:\/\/livegood.network\/shop\/vi\/product\/cbd-oil-livegood-vi\/#breadcrumb\",\"itemListElement\":[{\"@type\":\"ListItem\",\"position\":1,\"name\":\"Home\",\"item\":\"https:\/\/livegood.network\/shop\/pt-br\/\"},{\"@type\":\"ListItem\",\"position\":2,\"name\":\"Shop\",\"item\":\"https:\/\/livegood.network\/shop\/shop\/\"},{\"@type\":\"ListItem\",\"position\":3,\"name\":\"D\u1ea7u CBD LiveGooD\"}]},{\"@type\":\"WebSite\",\"@id\":\"https:\/\/livegood.network\/shop\/#website\",\"url\":\"https:\/\/livegood.network\/shop\/\",\"name\":\"LiveGooD Shop\",\"description\":\"\",\"publisher\":{\"@id\":\"https:\/\/livegood.network\/shop\/#organization\"},\"potentialAction\":[{\"@type\":\"SearchAction\",\"target\":{\"@type\":\"EntryPoint\",\"urlTemplate\":\"https:\/\/livegood.network\/shop\/?s={search_term_string}\"},\"query-input\":\"required name=search_term_string\"}],\"inLanguage\":\"en-US\"},{\"@type\":\"Organization\",\"@id\":\"https:\/\/livegood.network\/shop\/#organization\",\"name\":\"LiveGooD\",\"url\":\"https:\/\/livegood.network\/shop\/\",\"logo\":{\"@type\":\"ImageObject\",\"inLanguage\":\"en-US\",\"@id\":\"https:\/\/livegood.network\/shop\/#\/schema\/logo\/image\/\",\"url\":\"https:\/\/livegood.network\/shop\/wp-content\/uploads\/2024\/01\/logo-livegood-shop-main.png\",\"contentUrl\":\"https:\/\/livegood.network\/shop\/wp-content\/uploads\/2024\/01\/logo-livegood-shop-main.png\",\"width\":373,\"height\":115,\"caption\":\"LiveGooD\"},\"image\":{\"@id\":\"https:\/\/livegood.network\/shop\/#\/schema\/logo\/image\/\"},\"sameAs\":[\"https:\/\/www.facebook.com\/livegoodhello\"]}]}<\/script>\n<!-- \/ Yoast SEO Premium plugin. -->","yoast_head_json":{"title":"D\u1ea7u CBD LiveGooD - LiveGooD Shop","robots":{"index":"index","follow":"follow","max-snippet":"max-snippet:-1","max-image-preview":"max-image-preview:large","max-video-preview":"max-video-preview:-1"},"canonical":"https:\/\/livegood.network\/shop\/vi\/product\/cbd-oil-livegood-vi\/","og_locale":"en_US","og_type":"article","og_title":"D\u1ea7u CBD LiveGooD","og_description":"Ch\u1ea5t l\u01b0\u1ee3ng cao nh\u1ea5t  H\u1ea5p th\u1ee5 nhanh h\u01a1n  Quy\u1ec1n l\u1ee3i t\u1ed1i \u0111a  Ch\u1ecdn 750mg ho\u1eb7c 1500mg \u1edf h\u01b0\u01a1ng v\u1ecb t\u1ef1 nhi\u00ean ho\u1eb7c b\u1ea1c h\u00e0","og_url":"https:\/\/livegood.network\/shop\/vi\/product\/cbd-oil-livegood-vi\/","article_publisher":"https:\/\/www.facebook.com\/livegoodhello","article_modified_time":"2024-10-21T17:49:13+00:00","og_image":[{"width":1000,"height":1000,"url":"https:\/\/livegood.network\/shop\/wp-content\/uploads\/2024\/01\/full-spectrum-cbd-oil-peppermint-natural-flavor-dietary-supplement-livegood.png","type":"image\/png"}],"twitter_card":"summary_large_image","twitter_misc":{"Est. reading time":"2 minutes"},"schema":{"@context":"https:\/\/schema.org","@graph":[{"@type":"WebPage","@id":"https:\/\/livegood.network\/shop\/vi\/product\/cbd-oil-livegood-vi\/","url":"https:\/\/livegood.network\/shop\/vi\/product\/cbd-oil-livegood-vi\/","name":"D\u1ea7u CBD LiveGooD - LiveGooD Shop","isPartOf":{"@id":"https:\/\/livegood.network\/shop\/#website"},"datePublished":"2024-01-24T20:49:08+00:00","dateModified":"2024-10-21T17:49:13+00:00","breadcrumb":{"@id":"https:\/\/livegood.network\/shop\/vi\/product\/cbd-oil-livegood-vi\/#breadcrumb"},"inLanguage":"en-US","potentialAction":[{"@type":"ReadAction","target":["https:\/\/livegood.network\/shop\/vi\/product\/cbd-oil-livegood-vi\/"]}]},{"@type":"BreadcrumbList","@id":"https:\/\/livegood.network\/shop\/vi\/product\/cbd-oil-livegood-vi\/#breadcrumb","itemListElement":[{"@type":"ListItem","position":1,"name":"Home","item":"https:\/\/livegood.network\/shop\/pt-br\/"},{"@type":"ListItem","position":2,"name":"Shop","item":"https:\/\/livegood.network\/shop\/shop\/"},{"@type":"ListItem","position":3,"name":"D\u1ea7u CBD LiveGooD"}]},{"@type":"WebSite","@id":"https:\/\/livegood.network\/shop\/#website","url":"https:\/\/livegood.network\/shop\/","name":"LiveGooD Shop","description":"","publisher":{"@id":"https:\/\/livegood.network\/shop\/#organization"},"potentialAction":[{"@type":"SearchAction","target":{"@type":"EntryPoint","urlTemplate":"https:\/\/livegood.network\/shop\/?s={search_term_string}"},"query-input":"required name=search_term_string"}],"inLanguage":"en-US"},{"@type":"Organization","@id":"https:\/\/livegood.network\/shop\/#organization","name":"LiveGooD","url":"https:\/\/livegood.network\/shop\/","logo":{"@type":"ImageObject","inLanguage":"en-US","@id":"https:\/\/livegood.network\/shop\/#\/schema\/logo\/image\/","url":"https:\/\/livegood.network\/shop\/wp-content\/uploads\/2024\/01\/logo-livegood-shop-main.png","contentUrl":"https:\/\/livegood.network\/shop\/wp-content\/uploads\/2024\/01\/logo-livegood-shop-main.png","width":373,"height":115,"caption":"LiveGooD"},"image":{"@id":"https:\/\/livegood.network\/shop\/#\/schema\/logo\/image\/"},"sameAs":["https:\/\/www.facebook.com\/livegoodhello"]}]}},"lang":"vi","translations":{"vi":903,"pt-br":912,"pt-pt":902,"en-us":297,"fr-fr":900,"es-es":901,"ru-ru":908,"ko":909},"pll_sync_post":[],"_links":{"self":[{"href":"https:\/\/livegood.network\/shop\/wp-json\/wp\/v2\/product\/903","targetHints":{"allow":["GET"]}}],"collection":[{"href":"https:\/\/livegood.network\/shop\/wp-json\/wp\/v2\/product"}],"about":[{"href":"https:\/\/livegood.network\/shop\/wp-json\/wp\/v2\/types\/product"}],"replies":[{"embeddable":true,"href":"https:\/\/livegood.network\/shop\/wp-json\/wp\/v2\/comments?post=903"}],"version-history":[{"count":1,"href":"https:\/\/livegood.network\/shop\/wp-json\/wp\/v2\/product\/903\/revisions"}],"predecessor-version":[{"id":1515,"href":"https:\/\/livegood.network\/shop\/wp-json\/wp\/v2\/product\/903\/revisions\/1515"}],"wp:featuredmedia":[{"embeddable":true,"href":"https:\/\/livegood.network\/shop\/wp-json\/wp\/v2\/media\/296"}],"wp:attachment":[{"href":"https:\/\/livegood.network\/shop\/wp-json\/wp\/v2\/media?parent=903"}],"wp:term":[{"taxonomy":"product_brand","embeddable":true,"href":"https:\/\/livegood.network\/shop\/wp-json\/wp\/v2\/product_brand?post=903"},{"taxonomy":"product_cat","embeddable":true,"href":"https:\/\/livegood.network\/shop\/wp-json\/wp\/v2\/product_cat?post=903"},{"taxonomy":"product_tag","embeddable":true,"href":"https:\/\/livegood.network\/shop\/wp-json\/wp\/v2\/product_tag?post=903"}],"curies":[{"name":"wp","href":"https:\/\/api.w.org\/{rel}","templated":true}]}}