{"id":912,"date":"2024-01-24T20:40:56","date_gmt":"2024-01-24T20:40:56","guid":{"rendered":"https:\/\/livegood.network\/shop\/?post_type=product&#038;p=912"},"modified":"2024-10-21T17:49:13","modified_gmt":"2024-10-21T17:49:13","slug":"cbd-oil-livegood-pt-br","status":"publish","type":"product","link":"https:\/\/livegood.network\/shop\/pt-br\/product\/cbd-oil-livegood-pt-br\/","title":{"rendered":"\u00d3leo CBD LiveGood"},"content":{"rendered":"<p><strong>\u00d3leo CBD LiveGood<\/strong><\/p>\n<p>Na LiveGood, temos orgulho em oferecer produtos da mais alta qualidade e pureza do mercado, e nosso \u00f3leo CBD exemplifica esse compromisso.\u00a0Provenientes exclusivamente de 1% das principais fazendas de c\u00e2nhamo do pa\u00eds, os \u00f3leos LiveGood CBD garantem que voc\u00ea receber\u00e1 o m\u00e1ximo de benef\u00edcios com cada gota.<\/p>\n<p><strong>O melhor \u00f3leo veicular<\/strong><\/p>\n<p>Embora muitos produtos de CBD utilizem tradicionalmente \u00f3leo de semente de c\u00e2nhamo como transportador, as principais marcas de CBD em todo o mundo est\u00e3o cada vez mais a mudar para um transportador superior \u2013 o \u00f3leo MCT (triglic\u00e9ridos de cadeia m\u00e9dia).<\/p>\n<p>Embora o \u00f3leo de semente de c\u00e2nhamo tenha sido anteriormente considerado um transportador ideal devido \u00e0 sua presen\u00e7a na mesma planta, estudos recentes mostraram que o \u00f3leo MCT supera o \u00f3leo de semente de c\u00e2nhamo.\u00a0O \u00f3leo MCT possui maior teor de gordura saturada do que o \u00f3leo de semente de c\u00e2nhamo, permitindo-lhe transportar mais mol\u00e9culas de CBD.\u00a0Isto resulta numa absor\u00e7\u00e3o mais r\u00e1pida e benef\u00edcios m\u00e1ximos, vis\u00edveis desde a primeira gota.<\/p>\n<p>Das mat\u00e9rias-primas mais puras aos m\u00e9todos de colheita e extra\u00e7\u00e3o de \u00faltima gera\u00e7\u00e3o, o \u00f3leo CBD LiveGood \u00e9 o ep\u00edtome do \u00f3leo CBD da mais alta qualidade dispon\u00edvel.<\/p>\n<p>Crueldade livre<\/p>\n<p>N\u00e3o cont\u00e9m gluten<\/p>\n<p>Certificado GMP<\/p>\n<p>Amig\u00e1vel ao ceto<\/p>\n<p>N\u00e3o OGM<\/p>\n<p>Sem nozes<\/p>\n<p>Sem soja<\/p>\n<p>Testado por terceiros<\/p>\n<p><strong>COMO USAR:<br \/>\n<\/strong><strong>Tome 1 conta-gotas por via oral conforme necess\u00e1rio.<\/strong><\/p>\n<p>Dosagem: \u00c9 aconselh\u00e1vel estabelecer a sua dose de CBD come\u00e7ando com uma quantidade baixa e aumentando gradualmente.\u00a0Recomendamos a dose eficaz mais baixa, por isso utilize o conta-gotas de CBD para medir a quantidade e ajustar conforme necess\u00e1rio.<\/p>\n<p><strong>Melhor tomado diariamente.<\/strong><\/p>\n<p><strong>Dica profissional:<\/strong>\u00a0Aumente a absor\u00e7\u00e3o permitindo que o \u00f3leo fique sob a l\u00edngua ou entre a bochecha e a gengiva.\u00a0Embora seja natural engolir, siga seus instintos para saber o que parece certo.<\/p>\n","protected":false},"excerpt":{"rendered":"<p><img decoding=\"async\" class=\"emoji\" role=\"img\" draggable=\"false\" src=\"https:\/\/s.w.org\/images\/core\/emoji\/14.0.0\/svg\/1f49a.svg\" alt=\"LiveGooD Heart\" \/> Mais alta qualidade<br \/>\n<img decoding=\"async\" class=\"emoji\" role=\"img\" draggable=\"false\" src=\"https:\/\/s.w.org\/images\/core\/emoji\/14.0.0\/svg\/1f49a.svg\" alt=\"LiveGooD Heart\" \/> Absor\u00e7\u00e3o mais r\u00e1pida<br \/>\n<img decoding=\"async\" class=\"emoji\" role=\"img\" draggable=\"false\" src=\"https:\/\/s.w.org\/images\/core\/emoji\/14.0.0\/svg\/1f49a.svg\" alt=\"LiveGooD Heart\" \/> Benef\u00edcio M\u00e1ximo<\/p>\n<p><span style=\"color: #339966;\"><strong>Escolha 750mg ou 1500mg no sabor natural ou hortel\u00e3-pimenta<\/strong><\/span><\/p>\n","protected":false},"featured_media":296,"comment_status":"open","ping_status":"closed","template":"","meta":[],"product_brand":[],"product_cat":[152],"product_tag":[3805,3808],"class_list":{"0":"post-912","1":"product","2":"type-product","3":"status-publish","4":"has-post-thumbnail","6":"product_cat-cbd-pt-br","7":"product_tag-green-roads-cbd-oil-pt-br","8":"product_tag-hempworx-cbd-oil-pt-br","10":"first","11":"instock","12":"sale","13":"shipping-taxable","14":"product-type-external"},"yoast_head":"<!-- This site is optimized with the Yoast SEO Premium plugin v20.6 (Yoast SEO v21.8.1) - https:\/\/yoast.com\/wordpress\/plugins\/seo\/ -->\n<title>\u00d3leo CBD LiveGood - LiveGooD Shop<\/title>\n<meta name=\"robots\" content=\"index, follow, max-snippet:-1, max-image-preview:large, max-video-preview:-1\" \/>\n<link rel=\"canonical\" href=\"https:\/\/livegood.network\/shop\/pt-br\/product\/cbd-oil-livegood-pt-br\/\" \/>\n<meta property=\"og:locale\" content=\"en_US\" \/>\n<meta property=\"og:type\" content=\"article\" \/>\n<meta property=\"og:title\" content=\"\u00d3leo CBD LiveGood\" \/>\n<meta property=\"og:description\" content=\"Mais alta qualidade  Absor\u00e7\u00e3o mais r\u00e1pida  Benef\u00edcio M\u00e1ximo  Escolha 750mg ou 1500mg no sabor natural ou hortel\u00e3-pimenta\" \/>\n<meta property=\"og:url\" content=\"https:\/\/livegood.network\/shop\/pt-br\/product\/cbd-oil-livegood-pt-br\/\" \/>\n<meta property=\"article:publisher\" content=\"https:\/\/www.facebook.com\/livegoodhello\" \/>\n<meta property=\"article:modified_time\" content=\"2024-10-21T17:49:13+00:00\" \/>\n<meta property=\"og:image\" content=\"https:\/\/livegood.network\/shop\/wp-content\/uploads\/2024\/01\/full-spectrum-cbd-oil-peppermint-natural-flavor-dietary-supplement-livegood.png\" \/>\n\t<meta property=\"og:image:width\" content=\"1000\" \/>\n\t<meta property=\"og:image:height\" content=\"1000\" \/>\n\t<meta property=\"og:image:type\" content=\"image\/png\" \/>\n<meta name=\"twitter:card\" content=\"summary_large_image\" \/>\n<meta name=\"twitter:label1\" content=\"Est. reading time\" \/>\n\t<meta name=\"twitter:data1\" content=\"2 minutes\" \/>\n<script type=\"application\/ld+json\" class=\"yoast-schema-graph\">{\"@context\":\"https:\/\/schema.org\",\"@graph\":[{\"@type\":\"WebPage\",\"@id\":\"https:\/\/livegood.network\/shop\/pt-br\/product\/cbd-oil-livegood-pt-br\/\",\"url\":\"https:\/\/livegood.network\/shop\/pt-br\/product\/cbd-oil-livegood-pt-br\/\",\"name\":\"\u00d3leo CBD LiveGood - LiveGooD Shop\",\"isPartOf\":{\"@id\":\"https:\/\/livegood.network\/shop\/#website\"},\"datePublished\":\"2024-01-24T20:40:56+00:00\",\"dateModified\":\"2024-10-21T17:49:13+00:00\",\"breadcrumb\":{\"@id\":\"https:\/\/livegood.network\/shop\/pt-br\/product\/cbd-oil-livegood-pt-br\/#breadcrumb\"},\"inLanguage\":\"en-US\",\"potentialAction\":[{\"@type\":\"ReadAction\",\"target\":[\"https:\/\/livegood.network\/shop\/pt-br\/product\/cbd-oil-livegood-pt-br\/\"]}]},{\"@type\":\"BreadcrumbList\",\"@id\":\"https:\/\/livegood.network\/shop\/pt-br\/product\/cbd-oil-livegood-pt-br\/#breadcrumb\",\"itemListElement\":[{\"@type\":\"ListItem\",\"position\":1,\"name\":\"Home\",\"item\":\"https:\/\/livegood.network\/shop\/pt-br\/\"},{\"@type\":\"ListItem\",\"position\":2,\"name\":\"Shop\",\"item\":\"https:\/\/livegood.network\/shop\/shop\/\"},{\"@type\":\"ListItem\",\"position\":3,\"name\":\"\u00d3leo CBD LiveGood\"}]},{\"@type\":\"WebSite\",\"@id\":\"https:\/\/livegood.network\/shop\/#website\",\"url\":\"https:\/\/livegood.network\/shop\/\",\"name\":\"LiveGooD Shop\",\"description\":\"\",\"publisher\":{\"@id\":\"https:\/\/livegood.network\/shop\/#organization\"},\"potentialAction\":[{\"@type\":\"SearchAction\",\"target\":{\"@type\":\"EntryPoint\",\"urlTemplate\":\"https:\/\/livegood.network\/shop\/?s={search_term_string}\"},\"query-input\":\"required name=search_term_string\"}],\"inLanguage\":\"en-US\"},{\"@type\":\"Organization\",\"@id\":\"https:\/\/livegood.network\/shop\/#organization\",\"name\":\"LiveGooD\",\"url\":\"https:\/\/livegood.network\/shop\/\",\"logo\":{\"@type\":\"ImageObject\",\"inLanguage\":\"en-US\",\"@id\":\"https:\/\/livegood.network\/shop\/#\/schema\/logo\/image\/\",\"url\":\"https:\/\/livegood.network\/shop\/wp-content\/uploads\/2024\/01\/logo-livegood-shop-main.png\",\"contentUrl\":\"https:\/\/livegood.network\/shop\/wp-content\/uploads\/2024\/01\/logo-livegood-shop-main.png\",\"width\":373,\"height\":115,\"caption\":\"LiveGooD\"},\"image\":{\"@id\":\"https:\/\/livegood.network\/shop\/#\/schema\/logo\/image\/\"},\"sameAs\":[\"https:\/\/www.facebook.com\/livegoodhello\"]}]}<\/script>\n<!-- \/ Yoast SEO Premium plugin. -->","yoast_head_json":{"title":"\u00d3leo CBD LiveGood - LiveGooD Shop","robots":{"index":"index","follow":"follow","max-snippet":"max-snippet:-1","max-image-preview":"max-image-preview:large","max-video-preview":"max-video-preview:-1"},"canonical":"https:\/\/livegood.network\/shop\/pt-br\/product\/cbd-oil-livegood-pt-br\/","og_locale":"en_US","og_type":"article","og_title":"\u00d3leo CBD LiveGood","og_description":"Mais alta qualidade  Absor\u00e7\u00e3o mais r\u00e1pida  Benef\u00edcio M\u00e1ximo  Escolha 750mg ou 1500mg no sabor natural ou hortel\u00e3-pimenta","og_url":"https:\/\/livegood.network\/shop\/pt-br\/product\/cbd-oil-livegood-pt-br\/","article_publisher":"https:\/\/www.facebook.com\/livegoodhello","article_modified_time":"2024-10-21T17:49:13+00:00","og_image":[{"width":1000,"height":1000,"url":"https:\/\/livegood.network\/shop\/wp-content\/uploads\/2024\/01\/full-spectrum-cbd-oil-peppermint-natural-flavor-dietary-supplement-livegood.png","type":"image\/png"}],"twitter_card":"summary_large_image","twitter_misc":{"Est. reading time":"2 minutes"},"schema":{"@context":"https:\/\/schema.org","@graph":[{"@type":"WebPage","@id":"https:\/\/livegood.network\/shop\/pt-br\/product\/cbd-oil-livegood-pt-br\/","url":"https:\/\/livegood.network\/shop\/pt-br\/product\/cbd-oil-livegood-pt-br\/","name":"\u00d3leo CBD LiveGood - LiveGooD Shop","isPartOf":{"@id":"https:\/\/livegood.network\/shop\/#website"},"datePublished":"2024-01-24T20:40:56+00:00","dateModified":"2024-10-21T17:49:13+00:00","breadcrumb":{"@id":"https:\/\/livegood.network\/shop\/pt-br\/product\/cbd-oil-livegood-pt-br\/#breadcrumb"},"inLanguage":"en-US","potentialAction":[{"@type":"ReadAction","target":["https:\/\/livegood.network\/shop\/pt-br\/product\/cbd-oil-livegood-pt-br\/"]}]},{"@type":"BreadcrumbList","@id":"https:\/\/livegood.network\/shop\/pt-br\/product\/cbd-oil-livegood-pt-br\/#breadcrumb","itemListElement":[{"@type":"ListItem","position":1,"name":"Home","item":"https:\/\/livegood.network\/shop\/pt-br\/"},{"@type":"ListItem","position":2,"name":"Shop","item":"https:\/\/livegood.network\/shop\/shop\/"},{"@type":"ListItem","position":3,"name":"\u00d3leo CBD LiveGood"}]},{"@type":"WebSite","@id":"https:\/\/livegood.network\/shop\/#website","url":"https:\/\/livegood.network\/shop\/","name":"LiveGooD Shop","description":"","publisher":{"@id":"https:\/\/livegood.network\/shop\/#organization"},"potentialAction":[{"@type":"SearchAction","target":{"@type":"EntryPoint","urlTemplate":"https:\/\/livegood.network\/shop\/?s={search_term_string}"},"query-input":"required name=search_term_string"}],"inLanguage":"en-US"},{"@type":"Organization","@id":"https:\/\/livegood.network\/shop\/#organization","name":"LiveGooD","url":"https:\/\/livegood.network\/shop\/","logo":{"@type":"ImageObject","inLanguage":"en-US","@id":"https:\/\/livegood.network\/shop\/#\/schema\/logo\/image\/","url":"https:\/\/livegood.network\/shop\/wp-content\/uploads\/2024\/01\/logo-livegood-shop-main.png","contentUrl":"https:\/\/livegood.network\/shop\/wp-content\/uploads\/2024\/01\/logo-livegood-shop-main.png","width":373,"height":115,"caption":"LiveGooD"},"image":{"@id":"https:\/\/livegood.network\/shop\/#\/schema\/logo\/image\/"},"sameAs":["https:\/\/www.facebook.com\/livegoodhello"]}]}},"lang":"pt-br","translations":{"pt-br":912,"pt-pt":902,"en-us":297,"fr-fr":900,"es-es":901,"vi":903,"ru-ru":908,"ko":909},"pll_sync_post":[],"_links":{"self":[{"href":"https:\/\/livegood.network\/shop\/wp-json\/wp\/v2\/product\/912","targetHints":{"allow":["GET"]}}],"collection":[{"href":"https:\/\/livegood.network\/shop\/wp-json\/wp\/v2\/product"}],"about":[{"href":"https:\/\/livegood.network\/shop\/wp-json\/wp\/v2\/types\/product"}],"replies":[{"embeddable":true,"href":"https:\/\/livegood.network\/shop\/wp-json\/wp\/v2\/comments?post=912"}],"version-history":[{"count":1,"href":"https:\/\/livegood.network\/shop\/wp-json\/wp\/v2\/product\/912\/revisions"}],"predecessor-version":[{"id":1513,"href":"https:\/\/livegood.network\/shop\/wp-json\/wp\/v2\/product\/912\/revisions\/1513"}],"wp:featuredmedia":[{"embeddable":true,"href":"https:\/\/livegood.network\/shop\/wp-json\/wp\/v2\/media\/296"}],"wp:attachment":[{"href":"https:\/\/livegood.network\/shop\/wp-json\/wp\/v2\/media?parent=912"}],"wp:term":[{"taxonomy":"product_brand","embeddable":true,"href":"https:\/\/livegood.network\/shop\/wp-json\/wp\/v2\/product_brand?post=912"},{"taxonomy":"product_cat","embeddable":true,"href":"https:\/\/livegood.network\/shop\/wp-json\/wp\/v2\/product_cat?post=912"},{"taxonomy":"product_tag","embeddable":true,"href":"https:\/\/livegood.network\/shop\/wp-json\/wp\/v2\/product_tag?post=912"}],"curies":[{"name":"wp","href":"https:\/\/api.w.org\/{rel}","templated":true}]}}