{"id":914,"date":"2024-01-24T21:26:37","date_gmt":"2024-01-24T21:26:37","guid":{"rendered":"https:\/\/livegood.network\/shop\/?post_type=product&#038;p=914"},"modified":"2024-02-02T12:55:27","modified_gmt":"2024-02-02T12:55:27","slug":"cbd-pain-relief-cream-livegood-fr-fr","status":"publish","type":"product","link":"https:\/\/livegood.network\/shop\/fr-fr\/product\/cbd-pain-relief-cream-livegood-fr-fr\/","title":{"rendered":"Cr\u00e8me anti-douleur au CBD LiveGooD"},"content":{"rendered":"<p><strong>Cr\u00e8me anti-douleur au CBD LiveGooD<\/strong><\/p>\n<p>Pr\u00e8s d\u2019un quart des adultes souffrent de douleurs articulaires, ce pourcentage d\u00e9passant les 70 % chez les personnes \u00e2g\u00e9es de 60 ans et plus.\u00a0C&#8217;est pourquoi nous avons d\u00e9velopp\u00e9 la cr\u00e8me anti-douleur la plus avanc\u00e9e disponible.\u00a0Formul\u00e9e scientifiquement pour optimiser la synergie entre tous les ingr\u00e9dients, la cr\u00e8me anti-douleur LiveGood CBD offre des r\u00e9sultats visibles en quelques minutes et durent des heures !<\/p>\n<p>Avec des composants comme le gel d&#8217;Aloe Vera biologique, le menthol, le camphre, la menthe poivr\u00e9e, la gaulth\u00e9rie, l&#8217;arnica, le calendula, le NANO CBD et le NANO CBG, connus pour leurs propri\u00e9t\u00e9s th\u00e9rapeutiques individuelles et combin\u00e9es, cette cr\u00e8me procure un soulagement topique efficace de la douleur.<\/p>\n<p><strong>Propri\u00e9t\u00e9s b\u00e9n\u00e9fiques des principes actifs\u00a0:<\/strong><\/p>\n<ul>\n<li>Gel d&#8217;Aloe Vera biologique : R\u00e9put\u00e9 pour ses attributs anti-inflammatoires et apaisants, il contient des compos\u00e9s comme l&#8217;ac\u00e9mannane qui peuvent p\u00e9n\u00e9trer dans la peau, r\u00e9duisant l&#8217;inflammation et hydratant la peau.<\/li>\n<li>Menthol : Un analg\u00e9sique naturel procurant une sensation de fra\u00eecheur, stimulant les r\u00e9cepteurs du froid de la peau, r\u00e9duisant la douleur et l&#8217;inflammation.<\/li>\n<li>Camphre : Un autre analg\u00e9sique naturel, offrant une sensation de chaleur en stimulant les r\u00e9cepteurs de chaleur, en synergie avec le menthol pour une efficacit\u00e9 accrue.<\/li>\n<li>Huile essentielle de menthe poivr\u00e9e : contient du menthol et d&#8217;autres propri\u00e9t\u00e9s analg\u00e9siques et anti-inflammatoires, procurant une sensation de fra\u00eecheur pour soulager la douleur.<\/li>\n<li>Huile essentielle de gaulth\u00e9rie\u00a0: contient du salicylate de m\u00e9thyle, un analg\u00e9sique naturel qui inhibe la production de compos\u00e9s contribuant \u00e0 la douleur et \u00e0 l&#8217;inflammation.<\/li>\n<li>Arnica : Traditionnellement utilis\u00e9e pour soulager la douleur, elle contient de l&#8217;h\u00e9l\u00e9naline aux propri\u00e9t\u00e9s anti-inflammatoires, appliqu\u00e9e localement pour les contusions, les entorses et l&#8217;arthrite.<\/li>\n<li>Calendula : Poss\u00e9dant des propri\u00e9t\u00e9s anti-inflammatoires et antimicrobiennes, il r\u00e9duit la douleur, l&#8217;enflure et pr\u00e9vient les infections, couramment utilis\u00e9 pour les plaies, les br\u00fblures et l&#8217;ecz\u00e9ma.<\/li>\n<li>NANO CBD et NANO CBG : Cannabino\u00efdes aux propri\u00e9t\u00e9s anti-inflammatoires et analg\u00e9siques prouv\u00e9es, interagissant avec le syst\u00e8me endocannabino\u00efde pour soulager la douleur et l&#8217;inflammation.<\/li>\n<\/ul>\n<p>En r\u00e9sum\u00e9, les propri\u00e9t\u00e9s th\u00e9rapeutiques combin\u00e9es du gel d\u2019Aloe Vera biologique, du menthol, du camphre, de la menthe poivr\u00e9e, de la gaulth\u00e9rie, de l\u2019arnica, du calendula, du NANO CBD et du NANO CBG les rendent b\u00e9n\u00e9fiques pour le soulagement topique de la douleur.<\/p>\n<p><strong>COMMENT UTILISER:<\/strong><\/p>\n<p>Versez une pompe dans la paume de votre main, appliquez sur la zone souhait\u00e9e et massez jusqu&#8217;\u00e0 absorption compl\u00e8te.<\/p>\n<p><strong>Ne touchez pas vos yeux, votre bouche ou vos zones sensibles tant que vos mains ne sont pas compl\u00e8tement nettoy\u00e9es.<\/strong><\/p>\n<p><strong>Conseil de pro\u00a0:<\/strong>\u00a0appliquez g\u00e9n\u00e9reusement jusqu&#8217;\u00e0 3 \u00e0 4 fois par jour pour des r\u00e9sultats optimaux.\u00a0Avec un contenant de 4 onces, m\u00eame en appliquant 4 fois par jour, cela peut durer jusqu&#8217;\u00e0 30 jours !<\/p>\n","protected":false},"excerpt":{"rendered":"<p><img decoding=\"async\" class=\"emoji\" role=\"img\" draggable=\"false\" src=\"https:\/\/s.w.org\/images\/core\/emoji\/14.0.0\/svg\/1f49a.svg\" alt=\"????\" \/> Apaise les articulations<br \/>\n<img decoding=\"async\" class=\"emoji\" role=\"img\" draggable=\"false\" src=\"https:\/\/s.w.org\/images\/core\/emoji\/14.0.0\/svg\/1f49a.svg\" alt=\"????\" \/> Aide \u00e0 d\u00e9tendre les muscles<br \/>\n<img decoding=\"async\" class=\"emoji\" role=\"img\" draggable=\"false\" src=\"https:\/\/s.w.org\/images\/core\/emoji\/14.0.0\/svg\/1f49a.svg\" alt=\"????\" \/> Soutenir le soulagement de la douleur<br \/>\n<img decoding=\"async\" class=\"emoji\" role=\"img\" draggable=\"false\" src=\"https:\/\/s.w.org\/images\/core\/emoji\/14.0.0\/svg\/1f49a.svg\" alt=\"????\" \/> 2 000 mg de CBD<\/p>\n","protected":false},"featured_media":302,"comment_status":"open","ping_status":"closed","template":"","meta":[],"product_brand":[],"product_cat":[150],"product_tag":[3825],"class_list":{"0":"post-914","1":"product","2":"type-product","3":"status-publish","4":"has-post-thumbnail","6":"product_cat-cbd-fr-fr","7":"product_tag-wellcare-botanicals-pain-relief-cream-fr-fr","9":"first","10":"instock","11":"sale","12":"shipping-taxable","13":"product-type-external"},"yoast_head":"<!-- This site is optimized with the Yoast SEO Premium plugin v20.6 (Yoast SEO v21.8.1) - https:\/\/yoast.com\/wordpress\/plugins\/seo\/ -->\n<title>Cr\u00e8me anti-douleur au CBD LiveGooD - LiveGooD Shop<\/title>\n<meta name=\"robots\" content=\"index, follow, max-snippet:-1, max-image-preview:large, max-video-preview:-1\" \/>\n<link rel=\"canonical\" href=\"https:\/\/livegood.network\/shop\/fr-fr\/product\/cbd-pain-relief-cream-livegood-fr-fr\/\" \/>\n<meta property=\"og:locale\" content=\"en_US\" \/>\n<meta property=\"og:type\" content=\"article\" \/>\n<meta property=\"og:title\" content=\"Cr\u00e8me anti-douleur au CBD LiveGooD\" \/>\n<meta property=\"og:description\" content=\"Apaise les articulations  Aide \u00e0 d\u00e9tendre les muscles  Soutenir le soulagement de la douleur  2 000 mg de CBD\" \/>\n<meta property=\"og:url\" content=\"https:\/\/livegood.network\/shop\/fr-fr\/product\/cbd-pain-relief-cream-livegood-fr-fr\/\" \/>\n<meta property=\"article:publisher\" content=\"https:\/\/www.facebook.com\/livegoodhello\" \/>\n<meta property=\"article:modified_time\" content=\"2024-02-02T12:55:27+00:00\" \/>\n<meta property=\"og:image\" content=\"https:\/\/livegood.network\/shop\/wp-content\/uploads\/2024\/01\/cbd-pain-relief-cream-front-livegood.png\" \/>\n\t<meta property=\"og:image:width\" content=\"720\" \/>\n\t<meta property=\"og:image:height\" content=\"720\" \/>\n\t<meta property=\"og:image:type\" content=\"image\/png\" \/>\n<meta name=\"twitter:card\" content=\"summary_large_image\" \/>\n<meta name=\"twitter:label1\" content=\"Est. reading time\" \/>\n\t<meta name=\"twitter:data1\" content=\"3 minutes\" \/>\n<script type=\"application\/ld+json\" class=\"yoast-schema-graph\">{\"@context\":\"https:\/\/schema.org\",\"@graph\":[{\"@type\":\"WebPage\",\"@id\":\"https:\/\/livegood.network\/shop\/fr-fr\/product\/cbd-pain-relief-cream-livegood-fr-fr\/\",\"url\":\"https:\/\/livegood.network\/shop\/fr-fr\/product\/cbd-pain-relief-cream-livegood-fr-fr\/\",\"name\":\"Cr\u00e8me anti-douleur au CBD LiveGooD - LiveGooD Shop\",\"isPartOf\":{\"@id\":\"https:\/\/livegood.network\/shop\/#website\"},\"datePublished\":\"2024-01-24T21:26:37+00:00\",\"dateModified\":\"2024-02-02T12:55:27+00:00\",\"breadcrumb\":{\"@id\":\"https:\/\/livegood.network\/shop\/fr-fr\/product\/cbd-pain-relief-cream-livegood-fr-fr\/#breadcrumb\"},\"inLanguage\":\"en-US\",\"potentialAction\":[{\"@type\":\"ReadAction\",\"target\":[\"https:\/\/livegood.network\/shop\/fr-fr\/product\/cbd-pain-relief-cream-livegood-fr-fr\/\"]}]},{\"@type\":\"BreadcrumbList\",\"@id\":\"https:\/\/livegood.network\/shop\/fr-fr\/product\/cbd-pain-relief-cream-livegood-fr-fr\/#breadcrumb\",\"itemListElement\":[{\"@type\":\"ListItem\",\"position\":1,\"name\":\"Home\",\"item\":\"https:\/\/livegood.network\/shop\/pt-br\/\"},{\"@type\":\"ListItem\",\"position\":2,\"name\":\"Shop\",\"item\":\"https:\/\/livegood.network\/shop\/shop\/\"},{\"@type\":\"ListItem\",\"position\":3,\"name\":\"Cr\u00e8me anti-douleur au CBD LiveGooD\"}]},{\"@type\":\"WebSite\",\"@id\":\"https:\/\/livegood.network\/shop\/#website\",\"url\":\"https:\/\/livegood.network\/shop\/\",\"name\":\"LiveGooD Shop\",\"description\":\"\",\"publisher\":{\"@id\":\"https:\/\/livegood.network\/shop\/#organization\"},\"potentialAction\":[{\"@type\":\"SearchAction\",\"target\":{\"@type\":\"EntryPoint\",\"urlTemplate\":\"https:\/\/livegood.network\/shop\/?s={search_term_string}\"},\"query-input\":\"required name=search_term_string\"}],\"inLanguage\":\"en-US\"},{\"@type\":\"Organization\",\"@id\":\"https:\/\/livegood.network\/shop\/#organization\",\"name\":\"LiveGooD\",\"url\":\"https:\/\/livegood.network\/shop\/\",\"logo\":{\"@type\":\"ImageObject\",\"inLanguage\":\"en-US\",\"@id\":\"https:\/\/livegood.network\/shop\/#\/schema\/logo\/image\/\",\"url\":\"https:\/\/livegood.network\/shop\/wp-content\/uploads\/2024\/01\/logo-livegood-shop-main.png\",\"contentUrl\":\"https:\/\/livegood.network\/shop\/wp-content\/uploads\/2024\/01\/logo-livegood-shop-main.png\",\"width\":373,\"height\":115,\"caption\":\"LiveGooD\"},\"image\":{\"@id\":\"https:\/\/livegood.network\/shop\/#\/schema\/logo\/image\/\"},\"sameAs\":[\"https:\/\/www.facebook.com\/livegoodhello\"]}]}<\/script>\n<!-- \/ Yoast SEO Premium plugin. -->","yoast_head_json":{"title":"Cr\u00e8me anti-douleur au CBD LiveGooD - LiveGooD Shop","robots":{"index":"index","follow":"follow","max-snippet":"max-snippet:-1","max-image-preview":"max-image-preview:large","max-video-preview":"max-video-preview:-1"},"canonical":"https:\/\/livegood.network\/shop\/fr-fr\/product\/cbd-pain-relief-cream-livegood-fr-fr\/","og_locale":"en_US","og_type":"article","og_title":"Cr\u00e8me anti-douleur au CBD LiveGooD","og_description":"Apaise les articulations  Aide \u00e0 d\u00e9tendre les muscles  Soutenir le soulagement de la douleur  2 000 mg de CBD","og_url":"https:\/\/livegood.network\/shop\/fr-fr\/product\/cbd-pain-relief-cream-livegood-fr-fr\/","article_publisher":"https:\/\/www.facebook.com\/livegoodhello","article_modified_time":"2024-02-02T12:55:27+00:00","og_image":[{"width":720,"height":720,"url":"https:\/\/livegood.network\/shop\/wp-content\/uploads\/2024\/01\/cbd-pain-relief-cream-front-livegood.png","type":"image\/png"}],"twitter_card":"summary_large_image","twitter_misc":{"Est. reading time":"3 minutes"},"schema":{"@context":"https:\/\/schema.org","@graph":[{"@type":"WebPage","@id":"https:\/\/livegood.network\/shop\/fr-fr\/product\/cbd-pain-relief-cream-livegood-fr-fr\/","url":"https:\/\/livegood.network\/shop\/fr-fr\/product\/cbd-pain-relief-cream-livegood-fr-fr\/","name":"Cr\u00e8me anti-douleur au CBD LiveGooD - LiveGooD Shop","isPartOf":{"@id":"https:\/\/livegood.network\/shop\/#website"},"datePublished":"2024-01-24T21:26:37+00:00","dateModified":"2024-02-02T12:55:27+00:00","breadcrumb":{"@id":"https:\/\/livegood.network\/shop\/fr-fr\/product\/cbd-pain-relief-cream-livegood-fr-fr\/#breadcrumb"},"inLanguage":"en-US","potentialAction":[{"@type":"ReadAction","target":["https:\/\/livegood.network\/shop\/fr-fr\/product\/cbd-pain-relief-cream-livegood-fr-fr\/"]}]},{"@type":"BreadcrumbList","@id":"https:\/\/livegood.network\/shop\/fr-fr\/product\/cbd-pain-relief-cream-livegood-fr-fr\/#breadcrumb","itemListElement":[{"@type":"ListItem","position":1,"name":"Home","item":"https:\/\/livegood.network\/shop\/pt-br\/"},{"@type":"ListItem","position":2,"name":"Shop","item":"https:\/\/livegood.network\/shop\/shop\/"},{"@type":"ListItem","position":3,"name":"Cr\u00e8me anti-douleur au CBD LiveGooD"}]},{"@type":"WebSite","@id":"https:\/\/livegood.network\/shop\/#website","url":"https:\/\/livegood.network\/shop\/","name":"LiveGooD Shop","description":"","publisher":{"@id":"https:\/\/livegood.network\/shop\/#organization"},"potentialAction":[{"@type":"SearchAction","target":{"@type":"EntryPoint","urlTemplate":"https:\/\/livegood.network\/shop\/?s={search_term_string}"},"query-input":"required name=search_term_string"}],"inLanguage":"en-US"},{"@type":"Organization","@id":"https:\/\/livegood.network\/shop\/#organization","name":"LiveGooD","url":"https:\/\/livegood.network\/shop\/","logo":{"@type":"ImageObject","inLanguage":"en-US","@id":"https:\/\/livegood.network\/shop\/#\/schema\/logo\/image\/","url":"https:\/\/livegood.network\/shop\/wp-content\/uploads\/2024\/01\/logo-livegood-shop-main.png","contentUrl":"https:\/\/livegood.network\/shop\/wp-content\/uploads\/2024\/01\/logo-livegood-shop-main.png","width":373,"height":115,"caption":"LiveGooD"},"image":{"@id":"https:\/\/livegood.network\/shop\/#\/schema\/logo\/image\/"},"sameAs":["https:\/\/www.facebook.com\/livegoodhello"]}]}},"lang":"fr-fr","translations":{"fr-fr":914,"pt-br":928,"pt-pt":916,"en-us":301,"es-es":915,"vi":917,"ru-ru":924,"ko":925},"pll_sync_post":[],"_links":{"self":[{"href":"https:\/\/livegood.network\/shop\/wp-json\/wp\/v2\/product\/914","targetHints":{"allow":["GET"]}}],"collection":[{"href":"https:\/\/livegood.network\/shop\/wp-json\/wp\/v2\/product"}],"about":[{"href":"https:\/\/livegood.network\/shop\/wp-json\/wp\/v2\/types\/product"}],"replies":[{"embeddable":true,"href":"https:\/\/livegood.network\/shop\/wp-json\/wp\/v2\/comments?post=914"}],"version-history":[{"count":1,"href":"https:\/\/livegood.network\/shop\/wp-json\/wp\/v2\/product\/914\/revisions"}],"predecessor-version":[{"id":1494,"href":"https:\/\/livegood.network\/shop\/wp-json\/wp\/v2\/product\/914\/revisions\/1494"}],"wp:featuredmedia":[{"embeddable":true,"href":"https:\/\/livegood.network\/shop\/wp-json\/wp\/v2\/media\/302"}],"wp:attachment":[{"href":"https:\/\/livegood.network\/shop\/wp-json\/wp\/v2\/media?parent=914"}],"wp:term":[{"taxonomy":"product_brand","embeddable":true,"href":"https:\/\/livegood.network\/shop\/wp-json\/wp\/v2\/product_brand?post=914"},{"taxonomy":"product_cat","embeddable":true,"href":"https:\/\/livegood.network\/shop\/wp-json\/wp\/v2\/product_cat?post=914"},{"taxonomy":"product_tag","embeddable":true,"href":"https:\/\/livegood.network\/shop\/wp-json\/wp\/v2\/product_tag?post=914"}],"curies":[{"name":"wp","href":"https:\/\/api.w.org\/{rel}","templated":true}]}}