{"id":915,"date":"2024-01-24T21:25:19","date_gmt":"2024-01-24T21:25:19","guid":{"rendered":"https:\/\/livegood.network\/shop\/?post_type=product&#038;p=915"},"modified":"2024-02-02T12:55:06","modified_gmt":"2024-02-02T12:55:06","slug":"cbd-pain-relief-cream-livegood-es-es","status":"publish","type":"product","link":"https:\/\/livegood.network\/shop\/es-es\/product\/cbd-pain-relief-cream-livegood-es-es\/","title":{"rendered":"Crema para aliviar el dolor con CBD LiveGooD"},"content":{"rendered":"<p><strong>Crema para aliviar el dolor con CBD LiveGooD<\/strong><\/p>\n<p>Casi una cuarta parte de los adultos experimentan dolor en las articulaciones, y el porcentaje supera el 70% para las personas de 60 a\u00f1os o m\u00e1s.\u00a0Es por eso que hemos desarrollado la Crema para aliviar el dolor m\u00e1s avanzada disponible.\u00a0Formulada cient\u00edficamente para optimizar la sinergia entre todos los ingredientes, la crema para aliviar el dolor con CBD LiveGood ofrece resultados que se notan en cuesti\u00f3n de minutos y duran horas.<\/p>\n<p>Con componentes como gel org\u00e1nico de aloe vera, mentol, alcanfor, menta, gaulteria, \u00e1rnica, cal\u00e9ndula, NANO CBD y NANO CBG, conocidos por sus propiedades terap\u00e9uticas individuales y combinadas, esta crema proporciona un alivio t\u00f3pico eficaz del dolor.<\/p>\n<p><strong>Propiedades beneficiosas de los ingredientes activos:<\/strong><\/p>\n<ul>\n<li>Gel de aloe vera org\u00e1nico: conocido por sus atributos antiinflamatorios y calmantes, contiene compuestos como el acemanano que pueden penetrar la piel, reduciendo la inflamaci\u00f3n e hidrat\u00e1ndola.<\/li>\n<li>Mentol: Analg\u00e9sico natural que proporciona una sensaci\u00f3n refrescante, estimula los receptores del fr\u00edo en la piel y reduce el dolor y la inflamaci\u00f3n.<\/li>\n<li>Alcanfor: Otro analg\u00e9sico natural que ofrece una sensaci\u00f3n de calor al estimular los receptores de calor y tiene sinergia con el mentol para mayor eficacia.<\/li>\n<li>Aceite esencial de menta: contiene mentol y otras propiedades analg\u00e9sicas y antiinflamatorias que brindan una sensaci\u00f3n refrescante para aliviar el dolor.<\/li>\n<li>Aceite esencial de gaulteria: contiene salicilato de metilo, un analg\u00e9sico natural que inhibe la producci\u00f3n de compuestos que contribuyen al dolor y la inflamaci\u00f3n.<\/li>\n<li>\u00c1rnica: Tradicionalmente utilizada para aliviar el dolor, contiene helenalina con propiedades antiinflamatorias, se aplica t\u00f3picamente para hematomas, esguinces y artritis.<\/li>\n<li>Cal\u00e9ndula: Al poseer propiedades antiinflamatorias y antimicrobianas, reduce el dolor, la hinchaz\u00f3n y previene infecciones, com\u00fanmente utilizada para heridas, quemaduras y eccemas.<\/li>\n<li>NANO CBD y NANO CBG: Cannabinoides con propiedades antiinflamatorias y analg\u00e9sicas comprobadas, que interact\u00faan con el sistema endocannabinoide para aliviar el dolor y la inflamaci\u00f3n.<\/li>\n<\/ul>\n<p>En resumen, las propiedades terap\u00e9uticas combinadas del gel org\u00e1nico de aloe vera, mentol, alcanfor, menta, gaulteria, \u00e1rnica, cal\u00e9ndula, NANO CBD y NANO CBG los hacen beneficiosos para el alivio t\u00f3pico del dolor.<\/p>\n<p><strong>C\u00d3MO UTILIZAR:<\/strong><\/p>\n<p>Dispense una dosis en la palma de su mano, apl\u00edquela en el \u00e1rea deseada y masajee hasta su total absorci\u00f3n.<\/p>\n<p><strong>No te toques los ojos, la boca o zonas sensibles hasta que tus manos est\u00e9n completamente limpias.<\/strong><\/p>\n<p><strong>Consejo profesional:<\/strong>\u00a0aplique generosamente hasta 3 o 4 veces al d\u00eda para obtener resultados \u00f3ptimos.\u00a0Con un envase de 4 onzas, incluso aplic\u00e1ndolo 4 veces al d\u00eda, \u00a1puede durar hasta 30 d\u00edas!<\/p>\n","protected":false},"excerpt":{"rendered":"<p><img decoding=\"async\" class=\"emoji\" role=\"img\" draggable=\"false\" src=\"https:\/\/s.w.org\/images\/core\/emoji\/14.0.0\/svg\/1f49a.svg\" alt=\"????\" \/> Calma las articulaciones<br \/>\n<img decoding=\"async\" class=\"emoji\" role=\"img\" draggable=\"false\" src=\"https:\/\/s.w.org\/images\/core\/emoji\/14.0.0\/svg\/1f49a.svg\" alt=\"????\" \/> Ayuda a relajar los m\u00fasculos<br \/>\n<img decoding=\"async\" class=\"emoji\" role=\"img\" draggable=\"false\" src=\"https:\/\/s.w.org\/images\/core\/emoji\/14.0.0\/svg\/1f49a.svg\" alt=\"????\" \/> Apoyar el alivio del dolor<br \/>\n<img decoding=\"async\" class=\"emoji\" role=\"img\" draggable=\"false\" src=\"https:\/\/s.w.org\/images\/core\/emoji\/14.0.0\/svg\/1f49a.svg\" alt=\"????\" \/> 2.000 mg de CBD<\/p>\n","protected":false},"featured_media":302,"comment_status":"open","ping_status":"closed","template":"","meta":[],"product_brand":[],"product_cat":[148],"product_tag":[3828],"class_list":{"0":"post-915","1":"product","2":"type-product","3":"status-publish","4":"has-post-thumbnail","6":"product_cat-cbd-es-es","7":"product_tag-wellcare-botanicals-pain-relief-cream-es-es","9":"first","10":"instock","11":"sale","12":"shipping-taxable","13":"product-type-external"},"yoast_head":"<!-- This site is optimized with the Yoast SEO Premium plugin v20.6 (Yoast SEO v21.8.1) - https:\/\/yoast.com\/wordpress\/plugins\/seo\/ -->\n<title>Crema para aliviar el dolor con CBD LiveGooD - LiveGooD Shop<\/title>\n<meta name=\"robots\" content=\"index, follow, max-snippet:-1, max-image-preview:large, max-video-preview:-1\" \/>\n<link rel=\"canonical\" href=\"https:\/\/livegood.network\/shop\/es-es\/product\/cbd-pain-relief-cream-livegood-es-es\/\" \/>\n<meta property=\"og:locale\" content=\"en_US\" \/>\n<meta property=\"og:type\" content=\"article\" \/>\n<meta property=\"og:title\" content=\"Crema para aliviar el dolor con CBD LiveGooD\" \/>\n<meta property=\"og:description\" content=\"Calma las articulaciones  Ayuda a relajar los m\u00fasculos  Apoyar el alivio del dolor  2.000 mg de CBD\" \/>\n<meta property=\"og:url\" content=\"https:\/\/livegood.network\/shop\/es-es\/product\/cbd-pain-relief-cream-livegood-es-es\/\" \/>\n<meta property=\"article:publisher\" content=\"https:\/\/www.facebook.com\/livegoodhello\" \/>\n<meta property=\"article:modified_time\" content=\"2024-02-02T12:55:06+00:00\" \/>\n<meta property=\"og:image\" content=\"https:\/\/livegood.network\/shop\/wp-content\/uploads\/2024\/01\/cbd-pain-relief-cream-front-livegood.png\" \/>\n\t<meta property=\"og:image:width\" content=\"720\" \/>\n\t<meta property=\"og:image:height\" content=\"720\" \/>\n\t<meta property=\"og:image:type\" content=\"image\/png\" \/>\n<meta name=\"twitter:card\" content=\"summary_large_image\" \/>\n<meta name=\"twitter:label1\" content=\"Est. reading time\" \/>\n\t<meta name=\"twitter:data1\" content=\"3 minutes\" \/>\n<script type=\"application\/ld+json\" class=\"yoast-schema-graph\">{\"@context\":\"https:\/\/schema.org\",\"@graph\":[{\"@type\":\"WebPage\",\"@id\":\"https:\/\/livegood.network\/shop\/es-es\/product\/cbd-pain-relief-cream-livegood-es-es\/\",\"url\":\"https:\/\/livegood.network\/shop\/es-es\/product\/cbd-pain-relief-cream-livegood-es-es\/\",\"name\":\"Crema para aliviar el dolor con CBD LiveGooD - LiveGooD Shop\",\"isPartOf\":{\"@id\":\"https:\/\/livegood.network\/shop\/#website\"},\"datePublished\":\"2024-01-24T21:25:19+00:00\",\"dateModified\":\"2024-02-02T12:55:06+00:00\",\"breadcrumb\":{\"@id\":\"https:\/\/livegood.network\/shop\/es-es\/product\/cbd-pain-relief-cream-livegood-es-es\/#breadcrumb\"},\"inLanguage\":\"en-US\",\"potentialAction\":[{\"@type\":\"ReadAction\",\"target\":[\"https:\/\/livegood.network\/shop\/es-es\/product\/cbd-pain-relief-cream-livegood-es-es\/\"]}]},{\"@type\":\"BreadcrumbList\",\"@id\":\"https:\/\/livegood.network\/shop\/es-es\/product\/cbd-pain-relief-cream-livegood-es-es\/#breadcrumb\",\"itemListElement\":[{\"@type\":\"ListItem\",\"position\":1,\"name\":\"Home\",\"item\":\"https:\/\/livegood.network\/shop\/pt-br\/\"},{\"@type\":\"ListItem\",\"position\":2,\"name\":\"Shop\",\"item\":\"https:\/\/livegood.network\/shop\/shop\/\"},{\"@type\":\"ListItem\",\"position\":3,\"name\":\"Crema para aliviar el dolor con CBD LiveGooD\"}]},{\"@type\":\"WebSite\",\"@id\":\"https:\/\/livegood.network\/shop\/#website\",\"url\":\"https:\/\/livegood.network\/shop\/\",\"name\":\"LiveGooD Shop\",\"description\":\"\",\"publisher\":{\"@id\":\"https:\/\/livegood.network\/shop\/#organization\"},\"potentialAction\":[{\"@type\":\"SearchAction\",\"target\":{\"@type\":\"EntryPoint\",\"urlTemplate\":\"https:\/\/livegood.network\/shop\/?s={search_term_string}\"},\"query-input\":\"required name=search_term_string\"}],\"inLanguage\":\"en-US\"},{\"@type\":\"Organization\",\"@id\":\"https:\/\/livegood.network\/shop\/#organization\",\"name\":\"LiveGooD\",\"url\":\"https:\/\/livegood.network\/shop\/\",\"logo\":{\"@type\":\"ImageObject\",\"inLanguage\":\"en-US\",\"@id\":\"https:\/\/livegood.network\/shop\/#\/schema\/logo\/image\/\",\"url\":\"https:\/\/livegood.network\/shop\/wp-content\/uploads\/2024\/01\/logo-livegood-shop-main.png\",\"contentUrl\":\"https:\/\/livegood.network\/shop\/wp-content\/uploads\/2024\/01\/logo-livegood-shop-main.png\",\"width\":373,\"height\":115,\"caption\":\"LiveGooD\"},\"image\":{\"@id\":\"https:\/\/livegood.network\/shop\/#\/schema\/logo\/image\/\"},\"sameAs\":[\"https:\/\/www.facebook.com\/livegoodhello\"]}]}<\/script>\n<!-- \/ Yoast SEO Premium plugin. -->","yoast_head_json":{"title":"Crema para aliviar el dolor con CBD LiveGooD - LiveGooD Shop","robots":{"index":"index","follow":"follow","max-snippet":"max-snippet:-1","max-image-preview":"max-image-preview:large","max-video-preview":"max-video-preview:-1"},"canonical":"https:\/\/livegood.network\/shop\/es-es\/product\/cbd-pain-relief-cream-livegood-es-es\/","og_locale":"en_US","og_type":"article","og_title":"Crema para aliviar el dolor con CBD LiveGooD","og_description":"Calma las articulaciones  Ayuda a relajar los m\u00fasculos  Apoyar el alivio del dolor  2.000 mg de CBD","og_url":"https:\/\/livegood.network\/shop\/es-es\/product\/cbd-pain-relief-cream-livegood-es-es\/","article_publisher":"https:\/\/www.facebook.com\/livegoodhello","article_modified_time":"2024-02-02T12:55:06+00:00","og_image":[{"width":720,"height":720,"url":"https:\/\/livegood.network\/shop\/wp-content\/uploads\/2024\/01\/cbd-pain-relief-cream-front-livegood.png","type":"image\/png"}],"twitter_card":"summary_large_image","twitter_misc":{"Est. reading time":"3 minutes"},"schema":{"@context":"https:\/\/schema.org","@graph":[{"@type":"WebPage","@id":"https:\/\/livegood.network\/shop\/es-es\/product\/cbd-pain-relief-cream-livegood-es-es\/","url":"https:\/\/livegood.network\/shop\/es-es\/product\/cbd-pain-relief-cream-livegood-es-es\/","name":"Crema para aliviar el dolor con CBD LiveGooD - LiveGooD Shop","isPartOf":{"@id":"https:\/\/livegood.network\/shop\/#website"},"datePublished":"2024-01-24T21:25:19+00:00","dateModified":"2024-02-02T12:55:06+00:00","breadcrumb":{"@id":"https:\/\/livegood.network\/shop\/es-es\/product\/cbd-pain-relief-cream-livegood-es-es\/#breadcrumb"},"inLanguage":"en-US","potentialAction":[{"@type":"ReadAction","target":["https:\/\/livegood.network\/shop\/es-es\/product\/cbd-pain-relief-cream-livegood-es-es\/"]}]},{"@type":"BreadcrumbList","@id":"https:\/\/livegood.network\/shop\/es-es\/product\/cbd-pain-relief-cream-livegood-es-es\/#breadcrumb","itemListElement":[{"@type":"ListItem","position":1,"name":"Home","item":"https:\/\/livegood.network\/shop\/pt-br\/"},{"@type":"ListItem","position":2,"name":"Shop","item":"https:\/\/livegood.network\/shop\/shop\/"},{"@type":"ListItem","position":3,"name":"Crema para aliviar el dolor con CBD LiveGooD"}]},{"@type":"WebSite","@id":"https:\/\/livegood.network\/shop\/#website","url":"https:\/\/livegood.network\/shop\/","name":"LiveGooD Shop","description":"","publisher":{"@id":"https:\/\/livegood.network\/shop\/#organization"},"potentialAction":[{"@type":"SearchAction","target":{"@type":"EntryPoint","urlTemplate":"https:\/\/livegood.network\/shop\/?s={search_term_string}"},"query-input":"required name=search_term_string"}],"inLanguage":"en-US"},{"@type":"Organization","@id":"https:\/\/livegood.network\/shop\/#organization","name":"LiveGooD","url":"https:\/\/livegood.network\/shop\/","logo":{"@type":"ImageObject","inLanguage":"en-US","@id":"https:\/\/livegood.network\/shop\/#\/schema\/logo\/image\/","url":"https:\/\/livegood.network\/shop\/wp-content\/uploads\/2024\/01\/logo-livegood-shop-main.png","contentUrl":"https:\/\/livegood.network\/shop\/wp-content\/uploads\/2024\/01\/logo-livegood-shop-main.png","width":373,"height":115,"caption":"LiveGooD"},"image":{"@id":"https:\/\/livegood.network\/shop\/#\/schema\/logo\/image\/"},"sameAs":["https:\/\/www.facebook.com\/livegoodhello"]}]}},"lang":"es-es","translations":{"es-es":915,"pt-br":928,"pt-pt":916,"en-us":301,"fr-fr":914,"vi":917,"ru-ru":924,"ko":925},"pll_sync_post":[],"_links":{"self":[{"href":"https:\/\/livegood.network\/shop\/wp-json\/wp\/v2\/product\/915","targetHints":{"allow":["GET"]}}],"collection":[{"href":"https:\/\/livegood.network\/shop\/wp-json\/wp\/v2\/product"}],"about":[{"href":"https:\/\/livegood.network\/shop\/wp-json\/wp\/v2\/types\/product"}],"replies":[{"embeddable":true,"href":"https:\/\/livegood.network\/shop\/wp-json\/wp\/v2\/comments?post=915"}],"version-history":[{"count":1,"href":"https:\/\/livegood.network\/shop\/wp-json\/wp\/v2\/product\/915\/revisions"}],"predecessor-version":[{"id":1493,"href":"https:\/\/livegood.network\/shop\/wp-json\/wp\/v2\/product\/915\/revisions\/1493"}],"wp:featuredmedia":[{"embeddable":true,"href":"https:\/\/livegood.network\/shop\/wp-json\/wp\/v2\/media\/302"}],"wp:attachment":[{"href":"https:\/\/livegood.network\/shop\/wp-json\/wp\/v2\/media?parent=915"}],"wp:term":[{"taxonomy":"product_brand","embeddable":true,"href":"https:\/\/livegood.network\/shop\/wp-json\/wp\/v2\/product_brand?post=915"},{"taxonomy":"product_cat","embeddable":true,"href":"https:\/\/livegood.network\/shop\/wp-json\/wp\/v2\/product_cat?post=915"},{"taxonomy":"product_tag","embeddable":true,"href":"https:\/\/livegood.network\/shop\/wp-json\/wp\/v2\/product_tag?post=915"}],"curies":[{"name":"wp","href":"https:\/\/api.w.org\/{rel}","templated":true}]}}