{"id":916,"date":"2024-01-24T21:22:53","date_gmt":"2024-01-24T21:22:53","guid":{"rendered":"https:\/\/livegood.network\/shop\/?post_type=product&#038;p=916"},"modified":"2024-02-02T12:55:59","modified_gmt":"2024-02-02T12:55:59","slug":"cbd-pain-relief-cream-livegood-pt-pt","status":"publish","type":"product","link":"https:\/\/livegood.network\/shop\/pt-pt\/product\/cbd-pain-relief-cream-livegood-pt-pt\/","title":{"rendered":"Creme para al\u00edvio da dor CBD LiveGooD"},"content":{"rendered":"<p><strong>Creme para al\u00edvio da dor CBD LiveGooD<\/strong><\/p>\n<p>Quase um quarto dos adultos sente dores nas articula\u00e7\u00f5es, com a percentagem a ultrapassar os 70% para aqueles com 60 anos ou mais.\u00a0\u00c9 por isso que desenvolvemos o creme para al\u00edvio da dor mais avan\u00e7ado dispon\u00edvel.\u00a0Formulado cientificamente para otimizar a sinergia entre todos os ingredientes, o Creme para Al\u00edvio da Dor LiveGood CBD oferece resultados que s\u00e3o percept\u00edveis em minutos e duram horas!<\/p>\n<p>Com componentes como Gel Org\u00e2nico de Aloe Vera, Mentol, C\u00e2nfora, Hortel\u00e3-Pimenta, Wintergreen, Arnica, Cal\u00eandula, NANO CBD e NANO CBG, conhecidos por suas propriedades terap\u00eauticas individuais e combinadas, este creme proporciona al\u00edvio t\u00f3pico eficaz da dor.<\/p>\n<p><strong>Propriedades ben\u00e9ficas dos ingredientes ativos:<\/strong><\/p>\n<ul>\n<li>Gel Org\u00e2nico de Aloe Vera: Reconhecido por seus atributos antiinflamat\u00f3rios e calmantes, cont\u00e9m compostos como o acemanano que podem penetrar na pele, reduzindo a inflama\u00e7\u00e3o e hidratando a pele.<\/li>\n<li>Mentol: Analg\u00e9sico natural que proporciona sensa\u00e7\u00e3o de resfriamento, estimulando os receptores de frio na pele, reduzindo a dor e a inflama\u00e7\u00e3o.<\/li>\n<li>C\u00e2nfora: Outro analg\u00e9sico natural, que oferece uma sensa\u00e7\u00e3o de aquecimento ao estimular os receptores de calor, em sinergia com o mentol para maior efic\u00e1cia.<\/li>\n<li>\u00d3leo Essencial de Hortel\u00e3-Pimenta: Cont\u00e9m mentol e outras propriedades analg\u00e9sicas e anti-inflamat\u00f3rias, proporcionando uma sensa\u00e7\u00e3o refrescante para aliviar a dor.<\/li>\n<li>\u00d3leo Essencial Wintergreen: Cont\u00e9m salicilato de metila, um analg\u00e9sico natural que inibe a produ\u00e7\u00e3o de compostos que contribuem para a dor e a inflama\u00e7\u00e3o.<\/li>\n<li>Arnica: Tradicionalmente utilizada para al\u00edvio da dor, cont\u00e9m helenalina com propriedades anti-inflamat\u00f3rias, aplicada topicamente em contus\u00f5es, entorses e artrite.<\/li>\n<li>Cal\u00eandula: Possuindo propriedades antiinflamat\u00f3rias e antimicrobianas, reduz a dor, o incha\u00e7o e previne infec\u00e7\u00f5es, comumente utilizada em feridas, queimaduras e eczema.<\/li>\n<li>NANO CBD e NANO CBG: Canabin\u00f3ides com propriedades anti-inflamat\u00f3rias e analg\u00e9sicas comprovadas, interagindo com o sistema endocanabin\u00f3ide para aliviar a dor e a inflama\u00e7\u00e3o.<\/li>\n<\/ul>\n<p>Em resumo, as propriedades terap\u00eauticas combinadas do Gel Org\u00e2nico de Aloe Vera, Mentol, C\u00e2nfora, Hortel\u00e3-pimenta, Wintergreen, Arnica, Cal\u00eandula, NANO CBD e NANO CBG os tornam ben\u00e9ficos para o al\u00edvio t\u00f3pico da dor.<\/p>\n<p><strong>COMO USAR:<\/strong><\/p>\n<p>Dispense uma bomba na palma da m\u00e3o, aplique na \u00e1rea desejada e massageie at\u00e9 completa absor\u00e7\u00e3o.<\/p>\n<p><strong>N\u00e3o toque nos olhos, boca ou \u00e1reas sens\u00edveis at\u00e9 que as m\u00e3os estejam completamente limpas.<\/strong><\/p>\n<p><strong>Dica profissional:<\/strong>\u00a0aplique generosamente at\u00e9 3-4 vezes ao dia para obter melhores resultados.\u00a0Com um recipiente de 4 on\u00e7as, mesmo aplicando 4 vezes ao dia, pode durar at\u00e9 30 dias!<\/p>\n","protected":false},"excerpt":{"rendered":"<p><img decoding=\"async\" class=\"emoji\" role=\"img\" draggable=\"false\" src=\"https:\/\/s.w.org\/images\/core\/emoji\/14.0.0\/svg\/1f49a.svg\" alt=\"????\" \/> Acalma as articula\u00e7\u00f5es<br \/>\n<img decoding=\"async\" class=\"emoji\" role=\"img\" draggable=\"false\" src=\"https:\/\/s.w.org\/images\/core\/emoji\/14.0.0\/svg\/1f49a.svg\" alt=\"????\" \/> Ajude a relaxar os m\u00fasculos<br \/>\n<img decoding=\"async\" class=\"emoji\" role=\"img\" draggable=\"false\" src=\"https:\/\/s.w.org\/images\/core\/emoji\/14.0.0\/svg\/1f49a.svg\" alt=\"????\" \/> Apoie o al\u00edvio da dor<br \/>\n<img decoding=\"async\" class=\"emoji\" role=\"img\" draggable=\"false\" src=\"https:\/\/s.w.org\/images\/core\/emoji\/14.0.0\/svg\/1f49a.svg\" alt=\"????\" \/> 2.000 mg de CBD<\/p>\n","protected":false},"featured_media":302,"comment_status":"open","ping_status":"closed","template":"","meta":[],"product_brand":[],"product_cat":[155],"product_tag":[3831],"class_list":{"0":"post-916","1":"product","2":"type-product","3":"status-publish","4":"has-post-thumbnail","6":"product_cat-cbd-pt-pt","7":"product_tag-wellcare-botanicals-pain-relief-cream-pt-pt","9":"first","10":"instock","11":"sale","12":"shipping-taxable","13":"product-type-external"},"yoast_head":"<!-- This site is optimized with the Yoast SEO Premium plugin v20.6 (Yoast SEO v21.8.1) - https:\/\/yoast.com\/wordpress\/plugins\/seo\/ -->\n<title>Creme para al\u00edvio da dor CBD LiveGooD - LiveGooD Shop<\/title>\n<meta name=\"robots\" content=\"index, follow, max-snippet:-1, max-image-preview:large, max-video-preview:-1\" \/>\n<link rel=\"canonical\" href=\"https:\/\/livegood.network\/shop\/pt-pt\/product\/cbd-pain-relief-cream-livegood-pt-pt\/\" \/>\n<meta property=\"og:locale\" content=\"en_US\" \/>\n<meta property=\"og:type\" content=\"article\" \/>\n<meta property=\"og:title\" content=\"Creme para al\u00edvio da dor CBD LiveGooD\" \/>\n<meta property=\"og:description\" content=\"Acalma as articula\u00e7\u00f5es  Ajude a relaxar os m\u00fasculos  Apoie o al\u00edvio da dor  2.000 mg de CBD\" \/>\n<meta property=\"og:url\" content=\"https:\/\/livegood.network\/shop\/pt-pt\/product\/cbd-pain-relief-cream-livegood-pt-pt\/\" \/>\n<meta property=\"article:publisher\" content=\"https:\/\/www.facebook.com\/livegoodhello\" \/>\n<meta property=\"article:modified_time\" content=\"2024-02-02T12:55:59+00:00\" \/>\n<meta property=\"og:image\" content=\"https:\/\/livegood.network\/shop\/wp-content\/uploads\/2024\/01\/cbd-pain-relief-cream-front-livegood.png\" \/>\n\t<meta property=\"og:image:width\" content=\"720\" \/>\n\t<meta property=\"og:image:height\" content=\"720\" \/>\n\t<meta property=\"og:image:type\" content=\"image\/png\" \/>\n<meta name=\"twitter:card\" content=\"summary_large_image\" \/>\n<meta name=\"twitter:label1\" content=\"Est. reading time\" \/>\n\t<meta name=\"twitter:data1\" content=\"2 minutes\" \/>\n<script type=\"application\/ld+json\" class=\"yoast-schema-graph\">{\"@context\":\"https:\/\/schema.org\",\"@graph\":[{\"@type\":\"WebPage\",\"@id\":\"https:\/\/livegood.network\/shop\/pt-pt\/product\/cbd-pain-relief-cream-livegood-pt-pt\/\",\"url\":\"https:\/\/livegood.network\/shop\/pt-pt\/product\/cbd-pain-relief-cream-livegood-pt-pt\/\",\"name\":\"Creme para al\u00edvio da dor CBD LiveGooD - LiveGooD Shop\",\"isPartOf\":{\"@id\":\"https:\/\/livegood.network\/shop\/#website\"},\"datePublished\":\"2024-01-24T21:22:53+00:00\",\"dateModified\":\"2024-02-02T12:55:59+00:00\",\"breadcrumb\":{\"@id\":\"https:\/\/livegood.network\/shop\/pt-pt\/product\/cbd-pain-relief-cream-livegood-pt-pt\/#breadcrumb\"},\"inLanguage\":\"en-US\",\"potentialAction\":[{\"@type\":\"ReadAction\",\"target\":[\"https:\/\/livegood.network\/shop\/pt-pt\/product\/cbd-pain-relief-cream-livegood-pt-pt\/\"]}]},{\"@type\":\"BreadcrumbList\",\"@id\":\"https:\/\/livegood.network\/shop\/pt-pt\/product\/cbd-pain-relief-cream-livegood-pt-pt\/#breadcrumb\",\"itemListElement\":[{\"@type\":\"ListItem\",\"position\":1,\"name\":\"Home\",\"item\":\"https:\/\/livegood.network\/shop\/pt-br\/\"},{\"@type\":\"ListItem\",\"position\":2,\"name\":\"Shop\",\"item\":\"https:\/\/livegood.network\/shop\/shop\/\"},{\"@type\":\"ListItem\",\"position\":3,\"name\":\"Creme para al\u00edvio da dor CBD LiveGooD\"}]},{\"@type\":\"WebSite\",\"@id\":\"https:\/\/livegood.network\/shop\/#website\",\"url\":\"https:\/\/livegood.network\/shop\/\",\"name\":\"LiveGooD Shop\",\"description\":\"\",\"publisher\":{\"@id\":\"https:\/\/livegood.network\/shop\/#organization\"},\"potentialAction\":[{\"@type\":\"SearchAction\",\"target\":{\"@type\":\"EntryPoint\",\"urlTemplate\":\"https:\/\/livegood.network\/shop\/?s={search_term_string}\"},\"query-input\":\"required name=search_term_string\"}],\"inLanguage\":\"en-US\"},{\"@type\":\"Organization\",\"@id\":\"https:\/\/livegood.network\/shop\/#organization\",\"name\":\"LiveGooD\",\"url\":\"https:\/\/livegood.network\/shop\/\",\"logo\":{\"@type\":\"ImageObject\",\"inLanguage\":\"en-US\",\"@id\":\"https:\/\/livegood.network\/shop\/#\/schema\/logo\/image\/\",\"url\":\"https:\/\/livegood.network\/shop\/wp-content\/uploads\/2024\/01\/logo-livegood-shop-main.png\",\"contentUrl\":\"https:\/\/livegood.network\/shop\/wp-content\/uploads\/2024\/01\/logo-livegood-shop-main.png\",\"width\":373,\"height\":115,\"caption\":\"LiveGooD\"},\"image\":{\"@id\":\"https:\/\/livegood.network\/shop\/#\/schema\/logo\/image\/\"},\"sameAs\":[\"https:\/\/www.facebook.com\/livegoodhello\"]}]}<\/script>\n<!-- \/ Yoast SEO Premium plugin. -->","yoast_head_json":{"title":"Creme para al\u00edvio da dor CBD LiveGooD - LiveGooD Shop","robots":{"index":"index","follow":"follow","max-snippet":"max-snippet:-1","max-image-preview":"max-image-preview:large","max-video-preview":"max-video-preview:-1"},"canonical":"https:\/\/livegood.network\/shop\/pt-pt\/product\/cbd-pain-relief-cream-livegood-pt-pt\/","og_locale":"en_US","og_type":"article","og_title":"Creme para al\u00edvio da dor CBD LiveGooD","og_description":"Acalma as articula\u00e7\u00f5es  Ajude a relaxar os m\u00fasculos  Apoie o al\u00edvio da dor  2.000 mg de CBD","og_url":"https:\/\/livegood.network\/shop\/pt-pt\/product\/cbd-pain-relief-cream-livegood-pt-pt\/","article_publisher":"https:\/\/www.facebook.com\/livegoodhello","article_modified_time":"2024-02-02T12:55:59+00:00","og_image":[{"width":720,"height":720,"url":"https:\/\/livegood.network\/shop\/wp-content\/uploads\/2024\/01\/cbd-pain-relief-cream-front-livegood.png","type":"image\/png"}],"twitter_card":"summary_large_image","twitter_misc":{"Est. reading time":"2 minutes"},"schema":{"@context":"https:\/\/schema.org","@graph":[{"@type":"WebPage","@id":"https:\/\/livegood.network\/shop\/pt-pt\/product\/cbd-pain-relief-cream-livegood-pt-pt\/","url":"https:\/\/livegood.network\/shop\/pt-pt\/product\/cbd-pain-relief-cream-livegood-pt-pt\/","name":"Creme para al\u00edvio da dor CBD LiveGooD - LiveGooD Shop","isPartOf":{"@id":"https:\/\/livegood.network\/shop\/#website"},"datePublished":"2024-01-24T21:22:53+00:00","dateModified":"2024-02-02T12:55:59+00:00","breadcrumb":{"@id":"https:\/\/livegood.network\/shop\/pt-pt\/product\/cbd-pain-relief-cream-livegood-pt-pt\/#breadcrumb"},"inLanguage":"en-US","potentialAction":[{"@type":"ReadAction","target":["https:\/\/livegood.network\/shop\/pt-pt\/product\/cbd-pain-relief-cream-livegood-pt-pt\/"]}]},{"@type":"BreadcrumbList","@id":"https:\/\/livegood.network\/shop\/pt-pt\/product\/cbd-pain-relief-cream-livegood-pt-pt\/#breadcrumb","itemListElement":[{"@type":"ListItem","position":1,"name":"Home","item":"https:\/\/livegood.network\/shop\/pt-br\/"},{"@type":"ListItem","position":2,"name":"Shop","item":"https:\/\/livegood.network\/shop\/shop\/"},{"@type":"ListItem","position":3,"name":"Creme para al\u00edvio da dor CBD LiveGooD"}]},{"@type":"WebSite","@id":"https:\/\/livegood.network\/shop\/#website","url":"https:\/\/livegood.network\/shop\/","name":"LiveGooD Shop","description":"","publisher":{"@id":"https:\/\/livegood.network\/shop\/#organization"},"potentialAction":[{"@type":"SearchAction","target":{"@type":"EntryPoint","urlTemplate":"https:\/\/livegood.network\/shop\/?s={search_term_string}"},"query-input":"required name=search_term_string"}],"inLanguage":"en-US"},{"@type":"Organization","@id":"https:\/\/livegood.network\/shop\/#organization","name":"LiveGooD","url":"https:\/\/livegood.network\/shop\/","logo":{"@type":"ImageObject","inLanguage":"en-US","@id":"https:\/\/livegood.network\/shop\/#\/schema\/logo\/image\/","url":"https:\/\/livegood.network\/shop\/wp-content\/uploads\/2024\/01\/logo-livegood-shop-main.png","contentUrl":"https:\/\/livegood.network\/shop\/wp-content\/uploads\/2024\/01\/logo-livegood-shop-main.png","width":373,"height":115,"caption":"LiveGooD"},"image":{"@id":"https:\/\/livegood.network\/shop\/#\/schema\/logo\/image\/"},"sameAs":["https:\/\/www.facebook.com\/livegoodhello"]}]}},"lang":"pt-pt","translations":{"pt-pt":916,"pt-br":928,"en-us":301,"fr-fr":914,"es-es":915,"vi":917,"ru-ru":924,"ko":925},"pll_sync_post":[],"_links":{"self":[{"href":"https:\/\/livegood.network\/shop\/wp-json\/wp\/v2\/product\/916","targetHints":{"allow":["GET"]}}],"collection":[{"href":"https:\/\/livegood.network\/shop\/wp-json\/wp\/v2\/product"}],"about":[{"href":"https:\/\/livegood.network\/shop\/wp-json\/wp\/v2\/types\/product"}],"replies":[{"embeddable":true,"href":"https:\/\/livegood.network\/shop\/wp-json\/wp\/v2\/comments?post=916"}],"version-history":[{"count":1,"href":"https:\/\/livegood.network\/shop\/wp-json\/wp\/v2\/product\/916\/revisions"}],"predecessor-version":[{"id":1496,"href":"https:\/\/livegood.network\/shop\/wp-json\/wp\/v2\/product\/916\/revisions\/1496"}],"wp:featuredmedia":[{"embeddable":true,"href":"https:\/\/livegood.network\/shop\/wp-json\/wp\/v2\/media\/302"}],"wp:attachment":[{"href":"https:\/\/livegood.network\/shop\/wp-json\/wp\/v2\/media?parent=916"}],"wp:term":[{"taxonomy":"product_brand","embeddable":true,"href":"https:\/\/livegood.network\/shop\/wp-json\/wp\/v2\/product_brand?post=916"},{"taxonomy":"product_cat","embeddable":true,"href":"https:\/\/livegood.network\/shop\/wp-json\/wp\/v2\/product_cat?post=916"},{"taxonomy":"product_tag","embeddable":true,"href":"https:\/\/livegood.network\/shop\/wp-json\/wp\/v2\/product_tag?post=916"}],"curies":[{"name":"wp","href":"https:\/\/api.w.org\/{rel}","templated":true}]}}