{"id":917,"date":"2024-01-24T21:19:56","date_gmt":"2024-01-24T21:19:56","guid":{"rendered":"https:\/\/livegood.network\/shop\/?post_type=product&#038;p=917"},"modified":"2024-02-02T12:56:13","modified_gmt":"2024-02-02T12:56:13","slug":"cbd-pain-relief-cream-livegood-vi","status":"publish","type":"product","link":"https:\/\/livegood.network\/shop\/vi\/product\/cbd-pain-relief-cream-livegood-vi\/","title":{"rendered":"Kem gi\u1ea3m \u0111au CBD LiveGooD"},"content":{"rendered":"<p><strong>Kem gi\u1ea3m \u0111au CBD LiveGooD<\/strong><\/p>\n<p>G\u1ea7n 1\/4 s\u1ed1 ng\u01b0\u1eddi tr\u01b0\u1edfng th\u00e0nh b\u1ecb \u0111au kh\u1edbp, t\u1ef7 l\u1ec7 n\u00e0y t\u0103ng h\u01a1n 70% \u1edf nh\u1eefng ng\u01b0\u1eddi t\u1eeb 60 tu\u1ed5i tr\u1edf l\u00ean.\u00a0\u0110\u00f3 l\u00e0 l\u00fd do t\u1ea1i sao ch\u00fang t\u00f4i \u0111\u00e3 ph\u00e1t tri\u1ec3n Kem gi\u1ea3m \u0111au ti\u00ean ti\u1ebfn nh\u1ea5t hi\u1ec7n c\u00f3.\u00a0\u0110\u01b0\u1ee3c x\u00e2y d\u1ef1ng m\u1ed9t c\u00e1ch khoa h\u1ecdc \u0111\u1ec3 t\u1ed1i \u01b0u h\u00f3a s\u1ee9c m\u1ea1nh t\u1ed5ng h\u1ee3p gi\u1eefa t\u1ea5t c\u1ea3 c\u00e1c th\u00e0nh ph\u1ea7n, Kem gi\u1ea3m \u0111au LiveGood CBD mang l\u1ea1i k\u1ebft qu\u1ea3 r\u00f5 r\u1ec7t trong v\u00f2ng v\u00e0i ph\u00fat v\u00e0 k\u00e9o d\u00e0i trong nhi\u1ec1u gi\u1edd!<\/p>\n<p>V\u1edbi c\u00e1c th\u00e0nh ph\u1ea7n nh\u01b0 Gel l\u00f4 h\u1ed9i h\u1eefu c\u01a1, Menthol, Long n\u00e3o, B\u1ea1c h\u00e0, Wintergreen, Arnica, Calendula, NANO CBD v\u00e0 NANO CBG, \u0111\u01b0\u1ee3c bi\u1ebft \u0111\u1ebfn v\u1edbi c\u00e1c \u0111\u1eb7c t\u00ednh tr\u1ecb li\u1ec7u ri\u00eang l\u1ebb v\u00e0 k\u1ebft h\u1ee3p, lo\u1ea1i kem n\u00e0y gi\u00fap gi\u1ea3m \u0111au t\u1ea1i ch\u1ed7 hi\u1ec7u qu\u1ea3.<\/p>\n<p><strong>\u0110\u1eb7c t\u00ednh c\u00f3 l\u1ee3i c\u1ee7a ho\u1ea1t ch\u1ea5t:<\/strong><\/p>\n<ul>\n<li>Gel l\u00f4 h\u1ed9i h\u1eefu c\u01a1: N\u1ed5i ti\u1ebfng v\u1edbi \u0111\u1eb7c t\u00ednh ch\u1ed1ng vi\u00eam v\u00e0 l\u00e0m d\u1ecbu, n\u00f3 ch\u1ee9a c\u00e1c h\u1ee3p ch\u1ea5t nh\u01b0 acemannan c\u00f3 th\u1ec3 th\u1ea9m th\u1ea5u v\u00e0o da, gi\u1ea3m vi\u00eam v\u00e0 d\u01b0\u1ee1ng \u1ea9m cho da.<\/li>\n<li>Menthol: Thu\u1ed1c gi\u1ea3m \u0111au t\u1ef1 nhi\u00ean mang l\u1ea1i c\u1ea3m gi\u00e1c m\u00e1t l\u1ea1nh, k\u00edch th\u00edch c\u00e1c th\u1ee5 th\u1ec3 l\u1ea1nh tr\u00ean da, gi\u1ea3m \u0111au v\u00e0 vi\u00eam.<\/li>\n<li>Long n\u00e3o: M\u1ed9t lo\u1ea1i thu\u1ed1c gi\u1ea3m \u0111au t\u1ef1 nhi\u00ean kh\u00e1c, mang l\u1ea1i c\u1ea3m gi\u00e1c \u1ea5m l\u00ean b\u1eb1ng c\u00e1ch k\u00edch th\u00edch c\u00e1c th\u1ee5 th\u1ec3 nhi\u1ec7t, ph\u1ed1i h\u1ee3p v\u1edbi tinh d\u1ea7u b\u1ea1c h\u00e0 \u0111\u1ec3 t\u0103ng th\u00eam hi\u1ec7u qu\u1ea3.<\/li>\n<li>Tinh d\u1ea7u b\u1ea1c h\u00e0: Ch\u1ee9a tinh d\u1ea7u b\u1ea1c h\u00e0 v\u00e0 c\u00e1c \u0111\u1eb7c t\u00ednh gi\u1ea3m \u0111au, ch\u1ed1ng vi\u00eam kh\u00e1c, mang l\u1ea1i c\u1ea3m gi\u00e1c m\u00e1t l\u1ea1nh \u0111\u1ec3 gi\u1ea3m \u0111au.<\/li>\n<li>Tinh d\u1ea7u l\u1ed9c \u0111\u1ec1 xanh: Ch\u1ee9a methyl salicylate, m\u1ed9t lo\u1ea1i thu\u1ed1c gi\u1ea3m \u0111au t\u1ef1 nhi\u00ean \u1ee9c ch\u1ebf s\u1ea3n xu\u1ea5t c\u00e1c h\u1ee3p ch\u1ea5t g\u00e2y \u0111au v\u00e0 g\u00e2y vi\u00eam.<\/li>\n<li>Arnica: Theo truy\u1ec1n th\u1ed1ng \u0111\u01b0\u1ee3c s\u1eed d\u1ee5ng \u0111\u1ec3 gi\u1ea3m \u0111au, n\u00f3 c\u00f3 ch\u1ee9a helenalin v\u1edbi \u0111\u1eb7c t\u00ednh ch\u1ed1ng vi\u00eam, b\u00f4i t\u1ea1i ch\u1ed7 cho c\u00e1c v\u1ebft b\u1ea7m t\u00edm, bong g\u00e2n v\u00e0 vi\u00eam kh\u1edbp.<\/li>\n<li>Calendula: C\u00f3 \u0111\u1eb7c t\u00ednh ch\u1ed1ng vi\u00eam v\u00e0 kh\u00e1ng khu\u1ea9n, n\u00f3 l\u00e0m gi\u1ea3m \u0111au, s\u01b0ng v\u00e0 ng\u0103n ng\u1eeba nhi\u1ec5m tr\u00f9ng, th\u01b0\u1eddng \u0111\u01b0\u1ee3c s\u1eed d\u1ee5ng cho c\u00e1c v\u1ebft th\u01b0\u01a1ng, v\u1ebft b\u1ecfng v\u00e0 b\u1ec7nh ch\u00e0m.<\/li>\n<li>NANO CBD v\u00e0 NANO CBG: Cannabinoids c\u00f3 \u0111\u1eb7c t\u00ednh ch\u1ed1ng vi\u00eam v\u00e0 gi\u1ea3m \u0111au \u0111\u00e3 \u0111\u01b0\u1ee3c ch\u1ee9ng minh, t\u01b0\u01a1ng t\u00e1c v\u1edbi h\u1ec7 th\u1ed1ng endocannabinoid \u0111\u1ec3 gi\u1ea3m \u0111au v\u00e0 vi\u00eam.<\/li>\n<\/ul>\n<p>T\u00f3m l\u1ea1i, c\u00e1c \u0111\u1eb7c t\u00ednh tr\u1ecb li\u1ec7u k\u1ebft h\u1ee3p c\u1ee7a Gel l\u00f4 h\u1ed9i h\u1eefu c\u01a1, Menthol, Long n\u00e3o, B\u1ea1c h\u00e0, Wintergreen, Arnica, Calendula, NANO CBD v\u00e0 NANO CBG l\u00e0m cho ch\u00fang c\u00f3 l\u1ee3i cho vi\u1ec7c gi\u1ea3m \u0111au t\u1ea1i ch\u1ed7.<\/p>\n<p><strong>C\u00c1CH S\u1eec D\u1ee4NG:<\/strong><\/p>\n<p>\u0110\u1ed5 m\u1ed9t b\u01a1m v\u00e0o l\u00f2ng b\u00e0n tay, thoa l\u00ean v\u00f9ng mong mu\u1ed1n v\u00e0 massage cho \u0111\u1ebfn khi h\u1ea5p th\u1ee5 ho\u00e0n to\u00e0n.<\/p>\n<p><strong>Kh\u00f4ng ch\u1ea1m v\u00e0o m\u1eaft, mi\u1ec7ng ho\u1eb7c c\u00e1c khu v\u1ef1c nh\u1ea1y c\u1ea3m cho \u0111\u1ebfn khi tay b\u1ea1n \u0111\u01b0\u1ee3c l\u00e0m s\u1ea1ch ho\u00e0n to\u00e0n.<\/strong><\/p>\n<p><strong>M\u1eb9o chuy\u00ean nghi\u1ec7p:<\/strong>\u00a0\u00c1p d\u1ee5ng nhi\u1ec1u l\u1ea7n l\u00ean \u0111\u1ebfn 3-4 l\u1ea7n m\u1ed9t ng\u00e0y \u0111\u1ec3 c\u00f3 k\u1ebft qu\u1ea3 t\u1ed1i \u01b0u.\u00a0V\u1edbi h\u1ed9p ch\u1ee9a 4 ounce, th\u1eadm ch\u00ed \u00e1p d\u1ee5ng 4 l\u1ea7n m\u1ed9t ng\u00e0y, n\u00f3 c\u00f3 th\u1ec3 k\u00e9o d\u00e0i \u0111\u1ebfn 30 ng\u00e0y!<\/p>\n","protected":false},"excerpt":{"rendered":"<p><img decoding=\"async\" class=\"emoji\" role=\"img\" draggable=\"false\" src=\"https:\/\/s.w.org\/images\/core\/emoji\/14.0.0\/svg\/1f49a.svg\" alt=\"????\" \/> L\u00e0m d\u1ecbu kh\u1edbp<br \/>\n<img decoding=\"async\" class=\"emoji\" role=\"img\" draggable=\"false\" src=\"https:\/\/s.w.org\/images\/core\/emoji\/14.0.0\/svg\/1f49a.svg\" alt=\"????\" \/> Gi\u00fap th\u01b0 gi\u00e3n c\u01a1 b\u1eafp<br \/>\n<img decoding=\"async\" class=\"emoji\" role=\"img\" draggable=\"false\" src=\"https:\/\/s.w.org\/images\/core\/emoji\/14.0.0\/svg\/1f49a.svg\" alt=\"????\" \/> H\u1ed7 tr\u1ee3 gi\u1ea3m \u0111au<br \/>\n<img decoding=\"async\" class=\"emoji\" role=\"img\" draggable=\"false\" src=\"https:\/\/s.w.org\/images\/core\/emoji\/14.0.0\/svg\/1f49a.svg\" alt=\"????\" \/> 2.000 mg CBD<\/p>\n","protected":false},"featured_media":302,"comment_status":"open","ping_status":"closed","template":"","meta":[],"product_brand":[],"product_cat":[157],"product_tag":[3834],"class_list":{"0":"post-917","1":"product","2":"type-product","3":"status-publish","4":"has-post-thumbnail","6":"product_cat-cbd-vi","7":"product_tag-wellcare-botanicals-pain-relief-cream-vi","9":"first","10":"instock","11":"sale","12":"shipping-taxable","13":"product-type-external"},"yoast_head":"<!-- This site is optimized with the Yoast SEO Premium plugin v20.6 (Yoast SEO v21.8.1) - https:\/\/yoast.com\/wordpress\/plugins\/seo\/ -->\n<title>Kem gi\u1ea3m \u0111au CBD LiveGooD - LiveGooD Shop<\/title>\n<meta name=\"robots\" content=\"index, follow, max-snippet:-1, max-image-preview:large, max-video-preview:-1\" \/>\n<link rel=\"canonical\" href=\"https:\/\/livegood.network\/shop\/vi\/product\/cbd-pain-relief-cream-livegood-vi\/\" \/>\n<meta property=\"og:locale\" content=\"en_US\" \/>\n<meta property=\"og:type\" content=\"article\" \/>\n<meta property=\"og:title\" content=\"Kem gi\u1ea3m \u0111au CBD LiveGooD\" \/>\n<meta property=\"og:description\" content=\"L\u00e0m d\u1ecbu kh\u1edbp  Gi\u00fap th\u01b0 gi\u00e3n c\u01a1 b\u1eafp  H\u1ed7 tr\u1ee3 gi\u1ea3m \u0111au  2.000 mg CBD\" \/>\n<meta property=\"og:url\" content=\"https:\/\/livegood.network\/shop\/vi\/product\/cbd-pain-relief-cream-livegood-vi\/\" \/>\n<meta property=\"article:publisher\" content=\"https:\/\/www.facebook.com\/livegoodhello\" \/>\n<meta property=\"article:modified_time\" content=\"2024-02-02T12:56:13+00:00\" \/>\n<meta property=\"og:image\" content=\"https:\/\/livegood.network\/shop\/wp-content\/uploads\/2024\/01\/cbd-pain-relief-cream-front-livegood.png\" \/>\n\t<meta property=\"og:image:width\" content=\"720\" \/>\n\t<meta property=\"og:image:height\" content=\"720\" \/>\n\t<meta property=\"og:image:type\" content=\"image\/png\" \/>\n<meta name=\"twitter:card\" content=\"summary_large_image\" \/>\n<meta name=\"twitter:label1\" content=\"Est. reading time\" \/>\n\t<meta name=\"twitter:data1\" content=\"3 minutes\" \/>\n<script type=\"application\/ld+json\" class=\"yoast-schema-graph\">{\"@context\":\"https:\/\/schema.org\",\"@graph\":[{\"@type\":\"WebPage\",\"@id\":\"https:\/\/livegood.network\/shop\/vi\/product\/cbd-pain-relief-cream-livegood-vi\/\",\"url\":\"https:\/\/livegood.network\/shop\/vi\/product\/cbd-pain-relief-cream-livegood-vi\/\",\"name\":\"Kem gi\u1ea3m \u0111au CBD LiveGooD - LiveGooD Shop\",\"isPartOf\":{\"@id\":\"https:\/\/livegood.network\/shop\/#website\"},\"datePublished\":\"2024-01-24T21:19:56+00:00\",\"dateModified\":\"2024-02-02T12:56:13+00:00\",\"breadcrumb\":{\"@id\":\"https:\/\/livegood.network\/shop\/vi\/product\/cbd-pain-relief-cream-livegood-vi\/#breadcrumb\"},\"inLanguage\":\"en-US\",\"potentialAction\":[{\"@type\":\"ReadAction\",\"target\":[\"https:\/\/livegood.network\/shop\/vi\/product\/cbd-pain-relief-cream-livegood-vi\/\"]}]},{\"@type\":\"BreadcrumbList\",\"@id\":\"https:\/\/livegood.network\/shop\/vi\/product\/cbd-pain-relief-cream-livegood-vi\/#breadcrumb\",\"itemListElement\":[{\"@type\":\"ListItem\",\"position\":1,\"name\":\"Home\",\"item\":\"https:\/\/livegood.network\/shop\/pt-br\/\"},{\"@type\":\"ListItem\",\"position\":2,\"name\":\"Shop\",\"item\":\"https:\/\/livegood.network\/shop\/shop\/\"},{\"@type\":\"ListItem\",\"position\":3,\"name\":\"Kem gi\u1ea3m \u0111au CBD LiveGooD\"}]},{\"@type\":\"WebSite\",\"@id\":\"https:\/\/livegood.network\/shop\/#website\",\"url\":\"https:\/\/livegood.network\/shop\/\",\"name\":\"LiveGooD Shop\",\"description\":\"\",\"publisher\":{\"@id\":\"https:\/\/livegood.network\/shop\/#organization\"},\"potentialAction\":[{\"@type\":\"SearchAction\",\"target\":{\"@type\":\"EntryPoint\",\"urlTemplate\":\"https:\/\/livegood.network\/shop\/?s={search_term_string}\"},\"query-input\":\"required name=search_term_string\"}],\"inLanguage\":\"en-US\"},{\"@type\":\"Organization\",\"@id\":\"https:\/\/livegood.network\/shop\/#organization\",\"name\":\"LiveGooD\",\"url\":\"https:\/\/livegood.network\/shop\/\",\"logo\":{\"@type\":\"ImageObject\",\"inLanguage\":\"en-US\",\"@id\":\"https:\/\/livegood.network\/shop\/#\/schema\/logo\/image\/\",\"url\":\"https:\/\/livegood.network\/shop\/wp-content\/uploads\/2024\/01\/logo-livegood-shop-main.png\",\"contentUrl\":\"https:\/\/livegood.network\/shop\/wp-content\/uploads\/2024\/01\/logo-livegood-shop-main.png\",\"width\":373,\"height\":115,\"caption\":\"LiveGooD\"},\"image\":{\"@id\":\"https:\/\/livegood.network\/shop\/#\/schema\/logo\/image\/\"},\"sameAs\":[\"https:\/\/www.facebook.com\/livegoodhello\"]}]}<\/script>\n<!-- \/ Yoast SEO Premium plugin. -->","yoast_head_json":{"title":"Kem gi\u1ea3m \u0111au CBD LiveGooD - LiveGooD Shop","robots":{"index":"index","follow":"follow","max-snippet":"max-snippet:-1","max-image-preview":"max-image-preview:large","max-video-preview":"max-video-preview:-1"},"canonical":"https:\/\/livegood.network\/shop\/vi\/product\/cbd-pain-relief-cream-livegood-vi\/","og_locale":"en_US","og_type":"article","og_title":"Kem gi\u1ea3m \u0111au CBD LiveGooD","og_description":"L\u00e0m d\u1ecbu kh\u1edbp  Gi\u00fap th\u01b0 gi\u00e3n c\u01a1 b\u1eafp  H\u1ed7 tr\u1ee3 gi\u1ea3m \u0111au  2.000 mg CBD","og_url":"https:\/\/livegood.network\/shop\/vi\/product\/cbd-pain-relief-cream-livegood-vi\/","article_publisher":"https:\/\/www.facebook.com\/livegoodhello","article_modified_time":"2024-02-02T12:56:13+00:00","og_image":[{"width":720,"height":720,"url":"https:\/\/livegood.network\/shop\/wp-content\/uploads\/2024\/01\/cbd-pain-relief-cream-front-livegood.png","type":"image\/png"}],"twitter_card":"summary_large_image","twitter_misc":{"Est. reading time":"3 minutes"},"schema":{"@context":"https:\/\/schema.org","@graph":[{"@type":"WebPage","@id":"https:\/\/livegood.network\/shop\/vi\/product\/cbd-pain-relief-cream-livegood-vi\/","url":"https:\/\/livegood.network\/shop\/vi\/product\/cbd-pain-relief-cream-livegood-vi\/","name":"Kem gi\u1ea3m \u0111au CBD LiveGooD - LiveGooD Shop","isPartOf":{"@id":"https:\/\/livegood.network\/shop\/#website"},"datePublished":"2024-01-24T21:19:56+00:00","dateModified":"2024-02-02T12:56:13+00:00","breadcrumb":{"@id":"https:\/\/livegood.network\/shop\/vi\/product\/cbd-pain-relief-cream-livegood-vi\/#breadcrumb"},"inLanguage":"en-US","potentialAction":[{"@type":"ReadAction","target":["https:\/\/livegood.network\/shop\/vi\/product\/cbd-pain-relief-cream-livegood-vi\/"]}]},{"@type":"BreadcrumbList","@id":"https:\/\/livegood.network\/shop\/vi\/product\/cbd-pain-relief-cream-livegood-vi\/#breadcrumb","itemListElement":[{"@type":"ListItem","position":1,"name":"Home","item":"https:\/\/livegood.network\/shop\/pt-br\/"},{"@type":"ListItem","position":2,"name":"Shop","item":"https:\/\/livegood.network\/shop\/shop\/"},{"@type":"ListItem","position":3,"name":"Kem gi\u1ea3m \u0111au CBD LiveGooD"}]},{"@type":"WebSite","@id":"https:\/\/livegood.network\/shop\/#website","url":"https:\/\/livegood.network\/shop\/","name":"LiveGooD Shop","description":"","publisher":{"@id":"https:\/\/livegood.network\/shop\/#organization"},"potentialAction":[{"@type":"SearchAction","target":{"@type":"EntryPoint","urlTemplate":"https:\/\/livegood.network\/shop\/?s={search_term_string}"},"query-input":"required name=search_term_string"}],"inLanguage":"en-US"},{"@type":"Organization","@id":"https:\/\/livegood.network\/shop\/#organization","name":"LiveGooD","url":"https:\/\/livegood.network\/shop\/","logo":{"@type":"ImageObject","inLanguage":"en-US","@id":"https:\/\/livegood.network\/shop\/#\/schema\/logo\/image\/","url":"https:\/\/livegood.network\/shop\/wp-content\/uploads\/2024\/01\/logo-livegood-shop-main.png","contentUrl":"https:\/\/livegood.network\/shop\/wp-content\/uploads\/2024\/01\/logo-livegood-shop-main.png","width":373,"height":115,"caption":"LiveGooD"},"image":{"@id":"https:\/\/livegood.network\/shop\/#\/schema\/logo\/image\/"},"sameAs":["https:\/\/www.facebook.com\/livegoodhello"]}]}},"lang":"vi","translations":{"vi":917,"pt-br":928,"pt-pt":916,"en-us":301,"fr-fr":914,"es-es":915,"ru-ru":924,"ko":925},"pll_sync_post":[],"_links":{"self":[{"href":"https:\/\/livegood.network\/shop\/wp-json\/wp\/v2\/product\/917","targetHints":{"allow":["GET"]}}],"collection":[{"href":"https:\/\/livegood.network\/shop\/wp-json\/wp\/v2\/product"}],"about":[{"href":"https:\/\/livegood.network\/shop\/wp-json\/wp\/v2\/types\/product"}],"replies":[{"embeddable":true,"href":"https:\/\/livegood.network\/shop\/wp-json\/wp\/v2\/comments?post=917"}],"version-history":[{"count":1,"href":"https:\/\/livegood.network\/shop\/wp-json\/wp\/v2\/product\/917\/revisions"}],"predecessor-version":[{"id":1497,"href":"https:\/\/livegood.network\/shop\/wp-json\/wp\/v2\/product\/917\/revisions\/1497"}],"wp:featuredmedia":[{"embeddable":true,"href":"https:\/\/livegood.network\/shop\/wp-json\/wp\/v2\/media\/302"}],"wp:attachment":[{"href":"https:\/\/livegood.network\/shop\/wp-json\/wp\/v2\/media?parent=917"}],"wp:term":[{"taxonomy":"product_brand","embeddable":true,"href":"https:\/\/livegood.network\/shop\/wp-json\/wp\/v2\/product_brand?post=917"},{"taxonomy":"product_cat","embeddable":true,"href":"https:\/\/livegood.network\/shop\/wp-json\/wp\/v2\/product_cat?post=917"},{"taxonomy":"product_tag","embeddable":true,"href":"https:\/\/livegood.network\/shop\/wp-json\/wp\/v2\/product_tag?post=917"}],"curies":[{"name":"wp","href":"https:\/\/api.w.org\/{rel}","templated":true}]}}