{"id":931,"date":"2024-01-24T21:30:53","date_gmt":"2024-01-24T21:30:53","guid":{"rendered":"https:\/\/livegood.network\/shop\/?post_type=product&#038;p=931"},"modified":"2025-10-27T20:59:28","modified_gmt":"2025-10-27T20:59:28","slug":"collagen-peptides-fr-fr","status":"publish","type":"product","link":"https:\/\/livegood.network\/shop\/fr-fr\/product\/collagen-peptides-fr-fr\/","title":{"rendered":"Peptides de Collag\u00e8ne"},"content":{"rendered":"<p><strong><span>Peptides de collag\u00e8ne<\/span><\/strong><\/p>\n<p><em><span>Le collag\u00e8ne est la prot\u00e9ine pr\u00e9dominante dans tout notre corps<\/span><\/em><\/p>\n<p><span>Agissant comme l\u2019adh\u00e9sif qui lie nos cellules entre elles et leur conf\u00e8re force et structure.\u00a0Il joue un r\u00f4le crucial dans le maintien de la fermet\u00e9 de notre peau, de la force des muscles et des os, de la souplesse des articulations et de la sant\u00e9 des ligaments, des tendons, des cheveux et des ongles.<\/span><\/p>\n<p><span>En tant que l&#8217;une des substances les plus vitales de notre corps, la production naturelle de collag\u00e8ne diminue avec l&#8217;\u00e2ge, entra\u00eenant des rides, des douleurs articulaires, une faiblesse des os et des muscles et une fragilit\u00e9 des cheveux et des ongles.<\/span><\/p>\n<p><span>D\u00e9sormais, vous pouvez ralentir le processus de vieillissement et am\u00e9liorer la croissance des cheveux et des ongles, l&#8217;\u00e9lasticit\u00e9 de la peau, la fonctionnalit\u00e9 des articulations, la structure musculaire et osseuse et une gestion saine du poids gr\u00e2ce aux peptides de collag\u00e8ne de LiveGood\u00a0!<\/span><\/p>\n<p><span>Les peptides de collag\u00e8ne de LiveGood offrent non seulement les avantages remarquables des meilleurs collag\u00e8nes hydrolys\u00e9s de types I et III au monde, mais sont \u00e9galement le PREMIER ET LE SEUL produit de collag\u00e8ne au monde \u00e0 incorporer\u00a0:<\/span><\/p>\n<p><span>Velositol\u2122, favorisant la croissance musculaire, la masse corporelle maigre et une r\u00e9cup\u00e9ration musculaire acc\u00e9l\u00e9r\u00e9e.<\/span><br \/>\n<span>Polynol\u2122, prot\u00e8ge contre l&#8217;inflammation chronique, aide la fonction cognitive, maintient la glyc\u00e9mie, ralentit le vieillissement et favorise la perte de poids.<\/span><br \/>\n<span>ApresFlex\u2122, cliniquement prouv\u00e9 pour am\u00e9liorer le confort, la fonction et la mobilit\u00e9 des articulations.<\/span><br \/>\n<span>Chez LiveGood, chaque ingr\u00e9dient de nos produits est m\u00e9ticuleusement choisi pour sa qualit\u00e9, sa propret\u00e9, sa puret\u00e9, ses bienfaits et son efficacit\u00e9 r\u00e9elle.\u00a0Nous sommes aussi d\u00e9vou\u00e9s \u00e0 ce qui entre dans la composition de nos produits qui changent la vie qu&#8217;\u00e0 ce qui en reste : pas de produits chimiques nocifs, de pesticides, de conservateurs ou quoi que ce soit qui ne soit pas le plus propre, le plus pur et le plus b\u00e9n\u00e9fique pour VOTRE corps\u00a0!<\/span><\/p>\n<p><span>Notre objectif n\u2019est pas seulement de prolonger votre dur\u00e9e de vie mais aussi de prolonger votre dur\u00e9e de SANT\u00c9\u00a0!\u00a0Ralentissez le processus de vieillissement, paraissez et sentez-vous plus jeune et en meilleure sant\u00e9 que jamais avec les peptides de collag\u00e8ne LiveGood\u00a0!<\/span><\/p>\n<p><span>Sans caf\u00e9ine<\/span><\/p>\n<p><span>Sans cruaut\u00e9<\/span><\/p>\n<p><span>Sans gluten<\/span><\/p>\n<p><span>Certifi\u00e9 BPF<\/span><\/p>\n<p><span>Compatible c\u00e9to<\/span><\/p>\n<p><span>Sans OGM<\/span><\/p>\n<p><span>Sans noix et sans soja<\/span><\/p>\n<p><span>Test\u00e9 par un tiers<\/span><\/p>\n<p><span>Sans sucre<\/span><\/p>\n<p><strong><span>COMMENT UTILISER\u00a0:<\/span><\/strong><br \/>\n<span>M\u00e9langez une mesure dans de l\u2019eau ou votre liquide pr\u00e9f\u00e9r\u00e9 AU MOINS une fois par jour.<\/span><\/p>\n<p><span>Quand prendre : \u00c0 tout moment de la journ\u00e9e !<\/span><\/p>\n<p><span>Conseil de pro\u00a0: envisagez de prendre 2 portions par jour pendant les 30 premiers jours comme dose de charge pour relancer la production de collag\u00e8ne de votre corps.\u00a0De plus, le m\u00e9lange avec de l\u2019eau ti\u00e8de peut r\u00e9duire l\u2019agglutination.<\/span><\/p>\n","protected":false},"excerpt":{"rendered":"<p><img decoding=\"async\" class=\"emoji\" role=\"img\" draggable=\"false\" src=\"https:\/\/s.w.org\/images\/core\/emoji\/14.0.0\/svg\/1f49a.svg\" alt=\"LiveGooD Love\" \/ > Soutien de la peau, des cheveux et des ongles<br \/>\n<img decoding=\"async\" class=\"emoji\" role=\"img\" draggable=\"false\" src=\"https:\/\/s.w.org\/images\/core\/emoji\/14.0.0\/svg\/1f49a.svg\" alt=\"LiveGooD Love\" \/ > Sant\u00e9 des os, des articulations et des muscles<br \/>\n<img decoding=\"async\" class=\"emoji\" role=\"img\" draggable=\"false\" src=\"https:\/\/s.w.org\/images\/core\/emoji\/14.0.0\/svg\/1f49a.svg\" alt=\"LiveGooD Love\" \/ > Gestion du poids<br \/>\n<img decoding=\"async\" class=\"emoji\" role=\"img\" draggable=\"false\" src=\"https:\/\/s.w.org\/images\/core\/emoji\/14.0.0\/svg\/1f49a.svg\" alt=\"LiveGooD Love\" \/ > Anti-\u00e2ge<\/p>\n","protected":false},"featured_media":255,"comment_status":"open","ping_status":"closed","template":"","meta":[],"product_brand":[],"product_cat":[215],"product_tag":[],"class_list":{"0":"post-931","1":"product","2":"type-product","3":"status-publish","4":"has-post-thumbnail","6":"product_cat-supplements-fr-fr","8":"first","9":"instock","10":"sale","11":"shipping-taxable","12":"product-type-external"},"yoast_head":"<!-- This site is optimized with the Yoast SEO Premium plugin v20.6 (Yoast SEO v21.8.1) - https:\/\/yoast.com\/wordpress\/plugins\/seo\/ -->\n<title>Peptides de Collag\u00e8ne - LiveGooD Shop<\/title>\n<meta name=\"robots\" content=\"index, follow, max-snippet:-1, max-image-preview:large, max-video-preview:-1\" \/>\n<link rel=\"canonical\" href=\"https:\/\/livegood.network\/shop\/fr-fr\/product\/collagen-peptides-fr-fr\/\" \/>\n<meta property=\"og:locale\" content=\"en_US\" \/>\n<meta property=\"og:type\" content=\"article\" \/>\n<meta property=\"og:title\" content=\"Peptides de Collag\u00e8ne\" \/>\n<meta property=\"og:description\" content=\"Soutien de la peau, des cheveux et des ongles  Sant\u00e9 des os, des articulations et des muscles  Gestion du poids  Anti-\u00e2ge\" \/>\n<meta property=\"og:url\" content=\"https:\/\/livegood.network\/shop\/fr-fr\/product\/collagen-peptides-fr-fr\/\" \/>\n<meta property=\"article:publisher\" content=\"https:\/\/www.facebook.com\/livegoodhello\" \/>\n<meta property=\"article:modified_time\" content=\"2025-10-27T20:59:28+00:00\" \/>\n<meta property=\"og:image\" content=\"https:\/\/livegood.network\/shop\/wp-content\/uploads\/2024\/01\/collagen-peptides-livegood.png\" \/>\n\t<meta property=\"og:image:width\" content=\"720\" \/>\n\t<meta property=\"og:image:height\" content=\"720\" \/>\n\t<meta property=\"og:image:type\" content=\"image\/png\" \/>\n<meta name=\"twitter:card\" content=\"summary_large_image\" \/>\n<meta name=\"twitter:label1\" content=\"Est. reading time\" \/>\n\t<meta name=\"twitter:data1\" content=\"3 minutes\" \/>\n<script type=\"application\/ld+json\" class=\"yoast-schema-graph\">{\"@context\":\"https:\/\/schema.org\",\"@graph\":[{\"@type\":\"WebPage\",\"@id\":\"https:\/\/livegood.network\/shop\/fr-fr\/product\/collagen-peptides-fr-fr\/\",\"url\":\"https:\/\/livegood.network\/shop\/fr-fr\/product\/collagen-peptides-fr-fr\/\",\"name\":\"Peptides de Collag\u00e8ne - LiveGooD Shop\",\"isPartOf\":{\"@id\":\"https:\/\/livegood.network\/shop\/#website\"},\"datePublished\":\"2024-01-24T21:30:53+00:00\",\"dateModified\":\"2025-10-27T20:59:28+00:00\",\"breadcrumb\":{\"@id\":\"https:\/\/livegood.network\/shop\/fr-fr\/product\/collagen-peptides-fr-fr\/#breadcrumb\"},\"inLanguage\":\"en-US\",\"potentialAction\":[{\"@type\":\"ReadAction\",\"target\":[\"https:\/\/livegood.network\/shop\/fr-fr\/product\/collagen-peptides-fr-fr\/\"]}]},{\"@type\":\"BreadcrumbList\",\"@id\":\"https:\/\/livegood.network\/shop\/fr-fr\/product\/collagen-peptides-fr-fr\/#breadcrumb\",\"itemListElement\":[{\"@type\":\"ListItem\",\"position\":1,\"name\":\"Home\",\"item\":\"https:\/\/livegood.network\/shop\/pt-br\/\"},{\"@type\":\"ListItem\",\"position\":2,\"name\":\"Shop\",\"item\":\"https:\/\/livegood.network\/shop\/shop\/\"},{\"@type\":\"ListItem\",\"position\":3,\"name\":\"Peptides de Collag\u00e8ne\"}]},{\"@type\":\"WebSite\",\"@id\":\"https:\/\/livegood.network\/shop\/#website\",\"url\":\"https:\/\/livegood.network\/shop\/\",\"name\":\"LiveGooD Shop\",\"description\":\"\",\"publisher\":{\"@id\":\"https:\/\/livegood.network\/shop\/#organization\"},\"potentialAction\":[{\"@type\":\"SearchAction\",\"target\":{\"@type\":\"EntryPoint\",\"urlTemplate\":\"https:\/\/livegood.network\/shop\/?s={search_term_string}\"},\"query-input\":\"required name=search_term_string\"}],\"inLanguage\":\"en-US\"},{\"@type\":\"Organization\",\"@id\":\"https:\/\/livegood.network\/shop\/#organization\",\"name\":\"LiveGooD\",\"url\":\"https:\/\/livegood.network\/shop\/\",\"logo\":{\"@type\":\"ImageObject\",\"inLanguage\":\"en-US\",\"@id\":\"https:\/\/livegood.network\/shop\/#\/schema\/logo\/image\/\",\"url\":\"https:\/\/livegood.network\/shop\/wp-content\/uploads\/2024\/01\/logo-livegood-shop-main.png\",\"contentUrl\":\"https:\/\/livegood.network\/shop\/wp-content\/uploads\/2024\/01\/logo-livegood-shop-main.png\",\"width\":373,\"height\":115,\"caption\":\"LiveGooD\"},\"image\":{\"@id\":\"https:\/\/livegood.network\/shop\/#\/schema\/logo\/image\/\"},\"sameAs\":[\"https:\/\/www.facebook.com\/livegoodhello\"]}]}<\/script>\n<!-- \/ Yoast SEO Premium plugin. -->","yoast_head_json":{"title":"Peptides de Collag\u00e8ne - LiveGooD Shop","robots":{"index":"index","follow":"follow","max-snippet":"max-snippet:-1","max-image-preview":"max-image-preview:large","max-video-preview":"max-video-preview:-1"},"canonical":"https:\/\/livegood.network\/shop\/fr-fr\/product\/collagen-peptides-fr-fr\/","og_locale":"en_US","og_type":"article","og_title":"Peptides de Collag\u00e8ne","og_description":"Soutien de la peau, des cheveux et des ongles  Sant\u00e9 des os, des articulations et des muscles  Gestion du poids  Anti-\u00e2ge","og_url":"https:\/\/livegood.network\/shop\/fr-fr\/product\/collagen-peptides-fr-fr\/","article_publisher":"https:\/\/www.facebook.com\/livegoodhello","article_modified_time":"2025-10-27T20:59:28+00:00","og_image":[{"width":720,"height":720,"url":"https:\/\/livegood.network\/shop\/wp-content\/uploads\/2024\/01\/collagen-peptides-livegood.png","type":"image\/png"}],"twitter_card":"summary_large_image","twitter_misc":{"Est. reading time":"3 minutes"},"schema":{"@context":"https:\/\/schema.org","@graph":[{"@type":"WebPage","@id":"https:\/\/livegood.network\/shop\/fr-fr\/product\/collagen-peptides-fr-fr\/","url":"https:\/\/livegood.network\/shop\/fr-fr\/product\/collagen-peptides-fr-fr\/","name":"Peptides de Collag\u00e8ne - LiveGooD Shop","isPartOf":{"@id":"https:\/\/livegood.network\/shop\/#website"},"datePublished":"2024-01-24T21:30:53+00:00","dateModified":"2025-10-27T20:59:28+00:00","breadcrumb":{"@id":"https:\/\/livegood.network\/shop\/fr-fr\/product\/collagen-peptides-fr-fr\/#breadcrumb"},"inLanguage":"en-US","potentialAction":[{"@type":"ReadAction","target":["https:\/\/livegood.network\/shop\/fr-fr\/product\/collagen-peptides-fr-fr\/"]}]},{"@type":"BreadcrumbList","@id":"https:\/\/livegood.network\/shop\/fr-fr\/product\/collagen-peptides-fr-fr\/#breadcrumb","itemListElement":[{"@type":"ListItem","position":1,"name":"Home","item":"https:\/\/livegood.network\/shop\/pt-br\/"},{"@type":"ListItem","position":2,"name":"Shop","item":"https:\/\/livegood.network\/shop\/shop\/"},{"@type":"ListItem","position":3,"name":"Peptides de Collag\u00e8ne"}]},{"@type":"WebSite","@id":"https:\/\/livegood.network\/shop\/#website","url":"https:\/\/livegood.network\/shop\/","name":"LiveGooD Shop","description":"","publisher":{"@id":"https:\/\/livegood.network\/shop\/#organization"},"potentialAction":[{"@type":"SearchAction","target":{"@type":"EntryPoint","urlTemplate":"https:\/\/livegood.network\/shop\/?s={search_term_string}"},"query-input":"required name=search_term_string"}],"inLanguage":"en-US"},{"@type":"Organization","@id":"https:\/\/livegood.network\/shop\/#organization","name":"LiveGooD","url":"https:\/\/livegood.network\/shop\/","logo":{"@type":"ImageObject","inLanguage":"en-US","@id":"https:\/\/livegood.network\/shop\/#\/schema\/logo\/image\/","url":"https:\/\/livegood.network\/shop\/wp-content\/uploads\/2024\/01\/logo-livegood-shop-main.png","contentUrl":"https:\/\/livegood.network\/shop\/wp-content\/uploads\/2024\/01\/logo-livegood-shop-main.png","width":373,"height":115,"caption":"LiveGooD"},"image":{"@id":"https:\/\/livegood.network\/shop\/#\/schema\/logo\/image\/"},"sameAs":["https:\/\/www.facebook.com\/livegoodhello"]}]}},"lang":"fr-fr","translations":{"fr-fr":931,"pt-br":943,"pt-pt":933,"en-us":254,"es-es":932,"vi":934,"ru-ru":935,"ko":936},"pll_sync_post":[],"_links":{"self":[{"href":"https:\/\/livegood.network\/shop\/wp-json\/wp\/v2\/product\/931","targetHints":{"allow":["GET"]}}],"collection":[{"href":"https:\/\/livegood.network\/shop\/wp-json\/wp\/v2\/product"}],"about":[{"href":"https:\/\/livegood.network\/shop\/wp-json\/wp\/v2\/types\/product"}],"replies":[{"embeddable":true,"href":"https:\/\/livegood.network\/shop\/wp-json\/wp\/v2\/comments?post=931"}],"version-history":[{"count":1,"href":"https:\/\/livegood.network\/shop\/wp-json\/wp\/v2\/product\/931\/revisions"}],"predecessor-version":[{"id":1709,"href":"https:\/\/livegood.network\/shop\/wp-json\/wp\/v2\/product\/931\/revisions\/1709"}],"wp:featuredmedia":[{"embeddable":true,"href":"https:\/\/livegood.network\/shop\/wp-json\/wp\/v2\/media\/255"}],"wp:attachment":[{"href":"https:\/\/livegood.network\/shop\/wp-json\/wp\/v2\/media?parent=931"}],"wp:term":[{"taxonomy":"product_brand","embeddable":true,"href":"https:\/\/livegood.network\/shop\/wp-json\/wp\/v2\/product_brand?post=931"},{"taxonomy":"product_cat","embeddable":true,"href":"https:\/\/livegood.network\/shop\/wp-json\/wp\/v2\/product_cat?post=931"},{"taxonomy":"product_tag","embeddable":true,"href":"https:\/\/livegood.network\/shop\/wp-json\/wp\/v2\/product_tag?post=931"}],"curies":[{"name":"wp","href":"https:\/\/api.w.org\/{rel}","templated":true}]}}