{"id":932,"date":"2024-01-24T21:32:41","date_gmt":"2024-01-24T21:32:41","guid":{"rendered":"https:\/\/livegood.network\/shop\/?post_type=product&#038;p=932"},"modified":"2025-10-27T20:59:29","modified_gmt":"2025-10-27T20:59:29","slug":"collagen-peptides-es-es","status":"publish","type":"product","link":"https:\/\/livegood.network\/shop\/es-es\/product\/collagen-peptides-es-es\/","title":{"rendered":"P\u00e9ptidos de Col\u00e1geno"},"content":{"rendered":"<p><strong><span>P\u00e9ptidos de col\u00e1geno<\/span><\/strong><\/p>\n<p><em><span>El col\u00e1geno se erige como la prote\u00edna predominante en todo nuestro organismo<\/span><\/em><\/p>\n<p><span>Actuando como el adhesivo que une nuestras c\u00e9lulas y proporciona fuerza y \u200b\u200bestructura.\u00a0Desempe\u00f1a un papel crucial en el mantenimiento de la firmeza de nuestra piel, la fuerza de los m\u00fasculos y huesos, la flexibilidad de las articulaciones y la salud de los ligamentos, tendones, cabello y u\u00f1as.<\/span><\/p>\n<p><span>Como una de las sustancias m\u00e1s vitales de nuestro cuerpo, la producci\u00f3n natural de col\u00e1geno disminuye con la edad, lo que provoca arrugas, molestias en las articulaciones, huesos y m\u00fasculos debilitados y fragilidad del cabello y las u\u00f1as.<\/span><\/p>\n<p><span>\u00a1Ahora puede desacelerar el proceso de envejecimiento y mejorar el crecimiento del cabello y las u\u00f1as, la elasticidad de la piel, la funcionalidad de las articulaciones, la estructura de los m\u00fasculos y los huesos y el control saludable del peso con los p\u00e9ptidos de col\u00e1geno de LiveGood!<\/span><\/p>\n<p><span>Los p\u00e9ptidos de col\u00e1geno de LiveGood no solo ofrecen los notables beneficios del mejor col\u00e1geno hidrolizado de tipos I y III del mundo, sino que tambi\u00e9n son el PRIMER Y \u00daNICO producto de col\u00e1geno a nivel mundial que incorpora:<\/span><\/p>\n<p><span>Velositol\u2122, que promueve el crecimiento muscular, la masa corporal magra y la recuperaci\u00f3n muscular acelerada.<\/span><br \/>\n<span>Polynol\u2122, que protege contra la inflamaci\u00f3n cr\u00f3nica, ayuda a la funci\u00f3n cognitiva, mantiene la glucosa en sangre, ralentiza el envejecimiento y favorece la p\u00e9rdida de peso.<\/span><br \/>\n<span>ApresFlex\u2122, cl\u00ednicamente probado para mejorar la comodidad, funci\u00f3n y movilidad de las articulaciones.<\/span><br \/>\n<span>En LiveGood, cada ingrediente de nuestros productos se elige meticulosamente por su calidad, limpieza, pureza, beneficios y efectividad en el mundo real.\u00a0Estamos tan dedicados a lo que se incluye en nuestros productos que cambian vidas como a lo que queda fuera de ellos: \u00a1sin qu\u00edmicos da\u00f1inos, pesticidas, conservantes ni nada que no sea lo m\u00e1s limpio, puro y beneficioso para SU cuerpo!<\/span><\/p>\n<p><span>\u00a1Nuestro objetivo no es solo extender su vida sino tambi\u00e9n extender su SALUD!\u00a0\u00a1Reduzca el proceso de envejecimiento, luzca y si\u00e9ntase m\u00e1s joven y saludable que nunca con LiveGood Collagen Peptides!<\/span><\/p>\n<p><span>Libre de cafe\u00edna<\/span><\/p>\n<p><span>Libre de crueldad<\/span><\/p>\n<p><span>Sin gluten<\/span><\/p>\n<p><span>Certificado GMP<\/span><\/p>\n<p><span>Amigable con Keto<\/span><\/p>\n<p><span>No GMO<\/span><\/p>\n<p><span>Sin frutos secos Sin soja<\/span><\/p>\n<p><span>Probado por terceros<\/span><\/p>\n<p><span>Sin az\u00facar<\/span><\/p>\n<p><strong><span>C\u00d3MO UTILIZAR:<\/span><\/strong><br \/>\n<span>Mezcle una cucharada en agua o su l\u00edquido preferido AL MENOS una vez al d\u00eda.<\/span><\/p>\n<p><span>Cu\u00e1ndo tomar: \u00a1A cualquier hora del d\u00eda!<\/span><\/p>\n<p><span>Consejo profesional: considere tomar 2 porciones por d\u00eda durante los primeros 30 d\u00edas como dosis de carga para impulsar la producci\u00f3n de col\u00e1geno de su cuerpo.\u00a0Adem\u00e1s, mezclar con agua tibia puede reducir la formaci\u00f3n de grumos.<\/span><\/p>\n","protected":false},"excerpt":{"rendered":"<p><img decoding=\"async\" class=\"emoji\" role=\"img\" draggable=\"false\" src=\"https:\/\/s.w.org\/images\/core\/emoji\/14.0.0\/svg\/1f49a.svg\" alt=\"LiveGooD Love\" \/ > Soporte para la piel, el cabello y las u\u00f1as<br \/>\n<img decoding=\"async\" class=\"emoji\" role=\"img\" draggable=\"false\" src=\"https:\/\/s.w.org\/images\/core\/emoji\/14.0.0\/svg\/1f49a.svg\" alt=\"LiveGooD Love\" \/ > Salud de huesos, articulaciones y m\u00fasculos<br \/>\n<img decoding=\"async\" class=\"emoji\" role=\"img\" draggable=\"false\" src=\"https:\/\/s.w.org\/images\/core\/emoji\/14.0.0\/svg\/1f49a.svg\" alt=\"LiveGooD Love\" \/ > Control de Peso<br \/>\n<img decoding=\"async\" class=\"emoji\" role=\"img\" draggable=\"false\" src=\"https:\/\/s.w.org\/images\/core\/emoji\/14.0.0\/svg\/1f49a.svg\" alt=\"LiveGooD Love\" \/ > Anti-Envejecimiento<\/p>\n","protected":false},"featured_media":255,"comment_status":"open","ping_status":"closed","template":"","meta":[],"product_brand":[],"product_cat":[212],"product_tag":[],"class_list":{"0":"post-932","1":"product","2":"type-product","3":"status-publish","4":"has-post-thumbnail","6":"product_cat-supplements-es-es","8":"first","9":"instock","10":"sale","11":"shipping-taxable","12":"product-type-external"},"yoast_head":"<!-- This site is optimized with the Yoast SEO Premium plugin v20.6 (Yoast SEO v21.8.1) - https:\/\/yoast.com\/wordpress\/plugins\/seo\/ -->\n<title>P\u00e9ptidos de Col\u00e1geno - LiveGooD Shop<\/title>\n<meta name=\"robots\" content=\"index, follow, max-snippet:-1, max-image-preview:large, max-video-preview:-1\" \/>\n<link rel=\"canonical\" href=\"https:\/\/livegood.network\/shop\/es-es\/product\/collagen-peptides-es-es\/\" \/>\n<meta property=\"og:locale\" content=\"en_US\" \/>\n<meta property=\"og:type\" content=\"article\" \/>\n<meta property=\"og:title\" content=\"P\u00e9ptidos de Col\u00e1geno\" \/>\n<meta property=\"og:description\" content=\"Soporte para la piel, el cabello y las u\u00f1as  Salud de huesos, articulaciones y m\u00fasculos  Control de Peso  Anti-Envejecimiento\" \/>\n<meta property=\"og:url\" content=\"https:\/\/livegood.network\/shop\/es-es\/product\/collagen-peptides-es-es\/\" \/>\n<meta property=\"article:publisher\" content=\"https:\/\/www.facebook.com\/livegoodhello\" \/>\n<meta property=\"article:modified_time\" content=\"2025-10-27T20:59:29+00:00\" \/>\n<meta property=\"og:image\" content=\"https:\/\/livegood.network\/shop\/wp-content\/uploads\/2024\/01\/collagen-peptides-livegood.png\" \/>\n\t<meta property=\"og:image:width\" content=\"720\" \/>\n\t<meta property=\"og:image:height\" content=\"720\" \/>\n\t<meta property=\"og:image:type\" content=\"image\/png\" \/>\n<meta name=\"twitter:card\" content=\"summary_large_image\" \/>\n<meta name=\"twitter:label1\" content=\"Est. reading time\" \/>\n\t<meta name=\"twitter:data1\" content=\"3 minutes\" \/>\n<script type=\"application\/ld+json\" class=\"yoast-schema-graph\">{\"@context\":\"https:\/\/schema.org\",\"@graph\":[{\"@type\":\"WebPage\",\"@id\":\"https:\/\/livegood.network\/shop\/es-es\/product\/collagen-peptides-es-es\/\",\"url\":\"https:\/\/livegood.network\/shop\/es-es\/product\/collagen-peptides-es-es\/\",\"name\":\"P\u00e9ptidos de Col\u00e1geno - LiveGooD Shop\",\"isPartOf\":{\"@id\":\"https:\/\/livegood.network\/shop\/#website\"},\"datePublished\":\"2024-01-24T21:32:41+00:00\",\"dateModified\":\"2025-10-27T20:59:29+00:00\",\"breadcrumb\":{\"@id\":\"https:\/\/livegood.network\/shop\/es-es\/product\/collagen-peptides-es-es\/#breadcrumb\"},\"inLanguage\":\"en-US\",\"potentialAction\":[{\"@type\":\"ReadAction\",\"target\":[\"https:\/\/livegood.network\/shop\/es-es\/product\/collagen-peptides-es-es\/\"]}]},{\"@type\":\"BreadcrumbList\",\"@id\":\"https:\/\/livegood.network\/shop\/es-es\/product\/collagen-peptides-es-es\/#breadcrumb\",\"itemListElement\":[{\"@type\":\"ListItem\",\"position\":1,\"name\":\"Home\",\"item\":\"https:\/\/livegood.network\/shop\/pt-br\/\"},{\"@type\":\"ListItem\",\"position\":2,\"name\":\"Shop\",\"item\":\"https:\/\/livegood.network\/shop\/shop\/\"},{\"@type\":\"ListItem\",\"position\":3,\"name\":\"P\u00e9ptidos de Col\u00e1geno\"}]},{\"@type\":\"WebSite\",\"@id\":\"https:\/\/livegood.network\/shop\/#website\",\"url\":\"https:\/\/livegood.network\/shop\/\",\"name\":\"LiveGooD Shop\",\"description\":\"\",\"publisher\":{\"@id\":\"https:\/\/livegood.network\/shop\/#organization\"},\"potentialAction\":[{\"@type\":\"SearchAction\",\"target\":{\"@type\":\"EntryPoint\",\"urlTemplate\":\"https:\/\/livegood.network\/shop\/?s={search_term_string}\"},\"query-input\":\"required name=search_term_string\"}],\"inLanguage\":\"en-US\"},{\"@type\":\"Organization\",\"@id\":\"https:\/\/livegood.network\/shop\/#organization\",\"name\":\"LiveGooD\",\"url\":\"https:\/\/livegood.network\/shop\/\",\"logo\":{\"@type\":\"ImageObject\",\"inLanguage\":\"en-US\",\"@id\":\"https:\/\/livegood.network\/shop\/#\/schema\/logo\/image\/\",\"url\":\"https:\/\/livegood.network\/shop\/wp-content\/uploads\/2024\/01\/logo-livegood-shop-main.png\",\"contentUrl\":\"https:\/\/livegood.network\/shop\/wp-content\/uploads\/2024\/01\/logo-livegood-shop-main.png\",\"width\":373,\"height\":115,\"caption\":\"LiveGooD\"},\"image\":{\"@id\":\"https:\/\/livegood.network\/shop\/#\/schema\/logo\/image\/\"},\"sameAs\":[\"https:\/\/www.facebook.com\/livegoodhello\"]}]}<\/script>\n<!-- \/ Yoast SEO Premium plugin. -->","yoast_head_json":{"title":"P\u00e9ptidos de Col\u00e1geno - LiveGooD Shop","robots":{"index":"index","follow":"follow","max-snippet":"max-snippet:-1","max-image-preview":"max-image-preview:large","max-video-preview":"max-video-preview:-1"},"canonical":"https:\/\/livegood.network\/shop\/es-es\/product\/collagen-peptides-es-es\/","og_locale":"en_US","og_type":"article","og_title":"P\u00e9ptidos de Col\u00e1geno","og_description":"Soporte para la piel, el cabello y las u\u00f1as  Salud de huesos, articulaciones y m\u00fasculos  Control de Peso  Anti-Envejecimiento","og_url":"https:\/\/livegood.network\/shop\/es-es\/product\/collagen-peptides-es-es\/","article_publisher":"https:\/\/www.facebook.com\/livegoodhello","article_modified_time":"2025-10-27T20:59:29+00:00","og_image":[{"width":720,"height":720,"url":"https:\/\/livegood.network\/shop\/wp-content\/uploads\/2024\/01\/collagen-peptides-livegood.png","type":"image\/png"}],"twitter_card":"summary_large_image","twitter_misc":{"Est. reading time":"3 minutes"},"schema":{"@context":"https:\/\/schema.org","@graph":[{"@type":"WebPage","@id":"https:\/\/livegood.network\/shop\/es-es\/product\/collagen-peptides-es-es\/","url":"https:\/\/livegood.network\/shop\/es-es\/product\/collagen-peptides-es-es\/","name":"P\u00e9ptidos de Col\u00e1geno - LiveGooD Shop","isPartOf":{"@id":"https:\/\/livegood.network\/shop\/#website"},"datePublished":"2024-01-24T21:32:41+00:00","dateModified":"2025-10-27T20:59:29+00:00","breadcrumb":{"@id":"https:\/\/livegood.network\/shop\/es-es\/product\/collagen-peptides-es-es\/#breadcrumb"},"inLanguage":"en-US","potentialAction":[{"@type":"ReadAction","target":["https:\/\/livegood.network\/shop\/es-es\/product\/collagen-peptides-es-es\/"]}]},{"@type":"BreadcrumbList","@id":"https:\/\/livegood.network\/shop\/es-es\/product\/collagen-peptides-es-es\/#breadcrumb","itemListElement":[{"@type":"ListItem","position":1,"name":"Home","item":"https:\/\/livegood.network\/shop\/pt-br\/"},{"@type":"ListItem","position":2,"name":"Shop","item":"https:\/\/livegood.network\/shop\/shop\/"},{"@type":"ListItem","position":3,"name":"P\u00e9ptidos de Col\u00e1geno"}]},{"@type":"WebSite","@id":"https:\/\/livegood.network\/shop\/#website","url":"https:\/\/livegood.network\/shop\/","name":"LiveGooD Shop","description":"","publisher":{"@id":"https:\/\/livegood.network\/shop\/#organization"},"potentialAction":[{"@type":"SearchAction","target":{"@type":"EntryPoint","urlTemplate":"https:\/\/livegood.network\/shop\/?s={search_term_string}"},"query-input":"required name=search_term_string"}],"inLanguage":"en-US"},{"@type":"Organization","@id":"https:\/\/livegood.network\/shop\/#organization","name":"LiveGooD","url":"https:\/\/livegood.network\/shop\/","logo":{"@type":"ImageObject","inLanguage":"en-US","@id":"https:\/\/livegood.network\/shop\/#\/schema\/logo\/image\/","url":"https:\/\/livegood.network\/shop\/wp-content\/uploads\/2024\/01\/logo-livegood-shop-main.png","contentUrl":"https:\/\/livegood.network\/shop\/wp-content\/uploads\/2024\/01\/logo-livegood-shop-main.png","width":373,"height":115,"caption":"LiveGooD"},"image":{"@id":"https:\/\/livegood.network\/shop\/#\/schema\/logo\/image\/"},"sameAs":["https:\/\/www.facebook.com\/livegoodhello"]}]}},"lang":"es-es","translations":{"es-es":932,"pt-br":943,"pt-pt":933,"en-us":254,"fr-fr":931,"vi":934,"ru-ru":935,"ko":936},"pll_sync_post":[],"_links":{"self":[{"href":"https:\/\/livegood.network\/shop\/wp-json\/wp\/v2\/product\/932","targetHints":{"allow":["GET"]}}],"collection":[{"href":"https:\/\/livegood.network\/shop\/wp-json\/wp\/v2\/product"}],"about":[{"href":"https:\/\/livegood.network\/shop\/wp-json\/wp\/v2\/types\/product"}],"replies":[{"embeddable":true,"href":"https:\/\/livegood.network\/shop\/wp-json\/wp\/v2\/comments?post=932"}],"version-history":[{"count":1,"href":"https:\/\/livegood.network\/shop\/wp-json\/wp\/v2\/product\/932\/revisions"}],"predecessor-version":[{"id":1708,"href":"https:\/\/livegood.network\/shop\/wp-json\/wp\/v2\/product\/932\/revisions\/1708"}],"wp:featuredmedia":[{"embeddable":true,"href":"https:\/\/livegood.network\/shop\/wp-json\/wp\/v2\/media\/255"}],"wp:attachment":[{"href":"https:\/\/livegood.network\/shop\/wp-json\/wp\/v2\/media?parent=932"}],"wp:term":[{"taxonomy":"product_brand","embeddable":true,"href":"https:\/\/livegood.network\/shop\/wp-json\/wp\/v2\/product_brand?post=932"},{"taxonomy":"product_cat","embeddable":true,"href":"https:\/\/livegood.network\/shop\/wp-json\/wp\/v2\/product_cat?post=932"},{"taxonomy":"product_tag","embeddable":true,"href":"https:\/\/livegood.network\/shop\/wp-json\/wp\/v2\/product_tag?post=932"}],"curies":[{"name":"wp","href":"https:\/\/api.w.org\/{rel}","templated":true}]}}