{"id":934,"date":"2024-01-24T21:36:43","date_gmt":"2024-01-24T21:36:43","guid":{"rendered":"https:\/\/livegood.network\/shop\/?post_type=product&#038;p=934"},"modified":"2025-10-27T20:59:29","modified_gmt":"2025-10-27T20:59:29","slug":"collagen-peptides-vi","status":"publish","type":"product","link":"https:\/\/livegood.network\/shop\/vi\/product\/collagen-peptides-vi\/","title":{"rendered":"Collagen Peptides"},"content":{"rendered":"<p><strong><span>Collagen Peptide<\/span><\/strong><\/p>\n<p><em><span>Collagen l\u00e0 lo\u1ea1i protein chi\u1ebfm \u01b0u th\u1ebf trong to\u00e0n b\u1ed9 c\u01a1 th\u1ec3 ch\u00fang ta<\/span><\/em><\/p>\n<p><span>Ho\u1ea1t \u0111\u1ed9ng nh\u01b0 ch\u1ea5t k\u1ebft d\u00ednh li\u00ean k\u1ebft c\u00e1c t\u1ebf b\u00e0o c\u1ee7a ch\u00fang ta l\u1ea1i v\u1edbi nhau v\u00e0 cung c\u1ea5p s\u1ee9c m\u1ea1nh v\u00e0 c\u1ea5u tr\u00fac.\u00a0N\u00f3 \u0111\u00f3ng m\u1ed9t vai tr\u00f2 quan tr\u1ecdng trong vi\u1ec7c duy tr\u00ec \u0111\u1ed9 s\u0103n ch\u1eafc c\u1ee7a l\u00e0n da, s\u1ee9c m\u1ea1nh c\u1ee7a c\u01a1 v\u00e0 x\u01b0\u01a1ng, s\u1ef1 linh ho\u1ea1t c\u1ee7a kh\u1edbp v\u00e0 s\u1ee9c kh\u1ecfe c\u1ee7a d\u00e2y ch\u1eb1ng, g\u00e2n, t\u00f3c v\u00e0 m\u00f3ng.<\/span><\/p>\n<p><span>L\u00e0 m\u1ed9t trong nh\u1eefng ch\u1ea5t quan tr\u1ecdng nh\u1ea5t trong c\u01a1 th\u1ec3 ch\u00fang ta, qu\u00e1 tr\u00ecnh s\u1ea3n xu\u1ea5t collagen t\u1ef1 nhi\u00ean gi\u1ea3m d\u1ea7n theo tu\u1ed5i t\u00e1c, d\u1eabn \u0111\u1ebfn n\u1ebfp nh\u0103n, kh\u00f3 ch\u1ecbu \u1edf kh\u1edbp, x\u01b0\u01a1ng v\u00e0 c\u01a1 y\u1ebfu, t\u00f3c v\u00e0 m\u00f3ng d\u1ec5 g\u00e3y.<\/span><\/p>\n<p><span>Gi\u1edd \u0111\u00e2y, b\u1ea1n c\u00f3 th\u1ec3 l\u00e0m ch\u1eadm qu\u00e1 tr\u00ecnh l\u00e3o h\u00f3a v\u00e0 t\u0103ng c\u01b0\u1eddng s\u1ef1 ph\u00e1t tri\u1ec3n c\u1ee7a t\u00f3c v\u00e0 m\u00f3ng, \u0111\u1ed9 \u0111\u00e0n h\u1ed3i c\u1ee7a da, ch\u1ee9c n\u0103ng kh\u1edbp, c\u1ea5u tr\u00fac c\u01a1 v\u00e0 x\u01b0\u01a1ng c\u0169ng nh\u01b0 qu\u1ea3n l\u00fd c\u00e2n n\u1eb7ng l\u00e0nh m\u1ea1nh v\u1edbi Collagen Peptides c\u1ee7a LiveGood!<\/span><\/p>\n<p><span>Collagen Peptides c\u1ee7a LiveGood kh\u00f4ng ch\u1ec9 mang l\u1ea1i nh\u1eefng l\u1ee3i \u00edch v\u01b0\u1ee3t tr\u1ed9i c\u1ee7a Collagen th\u1ee7y ph\u00e2n lo\u1ea1i I v\u00e0 III t\u1ed1t nh\u1ea5t th\u1ebf gi\u1edbi m\u00e0 c\u00f2n l\u00e0 s\u1ea3n ph\u1ea9m collagen \u0110\u1ea6U TI\u00caN V\u00c0 DUY NH\u1ea4T tr\u00ean to\u00e0n c\u1ea7u c\u00f3 k\u1ebft h\u1ee3p:<\/span><\/p>\n<p><span>Velositol\u2122, th\u00fac \u0111\u1ea9y t\u0103ng tr\u01b0\u1edfng c\u01a1 b\u1eafp, kh\u1ed1i l\u01b0\u1ee3ng c\u01a1 n\u1ea1c v\u00e0 ph\u1ee5c h\u1ed3i c\u01a1 b\u1eafp nhanh ch\u00f3ng.<\/span><br \/>\n<span>Polynol\u2122, b\u1ea3o v\u1ec7 ch\u1ed1ng l\u1ea1i t\u00ecnh tr\u1ea1ng vi\u00eam m\u00e3n t\u00ednh, h\u1ed7 tr\u1ee3 ch\u1ee9c n\u0103ng nh\u1eadn th\u1ee9c, duy tr\u00ec l\u01b0\u1ee3ng \u0111\u01b0\u1eddng trong m\u00e1u, l\u00e0m ch\u1eadm qu\u00e1 tr\u00ecnh l\u00e3o h\u00f3a v\u00e0 h\u1ed7 tr\u1ee3 gi\u1ea3m c\u00e2n.<\/span><br \/>\n<span>ApresFlex\u2122, \u0111\u01b0\u1ee3c ch\u1ee9ng minh l\u00e2m s\u00e0ng gi\u00fap t\u0103ng c\u01b0\u1eddng s\u1ef1 tho\u1ea3i m\u00e1i, ch\u1ee9c n\u0103ng v\u00e0 kh\u1ea3 n\u0103ng v\u1eadn \u0111\u1ed9ng c\u1ee7a kh\u1edbp.<\/span><br \/>\n<span>T\u1ea1i LiveGood, m\u1ecdi th\u00e0nh ph\u1ea7n trong s\u1ea3n ph\u1ea9m c\u1ee7a ch\u00fang t\u00f4i \u0111\u1ec1u \u0111\u01b0\u1ee3c l\u1ef1a ch\u1ecdn t\u1ec9 m\u1ec9 v\u1ec1 ch\u1ea5t l\u01b0\u1ee3ng, \u0111\u1ed9 s\u1ea1ch, \u0111\u1ed9 tinh khi\u1ebft, l\u1ee3i \u00edch v\u00e0 hi\u1ec7u qu\u1ea3 th\u1ef1c t\u1ebf.\u00a0Ch\u00fang t\u00f4i t\u1eadn t\u00e2m v\u1edbi nh\u1eefng g\u00ec c\u00f3 trong c\u00e1c s\u1ea3n ph\u1ea9m thay \u0111\u1ed5i cu\u1ed9c s\u1ed1ng c\u1ee7a m\u00ecnh c\u0169ng nh\u01b0 nh\u1eefng g\u00ec kh\u00f4ng c\u00f3 trong ch\u00fang\u2014kh\u00f4ng c\u00f3 h\u00f3a ch\u1ea5t \u0111\u1ed9c h\u1ea1i, thu\u1ed1c tr\u1eeb s\u00e2u, ch\u1ea5t b\u1ea3o qu\u1ea3n ho\u1eb7c b\u1ea5t c\u1ee9 th\u1ee9 g\u00ec kh\u00f4ng s\u1ea1ch nh\u1ea5t, tinh khi\u1ebft nh\u1ea5t v\u00e0 c\u00f3 l\u1ee3i nh\u1ea5t cho c\u01a1 th\u1ec3 B\u1ea0N!<\/span><\/p>\n<p><span>M\u1ee5c ti\u00eau c\u1ee7a ch\u00fang t\u00f4i kh\u00f4ng ch\u1ec9 l\u00e0 k\u00e9o d\u00e0i tu\u1ed5i th\u1ecd m\u00e0 c\u00f2n k\u00e9o d\u00e0i kho\u1ea3ng th\u1eddi gian S\u1ee8C KH\u1eceE c\u1ee7a b\u1ea1n!\u00a0L\u00e0m ch\u1eadm qu\u00e1 tr\u00ecnh l\u00e3o h\u00f3a, tr\u00f4ng tr\u1ebb trung v\u00e0 kh\u1ecfe m\u1ea1nh h\u01a1n bao gi\u1edd h\u1ebft v\u1edbi LiveGood Collagen Peptides!<\/span><\/p>\n<p><span>Kh\u00f4ng ch\u1ee9a caffein<\/span><\/p>\n<p><span>T\u00e0n \u00e1c mi\u1ec5n ph\u00ed<\/span><\/p>\n<p><span>Kh\u00f4ng ch\u1ee9a gluten<\/span><\/p>\n<p><span>Ch\u1ee9ng nh\u1eadn GMP<\/span><\/p>\n<p><span>Th\u00e2n thi\u1ec7n v\u1edbi Keto<\/span><\/p>\n<p><span>Kh\u00f4ng bi\u1ebfn \u0111\u1ed5i gen<\/span><\/p>\n<p><span>Kh\u00f4ng c\u00f3 \u0111\u1eadu n\u00e0nh<\/span><\/p>\n<p><span>\u0110\u00e3 \u0111\u01b0\u1ee3c b\u00ean th\u1ee9 ba ki\u1ec3m tra<\/span><\/p>\n<p><span>Kh\u00f4ng \u0111\u01b0\u1eddng<\/span><\/p>\n<p><strong><span>H\u01af\u1edaNG D\u1eaaN S\u1eec D\u1ee4NG:<\/span><\/strong><br \/>\n<span>Tr\u1ed9n m\u1ed9t mu\u1ed7ng v\u00e0o n\u01b0\u1edbc ho\u1eb7c ch\u1ea5t l\u1ecfng \u01b0a th\u00edch c\u1ee7a b\u1ea1n \u00cdT NH\u1ea4T m\u1ed9t l\u1ea7n m\u1ed7i ng\u00e0y.<\/span><\/p>\n<p><span>Khi n\u00e0o n\u00ean d\u00f9ng: B\u1ea5t c\u1ee9 l\u00fac n\u00e0o trong ng\u00e0y!<\/span><\/p>\n<p><span>M\u1eb9o chuy\u00ean nghi\u1ec7p: H\u00e3y c\u00e2n nh\u1eafc d\u00f9ng 2 kh\u1ea9u ph\u1ea7n m\u1ed7i ng\u00e0y trong 30 ng\u00e0y \u0111\u1ea7u ti\u00ean nh\u01b0 m\u1ed9t li\u1ec1u n\u1ea1p \u0111\u1ec3 kh\u1edfi \u0111\u1ed9ng qu\u00e1 tr\u00ecnh s\u1ea3n xu\u1ea5t collagen c\u1ee7a c\u01a1 th\u1ec3 b\u1ea1n.\u00a0Ngo\u00e0i ra, tr\u1ed9n trong n\u01b0\u1edbc \u1ea5m c\u00f3 th\u1ec3 l\u00e0m gi\u1ea3m s\u1ef1 v\u00f3n c\u1ee5c.<\/span><\/p>\n","protected":false},"excerpt":{"rendered":"<p><img decoding=\"async\" class=\"emoji\" role=\"img\" draggable=\"false\" src=\"https:\/\/s.w.org\/images\/core\/emoji\/14.0.0\/svg\/1f49a.svg\" alt=\"LiveGooD Love\" \/ > H\u1ed7 tr\u1ee3 Da, T\u00f3c, M\u00f3ng<br \/>\n<img decoding=\"async\" class=\"emoji\" role=\"img\" draggable=\"false\" src=\"https:\/\/s.w.org\/images\/core\/emoji\/14.0.0\/svg\/1f49a.svg\" alt=\"LiveGooD Love\" \/ > S\u1ee9c kh\u1ecfe x\u01b0\u01a1ng, kh\u1edbp v\u00e0 c\u01a1 b\u1eafp<br \/>\n<img decoding=\"async\" class=\"emoji\" role=\"img\" draggable=\"false\" src=\"https:\/\/s.w.org\/images\/core\/emoji\/14.0.0\/svg\/1f49a.svg\" alt=\"LiveGooD Love\" \/ > Qu\u1ea3n l\u00fd c\u00e2n n\u1eb7ng<br \/>\n<img decoding=\"async\" class=\"emoji\" role=\"img\" draggable=\"false\" src=\"https:\/\/s.w.org\/images\/core\/emoji\/14.0.0\/svg\/1f49a.svg\" alt=\"LiveGooD Love\" \/ > Ch\u1ed1ng l\u00e3o h\u00f3a<\/p>\n","protected":false},"featured_media":255,"comment_status":"open","ping_status":"closed","template":"","meta":[],"product_brand":[],"product_cat":[219],"product_tag":[],"class_list":{"0":"post-934","1":"product","2":"type-product","3":"status-publish","4":"has-post-thumbnail","6":"product_cat-supplements-vi","8":"first","9":"instock","10":"sale","11":"shipping-taxable","12":"product-type-external"},"yoast_head":"<!-- This site is optimized with the Yoast SEO Premium plugin v20.6 (Yoast SEO v21.8.1) - https:\/\/yoast.com\/wordpress\/plugins\/seo\/ -->\n<title>Collagen Peptides - LiveGooD Shop<\/title>\n<meta name=\"robots\" content=\"index, follow, max-snippet:-1, max-image-preview:large, max-video-preview:-1\" \/>\n<link rel=\"canonical\" href=\"https:\/\/livegood.network\/shop\/vi\/product\/collagen-peptides-vi\/\" \/>\n<meta property=\"og:locale\" content=\"en_US\" \/>\n<meta property=\"og:type\" content=\"article\" \/>\n<meta property=\"og:title\" content=\"Collagen Peptides\" \/>\n<meta property=\"og:description\" content=\"H\u1ed7 tr\u1ee3 Da, T\u00f3c, M\u00f3ng  S\u1ee9c kh\u1ecfe x\u01b0\u01a1ng, kh\u1edbp v\u00e0 c\u01a1 b\u1eafp  Qu\u1ea3n l\u00fd c\u00e2n n\u1eb7ng  Ch\u1ed1ng l\u00e3o h\u00f3a\" \/>\n<meta property=\"og:url\" content=\"https:\/\/livegood.network\/shop\/vi\/product\/collagen-peptides-vi\/\" \/>\n<meta property=\"article:publisher\" content=\"https:\/\/www.facebook.com\/livegoodhello\" \/>\n<meta property=\"article:modified_time\" content=\"2025-10-27T20:59:29+00:00\" \/>\n<meta property=\"og:image\" content=\"https:\/\/livegood.network\/shop\/wp-content\/uploads\/2024\/01\/collagen-peptides-livegood.png\" \/>\n\t<meta property=\"og:image:width\" content=\"720\" \/>\n\t<meta property=\"og:image:height\" content=\"720\" \/>\n\t<meta property=\"og:image:type\" content=\"image\/png\" \/>\n<meta name=\"twitter:card\" content=\"summary_large_image\" \/>\n<meta name=\"twitter:label1\" content=\"Est. reading time\" \/>\n\t<meta name=\"twitter:data1\" content=\"3 minutes\" \/>\n<script type=\"application\/ld+json\" class=\"yoast-schema-graph\">{\"@context\":\"https:\/\/schema.org\",\"@graph\":[{\"@type\":\"WebPage\",\"@id\":\"https:\/\/livegood.network\/shop\/vi\/product\/collagen-peptides-vi\/\",\"url\":\"https:\/\/livegood.network\/shop\/vi\/product\/collagen-peptides-vi\/\",\"name\":\"Collagen Peptides - LiveGooD Shop\",\"isPartOf\":{\"@id\":\"https:\/\/livegood.network\/shop\/#website\"},\"datePublished\":\"2024-01-24T21:36:43+00:00\",\"dateModified\":\"2025-10-27T20:59:29+00:00\",\"breadcrumb\":{\"@id\":\"https:\/\/livegood.network\/shop\/vi\/product\/collagen-peptides-vi\/#breadcrumb\"},\"inLanguage\":\"en-US\",\"potentialAction\":[{\"@type\":\"ReadAction\",\"target\":[\"https:\/\/livegood.network\/shop\/vi\/product\/collagen-peptides-vi\/\"]}]},{\"@type\":\"BreadcrumbList\",\"@id\":\"https:\/\/livegood.network\/shop\/vi\/product\/collagen-peptides-vi\/#breadcrumb\",\"itemListElement\":[{\"@type\":\"ListItem\",\"position\":1,\"name\":\"Home\",\"item\":\"https:\/\/livegood.network\/shop\/pt-br\/\"},{\"@type\":\"ListItem\",\"position\":2,\"name\":\"Shop\",\"item\":\"https:\/\/livegood.network\/shop\/shop\/\"},{\"@type\":\"ListItem\",\"position\":3,\"name\":\"Collagen Peptides\"}]},{\"@type\":\"WebSite\",\"@id\":\"https:\/\/livegood.network\/shop\/#website\",\"url\":\"https:\/\/livegood.network\/shop\/\",\"name\":\"LiveGooD Shop\",\"description\":\"\",\"publisher\":{\"@id\":\"https:\/\/livegood.network\/shop\/#organization\"},\"potentialAction\":[{\"@type\":\"SearchAction\",\"target\":{\"@type\":\"EntryPoint\",\"urlTemplate\":\"https:\/\/livegood.network\/shop\/?s={search_term_string}\"},\"query-input\":\"required name=search_term_string\"}],\"inLanguage\":\"en-US\"},{\"@type\":\"Organization\",\"@id\":\"https:\/\/livegood.network\/shop\/#organization\",\"name\":\"LiveGooD\",\"url\":\"https:\/\/livegood.network\/shop\/\",\"logo\":{\"@type\":\"ImageObject\",\"inLanguage\":\"en-US\",\"@id\":\"https:\/\/livegood.network\/shop\/#\/schema\/logo\/image\/\",\"url\":\"https:\/\/livegood.network\/shop\/wp-content\/uploads\/2024\/01\/logo-livegood-shop-main.png\",\"contentUrl\":\"https:\/\/livegood.network\/shop\/wp-content\/uploads\/2024\/01\/logo-livegood-shop-main.png\",\"width\":373,\"height\":115,\"caption\":\"LiveGooD\"},\"image\":{\"@id\":\"https:\/\/livegood.network\/shop\/#\/schema\/logo\/image\/\"},\"sameAs\":[\"https:\/\/www.facebook.com\/livegoodhello\"]}]}<\/script>\n<!-- \/ Yoast SEO Premium plugin. -->","yoast_head_json":{"title":"Collagen Peptides - LiveGooD Shop","robots":{"index":"index","follow":"follow","max-snippet":"max-snippet:-1","max-image-preview":"max-image-preview:large","max-video-preview":"max-video-preview:-1"},"canonical":"https:\/\/livegood.network\/shop\/vi\/product\/collagen-peptides-vi\/","og_locale":"en_US","og_type":"article","og_title":"Collagen Peptides","og_description":"H\u1ed7 tr\u1ee3 Da, T\u00f3c, M\u00f3ng  S\u1ee9c kh\u1ecfe x\u01b0\u01a1ng, kh\u1edbp v\u00e0 c\u01a1 b\u1eafp  Qu\u1ea3n l\u00fd c\u00e2n n\u1eb7ng  Ch\u1ed1ng l\u00e3o h\u00f3a","og_url":"https:\/\/livegood.network\/shop\/vi\/product\/collagen-peptides-vi\/","article_publisher":"https:\/\/www.facebook.com\/livegoodhello","article_modified_time":"2025-10-27T20:59:29+00:00","og_image":[{"width":720,"height":720,"url":"https:\/\/livegood.network\/shop\/wp-content\/uploads\/2024\/01\/collagen-peptides-livegood.png","type":"image\/png"}],"twitter_card":"summary_large_image","twitter_misc":{"Est. reading time":"3 minutes"},"schema":{"@context":"https:\/\/schema.org","@graph":[{"@type":"WebPage","@id":"https:\/\/livegood.network\/shop\/vi\/product\/collagen-peptides-vi\/","url":"https:\/\/livegood.network\/shop\/vi\/product\/collagen-peptides-vi\/","name":"Collagen Peptides - LiveGooD Shop","isPartOf":{"@id":"https:\/\/livegood.network\/shop\/#website"},"datePublished":"2024-01-24T21:36:43+00:00","dateModified":"2025-10-27T20:59:29+00:00","breadcrumb":{"@id":"https:\/\/livegood.network\/shop\/vi\/product\/collagen-peptides-vi\/#breadcrumb"},"inLanguage":"en-US","potentialAction":[{"@type":"ReadAction","target":["https:\/\/livegood.network\/shop\/vi\/product\/collagen-peptides-vi\/"]}]},{"@type":"BreadcrumbList","@id":"https:\/\/livegood.network\/shop\/vi\/product\/collagen-peptides-vi\/#breadcrumb","itemListElement":[{"@type":"ListItem","position":1,"name":"Home","item":"https:\/\/livegood.network\/shop\/pt-br\/"},{"@type":"ListItem","position":2,"name":"Shop","item":"https:\/\/livegood.network\/shop\/shop\/"},{"@type":"ListItem","position":3,"name":"Collagen Peptides"}]},{"@type":"WebSite","@id":"https:\/\/livegood.network\/shop\/#website","url":"https:\/\/livegood.network\/shop\/","name":"LiveGooD Shop","description":"","publisher":{"@id":"https:\/\/livegood.network\/shop\/#organization"},"potentialAction":[{"@type":"SearchAction","target":{"@type":"EntryPoint","urlTemplate":"https:\/\/livegood.network\/shop\/?s={search_term_string}"},"query-input":"required name=search_term_string"}],"inLanguage":"en-US"},{"@type":"Organization","@id":"https:\/\/livegood.network\/shop\/#organization","name":"LiveGooD","url":"https:\/\/livegood.network\/shop\/","logo":{"@type":"ImageObject","inLanguage":"en-US","@id":"https:\/\/livegood.network\/shop\/#\/schema\/logo\/image\/","url":"https:\/\/livegood.network\/shop\/wp-content\/uploads\/2024\/01\/logo-livegood-shop-main.png","contentUrl":"https:\/\/livegood.network\/shop\/wp-content\/uploads\/2024\/01\/logo-livegood-shop-main.png","width":373,"height":115,"caption":"LiveGooD"},"image":{"@id":"https:\/\/livegood.network\/shop\/#\/schema\/logo\/image\/"},"sameAs":["https:\/\/www.facebook.com\/livegoodhello"]}]}},"lang":"vi","translations":{"vi":934,"pt-br":943,"pt-pt":933,"en-us":254,"fr-fr":931,"es-es":932,"ru-ru":935,"ko":936},"pll_sync_post":[],"_links":{"self":[{"href":"https:\/\/livegood.network\/shop\/wp-json\/wp\/v2\/product\/934","targetHints":{"allow":["GET"]}}],"collection":[{"href":"https:\/\/livegood.network\/shop\/wp-json\/wp\/v2\/product"}],"about":[{"href":"https:\/\/livegood.network\/shop\/wp-json\/wp\/v2\/types\/product"}],"replies":[{"embeddable":true,"href":"https:\/\/livegood.network\/shop\/wp-json\/wp\/v2\/comments?post=934"}],"version-history":[{"count":1,"href":"https:\/\/livegood.network\/shop\/wp-json\/wp\/v2\/product\/934\/revisions"}],"predecessor-version":[{"id":1712,"href":"https:\/\/livegood.network\/shop\/wp-json\/wp\/v2\/product\/934\/revisions\/1712"}],"wp:featuredmedia":[{"embeddable":true,"href":"https:\/\/livegood.network\/shop\/wp-json\/wp\/v2\/media\/255"}],"wp:attachment":[{"href":"https:\/\/livegood.network\/shop\/wp-json\/wp\/v2\/media?parent=934"}],"wp:term":[{"taxonomy":"product_brand","embeddable":true,"href":"https:\/\/livegood.network\/shop\/wp-json\/wp\/v2\/product_brand?post=934"},{"taxonomy":"product_cat","embeddable":true,"href":"https:\/\/livegood.network\/shop\/wp-json\/wp\/v2\/product_cat?post=934"},{"taxonomy":"product_tag","embeddable":true,"href":"https:\/\/livegood.network\/shop\/wp-json\/wp\/v2\/product_tag?post=934"}],"curies":[{"name":"wp","href":"https:\/\/api.w.org\/{rel}","templated":true}]}}