{"id":943,"date":"2024-01-24T21:35:09","date_gmt":"2024-01-24T21:35:09","guid":{"rendered":"https:\/\/livegood.network\/shop\/?post_type=product&#038;p=943"},"modified":"2025-10-27T20:59:28","modified_gmt":"2025-10-27T20:59:28","slug":"collagen-peptides-pt-br","status":"publish","type":"product","link":"https:\/\/livegood.network\/shop\/pt-br\/product\/collagen-peptides-pt-br\/","title":{"rendered":"Pept\u00eddeos de Col\u00e1geno"},"content":{"rendered":"<p><strong>Pept\u00eddeos de col\u00e1geno<\/strong><\/p>\n<p><em>O col\u00e1geno \u00e9 a prote\u00edna predominante em todo o nosso corpo<\/em><\/p>\n<p>Atuando como o adesivo que une nossas c\u00e9lulas e fornece for\u00e7a e estrutura.\u00a0Desempenha um papel crucial na manuten\u00e7\u00e3o da firmeza da pele, da for\u00e7a dos m\u00fasculos e dos ossos, da flexibilidade das articula\u00e7\u00f5es e da sa\u00fade dos ligamentos, tend\u00f5es, cabelos e unhas.<\/p>\n<p>Sendo uma das subst\u00e2ncias mais vitais do nosso corpo, a produ\u00e7\u00e3o natural de colag\u00e9nio diminui com a idade, resultando em rugas, desconforto nas articula\u00e7\u00f5es, ossos e m\u00fasculos enfraquecidos e fragilidade dos cabelos e unhas.<\/p>\n<p>Agora, voc\u00ea pode desacelerar o processo de envelhecimento e melhorar o crescimento do cabelo e das unhas, a elasticidade da pele, a funcionalidade das articula\u00e7\u00f5es, a estrutura muscular e \u00f3ssea e o controle de peso saud\u00e1vel com os Pept\u00eddeos de Col\u00e1geno da LiveGood!<\/p>\n<p>Os Pept\u00eddeos de Col\u00e1geno da LiveGood n\u00e3o apenas oferecem os benef\u00edcios not\u00e1veis \u200b\u200bdos melhores col\u00e1genos hidrolisados \u200b\u200btipos I e III do mundo, mas tamb\u00e9m se destacam como o PRIMEIRO E \u00daNICO produto de col\u00e1geno do mundo a incorporar:<\/p>\n<p>Velositol\u2122, promovendo crescimento muscular, massa corporal magra e recupera\u00e7\u00e3o muscular acelerada.<br \/>\nPolynol\u2122, protege contra a inflama\u00e7\u00e3o cr\u00f3nica, auxilia a fun\u00e7\u00e3o cognitiva, mant\u00e9m a glicemia, retarda o envelhecimento e apoia a perda de peso.<br \/>\nApresFlex\u2122, clinicamente comprovado para melhorar o conforto, a fun\u00e7\u00e3o e a mobilidade das articula\u00e7\u00f5es.<br \/>\nNa LiveGood, cada ingrediente de nossos produtos \u00e9 meticulosamente escolhido por sua qualidade, limpeza, pureza, benef\u00edcios e efic\u00e1cia no mundo real.\u00a0Somos t\u00e3o dedicados ao que entra em nossos produtos que mudam vidas quanto ao que fica fora deles &#8211; sem produtos qu\u00edmicos nocivos, pesticidas, conservantes ou qualquer coisa que n\u00e3o seja o mais limpo, puro e ben\u00e9fico para o SEU corpo!<\/p>\n<p>Nosso objetivo n\u00e3o \u00e9 apenas prolongar sua vida \u00fatil, mas tamb\u00e9m prolongar sua expectativa de SA\u00daDE!\u00a0Retarde o processo de envelhecimento, pare\u00e7a e sinta-se mais jovem e saud\u00e1vel do que nunca com LiveGood Collagen Peptides!<\/p>\n<p>Livre de cafe\u00edna<\/p>\n<p>Crueldade livre<\/p>\n<p>N\u00e3o cont\u00e9m gluten<\/p>\n<p>Certificado GMP<\/p>\n<p>Amig\u00e1vel ao ceto<\/p>\n<p>N\u00e3o OGM<\/p>\n<p>Sem nozes, sem soja<\/p>\n<p>Testado por terceiros<\/p>\n<p>A\u00e7\u00facar gr\u00e1tis<\/p>\n<p><strong>COMO USAR:<\/strong><br \/>\nMisture uma medida em \u00e1gua ou no l\u00edquido de sua prefer\u00eancia PELO MENOS uma vez ao dia.<\/p>\n<p>Quando tomar: Qualquer hora do dia!<\/p>\n<p>Dica profissional: considere tomar 2 por\u00e7\u00f5es por dia durante os primeiros 30 dias como uma dose de ataque para iniciar a produ\u00e7\u00e3o de col\u00e1geno em seu corpo.\u00a0Al\u00e9m disso, misturar \u00e1gua morna pode reduzir a aglomera\u00e7\u00e3o.<\/p>\n","protected":false},"excerpt":{"rendered":"<p><img decoding=\"async\" class=\"emoji\" role=\"img\" draggable=\"false\" src=\"https:\/\/s.w.org\/images\/core\/emoji\/14.0.0\/svg\/1f49a.svg\" alt=\"LiveGooD Love\" \/ > Suporte para pele, cabelo e unhas<br \/>\n<img decoding=\"async\" class=\"emoji\" role=\"img\" draggable=\"false\" src=\"https:\/\/s.w.org\/images\/core\/emoji\/14.0.0\/svg\/1f49a.svg\" alt=\"LiveGooD Love\" \/ > Sa\u00fade \u00f3ssea, articular e muscular<br \/>\n<img decoding=\"async\" class=\"emoji\" role=\"img\" draggable=\"false\" src=\"https:\/\/s.w.org\/images\/core\/emoji\/14.0.0\/svg\/1f49a.svg\" alt=\"LiveGooD Love\" \/ > Controle de peso<br \/>\n<img decoding=\"async\" class=\"emoji\" role=\"img\" draggable=\"false\" src=\"https:\/\/s.w.org\/images\/core\/emoji\/14.0.0\/svg\/1f49a.svg\" alt=\"LiveGooD Love\" \/ > Antienvelhecimento<\/p>\n","protected":false},"featured_media":255,"comment_status":"open","ping_status":"closed","template":"","meta":[],"product_brand":[],"product_cat":[221],"product_tag":[],"class_list":{"0":"post-943","1":"product","2":"type-product","3":"status-publish","4":"has-post-thumbnail","6":"product_cat-supplements-pt-br","8":"first","9":"instock","10":"sale","11":"shipping-taxable","12":"product-type-external"},"yoast_head":"<!-- This site is optimized with the Yoast SEO Premium plugin v20.6 (Yoast SEO v21.8.1) - https:\/\/yoast.com\/wordpress\/plugins\/seo\/ -->\n<title>Pept\u00eddeos de Col\u00e1geno - LiveGooD Shop<\/title>\n<meta name=\"robots\" content=\"index, follow, max-snippet:-1, max-image-preview:large, max-video-preview:-1\" \/>\n<link rel=\"canonical\" href=\"https:\/\/livegood.network\/shop\/pt-br\/product\/collagen-peptides-pt-br\/\" \/>\n<meta property=\"og:locale\" content=\"en_US\" \/>\n<meta property=\"og:type\" content=\"article\" \/>\n<meta property=\"og:title\" content=\"Pept\u00eddeos de Col\u00e1geno\" \/>\n<meta property=\"og:description\" content=\"Suporte para pele, cabelo e unhas  Sa\u00fade \u00f3ssea, articular e muscular  Controle de peso  Antienvelhecimento\" \/>\n<meta property=\"og:url\" content=\"https:\/\/livegood.network\/shop\/pt-br\/product\/collagen-peptides-pt-br\/\" \/>\n<meta property=\"article:publisher\" content=\"https:\/\/www.facebook.com\/livegoodhello\" \/>\n<meta property=\"article:modified_time\" content=\"2025-10-27T20:59:28+00:00\" \/>\n<meta property=\"og:image\" content=\"https:\/\/livegood.network\/shop\/wp-content\/uploads\/2024\/01\/collagen-peptides-livegood.png\" \/>\n\t<meta property=\"og:image:width\" content=\"720\" \/>\n\t<meta property=\"og:image:height\" content=\"720\" \/>\n\t<meta property=\"og:image:type\" content=\"image\/png\" \/>\n<meta name=\"twitter:card\" content=\"summary_large_image\" \/>\n<meta name=\"twitter:label1\" content=\"Est. reading time\" \/>\n\t<meta name=\"twitter:data1\" content=\"2 minutes\" \/>\n<script type=\"application\/ld+json\" class=\"yoast-schema-graph\">{\"@context\":\"https:\/\/schema.org\",\"@graph\":[{\"@type\":\"WebPage\",\"@id\":\"https:\/\/livegood.network\/shop\/pt-br\/product\/collagen-peptides-pt-br\/\",\"url\":\"https:\/\/livegood.network\/shop\/pt-br\/product\/collagen-peptides-pt-br\/\",\"name\":\"Pept\u00eddeos de Col\u00e1geno - LiveGooD Shop\",\"isPartOf\":{\"@id\":\"https:\/\/livegood.network\/shop\/#website\"},\"datePublished\":\"2024-01-24T21:35:09+00:00\",\"dateModified\":\"2025-10-27T20:59:28+00:00\",\"breadcrumb\":{\"@id\":\"https:\/\/livegood.network\/shop\/pt-br\/product\/collagen-peptides-pt-br\/#breadcrumb\"},\"inLanguage\":\"en-US\",\"potentialAction\":[{\"@type\":\"ReadAction\",\"target\":[\"https:\/\/livegood.network\/shop\/pt-br\/product\/collagen-peptides-pt-br\/\"]}]},{\"@type\":\"BreadcrumbList\",\"@id\":\"https:\/\/livegood.network\/shop\/pt-br\/product\/collagen-peptides-pt-br\/#breadcrumb\",\"itemListElement\":[{\"@type\":\"ListItem\",\"position\":1,\"name\":\"Home\",\"item\":\"https:\/\/livegood.network\/shop\/pt-br\/\"},{\"@type\":\"ListItem\",\"position\":2,\"name\":\"Shop\",\"item\":\"https:\/\/livegood.network\/shop\/shop\/\"},{\"@type\":\"ListItem\",\"position\":3,\"name\":\"Pept\u00eddeos de Col\u00e1geno\"}]},{\"@type\":\"WebSite\",\"@id\":\"https:\/\/livegood.network\/shop\/#website\",\"url\":\"https:\/\/livegood.network\/shop\/\",\"name\":\"LiveGooD Shop\",\"description\":\"\",\"publisher\":{\"@id\":\"https:\/\/livegood.network\/shop\/#organization\"},\"potentialAction\":[{\"@type\":\"SearchAction\",\"target\":{\"@type\":\"EntryPoint\",\"urlTemplate\":\"https:\/\/livegood.network\/shop\/?s={search_term_string}\"},\"query-input\":\"required name=search_term_string\"}],\"inLanguage\":\"en-US\"},{\"@type\":\"Organization\",\"@id\":\"https:\/\/livegood.network\/shop\/#organization\",\"name\":\"LiveGooD\",\"url\":\"https:\/\/livegood.network\/shop\/\",\"logo\":{\"@type\":\"ImageObject\",\"inLanguage\":\"en-US\",\"@id\":\"https:\/\/livegood.network\/shop\/#\/schema\/logo\/image\/\",\"url\":\"https:\/\/livegood.network\/shop\/wp-content\/uploads\/2024\/01\/logo-livegood-shop-main.png\",\"contentUrl\":\"https:\/\/livegood.network\/shop\/wp-content\/uploads\/2024\/01\/logo-livegood-shop-main.png\",\"width\":373,\"height\":115,\"caption\":\"LiveGooD\"},\"image\":{\"@id\":\"https:\/\/livegood.network\/shop\/#\/schema\/logo\/image\/\"},\"sameAs\":[\"https:\/\/www.facebook.com\/livegoodhello\"]}]}<\/script>\n<!-- \/ Yoast SEO Premium plugin. -->","yoast_head_json":{"title":"Pept\u00eddeos de Col\u00e1geno - LiveGooD Shop","robots":{"index":"index","follow":"follow","max-snippet":"max-snippet:-1","max-image-preview":"max-image-preview:large","max-video-preview":"max-video-preview:-1"},"canonical":"https:\/\/livegood.network\/shop\/pt-br\/product\/collagen-peptides-pt-br\/","og_locale":"en_US","og_type":"article","og_title":"Pept\u00eddeos de Col\u00e1geno","og_description":"Suporte para pele, cabelo e unhas  Sa\u00fade \u00f3ssea, articular e muscular  Controle de peso  Antienvelhecimento","og_url":"https:\/\/livegood.network\/shop\/pt-br\/product\/collagen-peptides-pt-br\/","article_publisher":"https:\/\/www.facebook.com\/livegoodhello","article_modified_time":"2025-10-27T20:59:28+00:00","og_image":[{"width":720,"height":720,"url":"https:\/\/livegood.network\/shop\/wp-content\/uploads\/2024\/01\/collagen-peptides-livegood.png","type":"image\/png"}],"twitter_card":"summary_large_image","twitter_misc":{"Est. reading time":"2 minutes"},"schema":{"@context":"https:\/\/schema.org","@graph":[{"@type":"WebPage","@id":"https:\/\/livegood.network\/shop\/pt-br\/product\/collagen-peptides-pt-br\/","url":"https:\/\/livegood.network\/shop\/pt-br\/product\/collagen-peptides-pt-br\/","name":"Pept\u00eddeos de Col\u00e1geno - LiveGooD Shop","isPartOf":{"@id":"https:\/\/livegood.network\/shop\/#website"},"datePublished":"2024-01-24T21:35:09+00:00","dateModified":"2025-10-27T20:59:28+00:00","breadcrumb":{"@id":"https:\/\/livegood.network\/shop\/pt-br\/product\/collagen-peptides-pt-br\/#breadcrumb"},"inLanguage":"en-US","potentialAction":[{"@type":"ReadAction","target":["https:\/\/livegood.network\/shop\/pt-br\/product\/collagen-peptides-pt-br\/"]}]},{"@type":"BreadcrumbList","@id":"https:\/\/livegood.network\/shop\/pt-br\/product\/collagen-peptides-pt-br\/#breadcrumb","itemListElement":[{"@type":"ListItem","position":1,"name":"Home","item":"https:\/\/livegood.network\/shop\/pt-br\/"},{"@type":"ListItem","position":2,"name":"Shop","item":"https:\/\/livegood.network\/shop\/shop\/"},{"@type":"ListItem","position":3,"name":"Pept\u00eddeos de Col\u00e1geno"}]},{"@type":"WebSite","@id":"https:\/\/livegood.network\/shop\/#website","url":"https:\/\/livegood.network\/shop\/","name":"LiveGooD Shop","description":"","publisher":{"@id":"https:\/\/livegood.network\/shop\/#organization"},"potentialAction":[{"@type":"SearchAction","target":{"@type":"EntryPoint","urlTemplate":"https:\/\/livegood.network\/shop\/?s={search_term_string}"},"query-input":"required name=search_term_string"}],"inLanguage":"en-US"},{"@type":"Organization","@id":"https:\/\/livegood.network\/shop\/#organization","name":"LiveGooD","url":"https:\/\/livegood.network\/shop\/","logo":{"@type":"ImageObject","inLanguage":"en-US","@id":"https:\/\/livegood.network\/shop\/#\/schema\/logo\/image\/","url":"https:\/\/livegood.network\/shop\/wp-content\/uploads\/2024\/01\/logo-livegood-shop-main.png","contentUrl":"https:\/\/livegood.network\/shop\/wp-content\/uploads\/2024\/01\/logo-livegood-shop-main.png","width":373,"height":115,"caption":"LiveGooD"},"image":{"@id":"https:\/\/livegood.network\/shop\/#\/schema\/logo\/image\/"},"sameAs":["https:\/\/www.facebook.com\/livegoodhello"]}]}},"lang":"pt-br","translations":{"pt-br":943,"pt-pt":933,"en-us":254,"fr-fr":931,"es-es":932,"vi":934,"ru-ru":935,"ko":936},"pll_sync_post":[],"_links":{"self":[{"href":"https:\/\/livegood.network\/shop\/wp-json\/wp\/v2\/product\/943","targetHints":{"allow":["GET"]}}],"collection":[{"href":"https:\/\/livegood.network\/shop\/wp-json\/wp\/v2\/product"}],"about":[{"href":"https:\/\/livegood.network\/shop\/wp-json\/wp\/v2\/types\/product"}],"replies":[{"embeddable":true,"href":"https:\/\/livegood.network\/shop\/wp-json\/wp\/v2\/comments?post=943"}],"version-history":[{"count":1,"href":"https:\/\/livegood.network\/shop\/wp-json\/wp\/v2\/product\/943\/revisions"}],"predecessor-version":[{"id":1710,"href":"https:\/\/livegood.network\/shop\/wp-json\/wp\/v2\/product\/943\/revisions\/1710"}],"wp:featuredmedia":[{"embeddable":true,"href":"https:\/\/livegood.network\/shop\/wp-json\/wp\/v2\/media\/255"}],"wp:attachment":[{"href":"https:\/\/livegood.network\/shop\/wp-json\/wp\/v2\/media?parent=943"}],"wp:term":[{"taxonomy":"product_brand","embeddable":true,"href":"https:\/\/livegood.network\/shop\/wp-json\/wp\/v2\/product_brand?post=943"},{"taxonomy":"product_cat","embeddable":true,"href":"https:\/\/livegood.network\/shop\/wp-json\/wp\/v2\/product_cat?post=943"},{"taxonomy":"product_tag","embeddable":true,"href":"https:\/\/livegood.network\/shop\/wp-json\/wp\/v2\/product_tag?post=943"}],"curies":[{"name":"wp","href":"https:\/\/api.w.org\/{rel}","templated":true}]}}