{"id":945,"date":"2024-01-25T13:15:12","date_gmt":"2024-01-25T13:15:12","guid":{"rendered":"https:\/\/livegood.network\/shop\/?post_type=product&#038;p=945"},"modified":"2024-02-02T18:36:36","modified_gmt":"2024-02-02T18:36:36","slug":"complete-plant-based-protein-fr-fr","status":"publish","type":"product","link":"https:\/\/livegood.network\/shop\/fr-fr\/product\/complete-plant-based-protein-fr-fr\/","title":{"rendered":"Prot\u00e9ine v\u00e9g\u00e9tale compl\u00e8te"},"content":{"rendered":"<p><span>La prot\u00e9ine v\u00e9g\u00e9tale compl\u00e8te de LiveGood est con\u00e7ue pour \u00eatre le PREMIER suppl\u00e9ment prot\u00e9ique disponible, offrant la valeur nutritionnelle la plus \u00e9lev\u00e9e avec les MEILLEURS ingr\u00e9dients trouv\u00e9s sur Terre\u00a0!<\/span><\/p>\n<p><span>Prot\u00e9ine de pois \u2013 Reconnue comme l\u2019une des sources de prot\u00e9ines v\u00e9g\u00e9tales les plus compl\u00e8tes au monde, la prot\u00e9ine de pois englobe les NEUF acides amin\u00e9s essentiels cruciaux pour le corps.\u00a0Il contient \u00e9galement des acides amin\u00e9s \u00e0 cha\u00eene ramifi\u00e9e (BCAA), dont de l&#8217;arginine, b\u00e9n\u00e9fique pour le c\u0153ur, qui favorise la circulation sanguine dans tout le corps.\u00a0De plus, la prot\u00e9ine de pois poss\u00e8de une teneur \u00e9lev\u00e9e en fer et est faible en gras.<\/span><\/p>\n<p><span>Prot\u00e9ine de chanvre biologique \u2013 Charg\u00e9e d&#8217;antioxydants, de min\u00e9raux, de fibres et de graisses insatur\u00e9es saines pour le c\u0153ur, la prot\u00e9ine de chanvre prot\u00e8ge le c\u0153ur, maintient la masse corporelle maigre, aide \u00e0 la reconstruction musculaire et articulaire et contribue au maintien des fonctions c\u00e9r\u00e9brales.\u00a0Notamment, la prot\u00e9ine de chanvre favorise l\u2019\u00e9nergie, fortifie potentiellement le syst\u00e8me immunitaire et est de plus en plus privil\u00e9gi\u00e9e pour la gestion du poids, voire pour lutter contre l\u2019inflammation.<\/span><\/p>\n<p><span>Prot\u00e9ine ferment\u00e9e \u2013 La valeur des prot\u00e9ines d\u00e9pend de la digestibilit\u00e9, et notre prot\u00e9ine de pois ferment\u00e9e judicieusement choisie favorise non seulement une digestion saine, mais \u00e9limine \u00e9galement les bact\u00e9ries nocives et les antinutriments souvent pr\u00e9sents dans d&#8217;autres produits, garantissant ainsi la prot\u00e9ine la plus propre et la plus saine disponible.<\/span><\/p>\n<p><span>Acides amin\u00e9s \u2013 Contributeurs essentiels \u00e0 presque tous les syst\u00e8mes du corps, les acides amin\u00e9s jouent un r\u00f4le dans le d\u00e9veloppement des muscles, du tissu conjonctif et de la peau, en maintenant le tonus musculaire et la force des tissus, en aidant \u00e0 la gu\u00e9rison et \u00e0 la r\u00e9paration musculaires, en fournissant de l&#8217;\u00e9nergie et en favorisant une digestion saine.\u00a0Ce produit contient des acides amin\u00e9s de la plus haute qualit\u00e9 disponible.<\/span><\/p>\n<p><span>Au-del\u00e0 des prot\u00e9ines\u00a0!<\/span><\/p>\n<p><span>En plus des prot\u00e9ines de la plus haute qualit\u00e9 et des plus efficaces au monde, notre produit va plus loin en incorporant 26 vitamines et min\u00e9raux essentiels \u00e0 la sant\u00e9 de votre corps.\u00a0Allant de la vitamine B pour la production d&#8217;\u00e9nergie au fer pour le d\u00e9veloppement musculaire et \u00e0 l&#8217;iode pour le m\u00e9tabolisme, notre prot\u00e9ine v\u00e9g\u00e9tale compl\u00e8te donne \u00e0 votre corps une puissance in\u00e9gal\u00e9e par aucune autre prot\u00e9ine.<\/span><\/p>\n<p><span>Comme si les bienfaits n&#8217;\u00e9taient pas assez excitants, notre d\u00e9licieuse poudre aromatis\u00e9e \u00e0 la vanille se m\u00e9lange parfaitement \u00e0 l&#8217;eau ou \u00e0 votre smoothie pr\u00e9f\u00e9r\u00e9, offrant un compl\u00e9ment nutritif \u00e0 tout moment de la journ\u00e9e !<\/span><\/p>\n<p><span>Sans cruaut\u00e9 envers les animaux, sans gluten, certifi\u00e9 GMP, respectueux du c\u00e9to, sans OGM, sans noix, sans soja, test\u00e9 par un tiers, v\u00e9g\u00e9talien.<\/span><\/p>\n<p><strong><span>COMMENT UTILISER:<\/span><\/strong><\/p>\n<p><span>M\u00e9langez 1 mesure avec de l&#8217;eau ou votre smoothie pr\u00e9f\u00e9r\u00e9 au moins une fois par jour.<\/span><\/p>\n<p><span>Quand le prendre : Alors que la plupart des \u00e9tudes recommandent de consommer des prot\u00e9ines dans les 30 minutes suivant un exercice, certaines publications sugg\u00e8rent de prendre des prot\u00e9ines avant une s\u00e9ance d&#8217;entra\u00eenement.\u00a0Notre suggestion est de suivre ce qui vous convient le mieux, \u00e0 vous et \u00e0 votre corps.\u00a0M\u00e9langer la prot\u00e9ine avec LiveGood Super Greens juste apr\u00e8s une s\u00e9ance d&#8217;entra\u00eenement ou comme collation l&#8217;apr\u00e8s-midi est un favori.<\/span><\/p>\n<p><span>Conseil de pro\u00a0: utilisez le flacon shaker LiveGood pour stocker facilement la poudre pour un dosage en d\u00e9placement\u00a0!<\/span><\/p>\n","protected":false},"excerpt":{"rendered":"<p><img decoding=\"async\" class=\"emoji\" role=\"img\" draggable=\"false\" src=\"https:\/\/s.w.org\/images\/core\/emoji\/14.0.0\/svg\/1f49a.svg\" alt=\"LiveGooD Love\" \/> Reconstruire et restaurer les muscles et les articulations<br \/>\n<img decoding=\"async\" class=\"emoji\" role=\"img\" draggable=\"false\" src=\"https:\/\/s.w.org\/images\/core\/emoji\/14.0.0\/svg\/1f49a.svg\" alt=\"LiveGooD Love\" \/> Construire et maintenir une masse musculaire maigre<br \/>\n<img decoding=\"async\" class=\"emoji\" role=\"img\" draggable=\"false\" src=\"https:\/\/s.w.org\/images\/core\/emoji\/14.0.0\/svg\/1f49a.svg\" alt=\"LiveGooD Love\" \/> Fortifi\u00e9 avec tous les acides amin\u00e9s essentiels<\/p>\n","protected":false},"featured_media":194,"comment_status":"open","ping_status":"closed","template":"","meta":[],"product_brand":[],"product_cat":[215],"product_tag":[],"class_list":{"0":"post-945","1":"product","2":"type-product","3":"status-publish","4":"has-post-thumbnail","6":"product_cat-supplements-fr-fr","8":"first","9":"instock","10":"sale","11":"shipping-taxable","12":"product-type-external"},"yoast_head":"<!-- This site is optimized with the Yoast SEO Premium plugin v20.6 (Yoast SEO v21.8.1) - https:\/\/yoast.com\/wordpress\/plugins\/seo\/ -->\n<title>Prot\u00e9ine v\u00e9g\u00e9tale compl\u00e8te - LiveGooD Shop<\/title>\n<meta name=\"robots\" content=\"index, follow, max-snippet:-1, max-image-preview:large, max-video-preview:-1\" \/>\n<link rel=\"canonical\" href=\"https:\/\/livegood.network\/shop\/fr-fr\/product\/complete-plant-based-protein-fr-fr\/\" \/>\n<meta property=\"og:locale\" content=\"en_US\" \/>\n<meta property=\"og:type\" content=\"article\" \/>\n<meta property=\"og:title\" content=\"Prot\u00e9ine v\u00e9g\u00e9tale compl\u00e8te\" \/>\n<meta property=\"og:description\" content=\"Reconstruire et restaurer les muscles et les articulations  Construire et maintenir une masse musculaire maigre  Fortifi\u00e9 avec tous les acides amin\u00e9s essentiels\" \/>\n<meta property=\"og:url\" content=\"https:\/\/livegood.network\/shop\/fr-fr\/product\/complete-plant-based-protein-fr-fr\/\" \/>\n<meta property=\"article:publisher\" content=\"https:\/\/www.facebook.com\/livegoodhello\" \/>\n<meta property=\"article:modified_time\" content=\"2024-02-02T18:36:36+00:00\" \/>\n<meta property=\"og:image\" content=\"https:\/\/livegood.network\/shop\/wp-content\/uploads\/2024\/01\/complete-plant-based-protein-livegood.png\" \/>\n\t<meta property=\"og:image:width\" content=\"720\" \/>\n\t<meta property=\"og:image:height\" content=\"720\" \/>\n\t<meta property=\"og:image:type\" content=\"image\/png\" \/>\n<meta name=\"twitter:card\" content=\"summary_large_image\" \/>\n<meta name=\"twitter:label1\" content=\"Est. reading time\" \/>\n\t<meta name=\"twitter:data1\" content=\"3 minutes\" \/>\n<script type=\"application\/ld+json\" class=\"yoast-schema-graph\">{\"@context\":\"https:\/\/schema.org\",\"@graph\":[{\"@type\":\"WebPage\",\"@id\":\"https:\/\/livegood.network\/shop\/fr-fr\/product\/complete-plant-based-protein-fr-fr\/\",\"url\":\"https:\/\/livegood.network\/shop\/fr-fr\/product\/complete-plant-based-protein-fr-fr\/\",\"name\":\"Prot\u00e9ine v\u00e9g\u00e9tale compl\u00e8te - LiveGooD Shop\",\"isPartOf\":{\"@id\":\"https:\/\/livegood.network\/shop\/#website\"},\"datePublished\":\"2024-01-25T13:15:12+00:00\",\"dateModified\":\"2024-02-02T18:36:36+00:00\",\"breadcrumb\":{\"@id\":\"https:\/\/livegood.network\/shop\/fr-fr\/product\/complete-plant-based-protein-fr-fr\/#breadcrumb\"},\"inLanguage\":\"en-US\",\"potentialAction\":[{\"@type\":\"ReadAction\",\"target\":[\"https:\/\/livegood.network\/shop\/fr-fr\/product\/complete-plant-based-protein-fr-fr\/\"]}]},{\"@type\":\"BreadcrumbList\",\"@id\":\"https:\/\/livegood.network\/shop\/fr-fr\/product\/complete-plant-based-protein-fr-fr\/#breadcrumb\",\"itemListElement\":[{\"@type\":\"ListItem\",\"position\":1,\"name\":\"Home\",\"item\":\"https:\/\/livegood.network\/shop\/pt-br\/\"},{\"@type\":\"ListItem\",\"position\":2,\"name\":\"Shop\",\"item\":\"https:\/\/livegood.network\/shop\/shop\/\"},{\"@type\":\"ListItem\",\"position\":3,\"name\":\"Prot\u00e9ine v\u00e9g\u00e9tale compl\u00e8te\"}]},{\"@type\":\"WebSite\",\"@id\":\"https:\/\/livegood.network\/shop\/#website\",\"url\":\"https:\/\/livegood.network\/shop\/\",\"name\":\"LiveGooD Shop\",\"description\":\"\",\"publisher\":{\"@id\":\"https:\/\/livegood.network\/shop\/#organization\"},\"potentialAction\":[{\"@type\":\"SearchAction\",\"target\":{\"@type\":\"EntryPoint\",\"urlTemplate\":\"https:\/\/livegood.network\/shop\/?s={search_term_string}\"},\"query-input\":\"required name=search_term_string\"}],\"inLanguage\":\"en-US\"},{\"@type\":\"Organization\",\"@id\":\"https:\/\/livegood.network\/shop\/#organization\",\"name\":\"LiveGooD\",\"url\":\"https:\/\/livegood.network\/shop\/\",\"logo\":{\"@type\":\"ImageObject\",\"inLanguage\":\"en-US\",\"@id\":\"https:\/\/livegood.network\/shop\/#\/schema\/logo\/image\/\",\"url\":\"https:\/\/livegood.network\/shop\/wp-content\/uploads\/2024\/01\/logo-livegood-shop-main.png\",\"contentUrl\":\"https:\/\/livegood.network\/shop\/wp-content\/uploads\/2024\/01\/logo-livegood-shop-main.png\",\"width\":373,\"height\":115,\"caption\":\"LiveGooD\"},\"image\":{\"@id\":\"https:\/\/livegood.network\/shop\/#\/schema\/logo\/image\/\"},\"sameAs\":[\"https:\/\/www.facebook.com\/livegoodhello\"]}]}<\/script>\n<!-- \/ Yoast SEO Premium plugin. -->","yoast_head_json":{"title":"Prot\u00e9ine v\u00e9g\u00e9tale compl\u00e8te - LiveGooD Shop","robots":{"index":"index","follow":"follow","max-snippet":"max-snippet:-1","max-image-preview":"max-image-preview:large","max-video-preview":"max-video-preview:-1"},"canonical":"https:\/\/livegood.network\/shop\/fr-fr\/product\/complete-plant-based-protein-fr-fr\/","og_locale":"en_US","og_type":"article","og_title":"Prot\u00e9ine v\u00e9g\u00e9tale compl\u00e8te","og_description":"Reconstruire et restaurer les muscles et les articulations  Construire et maintenir une masse musculaire maigre  Fortifi\u00e9 avec tous les acides amin\u00e9s essentiels","og_url":"https:\/\/livegood.network\/shop\/fr-fr\/product\/complete-plant-based-protein-fr-fr\/","article_publisher":"https:\/\/www.facebook.com\/livegoodhello","article_modified_time":"2024-02-02T18:36:36+00:00","og_image":[{"width":720,"height":720,"url":"https:\/\/livegood.network\/shop\/wp-content\/uploads\/2024\/01\/complete-plant-based-protein-livegood.png","type":"image\/png"}],"twitter_card":"summary_large_image","twitter_misc":{"Est. reading time":"3 minutes"},"schema":{"@context":"https:\/\/schema.org","@graph":[{"@type":"WebPage","@id":"https:\/\/livegood.network\/shop\/fr-fr\/product\/complete-plant-based-protein-fr-fr\/","url":"https:\/\/livegood.network\/shop\/fr-fr\/product\/complete-plant-based-protein-fr-fr\/","name":"Prot\u00e9ine v\u00e9g\u00e9tale compl\u00e8te - LiveGooD Shop","isPartOf":{"@id":"https:\/\/livegood.network\/shop\/#website"},"datePublished":"2024-01-25T13:15:12+00:00","dateModified":"2024-02-02T18:36:36+00:00","breadcrumb":{"@id":"https:\/\/livegood.network\/shop\/fr-fr\/product\/complete-plant-based-protein-fr-fr\/#breadcrumb"},"inLanguage":"en-US","potentialAction":[{"@type":"ReadAction","target":["https:\/\/livegood.network\/shop\/fr-fr\/product\/complete-plant-based-protein-fr-fr\/"]}]},{"@type":"BreadcrumbList","@id":"https:\/\/livegood.network\/shop\/fr-fr\/product\/complete-plant-based-protein-fr-fr\/#breadcrumb","itemListElement":[{"@type":"ListItem","position":1,"name":"Home","item":"https:\/\/livegood.network\/shop\/pt-br\/"},{"@type":"ListItem","position":2,"name":"Shop","item":"https:\/\/livegood.network\/shop\/shop\/"},{"@type":"ListItem","position":3,"name":"Prot\u00e9ine v\u00e9g\u00e9tale compl\u00e8te"}]},{"@type":"WebSite","@id":"https:\/\/livegood.network\/shop\/#website","url":"https:\/\/livegood.network\/shop\/","name":"LiveGooD Shop","description":"","publisher":{"@id":"https:\/\/livegood.network\/shop\/#organization"},"potentialAction":[{"@type":"SearchAction","target":{"@type":"EntryPoint","urlTemplate":"https:\/\/livegood.network\/shop\/?s={search_term_string}"},"query-input":"required name=search_term_string"}],"inLanguage":"en-US"},{"@type":"Organization","@id":"https:\/\/livegood.network\/shop\/#organization","name":"LiveGooD","url":"https:\/\/livegood.network\/shop\/","logo":{"@type":"ImageObject","inLanguage":"en-US","@id":"https:\/\/livegood.network\/shop\/#\/schema\/logo\/image\/","url":"https:\/\/livegood.network\/shop\/wp-content\/uploads\/2024\/01\/logo-livegood-shop-main.png","contentUrl":"https:\/\/livegood.network\/shop\/wp-content\/uploads\/2024\/01\/logo-livegood-shop-main.png","width":373,"height":115,"caption":"LiveGooD"},"image":{"@id":"https:\/\/livegood.network\/shop\/#\/schema\/logo\/image\/"},"sameAs":["https:\/\/www.facebook.com\/livegoodhello"]}]}},"lang":"fr-fr","translations":{"fr-fr":945,"pt-br":957,"pt-pt":947,"en-us":195,"es-es":946,"vi":948,"ru-ru":949,"ko":950},"pll_sync_post":[],"_links":{"self":[{"href":"https:\/\/livegood.network\/shop\/wp-json\/wp\/v2\/product\/945","targetHints":{"allow":["GET"]}}],"collection":[{"href":"https:\/\/livegood.network\/shop\/wp-json\/wp\/v2\/product"}],"about":[{"href":"https:\/\/livegood.network\/shop\/wp-json\/wp\/v2\/types\/product"}],"replies":[{"embeddable":true,"href":"https:\/\/livegood.network\/shop\/wp-json\/wp\/v2\/comments?post=945"}],"version-history":[{"count":1,"href":"https:\/\/livegood.network\/shop\/wp-json\/wp\/v2\/product\/945\/revisions"}],"predecessor-version":[{"id":1637,"href":"https:\/\/livegood.network\/shop\/wp-json\/wp\/v2\/product\/945\/revisions\/1637"}],"wp:featuredmedia":[{"embeddable":true,"href":"https:\/\/livegood.network\/shop\/wp-json\/wp\/v2\/media\/194"}],"wp:attachment":[{"href":"https:\/\/livegood.network\/shop\/wp-json\/wp\/v2\/media?parent=945"}],"wp:term":[{"taxonomy":"product_brand","embeddable":true,"href":"https:\/\/livegood.network\/shop\/wp-json\/wp\/v2\/product_brand?post=945"},{"taxonomy":"product_cat","embeddable":true,"href":"https:\/\/livegood.network\/shop\/wp-json\/wp\/v2\/product_cat?post=945"},{"taxonomy":"product_tag","embeddable":true,"href":"https:\/\/livegood.network\/shop\/wp-json\/wp\/v2\/product_tag?post=945"}],"curies":[{"name":"wp","href":"https:\/\/api.w.org\/{rel}","templated":true}]}}