{"id":946,"date":"2024-01-25T13:17:00","date_gmt":"2024-01-25T13:17:00","guid":{"rendered":"https:\/\/livegood.network\/shop\/?post_type=product&#038;p=946"},"modified":"2024-02-02T18:36:20","modified_gmt":"2024-02-02T18:36:20","slug":"complete-plant-based-protein-es-es","status":"publish","type":"product","link":"https:\/\/livegood.network\/shop\/es-es\/product\/complete-plant-based-protein-es-es\/","title":{"rendered":"Prote\u00edna Completa de Origen Vegetal"},"content":{"rendered":"<p>La prote\u00edna completa de origen vegetal de LiveGood est\u00e1 dise\u00f1ada para ser el suplemento de prote\u00edna PREMIER disponible, brindando el valor nutricional M\u00c1S ALTO con los MEJORES ingredientes que se encuentran en la Tierra.<\/p>\n<p>Prote\u00edna de guisante: reconocida como una de las fuentes m\u00e1s completas de prote\u00edna de origen vegetal a nivel mundial, la prote\u00edna de guisante abarca LOS NUEVE amino\u00e1cidos esenciales cruciales para el cuerpo.\u00a0Tambi\u00e9n contiene amino\u00e1cidos de cadena ramificada (BCAA), incluida la arginina, que es beneficiosa para el coraz\u00f3n y promueve el flujo sangu\u00edneo en todo el cuerpo.\u00a0Adem\u00e1s, la prote\u00edna de guisante tiene un alto contenido de hierro y es baja en grasas.<\/p>\n<p>Prote\u00edna de c\u00e1\u00f1amo org\u00e1nica: cargada de antioxidantes, minerales, fibra y grasas insaturadas saludables para el coraz\u00f3n, la prote\u00edna de c\u00e1\u00f1amo protege el coraz\u00f3n, sostiene la masa corporal magra, ayuda en la reconstrucci\u00f3n de m\u00fasculos y articulaciones y contribuye a mantener la funci\u00f3n cerebral.\u00a0En particular, la prote\u00edna de c\u00e1\u00f1amo fomenta la energ\u00eda, potencialmente fortalece el sistema inmunol\u00f3gico y es cada vez m\u00e1s preferida para controlar el peso, incluso para abordar la inflamaci\u00f3n.<\/p>\n<p>Prote\u00edna fermentada: el valor de la prote\u00edna depende de la digestibilidad, y nuestra prote\u00edna de guisante fermentada cuidadosamente elegida no solo respalda una digesti\u00f3n saludable sino que tambi\u00e9n elimina las bacterias da\u00f1inas y los antinutrientes que a menudo se encuentran en otros productos, lo que garantiza la prote\u00edna m\u00e1s limpia y saludable disponible.<\/p>\n<p>Amino\u00e1cidos: contribuyentes vitales a casi todos los sistemas del cuerpo, los amino\u00e1cidos desempe\u00f1an funciones en el desarrollo de los m\u00fasculos, el tejido conectivo y la piel, manteniendo el tono muscular y la fuerza de los tejidos, ayudando en la curaci\u00f3n y reparaci\u00f3n de los m\u00fasculos, proporcionando energ\u00eda y promoviendo una digesti\u00f3n saludable.\u00a0Este producto cuenta con amino\u00e1cidos de la m\u00e1s alta calidad disponibles.<\/p>\n<p>\u00a1M\u00e1s all\u00e1 de las prote\u00ednas!<\/p>\n<p>Adem\u00e1s de las prote\u00ednas m\u00e1s efectivas y de mayor calidad del mundo, nuestro producto va m\u00e1s all\u00e1 al incorporar 26 vitaminas y minerales esenciales vitales para la salud de su cuerpo.\u00a0Desde vitamina B para la producci\u00f3n de energ\u00eda hasta hierro para desarrollar m\u00fasculos y yodo para el metabolismo, nuestra prote\u00edna completa de origen vegetal PODERA tu cuerpo de maneras que ninguna otra prote\u00edna puede igualar.<\/p>\n<p>Como si los beneficios no fueran lo suficientemente emocionantes, nuestro delicioso polvo con sabor a vainilla se mezcla perfectamente con agua o tu batido favorito, \u00a1ofreciendo un suplemento nutritivo en cualquier momento del d\u00eda!<\/p>\n<p>Sin crueldad animal, sin gluten, con certificaci\u00f3n GMP, apto para dietas cetog\u00e9nicas, sin OGM, sin nueces, sin soja, probado por terceros, vegano.<\/p>\n<p><strong>C\u00d3MO UTILIZAR:<\/strong><\/p>\n<p>Lic\u00faa 1 cucharada con agua o tu batido preferido al menos una vez al d\u00eda.<\/p>\n<p>Cu\u00e1ndo tomarla: si bien la mayor\u00eda de los estudios recomiendan consumir prote\u00ednas dentro de los 30 minutos posteriores al ejercicio, cierta literatura sugiere tomar prote\u00ednas antes de hacer ejercicio.\u00a0Nuestra sugerencia es seguir lo que se sienta mejor para usted y su cuerpo.\u00a0Mezclar la prote\u00edna con LiveGood Super Greens justo despu\u00e9s de hacer ejercicio o como merienda es una de las opciones favoritas.<\/p>\n<p>Consejo profesional: \u00a1Utilice la botella mezcladora LiveGood para almacenar c\u00f3modamente el polvo para dosificarlo sobre la marcha!<\/p>\n","protected":false},"excerpt":{"rendered":"<p><img decoding=\"async\" class=\"emoji\" role=\"img\" draggable=\"false\" src=\"https:\/\/s.w.org\/images\/core\/emoji\/14.0.0\/svg\/1f49a.svg\" alt=\"LiveGooD Love\" \/> Reconstruir y Restaurar M\u00fasculos y Articulaciones<br \/>\n<img decoding=\"async\" class=\"emoji\" role=\"img\" draggable=\"false\" src=\"https:\/\/s.w.org\/images\/core\/emoji\/14.0.0\/svg\/1f49a.svg\" alt=\"LiveGooD Love\" \/> Desarrollar y mantener m\u00fasculo magro<br \/>\n<img decoding=\"async\" class=\"emoji\" role=\"img\" draggable=\"false\" src=\"https:\/\/s.w.org\/images\/core\/emoji\/14.0.0\/svg\/1f49a.svg\" alt=\"LiveGooD Love\" \/> Fortificado con todos los amino\u00e1cidos esenciales<\/p>\n","protected":false},"featured_media":194,"comment_status":"open","ping_status":"closed","template":"","meta":[],"product_brand":[],"product_cat":[212],"product_tag":[],"class_list":{"0":"post-946","1":"product","2":"type-product","3":"status-publish","4":"has-post-thumbnail","6":"product_cat-supplements-es-es","8":"first","9":"instock","10":"sale","11":"shipping-taxable","12":"product-type-external"},"yoast_head":"<!-- This site is optimized with the Yoast SEO Premium plugin v20.6 (Yoast SEO v21.8.1) - https:\/\/yoast.com\/wordpress\/plugins\/seo\/ -->\n<title>Prote\u00edna Completa de Origen Vegetal - LiveGooD Shop<\/title>\n<meta name=\"robots\" content=\"index, follow, max-snippet:-1, max-image-preview:large, max-video-preview:-1\" \/>\n<link rel=\"canonical\" href=\"https:\/\/livegood.network\/shop\/es-es\/product\/complete-plant-based-protein-es-es\/\" \/>\n<meta property=\"og:locale\" content=\"en_US\" \/>\n<meta property=\"og:type\" content=\"article\" \/>\n<meta property=\"og:title\" content=\"Prote\u00edna Completa de Origen Vegetal\" \/>\n<meta property=\"og:description\" content=\"Reconstruir y Restaurar M\u00fasculos y Articulaciones  Desarrollar y mantener m\u00fasculo magro  Fortificado con todos los amino\u00e1cidos esenciales\" \/>\n<meta property=\"og:url\" content=\"https:\/\/livegood.network\/shop\/es-es\/product\/complete-plant-based-protein-es-es\/\" \/>\n<meta property=\"article:publisher\" content=\"https:\/\/www.facebook.com\/livegoodhello\" \/>\n<meta property=\"article:modified_time\" content=\"2024-02-02T18:36:20+00:00\" \/>\n<meta property=\"og:image\" content=\"https:\/\/livegood.network\/shop\/wp-content\/uploads\/2024\/01\/complete-plant-based-protein-livegood.png\" \/>\n\t<meta property=\"og:image:width\" content=\"720\" \/>\n\t<meta property=\"og:image:height\" content=\"720\" \/>\n\t<meta property=\"og:image:type\" content=\"image\/png\" \/>\n<meta name=\"twitter:card\" content=\"summary_large_image\" \/>\n<meta name=\"twitter:label1\" content=\"Est. reading time\" \/>\n\t<meta name=\"twitter:data1\" content=\"3 minutes\" \/>\n<script type=\"application\/ld+json\" class=\"yoast-schema-graph\">{\"@context\":\"https:\/\/schema.org\",\"@graph\":[{\"@type\":\"WebPage\",\"@id\":\"https:\/\/livegood.network\/shop\/es-es\/product\/complete-plant-based-protein-es-es\/\",\"url\":\"https:\/\/livegood.network\/shop\/es-es\/product\/complete-plant-based-protein-es-es\/\",\"name\":\"Prote\u00edna Completa de Origen Vegetal - LiveGooD Shop\",\"isPartOf\":{\"@id\":\"https:\/\/livegood.network\/shop\/#website\"},\"datePublished\":\"2024-01-25T13:17:00+00:00\",\"dateModified\":\"2024-02-02T18:36:20+00:00\",\"breadcrumb\":{\"@id\":\"https:\/\/livegood.network\/shop\/es-es\/product\/complete-plant-based-protein-es-es\/#breadcrumb\"},\"inLanguage\":\"en-US\",\"potentialAction\":[{\"@type\":\"ReadAction\",\"target\":[\"https:\/\/livegood.network\/shop\/es-es\/product\/complete-plant-based-protein-es-es\/\"]}]},{\"@type\":\"BreadcrumbList\",\"@id\":\"https:\/\/livegood.network\/shop\/es-es\/product\/complete-plant-based-protein-es-es\/#breadcrumb\",\"itemListElement\":[{\"@type\":\"ListItem\",\"position\":1,\"name\":\"Home\",\"item\":\"https:\/\/livegood.network\/shop\/pt-br\/\"},{\"@type\":\"ListItem\",\"position\":2,\"name\":\"Shop\",\"item\":\"https:\/\/livegood.network\/shop\/shop\/\"},{\"@type\":\"ListItem\",\"position\":3,\"name\":\"Prote\u00edna Completa de Origen Vegetal\"}]},{\"@type\":\"WebSite\",\"@id\":\"https:\/\/livegood.network\/shop\/#website\",\"url\":\"https:\/\/livegood.network\/shop\/\",\"name\":\"LiveGooD Shop\",\"description\":\"\",\"publisher\":{\"@id\":\"https:\/\/livegood.network\/shop\/#organization\"},\"potentialAction\":[{\"@type\":\"SearchAction\",\"target\":{\"@type\":\"EntryPoint\",\"urlTemplate\":\"https:\/\/livegood.network\/shop\/?s={search_term_string}\"},\"query-input\":\"required name=search_term_string\"}],\"inLanguage\":\"en-US\"},{\"@type\":\"Organization\",\"@id\":\"https:\/\/livegood.network\/shop\/#organization\",\"name\":\"LiveGooD\",\"url\":\"https:\/\/livegood.network\/shop\/\",\"logo\":{\"@type\":\"ImageObject\",\"inLanguage\":\"en-US\",\"@id\":\"https:\/\/livegood.network\/shop\/#\/schema\/logo\/image\/\",\"url\":\"https:\/\/livegood.network\/shop\/wp-content\/uploads\/2024\/01\/logo-livegood-shop-main.png\",\"contentUrl\":\"https:\/\/livegood.network\/shop\/wp-content\/uploads\/2024\/01\/logo-livegood-shop-main.png\",\"width\":373,\"height\":115,\"caption\":\"LiveGooD\"},\"image\":{\"@id\":\"https:\/\/livegood.network\/shop\/#\/schema\/logo\/image\/\"},\"sameAs\":[\"https:\/\/www.facebook.com\/livegoodhello\"]}]}<\/script>\n<!-- \/ Yoast SEO Premium plugin. -->","yoast_head_json":{"title":"Prote\u00edna Completa de Origen Vegetal - LiveGooD Shop","robots":{"index":"index","follow":"follow","max-snippet":"max-snippet:-1","max-image-preview":"max-image-preview:large","max-video-preview":"max-video-preview:-1"},"canonical":"https:\/\/livegood.network\/shop\/es-es\/product\/complete-plant-based-protein-es-es\/","og_locale":"en_US","og_type":"article","og_title":"Prote\u00edna Completa de Origen Vegetal","og_description":"Reconstruir y Restaurar M\u00fasculos y Articulaciones  Desarrollar y mantener m\u00fasculo magro  Fortificado con todos los amino\u00e1cidos esenciales","og_url":"https:\/\/livegood.network\/shop\/es-es\/product\/complete-plant-based-protein-es-es\/","article_publisher":"https:\/\/www.facebook.com\/livegoodhello","article_modified_time":"2024-02-02T18:36:20+00:00","og_image":[{"width":720,"height":720,"url":"https:\/\/livegood.network\/shop\/wp-content\/uploads\/2024\/01\/complete-plant-based-protein-livegood.png","type":"image\/png"}],"twitter_card":"summary_large_image","twitter_misc":{"Est. reading time":"3 minutes"},"schema":{"@context":"https:\/\/schema.org","@graph":[{"@type":"WebPage","@id":"https:\/\/livegood.network\/shop\/es-es\/product\/complete-plant-based-protein-es-es\/","url":"https:\/\/livegood.network\/shop\/es-es\/product\/complete-plant-based-protein-es-es\/","name":"Prote\u00edna Completa de Origen Vegetal - LiveGooD Shop","isPartOf":{"@id":"https:\/\/livegood.network\/shop\/#website"},"datePublished":"2024-01-25T13:17:00+00:00","dateModified":"2024-02-02T18:36:20+00:00","breadcrumb":{"@id":"https:\/\/livegood.network\/shop\/es-es\/product\/complete-plant-based-protein-es-es\/#breadcrumb"},"inLanguage":"en-US","potentialAction":[{"@type":"ReadAction","target":["https:\/\/livegood.network\/shop\/es-es\/product\/complete-plant-based-protein-es-es\/"]}]},{"@type":"BreadcrumbList","@id":"https:\/\/livegood.network\/shop\/es-es\/product\/complete-plant-based-protein-es-es\/#breadcrumb","itemListElement":[{"@type":"ListItem","position":1,"name":"Home","item":"https:\/\/livegood.network\/shop\/pt-br\/"},{"@type":"ListItem","position":2,"name":"Shop","item":"https:\/\/livegood.network\/shop\/shop\/"},{"@type":"ListItem","position":3,"name":"Prote\u00edna Completa de Origen Vegetal"}]},{"@type":"WebSite","@id":"https:\/\/livegood.network\/shop\/#website","url":"https:\/\/livegood.network\/shop\/","name":"LiveGooD Shop","description":"","publisher":{"@id":"https:\/\/livegood.network\/shop\/#organization"},"potentialAction":[{"@type":"SearchAction","target":{"@type":"EntryPoint","urlTemplate":"https:\/\/livegood.network\/shop\/?s={search_term_string}"},"query-input":"required name=search_term_string"}],"inLanguage":"en-US"},{"@type":"Organization","@id":"https:\/\/livegood.network\/shop\/#organization","name":"LiveGooD","url":"https:\/\/livegood.network\/shop\/","logo":{"@type":"ImageObject","inLanguage":"en-US","@id":"https:\/\/livegood.network\/shop\/#\/schema\/logo\/image\/","url":"https:\/\/livegood.network\/shop\/wp-content\/uploads\/2024\/01\/logo-livegood-shop-main.png","contentUrl":"https:\/\/livegood.network\/shop\/wp-content\/uploads\/2024\/01\/logo-livegood-shop-main.png","width":373,"height":115,"caption":"LiveGooD"},"image":{"@id":"https:\/\/livegood.network\/shop\/#\/schema\/logo\/image\/"},"sameAs":["https:\/\/www.facebook.com\/livegoodhello"]}]}},"lang":"es-es","translations":{"es-es":946,"pt-br":957,"pt-pt":947,"en-us":195,"fr-fr":945,"vi":948,"ru-ru":949,"ko":950},"pll_sync_post":[],"_links":{"self":[{"href":"https:\/\/livegood.network\/shop\/wp-json\/wp\/v2\/product\/946","targetHints":{"allow":["GET"]}}],"collection":[{"href":"https:\/\/livegood.network\/shop\/wp-json\/wp\/v2\/product"}],"about":[{"href":"https:\/\/livegood.network\/shop\/wp-json\/wp\/v2\/types\/product"}],"replies":[{"embeddable":true,"href":"https:\/\/livegood.network\/shop\/wp-json\/wp\/v2\/comments?post=946"}],"version-history":[{"count":1,"href":"https:\/\/livegood.network\/shop\/wp-json\/wp\/v2\/product\/946\/revisions"}],"predecessor-version":[{"id":1636,"href":"https:\/\/livegood.network\/shop\/wp-json\/wp\/v2\/product\/946\/revisions\/1636"}],"wp:featuredmedia":[{"embeddable":true,"href":"https:\/\/livegood.network\/shop\/wp-json\/wp\/v2\/media\/194"}],"wp:attachment":[{"href":"https:\/\/livegood.network\/shop\/wp-json\/wp\/v2\/media?parent=946"}],"wp:term":[{"taxonomy":"product_brand","embeddable":true,"href":"https:\/\/livegood.network\/shop\/wp-json\/wp\/v2\/product_brand?post=946"},{"taxonomy":"product_cat","embeddable":true,"href":"https:\/\/livegood.network\/shop\/wp-json\/wp\/v2\/product_cat?post=946"},{"taxonomy":"product_tag","embeddable":true,"href":"https:\/\/livegood.network\/shop\/wp-json\/wp\/v2\/product_tag?post=946"}],"curies":[{"name":"wp","href":"https:\/\/api.w.org\/{rel}","templated":true}]}}