{"id":948,"date":"2024-01-25T13:23:02","date_gmt":"2024-01-25T13:23:02","guid":{"rendered":"https:\/\/livegood.network\/shop\/?post_type=product&#038;p=948"},"modified":"2024-02-02T18:38:55","modified_gmt":"2024-02-02T18:38:55","slug":"complete-plant-based-protein-vi","status":"publish","type":"product","link":"https:\/\/livegood.network\/shop\/vi\/product\/complete-plant-based-protein-vi\/","title":{"rendered":"Protein th\u1ef1c v\u1eadt ho\u00e0n ch\u1ec9nh"},"content":{"rendered":"<p>Protein ho\u00e0n ch\u1ec9nh t\u1eeb th\u1ef1c v\u1eadt c\u1ee7a LiveGood \u0111\u01b0\u1ee3c ch\u1ebf t\u1ea1o \u0111\u1ec3 tr\u1edf th\u00e0nh Ch\u1ea5t b\u1ed5 sung Protein PREMIER hi\u1ec7n c\u00f3, mang l\u1ea1i gi\u00e1 tr\u1ecb dinh d\u01b0\u1ee1ng CAO NH\u1ea4T v\u1edbi c\u00e1c th\u00e0nh ph\u1ea7n T\u1ed0T NH\u1ea4T \u0111\u01b0\u1ee3c t\u00ecm th\u1ea5y tr\u00ean Tr\u00e1i \u0111\u1ea5t!<\/p>\n<p>Protein \u0111\u1eadu &#8211; \u0110\u01b0\u1ee3c c\u00f4ng nh\u1eadn l\u00e0 m\u1ed9t trong nh\u1eefng ngu\u1ed3n protein th\u1ef1c v\u1eadt to\u00e0n di\u1ec7n nh\u1ea5t tr\u00ean to\u00e0n c\u1ea7u, protein \u0111\u1eadu bao g\u1ed3m T\u1ea4T C\u1ea2 9 axit amin thi\u1ebft y\u1ebfu quan tr\u1ecdng cho c\u01a1 th\u1ec3.\u00a0N\u00f3 c\u0169ng ch\u1ee9a c\u00e1c axit amin chu\u1ed7i nh\u00e1nh (BCAA&#8217;s), bao g\u1ed3m arginine th\u00e2n thi\u1ec7n v\u1edbi tim, th\u00fac \u0111\u1ea9y l\u01b0u l\u01b0\u1ee3ng m\u00e1u \u0111i kh\u1eafp c\u01a1 th\u1ec3.\u00a0Ngo\u00e0i ra, protein \u0111\u1eadu c\u00f2n c\u00f3 h\u00e0m l\u01b0\u1ee3ng s\u1eaft cao v\u00e0 \u00edt ch\u1ea5t b\u00e9o.<\/p>\n<p>Protein gai d\u1ea7u h\u1eefu c\u01a1 \u2013 Ch\u1ee9a nhi\u1ec1u ch\u1ea5t ch\u1ed1ng oxy h\u00f3a, kho\u00e1ng ch\u1ea5t, ch\u1ea5t x\u01a1 v\u00e0 ch\u1ea5t b\u00e9o kh\u00f4ng b\u00e3o h\u00f2a c\u00f3 l\u1ee3i cho tim, protein gai d\u1ea7u b\u1ea3o v\u1ec7 tim, duy tr\u00ec kh\u1ed1i l\u01b0\u1ee3ng c\u01a1 th\u1ec3 g\u1ea7y, h\u1ed7 tr\u1ee3 t\u00e1i t\u1ea1o c\u01a1 v\u00e0 kh\u1edbp, \u0111\u1ed3ng th\u1eddi g\u00f3p ph\u1ea7n duy tr\u00ec ch\u1ee9c n\u0103ng n\u00e3o.\u00a0\u0110\u00e1ng ch\u00fa \u00fd, protein c\u00e2y gai d\u1ea7u th\u00fac \u0111\u1ea9y n\u0103ng l\u01b0\u1ee3ng, c\u00f3 kh\u1ea3 n\u0103ng c\u1ee7ng c\u1ed1 h\u1ec7 th\u1ed1ng mi\u1ec5n d\u1ecbch v\u00e0 ng\u00e0y c\u00e0ng \u0111\u01b0\u1ee3c \u01b0a chu\u1ed9ng \u0111\u1ec3 ki\u1ec3m so\u00e1t c\u00e2n n\u1eb7ng, th\u1eadm ch\u00ed gi\u1ea3i quy\u1ebft t\u00ecnh tr\u1ea1ng vi\u00eam nhi\u1ec5m.<\/p>\n<p>Protein l\u00ean men \u2013 Gi\u00e1 tr\u1ecb c\u1ee7a Protein ph\u1ee5 thu\u1ed9c v\u00e0o kh\u1ea3 n\u0103ng ti\u00eau h\u00f3a v\u00e0 Protein \u0111\u1eadu l\u00ean men \u0111\u01b0\u1ee3c l\u1ef1a ch\u1ecdn c\u1ea9n th\u1eadn c\u1ee7a ch\u00fang t\u00f4i kh\u00f4ng ch\u1ec9 h\u1ed7 tr\u1ee3 ti\u00eau h\u00f3a kh\u1ecfe m\u1ea1nh m\u00e0 c\u00f2n lo\u1ea1i b\u1ecf vi khu\u1ea9n c\u00f3 h\u1ea1i v\u00e0 ch\u1ea5t ph\u1ea3n dinh d\u01b0\u1ee1ng th\u01b0\u1eddng c\u00f3 trong c\u00e1c s\u1ea3n ph\u1ea9m kh\u00e1c, \u0111\u1ea3m b\u1ea3o ngu\u1ed3n protein s\u1ea1ch nh\u1ea5t, t\u1ed1t cho s\u1ee9c kh\u1ecfe nh\u1ea5t.<\/p>\n<p>Axit amin &#8211; \u0110\u00f3ng g\u00f3p quan tr\u1ecdng cho h\u1ea7u h\u1ebft m\u1ecdi h\u1ec7 th\u1ed1ng trong c\u01a1 th\u1ec3, axit amin \u0111\u00f3ng vai tr\u00f2 trong s\u1ef1 ph\u00e1t tri\u1ec3n c\u01a1, m\u00f4 li\u00ean k\u1ebft v\u00e0 da, duy tr\u00ec tr\u01b0\u01a1ng l\u1ef1c c\u01a1 v\u00e0 s\u1ee9c m\u1ea1nh c\u1ee7a m\u00f4, h\u1ed7 tr\u1ee3 ch\u1eefa l\u00e0nh v\u00e0 ph\u1ee5c h\u1ed3i c\u01a1, cung c\u1ea5p n\u0103ng l\u01b0\u1ee3ng v\u00e0 th\u00fac \u0111\u1ea9y qu\u00e1 tr\u00ecnh ti\u00eau h\u00f3a kh\u1ecfe m\u1ea1nh.\u00a0S\u1ea3n ph\u1ea9m n\u00e0y t\u1ef1 h\u00e0o c\u00f3 c\u00e1c axit amin ch\u1ea5t l\u01b0\u1ee3ng cao nh\u1ea5t hi\u1ec7n c\u00f3.<\/p>\n<p>Ngo\u00e0i Protein!<\/p>\n<p>Ngo\u00e0i c\u00e1c lo\u1ea1i protein c\u00f3 ch\u1ea5t l\u01b0\u1ee3ng cao nh\u1ea5t v\u00e0 hi\u1ec7u qu\u1ea3 nh\u1ea5t th\u1ebf gi\u1edbi, s\u1ea3n ph\u1ea9m c\u1ee7a ch\u00fang t\u00f4i c\u00f2n ti\u1ebfn xa h\u01a1n b\u1eb1ng c\u00e1ch k\u1ebft h\u1ee3p 26 lo\u1ea1i Vitamin v\u00e0 Kho\u00e1ng ch\u1ea5t thi\u1ebft y\u1ebfu c\u1ea7n thi\u1ebft cho s\u1ee9c kh\u1ecfe c\u01a1 th\u1ec3 b\u1ea1n.\u00a0T\u1eeb Vitamin B \u0111\u1ec3 s\u1ea3n xu\u1ea5t n\u0103ng l\u01b0\u1ee3ng \u0111\u1ebfn S\u1eaft \u0111\u1ec3 x\u00e2y d\u1ef1ng c\u01a1 b\u1eafp v\u00e0 I\u1ed1t \u0111\u1ec3 trao \u0111\u1ed5i ch\u1ea5t, Protein ho\u00e0n ch\u1ec9nh t\u1eeb th\u1ef1c v\u1eadt c\u1ee7a ch\u00fang t\u00f4i S\u1ee8C M\u1ea0NH cho c\u01a1 th\u1ec3 b\u1ea1n theo nh\u1eefng c\u00e1ch kh\u00f4ng th\u1ec3 so s\u00e1nh \u0111\u01b0\u1ee3c v\u1edbi b\u1ea5t k\u1ef3 lo\u1ea1i protein n\u00e0o kh\u00e1c.<\/p>\n<p>Nh\u01b0 th\u1ec3 nh\u1eefng l\u1ee3i \u00edch c\u00f2n ch\u01b0a \u0111\u1ee7 h\u1ea5p d\u1eabn, lo\u1ea1i b\u1ed9t c\u00f3 h\u01b0\u01a1ng v\u1ecb vani th\u00fa v\u1ecb c\u1ee7a ch\u00fang t\u00f4i h\u00f2a quy\u1ec7n ho\u00e0n h\u1ea3o v\u1edbi n\u01b0\u1edbc ho\u1eb7c m\u00f3n sinh t\u1ed1 y\u00eau th\u00edch c\u1ee7a b\u1ea1n, mang \u0111\u1ebfn ngu\u1ed3n b\u1ed5 sung dinh d\u01b0\u1ee1ng b\u1ea5t c\u1ee9 l\u00fac n\u00e0o trong ng\u00e0y!<\/p>\n<p>Kh\u00f4ng \u0111\u1ed9c h\u1ea1i, kh\u00f4ng ch\u1ee9a gluten, \u0111\u01b0\u1ee3c ch\u1ee9ng nh\u1eadn GMP, th\u00e2n thi\u1ec7n v\u1edbi keto, kh\u00f4ng bi\u1ebfn \u0111\u1ed5i gen, kh\u00f4ng c\u00f3 h\u1ea1t, kh\u00f4ng c\u00f3 \u0111\u1eadu n\u00e0nh, \u0111\u01b0\u1ee3c b\u00ean th\u1ee9 ba th\u1eed nghi\u1ec7m, thu\u1ea7n chay.<\/p>\n<p><strong>C\u00c1CH S\u1eec D\u1ee4NG:<\/strong><\/p>\n<p>Tr\u1ed9n 1 mu\u1ed7ng v\u1edbi n\u01b0\u1edbc ho\u1eb7c sinh t\u1ed1 \u01b0a th\u00edch c\u1ee7a b\u1ea1n \u00edt nh\u1ea5t m\u1ed9t l\u1ea7n m\u1ed7i ng\u00e0y.<\/p>\n<p>Khi n\u00e0o n\u00ean d\u00f9ng: Trong khi h\u1ea7u h\u1ebft c\u00e1c nghi\u00ean c\u1ee9u khuy\u00ean b\u1ea1n n\u00ean ti\u00eau th\u1ee5 protein trong v\u00f2ng 30 ph\u00fat sau khi t\u1eadp th\u1ec3 d\u1ee5c, m\u1ed9t s\u1ed1 t\u00e0i li\u1ec7u l\u1ea1i khuy\u00ean b\u1ea1n n\u00ean b\u1ed5 sung protein tr\u01b0\u1edbc khi t\u1eadp luy\u1ec7n.\u00a0\u0110\u1ec1 xu\u1ea5t c\u1ee7a ch\u00fang t\u00f4i l\u00e0 h\u00e3y l\u00e0m theo nh\u1eefng g\u00ec c\u1ea3m th\u1ea5y t\u1ed1t nh\u1ea5t cho b\u1ea1n v\u00e0 c\u01a1 th\u1ec3 b\u1ea1n.\u00a0Tr\u1ed9n protein v\u1edbi LiveGood Super Greens ngay sau khi t\u1eadp luy\u1ec7n ho\u1eb7c nh\u01b0 m\u1ed9t b\u1eefa \u0103n nh\u1eb9 bu\u1ed5i chi\u1ec1u l\u00e0 \u0111i\u1ec1u \u0111\u01b0\u1ee3c y\u00eau th\u00edch.<\/p>\n<p>M\u1eb9o chuy\u00ean nghi\u1ec7p: S\u1eed d\u1ee5ng Chai l\u1eafc LiveGood \u0111\u1ec3 b\u1ea3o qu\u1ea3n b\u1ed9t m\u1ed9t c\u00e1ch thu\u1eadn ti\u1ec7n \u0111\u1ec3 d\u00f9ng khi \u0111ang di chuy\u1ec3n!<\/p>\n","protected":false},"excerpt":{"rendered":"<p><img decoding=\"async\" class=\"emoji\" role=\"img\" draggable=\"false\" src=\"https:\/\/s.w.org\/images\/core\/emoji\/14.0.0\/svg\/1f49a.svg\" alt=\"LiveGooD Love\" \/> X\u00e2y d\u1ef1ng l\u1ea1i v\u00e0 ph\u1ee5c h\u1ed3i c\u01a1 b\u1eafp v\u00e0 kh\u1edbp<br \/>\n<img decoding=\"async\" class=\"emoji\" role=\"img\" draggable=\"false\" src=\"https:\/\/s.w.org\/images\/core\/emoji\/14.0.0\/svg\/1f49a.svg\" alt=\"LiveGooD Love\" \/> X\u00e2y d\u1ef1ng v\u00e0 duy tr\u00ec c\u01a1 b\u1eafp s\u0103n ch\u1eafc<br \/>\n<img decoding=\"async\" class=\"emoji\" role=\"img\" draggable=\"false\" src=\"https:\/\/s.w.org\/images\/core\/emoji\/14.0.0\/svg\/1f49a.svg\" alt=\"LiveGooD Love\" \/> T\u0103ng c\u01b0\u1eddng t\u1ea5t c\u1ea3 c\u00e1c axit amin thi\u1ebft y\u1ebfu<\/p>\n","protected":false},"featured_media":194,"comment_status":"open","ping_status":"closed","template":"","meta":[],"product_brand":[],"product_cat":[219],"product_tag":[],"class_list":{"0":"post-948","1":"product","2":"type-product","3":"status-publish","4":"has-post-thumbnail","6":"product_cat-supplements-vi","8":"first","9":"instock","10":"sale","11":"shipping-taxable","12":"product-type-external"},"yoast_head":"<!-- This site is optimized with the Yoast SEO Premium plugin v20.6 (Yoast SEO v21.8.1) - https:\/\/yoast.com\/wordpress\/plugins\/seo\/ -->\n<title>Protein th\u1ef1c v\u1eadt ho\u00e0n ch\u1ec9nh - LiveGooD Shop<\/title>\n<meta name=\"robots\" content=\"index, follow, max-snippet:-1, max-image-preview:large, max-video-preview:-1\" \/>\n<link rel=\"canonical\" href=\"https:\/\/livegood.network\/shop\/vi\/product\/complete-plant-based-protein-vi\/\" \/>\n<meta property=\"og:locale\" content=\"en_US\" \/>\n<meta property=\"og:type\" content=\"article\" \/>\n<meta property=\"og:title\" content=\"Protein th\u1ef1c v\u1eadt ho\u00e0n ch\u1ec9nh\" \/>\n<meta property=\"og:description\" content=\"X\u00e2y d\u1ef1ng l\u1ea1i v\u00e0 ph\u1ee5c h\u1ed3i c\u01a1 b\u1eafp v\u00e0 kh\u1edbp  X\u00e2y d\u1ef1ng v\u00e0 duy tr\u00ec c\u01a1 b\u1eafp s\u0103n ch\u1eafc  T\u0103ng c\u01b0\u1eddng t\u1ea5t c\u1ea3 c\u00e1c axit amin thi\u1ebft y\u1ebfu\" \/>\n<meta property=\"og:url\" content=\"https:\/\/livegood.network\/shop\/vi\/product\/complete-plant-based-protein-vi\/\" \/>\n<meta property=\"article:publisher\" content=\"https:\/\/www.facebook.com\/livegoodhello\" \/>\n<meta property=\"article:modified_time\" content=\"2024-02-02T18:38:55+00:00\" \/>\n<meta property=\"og:image\" content=\"https:\/\/livegood.network\/shop\/wp-content\/uploads\/2024\/01\/complete-plant-based-protein-livegood.png\" \/>\n\t<meta property=\"og:image:width\" content=\"720\" \/>\n\t<meta property=\"og:image:height\" content=\"720\" \/>\n\t<meta property=\"og:image:type\" content=\"image\/png\" \/>\n<meta name=\"twitter:card\" content=\"summary_large_image\" \/>\n<meta name=\"twitter:label1\" content=\"Est. reading time\" \/>\n\t<meta name=\"twitter:data1\" content=\"4 minutes\" \/>\n<script type=\"application\/ld+json\" class=\"yoast-schema-graph\">{\"@context\":\"https:\/\/schema.org\",\"@graph\":[{\"@type\":\"WebPage\",\"@id\":\"https:\/\/livegood.network\/shop\/vi\/product\/complete-plant-based-protein-vi\/\",\"url\":\"https:\/\/livegood.network\/shop\/vi\/product\/complete-plant-based-protein-vi\/\",\"name\":\"Protein th\u1ef1c v\u1eadt ho\u00e0n ch\u1ec9nh - LiveGooD Shop\",\"isPartOf\":{\"@id\":\"https:\/\/livegood.network\/shop\/#website\"},\"datePublished\":\"2024-01-25T13:23:02+00:00\",\"dateModified\":\"2024-02-02T18:38:55+00:00\",\"breadcrumb\":{\"@id\":\"https:\/\/livegood.network\/shop\/vi\/product\/complete-plant-based-protein-vi\/#breadcrumb\"},\"inLanguage\":\"en-US\",\"potentialAction\":[{\"@type\":\"ReadAction\",\"target\":[\"https:\/\/livegood.network\/shop\/vi\/product\/complete-plant-based-protein-vi\/\"]}]},{\"@type\":\"BreadcrumbList\",\"@id\":\"https:\/\/livegood.network\/shop\/vi\/product\/complete-plant-based-protein-vi\/#breadcrumb\",\"itemListElement\":[{\"@type\":\"ListItem\",\"position\":1,\"name\":\"Home\",\"item\":\"https:\/\/livegood.network\/shop\/pt-br\/\"},{\"@type\":\"ListItem\",\"position\":2,\"name\":\"Shop\",\"item\":\"https:\/\/livegood.network\/shop\/shop\/\"},{\"@type\":\"ListItem\",\"position\":3,\"name\":\"Protein th\u1ef1c v\u1eadt ho\u00e0n ch\u1ec9nh\"}]},{\"@type\":\"WebSite\",\"@id\":\"https:\/\/livegood.network\/shop\/#website\",\"url\":\"https:\/\/livegood.network\/shop\/\",\"name\":\"LiveGooD Shop\",\"description\":\"\",\"publisher\":{\"@id\":\"https:\/\/livegood.network\/shop\/#organization\"},\"potentialAction\":[{\"@type\":\"SearchAction\",\"target\":{\"@type\":\"EntryPoint\",\"urlTemplate\":\"https:\/\/livegood.network\/shop\/?s={search_term_string}\"},\"query-input\":\"required name=search_term_string\"}],\"inLanguage\":\"en-US\"},{\"@type\":\"Organization\",\"@id\":\"https:\/\/livegood.network\/shop\/#organization\",\"name\":\"LiveGooD\",\"url\":\"https:\/\/livegood.network\/shop\/\",\"logo\":{\"@type\":\"ImageObject\",\"inLanguage\":\"en-US\",\"@id\":\"https:\/\/livegood.network\/shop\/#\/schema\/logo\/image\/\",\"url\":\"https:\/\/livegood.network\/shop\/wp-content\/uploads\/2024\/01\/logo-livegood-shop-main.png\",\"contentUrl\":\"https:\/\/livegood.network\/shop\/wp-content\/uploads\/2024\/01\/logo-livegood-shop-main.png\",\"width\":373,\"height\":115,\"caption\":\"LiveGooD\"},\"image\":{\"@id\":\"https:\/\/livegood.network\/shop\/#\/schema\/logo\/image\/\"},\"sameAs\":[\"https:\/\/www.facebook.com\/livegoodhello\"]}]}<\/script>\n<!-- \/ Yoast SEO Premium plugin. -->","yoast_head_json":{"title":"Protein th\u1ef1c v\u1eadt ho\u00e0n ch\u1ec9nh - LiveGooD Shop","robots":{"index":"index","follow":"follow","max-snippet":"max-snippet:-1","max-image-preview":"max-image-preview:large","max-video-preview":"max-video-preview:-1"},"canonical":"https:\/\/livegood.network\/shop\/vi\/product\/complete-plant-based-protein-vi\/","og_locale":"en_US","og_type":"article","og_title":"Protein th\u1ef1c v\u1eadt ho\u00e0n ch\u1ec9nh","og_description":"X\u00e2y d\u1ef1ng l\u1ea1i v\u00e0 ph\u1ee5c h\u1ed3i c\u01a1 b\u1eafp v\u00e0 kh\u1edbp  X\u00e2y d\u1ef1ng v\u00e0 duy tr\u00ec c\u01a1 b\u1eafp s\u0103n ch\u1eafc  T\u0103ng c\u01b0\u1eddng t\u1ea5t c\u1ea3 c\u00e1c axit amin thi\u1ebft y\u1ebfu","og_url":"https:\/\/livegood.network\/shop\/vi\/product\/complete-plant-based-protein-vi\/","article_publisher":"https:\/\/www.facebook.com\/livegoodhello","article_modified_time":"2024-02-02T18:38:55+00:00","og_image":[{"width":720,"height":720,"url":"https:\/\/livegood.network\/shop\/wp-content\/uploads\/2024\/01\/complete-plant-based-protein-livegood.png","type":"image\/png"}],"twitter_card":"summary_large_image","twitter_misc":{"Est. reading time":"4 minutes"},"schema":{"@context":"https:\/\/schema.org","@graph":[{"@type":"WebPage","@id":"https:\/\/livegood.network\/shop\/vi\/product\/complete-plant-based-protein-vi\/","url":"https:\/\/livegood.network\/shop\/vi\/product\/complete-plant-based-protein-vi\/","name":"Protein th\u1ef1c v\u1eadt ho\u00e0n ch\u1ec9nh - LiveGooD Shop","isPartOf":{"@id":"https:\/\/livegood.network\/shop\/#website"},"datePublished":"2024-01-25T13:23:02+00:00","dateModified":"2024-02-02T18:38:55+00:00","breadcrumb":{"@id":"https:\/\/livegood.network\/shop\/vi\/product\/complete-plant-based-protein-vi\/#breadcrumb"},"inLanguage":"en-US","potentialAction":[{"@type":"ReadAction","target":["https:\/\/livegood.network\/shop\/vi\/product\/complete-plant-based-protein-vi\/"]}]},{"@type":"BreadcrumbList","@id":"https:\/\/livegood.network\/shop\/vi\/product\/complete-plant-based-protein-vi\/#breadcrumb","itemListElement":[{"@type":"ListItem","position":1,"name":"Home","item":"https:\/\/livegood.network\/shop\/pt-br\/"},{"@type":"ListItem","position":2,"name":"Shop","item":"https:\/\/livegood.network\/shop\/shop\/"},{"@type":"ListItem","position":3,"name":"Protein th\u1ef1c v\u1eadt ho\u00e0n ch\u1ec9nh"}]},{"@type":"WebSite","@id":"https:\/\/livegood.network\/shop\/#website","url":"https:\/\/livegood.network\/shop\/","name":"LiveGooD Shop","description":"","publisher":{"@id":"https:\/\/livegood.network\/shop\/#organization"},"potentialAction":[{"@type":"SearchAction","target":{"@type":"EntryPoint","urlTemplate":"https:\/\/livegood.network\/shop\/?s={search_term_string}"},"query-input":"required name=search_term_string"}],"inLanguage":"en-US"},{"@type":"Organization","@id":"https:\/\/livegood.network\/shop\/#organization","name":"LiveGooD","url":"https:\/\/livegood.network\/shop\/","logo":{"@type":"ImageObject","inLanguage":"en-US","@id":"https:\/\/livegood.network\/shop\/#\/schema\/logo\/image\/","url":"https:\/\/livegood.network\/shop\/wp-content\/uploads\/2024\/01\/logo-livegood-shop-main.png","contentUrl":"https:\/\/livegood.network\/shop\/wp-content\/uploads\/2024\/01\/logo-livegood-shop-main.png","width":373,"height":115,"caption":"LiveGooD"},"image":{"@id":"https:\/\/livegood.network\/shop\/#\/schema\/logo\/image\/"},"sameAs":["https:\/\/www.facebook.com\/livegoodhello"]}]}},"lang":"vi","translations":{"vi":948,"pt-br":957,"pt-pt":947,"en-us":195,"fr-fr":945,"es-es":946,"ru-ru":949,"ko":950},"pll_sync_post":[],"_links":{"self":[{"href":"https:\/\/livegood.network\/shop\/wp-json\/wp\/v2\/product\/948","targetHints":{"allow":["GET"]}}],"collection":[{"href":"https:\/\/livegood.network\/shop\/wp-json\/wp\/v2\/product"}],"about":[{"href":"https:\/\/livegood.network\/shop\/wp-json\/wp\/v2\/types\/product"}],"replies":[{"embeddable":true,"href":"https:\/\/livegood.network\/shop\/wp-json\/wp\/v2\/comments?post=948"}],"version-history":[{"count":2,"href":"https:\/\/livegood.network\/shop\/wp-json\/wp\/v2\/product\/948\/revisions"}],"predecessor-version":[{"id":1641,"href":"https:\/\/livegood.network\/shop\/wp-json\/wp\/v2\/product\/948\/revisions\/1641"}],"wp:featuredmedia":[{"embeddable":true,"href":"https:\/\/livegood.network\/shop\/wp-json\/wp\/v2\/media\/194"}],"wp:attachment":[{"href":"https:\/\/livegood.network\/shop\/wp-json\/wp\/v2\/media?parent=948"}],"wp:term":[{"taxonomy":"product_brand","embeddable":true,"href":"https:\/\/livegood.network\/shop\/wp-json\/wp\/v2\/product_brand?post=948"},{"taxonomy":"product_cat","embeddable":true,"href":"https:\/\/livegood.network\/shop\/wp-json\/wp\/v2\/product_cat?post=948"},{"taxonomy":"product_tag","embeddable":true,"href":"https:\/\/livegood.network\/shop\/wp-json\/wp\/v2\/product_tag?post=948"}],"curies":[{"name":"wp","href":"https:\/\/api.w.org\/{rel}","templated":true}]}}