{"id":957,"date":"2024-01-25T13:19:23","date_gmt":"2024-01-25T13:19:23","guid":{"rendered":"https:\/\/livegood.network\/shop\/?post_type=product&#038;p=957"},"modified":"2024-02-02T18:37:07","modified_gmt":"2024-02-02T18:37:07","slug":"complete-plant-based-protein-pt-br","status":"publish","type":"product","link":"https:\/\/livegood.network\/shop\/pt-br\/product\/complete-plant-based-protein-pt-br\/","title":{"rendered":"Prote\u00edna Vegetal Completa"},"content":{"rendered":"<p>A Prote\u00edna Completa \u00e0 Base de Plantas da LiveGood \u00e9 elaborada para se destacar como o PREMIER suplemento de prote\u00edna dispon\u00edvel, oferecendo o MAIS ALTO valor nutricional com os MELHORES ingredientes encontrados na Terra!<\/p>\n<p>Prote\u00edna de Ervilha \u2013 Reconhecida como uma das fontes mais abrangentes de prote\u00edna vegetal em todo o mundo, a prote\u00edna de ervilha abrange TODOS OS NOVE amino\u00e1cidos essenciais cruciais para o corpo.\u00a0Ele tamb\u00e9m cont\u00e9m amino\u00e1cidos de cadeia ramificada (BCAA), incluindo arginina, amiga do cora\u00e7\u00e3o, promovendo o fluxo sangu\u00edneo por todo o corpo.\u00a0Al\u00e9m disso, a prote\u00edna da ervilha possui alto teor de ferro e baixo teor de gordura.<\/p>\n<p>Prote\u00edna Org\u00e2nica de C\u00e2nhamo \u2013 Carregada de antioxidantes, minerais, fibras e gorduras insaturadas saud\u00e1veis \u200b\u200bpara o cora\u00e7\u00e3o, a prote\u00edna de c\u00e2nhamo protege o cora\u00e7\u00e3o, sustenta a massa corporal magra, auxilia na reconstru\u00e7\u00e3o muscular e articular e contribui para manter a fun\u00e7\u00e3o cerebral.\u00a0Notavelmente, a prote\u00edna do c\u00e2nhamo promove energia, fortalece potencialmente o sistema imunol\u00f3gico e \u00e9 cada vez mais favorecida para o controle de peso, at\u00e9 mesmo para tratar a inflama\u00e7\u00e3o.<\/p>\n<p>Prote\u00edna Fermentada \u2013 O valor da prote\u00edna depende da digestibilidade, e nossa Prote\u00edna de Ervilha Fermentada cuidadosamente escolhida n\u00e3o apenas apoia uma digest\u00e3o saud\u00e1vel, mas tamb\u00e9m elimina bact\u00e9rias nocivas e antinutrientes frequentemente presentes em outros produtos, garantindo a prote\u00edna mais limpa e saud\u00e1vel dispon\u00edvel.<\/p>\n<p>Amino\u00e1cidos \u2013 Contribuintes vitais para quase todos os sistemas do corpo, os amino\u00e1cidos desempenham pap\u00e9is no desenvolvimento muscular, do tecido conjuntivo e da pele, mantendo o t\u00f4nus \u200b\u200bmuscular e a for\u00e7a dos tecidos, auxiliando na cura e repara\u00e7\u00e3o muscular, fornecendo energia e promovendo uma digest\u00e3o saud\u00e1vel.\u00a0Este produto possui amino\u00e1cidos da mais alta qualidade dispon\u00edveis.<\/p>\n<p>Al\u00e9m da prote\u00edna!<\/p>\n<p>Al\u00e9m das prote\u00ednas mais eficazes e da mais alta qualidade do mundo, nosso produto vai al\u00e9m ao incorporar 26 vitaminas e minerais essenciais, vitais para a sa\u00fade do seu corpo.\u00a0Variando de vitamina B para produ\u00e7\u00e3o de energia a ferro para constru\u00e7\u00e3o muscular e iodo para metabolismo, nossa prote\u00edna completa \u00e0 base de plantas capacita seu corpo de maneiras incompar\u00e1veis \u200b\u200bcom qualquer outra prote\u00edna.<\/p>\n<p>Como se os benef\u00edcios n\u00e3o fossem suficientemente emocionantes, o nosso delicioso p\u00f3 com sabor de baunilha combina perfeitamente com \u00e1gua ou com o seu smoothie favorito, oferecendo um suplemento nutritivo a qualquer hora do dia!<\/p>\n<p>Livre de crueldade, sem gl\u00faten, certificado GMP, amigo do ceto, n\u00e3o OGM, sem nozes, sem soja, testado por terceiros, vegano.<\/p>\n<p><strong>COMO USAR:<\/strong><\/p>\n<p>Misture 1 medida com \u00e1gua ou seu smoothie preferido pelo menos uma vez ao dia.<\/p>\n<p>Quando tomar: Embora a maioria dos estudos recomende consumir prote\u00ednas 30 minutos ap\u00f3s o exerc\u00edcio, alguma literatura sugere tomar prote\u00ednas antes do treino.\u00a0Nossa sugest\u00e3o \u00e9 seguir o que for melhor para voc\u00ea e seu corpo.\u00a0Misturar a prote\u00edna com LiveGood Super Greens logo ap\u00f3s o treino ou no lanche da tarde \u00e9 um dos favoritos.<\/p>\n<p>Dica profissional: Utilize o frasco Shaker LiveGood para armazenar convenientemente o p\u00f3 para dosagem em movimento!<\/p>\n","protected":false},"excerpt":{"rendered":"<p><img decoding=\"async\" class=\"emoji\" role=\"img\" draggable=\"false\" src=\"https:\/\/s.w.org\/images\/core\/emoji\/14.0.0\/svg\/1f49a.svg\" alt=\"LiveGooD Love\" \/> Reconstruir e restaurar m\u00fasculos e articula\u00e7\u00f5es<br \/>\n<img decoding=\"async\" class=\"emoji\" role=\"img\" draggable=\"false\" src=\"https:\/\/s.w.org\/images\/core\/emoji\/14.0.0\/svg\/1f49a.svg\" alt=\"LiveGooD Love\" \/> Construir e manter m\u00fasculos magros<br \/>\n<img decoding=\"async\" class=\"emoji\" role=\"img\" draggable=\"false\" src=\"https:\/\/s.w.org\/images\/core\/emoji\/14.0.0\/svg\/1f49a.svg\" alt=\"LiveGooD Love\" \/> Fortificado com todos os amino\u00e1cidos essenciais<\/p>\n","protected":false},"featured_media":194,"comment_status":"open","ping_status":"closed","template":"","meta":[],"product_brand":[],"product_cat":[221],"product_tag":[],"class_list":{"0":"post-957","1":"product","2":"type-product","3":"status-publish","4":"has-post-thumbnail","6":"product_cat-supplements-pt-br","8":"first","9":"instock","10":"sale","11":"shipping-taxable","12":"product-type-external"},"yoast_head":"<!-- This site is optimized with the Yoast SEO Premium plugin v20.6 (Yoast SEO v21.8.1) - https:\/\/yoast.com\/wordpress\/plugins\/seo\/ -->\n<title>Prote\u00edna Vegetal Completa - LiveGooD Shop<\/title>\n<meta name=\"robots\" content=\"index, follow, max-snippet:-1, max-image-preview:large, max-video-preview:-1\" \/>\n<link rel=\"canonical\" href=\"https:\/\/livegood.network\/shop\/pt-br\/product\/complete-plant-based-protein-pt-br\/\" \/>\n<meta property=\"og:locale\" content=\"en_US\" \/>\n<meta property=\"og:type\" content=\"article\" \/>\n<meta property=\"og:title\" content=\"Prote\u00edna Vegetal Completa\" \/>\n<meta property=\"og:description\" content=\"Reconstruir e restaurar m\u00fasculos e articula\u00e7\u00f5es  Construir e manter m\u00fasculos magros  Fortificado com todos os amino\u00e1cidos essenciais\" \/>\n<meta property=\"og:url\" content=\"https:\/\/livegood.network\/shop\/pt-br\/product\/complete-plant-based-protein-pt-br\/\" \/>\n<meta property=\"article:publisher\" content=\"https:\/\/www.facebook.com\/livegoodhello\" \/>\n<meta property=\"article:modified_time\" content=\"2024-02-02T18:37:07+00:00\" \/>\n<meta property=\"og:image\" content=\"https:\/\/livegood.network\/shop\/wp-content\/uploads\/2024\/01\/complete-plant-based-protein-livegood.png\" \/>\n\t<meta property=\"og:image:width\" content=\"720\" \/>\n\t<meta property=\"og:image:height\" content=\"720\" \/>\n\t<meta property=\"og:image:type\" content=\"image\/png\" \/>\n<meta name=\"twitter:card\" content=\"summary_large_image\" \/>\n<meta name=\"twitter:label1\" content=\"Est. reading time\" \/>\n\t<meta name=\"twitter:data1\" content=\"3 minutes\" \/>\n<script type=\"application\/ld+json\" class=\"yoast-schema-graph\">{\"@context\":\"https:\/\/schema.org\",\"@graph\":[{\"@type\":\"WebPage\",\"@id\":\"https:\/\/livegood.network\/shop\/pt-br\/product\/complete-plant-based-protein-pt-br\/\",\"url\":\"https:\/\/livegood.network\/shop\/pt-br\/product\/complete-plant-based-protein-pt-br\/\",\"name\":\"Prote\u00edna Vegetal Completa - LiveGooD Shop\",\"isPartOf\":{\"@id\":\"https:\/\/livegood.network\/shop\/#website\"},\"datePublished\":\"2024-01-25T13:19:23+00:00\",\"dateModified\":\"2024-02-02T18:37:07+00:00\",\"breadcrumb\":{\"@id\":\"https:\/\/livegood.network\/shop\/pt-br\/product\/complete-plant-based-protein-pt-br\/#breadcrumb\"},\"inLanguage\":\"en-US\",\"potentialAction\":[{\"@type\":\"ReadAction\",\"target\":[\"https:\/\/livegood.network\/shop\/pt-br\/product\/complete-plant-based-protein-pt-br\/\"]}]},{\"@type\":\"BreadcrumbList\",\"@id\":\"https:\/\/livegood.network\/shop\/pt-br\/product\/complete-plant-based-protein-pt-br\/#breadcrumb\",\"itemListElement\":[{\"@type\":\"ListItem\",\"position\":1,\"name\":\"Home\",\"item\":\"https:\/\/livegood.network\/shop\/pt-br\/\"},{\"@type\":\"ListItem\",\"position\":2,\"name\":\"Shop\",\"item\":\"https:\/\/livegood.network\/shop\/shop\/\"},{\"@type\":\"ListItem\",\"position\":3,\"name\":\"Prote\u00edna Vegetal Completa\"}]},{\"@type\":\"WebSite\",\"@id\":\"https:\/\/livegood.network\/shop\/#website\",\"url\":\"https:\/\/livegood.network\/shop\/\",\"name\":\"LiveGooD Shop\",\"description\":\"\",\"publisher\":{\"@id\":\"https:\/\/livegood.network\/shop\/#organization\"},\"potentialAction\":[{\"@type\":\"SearchAction\",\"target\":{\"@type\":\"EntryPoint\",\"urlTemplate\":\"https:\/\/livegood.network\/shop\/?s={search_term_string}\"},\"query-input\":\"required name=search_term_string\"}],\"inLanguage\":\"en-US\"},{\"@type\":\"Organization\",\"@id\":\"https:\/\/livegood.network\/shop\/#organization\",\"name\":\"LiveGooD\",\"url\":\"https:\/\/livegood.network\/shop\/\",\"logo\":{\"@type\":\"ImageObject\",\"inLanguage\":\"en-US\",\"@id\":\"https:\/\/livegood.network\/shop\/#\/schema\/logo\/image\/\",\"url\":\"https:\/\/livegood.network\/shop\/wp-content\/uploads\/2024\/01\/logo-livegood-shop-main.png\",\"contentUrl\":\"https:\/\/livegood.network\/shop\/wp-content\/uploads\/2024\/01\/logo-livegood-shop-main.png\",\"width\":373,\"height\":115,\"caption\":\"LiveGooD\"},\"image\":{\"@id\":\"https:\/\/livegood.network\/shop\/#\/schema\/logo\/image\/\"},\"sameAs\":[\"https:\/\/www.facebook.com\/livegoodhello\"]}]}<\/script>\n<!-- \/ Yoast SEO Premium plugin. -->","yoast_head_json":{"title":"Prote\u00edna Vegetal Completa - LiveGooD Shop","robots":{"index":"index","follow":"follow","max-snippet":"max-snippet:-1","max-image-preview":"max-image-preview:large","max-video-preview":"max-video-preview:-1"},"canonical":"https:\/\/livegood.network\/shop\/pt-br\/product\/complete-plant-based-protein-pt-br\/","og_locale":"en_US","og_type":"article","og_title":"Prote\u00edna Vegetal Completa","og_description":"Reconstruir e restaurar m\u00fasculos e articula\u00e7\u00f5es  Construir e manter m\u00fasculos magros  Fortificado com todos os amino\u00e1cidos essenciais","og_url":"https:\/\/livegood.network\/shop\/pt-br\/product\/complete-plant-based-protein-pt-br\/","article_publisher":"https:\/\/www.facebook.com\/livegoodhello","article_modified_time":"2024-02-02T18:37:07+00:00","og_image":[{"width":720,"height":720,"url":"https:\/\/livegood.network\/shop\/wp-content\/uploads\/2024\/01\/complete-plant-based-protein-livegood.png","type":"image\/png"}],"twitter_card":"summary_large_image","twitter_misc":{"Est. reading time":"3 minutes"},"schema":{"@context":"https:\/\/schema.org","@graph":[{"@type":"WebPage","@id":"https:\/\/livegood.network\/shop\/pt-br\/product\/complete-plant-based-protein-pt-br\/","url":"https:\/\/livegood.network\/shop\/pt-br\/product\/complete-plant-based-protein-pt-br\/","name":"Prote\u00edna Vegetal Completa - LiveGooD Shop","isPartOf":{"@id":"https:\/\/livegood.network\/shop\/#website"},"datePublished":"2024-01-25T13:19:23+00:00","dateModified":"2024-02-02T18:37:07+00:00","breadcrumb":{"@id":"https:\/\/livegood.network\/shop\/pt-br\/product\/complete-plant-based-protein-pt-br\/#breadcrumb"},"inLanguage":"en-US","potentialAction":[{"@type":"ReadAction","target":["https:\/\/livegood.network\/shop\/pt-br\/product\/complete-plant-based-protein-pt-br\/"]}]},{"@type":"BreadcrumbList","@id":"https:\/\/livegood.network\/shop\/pt-br\/product\/complete-plant-based-protein-pt-br\/#breadcrumb","itemListElement":[{"@type":"ListItem","position":1,"name":"Home","item":"https:\/\/livegood.network\/shop\/pt-br\/"},{"@type":"ListItem","position":2,"name":"Shop","item":"https:\/\/livegood.network\/shop\/shop\/"},{"@type":"ListItem","position":3,"name":"Prote\u00edna Vegetal Completa"}]},{"@type":"WebSite","@id":"https:\/\/livegood.network\/shop\/#website","url":"https:\/\/livegood.network\/shop\/","name":"LiveGooD Shop","description":"","publisher":{"@id":"https:\/\/livegood.network\/shop\/#organization"},"potentialAction":[{"@type":"SearchAction","target":{"@type":"EntryPoint","urlTemplate":"https:\/\/livegood.network\/shop\/?s={search_term_string}"},"query-input":"required name=search_term_string"}],"inLanguage":"en-US"},{"@type":"Organization","@id":"https:\/\/livegood.network\/shop\/#organization","name":"LiveGooD","url":"https:\/\/livegood.network\/shop\/","logo":{"@type":"ImageObject","inLanguage":"en-US","@id":"https:\/\/livegood.network\/shop\/#\/schema\/logo\/image\/","url":"https:\/\/livegood.network\/shop\/wp-content\/uploads\/2024\/01\/logo-livegood-shop-main.png","contentUrl":"https:\/\/livegood.network\/shop\/wp-content\/uploads\/2024\/01\/logo-livegood-shop-main.png","width":373,"height":115,"caption":"LiveGooD"},"image":{"@id":"https:\/\/livegood.network\/shop\/#\/schema\/logo\/image\/"},"sameAs":["https:\/\/www.facebook.com\/livegoodhello"]}]}},"lang":"pt-br","translations":{"pt-br":957,"pt-pt":947,"en-us":195,"fr-fr":945,"es-es":946,"vi":948,"ru-ru":949,"ko":950},"pll_sync_post":[],"_links":{"self":[{"href":"https:\/\/livegood.network\/shop\/wp-json\/wp\/v2\/product\/957","targetHints":{"allow":["GET"]}}],"collection":[{"href":"https:\/\/livegood.network\/shop\/wp-json\/wp\/v2\/product"}],"about":[{"href":"https:\/\/livegood.network\/shop\/wp-json\/wp\/v2\/types\/product"}],"replies":[{"embeddable":true,"href":"https:\/\/livegood.network\/shop\/wp-json\/wp\/v2\/comments?post=957"}],"version-history":[{"count":1,"href":"https:\/\/livegood.network\/shop\/wp-json\/wp\/v2\/product\/957\/revisions"}],"predecessor-version":[{"id":1638,"href":"https:\/\/livegood.network\/shop\/wp-json\/wp\/v2\/product\/957\/revisions\/1638"}],"wp:featuredmedia":[{"embeddable":true,"href":"https:\/\/livegood.network\/shop\/wp-json\/wp\/v2\/media\/194"}],"wp:attachment":[{"href":"https:\/\/livegood.network\/shop\/wp-json\/wp\/v2\/media?parent=957"}],"wp:term":[{"taxonomy":"product_brand","embeddable":true,"href":"https:\/\/livegood.network\/shop\/wp-json\/wp\/v2\/product_brand?post=957"},{"taxonomy":"product_cat","embeddable":true,"href":"https:\/\/livegood.network\/shop\/wp-json\/wp\/v2\/product_cat?post=957"},{"taxonomy":"product_tag","embeddable":true,"href":"https:\/\/livegood.network\/shop\/wp-json\/wp\/v2\/product_tag?post=957"}],"curies":[{"name":"wp","href":"https:\/\/api.w.org\/{rel}","templated":true}]}}