{"id":959,"date":"2024-01-25T13:48:27","date_gmt":"2024-01-25T13:48:27","guid":{"rendered":"https:\/\/livegood.network\/shop\/?post_type=product&#038;p=959"},"modified":"2024-02-02T18:00:34","modified_gmt":"2024-02-02T18:00:34","slug":"creatine-hmb-fr-fr","status":"publish","type":"product","link":"https:\/\/livegood.network\/shop\/fr-fr\/product\/creatine-hmb-fr-fr\/","title":{"rendered":"Cr\u00e9atine + HMB"},"content":{"rendered":"<p><strong>Maximisez vos performances avec Cr\u00e9atine + HMB\u00a0!<\/strong><\/p>\n<p><em>La cr\u00e9atine a fait l&#8217;objet de recherches approfondies en tant que compl\u00e9ment alimentaire au cours des 50 derni\u00e8res ann\u00e9es en raison de son efficacit\u00e9 \u00e0 100\u00a0% unique et constamment prouv\u00e9e\u00a0!\u00a0Cela implique qu\u2019il fonctionne de mani\u00e8re fiable pour chaque individu 100\u00a0% du temps\u00a0!<\/em><\/p>\n<p>Fonctionnant comme carburant pour nos muscles, notre cerveau et notre c\u0153ur, la cr\u00e9atine est produite naturellement dans notre corps, mais une partie importante provient de notre alimentation et la plupart des gens n\u2019en consomment pas suffisamment quotidiennement.\u00a0Par cons\u00e9quent, un apport insuffisant de carburant aux tissus musculaires, au cerveau, au c\u0153ur et \u00e0 d\u2019autres tissus peut entra\u00eener des probl\u00e8mes tels qu\u2019une perte musculaire, des crampes, un m\u00e9tabolisme lent et un ralentissement de la vitesse de traitement du cerveau.<\/p>\n<p>La cr\u00e9atine est un composant essentiel au bon fonctionnement de notre corps\u00a0!<\/p>\n<p>Avec l\u2019\u00e2ge, la masse musculaire diminue, entra\u00eenant des affections telles que la sarcop\u00e9nie, la r\u00e9sistance \u00e0 l\u2019insuline, une diminution de l\u2019\u00e9nergie et de la libido, une faiblesse des os, une mobilit\u00e9 r\u00e9duite, une diminution de la concentration, un mauvais sommeil, une d\u00e9shydratation, etc.<\/p>\n<p>La Cr\u00e9atine + HMB de LiveGood sert de carburant suppl\u00e9mentaire pour vos muscles, luttant efficacement contre la perte musculaire et le d\u00e9clin cognitif li\u00e9s \u00e0 l&#8217;\u00e2ge.\u00a0Il aide \u00e0 am\u00e9liorer la masse musculaire, la r\u00e9cup\u00e9ration, l\u2019endurance, l\u2019endurance, la qualit\u00e9 du sommeil, l\u2019hydratation et m\u00eame la fonction c\u00e9r\u00e9brale.<\/p>\n<p>De plus, nous avons incorpor\u00e9 du b\u00eata-hydroxy-b\u00eata-m\u00e9thylbutyrate (HMB), dont il est prouv\u00e9 qu&#8217;il ralentit la perte musculaire et acc\u00e9l\u00e8re la r\u00e9cup\u00e9ration musculaire.\u00a0Lorsqu&#8217;il est associ\u00e9 \u00e0 la Cr\u00e9atine, le HMB amplifie les effets sur la performance et la r\u00e9cup\u00e9ration.\u00a0Les recherches sugg\u00e8rent que leur utilisation conjointe peut entra\u00eener une augmentation de la force de 10 \u00e0 15 % en moins de 4 semaines.<\/p>\n<p>Cr\u00e9atine + HMB de LiveGood fournit une portion compl\u00e8te de 5 grammes de monohydrate de cr\u00e9atine et 3 grammes de HMB, sans additifs suppl\u00e9mentaires.\u00a0Nous accordons la priorit\u00e9 \u00e0 ce qui entre dans nos produits autant qu&#8217;\u00e0 ce qui est exclu : pas de charges, d&#8217;ar\u00f4mes ou d&#8217;additifs inutiles.<\/p>\n<p>Sans caf\u00e9ine<\/p>\n<p>Sans cruaut\u00e9<\/p>\n<p>Sans gluten<\/p>\n<p>Certifi\u00e9 BPF<\/p>\n<p>Compatible c\u00e9to<\/p>\n<p>Sans OGM<\/p>\n<p>Sans noix<\/p>\n<p>Sans soja<\/p>\n<p>Test\u00e9 par un tiers<\/p>\n<p>Sans sucre<\/p>\n<p><strong>COMMENT UTILISER:<\/strong><\/p>\n<p>M\u00e9langez une mesure dans de l&#8217;eau ou votre boisson pr\u00e9f\u00e9r\u00e9e une fois par jour.<\/p>\n<p>Conseil de pro\u00a0:<\/p>\n<p>Envisagez une dose de charge de 1 cuill\u00e8re quatre fois par jour pendant 5 jours pour obtenir des r\u00e9sultats en 1 \u00e0 2 semaines.\u00a0Sans dose de charge, attendez-vous \u00e0 voir des r\u00e9sultats en 4 \u00e0 6 semaines.<\/p>\n<p>Si vous combinez ce produit avec un programme d&#8217;exercice r\u00e9gulier, prenez-le apr\u00e8s l&#8217;exercice et combinez-le avec des glucides.<\/p>\n","protected":false},"excerpt":{"rendered":"<p><img decoding=\"async\" class=\"emoji\" role=\"img\" draggable=\"false\" src=\"https:\/\/s.w.org\/images\/core\/emoji\/14.0.0\/svg\/1f49a.svg\" alt=\"LiveGooD Love\" \/> Am\u00e9liorer la force musculaire<br \/>\n<img decoding=\"async\" class=\"emoji\" role=\"img\" draggable=\"false\" src=\"https:\/\/s.w.org\/images\/core\/emoji\/14.0.0\/svg\/1f49a.svg\" alt=\"LiveGooD Love\" \/> R\u00e9duire le temps de r\u00e9cup\u00e9ration<br \/>\n<img decoding=\"async\" class=\"emoji\" role=\"img\" draggable=\"false\" src=\"https:\/\/s.w.org\/images\/core\/emoji\/14.0.0\/svg\/1f49a.svg\" alt=\"LiveGooD Love\" \/>\u00a0Promouvoir une endurance maximale<br \/>\n<img decoding=\"async\" class=\"emoji\" role=\"img\" draggable=\"false\" src=\"https:\/\/s.w.org\/images\/core\/emoji\/14.0.0\/svg\/1f49a.svg\" alt=\"LiveGooD Love\" \/> Soutenir la gestion du poids<br \/>\n<img decoding=\"async\" class=\"emoji\" role=\"img\" draggable=\"false\" src=\"https:\/\/s.w.org\/images\/core\/emoji\/14.0.0\/svg\/1f49a.svg\" alt=\"LiveGooD Love\" \/> Soutenir la fonction cognitive<\/p>\n","protected":false},"featured_media":266,"comment_status":"open","ping_status":"closed","template":"","meta":[],"product_brand":[],"product_cat":[215],"product_tag":[],"class_list":{"0":"post-959","1":"product","2":"type-product","3":"status-publish","4":"has-post-thumbnail","6":"product_cat-supplements-fr-fr","8":"first","9":"instock","10":"sale","11":"shipping-taxable","12":"product-type-external"},"yoast_head":"<!-- This site is optimized with the Yoast SEO Premium plugin v20.6 (Yoast SEO v21.8.1) - https:\/\/yoast.com\/wordpress\/plugins\/seo\/ -->\n<title>Cr\u00e9atine + HMB - LiveGooD Shop<\/title>\n<meta name=\"robots\" content=\"index, follow, max-snippet:-1, max-image-preview:large, max-video-preview:-1\" \/>\n<link rel=\"canonical\" href=\"https:\/\/livegood.network\/shop\/fr-fr\/product\/creatine-hmb-fr-fr\/\" \/>\n<meta property=\"og:locale\" content=\"en_US\" \/>\n<meta property=\"og:type\" content=\"article\" \/>\n<meta property=\"og:title\" content=\"Cr\u00e9atine + HMB\" \/>\n<meta property=\"og:description\" content=\"Am\u00e9liorer la force musculaire  R\u00e9duire le temps de r\u00e9cup\u00e9ration \u00a0Promouvoir une endurance maximale  Soutenir la gestion du poids  Soutenir la fonction cognitive\" \/>\n<meta property=\"og:url\" content=\"https:\/\/livegood.network\/shop\/fr-fr\/product\/creatine-hmb-fr-fr\/\" \/>\n<meta property=\"article:publisher\" content=\"https:\/\/www.facebook.com\/livegoodhello\" \/>\n<meta property=\"article:modified_time\" content=\"2024-02-02T18:00:34+00:00\" \/>\n<meta property=\"og:image\" content=\"https:\/\/livegood.network\/shop\/wp-content\/uploads\/2024\/01\/creatine-hmb-livegood.png\" \/>\n\t<meta property=\"og:image:width\" content=\"720\" \/>\n\t<meta property=\"og:image:height\" content=\"720\" \/>\n\t<meta property=\"og:image:type\" content=\"image\/png\" \/>\n<meta name=\"twitter:card\" content=\"summary_large_image\" \/>\n<meta name=\"twitter:label1\" content=\"Est. reading time\" \/>\n\t<meta name=\"twitter:data1\" content=\"3 minutes\" \/>\n<script type=\"application\/ld+json\" class=\"yoast-schema-graph\">{\"@context\":\"https:\/\/schema.org\",\"@graph\":[{\"@type\":\"WebPage\",\"@id\":\"https:\/\/livegood.network\/shop\/fr-fr\/product\/creatine-hmb-fr-fr\/\",\"url\":\"https:\/\/livegood.network\/shop\/fr-fr\/product\/creatine-hmb-fr-fr\/\",\"name\":\"Cr\u00e9atine + HMB - LiveGooD Shop\",\"isPartOf\":{\"@id\":\"https:\/\/livegood.network\/shop\/#website\"},\"datePublished\":\"2024-01-25T13:48:27+00:00\",\"dateModified\":\"2024-02-02T18:00:34+00:00\",\"breadcrumb\":{\"@id\":\"https:\/\/livegood.network\/shop\/fr-fr\/product\/creatine-hmb-fr-fr\/#breadcrumb\"},\"inLanguage\":\"en-US\",\"potentialAction\":[{\"@type\":\"ReadAction\",\"target\":[\"https:\/\/livegood.network\/shop\/fr-fr\/product\/creatine-hmb-fr-fr\/\"]}]},{\"@type\":\"BreadcrumbList\",\"@id\":\"https:\/\/livegood.network\/shop\/fr-fr\/product\/creatine-hmb-fr-fr\/#breadcrumb\",\"itemListElement\":[{\"@type\":\"ListItem\",\"position\":1,\"name\":\"Home\",\"item\":\"https:\/\/livegood.network\/shop\/pt-br\/\"},{\"@type\":\"ListItem\",\"position\":2,\"name\":\"Shop\",\"item\":\"https:\/\/livegood.network\/shop\/shop\/\"},{\"@type\":\"ListItem\",\"position\":3,\"name\":\"Cr\u00e9atine + HMB\"}]},{\"@type\":\"WebSite\",\"@id\":\"https:\/\/livegood.network\/shop\/#website\",\"url\":\"https:\/\/livegood.network\/shop\/\",\"name\":\"LiveGooD Shop\",\"description\":\"\",\"publisher\":{\"@id\":\"https:\/\/livegood.network\/shop\/#organization\"},\"potentialAction\":[{\"@type\":\"SearchAction\",\"target\":{\"@type\":\"EntryPoint\",\"urlTemplate\":\"https:\/\/livegood.network\/shop\/?s={search_term_string}\"},\"query-input\":\"required name=search_term_string\"}],\"inLanguage\":\"en-US\"},{\"@type\":\"Organization\",\"@id\":\"https:\/\/livegood.network\/shop\/#organization\",\"name\":\"LiveGooD\",\"url\":\"https:\/\/livegood.network\/shop\/\",\"logo\":{\"@type\":\"ImageObject\",\"inLanguage\":\"en-US\",\"@id\":\"https:\/\/livegood.network\/shop\/#\/schema\/logo\/image\/\",\"url\":\"https:\/\/livegood.network\/shop\/wp-content\/uploads\/2024\/01\/logo-livegood-shop-main.png\",\"contentUrl\":\"https:\/\/livegood.network\/shop\/wp-content\/uploads\/2024\/01\/logo-livegood-shop-main.png\",\"width\":373,\"height\":115,\"caption\":\"LiveGooD\"},\"image\":{\"@id\":\"https:\/\/livegood.network\/shop\/#\/schema\/logo\/image\/\"},\"sameAs\":[\"https:\/\/www.facebook.com\/livegoodhello\"]}]}<\/script>\n<!-- \/ Yoast SEO Premium plugin. -->","yoast_head_json":{"title":"Cr\u00e9atine + HMB - LiveGooD Shop","robots":{"index":"index","follow":"follow","max-snippet":"max-snippet:-1","max-image-preview":"max-image-preview:large","max-video-preview":"max-video-preview:-1"},"canonical":"https:\/\/livegood.network\/shop\/fr-fr\/product\/creatine-hmb-fr-fr\/","og_locale":"en_US","og_type":"article","og_title":"Cr\u00e9atine + HMB","og_description":"Am\u00e9liorer la force musculaire  R\u00e9duire le temps de r\u00e9cup\u00e9ration \u00a0Promouvoir une endurance maximale  Soutenir la gestion du poids  Soutenir la fonction cognitive","og_url":"https:\/\/livegood.network\/shop\/fr-fr\/product\/creatine-hmb-fr-fr\/","article_publisher":"https:\/\/www.facebook.com\/livegoodhello","article_modified_time":"2024-02-02T18:00:34+00:00","og_image":[{"width":720,"height":720,"url":"https:\/\/livegood.network\/shop\/wp-content\/uploads\/2024\/01\/creatine-hmb-livegood.png","type":"image\/png"}],"twitter_card":"summary_large_image","twitter_misc":{"Est. reading time":"3 minutes"},"schema":{"@context":"https:\/\/schema.org","@graph":[{"@type":"WebPage","@id":"https:\/\/livegood.network\/shop\/fr-fr\/product\/creatine-hmb-fr-fr\/","url":"https:\/\/livegood.network\/shop\/fr-fr\/product\/creatine-hmb-fr-fr\/","name":"Cr\u00e9atine + HMB - LiveGooD Shop","isPartOf":{"@id":"https:\/\/livegood.network\/shop\/#website"},"datePublished":"2024-01-25T13:48:27+00:00","dateModified":"2024-02-02T18:00:34+00:00","breadcrumb":{"@id":"https:\/\/livegood.network\/shop\/fr-fr\/product\/creatine-hmb-fr-fr\/#breadcrumb"},"inLanguage":"en-US","potentialAction":[{"@type":"ReadAction","target":["https:\/\/livegood.network\/shop\/fr-fr\/product\/creatine-hmb-fr-fr\/"]}]},{"@type":"BreadcrumbList","@id":"https:\/\/livegood.network\/shop\/fr-fr\/product\/creatine-hmb-fr-fr\/#breadcrumb","itemListElement":[{"@type":"ListItem","position":1,"name":"Home","item":"https:\/\/livegood.network\/shop\/pt-br\/"},{"@type":"ListItem","position":2,"name":"Shop","item":"https:\/\/livegood.network\/shop\/shop\/"},{"@type":"ListItem","position":3,"name":"Cr\u00e9atine + HMB"}]},{"@type":"WebSite","@id":"https:\/\/livegood.network\/shop\/#website","url":"https:\/\/livegood.network\/shop\/","name":"LiveGooD Shop","description":"","publisher":{"@id":"https:\/\/livegood.network\/shop\/#organization"},"potentialAction":[{"@type":"SearchAction","target":{"@type":"EntryPoint","urlTemplate":"https:\/\/livegood.network\/shop\/?s={search_term_string}"},"query-input":"required name=search_term_string"}],"inLanguage":"en-US"},{"@type":"Organization","@id":"https:\/\/livegood.network\/shop\/#organization","name":"LiveGooD","url":"https:\/\/livegood.network\/shop\/","logo":{"@type":"ImageObject","inLanguage":"en-US","@id":"https:\/\/livegood.network\/shop\/#\/schema\/logo\/image\/","url":"https:\/\/livegood.network\/shop\/wp-content\/uploads\/2024\/01\/logo-livegood-shop-main.png","contentUrl":"https:\/\/livegood.network\/shop\/wp-content\/uploads\/2024\/01\/logo-livegood-shop-main.png","width":373,"height":115,"caption":"LiveGooD"},"image":{"@id":"https:\/\/livegood.network\/shop\/#\/schema\/logo\/image\/"},"sameAs":["https:\/\/www.facebook.com\/livegoodhello"]}]}},"lang":"fr-fr","translations":{"fr-fr":959,"pt-br":971,"pt-pt":961,"en-us":264,"es-es":960,"vi":962,"ru-ru":963,"ko":964},"pll_sync_post":[],"_links":{"self":[{"href":"https:\/\/livegood.network\/shop\/wp-json\/wp\/v2\/product\/959","targetHints":{"allow":["GET"]}}],"collection":[{"href":"https:\/\/livegood.network\/shop\/wp-json\/wp\/v2\/product"}],"about":[{"href":"https:\/\/livegood.network\/shop\/wp-json\/wp\/v2\/types\/product"}],"replies":[{"embeddable":true,"href":"https:\/\/livegood.network\/shop\/wp-json\/wp\/v2\/comments?post=959"}],"version-history":[{"count":1,"href":"https:\/\/livegood.network\/shop\/wp-json\/wp\/v2\/product\/959\/revisions"}],"predecessor-version":[{"id":1612,"href":"https:\/\/livegood.network\/shop\/wp-json\/wp\/v2\/product\/959\/revisions\/1612"}],"wp:featuredmedia":[{"embeddable":true,"href":"https:\/\/livegood.network\/shop\/wp-json\/wp\/v2\/media\/266"}],"wp:attachment":[{"href":"https:\/\/livegood.network\/shop\/wp-json\/wp\/v2\/media?parent=959"}],"wp:term":[{"taxonomy":"product_brand","embeddable":true,"href":"https:\/\/livegood.network\/shop\/wp-json\/wp\/v2\/product_brand?post=959"},{"taxonomy":"product_cat","embeddable":true,"href":"https:\/\/livegood.network\/shop\/wp-json\/wp\/v2\/product_cat?post=959"},{"taxonomy":"product_tag","embeddable":true,"href":"https:\/\/livegood.network\/shop\/wp-json\/wp\/v2\/product_tag?post=959"}],"curies":[{"name":"wp","href":"https:\/\/api.w.org\/{rel}","templated":true}]}}