{"id":960,"date":"2024-01-25T13:47:07","date_gmt":"2024-01-25T13:47:07","guid":{"rendered":"https:\/\/livegood.network\/shop\/?post_type=product&#038;p=960"},"modified":"2024-02-02T18:00:17","modified_gmt":"2024-02-02T18:00:17","slug":"creatine-hmb-es-es","status":"publish","type":"product","link":"https:\/\/livegood.network\/shop\/es-es\/product\/creatine-hmb-es-es\/","title":{"rendered":"Creatina + HMB"},"content":{"rendered":"<p><strong>\u00a1Maximiza tu rendimiento con creatina + HMB!<\/strong><\/p>\n<p><em>\u00a1La creatina ha sido ampliamente investigada como suplemento diet\u00e9tico durante los \u00faltimos 50 a\u00f1os debido a su efectividad del 100% \u00fanica y consistentemente probada!\u00a0\u00a1Esto implica que funciona de manera confiable para cada individuo el 100% del tiempo!<\/em><\/p>\n<p>La creatina, que funciona como combustible para nuestros m\u00fasculos, cerebro y coraz\u00f3n, se produce naturalmente en nuestro cuerpo, pero una parte importante proviene de nuestra dieta y la mayor\u00eda de las personas no consumen lo suficiente a diario.\u00a0En consecuencia, un suministro inadecuado de combustible a los tejidos musculares, el cerebro, el coraz\u00f3n y otros tejidos puede provocar problemas como p\u00e9rdida de masa muscular, calambres, metabolismo lento y velocidades de procesamiento cerebral m\u00e1s lentas.<\/p>\n<p>\u00a1La creatina es un componente esencial para que nuestros cuerpos prosperen!<\/p>\n<p>A medida que avanza la edad, la masa muscular disminuye, lo que provoca afecciones como sarcopenia, resistencia a la insulina, disminuci\u00f3n de la energ\u00eda y la libido, huesos debilitados, movilidad restringida, disminuci\u00f3n de la concentraci\u00f3n, falta de sue\u00f1o, deshidrataci\u00f3n y m\u00e1s.<\/p>\n<p>Creatina + HMB de LiveGood sirve como combustible adicional para los m\u00fasculos, combatiendo eficazmente la p\u00e9rdida muscular y el deterioro cognitivo relacionados con la edad.\u00a0Ayuda a mejorar la masa muscular, la recuperaci\u00f3n, la resistencia, la calidad del sue\u00f1o, la hidrataci\u00f3n e incluso la funci\u00f3n cerebral.<\/p>\n<p>Adem\u00e1s, hemos incorporado Beta-Hidroxi-Beta-Metilbutirato (HMB), que ha demostrado desacelerar la p\u00e9rdida muscular y acelerar la recuperaci\u00f3n muscular.\u00a0Cuando se combina con creatina, el HMB amplifica los efectos sobre el rendimiento y la recuperaci\u00f3n.\u00a0Las investigaciones sugieren que su uso conjunto puede dar lugar a un aumento de la fuerza entre un 10 y un 15 % en menos de 4 semanas.<\/p>\n<p>Creatina + HMB de LiveGood proporciona una raci\u00f3n completa de 5 gramos de monohidrato de creatina y 3 gramos de HMB, sin aditivos adicionales.\u00a0Damos prioridad a lo que se incluye en nuestros productos tanto como a lo que se excluye: sin rellenos, sabores ni aditivos innecesarios.<\/p>\n<p>Libre de cafe\u00edna<\/p>\n<p>Libre de crueldad<\/p>\n<p>Sin gluten<\/p>\n<p>Certificado GMP<\/p>\n<p>Amigable con Keto<\/p>\n<p>No GMO<\/p>\n<p>Sin nueces<\/p>\n<p>Soy-Free<\/p>\n<p>Probado por terceros<\/p>\n<p>Sin az\u00facar<\/p>\n<p><strong>C\u00d3MO UTILIZAR:<\/strong><\/p>\n<p>Mezcle una cucharada en agua o su bebida preferida una vez al d\u00eda.<\/p>\n<p>Consejo profesional:<\/p>\n<p>Considere una dosis de carga de 1 cucharada cuatro veces al d\u00eda durante 5 d\u00edas para lograr resultados en 1 a 2 semanas.\u00a0Sin una dosis de carga, espere ver resultados en 4 a 6 semanas.<\/p>\n<p>Si se combina con un programa de ejercicio regular, t\u00f3melo despu\u00e9s del ejercicio y comb\u00ednelo con carbohidratos.<\/p>\n","protected":false},"excerpt":{"rendered":"<p><img decoding=\"async\" class=\"emoji\" role=\"img\" draggable=\"false\" src=\"https:\/\/s.w.org\/images\/core\/emoji\/14.0.0\/svg\/1f49a.svg\" alt=\"LiveGooD Love\" \/> Mejorar la fuerza muscular<br \/>\n<img decoding=\"async\" class=\"emoji\" role=\"img\" draggable=\"false\" src=\"https:\/\/s.w.org\/images\/core\/emoji\/14.0.0\/svg\/1f49a.svg\" alt=\"LiveGooD Love\" \/> Reducir el tiempo de recuperaci\u00f3n<br \/>\n<img decoding=\"async\" class=\"emoji\" role=\"img\" draggable=\"false\" src=\"https:\/\/s.w.org\/images\/core\/emoji\/14.0.0\/svg\/1f49a.svg\" alt=\"LiveGooD Love\" \/>\u00a0Promover la m\u00e1xima resistencia<br \/>\n<img decoding=\"async\" class=\"emoji\" role=\"img\" draggable=\"false\" src=\"https:\/\/s.w.org\/images\/core\/emoji\/14.0.0\/svg\/1f49a.svg\" alt=\"LiveGooD Love\" \/> Apoyar el control de peso<br \/>\n<img decoding=\"async\" class=\"emoji\" role=\"img\" draggable=\"false\" src=\"https:\/\/s.w.org\/images\/core\/emoji\/14.0.0\/svg\/1f49a.svg\" alt=\"LiveGooD Love\" \/> Apoyar la funci\u00f3n cognitiva<\/p>\n","protected":false},"featured_media":266,"comment_status":"open","ping_status":"closed","template":"","meta":[],"product_brand":[],"product_cat":[212],"product_tag":[],"class_list":{"0":"post-960","1":"product","2":"type-product","3":"status-publish","4":"has-post-thumbnail","6":"product_cat-supplements-es-es","8":"first","9":"instock","10":"sale","11":"shipping-taxable","12":"product-type-external"},"yoast_head":"<!-- This site is optimized with the Yoast SEO Premium plugin v20.6 (Yoast SEO v21.8.1) - https:\/\/yoast.com\/wordpress\/plugins\/seo\/ -->\n<title>Creatina + HMB - LiveGooD Shop<\/title>\n<meta name=\"robots\" content=\"index, follow, max-snippet:-1, max-image-preview:large, max-video-preview:-1\" \/>\n<link rel=\"canonical\" href=\"https:\/\/livegood.network\/shop\/es-es\/product\/creatine-hmb-es-es\/\" \/>\n<meta property=\"og:locale\" content=\"en_US\" \/>\n<meta property=\"og:type\" content=\"article\" \/>\n<meta property=\"og:title\" content=\"Creatina + HMB\" \/>\n<meta property=\"og:description\" content=\"Mejorar la fuerza muscular  Reducir el tiempo de recuperaci\u00f3n \u00a0Promover la m\u00e1xima resistencia  Apoyar el control de peso  Apoyar la funci\u00f3n cognitiva\" \/>\n<meta property=\"og:url\" content=\"https:\/\/livegood.network\/shop\/es-es\/product\/creatine-hmb-es-es\/\" \/>\n<meta property=\"article:publisher\" content=\"https:\/\/www.facebook.com\/livegoodhello\" \/>\n<meta property=\"article:modified_time\" content=\"2024-02-02T18:00:17+00:00\" \/>\n<meta property=\"og:image\" content=\"https:\/\/livegood.network\/shop\/wp-content\/uploads\/2024\/01\/creatine-hmb-livegood.png\" \/>\n\t<meta property=\"og:image:width\" content=\"720\" \/>\n\t<meta property=\"og:image:height\" content=\"720\" \/>\n\t<meta property=\"og:image:type\" content=\"image\/png\" \/>\n<meta name=\"twitter:card\" content=\"summary_large_image\" \/>\n<meta name=\"twitter:label1\" content=\"Est. reading time\" \/>\n\t<meta name=\"twitter:data1\" content=\"3 minutes\" \/>\n<script type=\"application\/ld+json\" class=\"yoast-schema-graph\">{\"@context\":\"https:\/\/schema.org\",\"@graph\":[{\"@type\":\"WebPage\",\"@id\":\"https:\/\/livegood.network\/shop\/es-es\/product\/creatine-hmb-es-es\/\",\"url\":\"https:\/\/livegood.network\/shop\/es-es\/product\/creatine-hmb-es-es\/\",\"name\":\"Creatina + HMB - LiveGooD Shop\",\"isPartOf\":{\"@id\":\"https:\/\/livegood.network\/shop\/#website\"},\"datePublished\":\"2024-01-25T13:47:07+00:00\",\"dateModified\":\"2024-02-02T18:00:17+00:00\",\"breadcrumb\":{\"@id\":\"https:\/\/livegood.network\/shop\/es-es\/product\/creatine-hmb-es-es\/#breadcrumb\"},\"inLanguage\":\"en-US\",\"potentialAction\":[{\"@type\":\"ReadAction\",\"target\":[\"https:\/\/livegood.network\/shop\/es-es\/product\/creatine-hmb-es-es\/\"]}]},{\"@type\":\"BreadcrumbList\",\"@id\":\"https:\/\/livegood.network\/shop\/es-es\/product\/creatine-hmb-es-es\/#breadcrumb\",\"itemListElement\":[{\"@type\":\"ListItem\",\"position\":1,\"name\":\"Home\",\"item\":\"https:\/\/livegood.network\/shop\/pt-br\/\"},{\"@type\":\"ListItem\",\"position\":2,\"name\":\"Shop\",\"item\":\"https:\/\/livegood.network\/shop\/shop\/\"},{\"@type\":\"ListItem\",\"position\":3,\"name\":\"Creatina + HMB\"}]},{\"@type\":\"WebSite\",\"@id\":\"https:\/\/livegood.network\/shop\/#website\",\"url\":\"https:\/\/livegood.network\/shop\/\",\"name\":\"LiveGooD Shop\",\"description\":\"\",\"publisher\":{\"@id\":\"https:\/\/livegood.network\/shop\/#organization\"},\"potentialAction\":[{\"@type\":\"SearchAction\",\"target\":{\"@type\":\"EntryPoint\",\"urlTemplate\":\"https:\/\/livegood.network\/shop\/?s={search_term_string}\"},\"query-input\":\"required name=search_term_string\"}],\"inLanguage\":\"en-US\"},{\"@type\":\"Organization\",\"@id\":\"https:\/\/livegood.network\/shop\/#organization\",\"name\":\"LiveGooD\",\"url\":\"https:\/\/livegood.network\/shop\/\",\"logo\":{\"@type\":\"ImageObject\",\"inLanguage\":\"en-US\",\"@id\":\"https:\/\/livegood.network\/shop\/#\/schema\/logo\/image\/\",\"url\":\"https:\/\/livegood.network\/shop\/wp-content\/uploads\/2024\/01\/logo-livegood-shop-main.png\",\"contentUrl\":\"https:\/\/livegood.network\/shop\/wp-content\/uploads\/2024\/01\/logo-livegood-shop-main.png\",\"width\":373,\"height\":115,\"caption\":\"LiveGooD\"},\"image\":{\"@id\":\"https:\/\/livegood.network\/shop\/#\/schema\/logo\/image\/\"},\"sameAs\":[\"https:\/\/www.facebook.com\/livegoodhello\"]}]}<\/script>\n<!-- \/ Yoast SEO Premium plugin. -->","yoast_head_json":{"title":"Creatina + HMB - LiveGooD Shop","robots":{"index":"index","follow":"follow","max-snippet":"max-snippet:-1","max-image-preview":"max-image-preview:large","max-video-preview":"max-video-preview:-1"},"canonical":"https:\/\/livegood.network\/shop\/es-es\/product\/creatine-hmb-es-es\/","og_locale":"en_US","og_type":"article","og_title":"Creatina + HMB","og_description":"Mejorar la fuerza muscular  Reducir el tiempo de recuperaci\u00f3n \u00a0Promover la m\u00e1xima resistencia  Apoyar el control de peso  Apoyar la funci\u00f3n cognitiva","og_url":"https:\/\/livegood.network\/shop\/es-es\/product\/creatine-hmb-es-es\/","article_publisher":"https:\/\/www.facebook.com\/livegoodhello","article_modified_time":"2024-02-02T18:00:17+00:00","og_image":[{"width":720,"height":720,"url":"https:\/\/livegood.network\/shop\/wp-content\/uploads\/2024\/01\/creatine-hmb-livegood.png","type":"image\/png"}],"twitter_card":"summary_large_image","twitter_misc":{"Est. reading time":"3 minutes"},"schema":{"@context":"https:\/\/schema.org","@graph":[{"@type":"WebPage","@id":"https:\/\/livegood.network\/shop\/es-es\/product\/creatine-hmb-es-es\/","url":"https:\/\/livegood.network\/shop\/es-es\/product\/creatine-hmb-es-es\/","name":"Creatina + HMB - LiveGooD Shop","isPartOf":{"@id":"https:\/\/livegood.network\/shop\/#website"},"datePublished":"2024-01-25T13:47:07+00:00","dateModified":"2024-02-02T18:00:17+00:00","breadcrumb":{"@id":"https:\/\/livegood.network\/shop\/es-es\/product\/creatine-hmb-es-es\/#breadcrumb"},"inLanguage":"en-US","potentialAction":[{"@type":"ReadAction","target":["https:\/\/livegood.network\/shop\/es-es\/product\/creatine-hmb-es-es\/"]}]},{"@type":"BreadcrumbList","@id":"https:\/\/livegood.network\/shop\/es-es\/product\/creatine-hmb-es-es\/#breadcrumb","itemListElement":[{"@type":"ListItem","position":1,"name":"Home","item":"https:\/\/livegood.network\/shop\/pt-br\/"},{"@type":"ListItem","position":2,"name":"Shop","item":"https:\/\/livegood.network\/shop\/shop\/"},{"@type":"ListItem","position":3,"name":"Creatina + HMB"}]},{"@type":"WebSite","@id":"https:\/\/livegood.network\/shop\/#website","url":"https:\/\/livegood.network\/shop\/","name":"LiveGooD Shop","description":"","publisher":{"@id":"https:\/\/livegood.network\/shop\/#organization"},"potentialAction":[{"@type":"SearchAction","target":{"@type":"EntryPoint","urlTemplate":"https:\/\/livegood.network\/shop\/?s={search_term_string}"},"query-input":"required name=search_term_string"}],"inLanguage":"en-US"},{"@type":"Organization","@id":"https:\/\/livegood.network\/shop\/#organization","name":"LiveGooD","url":"https:\/\/livegood.network\/shop\/","logo":{"@type":"ImageObject","inLanguage":"en-US","@id":"https:\/\/livegood.network\/shop\/#\/schema\/logo\/image\/","url":"https:\/\/livegood.network\/shop\/wp-content\/uploads\/2024\/01\/logo-livegood-shop-main.png","contentUrl":"https:\/\/livegood.network\/shop\/wp-content\/uploads\/2024\/01\/logo-livegood-shop-main.png","width":373,"height":115,"caption":"LiveGooD"},"image":{"@id":"https:\/\/livegood.network\/shop\/#\/schema\/logo\/image\/"},"sameAs":["https:\/\/www.facebook.com\/livegoodhello"]}]}},"lang":"es-es","translations":{"es-es":960,"pt-br":971,"pt-pt":961,"en-us":264,"fr-fr":959,"vi":962,"ru-ru":963,"ko":964},"pll_sync_post":[],"_links":{"self":[{"href":"https:\/\/livegood.network\/shop\/wp-json\/wp\/v2\/product\/960","targetHints":{"allow":["GET"]}}],"collection":[{"href":"https:\/\/livegood.network\/shop\/wp-json\/wp\/v2\/product"}],"about":[{"href":"https:\/\/livegood.network\/shop\/wp-json\/wp\/v2\/types\/product"}],"replies":[{"embeddable":true,"href":"https:\/\/livegood.network\/shop\/wp-json\/wp\/v2\/comments?post=960"}],"version-history":[{"count":1,"href":"https:\/\/livegood.network\/shop\/wp-json\/wp\/v2\/product\/960\/revisions"}],"predecessor-version":[{"id":1611,"href":"https:\/\/livegood.network\/shop\/wp-json\/wp\/v2\/product\/960\/revisions\/1611"}],"wp:featuredmedia":[{"embeddable":true,"href":"https:\/\/livegood.network\/shop\/wp-json\/wp\/v2\/media\/266"}],"wp:attachment":[{"href":"https:\/\/livegood.network\/shop\/wp-json\/wp\/v2\/media?parent=960"}],"wp:term":[{"taxonomy":"product_brand","embeddable":true,"href":"https:\/\/livegood.network\/shop\/wp-json\/wp\/v2\/product_brand?post=960"},{"taxonomy":"product_cat","embeddable":true,"href":"https:\/\/livegood.network\/shop\/wp-json\/wp\/v2\/product_cat?post=960"},{"taxonomy":"product_tag","embeddable":true,"href":"https:\/\/livegood.network\/shop\/wp-json\/wp\/v2\/product_tag?post=960"}],"curies":[{"name":"wp","href":"https:\/\/api.w.org\/{rel}","templated":true}]}}