{"id":962,"date":"2024-01-25T13:43:02","date_gmt":"2024-01-25T13:43:02","guid":{"rendered":"https:\/\/livegood.network\/shop\/?post_type=product&#038;p=962"},"modified":"2024-02-02T18:01:37","modified_gmt":"2024-02-02T18:01:37","slug":"creatine-hmb-vi","status":"publish","type":"product","link":"https:\/\/livegood.network\/shop\/vi\/product\/creatine-hmb-vi\/","title":{"rendered":"Creatine + HMB"},"content":{"rendered":"<p><strong>T\u1ed1i \u0111a h\u00f3a hi\u1ec7u su\u1ea5t c\u1ee7a b\u1ea1n v\u1edbi Creatine + HMB!<\/strong><\/p>\n<p><em>Creatine \u0111\u00e3 \u0111\u01b0\u1ee3c nghi\u00ean c\u1ee9u r\u1ed9ng r\u00e3i nh\u01b0 m\u1ed9t lo\u1ea1i th\u1ef1c ph\u1ea9m b\u1ed5 sung trong ch\u1ebf \u0111\u1ed9 \u0103n u\u1ed1ng trong 50 n\u0103m qua do t\u00ednh hi\u1ec7u qu\u1ea3 100% \u0111\u1ed9c \u0111\u00e1o v\u00e0 \u0111\u01b0\u1ee3c ch\u1ee9ng minh nh\u1ea5t qu\u00e1n c\u1ee7a n\u00f3!\u00a0\u0110i\u1ec1u n\u00e0y ng\u1ee5 \u00fd r\u1eb1ng n\u00f3 ho\u1ea1t \u0111\u1ed9ng \u0111\u00e1ng tin c\u1eady cho m\u1ecdi c\u00e1 nh\u00e2n 100% m\u1ecdi l\u00fac!<\/em><\/p>\n<p>Ho\u1ea1t \u0111\u1ed9ng nh\u01b0 nhi\u00ean li\u1ec7u cho c\u01a1 b\u1eafp, n\u00e3o v\u00e0 tim, creatine \u0111\u01b0\u1ee3c s\u1ea3n xu\u1ea5t t\u1ef1 nhi\u00ean trong c\u01a1 th\u1ec3 ch\u00fang ta, nh\u01b0ng m\u1ed9t ph\u1ea7n \u0111\u00e1ng k\u1ec3 \u0111\u1ebfn t\u1eeb ch\u1ebf \u0111\u1ed9 \u0103n u\u1ed1ng c\u1ee7a ch\u00fang ta v\u00e0 h\u1ea7u h\u1ebft m\u1ecdi ng\u01b0\u1eddi kh\u00f4ng ti\u00eau th\u1ee5 \u0111\u1ee7 h\u00e0ng ng\u00e0y.\u00a0Do \u0111\u00f3, vi\u1ec7c cung c\u1ea5p kh\u00f4ng \u0111\u1ee7 nhi\u00ean li\u1ec7u cho c\u00e1c m\u00f4 c\u01a1, n\u00e3o, tim v\u00e0 c\u00e1c m\u00f4 kh\u00e1c c\u00f3 th\u1ec3 d\u1eabn \u0111\u1ebfn c\u00e1c v\u1ea5n \u0111\u1ec1 nh\u01b0 m\u1ea5t c\u01a1, chu\u1ed9t r\u00fat, trao \u0111\u1ed5i ch\u1ea5t ch\u1eadm v\u00e0 t\u1ed1c \u0111\u1ed9 x\u1eed l\u00fd n\u00e3o ch\u1eadm h\u01a1n.<\/p>\n<p>Creatine l\u00e0 th\u00e0nh ph\u1ea7n thi\u1ebft y\u1ebfu \u0111\u1ec3 c\u01a1 th\u1ec3 ch\u00fang ta ph\u00e1t tri\u1ec3n m\u1ea1nh m\u1ebd!<\/p>\n<p>Khi tu\u1ed5i c\u00e0ng cao, kh\u1ed1i l\u01b0\u1ee3ng c\u01a1 b\u1eafp gi\u1ea3m \u0111i, d\u1eabn \u0111\u1ebfn c\u00e1c t\u00ecnh tr\u1ea1ng nh\u01b0 thi\u1ec3u c\u01a1, kh\u00e1ng insulin, gi\u1ea3m n\u0103ng l\u01b0\u1ee3ng v\u00e0 ham mu\u1ed1n t\u00ecnh d\u1ee5c, x\u01b0\u01a1ng y\u1ebfu, kh\u1ea3 n\u0103ng v\u1eadn \u0111\u1ed9ng h\u1ea1n ch\u1ebf, gi\u1ea3m kh\u1ea3 n\u0103ng t\u1eadp trung, ng\u1ee7 k\u00e9m, m\u1ea5t n\u01b0\u1edbc, v.v.<\/p>\n<p>Creatine + HMB c\u1ee7a LiveGood \u0111\u00f3ng vai tr\u00f2 l\u00e0 nhi\u00ean li\u1ec7u b\u1ed5 sung cho c\u01a1 b\u1eafp c\u1ee7a b\u1ea1n, ch\u1ed1ng l\u1ea1i t\u00ecnh tr\u1ea1ng m\u1ea5t c\u01a1 b\u1eafp v\u00e0 suy gi\u1ea3m nh\u1eadn th\u1ee9c do tu\u1ed5i t\u00e1c m\u1ed9t c\u00e1ch hi\u1ec7u qu\u1ea3.\u00a0N\u00f3 h\u1ed7 tr\u1ee3 t\u0103ng c\u01b0\u1eddng kh\u1ed1i l\u01b0\u1ee3ng c\u01a1 b\u1eafp, ph\u1ee5c h\u1ed3i, s\u1ee9c b\u1ec1n, s\u1ee9c ch\u1ecbu \u0111\u1ef1ng, ch\u1ea5t l\u01b0\u1ee3ng gi\u1ea5c ng\u1ee7, hydrat h\u00f3a v\u00e0 th\u1eadm ch\u00ed c\u1ea3 ch\u1ee9c n\u0103ng n\u00e3o.<\/p>\n<p>H\u01a1n n\u1eefa, ch\u00fang t\u00f4i \u0111\u00e3 k\u1ebft h\u1ee3p Beta-Hydroxy-Beta-Methylbutyrate (HMB), \u0111\u01b0\u1ee3c ch\u1ee9ng minh l\u00e0 c\u00f3 t\u00e1c d\u1ee5ng gi\u1ea3m t\u1ed1c \u0111\u1ed9 m\u1ea5t c\u01a1 v\u00e0 \u0111\u1ea9y nhanh qu\u00e1 tr\u00ecnh ph\u1ee5c h\u1ed3i c\u01a1.\u00a0Khi k\u1ebft h\u1ee3p v\u1edbi Creatine, HMB s\u1ebd t\u0103ng c\u01b0\u1eddng t\u00e1c \u0111\u1ed9ng l\u00ean hi\u1ec7u su\u1ea5t v\u00e0 kh\u1ea3 n\u0103ng ph\u1ee5c h\u1ed3i.\u00a0Nghi\u00ean c\u1ee9u cho th\u1ea5y r\u1eb1ng vi\u1ec7c s\u1eed d\u1ee5ng kh\u1edbp c\u1ee7a h\u1ecd c\u00f3 th\u1ec3 gi\u00fap t\u0103ng s\u1ee9c m\u1ea1nh 10-15% trong v\u00f2ng ch\u01b0a \u0111\u1ea7y 4 tu\u1ea7n.<\/p>\n<p>LiveGood&#8217;s Creatine + HMB cung c\u1ea5p \u0111\u1ea7y \u0111\u1ee7 5 gam creatine monohydrate v\u00e0 3 gam HMB m\u00e0 kh\u00f4ng c\u1ea7n th\u00eam ch\u1ea5t ph\u1ee5 gia.\u00a0Ch\u00fang t\u00f4i \u01b0u ti\u00ean nh\u1eefng g\u00ec c\u00f3 trong s\u1ea3n ph\u1ea9m c\u1ee7a m\u00ecnh c\u0169ng nh\u01b0 nh\u1eefng g\u00ec b\u1ecb lo\u1ea1i tr\u1eeb\u2014kh\u00f4ng c\u00f3 ch\u1ea5t \u0111\u1ed9n, h\u01b0\u01a1ng v\u1ecb ho\u1eb7c ch\u1ea5t ph\u1ee5 gia kh\u00f4ng c\u1ea7n thi\u1ebft.<\/p>\n<p>Kh\u00f4ng ch\u1ee9a caffein<\/p>\n<p>T\u00e0n \u00e1c mi\u1ec5n ph\u00ed<\/p>\n<p>Kh\u00f4ng ch\u1ee9a gluten<\/p>\n<p>Ch\u1ee9ng nh\u1eadn GMP<\/p>\n<p>Th\u00e2n thi\u1ec7n v\u1edbi Keto<\/p>\n<p>Kh\u00f4ng bi\u1ebfn \u0111\u1ed5i gen<\/p>\n<p>Kh\u00f4ng c\u00f3 h\u1ea1t<\/p>\n<p>Kh\u00f4ng c\u00f3 \u0111\u1eadu n\u00e0nh<\/p>\n<p>\u0110\u00e3 \u0111\u01b0\u1ee3c b\u00ean th\u1ee9 ba ki\u1ec3m tra<\/p>\n<p>Kh\u00f4ng \u0111\u01b0\u1eddng<\/p>\n<p><strong>C\u00c1CH S\u1eec D\u1ee4NG:<\/strong><\/p>\n<p>Tr\u1ed9n m\u1ed9t mu\u1ed7ng v\u00e0o n\u01b0\u1edbc ho\u1eb7c \u0111\u1ed3 u\u1ed1ng \u01b0a th\u00edch c\u1ee7a b\u1ea1n m\u1ed7i ng\u00e0y m\u1ed9t l\u1ea7n.<\/p>\n<p>M\u1eb9o chuy\u00ean nghi\u1ec7p:<\/p>\n<p>C\u00e2n nh\u1eafc d\u00f9ng li\u1ec1u n\u1ea1p 1 mu\u1ed7ng b\u1ed1n l\u1ea7n m\u1ed9t ng\u00e0y trong 5 ng\u00e0y \u0111\u1ec3 \u0111\u1ea1t \u0111\u01b0\u1ee3c k\u1ebft qu\u1ea3 sau 1-2 tu\u1ea7n.\u00a0N\u1ebfu kh\u00f4ng d\u00f9ng li\u1ec1u n\u1ea1p, b\u1ea1n s\u1ebd th\u1ea5y k\u1ebft qu\u1ea3 sau 4 &#8211; 6 tu\u1ea7n.<\/p>\n<p>N\u1ebfu k\u1ebft h\u1ee3p v\u1edbi ch\u01b0\u01a1ng tr\u00ecnh t\u1eadp luy\u1ec7n th\u01b0\u1eddng xuy\u00ean th\u00ec n\u00ean d\u00f9ng sau khi t\u1eadp luy\u1ec7n v\u00e0 k\u1ebft h\u1ee3p v\u1edbi carbohydrate.<\/p>\n","protected":false},"excerpt":{"rendered":"<p><img decoding=\"async\" class=\"emoji\" role=\"img\" draggable=\"false\" src=\"https:\/\/s.w.org\/images\/core\/emoji\/14.0.0\/svg\/1f49a.svg\" alt=\"LiveGooD Love\" \/> C\u1ea3i thi\u1ec7n s\u1ee9c m\u1ea1nh c\u01a1 b\u1eafp<br \/>\n<img decoding=\"async\" class=\"emoji\" role=\"img\" draggable=\"false\" src=\"https:\/\/s.w.org\/images\/core\/emoji\/14.0.0\/svg\/1f49a.svg\" alt=\"LiveGooD Love\" \/> Gi\u1ea3m th\u1eddi gian ph\u1ee5c h\u1ed3i<br \/>\n<img decoding=\"async\" class=\"emoji\" role=\"img\" draggable=\"false\" src=\"https:\/\/s.w.org\/images\/core\/emoji\/14.0.0\/svg\/1f49a.svg\" alt=\"LiveGooD Love\" \/>\u00a0T\u0103ng c\u01b0\u1eddng s\u1ee9c b\u1ec1n t\u1ed1i \u0111a<br \/>\n<img decoding=\"async\" class=\"emoji\" role=\"img\" draggable=\"false\" src=\"https:\/\/s.w.org\/images\/core\/emoji\/14.0.0\/svg\/1f49a.svg\" alt=\"LiveGooD Love\" \/> H\u1ed7 tr\u1ee3 qu\u1ea3n l\u00fd c\u00e2n n\u1eb7ng<br \/>\n<img decoding=\"async\" class=\"emoji\" role=\"img\" draggable=\"false\" src=\"https:\/\/s.w.org\/images\/core\/emoji\/14.0.0\/svg\/1f49a.svg\" alt=\"LiveGooD Love\" \/> H\u1ed7 tr\u1ee3 ch\u1ee9c n\u0103ng nh\u1eadn th\u1ee9c<\/p>\n","protected":false},"featured_media":266,"comment_status":"open","ping_status":"closed","template":"","meta":[],"product_brand":[],"product_cat":[219],"product_tag":[],"class_list":{"0":"post-962","1":"product","2":"type-product","3":"status-publish","4":"has-post-thumbnail","6":"product_cat-supplements-vi","8":"first","9":"instock","10":"sale","11":"shipping-taxable","12":"product-type-external"},"yoast_head":"<!-- This site is optimized with the Yoast SEO Premium plugin v20.6 (Yoast SEO v21.8.1) - https:\/\/yoast.com\/wordpress\/plugins\/seo\/ -->\n<title>Creatine + HMB - LiveGooD Shop<\/title>\n<meta name=\"robots\" content=\"index, follow, max-snippet:-1, max-image-preview:large, max-video-preview:-1\" \/>\n<link rel=\"canonical\" href=\"https:\/\/livegood.network\/shop\/vi\/product\/creatine-hmb-vi\/\" \/>\n<meta property=\"og:locale\" content=\"en_US\" \/>\n<meta property=\"og:type\" content=\"article\" \/>\n<meta property=\"og:title\" content=\"Creatine + HMB\" \/>\n<meta property=\"og:description\" content=\"C\u1ea3i thi\u1ec7n s\u1ee9c m\u1ea1nh c\u01a1 b\u1eafp  Gi\u1ea3m th\u1eddi gian ph\u1ee5c h\u1ed3i \u00a0T\u0103ng c\u01b0\u1eddng s\u1ee9c b\u1ec1n t\u1ed1i \u0111a  H\u1ed7 tr\u1ee3 qu\u1ea3n l\u00fd c\u00e2n n\u1eb7ng  H\u1ed7 tr\u1ee3 ch\u1ee9c n\u0103ng nh\u1eadn th\u1ee9c\" \/>\n<meta property=\"og:url\" content=\"https:\/\/livegood.network\/shop\/vi\/product\/creatine-hmb-vi\/\" \/>\n<meta property=\"article:publisher\" content=\"https:\/\/www.facebook.com\/livegoodhello\" \/>\n<meta property=\"article:modified_time\" content=\"2024-02-02T18:01:37+00:00\" \/>\n<meta property=\"og:image\" content=\"https:\/\/livegood.network\/shop\/wp-content\/uploads\/2024\/01\/creatine-hmb-livegood.png\" \/>\n\t<meta property=\"og:image:width\" content=\"720\" \/>\n\t<meta property=\"og:image:height\" content=\"720\" \/>\n\t<meta property=\"og:image:type\" content=\"image\/png\" \/>\n<meta name=\"twitter:card\" content=\"summary_large_image\" \/>\n<meta name=\"twitter:label1\" content=\"Est. reading time\" \/>\n\t<meta name=\"twitter:data1\" content=\"3 minutes\" \/>\n<script type=\"application\/ld+json\" class=\"yoast-schema-graph\">{\"@context\":\"https:\/\/schema.org\",\"@graph\":[{\"@type\":\"WebPage\",\"@id\":\"https:\/\/livegood.network\/shop\/vi\/product\/creatine-hmb-vi\/\",\"url\":\"https:\/\/livegood.network\/shop\/vi\/product\/creatine-hmb-vi\/\",\"name\":\"Creatine + HMB - LiveGooD Shop\",\"isPartOf\":{\"@id\":\"https:\/\/livegood.network\/shop\/#website\"},\"datePublished\":\"2024-01-25T13:43:02+00:00\",\"dateModified\":\"2024-02-02T18:01:37+00:00\",\"breadcrumb\":{\"@id\":\"https:\/\/livegood.network\/shop\/vi\/product\/creatine-hmb-vi\/#breadcrumb\"},\"inLanguage\":\"en-US\",\"potentialAction\":[{\"@type\":\"ReadAction\",\"target\":[\"https:\/\/livegood.network\/shop\/vi\/product\/creatine-hmb-vi\/\"]}]},{\"@type\":\"BreadcrumbList\",\"@id\":\"https:\/\/livegood.network\/shop\/vi\/product\/creatine-hmb-vi\/#breadcrumb\",\"itemListElement\":[{\"@type\":\"ListItem\",\"position\":1,\"name\":\"Home\",\"item\":\"https:\/\/livegood.network\/shop\/pt-br\/\"},{\"@type\":\"ListItem\",\"position\":2,\"name\":\"Shop\",\"item\":\"https:\/\/livegood.network\/shop\/shop\/\"},{\"@type\":\"ListItem\",\"position\":3,\"name\":\"Creatine + HMB\"}]},{\"@type\":\"WebSite\",\"@id\":\"https:\/\/livegood.network\/shop\/#website\",\"url\":\"https:\/\/livegood.network\/shop\/\",\"name\":\"LiveGooD Shop\",\"description\":\"\",\"publisher\":{\"@id\":\"https:\/\/livegood.network\/shop\/#organization\"},\"potentialAction\":[{\"@type\":\"SearchAction\",\"target\":{\"@type\":\"EntryPoint\",\"urlTemplate\":\"https:\/\/livegood.network\/shop\/?s={search_term_string}\"},\"query-input\":\"required name=search_term_string\"}],\"inLanguage\":\"en-US\"},{\"@type\":\"Organization\",\"@id\":\"https:\/\/livegood.network\/shop\/#organization\",\"name\":\"LiveGooD\",\"url\":\"https:\/\/livegood.network\/shop\/\",\"logo\":{\"@type\":\"ImageObject\",\"inLanguage\":\"en-US\",\"@id\":\"https:\/\/livegood.network\/shop\/#\/schema\/logo\/image\/\",\"url\":\"https:\/\/livegood.network\/shop\/wp-content\/uploads\/2024\/01\/logo-livegood-shop-main.png\",\"contentUrl\":\"https:\/\/livegood.network\/shop\/wp-content\/uploads\/2024\/01\/logo-livegood-shop-main.png\",\"width\":373,\"height\":115,\"caption\":\"LiveGooD\"},\"image\":{\"@id\":\"https:\/\/livegood.network\/shop\/#\/schema\/logo\/image\/\"},\"sameAs\":[\"https:\/\/www.facebook.com\/livegoodhello\"]}]}<\/script>\n<!-- \/ Yoast SEO Premium plugin. -->","yoast_head_json":{"title":"Creatine + HMB - LiveGooD Shop","robots":{"index":"index","follow":"follow","max-snippet":"max-snippet:-1","max-image-preview":"max-image-preview:large","max-video-preview":"max-video-preview:-1"},"canonical":"https:\/\/livegood.network\/shop\/vi\/product\/creatine-hmb-vi\/","og_locale":"en_US","og_type":"article","og_title":"Creatine + HMB","og_description":"C\u1ea3i thi\u1ec7n s\u1ee9c m\u1ea1nh c\u01a1 b\u1eafp  Gi\u1ea3m th\u1eddi gian ph\u1ee5c h\u1ed3i \u00a0T\u0103ng c\u01b0\u1eddng s\u1ee9c b\u1ec1n t\u1ed1i \u0111a  H\u1ed7 tr\u1ee3 qu\u1ea3n l\u00fd c\u00e2n n\u1eb7ng  H\u1ed7 tr\u1ee3 ch\u1ee9c n\u0103ng nh\u1eadn th\u1ee9c","og_url":"https:\/\/livegood.network\/shop\/vi\/product\/creatine-hmb-vi\/","article_publisher":"https:\/\/www.facebook.com\/livegoodhello","article_modified_time":"2024-02-02T18:01:37+00:00","og_image":[{"width":720,"height":720,"url":"https:\/\/livegood.network\/shop\/wp-content\/uploads\/2024\/01\/creatine-hmb-livegood.png","type":"image\/png"}],"twitter_card":"summary_large_image","twitter_misc":{"Est. reading time":"3 minutes"},"schema":{"@context":"https:\/\/schema.org","@graph":[{"@type":"WebPage","@id":"https:\/\/livegood.network\/shop\/vi\/product\/creatine-hmb-vi\/","url":"https:\/\/livegood.network\/shop\/vi\/product\/creatine-hmb-vi\/","name":"Creatine + HMB - LiveGooD Shop","isPartOf":{"@id":"https:\/\/livegood.network\/shop\/#website"},"datePublished":"2024-01-25T13:43:02+00:00","dateModified":"2024-02-02T18:01:37+00:00","breadcrumb":{"@id":"https:\/\/livegood.network\/shop\/vi\/product\/creatine-hmb-vi\/#breadcrumb"},"inLanguage":"en-US","potentialAction":[{"@type":"ReadAction","target":["https:\/\/livegood.network\/shop\/vi\/product\/creatine-hmb-vi\/"]}]},{"@type":"BreadcrumbList","@id":"https:\/\/livegood.network\/shop\/vi\/product\/creatine-hmb-vi\/#breadcrumb","itemListElement":[{"@type":"ListItem","position":1,"name":"Home","item":"https:\/\/livegood.network\/shop\/pt-br\/"},{"@type":"ListItem","position":2,"name":"Shop","item":"https:\/\/livegood.network\/shop\/shop\/"},{"@type":"ListItem","position":3,"name":"Creatine + HMB"}]},{"@type":"WebSite","@id":"https:\/\/livegood.network\/shop\/#website","url":"https:\/\/livegood.network\/shop\/","name":"LiveGooD Shop","description":"","publisher":{"@id":"https:\/\/livegood.network\/shop\/#organization"},"potentialAction":[{"@type":"SearchAction","target":{"@type":"EntryPoint","urlTemplate":"https:\/\/livegood.network\/shop\/?s={search_term_string}"},"query-input":"required name=search_term_string"}],"inLanguage":"en-US"},{"@type":"Organization","@id":"https:\/\/livegood.network\/shop\/#organization","name":"LiveGooD","url":"https:\/\/livegood.network\/shop\/","logo":{"@type":"ImageObject","inLanguage":"en-US","@id":"https:\/\/livegood.network\/shop\/#\/schema\/logo\/image\/","url":"https:\/\/livegood.network\/shop\/wp-content\/uploads\/2024\/01\/logo-livegood-shop-main.png","contentUrl":"https:\/\/livegood.network\/shop\/wp-content\/uploads\/2024\/01\/logo-livegood-shop-main.png","width":373,"height":115,"caption":"LiveGooD"},"image":{"@id":"https:\/\/livegood.network\/shop\/#\/schema\/logo\/image\/"},"sameAs":["https:\/\/www.facebook.com\/livegoodhello"]}]}},"lang":"vi","translations":{"vi":962,"pt-br":971,"pt-pt":961,"en-us":264,"fr-fr":959,"es-es":960,"ru-ru":963,"ko":964},"pll_sync_post":[],"_links":{"self":[{"href":"https:\/\/livegood.network\/shop\/wp-json\/wp\/v2\/product\/962","targetHints":{"allow":["GET"]}}],"collection":[{"href":"https:\/\/livegood.network\/shop\/wp-json\/wp\/v2\/product"}],"about":[{"href":"https:\/\/livegood.network\/shop\/wp-json\/wp\/v2\/types\/product"}],"replies":[{"embeddable":true,"href":"https:\/\/livegood.network\/shop\/wp-json\/wp\/v2\/comments?post=962"}],"version-history":[{"count":1,"href":"https:\/\/livegood.network\/shop\/wp-json\/wp\/v2\/product\/962\/revisions"}],"predecessor-version":[{"id":1615,"href":"https:\/\/livegood.network\/shop\/wp-json\/wp\/v2\/product\/962\/revisions\/1615"}],"wp:featuredmedia":[{"embeddable":true,"href":"https:\/\/livegood.network\/shop\/wp-json\/wp\/v2\/media\/266"}],"wp:attachment":[{"href":"https:\/\/livegood.network\/shop\/wp-json\/wp\/v2\/media?parent=962"}],"wp:term":[{"taxonomy":"product_brand","embeddable":true,"href":"https:\/\/livegood.network\/shop\/wp-json\/wp\/v2\/product_brand?post=962"},{"taxonomy":"product_cat","embeddable":true,"href":"https:\/\/livegood.network\/shop\/wp-json\/wp\/v2\/product_cat?post=962"},{"taxonomy":"product_tag","embeddable":true,"href":"https:\/\/livegood.network\/shop\/wp-json\/wp\/v2\/product_tag?post=962"}],"curies":[{"name":"wp","href":"https:\/\/api.w.org\/{rel}","templated":true}]}}