{"id":971,"date":"2024-01-25T13:45:17","date_gmt":"2024-01-25T13:45:17","guid":{"rendered":"https:\/\/livegood.network\/shop\/?post_type=product&#038;p=971"},"modified":"2024-02-02T18:00:54","modified_gmt":"2024-02-02T18:00:54","slug":"creatine-hmb-pt-br","status":"publish","type":"product","link":"https:\/\/livegood.network\/shop\/pt-br\/product\/creatine-hmb-pt-br\/","title":{"rendered":"Creatina + HMB"},"content":{"rendered":"<p><strong>Maximize o seu desempenho com Creatina + HMB!<\/strong><\/p>\n<p><em>A creatina tem sido extensivamente pesquisada como suplemento diet\u00e9tico nos \u00faltimos 50 anos devido \u00e0 sua efic\u00e1cia \u00fanica e consistentemente comprovada de 100%!\u00a0Isto implica que funciona de forma confi\u00e1vel para cada indiv\u00edduo 100% do tempo!<\/em><\/p>\n<p>Funcionando como combust\u00edvel para os nossos m\u00fasculos, c\u00e9rebro e cora\u00e7\u00e3o, a creatina \u00e9 produzida naturalmente no nosso corpo, mas uma por\u00e7\u00e3o significativa vem da nossa dieta, e a maioria das pessoas n\u00e3o consome o suficiente diariamente.\u00a0Consequentemente, o fornecimento inadequado de combust\u00edvel aos tecidos musculares, ao c\u00e9rebro, ao cora\u00e7\u00e3o e a outros tecidos pode resultar em problemas como perda muscular, c\u00e3ibras, metabolismo lento e velocidades de processamento cerebral mais lentas.<\/p>\n<p>A creatina \u00e9 um componente essencial para o desenvolvimento do nosso corpo!<\/p>\n<p>Com o avan\u00e7o da idade, a massa muscular diminui, levando a condi\u00e7\u00f5es como sarcopenia, resist\u00eancia \u00e0 insulina, diminui\u00e7\u00e3o da energia e da libido, ossos enfraquecidos, mobilidade restrita, diminui\u00e7\u00e3o da concentra\u00e7\u00e3o, sono insatisfat\u00f3rio, desidrata\u00e7\u00e3o e muito mais.<\/p>\n<p>A Creatina + HMB da LiveGood serve como combust\u00edvel adicional para os m\u00fasculos, combatendo eficazmente a perda muscular e o decl\u00ednio cognitivo relacionados \u00e0 idade.\u00a0Ajuda a aumentar a massa muscular, recupera\u00e7\u00e3o, resist\u00eancia, resist\u00eancia, qualidade do sono, hidrata\u00e7\u00e3o e at\u00e9 mesmo fun\u00e7\u00e3o cerebral.<\/p>\n<p>Al\u00e9m disso, incorporamos Beta-Hidroxi-Beta-Metilbutirato (HMB), que comprovadamente desacelera a perda muscular e acelera a recupera\u00e7\u00e3o muscular.\u00a0Quando combinado com Creatina, o HMB amplifica os efeitos no desempenho e na recupera\u00e7\u00e3o.\u00a0A pesquisa sugere que seu uso conjunto pode resultar em um aumento de 10-15% na for\u00e7a em menos de 4 semanas.<\/p>\n<p>Creatina + HMB da LiveGood fornece uma por\u00e7\u00e3o completa de 5 gramas de creatina monohidratada e 3 gramas de HMB, sem aditivos adicionais.\u00a0Priorizamos tanto o que entra em nossos produtos quanto o que \u00e9 exclu\u00eddo \u2013 sem enchimentos, sabores ou aditivos desnecess\u00e1rios.<\/p>\n<p>Livre de cafe\u00edna<\/p>\n<p>Crueldade livre<\/p>\n<p>N\u00e3o cont\u00e9m gluten<\/p>\n<p>Certificado GMP<\/p>\n<p>Amig\u00e1vel ao ceto<\/p>\n<p>N\u00e3o OGM<\/p>\n<p>Sem nozes<\/p>\n<p>Sem soja<\/p>\n<p>Testado por terceiros<\/p>\n<p>A\u00e7\u00facar gr\u00e1tis<\/p>\n<p><strong>COMO USAR:<\/strong><\/p>\n<p>Misture uma medida em \u00e1gua ou na sua bebida preferida uma vez ao dia.<\/p>\n<p>Dica profissional:<\/p>\n<p>Considere uma dose de ataque de 1 colher quatro vezes ao dia durante 5 dias para obter resultados em 1-2 semanas.\u00a0Sem uma dose de ataque, espere ver resultados em 4-6 semanas.<\/p>\n<p>Se combinar com um programa regular de exerc\u00edcios, tome ap\u00f3s o exerc\u00edcio e combine com carboidratos.<\/p>\n","protected":false},"excerpt":{"rendered":"<p><img decoding=\"async\" class=\"emoji\" role=\"img\" draggable=\"false\" src=\"https:\/\/s.w.org\/images\/core\/emoji\/14.0.0\/svg\/1f49a.svg\" alt=\"LiveGooD Love\" \/> Melhorar a for\u00e7a muscular<br \/>\n<img decoding=\"async\" class=\"emoji\" role=\"img\" draggable=\"false\" src=\"https:\/\/s.w.org\/images\/core\/emoji\/14.0.0\/svg\/1f49a.svg\" alt=\"LiveGooD Love\" \/> Reduza o tempo de recupera\u00e7\u00e3o<br \/>\n<img decoding=\"async\" class=\"emoji\" role=\"img\" draggable=\"false\" src=\"https:\/\/s.w.org\/images\/core\/emoji\/14.0.0\/svg\/1f49a.svg\" alt=\"LiveGooD Love\" \/>\u00a0Promova a resist\u00eancia m\u00e1xima<br \/>\n<img decoding=\"async\" class=\"emoji\" role=\"img\" draggable=\"false\" src=\"https:\/\/s.w.org\/images\/core\/emoji\/14.0.0\/svg\/1f49a.svg\" alt=\"LiveGooD Love\" \/> Apoiar o gerenciamento de peso<br \/>\n<img decoding=\"async\" class=\"emoji\" role=\"img\" draggable=\"false\" src=\"https:\/\/s.w.org\/images\/core\/emoji\/14.0.0\/svg\/1f49a.svg\" alt=\"LiveGooD Love\" \/> Fun\u00e7\u00e3o Cognitiva de Apoio<\/p>\n","protected":false},"featured_media":266,"comment_status":"open","ping_status":"closed","template":"","meta":[],"product_brand":[],"product_cat":[221],"product_tag":[],"class_list":{"0":"post-971","1":"product","2":"type-product","3":"status-publish","4":"has-post-thumbnail","6":"product_cat-supplements-pt-br","8":"first","9":"instock","10":"sale","11":"shipping-taxable","12":"product-type-external"},"yoast_head":"<!-- This site is optimized with the Yoast SEO Premium plugin v20.6 (Yoast SEO v21.8.1) - https:\/\/yoast.com\/wordpress\/plugins\/seo\/ -->\n<title>Creatina + HMB - LiveGooD Shop<\/title>\n<meta name=\"robots\" content=\"index, follow, max-snippet:-1, max-image-preview:large, max-video-preview:-1\" \/>\n<link rel=\"canonical\" href=\"https:\/\/livegood.network\/shop\/pt-br\/product\/creatine-hmb-pt-br\/\" \/>\n<meta property=\"og:locale\" content=\"en_US\" \/>\n<meta property=\"og:type\" content=\"article\" \/>\n<meta property=\"og:title\" content=\"Creatina + HMB\" \/>\n<meta property=\"og:description\" content=\"Melhorar a for\u00e7a muscular  Reduza o tempo de recupera\u00e7\u00e3o \u00a0Promova a resist\u00eancia m\u00e1xima  Apoiar o gerenciamento de peso  Fun\u00e7\u00e3o Cognitiva de Apoio\" \/>\n<meta property=\"og:url\" content=\"https:\/\/livegood.network\/shop\/pt-br\/product\/creatine-hmb-pt-br\/\" \/>\n<meta property=\"article:publisher\" content=\"https:\/\/www.facebook.com\/livegoodhello\" \/>\n<meta property=\"article:modified_time\" content=\"2024-02-02T18:00:54+00:00\" \/>\n<meta property=\"og:image\" content=\"https:\/\/livegood.network\/shop\/wp-content\/uploads\/2024\/01\/creatine-hmb-livegood.png\" \/>\n\t<meta property=\"og:image:width\" content=\"720\" \/>\n\t<meta property=\"og:image:height\" content=\"720\" \/>\n\t<meta property=\"og:image:type\" content=\"image\/png\" \/>\n<meta name=\"twitter:card\" content=\"summary_large_image\" \/>\n<meta name=\"twitter:label1\" content=\"Est. reading time\" \/>\n\t<meta name=\"twitter:data1\" content=\"2 minutes\" \/>\n<script type=\"application\/ld+json\" class=\"yoast-schema-graph\">{\"@context\":\"https:\/\/schema.org\",\"@graph\":[{\"@type\":\"WebPage\",\"@id\":\"https:\/\/livegood.network\/shop\/pt-br\/product\/creatine-hmb-pt-br\/\",\"url\":\"https:\/\/livegood.network\/shop\/pt-br\/product\/creatine-hmb-pt-br\/\",\"name\":\"Creatina + HMB - LiveGooD Shop\",\"isPartOf\":{\"@id\":\"https:\/\/livegood.network\/shop\/#website\"},\"datePublished\":\"2024-01-25T13:45:17+00:00\",\"dateModified\":\"2024-02-02T18:00:54+00:00\",\"breadcrumb\":{\"@id\":\"https:\/\/livegood.network\/shop\/pt-br\/product\/creatine-hmb-pt-br\/#breadcrumb\"},\"inLanguage\":\"en-US\",\"potentialAction\":[{\"@type\":\"ReadAction\",\"target\":[\"https:\/\/livegood.network\/shop\/pt-br\/product\/creatine-hmb-pt-br\/\"]}]},{\"@type\":\"BreadcrumbList\",\"@id\":\"https:\/\/livegood.network\/shop\/pt-br\/product\/creatine-hmb-pt-br\/#breadcrumb\",\"itemListElement\":[{\"@type\":\"ListItem\",\"position\":1,\"name\":\"Home\",\"item\":\"https:\/\/livegood.network\/shop\/pt-br\/\"},{\"@type\":\"ListItem\",\"position\":2,\"name\":\"Shop\",\"item\":\"https:\/\/livegood.network\/shop\/shop\/\"},{\"@type\":\"ListItem\",\"position\":3,\"name\":\"Creatina + HMB\"}]},{\"@type\":\"WebSite\",\"@id\":\"https:\/\/livegood.network\/shop\/#website\",\"url\":\"https:\/\/livegood.network\/shop\/\",\"name\":\"LiveGooD Shop\",\"description\":\"\",\"publisher\":{\"@id\":\"https:\/\/livegood.network\/shop\/#organization\"},\"potentialAction\":[{\"@type\":\"SearchAction\",\"target\":{\"@type\":\"EntryPoint\",\"urlTemplate\":\"https:\/\/livegood.network\/shop\/?s={search_term_string}\"},\"query-input\":\"required name=search_term_string\"}],\"inLanguage\":\"en-US\"},{\"@type\":\"Organization\",\"@id\":\"https:\/\/livegood.network\/shop\/#organization\",\"name\":\"LiveGooD\",\"url\":\"https:\/\/livegood.network\/shop\/\",\"logo\":{\"@type\":\"ImageObject\",\"inLanguage\":\"en-US\",\"@id\":\"https:\/\/livegood.network\/shop\/#\/schema\/logo\/image\/\",\"url\":\"https:\/\/livegood.network\/shop\/wp-content\/uploads\/2024\/01\/logo-livegood-shop-main.png\",\"contentUrl\":\"https:\/\/livegood.network\/shop\/wp-content\/uploads\/2024\/01\/logo-livegood-shop-main.png\",\"width\":373,\"height\":115,\"caption\":\"LiveGooD\"},\"image\":{\"@id\":\"https:\/\/livegood.network\/shop\/#\/schema\/logo\/image\/\"},\"sameAs\":[\"https:\/\/www.facebook.com\/livegoodhello\"]}]}<\/script>\n<!-- \/ Yoast SEO Premium plugin. -->","yoast_head_json":{"title":"Creatina + HMB - LiveGooD Shop","robots":{"index":"index","follow":"follow","max-snippet":"max-snippet:-1","max-image-preview":"max-image-preview:large","max-video-preview":"max-video-preview:-1"},"canonical":"https:\/\/livegood.network\/shop\/pt-br\/product\/creatine-hmb-pt-br\/","og_locale":"en_US","og_type":"article","og_title":"Creatina + HMB","og_description":"Melhorar a for\u00e7a muscular  Reduza o tempo de recupera\u00e7\u00e3o \u00a0Promova a resist\u00eancia m\u00e1xima  Apoiar o gerenciamento de peso  Fun\u00e7\u00e3o Cognitiva de Apoio","og_url":"https:\/\/livegood.network\/shop\/pt-br\/product\/creatine-hmb-pt-br\/","article_publisher":"https:\/\/www.facebook.com\/livegoodhello","article_modified_time":"2024-02-02T18:00:54+00:00","og_image":[{"width":720,"height":720,"url":"https:\/\/livegood.network\/shop\/wp-content\/uploads\/2024\/01\/creatine-hmb-livegood.png","type":"image\/png"}],"twitter_card":"summary_large_image","twitter_misc":{"Est. reading time":"2 minutes"},"schema":{"@context":"https:\/\/schema.org","@graph":[{"@type":"WebPage","@id":"https:\/\/livegood.network\/shop\/pt-br\/product\/creatine-hmb-pt-br\/","url":"https:\/\/livegood.network\/shop\/pt-br\/product\/creatine-hmb-pt-br\/","name":"Creatina + HMB - LiveGooD Shop","isPartOf":{"@id":"https:\/\/livegood.network\/shop\/#website"},"datePublished":"2024-01-25T13:45:17+00:00","dateModified":"2024-02-02T18:00:54+00:00","breadcrumb":{"@id":"https:\/\/livegood.network\/shop\/pt-br\/product\/creatine-hmb-pt-br\/#breadcrumb"},"inLanguage":"en-US","potentialAction":[{"@type":"ReadAction","target":["https:\/\/livegood.network\/shop\/pt-br\/product\/creatine-hmb-pt-br\/"]}]},{"@type":"BreadcrumbList","@id":"https:\/\/livegood.network\/shop\/pt-br\/product\/creatine-hmb-pt-br\/#breadcrumb","itemListElement":[{"@type":"ListItem","position":1,"name":"Home","item":"https:\/\/livegood.network\/shop\/pt-br\/"},{"@type":"ListItem","position":2,"name":"Shop","item":"https:\/\/livegood.network\/shop\/shop\/"},{"@type":"ListItem","position":3,"name":"Creatina + HMB"}]},{"@type":"WebSite","@id":"https:\/\/livegood.network\/shop\/#website","url":"https:\/\/livegood.network\/shop\/","name":"LiveGooD Shop","description":"","publisher":{"@id":"https:\/\/livegood.network\/shop\/#organization"},"potentialAction":[{"@type":"SearchAction","target":{"@type":"EntryPoint","urlTemplate":"https:\/\/livegood.network\/shop\/?s={search_term_string}"},"query-input":"required name=search_term_string"}],"inLanguage":"en-US"},{"@type":"Organization","@id":"https:\/\/livegood.network\/shop\/#organization","name":"LiveGooD","url":"https:\/\/livegood.network\/shop\/","logo":{"@type":"ImageObject","inLanguage":"en-US","@id":"https:\/\/livegood.network\/shop\/#\/schema\/logo\/image\/","url":"https:\/\/livegood.network\/shop\/wp-content\/uploads\/2024\/01\/logo-livegood-shop-main.png","contentUrl":"https:\/\/livegood.network\/shop\/wp-content\/uploads\/2024\/01\/logo-livegood-shop-main.png","width":373,"height":115,"caption":"LiveGooD"},"image":{"@id":"https:\/\/livegood.network\/shop\/#\/schema\/logo\/image\/"},"sameAs":["https:\/\/www.facebook.com\/livegoodhello"]}]}},"lang":"pt-br","translations":{"pt-br":971,"pt-pt":961,"en-us":264,"fr-fr":959,"es-es":960,"vi":962,"ru-ru":963,"ko":964},"pll_sync_post":[],"_links":{"self":[{"href":"https:\/\/livegood.network\/shop\/wp-json\/wp\/v2\/product\/971","targetHints":{"allow":["GET"]}}],"collection":[{"href":"https:\/\/livegood.network\/shop\/wp-json\/wp\/v2\/product"}],"about":[{"href":"https:\/\/livegood.network\/shop\/wp-json\/wp\/v2\/types\/product"}],"replies":[{"embeddable":true,"href":"https:\/\/livegood.network\/shop\/wp-json\/wp\/v2\/comments?post=971"}],"version-history":[{"count":1,"href":"https:\/\/livegood.network\/shop\/wp-json\/wp\/v2\/product\/971\/revisions"}],"predecessor-version":[{"id":1613,"href":"https:\/\/livegood.network\/shop\/wp-json\/wp\/v2\/product\/971\/revisions\/1613"}],"wp:featuredmedia":[{"embeddable":true,"href":"https:\/\/livegood.network\/shop\/wp-json\/wp\/v2\/media\/266"}],"wp:attachment":[{"href":"https:\/\/livegood.network\/shop\/wp-json\/wp\/v2\/media?parent=971"}],"wp:term":[{"taxonomy":"product_brand","embeddable":true,"href":"https:\/\/livegood.network\/shop\/wp-json\/wp\/v2\/product_brand?post=971"},{"taxonomy":"product_cat","embeddable":true,"href":"https:\/\/livegood.network\/shop\/wp-json\/wp\/v2\/product_cat?post=971"},{"taxonomy":"product_tag","embeddable":true,"href":"https:\/\/livegood.network\/shop\/wp-json\/wp\/v2\/product_tag?post=971"}],"curies":[{"name":"wp","href":"https:\/\/api.w.org\/{rel}","templated":true}]}}