{"id":973,"date":"2024-01-25T13:53:01","date_gmt":"2024-01-25T13:53:01","guid":{"rendered":"https:\/\/livegood.network\/shop\/?post_type=product&#038;p=973"},"modified":"2024-02-02T18:08:41","modified_gmt":"2024-02-02T18:08:41","slug":"d3-k2-2000-vitamin-fr-fr","status":"publish","type":"product","link":"https:\/\/livegood.network\/shop\/fr-fr\/product\/d3-k2-2000-vitamin-fr-fr\/","title":{"rendered":"D3-K2 2000 Vitamine"},"content":{"rendered":"<p><strong><span>Vitamine D3 et K2<\/span><\/strong><\/p>\n<p><span>Saviez-vous que la vitamine D joue un r\u00f4le crucial dans le soutien d\u2019un syst\u00e8me immunitaire sain ?<\/span><\/p>\n<p><span>Saviez-vous que plus de personnes souffrent d\u2019une carence en vitamine D que toute autre vitamine dans le monde\u00a0?<\/span><\/p>\n<p><span>Bien que notre corps produise de la vitamine D en r\u00e9ponse \u00e0 la lumi\u00e8re du soleil, la plupart des gens ne sont pas suffisamment expos\u00e9s quotidiennement au soleil pour maintenir des niveaux optimaux de vitamine D.\u00a0Compte tenu de la raret\u00e9 de la vitamine D dans les aliments, il est assez courant que beaucoup d\u2019entre nous souffrent d\u2019une carence.<\/span><\/p>\n<p><span>Une carence quotidienne en vitamine D affaiblit notre syst\u00e8me immunitaire, compromet la densit\u00e9 osseuse et rend notre corps plus vuln\u00e9rable aux maladies.<\/span><\/p>\n<p><span>Les vitamines D3 et K2 de LiveGood, avec 2 000 unit\u00e9s de D3, fournissent \u00e0 votre corps la vitamine D de la plus haute qualit\u00e9 disponible, garantissant des niveaux optimaux pour un maximum de bienfaits \u00e0 chaque dose.<\/span><\/p>\n<p><span>Con\u00e7ue scientifiquement avec de la vitamine K2, cette formulation soutient non seulement la fonction de la vitamine D, mais facilite \u00e9galement l&#8217;atteinte du calcium jusqu&#8217;aux os pour maintenir une densit\u00e9 osseuse saine et favoriser la sant\u00e9 globale du c\u0153ur et du sang.<\/span><\/p>\n<p><span>Quel que soit l\u2019\u00e2ge ou le sexe, cette puissante combinaison de vitamines D3 et K2 de premier ordre est quelque chose que TOUT LE MONDE devrait int\u00e9grer dans sa routine quotidienne pour une sant\u00e9 optimale.<\/span><\/p>\n<p><strong><span>COMMENT UTILISER\u00a0:<\/span><\/strong><br \/>\n<span>Consommer 1 \u00e0 2 capsules par jour par voie orale avec de la nourriture.<\/span><\/p>\n<p><span>CONSOMMATION OPTIMALE AVEC LA NOURRITURE LE MATIN.\u00a0Les vitamines D et K sont toutes deux liposolubles et leur consommation avec de la nourriture am\u00e9liore leur absorption.\u00a0Il est recommand\u00e9 de prendre de la vitamine D le matin, car les donn\u00e9es sugg\u00e8rent un impact positif sur le cycle veille-sommeil et sur la production de m\u00e9latonine.\u00a0Cela correspond \u00e0 nos habitudes ancestrales de chasse et de cueillette aux premi\u00e8res heures de l\u2019aube.<\/span><\/p>\n<p><span>RECOMMAND\u00c9 POUR UNE UTILISATION QUOTIDIENNE pour maintenir des taux sanguins constants.<\/span><\/p>\n<p><span>Conseil de pro\u00a0: consultez votre professionnel de la sant\u00e9 avant votre prochaine prise de sang pour inclure une \u00e9valuation du taux de vitamine D.\u00a0Le test est g\u00e9n\u00e9ralement abordable et peut \u00eatre couvert par certains r\u00e9gimes d\u2019assurance.<\/span><\/p>\n","protected":false},"excerpt":{"rendered":"<p><img decoding=\"async\" class=\"emoji\" role=\"img\" draggable=\"false\" src=\"https:\/\/s.w.org\/images\/core\/emoji\/14.0.0\/svg\/1f49a.svg\" alt=\"LiveGooD Love\" \/> Soutenir une forte densit\u00e9 osseuse<br \/>\n<img decoding=\"async\" class=\"emoji\" role=\"img\" draggable=\"false\" src=\"https:\/\/s.w.org\/images\/core\/emoji\/14.0.0\/svg\/1f49a.svg\" alt=\"LiveGooD Love\" \/> Maintenir une fonction cardiaque saine<br \/>\n<img decoding=\"async\" class=\"emoji\" role=\"img\" draggable=\"false\" src=\"https:\/\/s.w.org\/images\/core\/emoji\/14.0.0\/svg\/1f49a.svg\" alt=\"LiveGooD Love\" \/> Vitamines D et K de la plus haute qualit\u00e9<\/p>\n<p>Un manque quotidien de vitamine D affaiblit notre syst\u00e8me immunitaire<\/p>\n","protected":false},"featured_media":189,"comment_status":"open","ping_status":"closed","template":"","meta":[],"product_brand":[],"product_cat":[238],"product_tag":[],"class_list":{"0":"post-973","1":"product","2":"type-product","3":"status-publish","4":"has-post-thumbnail","6":"product_cat-vitamin-fr-fr","8":"first","9":"instock","10":"sale","11":"shipping-taxable","12":"product-type-external"},"yoast_head":"<!-- This site is optimized with the Yoast SEO Premium plugin v20.6 (Yoast SEO v21.8.1) - https:\/\/yoast.com\/wordpress\/plugins\/seo\/ -->\n<title>D3-K2 2000 Vitamine - LiveGooD Shop<\/title>\n<meta name=\"robots\" content=\"index, follow, max-snippet:-1, max-image-preview:large, max-video-preview:-1\" \/>\n<link rel=\"canonical\" href=\"https:\/\/livegood.network\/shop\/fr-fr\/product\/d3-k2-2000-vitamin-fr-fr\/\" \/>\n<meta property=\"og:locale\" content=\"en_US\" \/>\n<meta property=\"og:type\" content=\"article\" \/>\n<meta property=\"og:title\" content=\"D3-K2 2000 Vitamine\" \/>\n<meta property=\"og:description\" content=\"Soutenir une forte densit\u00e9 osseuse  Maintenir une fonction cardiaque saine  Vitamines D et K de la plus haute qualit\u00e9  Un manque quotidien de vitamine D affaiblit notre syst\u00e8me immunitaire\" \/>\n<meta property=\"og:url\" content=\"https:\/\/livegood.network\/shop\/fr-fr\/product\/d3-k2-2000-vitamin-fr-fr\/\" \/>\n<meta property=\"article:publisher\" content=\"https:\/\/www.facebook.com\/livegoodhello\" \/>\n<meta property=\"article:modified_time\" content=\"2024-02-02T18:08:41+00:00\" \/>\n<meta property=\"og:image\" content=\"https:\/\/livegood.network\/shop\/wp-content\/uploads\/2024\/01\/d3-k2-vitamin-d-and-k-livegood.png\" \/>\n\t<meta property=\"og:image:width\" content=\"720\" \/>\n\t<meta property=\"og:image:height\" content=\"720\" \/>\n\t<meta property=\"og:image:type\" content=\"image\/png\" \/>\n<meta name=\"twitter:card\" content=\"summary_large_image\" \/>\n<meta name=\"twitter:label1\" content=\"Est. reading time\" \/>\n\t<meta name=\"twitter:data1\" content=\"2 minutes\" \/>\n<script type=\"application\/ld+json\" class=\"yoast-schema-graph\">{\"@context\":\"https:\/\/schema.org\",\"@graph\":[{\"@type\":\"WebPage\",\"@id\":\"https:\/\/livegood.network\/shop\/fr-fr\/product\/d3-k2-2000-vitamin-fr-fr\/\",\"url\":\"https:\/\/livegood.network\/shop\/fr-fr\/product\/d3-k2-2000-vitamin-fr-fr\/\",\"name\":\"D3-K2 2000 Vitamine - LiveGooD Shop\",\"isPartOf\":{\"@id\":\"https:\/\/livegood.network\/shop\/#website\"},\"datePublished\":\"2024-01-25T13:53:01+00:00\",\"dateModified\":\"2024-02-02T18:08:41+00:00\",\"breadcrumb\":{\"@id\":\"https:\/\/livegood.network\/shop\/fr-fr\/product\/d3-k2-2000-vitamin-fr-fr\/#breadcrumb\"},\"inLanguage\":\"en-US\",\"potentialAction\":[{\"@type\":\"ReadAction\",\"target\":[\"https:\/\/livegood.network\/shop\/fr-fr\/product\/d3-k2-2000-vitamin-fr-fr\/\"]}]},{\"@type\":\"BreadcrumbList\",\"@id\":\"https:\/\/livegood.network\/shop\/fr-fr\/product\/d3-k2-2000-vitamin-fr-fr\/#breadcrumb\",\"itemListElement\":[{\"@type\":\"ListItem\",\"position\":1,\"name\":\"Home\",\"item\":\"https:\/\/livegood.network\/shop\/pt-br\/\"},{\"@type\":\"ListItem\",\"position\":2,\"name\":\"Shop\",\"item\":\"https:\/\/livegood.network\/shop\/shop\/\"},{\"@type\":\"ListItem\",\"position\":3,\"name\":\"D3-K2 2000 Vitamine\"}]},{\"@type\":\"WebSite\",\"@id\":\"https:\/\/livegood.network\/shop\/#website\",\"url\":\"https:\/\/livegood.network\/shop\/\",\"name\":\"LiveGooD Shop\",\"description\":\"\",\"publisher\":{\"@id\":\"https:\/\/livegood.network\/shop\/#organization\"},\"potentialAction\":[{\"@type\":\"SearchAction\",\"target\":{\"@type\":\"EntryPoint\",\"urlTemplate\":\"https:\/\/livegood.network\/shop\/?s={search_term_string}\"},\"query-input\":\"required name=search_term_string\"}],\"inLanguage\":\"en-US\"},{\"@type\":\"Organization\",\"@id\":\"https:\/\/livegood.network\/shop\/#organization\",\"name\":\"LiveGooD\",\"url\":\"https:\/\/livegood.network\/shop\/\",\"logo\":{\"@type\":\"ImageObject\",\"inLanguage\":\"en-US\",\"@id\":\"https:\/\/livegood.network\/shop\/#\/schema\/logo\/image\/\",\"url\":\"https:\/\/livegood.network\/shop\/wp-content\/uploads\/2024\/01\/logo-livegood-shop-main.png\",\"contentUrl\":\"https:\/\/livegood.network\/shop\/wp-content\/uploads\/2024\/01\/logo-livegood-shop-main.png\",\"width\":373,\"height\":115,\"caption\":\"LiveGooD\"},\"image\":{\"@id\":\"https:\/\/livegood.network\/shop\/#\/schema\/logo\/image\/\"},\"sameAs\":[\"https:\/\/www.facebook.com\/livegoodhello\"]}]}<\/script>\n<!-- \/ Yoast SEO Premium plugin. -->","yoast_head_json":{"title":"D3-K2 2000 Vitamine - LiveGooD Shop","robots":{"index":"index","follow":"follow","max-snippet":"max-snippet:-1","max-image-preview":"max-image-preview:large","max-video-preview":"max-video-preview:-1"},"canonical":"https:\/\/livegood.network\/shop\/fr-fr\/product\/d3-k2-2000-vitamin-fr-fr\/","og_locale":"en_US","og_type":"article","og_title":"D3-K2 2000 Vitamine","og_description":"Soutenir une forte densit\u00e9 osseuse  Maintenir une fonction cardiaque saine  Vitamines D et K de la plus haute qualit\u00e9  Un manque quotidien de vitamine D affaiblit notre syst\u00e8me immunitaire","og_url":"https:\/\/livegood.network\/shop\/fr-fr\/product\/d3-k2-2000-vitamin-fr-fr\/","article_publisher":"https:\/\/www.facebook.com\/livegoodhello","article_modified_time":"2024-02-02T18:08:41+00:00","og_image":[{"width":720,"height":720,"url":"https:\/\/livegood.network\/shop\/wp-content\/uploads\/2024\/01\/d3-k2-vitamin-d-and-k-livegood.png","type":"image\/png"}],"twitter_card":"summary_large_image","twitter_misc":{"Est. reading time":"2 minutes"},"schema":{"@context":"https:\/\/schema.org","@graph":[{"@type":"WebPage","@id":"https:\/\/livegood.network\/shop\/fr-fr\/product\/d3-k2-2000-vitamin-fr-fr\/","url":"https:\/\/livegood.network\/shop\/fr-fr\/product\/d3-k2-2000-vitamin-fr-fr\/","name":"D3-K2 2000 Vitamine - LiveGooD Shop","isPartOf":{"@id":"https:\/\/livegood.network\/shop\/#website"},"datePublished":"2024-01-25T13:53:01+00:00","dateModified":"2024-02-02T18:08:41+00:00","breadcrumb":{"@id":"https:\/\/livegood.network\/shop\/fr-fr\/product\/d3-k2-2000-vitamin-fr-fr\/#breadcrumb"},"inLanguage":"en-US","potentialAction":[{"@type":"ReadAction","target":["https:\/\/livegood.network\/shop\/fr-fr\/product\/d3-k2-2000-vitamin-fr-fr\/"]}]},{"@type":"BreadcrumbList","@id":"https:\/\/livegood.network\/shop\/fr-fr\/product\/d3-k2-2000-vitamin-fr-fr\/#breadcrumb","itemListElement":[{"@type":"ListItem","position":1,"name":"Home","item":"https:\/\/livegood.network\/shop\/pt-br\/"},{"@type":"ListItem","position":2,"name":"Shop","item":"https:\/\/livegood.network\/shop\/shop\/"},{"@type":"ListItem","position":3,"name":"D3-K2 2000 Vitamine"}]},{"@type":"WebSite","@id":"https:\/\/livegood.network\/shop\/#website","url":"https:\/\/livegood.network\/shop\/","name":"LiveGooD Shop","description":"","publisher":{"@id":"https:\/\/livegood.network\/shop\/#organization"},"potentialAction":[{"@type":"SearchAction","target":{"@type":"EntryPoint","urlTemplate":"https:\/\/livegood.network\/shop\/?s={search_term_string}"},"query-input":"required name=search_term_string"}],"inLanguage":"en-US"},{"@type":"Organization","@id":"https:\/\/livegood.network\/shop\/#organization","name":"LiveGooD","url":"https:\/\/livegood.network\/shop\/","logo":{"@type":"ImageObject","inLanguage":"en-US","@id":"https:\/\/livegood.network\/shop\/#\/schema\/logo\/image\/","url":"https:\/\/livegood.network\/shop\/wp-content\/uploads\/2024\/01\/logo-livegood-shop-main.png","contentUrl":"https:\/\/livegood.network\/shop\/wp-content\/uploads\/2024\/01\/logo-livegood-shop-main.png","width":373,"height":115,"caption":"LiveGooD"},"image":{"@id":"https:\/\/livegood.network\/shop\/#\/schema\/logo\/image\/"},"sameAs":["https:\/\/www.facebook.com\/livegoodhello"]}]}},"lang":"fr-fr","translations":{"fr-fr":973,"pt-br":985,"pt-pt":975,"en-us":188,"es-es":974,"vi":976,"ru-ru":977,"ko":978},"pll_sync_post":[],"_links":{"self":[{"href":"https:\/\/livegood.network\/shop\/wp-json\/wp\/v2\/product\/973","targetHints":{"allow":["GET"]}}],"collection":[{"href":"https:\/\/livegood.network\/shop\/wp-json\/wp\/v2\/product"}],"about":[{"href":"https:\/\/livegood.network\/shop\/wp-json\/wp\/v2\/types\/product"}],"replies":[{"embeddable":true,"href":"https:\/\/livegood.network\/shop\/wp-json\/wp\/v2\/comments?post=973"}],"version-history":[{"count":1,"href":"https:\/\/livegood.network\/shop\/wp-json\/wp\/v2\/product\/973\/revisions"}],"predecessor-version":[{"id":1627,"href":"https:\/\/livegood.network\/shop\/wp-json\/wp\/v2\/product\/973\/revisions\/1627"}],"wp:featuredmedia":[{"embeddable":true,"href":"https:\/\/livegood.network\/shop\/wp-json\/wp\/v2\/media\/189"}],"wp:attachment":[{"href":"https:\/\/livegood.network\/shop\/wp-json\/wp\/v2\/media?parent=973"}],"wp:term":[{"taxonomy":"product_brand","embeddable":true,"href":"https:\/\/livegood.network\/shop\/wp-json\/wp\/v2\/product_brand?post=973"},{"taxonomy":"product_cat","embeddable":true,"href":"https:\/\/livegood.network\/shop\/wp-json\/wp\/v2\/product_cat?post=973"},{"taxonomy":"product_tag","embeddable":true,"href":"https:\/\/livegood.network\/shop\/wp-json\/wp\/v2\/product_tag?post=973"}],"curies":[{"name":"wp","href":"https:\/\/api.w.org\/{rel}","templated":true}]}}